{"id":15395,"date":"2024-12-17T11:32:15","date_gmt":"2024-12-17T09:32:15","guid":{"rendered":"https:\/\/skaitytaknyga.lt\/?post_type=product&#038;p=15395"},"modified":"2026-03-18T14:59:51","modified_gmt":"2026-03-18T12:59:51","slug":"kryziaus-karai-pabaltijyje-ir-lietuva-xiii-amziuje","status":"publish","type":"product","link":"https:\/\/skaitytaknyga.lt\/en\/produktas\/kryziaus-karai-pabaltijyje-ir-lietuva-xiii-amziuje\/","title":{"rendered":"Kry\u017eiaus karai Pabaltijyje ir Lietuva XIII am\u017eiuje"},"content":{"rendered":"<p>Knygoje nagrin\u0117jamos istorin\u0117s Kry\u017eiaus kar\u0173 Pabaltijyje prie\u017eastys. Pabr\u0117\u017eiama, kad Lietuvos valstyb\u0117s susidarymas pad\u0117jo atremti Vokietijos ir kit\u0173 \u0161ali\u0173 feodal\u0173 puolimus Pabaltijyje. Parodoma, kaip Lietuvos valstyb\u0117 XIII a. pabaigoje tapo balt\u0173 gen\u010di\u0173 vienytoja kovoje prie\u0161 vokie\u010di\u0173 feodalus.<\/p>\n<p>Skiriama istorikams, istorijos mokytojams ir visiems, kas domisi Lietuvos praeitimi.<\/p>\n<ul class=\"about-product d-none d-xl-block mt-4\">\n<li><strong>Autorius:<\/strong>\u00a0Edvardas Gudavi\u010dius<\/li>\n<li><strong>Leid\u0117jas:<\/strong>\u00a0Mokslas<\/li>\n<li><strong>Metai:<\/strong>\u00a01989<\/li>\n<li><strong>Puslapiai:<\/strong>\u00a0190<\/li>\n<li class=\"toggleable type-new-formats \"><strong>ISBN:<\/strong>\u00a05420002418<\/li>\n<li class=\"toggleable type-new-formats \"><strong>Formatas:<\/strong>\u00a014,5 x 22 x 2 cm, kieti vir\u0161eliai<\/li>\n<li><strong>Kalba:<\/strong>\u00a0Lietuvi\u0173<\/li>\n<\/ul>\n","protected":false},"excerpt":{"rendered":"<p>Knygoje nagrin\u0117jamos istorin\u0117s Kry\u017eiaus kar\u0173 Pabaltijyje prie\u017eastys. Pabr\u0117\u017eiama, kad Lietuvos valstyb\u0117s susidarymas pad\u0117jo atremti Vokietijos ir kit\u0173 \u0161ali\u0173 feodal\u0173 puolimus Pabaltijyje. Parodoma, kaip Lietuvos valstyb\u0117 XIII a. pabaigoje tapo balt\u0173 gen\u010di\u0173 vienytoja kovoje prie\u0161 vokie\u010di\u0173 feodalus. Skiriama istorikams, istorijos mokytojams ir visiems, kas domisi Lietuvos praeitimi. Autorius:\u00a0Edvardas Gudavi\u010dius Leid\u0117jas:\u00a0Mokslas Metai:\u00a01989 Puslapiai:\u00a0190 ISBN:\u00a05420002418 Formatas:\u00a014,5 x 22 x 2 cm, kieti vir\u0161eliai Kalba:\u00a0Lietuvi\u0173<\/p>\n","protected":false},"featured_media":15413,"comment_status":"open","ping_status":"closed","template":"","meta":{"_acf_changed":false,"site-sidebar-layout":"default","site-content-layout":"","ast-site-content-layout":"default","site-content-style":"default","site-sidebar-style":"default","ast-global-header-display":"","ast-banner-title-visibility":"","ast-main-header-display":"","ast-hfb-above-header-display":"","ast-hfb-below-header-display":"","ast-hfb-mobile-header-display":"","site-post-title":"","ast-breadcrumbs-content":"","ast-featured-img":"","footer-sml-layout":"","ast-disable-related-posts":"","theme-transparent-header-meta":"default","adv-header-id-meta":"","stick-header-meta":"","header-above-stick-meta":"","header-main-stick-meta":"","header-below-stick-meta":"","astra-migrate-meta-layouts":"set","ast-page-background-enabled":"default","ast-page-background-meta":{"desktop":{"background-color":"","background-image":"","background-repeat":"repeat","background-position":"center center","background-size":"auto","background-attachment":"scroll","background-type":"","background-media":"","overlay-type":"","overlay-color":"","overlay-opacity":"","overlay-gradient":""},"tablet":{"background-color":"","background-image":"","background-repeat":"repeat","background-position":"center center","background-size":"auto","background-attachment":"scroll","background-type":"","background-media":"","overlay-type":"","overlay-color":"","overlay-opacity":"","overlay-gradient":""},"mobile":{"background-color":"","background-image":"","background-repeat":"repeat","background-position":"center center","background-size":"auto","background-attachment":"scroll","background-type":"","background-media":"","overlay-type":"","overlay-color":"","overlay-opacity":"","overlay-gradient":""}},"ast-content-background-meta":{"desktop":{"background-color":"var(--ast-global-color-4)","background-image":"","background-repeat":"repeat","background-position":"center center","background-size":"auto","background-attachment":"scroll","background-type":"","background-media":"","overlay-type":"","overlay-color":"","overlay-opacity":"","overlay-gradient":""},"tablet":{"background-color":"var(--ast-global-color-4)","background-image":"","background-repeat":"repeat","background-position":"center center","background-size":"auto","background-attachment":"scroll","background-type":"","background-media":"","overlay-type":"","overlay-color":"","overlay-opacity":"","overlay-gradient":""},"mobile":{"background-color":"var(--ast-global-color-4)","background-image":"","background-repeat":"repeat","background-position":"center center","background-size":"auto","background-attachment":"scroll","background-type":"","background-media":"","overlay-type":"","overlay-color":"","overlay-opacity":"","overlay-gradient":""}}},"product_brand":[],"product_cat":[9862,174,15],"product_tag":[],"class_list":{"0":"post-15395","1":"product","2":"type-product","3":"status-publish","4":"has-post-thumbnail","6":"product_cat-lietuvos-istorija","7":"product_cat-istorija-ir-politologija","8":"product_cat-uncategorized","9":"desktop-align-left","10":"tablet-align-left","11":"mobile-align-left","13":"first","14":"instock","15":"shipping-taxable","16":"purchasable","17":"product-type-simple"},"acf":[],"yoast_head":"<!-- This site is optimized with the Yoast SEO plugin v27.0 - https:\/\/yoast.com\/product\/yoast-seo-wordpress\/ -->\n<title>Kry\u017eiaus karai Pabaltijyje ir Lietuva XIII am\u017eiuje<\/title>\n<meta name=\"description\" content=\"Knygoje nagrin\u0117jamos istorin\u0117s Kry\u017eiaus kar\u0173 Pabaltijyje prie\u017eastys. Pabr\u0117\u017eiama, kad Lietuvos valstyb\u0117s susidarymas pad\u0117jo atremti Vokietijos ir kit\u0173\" \/>\n<meta name=\"robots\" content=\"index, follow, max-snippet:-1, max-image-preview:large, max-video-preview:-1\" \/>\n<link rel=\"canonical\" href=\"https:\/\/skaitytaknyga.lt\/en\/produktas\/kryziaus-karai-pabaltijyje-ir-lietuva-xiii-amziuje\/\" \/>\n<meta property=\"og:locale\" content=\"en_GB\" \/>\n<meta property=\"og:locale:alternate\" content=\"lt_LT\" \/>\n<meta property=\"og:type\" content=\"article\" \/>\n<meta property=\"og:title\" content=\"Kry\u017eiaus karai Pabaltijyje ir Lietuva XIII am\u017eiuje\" \/>\n<meta property=\"og:description\" content=\"Knygoje nagrin\u0117jamos istorin\u0117s Kry\u017eiaus kar\u0173 Pabaltijyje prie\u017eastys. Pabr\u0117\u017eiama, kad Lietuvos valstyb\u0117s susidarymas pad\u0117jo atremti Vokietijos ir kit\u0173\" \/>\n<meta property=\"og:url\" content=\"https:\/\/skaitytaknyga.lt\/en\/produktas\/kryziaus-karai-pabaltijyje-ir-lietuva-xiii-amziuje\/\" \/>\n<meta property=\"og:site_name\" content=\"Skaitytaknyga\" \/>\n<meta property=\"article:publisher\" content=\"https:\/\/www.facebook.com\/skaitytaknyga\/\" \/>\n<meta property=\"article:modified_time\" content=\"2026-03-18T12:59:51+00:00\" \/>\n<meta property=\"og:image\" content=\"https:\/\/skaitytaknyga.lt\/wp-content\/uploads\/2024\/12\/Kryziaus-karai-Pabaltijyje-ir-Lietuva-XIII-amziuje.webp\" \/>\n\t<meta property=\"og:image:width\" content=\"519\" \/>\n\t<meta property=\"og:image:height\" content=\"800\" \/>\n\t<meta property=\"og:image:type\" content=\"image\/webp\" \/>\n<meta name=\"twitter:card\" content=\"summary_large_image\" \/>\n<meta name=\"twitter:label1\" content=\"Estimated reading time\" \/>\n\t<meta name=\"twitter:data1\" content=\"1 minute\" \/>\n<script type=\"application\/ld+json\" class=\"yoast-schema-graph\">{\"@context\":\"https:\/\/schema.org\",\"@graph\":[{\"@type\":\"WebPage\",\"@id\":\"https:\/\/skaitytaknyga.lt\/produktas\/kryziaus-karai-pabaltijyje-ir-lietuva-xiii-amziuje\/\",\"url\":\"https:\/\/skaitytaknyga.lt\/produktas\/kryziaus-karai-pabaltijyje-ir-lietuva-xiii-amziuje\/\",\"name\":\"Kry\u017eiaus karai Pabaltijyje ir Lietuva XIII am\u017eiuje\",\"isPartOf\":{\"@id\":\"https:\/\/skaitytaknyga.lt\/#website\"},\"primaryImageOfPage\":{\"@id\":\"https:\/\/skaitytaknyga.lt\/produktas\/kryziaus-karai-pabaltijyje-ir-lietuva-xiii-amziuje\/#primaryimage\"},\"image\":{\"@id\":\"https:\/\/skaitytaknyga.lt\/produktas\/kryziaus-karai-pabaltijyje-ir-lietuva-xiii-amziuje\/#primaryimage\"},\"thumbnailUrl\":\"https:\/\/skaitytaknyga.lt\/wp-content\/uploads\/2024\/12\/Kryziaus-karai-Pabaltijyje-ir-Lietuva-XIII-amziuje.webp\",\"datePublished\":\"2024-12-17T09:32:15+00:00\",\"dateModified\":\"2026-03-18T12:59:51+00:00\",\"description\":\"Knygoje nagrin\u0117jamos istorin\u0117s Kry\u017eiaus kar\u0173 Pabaltijyje prie\u017eastys. Pabr\u0117\u017eiama, kad Lietuvos valstyb\u0117s susidarymas pad\u0117jo atremti Vokietijos ir kit\u0173\",\"breadcrumb\":{\"@id\":\"https:\/\/skaitytaknyga.lt\/produktas\/kryziaus-karai-pabaltijyje-ir-lietuva-xiii-amziuje\/#breadcrumb\"},\"inLanguage\":\"en-GB\",\"potentialAction\":[{\"@type\":\"ReadAction\",\"target\":[\"https:\/\/skaitytaknyga.lt\/produktas\/kryziaus-karai-pabaltijyje-ir-lietuva-xiii-amziuje\/\"]}]},{\"@type\":\"ImageObject\",\"inLanguage\":\"en-GB\",\"@id\":\"https:\/\/skaitytaknyga.lt\/produktas\/kryziaus-karai-pabaltijyje-ir-lietuva-xiii-amziuje\/#primaryimage\",\"url\":\"https:\/\/skaitytaknyga.lt\/wp-content\/uploads\/2024\/12\/Kryziaus-karai-Pabaltijyje-ir-Lietuva-XIII-amziuje.webp\",\"contentUrl\":\"https:\/\/skaitytaknyga.lt\/wp-content\/uploads\/2024\/12\/Kryziaus-karai-Pabaltijyje-ir-Lietuva-XIII-amziuje.webp\",\"width\":519,\"height\":800,\"caption\":\"Kry\u017eiaus karai Pabaltijyje ir Lietuva XIII am\u017eiuje\"},{\"@type\":\"BreadcrumbList\",\"@id\":\"https:\/\/skaitytaknyga.lt\/produktas\/kryziaus-karai-pabaltijyje-ir-lietuva-xiii-amziuje\/#breadcrumb\",\"itemListElement\":[{\"@type\":\"ListItem\",\"position\":1,\"name\":\"Home\",\"item\":\"https:\/\/skaitytaknyga.lt\/\"},{\"@type\":\"ListItem\",\"position\":2,\"name\":\"Parduotuv\u0117\",\"item\":\"https:\/\/skaitytaknyga.lt\/knygu-parduotuve\/\"},{\"@type\":\"ListItem\",\"position\":3,\"name\":\"Kry\u017eiaus karai Pabaltijyje ir Lietuva XIII am\u017eiuje\"}]},{\"@type\":\"WebSite\",\"@id\":\"https:\/\/skaitytaknyga.lt\/#website\",\"url\":\"https:\/\/skaitytaknyga.lt\/\",\"name\":\"skaitytaknyga.lt\",\"description\":\"Skaitytaknyga.lt \u2013 tai ma\u017eas \u0161eimos verslas, kuris prasid\u0117jo nuo meil\u0117s knygoms ir siekio i\u0161gelb\u0117ti knygas nuo likimo prie konteinerio. Kas vienam nereikalingas daiktas \u2013 kitam lobis, o mes esame tarpininkai, kurie padeda abiems tapti laimingesniems ???? \u017dinome kaip nelengva i\u0161gyventi ma\u017eiems verslams, tad nuo \u0161iol, \u010dia rasite ir kit\u0173, ma\u017e\u0173 \u0161eim\u0173 versl\u0173, rank\u0173 darbo, dovan\u0173 sau ir artimiesiems.\",\"publisher\":{\"@id\":\"https:\/\/skaitytaknyga.lt\/#organization\"},\"potentialAction\":[{\"@type\":\"SearchAction\",\"target\":{\"@type\":\"EntryPoint\",\"urlTemplate\":\"https:\/\/skaitytaknyga.lt\/?s={search_term_string}\"},\"query-input\":{\"@type\":\"PropertyValueSpecification\",\"valueRequired\":true,\"valueName\":\"search_term_string\"}}],\"inLanguage\":\"en-GB\"},{\"@type\":\"Organization\",\"@id\":\"https:\/\/skaitytaknyga.lt\/#organization\",\"name\":\"skaitytaknyga.lt\",\"url\":\"https:\/\/skaitytaknyga.lt\/\",\"logo\":{\"@type\":\"ImageObject\",\"inLanguage\":\"en-GB\",\"@id\":\"https:\/\/skaitytaknyga.lt\/#\/schema\/logo\/image\/\",\"url\":\"https:\/\/skaitytaknyga.lt\/wp-content\/uploads\/2024\/05\/cropped-cropped-cropped-02_00843_jt3bggkj1j3HLc7SyY6rEUpg.jpeg\",\"contentUrl\":\"https:\/\/skaitytaknyga.lt\/wp-content\/uploads\/2024\/05\/cropped-cropped-cropped-02_00843_jt3bggkj1j3HLc7SyY6rEUpg.jpeg\",\"width\":1600,\"height\":1600,\"caption\":\"skaitytaknyga.lt\"},\"image\":{\"@id\":\"https:\/\/skaitytaknyga.lt\/#\/schema\/logo\/image\/\"},\"sameAs\":[\"https:\/\/www.facebook.com\/skaitytaknyga\/\"]}]}<\/script>\n<!-- \/ Yoast SEO plugin. -->","yoast_head_json":{"title":"Kry\u017eiaus karai Pabaltijyje ir Lietuva XIII am\u017eiuje","description":"Knygoje nagrin\u0117jamos istorin\u0117s Kry\u017eiaus kar\u0173 Pabaltijyje prie\u017eastys. Pabr\u0117\u017eiama, kad Lietuvos valstyb\u0117s susidarymas pad\u0117jo atremti Vokietijos ir kit\u0173","robots":{"index":"index","follow":"follow","max-snippet":"max-snippet:-1","max-image-preview":"max-image-preview:large","max-video-preview":"max-video-preview:-1"},"canonical":"https:\/\/skaitytaknyga.lt\/en\/produktas\/kryziaus-karai-pabaltijyje-ir-lietuva-xiii-amziuje\/","og_locale":"en_GB","og_type":"article","og_title":"[:lt]Kry\u017eiaus karai Pabaltijyje ir Lietuva XIII am\u017eiuje[:] - Skaitytaknyga","og_description":"Knygoje nagrin\u0117jamos istorin\u0117s Kry\u017eiaus kar\u0173 Pabaltijyje prie\u017eastys. Pabr\u0117\u017eiama, kad Lietuvos valstyb\u0117s susidarymas pad\u0117jo atremti Vokietijos ir kit\u0173","og_url":"https:\/\/skaitytaknyga.lt\/en\/produktas\/kryziaus-karai-pabaltijyje-ir-lietuva-xiii-amziuje\/","og_site_name":"Skaitytaknyga","article_publisher":"https:\/\/www.facebook.com\/skaitytaknyga\/","article_modified_time":"2026-03-18T12:59:51+00:00","og_image":[{"width":519,"height":800,"url":"https:\/\/skaitytaknyga.lt\/wp-content\/uploads\/2024\/12\/Kryziaus-karai-Pabaltijyje-ir-Lietuva-XIII-amziuje.webp","type":"image\/webp"}],"twitter_card":"summary_large_image","twitter_misc":{"Estimated reading time":"1 minute"},"schema":{"@context":"https:\/\/schema.org","@graph":[{"@type":"WebPage","@id":"https:\/\/skaitytaknyga.lt\/produktas\/kryziaus-karai-pabaltijyje-ir-lietuva-xiii-amziuje\/","url":"https:\/\/skaitytaknyga.lt\/produktas\/kryziaus-karai-pabaltijyje-ir-lietuva-xiii-amziuje\/","name":"Kry\u017eiaus karai Pabaltijyje ir Lietuva XIII am\u017eiuje","isPartOf":{"@id":"https:\/\/skaitytaknyga.lt\/#website"},"primaryImageOfPage":{"@id":"https:\/\/skaitytaknyga.lt\/produktas\/kryziaus-karai-pabaltijyje-ir-lietuva-xiii-amziuje\/#primaryimage"},"image":{"@id":"https:\/\/skaitytaknyga.lt\/produktas\/kryziaus-karai-pabaltijyje-ir-lietuva-xiii-amziuje\/#primaryimage"},"thumbnailUrl":"https:\/\/skaitytaknyga.lt\/wp-content\/uploads\/2024\/12\/Kryziaus-karai-Pabaltijyje-ir-Lietuva-XIII-amziuje.webp","datePublished":"2024-12-17T09:32:15+00:00","dateModified":"2026-03-18T12:59:51+00:00","description":"Knygoje nagrin\u0117jamos istorin\u0117s Kry\u017eiaus kar\u0173 Pabaltijyje prie\u017eastys. Pabr\u0117\u017eiama, kad Lietuvos valstyb\u0117s susidarymas pad\u0117jo atremti Vokietijos ir kit\u0173","breadcrumb":{"@id":"https:\/\/skaitytaknyga.lt\/produktas\/kryziaus-karai-pabaltijyje-ir-lietuva-xiii-amziuje\/#breadcrumb"},"inLanguage":"en-GB","potentialAction":[{"@type":"ReadAction","target":["https:\/\/skaitytaknyga.lt\/produktas\/kryziaus-karai-pabaltijyje-ir-lietuva-xiii-amziuje\/"]}]},{"@type":"ImageObject","inLanguage":"en-GB","@id":"https:\/\/skaitytaknyga.lt\/produktas\/kryziaus-karai-pabaltijyje-ir-lietuva-xiii-amziuje\/#primaryimage","url":"https:\/\/skaitytaknyga.lt\/wp-content\/uploads\/2024\/12\/Kryziaus-karai-Pabaltijyje-ir-Lietuva-XIII-amziuje.webp","contentUrl":"https:\/\/skaitytaknyga.lt\/wp-content\/uploads\/2024\/12\/Kryziaus-karai-Pabaltijyje-ir-Lietuva-XIII-amziuje.webp","width":519,"height":800,"caption":"Kry\u017eiaus karai Pabaltijyje ir Lietuva XIII am\u017eiuje"},{"@type":"BreadcrumbList","@id":"https:\/\/skaitytaknyga.lt\/produktas\/kryziaus-karai-pabaltijyje-ir-lietuva-xiii-amziuje\/#breadcrumb","itemListElement":[{"@type":"ListItem","position":1,"name":"Home","item":"https:\/\/skaitytaknyga.lt\/"},{"@type":"ListItem","position":2,"name":"Parduotuv\u0117","item":"https:\/\/skaitytaknyga.lt\/knygu-parduotuve\/"},{"@type":"ListItem","position":3,"name":"Kry\u017eiaus karai Pabaltijyje ir Lietuva XIII am\u017eiuje"}]},{"@type":"WebSite","@id":"https:\/\/skaitytaknyga.lt\/#website","url":"https:\/\/skaitytaknyga.lt\/","name":"skaitytaknyga.lt","description":"Skaitytaknyga.lt \u2013 tai ma\u017eas \u0161eimos verslas, kuris prasid\u0117jo nuo meil\u0117s knygoms ir siekio i\u0161gelb\u0117ti knygas nuo likimo prie konteinerio. Kas vienam nereikalingas daiktas \u2013 kitam lobis, o mes esame tarpininkai, kurie padeda abiems tapti laimingesniems ???? \u017dinome kaip nelengva i\u0161gyventi ma\u017eiems verslams, tad nuo \u0161iol, \u010dia rasite ir kit\u0173, ma\u017e\u0173 \u0161eim\u0173 versl\u0173, rank\u0173 darbo, dovan\u0173 sau ir artimiesiems.","publisher":{"@id":"https:\/\/skaitytaknyga.lt\/#organization"},"potentialAction":[{"@type":"SearchAction","target":{"@type":"EntryPoint","urlTemplate":"https:\/\/skaitytaknyga.lt\/?s={search_term_string}"},"query-input":{"@type":"PropertyValueSpecification","valueRequired":true,"valueName":"search_term_string"}}],"inLanguage":"en-GB"},{"@type":"Organization","@id":"https:\/\/skaitytaknyga.lt\/#organization","name":"skaitytaknyga.lt","url":"https:\/\/skaitytaknyga.lt\/","logo":{"@type":"ImageObject","inLanguage":"en-GB","@id":"https:\/\/skaitytaknyga.lt\/#\/schema\/logo\/image\/","url":"https:\/\/skaitytaknyga.lt\/wp-content\/uploads\/2024\/05\/cropped-cropped-cropped-02_00843_jt3bggkj1j3HLc7SyY6rEUpg.jpeg","contentUrl":"https:\/\/skaitytaknyga.lt\/wp-content\/uploads\/2024\/05\/cropped-cropped-cropped-02_00843_jt3bggkj1j3HLc7SyY6rEUpg.jpeg","width":1600,"height":1600,"caption":"skaitytaknyga.lt"},"image":{"@id":"https:\/\/skaitytaknyga.lt\/#\/schema\/logo\/image\/"},"sameAs":["https:\/\/www.facebook.com\/skaitytaknyga\/"]}]}},"_links":{"self":[{"href":"https:\/\/skaitytaknyga.lt\/en\/wp-json\/wp\/v2\/product\/15395","targetHints":{"allow":["GET"]}}],"collection":[{"href":"https:\/\/skaitytaknyga.lt\/en\/wp-json\/wp\/v2\/product"}],"about":[{"href":"https:\/\/skaitytaknyga.lt\/en\/wp-json\/wp\/v2\/types\/product"}],"replies":[{"embeddable":true,"href":"https:\/\/skaitytaknyga.lt\/en\/wp-json\/wp\/v2\/comments?post=15395"}],"wp:featuredmedia":[{"embeddable":true,"href":"https:\/\/skaitytaknyga.lt\/en\/wp-json\/wp\/v2\/media\/15413"}],"wp:attachment":[{"href":"https:\/\/skaitytaknyga.lt\/en\/wp-json\/wp\/v2\/media?parent=15395"}],"wp:term":[{"taxonomy":"product_brand","embeddable":true,"href":"https:\/\/skaitytaknyga.lt\/en\/wp-json\/wp\/v2\/product_brand?post=15395"},{"taxonomy":"product_cat","embeddable":true,"href":"https:\/\/skaitytaknyga.lt\/en\/wp-json\/wp\/v2\/product_cat?post=15395"},{"taxonomy":"product_tag","embeddable":true,"href":"https:\/\/skaitytaknyga.lt\/en\/wp-json\/wp\/v2\/product_tag?post=15395"}],"curies":[{"name":"wp","href":"https:\/\/api.w.org\/{rel}","templated":true}]}}