{"id":15393,"date":"2023-12-17T11:13:23","date_gmt":"2023-12-17T09:13:23","guid":{"rendered":"https:\/\/skaitytaknyga.lt\/?post_type=product&#038;p=15393"},"modified":"2025-01-24T16:38:50","modified_gmt":"2025-01-24T14:38:50","slug":"vienas","status":"publish","type":"product","link":"https:\/\/skaitytaknyga.lt\/en\/produktas\/vienas\/","title":{"rendered":"Vienas"},"content":{"rendered":"<p>Kaip ra\u0161o autorius knygos gale, ji skirta Lietuvai. \u017dinoma, nieko, kas bent kiek b\u016bt\u0173 pana\u0161\u0173 \u012f Lietuv\u0105, knygoje n\u0117ra, bet svarbu, kad ji mums. Pasakojimas prasideda tuo, kad Lesl\u0117 ir Ri\u010dardas skrenda savo \u201eUrgzliu\u201c, ruo\u0161iasi t\u016bpti. Netik\u0117tai juos apgaubia gintarin\u0117 \u0161viesa (kvepia Lietuva) ir jie atsiduria vir\u0161 ne\u017einomos j\u016bros su daugybe ma\u017e\u0173 sroveli\u0173 joje. \u010cia pora pradeda savo kelion\u0119 kitoje tikrov\u0117je, kurioje kiekvienas gali gyventi visai kitok\u012f gyvenim\u0105 nei \u017dem\u0117je. Toje kelion\u0117je kartais juos aplanko gid\u0117 Pai, paai\u0161kinanti, kas ir kaip. Kaskart nuleid\u0119 l\u0117ktuv\u0105 ant vandens, Ri\u010dardas ir Lesl\u0117 atsiduria vis kitoje vietoje ir sutinka vis kitokius \u017emones, tokius kaip Etila Barbasas, besimeld\u017eiantis senukas, robot\u0117 \u2013 gamtos saugotoja, porel\u0117 rus\u0173, b\u0117gan\u010di\u0173 nuo kariaujan\u010di\u0173 amerikie\u010di\u0173 ir galiausiai save pa\u010dius, pasirinkusius kitokius likimus.<\/p>\n<p>Visuose sutiktuose \u017emon\u0117se pora \u012f\u017evelgia save, ir tai jiems padeda suprasti, jog viskas, visi \u017emon\u0117s yra Vienas. Kart\u0105 jie leisdamiesi patiria avarij\u0105 ir Lesl\u0117 \u201emir\u0161ta\u201c, ta\u010diau jai ir Ri\u010dardui pavyksta bendrai suprasti, kad jie vis tiek yra kartu ir Lesl\u0117, palikusi pomirtin\u0119 karalyst\u0119, kurioje sutinka savo brolius, gr\u012f\u017eta pas Ri\u010dard\u0105 \u012f gyvenim\u0105. Suprat\u0119, jog pasiekti namus jie gali tik padedami meil\u0117s, ja ir pasikliauja. Galiausiai sugr\u012f\u017e\u0119 \u012f \u017eem\u0119, tiesa, ne i\u0161 pirmo karto, jie stebisi, kad mato pasaul\u012f kitaip.<\/p>\n<p>Nuvyksta \u012f Springhil\u0105, kur vyksta \u0161viesiausi\u0173 prot\u0173 susitikimas ir paskelbia savo tem\u0105, apie kuri\u0105 kalb\u0117s \u2013 VIENAS. Tuo knyga ir baigiasi. Ji ma\u017eiau \u012fdomi u\u017e kitas ir daug joje teigiam\u0173 dalyk\u0173 man nepriimtini, be to, vis atsikartoja tas leidimosi ir kilimo nuo vandens epizodas, kas labai pabosta, bet kas nori \u017einoti visoki\u0105 Bacho literat\u016br\u0105, patariu paskaityti.<\/p>\n","protected":false},"excerpt":{"rendered":"<p>Kaip ra\u0161o autorius knygos gale, ji skirta Lietuvai. \u017dinoma, nieko, kas bent kiek b\u016bt\u0173 pana\u0161\u0173 \u012f Lietuv\u0105, knygoje n\u0117ra, bet svarbu, kad ji mums. Pasakojimas prasideda tuo, kad Lesl\u0117 ir Ri\u010dardas skrenda savo \u201eUrgzliu\u201c, ruo\u0161iasi t\u016bpti. Netik\u0117tai juos apgaubia gintarin\u0117 \u0161viesa (kvepia Lietuva) ir jie atsiduria vir\u0161 ne\u017einomos j\u016bros su daugybe ma\u017e\u0173 sroveli\u0173 joje. \u010cia pora pradeda savo kelion\u0119 kitoje tikrov\u0117je, kurioje kiekvienas gali gyventi visai kitok\u012f gyvenim\u0105 nei \u017dem\u0117je. Toje kelion\u0117je kartais juos aplanko gid\u0117 Pai, paai\u0161kinanti, kas ir kaip. Kaskart nuleid\u0119 l\u0117ktuv\u0105 ant vandens, Ri\u010dardas ir Lesl\u0117 atsiduria vis kitoje vietoje ir sutinka vis kitokius \u017emones, tokius kaip Etila Barbasas, besimeld\u017eiantis senukas, robot\u0117 \u2013 gamtos saugotoja, porel\u0117 rus\u0173, b\u0117gan\u010di\u0173 nuo kariaujan\u010di\u0173 amerikie\u010di\u0173 ir galiausiai save pa\u010dius, pasirinkusius kitokius likimus. Visuose sutiktuose \u017emon\u0117se pora \u012f\u017evelgia save, ir tai jiems padeda suprasti, jog viskas, visi \u017emon\u0117s yra Vienas. Kart\u0105 jie leisdamiesi patiria avarij\u0105 ir Lesl\u0117 \u201emir\u0161ta\u201c, ta\u010diau jai ir Ri\u010dardui pavyksta bendrai suprasti, kad jie vis tiek yra kartu ir Lesl\u0117, palikusi pomirtin\u0119 karalyst\u0119, kurioje sutinka savo brolius, gr\u012f\u017eta pas Ri\u010dard\u0105 \u012f gyvenim\u0105. Suprat\u0119, jog pasiekti namus jie gali tik padedami meil\u0117s, ja ir pasikliauja. Galiausiai sugr\u012f\u017e\u0119 \u012f \u017eem\u0119, tiesa, ne i\u0161 pirmo karto, jie stebisi, kad mato pasaul\u012f kitaip. Nuvyksta \u012f Springhil\u0105, kur vyksta \u0161viesiausi\u0173 prot\u0173 susitikimas ir paskelbia savo tem\u0105, apie kuri\u0105 kalb\u0117s \u2013 VIENAS. Tuo knyga ir baigiasi. Ji ma\u017eiau \u012fdomi u\u017e kitas ir daug joje teigiam\u0173 dalyk\u0173 man nepriimtini, be to, vis atsikartoja tas leidimosi ir kilimo nuo vandens epizodas, kas labai pabosta, bet kas nori \u017einoti visoki\u0105 Bacho literat\u016br\u0105, patariu paskaityti.<\/p>\n","protected":false},"featured_media":15415,"comment_status":"open","ping_status":"closed","template":"","meta":{"_acf_changed":false,"site-sidebar-layout":"default","site-content-layout":"","ast-site-content-layout":"default","site-content-style":"default","site-sidebar-style":"default","ast-global-header-display":"","ast-banner-title-visibility":"","ast-main-header-display":"","ast-hfb-above-header-display":"","ast-hfb-below-header-display":"","ast-hfb-mobile-header-display":"","site-post-title":"","ast-breadcrumbs-content":"","ast-featured-img":"","footer-sml-layout":"","ast-disable-related-posts":"","theme-transparent-header-meta":"default","adv-header-id-meta":"","stick-header-meta":"","header-above-stick-meta":"","header-main-stick-meta":"","header-below-stick-meta":"","astra-migrate-meta-layouts":"set","ast-page-background-enabled":"default","ast-page-background-meta":{"desktop":{"background-color":"","background-image":"","background-repeat":"repeat","background-position":"center center","background-size":"auto","background-attachment":"scroll","background-type":"","background-media":"","overlay-type":"","overlay-color":"","overlay-opacity":"","overlay-gradient":""},"tablet":{"background-color":"","background-image":"","background-repeat":"repeat","background-position":"center center","background-size":"auto","background-attachment":"scroll","background-type":"","background-media":"","overlay-type":"","overlay-color":"","overlay-opacity":"","overlay-gradient":""},"mobile":{"background-color":"","background-image":"","background-repeat":"repeat","background-position":"center center","background-size":"auto","background-attachment":"scroll","background-type":"","background-media":"","overlay-type":"","overlay-color":"","overlay-opacity":"","overlay-gradient":""}},"ast-content-background-meta":{"desktop":{"background-color":"var(--ast-global-color-4)","background-image":"","background-repeat":"repeat","background-position":"center center","background-size":"auto","background-attachment":"scroll","background-type":"","background-media":"","overlay-type":"","overlay-color":"","overlay-opacity":"","overlay-gradient":""},"tablet":{"background-color":"var(--ast-global-color-4)","background-image":"","background-repeat":"repeat","background-position":"center center","background-size":"auto","background-attachment":"scroll","background-type":"","background-media":"","overlay-type":"","overlay-color":"","overlay-opacity":"","overlay-gradient":""},"mobile":{"background-color":"var(--ast-global-color-4)","background-image":"","background-repeat":"repeat","background-position":"center center","background-size":"auto","background-attachment":"scroll","background-type":"","background-media":"","overlay-type":"","overlay-color":"","overlay-opacity":"","overlay-gradient":""}}},"product_brand":[],"product_cat":[15],"product_tag":[],"class_list":{"0":"post-15393","1":"product","2":"type-product","3":"status-publish","4":"has-post-thumbnail","6":"product_cat-uncategorized","7":"desktop-align-left","8":"tablet-align-left","9":"mobile-align-left","11":"first","12":"outofstock","13":"shipping-taxable","14":"purchasable","15":"product-type-simple"},"acf":[],"yoast_head":"<!-- This site is optimized with the Yoast SEO plugin v27.0 - https:\/\/yoast.com\/product\/yoast-seo-wordpress\/ -->\n<title>Vienas<\/title>\n<meta name=\"description\" content=\"Kaip ra\u0161o autorius knygos gale, ji skirta Lietuvai. \u017dinoma, nieko, kas bent kiek b\u016bt\u0173 pana\u0161\u0173 \u012f Lietuv\u0105, knygoje n\u0117ra, bet svarbu, kad ji mums. Pasakojimas\" \/>\n<meta name=\"robots\" content=\"index, follow, max-snippet:-1, max-image-preview:large, max-video-preview:-1\" \/>\n<link rel=\"canonical\" href=\"https:\/\/skaitytaknyga.lt\/en\/produktas\/vienas\/\" \/>\n<meta property=\"og:locale\" content=\"en_GB\" \/>\n<meta property=\"og:locale:alternate\" content=\"lt_LT\" \/>\n<meta property=\"og:type\" content=\"article\" \/>\n<meta property=\"og:title\" content=\"Vienas\" \/>\n<meta property=\"og:description\" content=\"Kaip ra\u0161o autorius knygos gale, ji skirta Lietuvai. \u017dinoma, nieko, kas bent kiek b\u016bt\u0173 pana\u0161\u0173 \u012f Lietuv\u0105, knygoje n\u0117ra, bet svarbu, kad ji mums. Pasakojimas\" \/>\n<meta property=\"og:url\" content=\"https:\/\/skaitytaknyga.lt\/en\/produktas\/vienas\/\" \/>\n<meta property=\"og:site_name\" content=\"Skaitytaknyga\" \/>\n<meta property=\"article:publisher\" content=\"https:\/\/www.facebook.com\/skaitytaknyga\/\" \/>\n<meta property=\"article:modified_time\" content=\"2025-01-24T14:38:50+00:00\" \/>\n<meta property=\"og:image\" content=\"https:\/\/skaitytaknyga.lt\/wp-content\/uploads\/2024\/12\/Vienas.jpg\" \/>\n\t<meta property=\"og:image:width\" content=\"656\" \/>\n\t<meta property=\"og:image:height\" content=\"1000\" \/>\n\t<meta property=\"og:image:type\" content=\"image\/jpeg\" \/>\n<meta name=\"twitter:card\" content=\"summary_large_image\" \/>\n<meta name=\"twitter:label1\" content=\"Estimated reading time\" \/>\n\t<meta name=\"twitter:data1\" content=\"2 minutes\" \/>\n<script type=\"application\/ld+json\" class=\"yoast-schema-graph\">{\"@context\":\"https:\/\/schema.org\",\"@graph\":[{\"@type\":\"WebPage\",\"@id\":\"https:\/\/skaitytaknyga.lt\/produktas\/vienas\/\",\"url\":\"https:\/\/skaitytaknyga.lt\/produktas\/vienas\/\",\"name\":\"Vienas\",\"isPartOf\":{\"@id\":\"https:\/\/skaitytaknyga.lt\/#website\"},\"primaryImageOfPage\":{\"@id\":\"https:\/\/skaitytaknyga.lt\/produktas\/vienas\/#primaryimage\"},\"image\":{\"@id\":\"https:\/\/skaitytaknyga.lt\/produktas\/vienas\/#primaryimage\"},\"thumbnailUrl\":\"https:\/\/skaitytaknyga.lt\/wp-content\/uploads\/2024\/12\/Vienas.jpg\",\"datePublished\":\"2023-12-17T09:13:23+00:00\",\"dateModified\":\"2025-01-24T14:38:50+00:00\",\"description\":\"Kaip ra\u0161o autorius knygos gale, ji skirta Lietuvai. \u017dinoma, nieko, kas bent kiek b\u016bt\u0173 pana\u0161\u0173 \u012f Lietuv\u0105, knygoje n\u0117ra, bet svarbu, kad ji mums. Pasakojimas\",\"breadcrumb\":{\"@id\":\"https:\/\/skaitytaknyga.lt\/produktas\/vienas\/#breadcrumb\"},\"inLanguage\":\"en-GB\",\"potentialAction\":[{\"@type\":\"ReadAction\",\"target\":[\"https:\/\/skaitytaknyga.lt\/produktas\/vienas\/\"]}]},{\"@type\":\"ImageObject\",\"inLanguage\":\"en-GB\",\"@id\":\"https:\/\/skaitytaknyga.lt\/produktas\/vienas\/#primaryimage\",\"url\":\"https:\/\/skaitytaknyga.lt\/wp-content\/uploads\/2024\/12\/Vienas.jpg\",\"contentUrl\":\"https:\/\/skaitytaknyga.lt\/wp-content\/uploads\/2024\/12\/Vienas.jpg\",\"width\":656,\"height\":1000,\"caption\":\"Vienas\"},{\"@type\":\"BreadcrumbList\",\"@id\":\"https:\/\/skaitytaknyga.lt\/produktas\/vienas\/#breadcrumb\",\"itemListElement\":[{\"@type\":\"ListItem\",\"position\":1,\"name\":\"Home\",\"item\":\"https:\/\/skaitytaknyga.lt\/\"},{\"@type\":\"ListItem\",\"position\":2,\"name\":\"Parduotuv\u0117\",\"item\":\"https:\/\/skaitytaknyga.lt\/knygu-parduotuve\/\"},{\"@type\":\"ListItem\",\"position\":3,\"name\":\"Vienas\"}]},{\"@type\":\"WebSite\",\"@id\":\"https:\/\/skaitytaknyga.lt\/#website\",\"url\":\"https:\/\/skaitytaknyga.lt\/\",\"name\":\"skaitytaknyga.lt\",\"description\":\"Skaitytaknyga.lt \u2013 tai ma\u017eas \u0161eimos verslas, kuris prasid\u0117jo nuo meil\u0117s knygoms ir siekio i\u0161gelb\u0117ti knygas nuo likimo prie konteinerio. Kas vienam nereikalingas daiktas \u2013 kitam lobis, o mes esame tarpininkai, kurie padeda abiems tapti laimingesniems ???? \u017dinome kaip nelengva i\u0161gyventi ma\u017eiems verslams, tad nuo \u0161iol, \u010dia rasite ir kit\u0173, ma\u017e\u0173 \u0161eim\u0173 versl\u0173, rank\u0173 darbo, dovan\u0173 sau ir artimiesiems.\",\"publisher\":{\"@id\":\"https:\/\/skaitytaknyga.lt\/#organization\"},\"potentialAction\":[{\"@type\":\"SearchAction\",\"target\":{\"@type\":\"EntryPoint\",\"urlTemplate\":\"https:\/\/skaitytaknyga.lt\/?s={search_term_string}\"},\"query-input\":{\"@type\":\"PropertyValueSpecification\",\"valueRequired\":true,\"valueName\":\"search_term_string\"}}],\"inLanguage\":\"en-GB\"},{\"@type\":\"Organization\",\"@id\":\"https:\/\/skaitytaknyga.lt\/#organization\",\"name\":\"skaitytaknyga.lt\",\"url\":\"https:\/\/skaitytaknyga.lt\/\",\"logo\":{\"@type\":\"ImageObject\",\"inLanguage\":\"en-GB\",\"@id\":\"https:\/\/skaitytaknyga.lt\/#\/schema\/logo\/image\/\",\"url\":\"https:\/\/skaitytaknyga.lt\/wp-content\/uploads\/2024\/05\/cropped-cropped-cropped-02_00843_jt3bggkj1j3HLc7SyY6rEUpg.jpeg\",\"contentUrl\":\"https:\/\/skaitytaknyga.lt\/wp-content\/uploads\/2024\/05\/cropped-cropped-cropped-02_00843_jt3bggkj1j3HLc7SyY6rEUpg.jpeg\",\"width\":1600,\"height\":1600,\"caption\":\"skaitytaknyga.lt\"},\"image\":{\"@id\":\"https:\/\/skaitytaknyga.lt\/#\/schema\/logo\/image\/\"},\"sameAs\":[\"https:\/\/www.facebook.com\/skaitytaknyga\/\"]}]}<\/script>\n<!-- \/ Yoast SEO plugin. -->","yoast_head_json":{"title":"Vienas","description":"Kaip ra\u0161o autorius knygos gale, ji skirta Lietuvai. \u017dinoma, nieko, kas bent kiek b\u016bt\u0173 pana\u0161\u0173 \u012f Lietuv\u0105, knygoje n\u0117ra, bet svarbu, kad ji mums. Pasakojimas","robots":{"index":"index","follow":"follow","max-snippet":"max-snippet:-1","max-image-preview":"max-image-preview:large","max-video-preview":"max-video-preview:-1"},"canonical":"https:\/\/skaitytaknyga.lt\/en\/produktas\/vienas\/","og_locale":"en_GB","og_type":"article","og_title":"[:lt]Vienas[:] - Skaitytaknyga","og_description":"Kaip ra\u0161o autorius knygos gale, ji skirta Lietuvai. \u017dinoma, nieko, kas bent kiek b\u016bt\u0173 pana\u0161\u0173 \u012f Lietuv\u0105, knygoje n\u0117ra, bet svarbu, kad ji mums. Pasakojimas","og_url":"https:\/\/skaitytaknyga.lt\/en\/produktas\/vienas\/","og_site_name":"Skaitytaknyga","article_publisher":"https:\/\/www.facebook.com\/skaitytaknyga\/","article_modified_time":"2025-01-24T14:38:50+00:00","og_image":[{"width":656,"height":1000,"url":"https:\/\/skaitytaknyga.lt\/wp-content\/uploads\/2024\/12\/Vienas.jpg","type":"image\/jpeg"}],"twitter_card":"summary_large_image","twitter_misc":{"Estimated reading time":"2 minutes"},"schema":{"@context":"https:\/\/schema.org","@graph":[{"@type":"WebPage","@id":"https:\/\/skaitytaknyga.lt\/produktas\/vienas\/","url":"https:\/\/skaitytaknyga.lt\/produktas\/vienas\/","name":"Vienas","isPartOf":{"@id":"https:\/\/skaitytaknyga.lt\/#website"},"primaryImageOfPage":{"@id":"https:\/\/skaitytaknyga.lt\/produktas\/vienas\/#primaryimage"},"image":{"@id":"https:\/\/skaitytaknyga.lt\/produktas\/vienas\/#primaryimage"},"thumbnailUrl":"https:\/\/skaitytaknyga.lt\/wp-content\/uploads\/2024\/12\/Vienas.jpg","datePublished":"2023-12-17T09:13:23+00:00","dateModified":"2025-01-24T14:38:50+00:00","description":"Kaip ra\u0161o autorius knygos gale, ji skirta Lietuvai. \u017dinoma, nieko, kas bent kiek b\u016bt\u0173 pana\u0161\u0173 \u012f Lietuv\u0105, knygoje n\u0117ra, bet svarbu, kad ji mums. Pasakojimas","breadcrumb":{"@id":"https:\/\/skaitytaknyga.lt\/produktas\/vienas\/#breadcrumb"},"inLanguage":"en-GB","potentialAction":[{"@type":"ReadAction","target":["https:\/\/skaitytaknyga.lt\/produktas\/vienas\/"]}]},{"@type":"ImageObject","inLanguage":"en-GB","@id":"https:\/\/skaitytaknyga.lt\/produktas\/vienas\/#primaryimage","url":"https:\/\/skaitytaknyga.lt\/wp-content\/uploads\/2024\/12\/Vienas.jpg","contentUrl":"https:\/\/skaitytaknyga.lt\/wp-content\/uploads\/2024\/12\/Vienas.jpg","width":656,"height":1000,"caption":"Vienas"},{"@type":"BreadcrumbList","@id":"https:\/\/skaitytaknyga.lt\/produktas\/vienas\/#breadcrumb","itemListElement":[{"@type":"ListItem","position":1,"name":"Home","item":"https:\/\/skaitytaknyga.lt\/"},{"@type":"ListItem","position":2,"name":"Parduotuv\u0117","item":"https:\/\/skaitytaknyga.lt\/knygu-parduotuve\/"},{"@type":"ListItem","position":3,"name":"Vienas"}]},{"@type":"WebSite","@id":"https:\/\/skaitytaknyga.lt\/#website","url":"https:\/\/skaitytaknyga.lt\/","name":"skaitytaknyga.lt","description":"Skaitytaknyga.lt \u2013 tai ma\u017eas \u0161eimos verslas, kuris prasid\u0117jo nuo meil\u0117s knygoms ir siekio i\u0161gelb\u0117ti knygas nuo likimo prie konteinerio. Kas vienam nereikalingas daiktas \u2013 kitam lobis, o mes esame tarpininkai, kurie padeda abiems tapti laimingesniems ???? \u017dinome kaip nelengva i\u0161gyventi ma\u017eiems verslams, tad nuo \u0161iol, \u010dia rasite ir kit\u0173, ma\u017e\u0173 \u0161eim\u0173 versl\u0173, rank\u0173 darbo, dovan\u0173 sau ir artimiesiems.","publisher":{"@id":"https:\/\/skaitytaknyga.lt\/#organization"},"potentialAction":[{"@type":"SearchAction","target":{"@type":"EntryPoint","urlTemplate":"https:\/\/skaitytaknyga.lt\/?s={search_term_string}"},"query-input":{"@type":"PropertyValueSpecification","valueRequired":true,"valueName":"search_term_string"}}],"inLanguage":"en-GB"},{"@type":"Organization","@id":"https:\/\/skaitytaknyga.lt\/#organization","name":"skaitytaknyga.lt","url":"https:\/\/skaitytaknyga.lt\/","logo":{"@type":"ImageObject","inLanguage":"en-GB","@id":"https:\/\/skaitytaknyga.lt\/#\/schema\/logo\/image\/","url":"https:\/\/skaitytaknyga.lt\/wp-content\/uploads\/2024\/05\/cropped-cropped-cropped-02_00843_jt3bggkj1j3HLc7SyY6rEUpg.jpeg","contentUrl":"https:\/\/skaitytaknyga.lt\/wp-content\/uploads\/2024\/05\/cropped-cropped-cropped-02_00843_jt3bggkj1j3HLc7SyY6rEUpg.jpeg","width":1600,"height":1600,"caption":"skaitytaknyga.lt"},"image":{"@id":"https:\/\/skaitytaknyga.lt\/#\/schema\/logo\/image\/"},"sameAs":["https:\/\/www.facebook.com\/skaitytaknyga\/"]}]}},"_links":{"self":[{"href":"https:\/\/skaitytaknyga.lt\/en\/wp-json\/wp\/v2\/product\/15393","targetHints":{"allow":["GET"]}}],"collection":[{"href":"https:\/\/skaitytaknyga.lt\/en\/wp-json\/wp\/v2\/product"}],"about":[{"href":"https:\/\/skaitytaknyga.lt\/en\/wp-json\/wp\/v2\/types\/product"}],"replies":[{"embeddable":true,"href":"https:\/\/skaitytaknyga.lt\/en\/wp-json\/wp\/v2\/comments?post=15393"}],"wp:featuredmedia":[{"embeddable":true,"href":"https:\/\/skaitytaknyga.lt\/en\/wp-json\/wp\/v2\/media\/15415"}],"wp:attachment":[{"href":"https:\/\/skaitytaknyga.lt\/en\/wp-json\/wp\/v2\/media?parent=15393"}],"wp:term":[{"taxonomy":"product_brand","embeddable":true,"href":"https:\/\/skaitytaknyga.lt\/en\/wp-json\/wp\/v2\/product_brand?post=15393"},{"taxonomy":"product_cat","embeddable":true,"href":"https:\/\/skaitytaknyga.lt\/en\/wp-json\/wp\/v2\/product_cat?post=15393"},{"taxonomy":"product_tag","embeddable":true,"href":"https:\/\/skaitytaknyga.lt\/en\/wp-json\/wp\/v2\/product_tag?post=15393"}],"curies":[{"name":"wp","href":"https:\/\/api.w.org\/{rel}","templated":true}]}}