{"id":15391,"date":"2024-12-17T11:13:23","date_gmt":"2024-12-17T09:13:23","guid":{"rendered":"https:\/\/skaitytaknyga.lt\/?post_type=product&#038;p=15391"},"modified":"2025-07-06T21:19:11","modified_gmt":"2025-07-06T18:19:11","slug":"kvepavimo-menas-siek-tiek-sulieta","status":"publish","type":"product","link":"https:\/\/skaitytaknyga.lt\/en\/produktas\/kvepavimo-menas-siek-tiek-sulieta\/","title":{"rendered":"Kv\u0117pavimo menas (\u0161iek tiek sulieta)"},"content":{"rendered":"<p>\u0160e\u0161ios nesud\u0117tingos pamokos sveikatai ir s\u0117kmei.<br \/>\n&#8220;Knyga skirta lavinti kv\u0117pavimo b\u016bd\u0105, kur\u012f autor\u0117 pavadino Chi yi &#8211; kv\u0117pavimo menas. Be abejo, niekam nereikia ai\u0161kinti, kaip kv\u0117puoti, ta\u010diau k\u016bno, psichikos, sporto, gydymo procesai, kuriems tinkamas kv\u0117pavimas yra labai svarbus, gali b\u016bti patobulinti, padedantys gausinti bei nukreipti energij\u0105 tinkama linkme&#8221; Charles Stein.<br \/>\nAutor\u0117 atskleid\u017eia, kaip kv\u0117puoti, kad: atrodytum\u0117te, jaustum\u0117t\u0117s ir b\u016btum\u0117te sveikesni; sul\u0117tintum\u0117te sen\u0117jim\u0105; lavintum\u0117te i\u0161tverm\u0119 bei koordinacij\u0105; \u012fveiktum\u0117te skausm\u0105 ir skatintum\u0117te sveikim\u0105; patobulintum\u0117te kalbos, dainavimo, meditavimo bei daug kit\u0173 \u012fg\u016bd\u017ei\u0173.<\/p>\n","protected":false},"excerpt":{"rendered":"<p>\u0160e\u0161ios nesud\u0117tingos pamokos sveikatai ir s\u0117kmei. &#8220;Knyga skirta lavinti kv\u0117pavimo b\u016bd\u0105, kur\u012f autor\u0117 pavadino Chi yi &#8211; kv\u0117pavimo menas. Be abejo, niekam nereikia ai\u0161kinti, kaip kv\u0117puoti, ta\u010diau k\u016bno, psichikos, sporto, gydymo procesai, kuriems tinkamas kv\u0117pavimas yra labai svarbus, gali b\u016bti patobulinti, padedantys gausinti bei nukreipti energij\u0105 tinkama linkme&#8221; Charles Stein. Autor\u0117 atskleid\u017eia, kaip kv\u0117puoti, kad: atrodytum\u0117te, jaustum\u0117t\u0117s ir b\u016btum\u0117te sveikesni; sul\u0117tintum\u0117te sen\u0117jim\u0105; lavintum\u0117te i\u0161tverm\u0119 bei koordinacij\u0105; \u012fveiktum\u0117te skausm\u0105 ir skatintum\u0117te sveikim\u0105; patobulintum\u0117te kalbos, dainavimo, meditavimo bei daug kit\u0173 \u012fg\u016bd\u017ei\u0173.<\/p>\n","protected":false},"featured_media":15417,"comment_status":"open","ping_status":"closed","template":"","meta":{"_acf_changed":false,"site-sidebar-layout":"default","site-content-layout":"","ast-site-content-layout":"default","site-content-style":"default","site-sidebar-style":"default","ast-global-header-display":"","ast-banner-title-visibility":"","ast-main-header-display":"","ast-hfb-above-header-display":"","ast-hfb-below-header-display":"","ast-hfb-mobile-header-display":"","site-post-title":"","ast-breadcrumbs-content":"","ast-featured-img":"","footer-sml-layout":"","ast-disable-related-posts":"","theme-transparent-header-meta":"default","adv-header-id-meta":"","stick-header-meta":"","header-above-stick-meta":"","header-main-stick-meta":"","header-below-stick-meta":"","astra-migrate-meta-layouts":"set","ast-page-background-enabled":"default","ast-page-background-meta":{"desktop":{"background-color":"","background-image":"","background-repeat":"repeat","background-position":"center center","background-size":"auto","background-attachment":"scroll","background-type":"","background-media":"","overlay-type":"","overlay-color":"","overlay-opacity":"","overlay-gradient":""},"tablet":{"background-color":"","background-image":"","background-repeat":"repeat","background-position":"center center","background-size":"auto","background-attachment":"scroll","background-type":"","background-media":"","overlay-type":"","overlay-color":"","overlay-opacity":"","overlay-gradient":""},"mobile":{"background-color":"","background-image":"","background-repeat":"repeat","background-position":"center center","background-size":"auto","background-attachment":"scroll","background-type":"","background-media":"","overlay-type":"","overlay-color":"","overlay-opacity":"","overlay-gradient":""}},"ast-content-background-meta":{"desktop":{"background-color":"var(--ast-global-color-4)","background-image":"","background-repeat":"repeat","background-position":"center center","background-size":"auto","background-attachment":"scroll","background-type":"","background-media":"","overlay-type":"","overlay-color":"","overlay-opacity":"","overlay-gradient":""},"tablet":{"background-color":"var(--ast-global-color-4)","background-image":"","background-repeat":"repeat","background-position":"center center","background-size":"auto","background-attachment":"scroll","background-type":"","background-media":"","overlay-type":"","overlay-color":"","overlay-opacity":"","overlay-gradient":""},"mobile":{"background-color":"var(--ast-global-color-4)","background-image":"","background-repeat":"repeat","background-position":"center center","background-size":"auto","background-attachment":"scroll","background-type":"","background-media":"","overlay-type":"","overlay-color":"","overlay-opacity":"","overlay-gradient":""}}},"product_brand":[],"product_cat":[15,55],"product_tag":[],"class_list":{"0":"post-15391","1":"product","2":"type-product","3":"status-publish","4":"has-post-thumbnail","6":"product_cat-uncategorized","7":"product_cat-sveikata-ir-sveika-mityba","8":"desktop-align-left","9":"tablet-align-left","10":"mobile-align-left","12":"first","13":"outofstock","14":"shipping-taxable","15":"purchasable","16":"product-type-simple"},"acf":[],"yoast_head":"<!-- This site is optimized with the Yoast SEO plugin v27.0 - https:\/\/yoast.com\/product\/yoast-seo-wordpress\/ -->\n<title>Kv\u0117pavimo menas (\u0161iek tiek sulieta)<\/title>\n<meta name=\"description\" content=\"\u0160e\u0161ios nesud\u0117tingos pamokos sveikatai ir s\u0117kmei. &quot;Knyga skirta lavinti kv\u0117pavimo b\u016bd\u0105, kur\u012f autor\u0117 pavadino Chi yi - kv\u0117pavimo menas. Be abejo, niekam\" \/>\n<meta name=\"robots\" content=\"index, follow, max-snippet:-1, max-image-preview:large, max-video-preview:-1\" \/>\n<link rel=\"canonical\" href=\"https:\/\/skaitytaknyga.lt\/en\/produktas\/kvepavimo-menas-siek-tiek-sulieta\/\" \/>\n<meta property=\"og:locale\" content=\"en_GB\" \/>\n<meta property=\"og:locale:alternate\" content=\"lt_LT\" \/>\n<meta property=\"og:type\" content=\"article\" \/>\n<meta property=\"og:title\" content=\"Kv\u0117pavimo menas (\u0161iek tiek sulieta)\" \/>\n<meta property=\"og:description\" content=\"\u0160e\u0161ios nesud\u0117tingos pamokos sveikatai ir s\u0117kmei. &quot;Knyga skirta lavinti kv\u0117pavimo b\u016bd\u0105, kur\u012f autor\u0117 pavadino Chi yi - kv\u0117pavimo menas. Be abejo, niekam\" \/>\n<meta property=\"og:url\" content=\"https:\/\/skaitytaknyga.lt\/en\/produktas\/kvepavimo-menas-siek-tiek-sulieta\/\" \/>\n<meta property=\"og:site_name\" content=\"Skaitytaknyga\" \/>\n<meta property=\"article:publisher\" content=\"https:\/\/www.facebook.com\/skaitytaknyga\/\" \/>\n<meta property=\"article:modified_time\" content=\"2025-07-06T18:19:11+00:00\" \/>\n<meta property=\"og:image\" content=\"https:\/\/skaitytaknyga.lt\/wp-content\/uploads\/2024\/12\/Kvepavimo-menas-e1734941733545.webp\" \/>\n\t<meta property=\"og:image:width\" content=\"288\" \/>\n\t<meta property=\"og:image:height\" content=\"462\" \/>\n\t<meta property=\"og:image:type\" content=\"image\/webp\" \/>\n<meta name=\"twitter:card\" content=\"summary_large_image\" \/>\n<meta name=\"twitter:label1\" content=\"Estimated reading time\" \/>\n\t<meta name=\"twitter:data1\" content=\"1 minute\" \/>\n<script type=\"application\/ld+json\" class=\"yoast-schema-graph\">{\"@context\":\"https:\/\/schema.org\",\"@graph\":[{\"@type\":\"WebPage\",\"@id\":\"https:\/\/skaitytaknyga.lt\/produktas\/kvepavimo-menas-siek-tiek-sulieta\/\",\"url\":\"https:\/\/skaitytaknyga.lt\/produktas\/kvepavimo-menas-siek-tiek-sulieta\/\",\"name\":\"Kv\u0117pavimo menas (\u0161iek tiek sulieta)\",\"isPartOf\":{\"@id\":\"https:\/\/skaitytaknyga.lt\/#website\"},\"primaryImageOfPage\":{\"@id\":\"https:\/\/skaitytaknyga.lt\/produktas\/kvepavimo-menas-siek-tiek-sulieta\/#primaryimage\"},\"image\":{\"@id\":\"https:\/\/skaitytaknyga.lt\/produktas\/kvepavimo-menas-siek-tiek-sulieta\/#primaryimage\"},\"thumbnailUrl\":\"https:\/\/skaitytaknyga.lt\/wp-content\/uploads\/2024\/12\/Kvepavimo-menas-e1734941733545.webp\",\"datePublished\":\"2024-12-17T09:13:23+00:00\",\"dateModified\":\"2025-07-06T18:19:11+00:00\",\"description\":\"\u0160e\u0161ios nesud\u0117tingos pamokos sveikatai ir s\u0117kmei. \\\"Knyga skirta lavinti kv\u0117pavimo b\u016bd\u0105, kur\u012f autor\u0117 pavadino Chi yi - kv\u0117pavimo menas. Be abejo, niekam\",\"breadcrumb\":{\"@id\":\"https:\/\/skaitytaknyga.lt\/produktas\/kvepavimo-menas-siek-tiek-sulieta\/#breadcrumb\"},\"inLanguage\":\"en-GB\",\"potentialAction\":[{\"@type\":\"ReadAction\",\"target\":[\"https:\/\/skaitytaknyga.lt\/produktas\/kvepavimo-menas-siek-tiek-sulieta\/\"]}]},{\"@type\":\"ImageObject\",\"inLanguage\":\"en-GB\",\"@id\":\"https:\/\/skaitytaknyga.lt\/produktas\/kvepavimo-menas-siek-tiek-sulieta\/#primaryimage\",\"url\":\"https:\/\/skaitytaknyga.lt\/wp-content\/uploads\/2024\/12\/Kvepavimo-menas-e1734941733545.webp\",\"contentUrl\":\"https:\/\/skaitytaknyga.lt\/wp-content\/uploads\/2024\/12\/Kvepavimo-menas-e1734941733545.webp\",\"width\":288,\"height\":462,\"caption\":\"Kv\u0117pavimo menas\"},{\"@type\":\"BreadcrumbList\",\"@id\":\"https:\/\/skaitytaknyga.lt\/produktas\/kvepavimo-menas-siek-tiek-sulieta\/#breadcrumb\",\"itemListElement\":[{\"@type\":\"ListItem\",\"position\":1,\"name\":\"Home\",\"item\":\"https:\/\/skaitytaknyga.lt\/\"},{\"@type\":\"ListItem\",\"position\":2,\"name\":\"Parduotuv\u0117\",\"item\":\"https:\/\/skaitytaknyga.lt\/knygu-parduotuve\/\"},{\"@type\":\"ListItem\",\"position\":3,\"name\":\"Kv\u0117pavimo menas (\u0161iek tiek sulieta)\"}]},{\"@type\":\"WebSite\",\"@id\":\"https:\/\/skaitytaknyga.lt\/#website\",\"url\":\"https:\/\/skaitytaknyga.lt\/\",\"name\":\"skaitytaknyga.lt\",\"description\":\"Skaitytaknyga.lt \u2013 tai ma\u017eas \u0161eimos verslas, kuris prasid\u0117jo nuo meil\u0117s knygoms ir siekio i\u0161gelb\u0117ti knygas nuo likimo prie konteinerio. Kas vienam nereikalingas daiktas \u2013 kitam lobis, o mes esame tarpininkai, kurie padeda abiems tapti laimingesniems ???? \u017dinome kaip nelengva i\u0161gyventi ma\u017eiems verslams, tad nuo \u0161iol, \u010dia rasite ir kit\u0173, ma\u017e\u0173 \u0161eim\u0173 versl\u0173, rank\u0173 darbo, dovan\u0173 sau ir artimiesiems.\",\"publisher\":{\"@id\":\"https:\/\/skaitytaknyga.lt\/#organization\"},\"potentialAction\":[{\"@type\":\"SearchAction\",\"target\":{\"@type\":\"EntryPoint\",\"urlTemplate\":\"https:\/\/skaitytaknyga.lt\/?s={search_term_string}\"},\"query-input\":{\"@type\":\"PropertyValueSpecification\",\"valueRequired\":true,\"valueName\":\"search_term_string\"}}],\"inLanguage\":\"en-GB\"},{\"@type\":\"Organization\",\"@id\":\"https:\/\/skaitytaknyga.lt\/#organization\",\"name\":\"skaitytaknyga.lt\",\"url\":\"https:\/\/skaitytaknyga.lt\/\",\"logo\":{\"@type\":\"ImageObject\",\"inLanguage\":\"en-GB\",\"@id\":\"https:\/\/skaitytaknyga.lt\/#\/schema\/logo\/image\/\",\"url\":\"https:\/\/skaitytaknyga.lt\/wp-content\/uploads\/2024\/05\/cropped-cropped-cropped-02_00843_jt3bggkj1j3HLc7SyY6rEUpg.jpeg\",\"contentUrl\":\"https:\/\/skaitytaknyga.lt\/wp-content\/uploads\/2024\/05\/cropped-cropped-cropped-02_00843_jt3bggkj1j3HLc7SyY6rEUpg.jpeg\",\"width\":1600,\"height\":1600,\"caption\":\"skaitytaknyga.lt\"},\"image\":{\"@id\":\"https:\/\/skaitytaknyga.lt\/#\/schema\/logo\/image\/\"},\"sameAs\":[\"https:\/\/www.facebook.com\/skaitytaknyga\/\"]}]}<\/script>\n<!-- \/ Yoast SEO plugin. -->","yoast_head_json":{"title":"Kv\u0117pavimo menas (\u0161iek tiek sulieta)","description":"\u0160e\u0161ios nesud\u0117tingos pamokos sveikatai ir s\u0117kmei. \"Knyga skirta lavinti kv\u0117pavimo b\u016bd\u0105, kur\u012f autor\u0117 pavadino Chi yi - kv\u0117pavimo menas. Be abejo, niekam","robots":{"index":"index","follow":"follow","max-snippet":"max-snippet:-1","max-image-preview":"max-image-preview:large","max-video-preview":"max-video-preview:-1"},"canonical":"https:\/\/skaitytaknyga.lt\/en\/produktas\/kvepavimo-menas-siek-tiek-sulieta\/","og_locale":"en_GB","og_type":"article","og_title":"[:lt]Kv\u0117pavimo menas (\u0161iek tiek sulieta)[:] - Skaitytaknyga","og_description":"\u0160e\u0161ios nesud\u0117tingos pamokos sveikatai ir s\u0117kmei. \"Knyga skirta lavinti kv\u0117pavimo b\u016bd\u0105, kur\u012f autor\u0117 pavadino Chi yi - kv\u0117pavimo menas. Be abejo, niekam","og_url":"https:\/\/skaitytaknyga.lt\/en\/produktas\/kvepavimo-menas-siek-tiek-sulieta\/","og_site_name":"Skaitytaknyga","article_publisher":"https:\/\/www.facebook.com\/skaitytaknyga\/","article_modified_time":"2025-07-06T18:19:11+00:00","og_image":[{"width":288,"height":462,"url":"https:\/\/skaitytaknyga.lt\/wp-content\/uploads\/2024\/12\/Kvepavimo-menas-e1734941733545.webp","type":"image\/webp"}],"twitter_card":"summary_large_image","twitter_misc":{"Estimated reading time":"1 minute"},"schema":{"@context":"https:\/\/schema.org","@graph":[{"@type":"WebPage","@id":"https:\/\/skaitytaknyga.lt\/produktas\/kvepavimo-menas-siek-tiek-sulieta\/","url":"https:\/\/skaitytaknyga.lt\/produktas\/kvepavimo-menas-siek-tiek-sulieta\/","name":"Kv\u0117pavimo menas (\u0161iek tiek sulieta)","isPartOf":{"@id":"https:\/\/skaitytaknyga.lt\/#website"},"primaryImageOfPage":{"@id":"https:\/\/skaitytaknyga.lt\/produktas\/kvepavimo-menas-siek-tiek-sulieta\/#primaryimage"},"image":{"@id":"https:\/\/skaitytaknyga.lt\/produktas\/kvepavimo-menas-siek-tiek-sulieta\/#primaryimage"},"thumbnailUrl":"https:\/\/skaitytaknyga.lt\/wp-content\/uploads\/2024\/12\/Kvepavimo-menas-e1734941733545.webp","datePublished":"2024-12-17T09:13:23+00:00","dateModified":"2025-07-06T18:19:11+00:00","description":"\u0160e\u0161ios nesud\u0117tingos pamokos sveikatai ir s\u0117kmei. \"Knyga skirta lavinti kv\u0117pavimo b\u016bd\u0105, kur\u012f autor\u0117 pavadino Chi yi - kv\u0117pavimo menas. Be abejo, niekam","breadcrumb":{"@id":"https:\/\/skaitytaknyga.lt\/produktas\/kvepavimo-menas-siek-tiek-sulieta\/#breadcrumb"},"inLanguage":"en-GB","potentialAction":[{"@type":"ReadAction","target":["https:\/\/skaitytaknyga.lt\/produktas\/kvepavimo-menas-siek-tiek-sulieta\/"]}]},{"@type":"ImageObject","inLanguage":"en-GB","@id":"https:\/\/skaitytaknyga.lt\/produktas\/kvepavimo-menas-siek-tiek-sulieta\/#primaryimage","url":"https:\/\/skaitytaknyga.lt\/wp-content\/uploads\/2024\/12\/Kvepavimo-menas-e1734941733545.webp","contentUrl":"https:\/\/skaitytaknyga.lt\/wp-content\/uploads\/2024\/12\/Kvepavimo-menas-e1734941733545.webp","width":288,"height":462,"caption":"Kv\u0117pavimo menas"},{"@type":"BreadcrumbList","@id":"https:\/\/skaitytaknyga.lt\/produktas\/kvepavimo-menas-siek-tiek-sulieta\/#breadcrumb","itemListElement":[{"@type":"ListItem","position":1,"name":"Home","item":"https:\/\/skaitytaknyga.lt\/"},{"@type":"ListItem","position":2,"name":"Parduotuv\u0117","item":"https:\/\/skaitytaknyga.lt\/knygu-parduotuve\/"},{"@type":"ListItem","position":3,"name":"Kv\u0117pavimo menas (\u0161iek tiek sulieta)"}]},{"@type":"WebSite","@id":"https:\/\/skaitytaknyga.lt\/#website","url":"https:\/\/skaitytaknyga.lt\/","name":"skaitytaknyga.lt","description":"Skaitytaknyga.lt \u2013 tai ma\u017eas \u0161eimos verslas, kuris prasid\u0117jo nuo meil\u0117s knygoms ir siekio i\u0161gelb\u0117ti knygas nuo likimo prie konteinerio. Kas vienam nereikalingas daiktas \u2013 kitam lobis, o mes esame tarpininkai, kurie padeda abiems tapti laimingesniems ???? \u017dinome kaip nelengva i\u0161gyventi ma\u017eiems verslams, tad nuo \u0161iol, \u010dia rasite ir kit\u0173, ma\u017e\u0173 \u0161eim\u0173 versl\u0173, rank\u0173 darbo, dovan\u0173 sau ir artimiesiems.","publisher":{"@id":"https:\/\/skaitytaknyga.lt\/#organization"},"potentialAction":[{"@type":"SearchAction","target":{"@type":"EntryPoint","urlTemplate":"https:\/\/skaitytaknyga.lt\/?s={search_term_string}"},"query-input":{"@type":"PropertyValueSpecification","valueRequired":true,"valueName":"search_term_string"}}],"inLanguage":"en-GB"},{"@type":"Organization","@id":"https:\/\/skaitytaknyga.lt\/#organization","name":"skaitytaknyga.lt","url":"https:\/\/skaitytaknyga.lt\/","logo":{"@type":"ImageObject","inLanguage":"en-GB","@id":"https:\/\/skaitytaknyga.lt\/#\/schema\/logo\/image\/","url":"https:\/\/skaitytaknyga.lt\/wp-content\/uploads\/2024\/05\/cropped-cropped-cropped-02_00843_jt3bggkj1j3HLc7SyY6rEUpg.jpeg","contentUrl":"https:\/\/skaitytaknyga.lt\/wp-content\/uploads\/2024\/05\/cropped-cropped-cropped-02_00843_jt3bggkj1j3HLc7SyY6rEUpg.jpeg","width":1600,"height":1600,"caption":"skaitytaknyga.lt"},"image":{"@id":"https:\/\/skaitytaknyga.lt\/#\/schema\/logo\/image\/"},"sameAs":["https:\/\/www.facebook.com\/skaitytaknyga\/"]}]}},"_links":{"self":[{"href":"https:\/\/skaitytaknyga.lt\/en\/wp-json\/wp\/v2\/product\/15391","targetHints":{"allow":["GET"]}}],"collection":[{"href":"https:\/\/skaitytaknyga.lt\/en\/wp-json\/wp\/v2\/product"}],"about":[{"href":"https:\/\/skaitytaknyga.lt\/en\/wp-json\/wp\/v2\/types\/product"}],"replies":[{"embeddable":true,"href":"https:\/\/skaitytaknyga.lt\/en\/wp-json\/wp\/v2\/comments?post=15391"}],"wp:featuredmedia":[{"embeddable":true,"href":"https:\/\/skaitytaknyga.lt\/en\/wp-json\/wp\/v2\/media\/15417"}],"wp:attachment":[{"href":"https:\/\/skaitytaknyga.lt\/en\/wp-json\/wp\/v2\/media?parent=15391"}],"wp:term":[{"taxonomy":"product_brand","embeddable":true,"href":"https:\/\/skaitytaknyga.lt\/en\/wp-json\/wp\/v2\/product_brand?post=15391"},{"taxonomy":"product_cat","embeddable":true,"href":"https:\/\/skaitytaknyga.lt\/en\/wp-json\/wp\/v2\/product_cat?post=15391"},{"taxonomy":"product_tag","embeddable":true,"href":"https:\/\/skaitytaknyga.lt\/en\/wp-json\/wp\/v2\/product_tag?post=15391"}],"curies":[{"name":"wp","href":"https:\/\/api.w.org\/{rel}","templated":true}]}}