{"id":15387,"date":"2024-12-17T11:13:23","date_gmt":"2024-12-17T09:13:23","guid":{"rendered":"https:\/\/skaitytaknyga.lt\/?post_type=product&#038;p=15387"},"modified":"2025-05-14T10:58:27","modified_gmt":"2025-05-14T07:58:27","slug":"kita-psichosomatikos-puse","status":"publish","type":"product","link":"https:\/\/skaitytaknyga.lt\/en\/produktas\/kita-psichosomatikos-puse\/","title":{"rendered":"Kita psichosomatikos pus\u0117"},"content":{"rendered":"<p>Ligos neatsiranda i\u0161 niekur nieko. J\u0173 prie\u017eastimi tampa netik\u0117tos, a\u0161trios, stresin\u0117s situacijos. Po tokiu\u0328 \u012fvyki\u0173 k\u016bne pradeda vykti neigiami poky\u010diai: nuo gerkl\u0117s u\u017edegimo iki onkologijos.<\/p>\n<p>Provokacin\u0117s psichoterapijos meistras ir psichosomatikos specialistas Michailas Filiajevas dirba su tokiu\u0328 netik\u0117t\u0173 \u012fvyki\u0173 pasekm\u0117mis. Jo pri\u0117mimuose vyksta ne\u012fprasti dalykai \u2013 \u017emon\u0117s atsikrato mirtin\u0173 lig\u0173, randa pripa\u017einim\u0105 ir meil\u0119, visi\u0161kai kei\u010dia savo likim\u0105.<\/p>\n<p>Knyga \u201eKita psichosomatikos pus\u0117. PSY2.O m\u0105stymas\u201c parodys jums, kaip i\u0161 tikr\u0173j\u0173 veikia psichosomatika, ir pakeis j\u016bs\u0173 \u017einias apie lig\u0173 prie\u017eastis bei b\u016bdus j\u0173 atsikratyti. I\u0161moksite bendrauti su savo k\u016bnu, savaranki\u0161kai \u012fveikti sielos ir k\u016bno skausmus, pa\u0161alinti \u012fvairi\u0173 negalavim\u0173 prie\u017eastis, gal\u0117site teisingai naudoti sensacing\u0105 i\u0161gijimo mechanizm\u0105 bendrai savo gyvenimo kokybei atstatyti. Kiekvieno skyriaus pabaigoje rasite autorinius Michailo Filiajevo pratimus, kurie niekur anks\u010diau nebuvo publikuoti.<\/p>\n<p>B\u016bkite atsarg\u016bs, \u0161i knyga gali sukelti revoliucij\u0105 j\u016bs\u0173 s\u0105mon\u0117je ir pasukti gyvenim\u0105 180 laipsni\u0173!<\/p>\n<p>\u201eSkaitydama knyga\u0328 daug ka\u0328 sau pasiz\u030cyme\u0307jau ir tuoj pat pabandz\u030ciau. Patyriau nuostaba\u0328 suvokusi, jog tai, ka\u0328 iki s\u030ciol vadindavau \u201ekelione laiku&#8221;, \u201evizualizacija&#8221;, \u201epokalbiu su vidiniu vaiku&#8221; yra tam tikra \u201ehipnoze\u0307&#8221;. Tik ne ta, kurios metu perras\u030cai kaz\u030ckam visa\u0328 savo turta\u0328, o ta, kuri turi gydanti\u0328, terapini\u0328 poveiki\u0328 ku\u0304no ir psichikos vienybei. Linkiu gero skaitymo, atradimu\u0328 ir nuos\u030cirdaus pokalbio su savo ku\u0304nu ir jo poju\u0304c\u030ciais.&#8221;<\/p>\n<p>JURGITA JURKUTE\u0307 \u2013 S\u030cIRVAITE\u0307, TV laidu\u0328 vede\u0307ja, aktore\u0307<\/p>\n<p>\u201eGaliu tik i\u0328sivaizduoti, kokia\u0328 nuostaba\u0328 jauc\u030cia i\u0328z\u030canga\u0328 ir turini\u0328 perskaite\u0328 z\u030cmone\u0307s, kaip garsiai \u201etaip negali bu\u0304ti!&#8221; skamba ju\u0328 mintyse, \u2013 ir as\u030c taip jauc\u030ciausi pirmos Michailo paskaitos Lietuvoje metu pries\u030c kelerius metus. Dabar esu liudininke\u0307 to, kad apras\u030comi jo metodai yra veiksmingi ir nuos\u030cirdz\u030ciai linkiu skaitytojams ne tik patike\u0307ti, kad knygoje apras\u030comi dalykai veikia, bet ir i\u0328sileisti bei pritaikyti s\u030cias z\u030cinias savo gyvenimo praktikose, kad patys tuo i\u0328sitikintu\u0328 ir taptu\u0328 sveikesne\u0307s ir dz\u030ciugesne\u0307s kasdienybe\u0307s liudininkais. Ovacijos! Ploju atsistojusi!&#8221;<\/p>\n<p>BRIGITA PAULIENE\u0307, Fizine\u0307s medicinos ir reabilitacijos gydytoja, klinikine\u0307 kineziologe\u0307, \u201eEquilibrium&#8221; metodo autore\u0307<\/p>\n<p>\u201eKnyga, kuria\u0328 ju\u0304s laikote rankose, yra ypatinga de\u0307l triju\u0328 priez\u030casc\u030ciu\u0328. Pirmiausia, Lietuvoje ne\u0307ra is\u030cleista labai daug knygu\u0328 apie psichosomatika\u0328 ir psichoterapija\u0328. Antra, \u201epsichosomatikos guru&#8221; Michailas Filiajevas ir jo psichoterapijos metodas c\u030cia pristatytas gyvai ir is\u030c skirtingu\u0328 poziciju\u0328: jo paties ir jo darba\u0328 stebinc\u030cios bendraautore\u0307s.Trec\u030cia, skaitytojas tarsi pats panyra i\u0328 psichoterapinius seansus ir is\u030cgyvena kartu su dalyve\u0307mis ju\u0328 ku\u0304nis\u030ckas kanc\u030cias, kurios virsta emociniais protru\u0304kiais ir galu\u0328 gale \u2013 is\u030cgijimu.<\/p>\n<p>Autoriams galima papriekais\u030ctauti de\u0307l narcisizmo: \u201emes viska\u0328 pagydom greitai&#8221; ir \u201emes akimirksniu perprantame z\u030cmones&#8221; &#8211; visagalybe\u0307 yra pirma liga, nuo kurios gydo besimokanc\u030cius psichoterapeutus. Tac\u030ciau galimybe\u0307 de\u0307l hipnoze\u0307s ir Vokietijos naujosios medicinos greitai identifikuoti problema\u0328 ir ja\u0328 sumaz\u030cinti is\u030c tiesu\u0328 egzistuoja. Gydytojo R. G. Hamerio sukurta sistema yra retas pavyzdys to, kaip sprendz\u030ciama didz\u030ciausia mokslo mi\u0328sle\u0307: kaip ku\u0304nas susije\u0328s su siela.<\/p>\n<p>Kenc\u030ciantis z\u030cmogus griebiasi bet ko, kad jam palengve\u0307tu\u0328. Psichosomatiniai pacientai, sudarantys trec\u030cdali\u0328 visu\u0328 s\u030ceimos gydytojo lankytoju\u0328, negali pasigirti, kad atranda viena\u0328 veiksminga\u0328 vaista\u0328. Tode\u0307l kiekvienas naujas psichosomatiniu\u0328 ligu\u0328 gydymo metodas, net jei jis ir atrodo per daug paprastas ir per daug greitas, nusipelne\u0307 didele\u0307s pagarbos ir de\u0307mesio.<\/p>\n<p>Knyga nenuvils nei profesionalu\u0328, nei paprastu\u0328 skaitytoju\u0328, kuriems atsibodo girde\u0307ti \u201evisos ligos nuo nervu\u0328&#8221; ir nez\u030cinoti, ka\u0328 su tuo daryti.<\/p>\n<p>Ka\u0328 daryti? Skaitykite!&#8221;<\/p>\n<p>OLEGAS LAPINAS, gydytojas psichiatras, psichoterapeutas<\/p>\n","protected":false},"excerpt":{"rendered":"<p>Ligos neatsiranda i\u0161 niekur nieko. J\u0173 prie\u017eastimi tampa netik\u0117tos, a\u0161trios, stresin\u0117s situacijos. Po tokiu\u0328 \u012fvyki\u0173 k\u016bne pradeda vykti neigiami poky\u010diai: nuo gerkl\u0117s u\u017edegimo iki onkologijos. Provokacin\u0117s psichoterapijos meistras ir psichosomatikos specialistas Michailas Filiajevas dirba su tokiu\u0328 netik\u0117t\u0173 \u012fvyki\u0173 pasekm\u0117mis. Jo pri\u0117mimuose vyksta ne\u012fprasti dalykai \u2013 \u017emon\u0117s atsikrato mirtin\u0173 lig\u0173, randa pripa\u017einim\u0105 ir meil\u0119, visi\u0161kai kei\u010dia savo likim\u0105. Knyga \u201eKita psichosomatikos pus\u0117. PSY2.O m\u0105stymas\u201c parodys jums, kaip i\u0161 tikr\u0173j\u0173 veikia psichosomatika, ir pakeis j\u016bs\u0173 \u017einias apie lig\u0173 prie\u017eastis bei b\u016bdus j\u0173 atsikratyti. I\u0161moksite bendrauti su savo k\u016bnu, savaranki\u0161kai \u012fveikti sielos ir k\u016bno skausmus, pa\u0161alinti \u012fvairi\u0173 negalavim\u0173 prie\u017eastis, gal\u0117site teisingai naudoti sensacing\u0105 i\u0161gijimo mechanizm\u0105 bendrai savo gyvenimo kokybei atstatyti. Kiekvieno skyriaus pabaigoje rasite autorinius Michailo Filiajevo pratimus, kurie niekur anks\u010diau nebuvo publikuoti. B\u016bkite atsarg\u016bs, \u0161i knyga gali sukelti revoliucij\u0105 j\u016bs\u0173 s\u0105mon\u0117je ir pasukti gyvenim\u0105 180 laipsni\u0173! \u201eSkaitydama knyga\u0328 daug ka\u0328 sau pasiz\u030cyme\u0307jau ir tuoj pat pabandz\u030ciau. Patyriau nuostaba\u0328 suvokusi, jog tai, ka\u0328 iki s\u030ciol vadindavau \u201ekelione laiku&#8221;, \u201evizualizacija&#8221;, \u201epokalbiu su vidiniu vaiku&#8221; yra tam tikra \u201ehipnoze\u0307&#8221;. Tik ne ta, kurios metu perras\u030cai kaz\u030ckam visa\u0328 savo turta\u0328, o ta, kuri turi gydanti\u0328, terapini\u0328 poveiki\u0328 ku\u0304no ir psichikos vienybei. Linkiu gero skaitymo, atradimu\u0328 ir nuos\u030cirdaus pokalbio su savo ku\u0304nu ir jo poju\u0304c\u030ciais.&#8221; JURGITA JURKUTE\u0307 \u2013 S\u030cIRVAITE\u0307, TV laidu\u0328 vede\u0307ja, aktore\u0307 \u201eGaliu tik i\u0328sivaizduoti, kokia\u0328 nuostaba\u0328 jauc\u030cia i\u0328z\u030canga\u0328 ir turini\u0328 perskaite\u0328 z\u030cmone\u0307s, kaip garsiai \u201etaip negali bu\u0304ti!&#8221; skamba ju\u0328 mintyse, \u2013 ir as\u030c taip jauc\u030ciausi pirmos Michailo paskaitos Lietuvoje metu pries\u030c kelerius metus. Dabar esu liudininke\u0307 to, kad apras\u030comi jo metodai yra veiksmingi ir nuos\u030cirdz\u030ciai linkiu skaitytojams ne tik patike\u0307ti, kad knygoje apras\u030comi dalykai veikia, bet ir i\u0328sileisti bei pritaikyti s\u030cias z\u030cinias savo gyvenimo praktikose, kad patys tuo i\u0328sitikintu\u0328 ir taptu\u0328 sveikesne\u0307s ir dz\u030ciugesne\u0307s kasdienybe\u0307s liudininkais. Ovacijos! Ploju atsistojusi!&#8221; BRIGITA PAULIENE\u0307, Fizine\u0307s medicinos ir reabilitacijos gydytoja, klinikine\u0307 kineziologe\u0307, \u201eEquilibrium&#8221; metodo autore\u0307 \u201eKnyga, kuria\u0328 ju\u0304s laikote rankose, yra ypatinga de\u0307l triju\u0328 priez\u030casc\u030ciu\u0328. Pirmiausia, Lietuvoje ne\u0307ra is\u030cleista labai daug knygu\u0328 apie psichosomatika\u0328 ir psichoterapija\u0328. Antra, \u201epsichosomatikos guru&#8221; Michailas Filiajevas ir jo psichoterapijos metodas c\u030cia pristatytas gyvai ir is\u030c skirtingu\u0328 poziciju\u0328: jo paties ir jo darba\u0328 stebinc\u030cios bendraautore\u0307s.Trec\u030cia, skaitytojas tarsi pats panyra i\u0328 psichoterapinius seansus ir is\u030cgyvena kartu su dalyve\u0307mis ju\u0328 ku\u0304nis\u030ckas kanc\u030cias, kurios virsta emociniais protru\u0304kiais ir galu\u0328 gale \u2013 is\u030cgijimu. Autoriams galima papriekais\u030ctauti de\u0307l narcisizmo: \u201emes viska\u0328 pagydom greitai&#8221; ir \u201emes akimirksniu perprantame z\u030cmones&#8221; &#8211; visagalybe\u0307 yra pirma liga, nuo kurios gydo besimokanc\u030cius psichoterapeutus. Tac\u030ciau galimybe\u0307 de\u0307l hipnoze\u0307s ir Vokietijos naujosios medicinos greitai identifikuoti problema\u0328 ir ja\u0328 sumaz\u030cinti is\u030c tiesu\u0328 egzistuoja. Gydytojo R. G. Hamerio sukurta sistema yra retas pavyzdys to, kaip sprendz\u030ciama didz\u030ciausia mokslo mi\u0328sle\u0307: kaip ku\u0304nas susije\u0328s su siela. Kenc\u030ciantis z\u030cmogus griebiasi bet ko, kad jam palengve\u0307tu\u0328. Psichosomatiniai pacientai, sudarantys trec\u030cdali\u0328 visu\u0328 s\u030ceimos gydytojo lankytoju\u0328, negali pasigirti, kad atranda viena\u0328 veiksminga\u0328 vaista\u0328. Tode\u0307l kiekvienas naujas psichosomatiniu\u0328 ligu\u0328 gydymo metodas, net jei jis ir atrodo per daug paprastas ir per daug greitas, nusipelne\u0307 didele\u0307s pagarbos ir de\u0307mesio. Knyga nenuvils nei profesionalu\u0328, nei paprastu\u0328 skaitytoju\u0328, kuriems atsibodo girde\u0307ti \u201evisos ligos nuo nervu\u0328&#8221; ir nez\u030cinoti, ka\u0328 su tuo daryti. Ka\u0328 daryti? Skaitykite!&#8221; OLEGAS LAPINAS, gydytojas psichiatras, psichoterapeutas<\/p>\n","protected":false},"featured_media":15533,"comment_status":"open","ping_status":"closed","template":"","meta":{"_acf_changed":false,"site-sidebar-layout":"default","site-content-layout":"","ast-site-content-layout":"default","site-content-style":"default","site-sidebar-style":"default","ast-global-header-display":"","ast-banner-title-visibility":"","ast-main-header-display":"","ast-hfb-above-header-display":"","ast-hfb-below-header-display":"","ast-hfb-mobile-header-display":"","site-post-title":"","ast-breadcrumbs-content":"","ast-featured-img":"","footer-sml-layout":"","ast-disable-related-posts":"","theme-transparent-header-meta":"default","adv-header-id-meta":"","stick-header-meta":"","header-above-stick-meta":"","header-main-stick-meta":"","header-below-stick-meta":"","astra-migrate-meta-layouts":"set","ast-page-background-enabled":"default","ast-page-background-meta":{"desktop":{"background-color":"","background-image":"","background-repeat":"repeat","background-position":"center center","background-size":"auto","background-attachment":"scroll","background-type":"","background-media":"","overlay-type":"","overlay-color":"","overlay-opacity":"","overlay-gradient":""},"tablet":{"background-color":"","background-image":"","background-repeat":"repeat","background-position":"center center","background-size":"auto","background-attachment":"scroll","background-type":"","background-media":"","overlay-type":"","overlay-color":"","overlay-opacity":"","overlay-gradient":""},"mobile":{"background-color":"","background-image":"","background-repeat":"repeat","background-position":"center center","background-size":"auto","background-attachment":"scroll","background-type":"","background-media":"","overlay-type":"","overlay-color":"","overlay-opacity":"","overlay-gradient":""}},"ast-content-background-meta":{"desktop":{"background-color":"var(--ast-global-color-4)","background-image":"","background-repeat":"repeat","background-position":"center center","background-size":"auto","background-attachment":"scroll","background-type":"","background-media":"","overlay-type":"","overlay-color":"","overlay-opacity":"","overlay-gradient":""},"tablet":{"background-color":"var(--ast-global-color-4)","background-image":"","background-repeat":"repeat","background-position":"center center","background-size":"auto","background-attachment":"scroll","background-type":"","background-media":"","overlay-type":"","overlay-color":"","overlay-opacity":"","overlay-gradient":""},"mobile":{"background-color":"var(--ast-global-color-4)","background-image":"","background-repeat":"repeat","background-position":"center center","background-size":"auto","background-attachment":"scroll","background-type":"","background-media":"","overlay-type":"","overlay-color":"","overlay-opacity":"","overlay-gradient":""}}},"product_brand":[],"product_cat":[15,30],"product_tag":[1525,2558,2560,2557,2559,2561,1680],"class_list":{"0":"post-15387","1":"product","2":"type-product","3":"status-publish","4":"has-post-thumbnail","6":"product_cat-uncategorized","7":"product_cat-psichologija-ir-saviugda","8":"product_tag-emocijos","9":"product_tag-lana-bojeva","10":"product_tag-ligos-priezastys","11":"product_tag-michailas-filiajevas","12":"product_tag-psichosomatika","13":"product_tag-saves-pazinimas","14":"product_tag-sveikata","15":"desktop-align-left","16":"tablet-align-left","17":"mobile-align-left","19":"first","20":"outofstock","21":"shipping-taxable","22":"purchasable","23":"product-type-simple"},"acf":[],"yoast_head":"<!-- This site is optimized with the Yoast SEO plugin v27.0 - https:\/\/yoast.com\/product\/yoast-seo-wordpress\/ -->\n<title>Kita psichosomatikos pus\u0117<\/title>\n<meta name=\"description\" content=\"Ligos neatsiranda i\u0161 niekur nieko. J\u0173 prie\u017eastimi tampa netik\u0117tos, a\u0161trios, stresin\u0117s situacijos. Po tokiu\u0328 \u012fvyki\u0173 k\u016bne pradeda vykti neigiami poky\u010diai:\" \/>\n<meta name=\"robots\" content=\"index, follow, max-snippet:-1, max-image-preview:large, max-video-preview:-1\" \/>\n<link rel=\"canonical\" href=\"https:\/\/skaitytaknyga.lt\/en\/produktas\/kita-psichosomatikos-puse\/\" \/>\n<meta property=\"og:locale\" content=\"en_GB\" \/>\n<meta property=\"og:locale:alternate\" content=\"lt_LT\" \/>\n<meta property=\"og:type\" content=\"article\" \/>\n<meta property=\"og:title\" content=\"Kita psichosomatikos pus\u0117\" \/>\n<meta property=\"og:description\" content=\"Ligos neatsiranda i\u0161 niekur nieko. J\u0173 prie\u017eastimi tampa netik\u0117tos, a\u0161trios, stresin\u0117s situacijos. Po tokiu\u0328 \u012fvyki\u0173 k\u016bne pradeda vykti neigiami poky\u010diai:\" \/>\n<meta property=\"og:url\" content=\"https:\/\/skaitytaknyga.lt\/en\/produktas\/kita-psichosomatikos-puse\/\" \/>\n<meta property=\"og:site_name\" content=\"Skaitytaknyga\" \/>\n<meta property=\"article:publisher\" content=\"https:\/\/www.facebook.com\/skaitytaknyga\/\" \/>\n<meta property=\"article:modified_time\" content=\"2025-05-14T07:58:27+00:00\" \/>\n<meta property=\"og:image\" content=\"https:\/\/skaitytaknyga.lt\/wp-content\/uploads\/2024\/12\/Kita-psichosomatikos-puse.webp\" \/>\n\t<meta property=\"og:image:width\" content=\"560\" \/>\n\t<meta property=\"og:image:height\" content=\"800\" \/>\n\t<meta property=\"og:image:type\" content=\"image\/webp\" \/>\n<meta name=\"twitter:card\" content=\"summary_large_image\" \/>\n<meta name=\"twitter:label1\" content=\"Estimated reading time\" \/>\n\t<meta name=\"twitter:data1\" content=\"3 minutes\" \/>\n<script type=\"application\/ld+json\" class=\"yoast-schema-graph\">{\"@context\":\"https:\/\/schema.org\",\"@graph\":[{\"@type\":\"WebPage\",\"@id\":\"https:\/\/skaitytaknyga.lt\/produktas\/kita-psichosomatikos-puse\/\",\"url\":\"https:\/\/skaitytaknyga.lt\/produktas\/kita-psichosomatikos-puse\/\",\"name\":\"Kita psichosomatikos pus\u0117\",\"isPartOf\":{\"@id\":\"https:\/\/skaitytaknyga.lt\/#website\"},\"primaryImageOfPage\":{\"@id\":\"https:\/\/skaitytaknyga.lt\/produktas\/kita-psichosomatikos-puse\/#primaryimage\"},\"image\":{\"@id\":\"https:\/\/skaitytaknyga.lt\/produktas\/kita-psichosomatikos-puse\/#primaryimage\"},\"thumbnailUrl\":\"https:\/\/skaitytaknyga.lt\/wp-content\/uploads\/2024\/12\/Kita-psichosomatikos-puse.webp\",\"datePublished\":\"2024-12-17T09:13:23+00:00\",\"dateModified\":\"2025-05-14T07:58:27+00:00\",\"description\":\"Ligos neatsiranda i\u0161 niekur nieko. J\u0173 prie\u017eastimi tampa netik\u0117tos, a\u0161trios, stresin\u0117s situacijos. Po tokiu\u0328 \u012fvyki\u0173 k\u016bne pradeda vykti neigiami poky\u010diai:\",\"breadcrumb\":{\"@id\":\"https:\/\/skaitytaknyga.lt\/produktas\/kita-psichosomatikos-puse\/#breadcrumb\"},\"inLanguage\":\"en-GB\",\"potentialAction\":[{\"@type\":\"ReadAction\",\"target\":[\"https:\/\/skaitytaknyga.lt\/produktas\/kita-psichosomatikos-puse\/\"]}]},{\"@type\":\"ImageObject\",\"inLanguage\":\"en-GB\",\"@id\":\"https:\/\/skaitytaknyga.lt\/produktas\/kita-psichosomatikos-puse\/#primaryimage\",\"url\":\"https:\/\/skaitytaknyga.lt\/wp-content\/uploads\/2024\/12\/Kita-psichosomatikos-puse.webp\",\"contentUrl\":\"https:\/\/skaitytaknyga.lt\/wp-content\/uploads\/2024\/12\/Kita-psichosomatikos-puse.webp\",\"width\":560,\"height\":800,\"caption\":\"Kita psichosomatikos pus\u0117\"},{\"@type\":\"BreadcrumbList\",\"@id\":\"https:\/\/skaitytaknyga.lt\/produktas\/kita-psichosomatikos-puse\/#breadcrumb\",\"itemListElement\":[{\"@type\":\"ListItem\",\"position\":1,\"name\":\"Home\",\"item\":\"https:\/\/skaitytaknyga.lt\/\"},{\"@type\":\"ListItem\",\"position\":2,\"name\":\"Parduotuv\u0117\",\"item\":\"https:\/\/skaitytaknyga.lt\/knygu-parduotuve\/\"},{\"@type\":\"ListItem\",\"position\":3,\"name\":\"Kita psichosomatikos pus\u0117\"}]},{\"@type\":\"WebSite\",\"@id\":\"https:\/\/skaitytaknyga.lt\/#website\",\"url\":\"https:\/\/skaitytaknyga.lt\/\",\"name\":\"skaitytaknyga.lt\",\"description\":\"Skaitytaknyga.lt \u2013 tai ma\u017eas \u0161eimos verslas, kuris prasid\u0117jo nuo meil\u0117s knygoms ir siekio i\u0161gelb\u0117ti knygas nuo likimo prie konteinerio. Kas vienam nereikalingas daiktas \u2013 kitam lobis, o mes esame tarpininkai, kurie padeda abiems tapti laimingesniems ???? \u017dinome kaip nelengva i\u0161gyventi ma\u017eiems verslams, tad nuo \u0161iol, \u010dia rasite ir kit\u0173, ma\u017e\u0173 \u0161eim\u0173 versl\u0173, rank\u0173 darbo, dovan\u0173 sau ir artimiesiems.\",\"publisher\":{\"@id\":\"https:\/\/skaitytaknyga.lt\/#organization\"},\"potentialAction\":[{\"@type\":\"SearchAction\",\"target\":{\"@type\":\"EntryPoint\",\"urlTemplate\":\"https:\/\/skaitytaknyga.lt\/?s={search_term_string}\"},\"query-input\":{\"@type\":\"PropertyValueSpecification\",\"valueRequired\":true,\"valueName\":\"search_term_string\"}}],\"inLanguage\":\"en-GB\"},{\"@type\":\"Organization\",\"@id\":\"https:\/\/skaitytaknyga.lt\/#organization\",\"name\":\"skaitytaknyga.lt\",\"url\":\"https:\/\/skaitytaknyga.lt\/\",\"logo\":{\"@type\":\"ImageObject\",\"inLanguage\":\"en-GB\",\"@id\":\"https:\/\/skaitytaknyga.lt\/#\/schema\/logo\/image\/\",\"url\":\"https:\/\/skaitytaknyga.lt\/wp-content\/uploads\/2024\/05\/cropped-cropped-cropped-02_00843_jt3bggkj1j3HLc7SyY6rEUpg.jpeg\",\"contentUrl\":\"https:\/\/skaitytaknyga.lt\/wp-content\/uploads\/2024\/05\/cropped-cropped-cropped-02_00843_jt3bggkj1j3HLc7SyY6rEUpg.jpeg\",\"width\":1600,\"height\":1600,\"caption\":\"skaitytaknyga.lt\"},\"image\":{\"@id\":\"https:\/\/skaitytaknyga.lt\/#\/schema\/logo\/image\/\"},\"sameAs\":[\"https:\/\/www.facebook.com\/skaitytaknyga\/\"]}]}<\/script>\n<!-- \/ Yoast SEO plugin. -->","yoast_head_json":{"title":"Kita psichosomatikos pus\u0117","description":"Ligos neatsiranda i\u0161 niekur nieko. J\u0173 prie\u017eastimi tampa netik\u0117tos, a\u0161trios, stresin\u0117s situacijos. Po tokiu\u0328 \u012fvyki\u0173 k\u016bne pradeda vykti neigiami poky\u010diai:","robots":{"index":"index","follow":"follow","max-snippet":"max-snippet:-1","max-image-preview":"max-image-preview:large","max-video-preview":"max-video-preview:-1"},"canonical":"https:\/\/skaitytaknyga.lt\/en\/produktas\/kita-psichosomatikos-puse\/","og_locale":"en_GB","og_type":"article","og_title":"[:lt]Kita psichosomatikos pus\u0117[:] - Skaitytaknyga","og_description":"Ligos neatsiranda i\u0161 niekur nieko. J\u0173 prie\u017eastimi tampa netik\u0117tos, a\u0161trios, stresin\u0117s situacijos. Po tokiu\u0328 \u012fvyki\u0173 k\u016bne pradeda vykti neigiami poky\u010diai:","og_url":"https:\/\/skaitytaknyga.lt\/en\/produktas\/kita-psichosomatikos-puse\/","og_site_name":"Skaitytaknyga","article_publisher":"https:\/\/www.facebook.com\/skaitytaknyga\/","article_modified_time":"2025-05-14T07:58:27+00:00","og_image":[{"width":560,"height":800,"url":"https:\/\/skaitytaknyga.lt\/wp-content\/uploads\/2024\/12\/Kita-psichosomatikos-puse.webp","type":"image\/webp"}],"twitter_card":"summary_large_image","twitter_misc":{"Estimated reading time":"3 minutes"},"schema":{"@context":"https:\/\/schema.org","@graph":[{"@type":"WebPage","@id":"https:\/\/skaitytaknyga.lt\/produktas\/kita-psichosomatikos-puse\/","url":"https:\/\/skaitytaknyga.lt\/produktas\/kita-psichosomatikos-puse\/","name":"Kita psichosomatikos pus\u0117","isPartOf":{"@id":"https:\/\/skaitytaknyga.lt\/#website"},"primaryImageOfPage":{"@id":"https:\/\/skaitytaknyga.lt\/produktas\/kita-psichosomatikos-puse\/#primaryimage"},"image":{"@id":"https:\/\/skaitytaknyga.lt\/produktas\/kita-psichosomatikos-puse\/#primaryimage"},"thumbnailUrl":"https:\/\/skaitytaknyga.lt\/wp-content\/uploads\/2024\/12\/Kita-psichosomatikos-puse.webp","datePublished":"2024-12-17T09:13:23+00:00","dateModified":"2025-05-14T07:58:27+00:00","description":"Ligos neatsiranda i\u0161 niekur nieko. J\u0173 prie\u017eastimi tampa netik\u0117tos, a\u0161trios, stresin\u0117s situacijos. Po tokiu\u0328 \u012fvyki\u0173 k\u016bne pradeda vykti neigiami poky\u010diai:","breadcrumb":{"@id":"https:\/\/skaitytaknyga.lt\/produktas\/kita-psichosomatikos-puse\/#breadcrumb"},"inLanguage":"en-GB","potentialAction":[{"@type":"ReadAction","target":["https:\/\/skaitytaknyga.lt\/produktas\/kita-psichosomatikos-puse\/"]}]},{"@type":"ImageObject","inLanguage":"en-GB","@id":"https:\/\/skaitytaknyga.lt\/produktas\/kita-psichosomatikos-puse\/#primaryimage","url":"https:\/\/skaitytaknyga.lt\/wp-content\/uploads\/2024\/12\/Kita-psichosomatikos-puse.webp","contentUrl":"https:\/\/skaitytaknyga.lt\/wp-content\/uploads\/2024\/12\/Kita-psichosomatikos-puse.webp","width":560,"height":800,"caption":"Kita psichosomatikos pus\u0117"},{"@type":"BreadcrumbList","@id":"https:\/\/skaitytaknyga.lt\/produktas\/kita-psichosomatikos-puse\/#breadcrumb","itemListElement":[{"@type":"ListItem","position":1,"name":"Home","item":"https:\/\/skaitytaknyga.lt\/"},{"@type":"ListItem","position":2,"name":"Parduotuv\u0117","item":"https:\/\/skaitytaknyga.lt\/knygu-parduotuve\/"},{"@type":"ListItem","position":3,"name":"Kita psichosomatikos pus\u0117"}]},{"@type":"WebSite","@id":"https:\/\/skaitytaknyga.lt\/#website","url":"https:\/\/skaitytaknyga.lt\/","name":"skaitytaknyga.lt","description":"Skaitytaknyga.lt \u2013 tai ma\u017eas \u0161eimos verslas, kuris prasid\u0117jo nuo meil\u0117s knygoms ir siekio i\u0161gelb\u0117ti knygas nuo likimo prie konteinerio. Kas vienam nereikalingas daiktas \u2013 kitam lobis, o mes esame tarpininkai, kurie padeda abiems tapti laimingesniems ???? \u017dinome kaip nelengva i\u0161gyventi ma\u017eiems verslams, tad nuo \u0161iol, \u010dia rasite ir kit\u0173, ma\u017e\u0173 \u0161eim\u0173 versl\u0173, rank\u0173 darbo, dovan\u0173 sau ir artimiesiems.","publisher":{"@id":"https:\/\/skaitytaknyga.lt\/#organization"},"potentialAction":[{"@type":"SearchAction","target":{"@type":"EntryPoint","urlTemplate":"https:\/\/skaitytaknyga.lt\/?s={search_term_string}"},"query-input":{"@type":"PropertyValueSpecification","valueRequired":true,"valueName":"search_term_string"}}],"inLanguage":"en-GB"},{"@type":"Organization","@id":"https:\/\/skaitytaknyga.lt\/#organization","name":"skaitytaknyga.lt","url":"https:\/\/skaitytaknyga.lt\/","logo":{"@type":"ImageObject","inLanguage":"en-GB","@id":"https:\/\/skaitytaknyga.lt\/#\/schema\/logo\/image\/","url":"https:\/\/skaitytaknyga.lt\/wp-content\/uploads\/2024\/05\/cropped-cropped-cropped-02_00843_jt3bggkj1j3HLc7SyY6rEUpg.jpeg","contentUrl":"https:\/\/skaitytaknyga.lt\/wp-content\/uploads\/2024\/05\/cropped-cropped-cropped-02_00843_jt3bggkj1j3HLc7SyY6rEUpg.jpeg","width":1600,"height":1600,"caption":"skaitytaknyga.lt"},"image":{"@id":"https:\/\/skaitytaknyga.lt\/#\/schema\/logo\/image\/"},"sameAs":["https:\/\/www.facebook.com\/skaitytaknyga\/"]}]}},"_links":{"self":[{"href":"https:\/\/skaitytaknyga.lt\/en\/wp-json\/wp\/v2\/product\/15387","targetHints":{"allow":["GET"]}}],"collection":[{"href":"https:\/\/skaitytaknyga.lt\/en\/wp-json\/wp\/v2\/product"}],"about":[{"href":"https:\/\/skaitytaknyga.lt\/en\/wp-json\/wp\/v2\/types\/product"}],"replies":[{"embeddable":true,"href":"https:\/\/skaitytaknyga.lt\/en\/wp-json\/wp\/v2\/comments?post=15387"}],"wp:featuredmedia":[{"embeddable":true,"href":"https:\/\/skaitytaknyga.lt\/en\/wp-json\/wp\/v2\/media\/15533"}],"wp:attachment":[{"href":"https:\/\/skaitytaknyga.lt\/en\/wp-json\/wp\/v2\/media?parent=15387"}],"wp:term":[{"taxonomy":"product_brand","embeddable":true,"href":"https:\/\/skaitytaknyga.lt\/en\/wp-json\/wp\/v2\/product_brand?post=15387"},{"taxonomy":"product_cat","embeddable":true,"href":"https:\/\/skaitytaknyga.lt\/en\/wp-json\/wp\/v2\/product_cat?post=15387"},{"taxonomy":"product_tag","embeddable":true,"href":"https:\/\/skaitytaknyga.lt\/en\/wp-json\/wp\/v2\/product_tag?post=15387"}],"curies":[{"name":"wp","href":"https:\/\/api.w.org\/{rel}","templated":true}]}}