{"id":15378,"date":"2024-12-17T10:04:04","date_gmt":"2024-12-17T08:04:04","guid":{"rendered":"https:\/\/skaitytaknyga.lt\/?post_type=product&#038;p=15378"},"modified":"2026-01-30T20:48:23","modified_gmt":"2026-01-30T18:48:23","slug":"d-walliams-blogiausi-pasaulio-mokytojai","status":"publish","type":"product","link":"https:\/\/skaitytaknyga.lt\/en\/produktas\/d-walliams-blogiausi-pasaulio-mokytojai\/","title":{"rendered":"D. Walliams \u201eBlogiausi pasaulio mokytojai\u201c"},"content":{"rendered":"<p>David Walliams (Deividas Valjamsas) \u2013 brit\u0173 ra\u0161ytojas, d\u0117l kurio knyg\u0173 visi vaikai eina i\u0161 proto! Jis \u2013 m\u0117gstamiausias vaik\u0173 ra\u0161ytojas pasaulyje, jo knygos i\u0161verstos \u012f 53 kalbas. Daugyb\u0117 ma\u017e\u0173j\u0173 skaitytoj\u0173 juok\u0117si i\u0161 blogiausi\u0173 pasaulio vaik\u0173, o dabar eil\u0117 at\u0117jo&#8230; blogiausiems pasaulio mokytojams! Pagaliau vaikai gal\u0117s atker\u0161yti tiems savimi patenkintiems suaugusiesiems, valdantiems j\u0173 gyvenimus.<\/p>\n<p>Manote, kad j\u016bs\u0173 mokytojai blogi? Pa\u017ei\u016br\u0117kite \u012f siaub\u0105 varan\u010dius Panel\u0119 Puikyb\u0119, Pon\u0105 Pent\u0105 ar Poni\u0105 Ti\u0161k\u0119! \u0160ioje knygoje \u2013 de\u0161imt istorij\u0173 apie mokytojus, \u0161alia kuri\u0173 blogiausi pasaulio vaikai atrodo lyg ba\u017eny\u010dios choras. Tai labiausiai PASI\u0160LYK\u0160T\u0116TINA suaugusi\u0173j\u0173 kompanija planetoje. \u0160ie mokytojai yra baisiausias kiekvieno vaiko ko\u0161maras. Ta\u010diau prie\u0161 juos yra vienas nepaprastai galingas ginklas \u2013 juokas!<\/p>\n<p>\u0160i knyga skirta vaikams, kurie m\u0117gsta juoktis. Tiems, kas myli savo mokytojus ir d\u017eiaugiasi, kad jie \u2013 ne tokie, kaip knygos herojai. Ir t\u0117vams, kurie gal\u0117s \u0161iais pasakojimais linksminti ir \u0161iurpinti savo vaikus.<\/p>\n<p>\u0160i knyga neskirta tiems, kas neturi humoro jausmo!<\/p>\n<ul class=\"about-product d-none d-xl-block mt-4\">\n<li><strong>Originalus pavadinimas:<\/strong>\u00a0The world&#8217;s worst teachers<\/li>\n<li><strong>Autorius:<\/strong>\u00a0David Walliams<\/li>\n<li><strong>Leid\u0117jas:<\/strong>\u00a0Tyto alba<\/li>\n<li><strong>Metai:<\/strong>\u00a02024<\/li>\n<li><strong>Puslapiai:<\/strong>\u00a0312<\/li>\n<li class=\"toggleable type-new-formats \"><strong>ISBN:<\/strong>\u00a09786094664830<\/li>\n<li><strong>Versijos kodas:<\/strong>\u00a05<\/li>\n<li class=\"toggleable type-new-formats \"><strong>Formatas:<\/strong>\u00a015,9 x 22,1 x 2,8 cm, kieti vir\u0161eliai<\/li>\n<li><strong>Kalba:<\/strong>\u00a0Lietuvi\u0173<\/li>\n<li><strong>Vert\u0117jas:<\/strong>\u00a0Gediminas Au\u0161kalnis<\/li>\n<\/ul>\n","protected":false},"excerpt":{"rendered":"<p>David Walliams (Deividas Valjamsas) \u2013 brit\u0173 ra\u0161ytojas, d\u0117l kurio knyg\u0173 visi vaikai eina i\u0161 proto! Jis \u2013 m\u0117gstamiausias vaik\u0173 ra\u0161ytojas pasaulyje, jo knygos i\u0161verstos \u012f 53 kalbas. Daugyb\u0117 ma\u017e\u0173j\u0173 skaitytoj\u0173 juok\u0117si i\u0161 blogiausi\u0173 pasaulio vaik\u0173, o dabar eil\u0117 at\u0117jo&#8230; blogiausiems pasaulio mokytojams! Pagaliau vaikai gal\u0117s atker\u0161yti tiems savimi patenkintiems suaugusiesiems, valdantiems j\u0173 gyvenimus. Manote, kad j\u016bs\u0173 mokytojai blogi? Pa\u017ei\u016br\u0117kite \u012f siaub\u0105 varan\u010dius Panel\u0119 Puikyb\u0119, Pon\u0105 Pent\u0105 ar Poni\u0105 Ti\u0161k\u0119! \u0160ioje knygoje \u2013 de\u0161imt istorij\u0173 apie mokytojus, \u0161alia kuri\u0173 blogiausi pasaulio vaikai atrodo lyg ba\u017eny\u010dios choras. Tai labiausiai PASI\u0160LYK\u0160T\u0116TINA suaugusi\u0173j\u0173 kompanija planetoje. \u0160ie mokytojai yra baisiausias kiekvieno vaiko ko\u0161maras. Ta\u010diau prie\u0161 juos yra vienas nepaprastai galingas ginklas \u2013 juokas! \u0160i knyga skirta vaikams, kurie m\u0117gsta juoktis. Tiems, kas myli savo mokytojus ir d\u017eiaugiasi, kad jie \u2013 ne tokie, kaip knygos herojai. Ir t\u0117vams, kurie gal\u0117s \u0161iais pasakojimais linksminti ir \u0161iurpinti savo vaikus. \u0160i knyga neskirta tiems, kas neturi humoro jausmo! Originalus pavadinimas:\u00a0The world&#8217;s worst teachers Autorius:\u00a0David Walliams Leid\u0117jas:\u00a0Tyto alba Metai:\u00a02024 Puslapiai:\u00a0312 ISBN:\u00a09786094664830 Versijos kodas:\u00a05 Formatas:\u00a015,9 x 22,1 x 2,8 cm, kieti vir\u0161eliai Kalba:\u00a0Lietuvi\u0173 Vert\u0117jas:\u00a0Gediminas Au\u0161kalnis<\/p>\n","protected":false},"featured_media":15428,"comment_status":"open","ping_status":"closed","template":"","meta":{"_acf_changed":false,"site-sidebar-layout":"default","site-content-layout":"","ast-site-content-layout":"default","site-content-style":"default","site-sidebar-style":"default","ast-global-header-display":"","ast-banner-title-visibility":"","ast-main-header-display":"","ast-hfb-above-header-display":"","ast-hfb-below-header-display":"","ast-hfb-mobile-header-display":"","site-post-title":"","ast-breadcrumbs-content":"","ast-featured-img":"","footer-sml-layout":"","ast-disable-related-posts":"","theme-transparent-header-meta":"default","adv-header-id-meta":"","stick-header-meta":"","header-above-stick-meta":"","header-main-stick-meta":"","header-below-stick-meta":"","astra-migrate-meta-layouts":"set","ast-page-background-enabled":"default","ast-page-background-meta":{"desktop":{"background-color":"","background-image":"","background-repeat":"repeat","background-position":"center center","background-size":"auto","background-attachment":"scroll","background-type":"","background-media":"","overlay-type":"","overlay-color":"","overlay-opacity":"","overlay-gradient":""},"tablet":{"background-color":"","background-image":"","background-repeat":"repeat","background-position":"center center","background-size":"auto","background-attachment":"scroll","background-type":"","background-media":"","overlay-type":"","overlay-color":"","overlay-opacity":"","overlay-gradient":""},"mobile":{"background-color":"","background-image":"","background-repeat":"repeat","background-position":"center center","background-size":"auto","background-attachment":"scroll","background-type":"","background-media":"","overlay-type":"","overlay-color":"","overlay-opacity":"","overlay-gradient":""}},"ast-content-background-meta":{"desktop":{"background-color":"var(--ast-global-color-4)","background-image":"","background-repeat":"repeat","background-position":"center center","background-size":"auto","background-attachment":"scroll","background-type":"","background-media":"","overlay-type":"","overlay-color":"","overlay-opacity":"","overlay-gradient":""},"tablet":{"background-color":"var(--ast-global-color-4)","background-image":"","background-repeat":"repeat","background-position":"center center","background-size":"auto","background-attachment":"scroll","background-type":"","background-media":"","overlay-type":"","overlay-color":"","overlay-opacity":"","overlay-gradient":""},"mobile":{"background-color":"var(--ast-global-color-4)","background-image":"","background-repeat":"repeat","background-position":"center center","background-size":"auto","background-attachment":"scroll","background-type":"","background-media":"","overlay-type":"","overlay-color":"","overlay-opacity":"","overlay-gradient":""}}},"product_brand":[],"product_cat":[15,35],"product_tag":[9374],"class_list":{"0":"post-15378","1":"product","2":"type-product","3":"status-publish","4":"has-post-thumbnail","6":"product_cat-uncategorized","7":"product_cat-vaikams-ir-paaugliams","8":"product_tag-david-walliams","9":"desktop-align-left","10":"tablet-align-left","11":"mobile-align-left","13":"first","14":"instock","15":"shipping-taxable","16":"purchasable","17":"product-type-simple"},"acf":[],"yoast_head":"<!-- This site is optimized with the Yoast SEO plugin v27.0 - https:\/\/yoast.com\/product\/yoast-seo-wordpress\/ -->\n<title>D. Walliams \u201eBlogiausi pasaulio mokytojai\u201c<\/title>\n<meta name=\"description\" content=\"David Walliams (Deividas Valjamsas) \u2013 brit\u0173 ra\u0161ytojas, d\u0117l kurio knyg\u0173 visi vaikai eina i\u0161 proto! Jis \u2013 m\u0117gstamiausias vaik\u0173 ra\u0161ytojas pasaulyje, jo\" \/>\n<meta name=\"robots\" content=\"index, follow, max-snippet:-1, max-image-preview:large, max-video-preview:-1\" \/>\n<link rel=\"canonical\" href=\"https:\/\/skaitytaknyga.lt\/en\/produktas\/d-walliams-blogiausi-pasaulio-mokytojai\/\" \/>\n<meta property=\"og:locale\" content=\"en_GB\" \/>\n<meta property=\"og:locale:alternate\" content=\"lt_LT\" \/>\n<meta property=\"og:type\" content=\"article\" \/>\n<meta property=\"og:title\" content=\"D. Walliams \u201eBlogiausi pasaulio mokytojai\u201c\" \/>\n<meta property=\"og:description\" content=\"David Walliams (Deividas Valjamsas) \u2013 brit\u0173 ra\u0161ytojas, d\u0117l kurio knyg\u0173 visi vaikai eina i\u0161 proto! Jis \u2013 m\u0117gstamiausias vaik\u0173 ra\u0161ytojas pasaulyje, jo\" \/>\n<meta property=\"og:url\" content=\"https:\/\/skaitytaknyga.lt\/en\/produktas\/d-walliams-blogiausi-pasaulio-mokytojai\/\" \/>\n<meta property=\"og:site_name\" content=\"Skaitytaknyga\" \/>\n<meta property=\"article:publisher\" content=\"https:\/\/www.facebook.com\/skaitytaknyga\/\" \/>\n<meta property=\"article:modified_time\" content=\"2026-01-30T18:48:23+00:00\" \/>\n<meta property=\"og:image\" content=\"https:\/\/skaitytaknyga.lt\/wp-content\/uploads\/2024\/12\/D.-Walliams-\u201eBlogiausi-pasaulio-mokytojai.webp\" \/>\n\t<meta property=\"og:image:width\" content=\"603\" \/>\n\t<meta property=\"og:image:height\" content=\"800\" \/>\n\t<meta property=\"og:image:type\" content=\"image\/webp\" \/>\n<meta name=\"twitter:card\" content=\"summary_large_image\" \/>\n<meta name=\"twitter:label1\" content=\"Estimated reading time\" \/>\n\t<meta name=\"twitter:data1\" content=\"2 minutes\" \/>\n<script type=\"application\/ld+json\" class=\"yoast-schema-graph\">{\"@context\":\"https:\/\/schema.org\",\"@graph\":[{\"@type\":\"WebPage\",\"@id\":\"https:\/\/skaitytaknyga.lt\/produktas\/d-walliams-blogiausi-pasaulio-mokytojai\/\",\"url\":\"https:\/\/skaitytaknyga.lt\/produktas\/d-walliams-blogiausi-pasaulio-mokytojai\/\",\"name\":\"D. Walliams \u201eBlogiausi pasaulio mokytojai\u201c\",\"isPartOf\":{\"@id\":\"https:\/\/skaitytaknyga.lt\/#website\"},\"primaryImageOfPage\":{\"@id\":\"https:\/\/skaitytaknyga.lt\/produktas\/d-walliams-blogiausi-pasaulio-mokytojai\/#primaryimage\"},\"image\":{\"@id\":\"https:\/\/skaitytaknyga.lt\/produktas\/d-walliams-blogiausi-pasaulio-mokytojai\/#primaryimage\"},\"thumbnailUrl\":\"https:\/\/skaitytaknyga.lt\/wp-content\/uploads\/2024\/12\/D.-Walliams-\u201eBlogiausi-pasaulio-mokytojai.webp\",\"datePublished\":\"2024-12-17T08:04:04+00:00\",\"dateModified\":\"2026-01-30T18:48:23+00:00\",\"description\":\"David Walliams (Deividas Valjamsas) \u2013 brit\u0173 ra\u0161ytojas, d\u0117l kurio knyg\u0173 visi vaikai eina i\u0161 proto! Jis \u2013 m\u0117gstamiausias vaik\u0173 ra\u0161ytojas pasaulyje, jo\",\"breadcrumb\":{\"@id\":\"https:\/\/skaitytaknyga.lt\/produktas\/d-walliams-blogiausi-pasaulio-mokytojai\/#breadcrumb\"},\"inLanguage\":\"en-GB\",\"potentialAction\":[{\"@type\":\"ReadAction\",\"target\":[\"https:\/\/skaitytaknyga.lt\/produktas\/d-walliams-blogiausi-pasaulio-mokytojai\/\"]}]},{\"@type\":\"ImageObject\",\"inLanguage\":\"en-GB\",\"@id\":\"https:\/\/skaitytaknyga.lt\/produktas\/d-walliams-blogiausi-pasaulio-mokytojai\/#primaryimage\",\"url\":\"https:\/\/skaitytaknyga.lt\/wp-content\/uploads\/2024\/12\/D.-Walliams-\u201eBlogiausi-pasaulio-mokytojai.webp\",\"contentUrl\":\"https:\/\/skaitytaknyga.lt\/wp-content\/uploads\/2024\/12\/D.-Walliams-\u201eBlogiausi-pasaulio-mokytojai.webp\",\"width\":603,\"height\":800,\"caption\":\"D. Walliams \u201eBlogiausi pasaulio mokytojai\u201c\"},{\"@type\":\"BreadcrumbList\",\"@id\":\"https:\/\/skaitytaknyga.lt\/produktas\/d-walliams-blogiausi-pasaulio-mokytojai\/#breadcrumb\",\"itemListElement\":[{\"@type\":\"ListItem\",\"position\":1,\"name\":\"Home\",\"item\":\"https:\/\/skaitytaknyga.lt\/\"},{\"@type\":\"ListItem\",\"position\":2,\"name\":\"Parduotuv\u0117\",\"item\":\"https:\/\/skaitytaknyga.lt\/knygu-parduotuve\/\"},{\"@type\":\"ListItem\",\"position\":3,\"name\":\"D. Walliams \u201eBlogiausi pasaulio mokytojai\u201c\"}]},{\"@type\":\"WebSite\",\"@id\":\"https:\/\/skaitytaknyga.lt\/#website\",\"url\":\"https:\/\/skaitytaknyga.lt\/\",\"name\":\"skaitytaknyga.lt\",\"description\":\"Skaitytaknyga.lt \u2013 tai ma\u017eas \u0161eimos verslas, kuris prasid\u0117jo nuo meil\u0117s knygoms ir siekio i\u0161gelb\u0117ti knygas nuo likimo prie konteinerio. Kas vienam nereikalingas daiktas \u2013 kitam lobis, o mes esame tarpininkai, kurie padeda abiems tapti laimingesniems ???? \u017dinome kaip nelengva i\u0161gyventi ma\u017eiems verslams, tad nuo \u0161iol, \u010dia rasite ir kit\u0173, ma\u017e\u0173 \u0161eim\u0173 versl\u0173, rank\u0173 darbo, dovan\u0173 sau ir artimiesiems.\",\"publisher\":{\"@id\":\"https:\/\/skaitytaknyga.lt\/#organization\"},\"potentialAction\":[{\"@type\":\"SearchAction\",\"target\":{\"@type\":\"EntryPoint\",\"urlTemplate\":\"https:\/\/skaitytaknyga.lt\/?s={search_term_string}\"},\"query-input\":{\"@type\":\"PropertyValueSpecification\",\"valueRequired\":true,\"valueName\":\"search_term_string\"}}],\"inLanguage\":\"en-GB\"},{\"@type\":\"Organization\",\"@id\":\"https:\/\/skaitytaknyga.lt\/#organization\",\"name\":\"skaitytaknyga.lt\",\"url\":\"https:\/\/skaitytaknyga.lt\/\",\"logo\":{\"@type\":\"ImageObject\",\"inLanguage\":\"en-GB\",\"@id\":\"https:\/\/skaitytaknyga.lt\/#\/schema\/logo\/image\/\",\"url\":\"https:\/\/skaitytaknyga.lt\/wp-content\/uploads\/2024\/05\/cropped-cropped-cropped-02_00843_jt3bggkj1j3HLc7SyY6rEUpg.jpeg\",\"contentUrl\":\"https:\/\/skaitytaknyga.lt\/wp-content\/uploads\/2024\/05\/cropped-cropped-cropped-02_00843_jt3bggkj1j3HLc7SyY6rEUpg.jpeg\",\"width\":1600,\"height\":1600,\"caption\":\"skaitytaknyga.lt\"},\"image\":{\"@id\":\"https:\/\/skaitytaknyga.lt\/#\/schema\/logo\/image\/\"},\"sameAs\":[\"https:\/\/www.facebook.com\/skaitytaknyga\/\"]}]}<\/script>\n<!-- \/ Yoast SEO plugin. -->","yoast_head_json":{"title":"D. Walliams \u201eBlogiausi pasaulio mokytojai\u201c","description":"David Walliams (Deividas Valjamsas) \u2013 brit\u0173 ra\u0161ytojas, d\u0117l kurio knyg\u0173 visi vaikai eina i\u0161 proto! Jis \u2013 m\u0117gstamiausias vaik\u0173 ra\u0161ytojas pasaulyje, jo","robots":{"index":"index","follow":"follow","max-snippet":"max-snippet:-1","max-image-preview":"max-image-preview:large","max-video-preview":"max-video-preview:-1"},"canonical":"https:\/\/skaitytaknyga.lt\/en\/produktas\/d-walliams-blogiausi-pasaulio-mokytojai\/","og_locale":"en_GB","og_type":"article","og_title":"[:lt]D. Walliams \u201eBlogiausi pasaulio mokytojai\u201c[:] - Skaitytaknyga","og_description":"David Walliams (Deividas Valjamsas) \u2013 brit\u0173 ra\u0161ytojas, d\u0117l kurio knyg\u0173 visi vaikai eina i\u0161 proto! Jis \u2013 m\u0117gstamiausias vaik\u0173 ra\u0161ytojas pasaulyje, jo","og_url":"https:\/\/skaitytaknyga.lt\/en\/produktas\/d-walliams-blogiausi-pasaulio-mokytojai\/","og_site_name":"Skaitytaknyga","article_publisher":"https:\/\/www.facebook.com\/skaitytaknyga\/","article_modified_time":"2026-01-30T18:48:23+00:00","og_image":[{"width":603,"height":800,"url":"https:\/\/skaitytaknyga.lt\/wp-content\/uploads\/2024\/12\/D.-Walliams-\u201eBlogiausi-pasaulio-mokytojai.webp","type":"image\/webp"}],"twitter_card":"summary_large_image","twitter_misc":{"Estimated reading time":"2 minutes"},"schema":{"@context":"https:\/\/schema.org","@graph":[{"@type":"WebPage","@id":"https:\/\/skaitytaknyga.lt\/produktas\/d-walliams-blogiausi-pasaulio-mokytojai\/","url":"https:\/\/skaitytaknyga.lt\/produktas\/d-walliams-blogiausi-pasaulio-mokytojai\/","name":"D. Walliams \u201eBlogiausi pasaulio mokytojai\u201c","isPartOf":{"@id":"https:\/\/skaitytaknyga.lt\/#website"},"primaryImageOfPage":{"@id":"https:\/\/skaitytaknyga.lt\/produktas\/d-walliams-blogiausi-pasaulio-mokytojai\/#primaryimage"},"image":{"@id":"https:\/\/skaitytaknyga.lt\/produktas\/d-walliams-blogiausi-pasaulio-mokytojai\/#primaryimage"},"thumbnailUrl":"https:\/\/skaitytaknyga.lt\/wp-content\/uploads\/2024\/12\/D.-Walliams-\u201eBlogiausi-pasaulio-mokytojai.webp","datePublished":"2024-12-17T08:04:04+00:00","dateModified":"2026-01-30T18:48:23+00:00","description":"David Walliams (Deividas Valjamsas) \u2013 brit\u0173 ra\u0161ytojas, d\u0117l kurio knyg\u0173 visi vaikai eina i\u0161 proto! Jis \u2013 m\u0117gstamiausias vaik\u0173 ra\u0161ytojas pasaulyje, jo","breadcrumb":{"@id":"https:\/\/skaitytaknyga.lt\/produktas\/d-walliams-blogiausi-pasaulio-mokytojai\/#breadcrumb"},"inLanguage":"en-GB","potentialAction":[{"@type":"ReadAction","target":["https:\/\/skaitytaknyga.lt\/produktas\/d-walliams-blogiausi-pasaulio-mokytojai\/"]}]},{"@type":"ImageObject","inLanguage":"en-GB","@id":"https:\/\/skaitytaknyga.lt\/produktas\/d-walliams-blogiausi-pasaulio-mokytojai\/#primaryimage","url":"https:\/\/skaitytaknyga.lt\/wp-content\/uploads\/2024\/12\/D.-Walliams-\u201eBlogiausi-pasaulio-mokytojai.webp","contentUrl":"https:\/\/skaitytaknyga.lt\/wp-content\/uploads\/2024\/12\/D.-Walliams-\u201eBlogiausi-pasaulio-mokytojai.webp","width":603,"height":800,"caption":"D. Walliams \u201eBlogiausi pasaulio mokytojai\u201c"},{"@type":"BreadcrumbList","@id":"https:\/\/skaitytaknyga.lt\/produktas\/d-walliams-blogiausi-pasaulio-mokytojai\/#breadcrumb","itemListElement":[{"@type":"ListItem","position":1,"name":"Home","item":"https:\/\/skaitytaknyga.lt\/"},{"@type":"ListItem","position":2,"name":"Parduotuv\u0117","item":"https:\/\/skaitytaknyga.lt\/knygu-parduotuve\/"},{"@type":"ListItem","position":3,"name":"D. Walliams \u201eBlogiausi pasaulio mokytojai\u201c"}]},{"@type":"WebSite","@id":"https:\/\/skaitytaknyga.lt\/#website","url":"https:\/\/skaitytaknyga.lt\/","name":"skaitytaknyga.lt","description":"Skaitytaknyga.lt \u2013 tai ma\u017eas \u0161eimos verslas, kuris prasid\u0117jo nuo meil\u0117s knygoms ir siekio i\u0161gelb\u0117ti knygas nuo likimo prie konteinerio. Kas vienam nereikalingas daiktas \u2013 kitam lobis, o mes esame tarpininkai, kurie padeda abiems tapti laimingesniems ???? \u017dinome kaip nelengva i\u0161gyventi ma\u017eiems verslams, tad nuo \u0161iol, \u010dia rasite ir kit\u0173, ma\u017e\u0173 \u0161eim\u0173 versl\u0173, rank\u0173 darbo, dovan\u0173 sau ir artimiesiems.","publisher":{"@id":"https:\/\/skaitytaknyga.lt\/#organization"},"potentialAction":[{"@type":"SearchAction","target":{"@type":"EntryPoint","urlTemplate":"https:\/\/skaitytaknyga.lt\/?s={search_term_string}"},"query-input":{"@type":"PropertyValueSpecification","valueRequired":true,"valueName":"search_term_string"}}],"inLanguage":"en-GB"},{"@type":"Organization","@id":"https:\/\/skaitytaknyga.lt\/#organization","name":"skaitytaknyga.lt","url":"https:\/\/skaitytaknyga.lt\/","logo":{"@type":"ImageObject","inLanguage":"en-GB","@id":"https:\/\/skaitytaknyga.lt\/#\/schema\/logo\/image\/","url":"https:\/\/skaitytaknyga.lt\/wp-content\/uploads\/2024\/05\/cropped-cropped-cropped-02_00843_jt3bggkj1j3HLc7SyY6rEUpg.jpeg","contentUrl":"https:\/\/skaitytaknyga.lt\/wp-content\/uploads\/2024\/05\/cropped-cropped-cropped-02_00843_jt3bggkj1j3HLc7SyY6rEUpg.jpeg","width":1600,"height":1600,"caption":"skaitytaknyga.lt"},"image":{"@id":"https:\/\/skaitytaknyga.lt\/#\/schema\/logo\/image\/"},"sameAs":["https:\/\/www.facebook.com\/skaitytaknyga\/"]}]}},"_links":{"self":[{"href":"https:\/\/skaitytaknyga.lt\/en\/wp-json\/wp\/v2\/product\/15378","targetHints":{"allow":["GET"]}}],"collection":[{"href":"https:\/\/skaitytaknyga.lt\/en\/wp-json\/wp\/v2\/product"}],"about":[{"href":"https:\/\/skaitytaknyga.lt\/en\/wp-json\/wp\/v2\/types\/product"}],"replies":[{"embeddable":true,"href":"https:\/\/skaitytaknyga.lt\/en\/wp-json\/wp\/v2\/comments?post=15378"}],"wp:featuredmedia":[{"embeddable":true,"href":"https:\/\/skaitytaknyga.lt\/en\/wp-json\/wp\/v2\/media\/15428"}],"wp:attachment":[{"href":"https:\/\/skaitytaknyga.lt\/en\/wp-json\/wp\/v2\/media?parent=15378"}],"wp:term":[{"taxonomy":"product_brand","embeddable":true,"href":"https:\/\/skaitytaknyga.lt\/en\/wp-json\/wp\/v2\/product_brand?post=15378"},{"taxonomy":"product_cat","embeddable":true,"href":"https:\/\/skaitytaknyga.lt\/en\/wp-json\/wp\/v2\/product_cat?post=15378"},{"taxonomy":"product_tag","embeddable":true,"href":"https:\/\/skaitytaknyga.lt\/en\/wp-json\/wp\/v2\/product_tag?post=15378"}],"curies":[{"name":"wp","href":"https:\/\/api.w.org\/{rel}","templated":true}]}}