{"id":15376,"date":"2024-12-17T10:04:04","date_gmt":"2024-12-17T08:04:04","guid":{"rendered":"https:\/\/skaitytaknyga.lt\/?post_type=product&#038;p=15376"},"modified":"2024-12-17T11:58:47","modified_gmt":"2024-12-17T09:58:47","slug":"d-walliams-blogiausi-pasaulio-vaikai-2","status":"publish","type":"product","link":"https:\/\/skaitytaknyga.lt\/en\/produktas\/d-walliams-blogiausi-pasaulio-vaikai-2\/","title":{"rendered":"D. Walliams \u201eBlogiausi pasaulio vaikai 2\u201c"},"content":{"rendered":"<p>DAVID WALLIAMS (Deividas Valjamsas) \u2013 brit\u0173 ra\u0161ytojas, d\u0117l kurio juoking\u0173 ir \u012fdomi\u0173 knyg\u0173 visi Jungtin\u0117s Karalyst\u0117s vaikai eina i\u0161 proto. Jis \u0161iuo metu \u2013 pats m\u0117gstamiausias vaik\u0173 ra\u0161ytojas pasaulyje! Jo knyg\u0173 veik\u0117jai da\u017enai nesielgia taip, kaip tur\u0117t\u0173, bet juk kaip tik u\u017e tai mes juos ir mylime. Jei jau skait\u0117te pirm\u0105j\u0105 jo knyg\u0105 apie blogiausius pasaulyje vaikus, jums tikrai bus \u012fdomu susipa\u017einti su nauju blogiuk\u0173 b\u016briu.<\/p>\n<p>J\u016bs\u0173 d\u0117mesiui \u2013 Lep\u016bnas Bredas, Super\u017evaig\u017ed\u0117 Steis\u0117, nam\u0173 darb\u0173 neken\u010diantis Haris ir visi kiti, priver\u010diantys griebtis u\u017e galvos ir t\u0117vus, ir mokytojus, ir kaimynus!<\/p>\n<p>Neskaitykite \u0161ios knygos, jei neturite humoro jausmo. Skaitykite, jei norite pasijuokti i\u0161 blogiuk\u0173, kuriems nutinka \u012fvairiausi\u0173 nuotyki\u0173 \u2013 ir d\u017eiaukit\u0117s, kad j\u016bs ne tokie. O jei esate bent truput\u0117l\u012f pana\u0161\u016bs \u012f \u0161ios knygos veik\u0117jus, tai \u0161ios istorijos tur\u0117t\u0173 jums patikti dar labiau!<\/p>\n","protected":false},"excerpt":{"rendered":"<p>DAVID WALLIAMS (Deividas Valjamsas) \u2013 brit\u0173 ra\u0161ytojas, d\u0117l kurio juoking\u0173 ir \u012fdomi\u0173 knyg\u0173 visi Jungtin\u0117s Karalyst\u0117s vaikai eina i\u0161 proto. Jis \u0161iuo metu \u2013 pats m\u0117gstamiausias vaik\u0173 ra\u0161ytojas pasaulyje! Jo knyg\u0173 veik\u0117jai da\u017enai nesielgia taip, kaip tur\u0117t\u0173, bet juk kaip tik u\u017e tai mes juos ir mylime. Jei jau skait\u0117te pirm\u0105j\u0105 jo knyg\u0105 apie blogiausius pasaulyje vaikus, jums tikrai bus \u012fdomu susipa\u017einti su nauju blogiuk\u0173 b\u016briu. J\u016bs\u0173 d\u0117mesiui \u2013 Lep\u016bnas Bredas, Super\u017evaig\u017ed\u0117 Steis\u0117, nam\u0173 darb\u0173 neken\u010diantis Haris ir visi kiti, priver\u010diantys griebtis u\u017e galvos ir t\u0117vus, ir mokytojus, ir kaimynus! Neskaitykite \u0161ios knygos, jei neturite humoro jausmo. Skaitykite, jei norite pasijuokti i\u0161 blogiuk\u0173, kuriems nutinka \u012fvairiausi\u0173 nuotyki\u0173 \u2013 ir d\u017eiaukit\u0117s, kad j\u016bs ne tokie. O jei esate bent truput\u0117l\u012f pana\u0161\u016bs \u012f \u0161ios knygos veik\u0117jus, tai \u0161ios istorijos tur\u0117t\u0173 jums patikti dar labiau!<\/p>\n","protected":false},"featured_media":15432,"comment_status":"open","ping_status":"closed","template":"","meta":{"_acf_changed":false,"site-sidebar-layout":"default","site-content-layout":"","ast-site-content-layout":"default","site-content-style":"default","site-sidebar-style":"default","ast-global-header-display":"","ast-banner-title-visibility":"","ast-main-header-display":"","ast-hfb-above-header-display":"","ast-hfb-below-header-display":"","ast-hfb-mobile-header-display":"","site-post-title":"","ast-breadcrumbs-content":"","ast-featured-img":"","footer-sml-layout":"","ast-disable-related-posts":"","theme-transparent-header-meta":"default","adv-header-id-meta":"","stick-header-meta":"","header-above-stick-meta":"","header-main-stick-meta":"","header-below-stick-meta":"","astra-migrate-meta-layouts":"set","ast-page-background-enabled":"default","ast-page-background-meta":{"desktop":{"background-color":"","background-image":"","background-repeat":"repeat","background-position":"center center","background-size":"auto","background-attachment":"scroll","background-type":"","background-media":"","overlay-type":"","overlay-color":"","overlay-opacity":"","overlay-gradient":""},"tablet":{"background-color":"","background-image":"","background-repeat":"repeat","background-position":"center center","background-size":"auto","background-attachment":"scroll","background-type":"","background-media":"","overlay-type":"","overlay-color":"","overlay-opacity":"","overlay-gradient":""},"mobile":{"background-color":"","background-image":"","background-repeat":"repeat","background-position":"center center","background-size":"auto","background-attachment":"scroll","background-type":"","background-media":"","overlay-type":"","overlay-color":"","overlay-opacity":"","overlay-gradient":""}},"ast-content-background-meta":{"desktop":{"background-color":"var(--ast-global-color-4)","background-image":"","background-repeat":"repeat","background-position":"center center","background-size":"auto","background-attachment":"scroll","background-type":"","background-media":"","overlay-type":"","overlay-color":"","overlay-opacity":"","overlay-gradient":""},"tablet":{"background-color":"var(--ast-global-color-4)","background-image":"","background-repeat":"repeat","background-position":"center center","background-size":"auto","background-attachment":"scroll","background-type":"","background-media":"","overlay-type":"","overlay-color":"","overlay-opacity":"","overlay-gradient":""},"mobile":{"background-color":"var(--ast-global-color-4)","background-image":"","background-repeat":"repeat","background-position":"center center","background-size":"auto","background-attachment":"scroll","background-type":"","background-media":"","overlay-type":"","overlay-color":"","overlay-opacity":"","overlay-gradient":""}}},"product_brand":[],"product_cat":[15,35],"product_tag":[],"class_list":{"0":"post-15376","1":"product","2":"type-product","3":"status-publish","4":"has-post-thumbnail","6":"product_cat-uncategorized","7":"product_cat-vaikams-ir-paaugliams","8":"desktop-align-left","9":"tablet-align-left","10":"mobile-align-left","12":"first","13":"instock","14":"shipping-taxable","15":"purchasable","16":"product-type-simple"},"acf":[],"yoast_head":"<!-- This site is optimized with the Yoast SEO plugin v27.0 - https:\/\/yoast.com\/product\/yoast-seo-wordpress\/ -->\n<title>D. Walliams \u201eBlogiausi pasaulio vaikai 2\u201c<\/title>\n<meta name=\"description\" content=\"DAVID WALLIAMS (Deividas Valjamsas) \u2013 brit\u0173 ra\u0161ytojas, d\u0117l kurio juoking\u0173 ir \u012fdomi\u0173 knyg\u0173 visi Jungtin\u0117s Karalyst\u0117s vaikai eina i\u0161 proto. Jis \u0161iuo metu \u2013\" \/>\n<meta name=\"robots\" content=\"index, follow, max-snippet:-1, max-image-preview:large, max-video-preview:-1\" \/>\n<link rel=\"canonical\" href=\"https:\/\/skaitytaknyga.lt\/en\/produktas\/d-walliams-blogiausi-pasaulio-vaikai-2\/\" \/>\n<meta property=\"og:locale\" content=\"en_GB\" \/>\n<meta property=\"og:locale:alternate\" content=\"lt_LT\" \/>\n<meta property=\"og:type\" content=\"article\" \/>\n<meta property=\"og:title\" content=\"D. Walliams \u201eBlogiausi pasaulio vaikai 2\u201c\" \/>\n<meta property=\"og:description\" content=\"DAVID WALLIAMS (Deividas Valjamsas) \u2013 brit\u0173 ra\u0161ytojas, d\u0117l kurio juoking\u0173 ir \u012fdomi\u0173 knyg\u0173 visi Jungtin\u0117s Karalyst\u0117s vaikai eina i\u0161 proto. Jis \u0161iuo metu \u2013\" \/>\n<meta property=\"og:url\" content=\"https:\/\/skaitytaknyga.lt\/en\/produktas\/d-walliams-blogiausi-pasaulio-vaikai-2\/\" \/>\n<meta property=\"og:site_name\" content=\"Skaitytaknyga\" \/>\n<meta property=\"article:publisher\" content=\"https:\/\/www.facebook.com\/skaitytaknyga\/\" \/>\n<meta property=\"article:modified_time\" content=\"2024-12-17T09:58:47+00:00\" \/>\n<meta property=\"og:image\" content=\"https:\/\/skaitytaknyga.lt\/wp-content\/uploads\/2024\/12\/D.-Walliams-\u201eBlogiausi-pasaulio-vaikai-2.webp\" \/>\n\t<meta property=\"og:image:width\" content=\"533\" \/>\n\t<meta property=\"og:image:height\" content=\"800\" \/>\n\t<meta property=\"og:image:type\" content=\"image\/webp\" \/>\n<meta name=\"twitter:card\" content=\"summary_large_image\" \/>\n<meta name=\"twitter:label1\" content=\"Estimated reading time\" \/>\n\t<meta name=\"twitter:data1\" content=\"1 minute\" \/>\n<script type=\"application\/ld+json\" class=\"yoast-schema-graph\">{\"@context\":\"https:\/\/schema.org\",\"@graph\":[{\"@type\":\"WebPage\",\"@id\":\"https:\/\/skaitytaknyga.lt\/produktas\/d-walliams-blogiausi-pasaulio-vaikai-2\/\",\"url\":\"https:\/\/skaitytaknyga.lt\/produktas\/d-walliams-blogiausi-pasaulio-vaikai-2\/\",\"name\":\"D. Walliams \u201eBlogiausi pasaulio vaikai 2\u201c\",\"isPartOf\":{\"@id\":\"https:\/\/skaitytaknyga.lt\/#website\"},\"primaryImageOfPage\":{\"@id\":\"https:\/\/skaitytaknyga.lt\/produktas\/d-walliams-blogiausi-pasaulio-vaikai-2\/#primaryimage\"},\"image\":{\"@id\":\"https:\/\/skaitytaknyga.lt\/produktas\/d-walliams-blogiausi-pasaulio-vaikai-2\/#primaryimage\"},\"thumbnailUrl\":\"https:\/\/skaitytaknyga.lt\/wp-content\/uploads\/2024\/12\/D.-Walliams-\u201eBlogiausi-pasaulio-vaikai-2.webp\",\"datePublished\":\"2024-12-17T08:04:04+00:00\",\"dateModified\":\"2024-12-17T09:58:47+00:00\",\"description\":\"DAVID WALLIAMS (Deividas Valjamsas) \u2013 brit\u0173 ra\u0161ytojas, d\u0117l kurio juoking\u0173 ir \u012fdomi\u0173 knyg\u0173 visi Jungtin\u0117s Karalyst\u0117s vaikai eina i\u0161 proto. Jis \u0161iuo metu \u2013\",\"breadcrumb\":{\"@id\":\"https:\/\/skaitytaknyga.lt\/produktas\/d-walliams-blogiausi-pasaulio-vaikai-2\/#breadcrumb\"},\"inLanguage\":\"en-GB\",\"potentialAction\":[{\"@type\":\"ReadAction\",\"target\":[\"https:\/\/skaitytaknyga.lt\/produktas\/d-walliams-blogiausi-pasaulio-vaikai-2\/\"]}]},{\"@type\":\"ImageObject\",\"inLanguage\":\"en-GB\",\"@id\":\"https:\/\/skaitytaknyga.lt\/produktas\/d-walliams-blogiausi-pasaulio-vaikai-2\/#primaryimage\",\"url\":\"https:\/\/skaitytaknyga.lt\/wp-content\/uploads\/2024\/12\/D.-Walliams-\u201eBlogiausi-pasaulio-vaikai-2.webp\",\"contentUrl\":\"https:\/\/skaitytaknyga.lt\/wp-content\/uploads\/2024\/12\/D.-Walliams-\u201eBlogiausi-pasaulio-vaikai-2.webp\",\"width\":533,\"height\":800,\"caption\":\"D. Walliams \u201eBlogiausi pasaulio vaikai 2\u201c\"},{\"@type\":\"BreadcrumbList\",\"@id\":\"https:\/\/skaitytaknyga.lt\/produktas\/d-walliams-blogiausi-pasaulio-vaikai-2\/#breadcrumb\",\"itemListElement\":[{\"@type\":\"ListItem\",\"position\":1,\"name\":\"Home\",\"item\":\"https:\/\/skaitytaknyga.lt\/\"},{\"@type\":\"ListItem\",\"position\":2,\"name\":\"Parduotuv\u0117\",\"item\":\"https:\/\/skaitytaknyga.lt\/knygu-parduotuve\/\"},{\"@type\":\"ListItem\",\"position\":3,\"name\":\"D. Walliams \u201eBlogiausi pasaulio vaikai 2\u201c\"}]},{\"@type\":\"WebSite\",\"@id\":\"https:\/\/skaitytaknyga.lt\/#website\",\"url\":\"https:\/\/skaitytaknyga.lt\/\",\"name\":\"skaitytaknyga.lt\",\"description\":\"Skaitytaknyga.lt \u2013 tai ma\u017eas \u0161eimos verslas, kuris prasid\u0117jo nuo meil\u0117s knygoms ir siekio i\u0161gelb\u0117ti knygas nuo likimo prie konteinerio. Kas vienam nereikalingas daiktas \u2013 kitam lobis, o mes esame tarpininkai, kurie padeda abiems tapti laimingesniems ???? \u017dinome kaip nelengva i\u0161gyventi ma\u017eiems verslams, tad nuo \u0161iol, \u010dia rasite ir kit\u0173, ma\u017e\u0173 \u0161eim\u0173 versl\u0173, rank\u0173 darbo, dovan\u0173 sau ir artimiesiems.\",\"publisher\":{\"@id\":\"https:\/\/skaitytaknyga.lt\/#organization\"},\"potentialAction\":[{\"@type\":\"SearchAction\",\"target\":{\"@type\":\"EntryPoint\",\"urlTemplate\":\"https:\/\/skaitytaknyga.lt\/?s={search_term_string}\"},\"query-input\":{\"@type\":\"PropertyValueSpecification\",\"valueRequired\":true,\"valueName\":\"search_term_string\"}}],\"inLanguage\":\"en-GB\"},{\"@type\":\"Organization\",\"@id\":\"https:\/\/skaitytaknyga.lt\/#organization\",\"name\":\"skaitytaknyga.lt\",\"url\":\"https:\/\/skaitytaknyga.lt\/\",\"logo\":{\"@type\":\"ImageObject\",\"inLanguage\":\"en-GB\",\"@id\":\"https:\/\/skaitytaknyga.lt\/#\/schema\/logo\/image\/\",\"url\":\"https:\/\/skaitytaknyga.lt\/wp-content\/uploads\/2024\/05\/cropped-cropped-cropped-02_00843_jt3bggkj1j3HLc7SyY6rEUpg.jpeg\",\"contentUrl\":\"https:\/\/skaitytaknyga.lt\/wp-content\/uploads\/2024\/05\/cropped-cropped-cropped-02_00843_jt3bggkj1j3HLc7SyY6rEUpg.jpeg\",\"width\":1600,\"height\":1600,\"caption\":\"skaitytaknyga.lt\"},\"image\":{\"@id\":\"https:\/\/skaitytaknyga.lt\/#\/schema\/logo\/image\/\"},\"sameAs\":[\"https:\/\/www.facebook.com\/skaitytaknyga\/\"]}]}<\/script>\n<!-- \/ Yoast SEO plugin. -->","yoast_head_json":{"title":"D. Walliams \u201eBlogiausi pasaulio vaikai 2\u201c","description":"DAVID WALLIAMS (Deividas Valjamsas) \u2013 brit\u0173 ra\u0161ytojas, d\u0117l kurio juoking\u0173 ir \u012fdomi\u0173 knyg\u0173 visi Jungtin\u0117s Karalyst\u0117s vaikai eina i\u0161 proto. Jis \u0161iuo metu \u2013","robots":{"index":"index","follow":"follow","max-snippet":"max-snippet:-1","max-image-preview":"max-image-preview:large","max-video-preview":"max-video-preview:-1"},"canonical":"https:\/\/skaitytaknyga.lt\/en\/produktas\/d-walliams-blogiausi-pasaulio-vaikai-2\/","og_locale":"en_GB","og_type":"article","og_title":"[:lt]D. Walliams \u201eBlogiausi pasaulio vaikai 2\u201c[:] - Skaitytaknyga","og_description":"DAVID WALLIAMS (Deividas Valjamsas) \u2013 brit\u0173 ra\u0161ytojas, d\u0117l kurio juoking\u0173 ir \u012fdomi\u0173 knyg\u0173 visi Jungtin\u0117s Karalyst\u0117s vaikai eina i\u0161 proto. Jis \u0161iuo metu \u2013","og_url":"https:\/\/skaitytaknyga.lt\/en\/produktas\/d-walliams-blogiausi-pasaulio-vaikai-2\/","og_site_name":"Skaitytaknyga","article_publisher":"https:\/\/www.facebook.com\/skaitytaknyga\/","article_modified_time":"2024-12-17T09:58:47+00:00","og_image":[{"width":533,"height":800,"url":"https:\/\/skaitytaknyga.lt\/wp-content\/uploads\/2024\/12\/D.-Walliams-\u201eBlogiausi-pasaulio-vaikai-2.webp","type":"image\/webp"}],"twitter_card":"summary_large_image","twitter_misc":{"Estimated reading time":"1 minute"},"schema":{"@context":"https:\/\/schema.org","@graph":[{"@type":"WebPage","@id":"https:\/\/skaitytaknyga.lt\/produktas\/d-walliams-blogiausi-pasaulio-vaikai-2\/","url":"https:\/\/skaitytaknyga.lt\/produktas\/d-walliams-blogiausi-pasaulio-vaikai-2\/","name":"D. Walliams \u201eBlogiausi pasaulio vaikai 2\u201c","isPartOf":{"@id":"https:\/\/skaitytaknyga.lt\/#website"},"primaryImageOfPage":{"@id":"https:\/\/skaitytaknyga.lt\/produktas\/d-walliams-blogiausi-pasaulio-vaikai-2\/#primaryimage"},"image":{"@id":"https:\/\/skaitytaknyga.lt\/produktas\/d-walliams-blogiausi-pasaulio-vaikai-2\/#primaryimage"},"thumbnailUrl":"https:\/\/skaitytaknyga.lt\/wp-content\/uploads\/2024\/12\/D.-Walliams-\u201eBlogiausi-pasaulio-vaikai-2.webp","datePublished":"2024-12-17T08:04:04+00:00","dateModified":"2024-12-17T09:58:47+00:00","description":"DAVID WALLIAMS (Deividas Valjamsas) \u2013 brit\u0173 ra\u0161ytojas, d\u0117l kurio juoking\u0173 ir \u012fdomi\u0173 knyg\u0173 visi Jungtin\u0117s Karalyst\u0117s vaikai eina i\u0161 proto. Jis \u0161iuo metu \u2013","breadcrumb":{"@id":"https:\/\/skaitytaknyga.lt\/produktas\/d-walliams-blogiausi-pasaulio-vaikai-2\/#breadcrumb"},"inLanguage":"en-GB","potentialAction":[{"@type":"ReadAction","target":["https:\/\/skaitytaknyga.lt\/produktas\/d-walliams-blogiausi-pasaulio-vaikai-2\/"]}]},{"@type":"ImageObject","inLanguage":"en-GB","@id":"https:\/\/skaitytaknyga.lt\/produktas\/d-walliams-blogiausi-pasaulio-vaikai-2\/#primaryimage","url":"https:\/\/skaitytaknyga.lt\/wp-content\/uploads\/2024\/12\/D.-Walliams-\u201eBlogiausi-pasaulio-vaikai-2.webp","contentUrl":"https:\/\/skaitytaknyga.lt\/wp-content\/uploads\/2024\/12\/D.-Walliams-\u201eBlogiausi-pasaulio-vaikai-2.webp","width":533,"height":800,"caption":"D. Walliams \u201eBlogiausi pasaulio vaikai 2\u201c"},{"@type":"BreadcrumbList","@id":"https:\/\/skaitytaknyga.lt\/produktas\/d-walliams-blogiausi-pasaulio-vaikai-2\/#breadcrumb","itemListElement":[{"@type":"ListItem","position":1,"name":"Home","item":"https:\/\/skaitytaknyga.lt\/"},{"@type":"ListItem","position":2,"name":"Parduotuv\u0117","item":"https:\/\/skaitytaknyga.lt\/knygu-parduotuve\/"},{"@type":"ListItem","position":3,"name":"D. Walliams \u201eBlogiausi pasaulio vaikai 2\u201c"}]},{"@type":"WebSite","@id":"https:\/\/skaitytaknyga.lt\/#website","url":"https:\/\/skaitytaknyga.lt\/","name":"skaitytaknyga.lt","description":"Skaitytaknyga.lt \u2013 tai ma\u017eas \u0161eimos verslas, kuris prasid\u0117jo nuo meil\u0117s knygoms ir siekio i\u0161gelb\u0117ti knygas nuo likimo prie konteinerio. Kas vienam nereikalingas daiktas \u2013 kitam lobis, o mes esame tarpininkai, kurie padeda abiems tapti laimingesniems ???? \u017dinome kaip nelengva i\u0161gyventi ma\u017eiems verslams, tad nuo \u0161iol, \u010dia rasite ir kit\u0173, ma\u017e\u0173 \u0161eim\u0173 versl\u0173, rank\u0173 darbo, dovan\u0173 sau ir artimiesiems.","publisher":{"@id":"https:\/\/skaitytaknyga.lt\/#organization"},"potentialAction":[{"@type":"SearchAction","target":{"@type":"EntryPoint","urlTemplate":"https:\/\/skaitytaknyga.lt\/?s={search_term_string}"},"query-input":{"@type":"PropertyValueSpecification","valueRequired":true,"valueName":"search_term_string"}}],"inLanguage":"en-GB"},{"@type":"Organization","@id":"https:\/\/skaitytaknyga.lt\/#organization","name":"skaitytaknyga.lt","url":"https:\/\/skaitytaknyga.lt\/","logo":{"@type":"ImageObject","inLanguage":"en-GB","@id":"https:\/\/skaitytaknyga.lt\/#\/schema\/logo\/image\/","url":"https:\/\/skaitytaknyga.lt\/wp-content\/uploads\/2024\/05\/cropped-cropped-cropped-02_00843_jt3bggkj1j3HLc7SyY6rEUpg.jpeg","contentUrl":"https:\/\/skaitytaknyga.lt\/wp-content\/uploads\/2024\/05\/cropped-cropped-cropped-02_00843_jt3bggkj1j3HLc7SyY6rEUpg.jpeg","width":1600,"height":1600,"caption":"skaitytaknyga.lt"},"image":{"@id":"https:\/\/skaitytaknyga.lt\/#\/schema\/logo\/image\/"},"sameAs":["https:\/\/www.facebook.com\/skaitytaknyga\/"]}]}},"_links":{"self":[{"href":"https:\/\/skaitytaknyga.lt\/en\/wp-json\/wp\/v2\/product\/15376","targetHints":{"allow":["GET"]}}],"collection":[{"href":"https:\/\/skaitytaknyga.lt\/en\/wp-json\/wp\/v2\/product"}],"about":[{"href":"https:\/\/skaitytaknyga.lt\/en\/wp-json\/wp\/v2\/types\/product"}],"replies":[{"embeddable":true,"href":"https:\/\/skaitytaknyga.lt\/en\/wp-json\/wp\/v2\/comments?post=15376"}],"wp:featuredmedia":[{"embeddable":true,"href":"https:\/\/skaitytaknyga.lt\/en\/wp-json\/wp\/v2\/media\/15432"}],"wp:attachment":[{"href":"https:\/\/skaitytaknyga.lt\/en\/wp-json\/wp\/v2\/media?parent=15376"}],"wp:term":[{"taxonomy":"product_brand","embeddable":true,"href":"https:\/\/skaitytaknyga.lt\/en\/wp-json\/wp\/v2\/product_brand?post=15376"},{"taxonomy":"product_cat","embeddable":true,"href":"https:\/\/skaitytaknyga.lt\/en\/wp-json\/wp\/v2\/product_cat?post=15376"},{"taxonomy":"product_tag","embeddable":true,"href":"https:\/\/skaitytaknyga.lt\/en\/wp-json\/wp\/v2\/product_tag?post=15376"}],"curies":[{"name":"wp","href":"https:\/\/api.w.org\/{rel}","templated":true}]}}