{"id":15375,"date":"2024-12-17T10:04:04","date_gmt":"2024-12-17T08:04:04","guid":{"rendered":"https:\/\/skaitytaknyga.lt\/?post_type=product&#038;p=15375"},"modified":"2024-12-17T11:58:14","modified_gmt":"2024-12-17T09:58:14","slug":"d-walliams-blogiausi-pasaulio-vaikai","status":"publish","type":"product","link":"https:\/\/skaitytaknyga.lt\/en\/produktas\/d-walliams-blogiausi-pasaulio-vaikai\/","title":{"rendered":"D. Walliams \u201eBlogiausi pasaulio vaikai\u201c"},"content":{"rendered":"<p>David Walliams (Deividas Valjamsas) \u2013 brit\u0173 ra\u0161ytojas, d\u0117l kurio juoking\u0173 ir \u012fdomi\u0173 knyg\u0173 visi Jungtin\u0117s Karalyst\u0117s vaikai eina i\u0161 proto! Jis \u2013 m\u0117gstamiausias vaik\u0173 ra\u0161ytojas pasaulyje! Jo knyg\u0173 veik\u0117jai da\u017enai nesielgia taip, kaip tur\u0117t\u0173, bet juk kaip tik u\u017e tai mes juos ir mylime. Ta\u010diau \u0161itoki\u0173 veik\u0117j\u0173, blogiausi\u0173 pasaulyje vaik\u0173, j\u016bs tikrai dar nemat\u0117te. Susipa\u017einkite su \u017dliumbike Berta, Krap\u0161tuku Piteriu, Rimtuoliu Ernestu, Sofija Sofa ir kitais. O gal ir j\u016bs pa\u017e\u012fstate blogie\u010di\u0173? Pasi\u016blykite jiems \u0161i\u0105 knyg\u0105!<\/p>\n<p>\u0160i knyga skirta:<\/p>\n<p>Neklusniems, netvarkingiems, nemandagiems vaikams, kurie da\u017enai gauna barti u\u017e nederam\u0105 elges\u012f. Perskait\u0119 knyg\u0105 jie supras, kad yra ir blogesni\u0173 vaik\u0173 u\u017e juos.<\/p>\n<p>Geriems vaikams, kurie niekada nei\u0161dr\u012fst\u0173 elgtis taip, kaip ra\u0161oma \u0161ioje knygoje. Jie gal\u0117s smagiai pakikenti i\u0161 blogiuk\u0173 ir pasid\u017eiaugti, kad yra ne tokie.<\/p>\n<p>Ir \u017einoma, t\u0117vams, kurie gal\u0117s \u0161iomis istorijomis linksminti ir g\u0105sdinti savo vaikus.<\/p>\n<p>D\u0116MESIO! \u0160i knyga neskirta tiems, kas neturi humoro jausmo.<\/p>\n<ul class=\"about-product d-none d-xl-block mt-4\">\n<li><strong>Originalus pavadinimas:<\/strong>\u00a0THE WORLD\u2019S WORST CHILDREN<\/li>\n<li><strong>Autorius:<\/strong>\u00a0David Walliams<\/li>\n<li><strong>Leid\u0117jas:<\/strong>\u00a0Tyto alba<\/li>\n<li><strong>Metai:<\/strong>\u00a02017<\/li>\n<li><strong>Puslapiai:<\/strong>\u00a0272<\/li>\n<li class=\"toggleable type-new-formats \"><strong>ISBN:<\/strong>\u00a09786094662270<\/li>\n<li><strong>Versijos kodas:<\/strong>\u00a0PT.<\/li>\n<li class=\"toggleable type-new-formats \"><strong>Formatas:<\/strong>\u00a015,3 x 20,6 x 2,6 cm, kieti vir\u0161eliai<\/li>\n<li><strong>Kalba:<\/strong>\u00a0Lietuvi\u0173<\/li>\n<li><strong>Vert\u0117jas:<\/strong>\u00a0Lauryna Butrimien\u0117<\/li>\n<\/ul>\n","protected":false},"excerpt":{"rendered":"<p>David Walliams (Deividas Valjamsas) \u2013 brit\u0173 ra\u0161ytojas, d\u0117l kurio juoking\u0173 ir \u012fdomi\u0173 knyg\u0173 visi Jungtin\u0117s Karalyst\u0117s vaikai eina i\u0161 proto! Jis \u2013 m\u0117gstamiausias vaik\u0173 ra\u0161ytojas pasaulyje! Jo knyg\u0173 veik\u0117jai da\u017enai nesielgia taip, kaip tur\u0117t\u0173, bet juk kaip tik u\u017e tai mes juos ir mylime. Ta\u010diau \u0161itoki\u0173 veik\u0117j\u0173, blogiausi\u0173 pasaulyje vaik\u0173, j\u016bs tikrai dar nemat\u0117te. Susipa\u017einkite su \u017dliumbike Berta, Krap\u0161tuku Piteriu, Rimtuoliu Ernestu, Sofija Sofa ir kitais. O gal ir j\u016bs pa\u017e\u012fstate blogie\u010di\u0173? Pasi\u016blykite jiems \u0161i\u0105 knyg\u0105! \u0160i knyga skirta: Neklusniems, netvarkingiems, nemandagiems vaikams, kurie da\u017enai gauna barti u\u017e nederam\u0105 elges\u012f. Perskait\u0119 knyg\u0105 jie supras, kad yra ir blogesni\u0173 vaik\u0173 u\u017e juos. Geriems vaikams, kurie niekada nei\u0161dr\u012fst\u0173 elgtis taip, kaip ra\u0161oma \u0161ioje knygoje. Jie gal\u0117s smagiai pakikenti i\u0161 blogiuk\u0173 ir pasid\u017eiaugti, kad yra ne tokie. Ir \u017einoma, t\u0117vams, kurie gal\u0117s \u0161iomis istorijomis linksminti ir g\u0105sdinti savo vaikus. D\u0116MESIO! \u0160i knyga neskirta tiems, kas neturi humoro jausmo. Originalus pavadinimas:\u00a0THE WORLD\u2019S WORST CHILDREN Autorius:\u00a0David Walliams Leid\u0117jas:\u00a0Tyto alba Metai:\u00a02017 Puslapiai:\u00a0272 ISBN:\u00a09786094662270 Versijos kodas:\u00a0PT. Formatas:\u00a015,3 x 20,6 x 2,6 cm, kieti vir\u0161eliai Kalba:\u00a0Lietuvi\u0173 Vert\u0117jas:\u00a0Lauryna Butrimien\u0117<\/p>\n","protected":false},"featured_media":15431,"comment_status":"open","ping_status":"closed","template":"","meta":{"_acf_changed":false,"site-sidebar-layout":"default","site-content-layout":"","ast-site-content-layout":"default","site-content-style":"default","site-sidebar-style":"default","ast-global-header-display":"","ast-banner-title-visibility":"","ast-main-header-display":"","ast-hfb-above-header-display":"","ast-hfb-below-header-display":"","ast-hfb-mobile-header-display":"","site-post-title":"","ast-breadcrumbs-content":"","ast-featured-img":"","footer-sml-layout":"","ast-disable-related-posts":"","theme-transparent-header-meta":"default","adv-header-id-meta":"","stick-header-meta":"","header-above-stick-meta":"","header-main-stick-meta":"","header-below-stick-meta":"","astra-migrate-meta-layouts":"set","ast-page-background-enabled":"default","ast-page-background-meta":{"desktop":{"background-color":"","background-image":"","background-repeat":"repeat","background-position":"center center","background-size":"auto","background-attachment":"scroll","background-type":"","background-media":"","overlay-type":"","overlay-color":"","overlay-opacity":"","overlay-gradient":""},"tablet":{"background-color":"","background-image":"","background-repeat":"repeat","background-position":"center center","background-size":"auto","background-attachment":"scroll","background-type":"","background-media":"","overlay-type":"","overlay-color":"","overlay-opacity":"","overlay-gradient":""},"mobile":{"background-color":"","background-image":"","background-repeat":"repeat","background-position":"center center","background-size":"auto","background-attachment":"scroll","background-type":"","background-media":"","overlay-type":"","overlay-color":"","overlay-opacity":"","overlay-gradient":""}},"ast-content-background-meta":{"desktop":{"background-color":"var(--ast-global-color-4)","background-image":"","background-repeat":"repeat","background-position":"center center","background-size":"auto","background-attachment":"scroll","background-type":"","background-media":"","overlay-type":"","overlay-color":"","overlay-opacity":"","overlay-gradient":""},"tablet":{"background-color":"var(--ast-global-color-4)","background-image":"","background-repeat":"repeat","background-position":"center center","background-size":"auto","background-attachment":"scroll","background-type":"","background-media":"","overlay-type":"","overlay-color":"","overlay-opacity":"","overlay-gradient":""},"mobile":{"background-color":"var(--ast-global-color-4)","background-image":"","background-repeat":"repeat","background-position":"center center","background-size":"auto","background-attachment":"scroll","background-type":"","background-media":"","overlay-type":"","overlay-color":"","overlay-opacity":"","overlay-gradient":""}}},"product_brand":[],"product_cat":[15,35],"product_tag":[],"class_list":{"0":"post-15375","1":"product","2":"type-product","3":"status-publish","4":"has-post-thumbnail","6":"product_cat-uncategorized","7":"product_cat-vaikams-ir-paaugliams","8":"desktop-align-left","9":"tablet-align-left","10":"mobile-align-left","12":"first","13":"instock","14":"shipping-taxable","15":"purchasable","16":"product-type-simple"},"acf":[],"yoast_head":"<!-- This site is optimized with the Yoast SEO plugin v27.0 - https:\/\/yoast.com\/product\/yoast-seo-wordpress\/ -->\n<title>D. Walliams \u201eBlogiausi pasaulio vaikai\u201c<\/title>\n<meta name=\"description\" content=\"David Walliams (Deividas Valjamsas) \u2013 brit\u0173 ra\u0161ytojas, d\u0117l kurio juoking\u0173 ir \u012fdomi\u0173 knyg\u0173 visi Jungtin\u0117s Karalyst\u0117s vaikai eina i\u0161 proto! Jis \u2013\" \/>\n<meta name=\"robots\" content=\"index, follow, max-snippet:-1, max-image-preview:large, max-video-preview:-1\" \/>\n<link rel=\"canonical\" href=\"https:\/\/skaitytaknyga.lt\/en\/produktas\/d-walliams-blogiausi-pasaulio-vaikai\/\" \/>\n<meta property=\"og:locale\" content=\"en_GB\" \/>\n<meta property=\"og:locale:alternate\" content=\"lt_LT\" \/>\n<meta property=\"og:type\" content=\"article\" \/>\n<meta property=\"og:title\" content=\"D. Walliams \u201eBlogiausi pasaulio vaikai\u201c\" \/>\n<meta property=\"og:description\" content=\"David Walliams (Deividas Valjamsas) \u2013 brit\u0173 ra\u0161ytojas, d\u0117l kurio juoking\u0173 ir \u012fdomi\u0173 knyg\u0173 visi Jungtin\u0117s Karalyst\u0117s vaikai eina i\u0161 proto! Jis \u2013\" \/>\n<meta property=\"og:url\" content=\"https:\/\/skaitytaknyga.lt\/en\/produktas\/d-walliams-blogiausi-pasaulio-vaikai\/\" \/>\n<meta property=\"og:site_name\" content=\"Skaitytaknyga\" \/>\n<meta property=\"article:publisher\" content=\"https:\/\/www.facebook.com\/skaitytaknyga\/\" \/>\n<meta property=\"article:modified_time\" content=\"2024-12-17T09:58:14+00:00\" \/>\n<meta property=\"og:image\" content=\"https:\/\/skaitytaknyga.lt\/wp-content\/uploads\/2024\/12\/D.-Walliams-\u201eBlogiausi-pasaulio-vaikai.webp\" \/>\n\t<meta property=\"og:image:width\" content=\"533\" \/>\n\t<meta property=\"og:image:height\" content=\"800\" \/>\n\t<meta property=\"og:image:type\" content=\"image\/webp\" \/>\n<meta name=\"twitter:card\" content=\"summary_large_image\" \/>\n<meta name=\"twitter:label1\" content=\"Estimated reading time\" \/>\n\t<meta name=\"twitter:data1\" content=\"1 minute\" \/>\n<script type=\"application\/ld+json\" class=\"yoast-schema-graph\">{\"@context\":\"https:\/\/schema.org\",\"@graph\":[{\"@type\":\"WebPage\",\"@id\":\"https:\/\/skaitytaknyga.lt\/produktas\/d-walliams-blogiausi-pasaulio-vaikai\/\",\"url\":\"https:\/\/skaitytaknyga.lt\/produktas\/d-walliams-blogiausi-pasaulio-vaikai\/\",\"name\":\"D. Walliams \u201eBlogiausi pasaulio vaikai\u201c\",\"isPartOf\":{\"@id\":\"https:\/\/skaitytaknyga.lt\/#website\"},\"primaryImageOfPage\":{\"@id\":\"https:\/\/skaitytaknyga.lt\/produktas\/d-walliams-blogiausi-pasaulio-vaikai\/#primaryimage\"},\"image\":{\"@id\":\"https:\/\/skaitytaknyga.lt\/produktas\/d-walliams-blogiausi-pasaulio-vaikai\/#primaryimage\"},\"thumbnailUrl\":\"https:\/\/skaitytaknyga.lt\/wp-content\/uploads\/2024\/12\/D.-Walliams-\u201eBlogiausi-pasaulio-vaikai.webp\",\"datePublished\":\"2024-12-17T08:04:04+00:00\",\"dateModified\":\"2024-12-17T09:58:14+00:00\",\"description\":\"David Walliams (Deividas Valjamsas) \u2013 brit\u0173 ra\u0161ytojas, d\u0117l kurio juoking\u0173 ir \u012fdomi\u0173 knyg\u0173 visi Jungtin\u0117s Karalyst\u0117s vaikai eina i\u0161 proto! Jis \u2013\",\"breadcrumb\":{\"@id\":\"https:\/\/skaitytaknyga.lt\/produktas\/d-walliams-blogiausi-pasaulio-vaikai\/#breadcrumb\"},\"inLanguage\":\"en-GB\",\"potentialAction\":[{\"@type\":\"ReadAction\",\"target\":[\"https:\/\/skaitytaknyga.lt\/produktas\/d-walliams-blogiausi-pasaulio-vaikai\/\"]}]},{\"@type\":\"ImageObject\",\"inLanguage\":\"en-GB\",\"@id\":\"https:\/\/skaitytaknyga.lt\/produktas\/d-walliams-blogiausi-pasaulio-vaikai\/#primaryimage\",\"url\":\"https:\/\/skaitytaknyga.lt\/wp-content\/uploads\/2024\/12\/D.-Walliams-\u201eBlogiausi-pasaulio-vaikai.webp\",\"contentUrl\":\"https:\/\/skaitytaknyga.lt\/wp-content\/uploads\/2024\/12\/D.-Walliams-\u201eBlogiausi-pasaulio-vaikai.webp\",\"width\":533,\"height\":800},{\"@type\":\"BreadcrumbList\",\"@id\":\"https:\/\/skaitytaknyga.lt\/produktas\/d-walliams-blogiausi-pasaulio-vaikai\/#breadcrumb\",\"itemListElement\":[{\"@type\":\"ListItem\",\"position\":1,\"name\":\"Home\",\"item\":\"https:\/\/skaitytaknyga.lt\/\"},{\"@type\":\"ListItem\",\"position\":2,\"name\":\"Parduotuv\u0117\",\"item\":\"https:\/\/skaitytaknyga.lt\/knygu-parduotuve\/\"},{\"@type\":\"ListItem\",\"position\":3,\"name\":\"D. Walliams \u201eBlogiausi pasaulio vaikai\u201c\"}]},{\"@type\":\"WebSite\",\"@id\":\"https:\/\/skaitytaknyga.lt\/#website\",\"url\":\"https:\/\/skaitytaknyga.lt\/\",\"name\":\"skaitytaknyga.lt\",\"description\":\"Skaitytaknyga.lt \u2013 tai ma\u017eas \u0161eimos verslas, kuris prasid\u0117jo nuo meil\u0117s knygoms ir siekio i\u0161gelb\u0117ti knygas nuo likimo prie konteinerio. Kas vienam nereikalingas daiktas \u2013 kitam lobis, o mes esame tarpininkai, kurie padeda abiems tapti laimingesniems ???? \u017dinome kaip nelengva i\u0161gyventi ma\u017eiems verslams, tad nuo \u0161iol, \u010dia rasite ir kit\u0173, ma\u017e\u0173 \u0161eim\u0173 versl\u0173, rank\u0173 darbo, dovan\u0173 sau ir artimiesiems.\",\"publisher\":{\"@id\":\"https:\/\/skaitytaknyga.lt\/#organization\"},\"potentialAction\":[{\"@type\":\"SearchAction\",\"target\":{\"@type\":\"EntryPoint\",\"urlTemplate\":\"https:\/\/skaitytaknyga.lt\/?s={search_term_string}\"},\"query-input\":{\"@type\":\"PropertyValueSpecification\",\"valueRequired\":true,\"valueName\":\"search_term_string\"}}],\"inLanguage\":\"en-GB\"},{\"@type\":\"Organization\",\"@id\":\"https:\/\/skaitytaknyga.lt\/#organization\",\"name\":\"skaitytaknyga.lt\",\"url\":\"https:\/\/skaitytaknyga.lt\/\",\"logo\":{\"@type\":\"ImageObject\",\"inLanguage\":\"en-GB\",\"@id\":\"https:\/\/skaitytaknyga.lt\/#\/schema\/logo\/image\/\",\"url\":\"https:\/\/skaitytaknyga.lt\/wp-content\/uploads\/2024\/05\/cropped-cropped-cropped-02_00843_jt3bggkj1j3HLc7SyY6rEUpg.jpeg\",\"contentUrl\":\"https:\/\/skaitytaknyga.lt\/wp-content\/uploads\/2024\/05\/cropped-cropped-cropped-02_00843_jt3bggkj1j3HLc7SyY6rEUpg.jpeg\",\"width\":1600,\"height\":1600,\"caption\":\"skaitytaknyga.lt\"},\"image\":{\"@id\":\"https:\/\/skaitytaknyga.lt\/#\/schema\/logo\/image\/\"},\"sameAs\":[\"https:\/\/www.facebook.com\/skaitytaknyga\/\"]}]}<\/script>\n<!-- \/ Yoast SEO plugin. -->","yoast_head_json":{"title":"D. Walliams \u201eBlogiausi pasaulio vaikai\u201c","description":"David Walliams (Deividas Valjamsas) \u2013 brit\u0173 ra\u0161ytojas, d\u0117l kurio juoking\u0173 ir \u012fdomi\u0173 knyg\u0173 visi Jungtin\u0117s Karalyst\u0117s vaikai eina i\u0161 proto! Jis \u2013","robots":{"index":"index","follow":"follow","max-snippet":"max-snippet:-1","max-image-preview":"max-image-preview:large","max-video-preview":"max-video-preview:-1"},"canonical":"https:\/\/skaitytaknyga.lt\/en\/produktas\/d-walliams-blogiausi-pasaulio-vaikai\/","og_locale":"en_GB","og_type":"article","og_title":"[:lt]D. Walliams \u201eBlogiausi pasaulio vaikai\u201c[:] - Skaitytaknyga","og_description":"David Walliams (Deividas Valjamsas) \u2013 brit\u0173 ra\u0161ytojas, d\u0117l kurio juoking\u0173 ir \u012fdomi\u0173 knyg\u0173 visi Jungtin\u0117s Karalyst\u0117s vaikai eina i\u0161 proto! Jis \u2013","og_url":"https:\/\/skaitytaknyga.lt\/en\/produktas\/d-walliams-blogiausi-pasaulio-vaikai\/","og_site_name":"Skaitytaknyga","article_publisher":"https:\/\/www.facebook.com\/skaitytaknyga\/","article_modified_time":"2024-12-17T09:58:14+00:00","og_image":[{"width":533,"height":800,"url":"https:\/\/skaitytaknyga.lt\/wp-content\/uploads\/2024\/12\/D.-Walliams-\u201eBlogiausi-pasaulio-vaikai.webp","type":"image\/webp"}],"twitter_card":"summary_large_image","twitter_misc":{"Estimated reading time":"1 minute"},"schema":{"@context":"https:\/\/schema.org","@graph":[{"@type":"WebPage","@id":"https:\/\/skaitytaknyga.lt\/produktas\/d-walliams-blogiausi-pasaulio-vaikai\/","url":"https:\/\/skaitytaknyga.lt\/produktas\/d-walliams-blogiausi-pasaulio-vaikai\/","name":"D. Walliams \u201eBlogiausi pasaulio vaikai\u201c","isPartOf":{"@id":"https:\/\/skaitytaknyga.lt\/#website"},"primaryImageOfPage":{"@id":"https:\/\/skaitytaknyga.lt\/produktas\/d-walliams-blogiausi-pasaulio-vaikai\/#primaryimage"},"image":{"@id":"https:\/\/skaitytaknyga.lt\/produktas\/d-walliams-blogiausi-pasaulio-vaikai\/#primaryimage"},"thumbnailUrl":"https:\/\/skaitytaknyga.lt\/wp-content\/uploads\/2024\/12\/D.-Walliams-\u201eBlogiausi-pasaulio-vaikai.webp","datePublished":"2024-12-17T08:04:04+00:00","dateModified":"2024-12-17T09:58:14+00:00","description":"David Walliams (Deividas Valjamsas) \u2013 brit\u0173 ra\u0161ytojas, d\u0117l kurio juoking\u0173 ir \u012fdomi\u0173 knyg\u0173 visi Jungtin\u0117s Karalyst\u0117s vaikai eina i\u0161 proto! Jis \u2013","breadcrumb":{"@id":"https:\/\/skaitytaknyga.lt\/produktas\/d-walliams-blogiausi-pasaulio-vaikai\/#breadcrumb"},"inLanguage":"en-GB","potentialAction":[{"@type":"ReadAction","target":["https:\/\/skaitytaknyga.lt\/produktas\/d-walliams-blogiausi-pasaulio-vaikai\/"]}]},{"@type":"ImageObject","inLanguage":"en-GB","@id":"https:\/\/skaitytaknyga.lt\/produktas\/d-walliams-blogiausi-pasaulio-vaikai\/#primaryimage","url":"https:\/\/skaitytaknyga.lt\/wp-content\/uploads\/2024\/12\/D.-Walliams-\u201eBlogiausi-pasaulio-vaikai.webp","contentUrl":"https:\/\/skaitytaknyga.lt\/wp-content\/uploads\/2024\/12\/D.-Walliams-\u201eBlogiausi-pasaulio-vaikai.webp","width":533,"height":800},{"@type":"BreadcrumbList","@id":"https:\/\/skaitytaknyga.lt\/produktas\/d-walliams-blogiausi-pasaulio-vaikai\/#breadcrumb","itemListElement":[{"@type":"ListItem","position":1,"name":"Home","item":"https:\/\/skaitytaknyga.lt\/"},{"@type":"ListItem","position":2,"name":"Parduotuv\u0117","item":"https:\/\/skaitytaknyga.lt\/knygu-parduotuve\/"},{"@type":"ListItem","position":3,"name":"D. Walliams \u201eBlogiausi pasaulio vaikai\u201c"}]},{"@type":"WebSite","@id":"https:\/\/skaitytaknyga.lt\/#website","url":"https:\/\/skaitytaknyga.lt\/","name":"skaitytaknyga.lt","description":"Skaitytaknyga.lt \u2013 tai ma\u017eas \u0161eimos verslas, kuris prasid\u0117jo nuo meil\u0117s knygoms ir siekio i\u0161gelb\u0117ti knygas nuo likimo prie konteinerio. Kas vienam nereikalingas daiktas \u2013 kitam lobis, o mes esame tarpininkai, kurie padeda abiems tapti laimingesniems ???? \u017dinome kaip nelengva i\u0161gyventi ma\u017eiems verslams, tad nuo \u0161iol, \u010dia rasite ir kit\u0173, ma\u017e\u0173 \u0161eim\u0173 versl\u0173, rank\u0173 darbo, dovan\u0173 sau ir artimiesiems.","publisher":{"@id":"https:\/\/skaitytaknyga.lt\/#organization"},"potentialAction":[{"@type":"SearchAction","target":{"@type":"EntryPoint","urlTemplate":"https:\/\/skaitytaknyga.lt\/?s={search_term_string}"},"query-input":{"@type":"PropertyValueSpecification","valueRequired":true,"valueName":"search_term_string"}}],"inLanguage":"en-GB"},{"@type":"Organization","@id":"https:\/\/skaitytaknyga.lt\/#organization","name":"skaitytaknyga.lt","url":"https:\/\/skaitytaknyga.lt\/","logo":{"@type":"ImageObject","inLanguage":"en-GB","@id":"https:\/\/skaitytaknyga.lt\/#\/schema\/logo\/image\/","url":"https:\/\/skaitytaknyga.lt\/wp-content\/uploads\/2024\/05\/cropped-cropped-cropped-02_00843_jt3bggkj1j3HLc7SyY6rEUpg.jpeg","contentUrl":"https:\/\/skaitytaknyga.lt\/wp-content\/uploads\/2024\/05\/cropped-cropped-cropped-02_00843_jt3bggkj1j3HLc7SyY6rEUpg.jpeg","width":1600,"height":1600,"caption":"skaitytaknyga.lt"},"image":{"@id":"https:\/\/skaitytaknyga.lt\/#\/schema\/logo\/image\/"},"sameAs":["https:\/\/www.facebook.com\/skaitytaknyga\/"]}]}},"_links":{"self":[{"href":"https:\/\/skaitytaknyga.lt\/en\/wp-json\/wp\/v2\/product\/15375","targetHints":{"allow":["GET"]}}],"collection":[{"href":"https:\/\/skaitytaknyga.lt\/en\/wp-json\/wp\/v2\/product"}],"about":[{"href":"https:\/\/skaitytaknyga.lt\/en\/wp-json\/wp\/v2\/types\/product"}],"replies":[{"embeddable":true,"href":"https:\/\/skaitytaknyga.lt\/en\/wp-json\/wp\/v2\/comments?post=15375"}],"wp:featuredmedia":[{"embeddable":true,"href":"https:\/\/skaitytaknyga.lt\/en\/wp-json\/wp\/v2\/media\/15431"}],"wp:attachment":[{"href":"https:\/\/skaitytaknyga.lt\/en\/wp-json\/wp\/v2\/media?parent=15375"}],"wp:term":[{"taxonomy":"product_brand","embeddable":true,"href":"https:\/\/skaitytaknyga.lt\/en\/wp-json\/wp\/v2\/product_brand?post=15375"},{"taxonomy":"product_cat","embeddable":true,"href":"https:\/\/skaitytaknyga.lt\/en\/wp-json\/wp\/v2\/product_cat?post=15375"},{"taxonomy":"product_tag","embeddable":true,"href":"https:\/\/skaitytaknyga.lt\/en\/wp-json\/wp\/v2\/product_tag?post=15375"}],"curies":[{"name":"wp","href":"https:\/\/api.w.org\/{rel}","templated":true}]}}