{"id":15361,"date":"2024-12-11T11:13:26","date_gmt":"2024-12-11T09:13:26","guid":{"rendered":"https:\/\/skaitytaknyga.lt\/?post_type=product&#038;p=15361"},"modified":"2024-12-19T10:38:05","modified_gmt":"2024-12-19T08:38:05","slug":"popieziaus-pranciskaus-tiltai","status":"publish","type":"product","link":"https:\/\/skaitytaknyga.lt\/en\/produktas\/popieziaus-pranciskaus-tiltai\/","title":{"rendered":"Popie\u017eiaus Pranci\u0161kaus tiltai"},"content":{"rendered":"<p>\u201eTomo Vilucko knyga yra vientiso pasakojimo apie popie\u017ei\u0173 Pranci\u0161k\u0173 dovana. Joje atskleistos temos, kurios gal\u0117t\u0173 b\u016bt\u0173 aptariamos sus\u0117dusi\u0173 prie stalo pavakaroti draug\u0173 rate, jei netik\u0117tai kalba pasisukt\u0173 apie popie\u017ei\u0173 ir Ba\u017eny\u010di\u0105. Tose diskusijose ji neretai apib\u016bdinama kaip paslaptinga, ne\u012fprasta ir paradoksali. Toks yra ir popie\u017eius Pranci\u0161kus, jei j\u012f ma\u017eai pa\u017e\u012fsti. Siekdamas atskleisti \u0161io sl\u0117pinio \u0161yd\u0105, knygos autorius vedasi skaitytoj\u0105 \u012f susitikim\u0105 su popie\u017eiumi. Jis \u0161velniai atveria skaitytojui temas, kurios da\u017enai, pasak vieno skyrelio pavadinimo, yra \u201epaslaptys po u\u017eraktu\u201c. \u0160i knyga, tai \u012fkvepiantis pasakojimas protui ir \u0161ird\u017eiai apie \u017emog\u0173, kuris yra Dievo dovana Ba\u017eny\u010diai, per kuri\u0105 Vie\u0161pats kalba ir m\u016bs\u0173 tautai,\u201c \u2013 taip \u0161i\u0105 knyg\u0105 apib\u016bdina Tel\u0161i\u0173 vyskupas K\u0119stutis K\u0117valas.<\/p>\n<p>Skaitykite pla\u010diau Aina.lt:<\/p>\n<blockquote class=\"wp-embedded-content\" data-secret=\"d1StZ7O8p4\"><p><a href=\"https:\/\/aina.lt\/popieziaus-pranciskaus-tiltai\/\">Popie\u017eiaus Pranci\u0161kaus tiltai<\/a><\/p><\/blockquote>\n<p><iframe class=\"wp-embedded-content\" sandbox=\"allow-scripts\" security=\"restricted\" style=\"position: absolute; clip: rect(1px, 1px, 1px, 1px);\" title=\"&#8220;Popie\u017eiaus Pranci\u0161kaus tiltai&#8221; &#8212; AINA - Auk\u0161taitijos internetin\u0117 naujien\u0173 agent\u016bra\" src=\"https:\/\/aina.lt\/popieziaus-pranciskaus-tiltai\/embed\/#?secret=fmlEcMAfe6#?secret=d1StZ7O8p4\" data-secret=\"d1StZ7O8p4\" width=\"500\" height=\"282\" frameborder=\"0\" marginwidth=\"0\" marginheight=\"0\" scrolling=\"no\"><\/iframe><\/p>\n","protected":false},"excerpt":{"rendered":"<p>\u201eTomo Vilucko knyga yra vientiso pasakojimo apie popie\u017ei\u0173 Pranci\u0161k\u0173 dovana. Joje atskleistos temos, kurios gal\u0117t\u0173 b\u016bt\u0173 aptariamos sus\u0117dusi\u0173 prie stalo pavakaroti draug\u0173 rate, jei netik\u0117tai kalba pasisukt\u0173 apie popie\u017ei\u0173 ir Ba\u017eny\u010di\u0105. Tose diskusijose ji neretai apib\u016bdinama kaip paslaptinga, ne\u012fprasta ir paradoksali. Toks yra ir popie\u017eius Pranci\u0161kus, jei j\u012f ma\u017eai pa\u017e\u012fsti. Siekdamas atskleisti \u0161io sl\u0117pinio \u0161yd\u0105, knygos autorius vedasi skaitytoj\u0105 \u012f susitikim\u0105 su popie\u017eiumi. Jis \u0161velniai atveria skaitytojui temas, kurios da\u017enai, pasak vieno skyrelio pavadinimo, yra \u201epaslaptys po u\u017eraktu\u201c. \u0160i knyga, tai \u012fkvepiantis pasakojimas protui ir \u0161ird\u017eiai apie \u017emog\u0173, kuris yra Dievo dovana Ba\u017eny\u010diai, per kuri\u0105 Vie\u0161pats kalba ir m\u016bs\u0173 tautai,\u201c \u2013 taip \u0161i\u0105 knyg\u0105 apib\u016bdina Tel\u0161i\u0173 vyskupas K\u0119stutis K\u0117valas. Skaitykite pla\u010diau Aina.lt: Popie\u017eiaus Pranci\u0161kaus tiltai<\/p>\n","protected":false},"featured_media":15556,"comment_status":"open","ping_status":"closed","template":"","meta":{"_acf_changed":false,"site-sidebar-layout":"default","site-content-layout":"","ast-site-content-layout":"default","site-content-style":"default","site-sidebar-style":"default","ast-global-header-display":"","ast-banner-title-visibility":"","ast-main-header-display":"","ast-hfb-above-header-display":"","ast-hfb-below-header-display":"","ast-hfb-mobile-header-display":"","site-post-title":"","ast-breadcrumbs-content":"","ast-featured-img":"","footer-sml-layout":"","ast-disable-related-posts":"","theme-transparent-header-meta":"default","adv-header-id-meta":"","stick-header-meta":"","header-above-stick-meta":"","header-main-stick-meta":"","header-below-stick-meta":"","astra-migrate-meta-layouts":"set","ast-page-background-enabled":"default","ast-page-background-meta":{"desktop":{"background-color":"","background-image":"","background-repeat":"repeat","background-position":"center center","background-size":"auto","background-attachment":"scroll","background-type":"","background-media":"","overlay-type":"","overlay-color":"","overlay-opacity":"","overlay-gradient":""},"tablet":{"background-color":"","background-image":"","background-repeat":"repeat","background-position":"center center","background-size":"auto","background-attachment":"scroll","background-type":"","background-media":"","overlay-type":"","overlay-color":"","overlay-opacity":"","overlay-gradient":""},"mobile":{"background-color":"","background-image":"","background-repeat":"repeat","background-position":"center center","background-size":"auto","background-attachment":"scroll","background-type":"","background-media":"","overlay-type":"","overlay-color":"","overlay-opacity":"","overlay-gradient":""}},"ast-content-background-meta":{"desktop":{"background-color":"var(--ast-global-color-4)","background-image":"","background-repeat":"repeat","background-position":"center center","background-size":"auto","background-attachment":"scroll","background-type":"","background-media":"","overlay-type":"","overlay-color":"","overlay-opacity":"","overlay-gradient":""},"tablet":{"background-color":"var(--ast-global-color-4)","background-image":"","background-repeat":"repeat","background-position":"center center","background-size":"auto","background-attachment":"scroll","background-type":"","background-media":"","overlay-type":"","overlay-color":"","overlay-opacity":"","overlay-gradient":""},"mobile":{"background-color":"var(--ast-global-color-4)","background-image":"","background-repeat":"repeat","background-position":"center center","background-size":"auto","background-attachment":"scroll","background-type":"","background-media":"","overlay-type":"","overlay-color":"","overlay-opacity":"","overlay-gradient":""}}},"product_brand":[],"product_cat":[15,165],"product_tag":[],"class_list":{"0":"post-15361","1":"product","2":"type-product","3":"status-publish","4":"has-post-thumbnail","6":"product_cat-uncategorized","7":"product_cat-religija-filosofija-ir-ezoterika","8":"desktop-align-left","9":"tablet-align-left","10":"mobile-align-left","12":"first","13":"instock","14":"shipping-taxable","15":"purchasable","16":"product-type-simple"},"acf":[],"yoast_head":"<!-- This site is optimized with the Yoast SEO plugin v27.0 - https:\/\/yoast.com\/product\/yoast-seo-wordpress\/ -->\n<title>Popie\u017eiaus Pranci\u0161kaus tiltai<\/title>\n<meta name=\"description\" content=\"\u201eTomo Vilucko knyga yra vientiso pasakojimo apie popie\u017ei\u0173 Pranci\u0161k\u0173 dovana. Joje atskleistos temos, kurios gal\u0117t\u0173 b\u016bt\u0173 aptariamos sus\u0117dusi\u0173 prie stalo\" \/>\n<meta name=\"robots\" content=\"index, follow, max-snippet:-1, max-image-preview:large, max-video-preview:-1\" \/>\n<link rel=\"canonical\" href=\"https:\/\/skaitytaknyga.lt\/en\/produktas\/popieziaus-pranciskaus-tiltai\/\" \/>\n<meta property=\"og:locale\" content=\"en_GB\" \/>\n<meta property=\"og:locale:alternate\" content=\"lt_LT\" \/>\n<meta property=\"og:type\" content=\"article\" \/>\n<meta property=\"og:title\" content=\"Popie\u017eiaus Pranci\u0161kaus tiltai\" \/>\n<meta property=\"og:description\" content=\"\u201eTomo Vilucko knyga yra vientiso pasakojimo apie popie\u017ei\u0173 Pranci\u0161k\u0173 dovana. Joje atskleistos temos, kurios gal\u0117t\u0173 b\u016bt\u0173 aptariamos sus\u0117dusi\u0173 prie stalo\" \/>\n<meta property=\"og:url\" content=\"https:\/\/skaitytaknyga.lt\/en\/produktas\/popieziaus-pranciskaus-tiltai\/\" \/>\n<meta property=\"og:site_name\" content=\"Skaitytaknyga\" \/>\n<meta property=\"article:publisher\" content=\"https:\/\/www.facebook.com\/skaitytaknyga\/\" \/>\n<meta property=\"article:modified_time\" content=\"2024-12-19T08:38:05+00:00\" \/>\n<meta property=\"og:image\" content=\"https:\/\/skaitytaknyga.lt\/wp-content\/uploads\/2024\/12\/Popieziaus-Pranciskaus-tiltai.jpeg\" \/>\n\t<meta property=\"og:image:width\" content=\"645\" \/>\n\t<meta property=\"og:image:height\" content=\"1000\" \/>\n\t<meta property=\"og:image:type\" content=\"image\/jpeg\" \/>\n<meta name=\"twitter:card\" content=\"summary_large_image\" \/>\n<meta name=\"twitter:label1\" content=\"Estimated reading time\" \/>\n\t<meta name=\"twitter:data1\" content=\"1 minute\" \/>\n<script type=\"application\/ld+json\" class=\"yoast-schema-graph\">{\"@context\":\"https:\/\/schema.org\",\"@graph\":[{\"@type\":\"WebPage\",\"@id\":\"https:\/\/skaitytaknyga.lt\/produktas\/popieziaus-pranciskaus-tiltai\/\",\"url\":\"https:\/\/skaitytaknyga.lt\/produktas\/popieziaus-pranciskaus-tiltai\/\",\"name\":\"Popie\u017eiaus Pranci\u0161kaus tiltai\",\"isPartOf\":{\"@id\":\"https:\/\/skaitytaknyga.lt\/#website\"},\"primaryImageOfPage\":{\"@id\":\"https:\/\/skaitytaknyga.lt\/produktas\/popieziaus-pranciskaus-tiltai\/#primaryimage\"},\"image\":{\"@id\":\"https:\/\/skaitytaknyga.lt\/produktas\/popieziaus-pranciskaus-tiltai\/#primaryimage\"},\"thumbnailUrl\":\"https:\/\/skaitytaknyga.lt\/wp-content\/uploads\/2024\/12\/Popieziaus-Pranciskaus-tiltai.jpeg\",\"datePublished\":\"2024-12-11T09:13:26+00:00\",\"dateModified\":\"2024-12-19T08:38:05+00:00\",\"description\":\"\u201eTomo Vilucko knyga yra vientiso pasakojimo apie popie\u017ei\u0173 Pranci\u0161k\u0173 dovana. Joje atskleistos temos, kurios gal\u0117t\u0173 b\u016bt\u0173 aptariamos sus\u0117dusi\u0173 prie stalo\",\"breadcrumb\":{\"@id\":\"https:\/\/skaitytaknyga.lt\/produktas\/popieziaus-pranciskaus-tiltai\/#breadcrumb\"},\"inLanguage\":\"en-GB\",\"potentialAction\":[{\"@type\":\"ReadAction\",\"target\":[\"https:\/\/skaitytaknyga.lt\/produktas\/popieziaus-pranciskaus-tiltai\/\"]}]},{\"@type\":\"ImageObject\",\"inLanguage\":\"en-GB\",\"@id\":\"https:\/\/skaitytaknyga.lt\/produktas\/popieziaus-pranciskaus-tiltai\/#primaryimage\",\"url\":\"https:\/\/skaitytaknyga.lt\/wp-content\/uploads\/2024\/12\/Popieziaus-Pranciskaus-tiltai.jpeg\",\"contentUrl\":\"https:\/\/skaitytaknyga.lt\/wp-content\/uploads\/2024\/12\/Popieziaus-Pranciskaus-tiltai.jpeg\",\"width\":645,\"height\":1000,\"caption\":\"Popie\u017eiaus Pranci\u0161kaus tiltai\"},{\"@type\":\"BreadcrumbList\",\"@id\":\"https:\/\/skaitytaknyga.lt\/produktas\/popieziaus-pranciskaus-tiltai\/#breadcrumb\",\"itemListElement\":[{\"@type\":\"ListItem\",\"position\":1,\"name\":\"Home\",\"item\":\"https:\/\/skaitytaknyga.lt\/\"},{\"@type\":\"ListItem\",\"position\":2,\"name\":\"Parduotuv\u0117\",\"item\":\"https:\/\/skaitytaknyga.lt\/knygu-parduotuve\/\"},{\"@type\":\"ListItem\",\"position\":3,\"name\":\"Popie\u017eiaus Pranci\u0161kaus tiltai\"}]},{\"@type\":\"WebSite\",\"@id\":\"https:\/\/skaitytaknyga.lt\/#website\",\"url\":\"https:\/\/skaitytaknyga.lt\/\",\"name\":\"skaitytaknyga.lt\",\"description\":\"Skaitytaknyga.lt \u2013 tai ma\u017eas \u0161eimos verslas, kuris prasid\u0117jo nuo meil\u0117s knygoms ir siekio i\u0161gelb\u0117ti knygas nuo likimo prie konteinerio. Kas vienam nereikalingas daiktas \u2013 kitam lobis, o mes esame tarpininkai, kurie padeda abiems tapti laimingesniems ???? \u017dinome kaip nelengva i\u0161gyventi ma\u017eiems verslams, tad nuo \u0161iol, \u010dia rasite ir kit\u0173, ma\u017e\u0173 \u0161eim\u0173 versl\u0173, rank\u0173 darbo, dovan\u0173 sau ir artimiesiems.\",\"publisher\":{\"@id\":\"https:\/\/skaitytaknyga.lt\/#organization\"},\"potentialAction\":[{\"@type\":\"SearchAction\",\"target\":{\"@type\":\"EntryPoint\",\"urlTemplate\":\"https:\/\/skaitytaknyga.lt\/?s={search_term_string}\"},\"query-input\":{\"@type\":\"PropertyValueSpecification\",\"valueRequired\":true,\"valueName\":\"search_term_string\"}}],\"inLanguage\":\"en-GB\"},{\"@type\":\"Organization\",\"@id\":\"https:\/\/skaitytaknyga.lt\/#organization\",\"name\":\"skaitytaknyga.lt\",\"url\":\"https:\/\/skaitytaknyga.lt\/\",\"logo\":{\"@type\":\"ImageObject\",\"inLanguage\":\"en-GB\",\"@id\":\"https:\/\/skaitytaknyga.lt\/#\/schema\/logo\/image\/\",\"url\":\"https:\/\/skaitytaknyga.lt\/wp-content\/uploads\/2024\/05\/cropped-cropped-cropped-02_00843_jt3bggkj1j3HLc7SyY6rEUpg.jpeg\",\"contentUrl\":\"https:\/\/skaitytaknyga.lt\/wp-content\/uploads\/2024\/05\/cropped-cropped-cropped-02_00843_jt3bggkj1j3HLc7SyY6rEUpg.jpeg\",\"width\":1600,\"height\":1600,\"caption\":\"skaitytaknyga.lt\"},\"image\":{\"@id\":\"https:\/\/skaitytaknyga.lt\/#\/schema\/logo\/image\/\"},\"sameAs\":[\"https:\/\/www.facebook.com\/skaitytaknyga\/\"]}]}<\/script>\n<!-- \/ Yoast SEO plugin. -->","yoast_head_json":{"title":"Popie\u017eiaus Pranci\u0161kaus tiltai","description":"\u201eTomo Vilucko knyga yra vientiso pasakojimo apie popie\u017ei\u0173 Pranci\u0161k\u0173 dovana. Joje atskleistos temos, kurios gal\u0117t\u0173 b\u016bt\u0173 aptariamos sus\u0117dusi\u0173 prie stalo","robots":{"index":"index","follow":"follow","max-snippet":"max-snippet:-1","max-image-preview":"max-image-preview:large","max-video-preview":"max-video-preview:-1"},"canonical":"https:\/\/skaitytaknyga.lt\/en\/produktas\/popieziaus-pranciskaus-tiltai\/","og_locale":"en_GB","og_type":"article","og_title":"[:lt]Popie\u017eiaus Pranci\u0161kaus tiltai[:] - Skaitytaknyga","og_description":"\u201eTomo Vilucko knyga yra vientiso pasakojimo apie popie\u017ei\u0173 Pranci\u0161k\u0173 dovana. Joje atskleistos temos, kurios gal\u0117t\u0173 b\u016bt\u0173 aptariamos sus\u0117dusi\u0173 prie stalo","og_url":"https:\/\/skaitytaknyga.lt\/en\/produktas\/popieziaus-pranciskaus-tiltai\/","og_site_name":"Skaitytaknyga","article_publisher":"https:\/\/www.facebook.com\/skaitytaknyga\/","article_modified_time":"2024-12-19T08:38:05+00:00","og_image":[{"width":645,"height":1000,"url":"https:\/\/skaitytaknyga.lt\/wp-content\/uploads\/2024\/12\/Popieziaus-Pranciskaus-tiltai.jpeg","type":"image\/jpeg"}],"twitter_card":"summary_large_image","twitter_misc":{"Estimated reading time":"1 minute"},"schema":{"@context":"https:\/\/schema.org","@graph":[{"@type":"WebPage","@id":"https:\/\/skaitytaknyga.lt\/produktas\/popieziaus-pranciskaus-tiltai\/","url":"https:\/\/skaitytaknyga.lt\/produktas\/popieziaus-pranciskaus-tiltai\/","name":"Popie\u017eiaus Pranci\u0161kaus tiltai","isPartOf":{"@id":"https:\/\/skaitytaknyga.lt\/#website"},"primaryImageOfPage":{"@id":"https:\/\/skaitytaknyga.lt\/produktas\/popieziaus-pranciskaus-tiltai\/#primaryimage"},"image":{"@id":"https:\/\/skaitytaknyga.lt\/produktas\/popieziaus-pranciskaus-tiltai\/#primaryimage"},"thumbnailUrl":"https:\/\/skaitytaknyga.lt\/wp-content\/uploads\/2024\/12\/Popieziaus-Pranciskaus-tiltai.jpeg","datePublished":"2024-12-11T09:13:26+00:00","dateModified":"2024-12-19T08:38:05+00:00","description":"\u201eTomo Vilucko knyga yra vientiso pasakojimo apie popie\u017ei\u0173 Pranci\u0161k\u0173 dovana. Joje atskleistos temos, kurios gal\u0117t\u0173 b\u016bt\u0173 aptariamos sus\u0117dusi\u0173 prie stalo","breadcrumb":{"@id":"https:\/\/skaitytaknyga.lt\/produktas\/popieziaus-pranciskaus-tiltai\/#breadcrumb"},"inLanguage":"en-GB","potentialAction":[{"@type":"ReadAction","target":["https:\/\/skaitytaknyga.lt\/produktas\/popieziaus-pranciskaus-tiltai\/"]}]},{"@type":"ImageObject","inLanguage":"en-GB","@id":"https:\/\/skaitytaknyga.lt\/produktas\/popieziaus-pranciskaus-tiltai\/#primaryimage","url":"https:\/\/skaitytaknyga.lt\/wp-content\/uploads\/2024\/12\/Popieziaus-Pranciskaus-tiltai.jpeg","contentUrl":"https:\/\/skaitytaknyga.lt\/wp-content\/uploads\/2024\/12\/Popieziaus-Pranciskaus-tiltai.jpeg","width":645,"height":1000,"caption":"Popie\u017eiaus Pranci\u0161kaus tiltai"},{"@type":"BreadcrumbList","@id":"https:\/\/skaitytaknyga.lt\/produktas\/popieziaus-pranciskaus-tiltai\/#breadcrumb","itemListElement":[{"@type":"ListItem","position":1,"name":"Home","item":"https:\/\/skaitytaknyga.lt\/"},{"@type":"ListItem","position":2,"name":"Parduotuv\u0117","item":"https:\/\/skaitytaknyga.lt\/knygu-parduotuve\/"},{"@type":"ListItem","position":3,"name":"Popie\u017eiaus Pranci\u0161kaus tiltai"}]},{"@type":"WebSite","@id":"https:\/\/skaitytaknyga.lt\/#website","url":"https:\/\/skaitytaknyga.lt\/","name":"skaitytaknyga.lt","description":"Skaitytaknyga.lt \u2013 tai ma\u017eas \u0161eimos verslas, kuris prasid\u0117jo nuo meil\u0117s knygoms ir siekio i\u0161gelb\u0117ti knygas nuo likimo prie konteinerio. Kas vienam nereikalingas daiktas \u2013 kitam lobis, o mes esame tarpininkai, kurie padeda abiems tapti laimingesniems ???? \u017dinome kaip nelengva i\u0161gyventi ma\u017eiems verslams, tad nuo \u0161iol, \u010dia rasite ir kit\u0173, ma\u017e\u0173 \u0161eim\u0173 versl\u0173, rank\u0173 darbo, dovan\u0173 sau ir artimiesiems.","publisher":{"@id":"https:\/\/skaitytaknyga.lt\/#organization"},"potentialAction":[{"@type":"SearchAction","target":{"@type":"EntryPoint","urlTemplate":"https:\/\/skaitytaknyga.lt\/?s={search_term_string}"},"query-input":{"@type":"PropertyValueSpecification","valueRequired":true,"valueName":"search_term_string"}}],"inLanguage":"en-GB"},{"@type":"Organization","@id":"https:\/\/skaitytaknyga.lt\/#organization","name":"skaitytaknyga.lt","url":"https:\/\/skaitytaknyga.lt\/","logo":{"@type":"ImageObject","inLanguage":"en-GB","@id":"https:\/\/skaitytaknyga.lt\/#\/schema\/logo\/image\/","url":"https:\/\/skaitytaknyga.lt\/wp-content\/uploads\/2024\/05\/cropped-cropped-cropped-02_00843_jt3bggkj1j3HLc7SyY6rEUpg.jpeg","contentUrl":"https:\/\/skaitytaknyga.lt\/wp-content\/uploads\/2024\/05\/cropped-cropped-cropped-02_00843_jt3bggkj1j3HLc7SyY6rEUpg.jpeg","width":1600,"height":1600,"caption":"skaitytaknyga.lt"},"image":{"@id":"https:\/\/skaitytaknyga.lt\/#\/schema\/logo\/image\/"},"sameAs":["https:\/\/www.facebook.com\/skaitytaknyga\/"]}]}},"_links":{"self":[{"href":"https:\/\/skaitytaknyga.lt\/en\/wp-json\/wp\/v2\/product\/15361","targetHints":{"allow":["GET"]}}],"collection":[{"href":"https:\/\/skaitytaknyga.lt\/en\/wp-json\/wp\/v2\/product"}],"about":[{"href":"https:\/\/skaitytaknyga.lt\/en\/wp-json\/wp\/v2\/types\/product"}],"replies":[{"embeddable":true,"href":"https:\/\/skaitytaknyga.lt\/en\/wp-json\/wp\/v2\/comments?post=15361"}],"wp:featuredmedia":[{"embeddable":true,"href":"https:\/\/skaitytaknyga.lt\/en\/wp-json\/wp\/v2\/media\/15556"}],"wp:attachment":[{"href":"https:\/\/skaitytaknyga.lt\/en\/wp-json\/wp\/v2\/media?parent=15361"}],"wp:term":[{"taxonomy":"product_brand","embeddable":true,"href":"https:\/\/skaitytaknyga.lt\/en\/wp-json\/wp\/v2\/product_brand?post=15361"},{"taxonomy":"product_cat","embeddable":true,"href":"https:\/\/skaitytaknyga.lt\/en\/wp-json\/wp\/v2\/product_cat?post=15361"},{"taxonomy":"product_tag","embeddable":true,"href":"https:\/\/skaitytaknyga.lt\/en\/wp-json\/wp\/v2\/product_tag?post=15361"}],"curies":[{"name":"wp","href":"https:\/\/api.w.org\/{rel}","templated":true}]}}