{"id":15360,"date":"2024-12-11T11:13:26","date_gmt":"2024-12-11T09:13:26","guid":{"rendered":"https:\/\/skaitytaknyga.lt\/?post_type=product&#038;p=15360"},"modified":"2025-06-12T20:24:31","modified_gmt":"2025-06-12T17:24:31","slug":"dievas-mus-myli-dvasinio-gyvenimo-vadovas-krikscioniui","status":"publish","type":"product","link":"https:\/\/skaitytaknyga.lt\/en\/produktas\/dievas-mus-myli-dvasinio-gyvenimo-vadovas-krikscioniui\/","title":{"rendered":"Dievas mus myli: dvasinio gyvenimo vadovas krik\u0161\u010dioniui"},"content":{"rendered":"<p>Garsaus dvasios vadovo t\u0117vo Considine\u2019o SJ knyga \u2013 nesenstanti dvasin\u0117s literat\u016bros klasika bei nepakei\u010diamas vadov\u0117lis krik\u0161\u010dionims, kurie siekia dvasinio gyvenimo brandos ir kokyb\u0117s \u0161iandienos pasaulyje. Prakti\u0161ki ir \u012fkvepiantys patarimai daugeliu dvasinio gyvenimo tem\u0173 atveria autenti\u0161k\u0105 autoriaus patirt\u012f, tikr\u0105 Dievo meil\u0117s ir \u017emogaus sielos paslap\u010di\u0173 pa\u017einim\u0105.<\/p>\n","protected":false},"excerpt":{"rendered":"<p>Garsaus dvasios vadovo t\u0117vo Considine\u2019o SJ knyga \u2013 nesenstanti dvasin\u0117s literat\u016bros klasika bei nepakei\u010diamas vadov\u0117lis krik\u0161\u010dionims, kurie siekia dvasinio gyvenimo brandos ir kokyb\u0117s \u0161iandienos pasaulyje. Prakti\u0161ki ir \u012fkvepiantys patarimai daugeliu dvasinio gyvenimo tem\u0173 atveria autenti\u0161k\u0105 autoriaus patirt\u012f, tikr\u0105 Dievo meil\u0117s ir \u017emogaus sielos paslap\u010di\u0173 pa\u017einim\u0105.<\/p>\n","protected":false},"featured_media":15558,"comment_status":"open","ping_status":"closed","template":"","meta":{"_acf_changed":false,"site-sidebar-layout":"default","site-content-layout":"","ast-site-content-layout":"default","site-content-style":"default","site-sidebar-style":"default","ast-global-header-display":"","ast-banner-title-visibility":"","ast-main-header-display":"","ast-hfb-above-header-display":"","ast-hfb-below-header-display":"","ast-hfb-mobile-header-display":"","site-post-title":"","ast-breadcrumbs-content":"","ast-featured-img":"","footer-sml-layout":"","ast-disable-related-posts":"","theme-transparent-header-meta":"default","adv-header-id-meta":"","stick-header-meta":"","header-above-stick-meta":"","header-main-stick-meta":"","header-below-stick-meta":"","astra-migrate-meta-layouts":"set","ast-page-background-enabled":"default","ast-page-background-meta":{"desktop":{"background-color":"","background-image":"","background-repeat":"repeat","background-position":"center center","background-size":"auto","background-attachment":"scroll","background-type":"","background-media":"","overlay-type":"","overlay-color":"","overlay-opacity":"","overlay-gradient":""},"tablet":{"background-color":"","background-image":"","background-repeat":"repeat","background-position":"center center","background-size":"auto","background-attachment":"scroll","background-type":"","background-media":"","overlay-type":"","overlay-color":"","overlay-opacity":"","overlay-gradient":""},"mobile":{"background-color":"","background-image":"","background-repeat":"repeat","background-position":"center center","background-size":"auto","background-attachment":"scroll","background-type":"","background-media":"","overlay-type":"","overlay-color":"","overlay-opacity":"","overlay-gradient":""}},"ast-content-background-meta":{"desktop":{"background-color":"var(--ast-global-color-4)","background-image":"","background-repeat":"repeat","background-position":"center center","background-size":"auto","background-attachment":"scroll","background-type":"","background-media":"","overlay-type":"","overlay-color":"","overlay-opacity":"","overlay-gradient":""},"tablet":{"background-color":"var(--ast-global-color-4)","background-image":"","background-repeat":"repeat","background-position":"center center","background-size":"auto","background-attachment":"scroll","background-type":"","background-media":"","overlay-type":"","overlay-color":"","overlay-opacity":"","overlay-gradient":""},"mobile":{"background-color":"var(--ast-global-color-4)","background-image":"","background-repeat":"repeat","background-position":"center center","background-size":"auto","background-attachment":"scroll","background-type":"","background-media":"","overlay-type":"","overlay-color":"","overlay-opacity":"","overlay-gradient":""}}},"product_brand":[],"product_cat":[15,165],"product_tag":[],"class_list":{"0":"post-15360","1":"product","2":"type-product","3":"status-publish","4":"has-post-thumbnail","6":"product_cat-uncategorized","7":"product_cat-religija-filosofija-ir-ezoterika","8":"desktop-align-left","9":"tablet-align-left","10":"mobile-align-left","12":"first","13":"outofstock","14":"shipping-taxable","15":"purchasable","16":"product-type-simple"},"acf":[],"yoast_head":"<!-- This site is optimized with the Yoast SEO plugin v27.0 - https:\/\/yoast.com\/product\/yoast-seo-wordpress\/ -->\n<title>Dievas mus myli: dvasinio gyvenimo vadovas krik\u0161\u010dioniui<\/title>\n<meta name=\"description\" content=\"Garsaus dvasios vadovo t\u0117vo Considine\u2019o SJ knyga \u2013 nesenstanti dvasin\u0117s literat\u016bros klasika bei nepakei\u010diamas vadov\u0117lis krik\u0161\u010dionims, kurie siekia\" \/>\n<meta name=\"robots\" content=\"index, follow, max-snippet:-1, max-image-preview:large, max-video-preview:-1\" \/>\n<link rel=\"canonical\" href=\"https:\/\/skaitytaknyga.lt\/en\/produktas\/dievas-mus-myli-dvasinio-gyvenimo-vadovas-krikscioniui\/\" \/>\n<meta property=\"og:locale\" content=\"en_GB\" \/>\n<meta property=\"og:locale:alternate\" content=\"lt_LT\" \/>\n<meta property=\"og:type\" content=\"article\" \/>\n<meta property=\"og:title\" content=\"Dievas mus myli: dvasinio gyvenimo vadovas krik\u0161\u010dioniui\" \/>\n<meta property=\"og:description\" content=\"Garsaus dvasios vadovo t\u0117vo Considine\u2019o SJ knyga \u2013 nesenstanti dvasin\u0117s literat\u016bros klasika bei nepakei\u010diamas vadov\u0117lis krik\u0161\u010dionims, kurie siekia\" \/>\n<meta property=\"og:url\" content=\"https:\/\/skaitytaknyga.lt\/en\/produktas\/dievas-mus-myli-dvasinio-gyvenimo-vadovas-krikscioniui\/\" \/>\n<meta property=\"og:site_name\" content=\"Skaitytaknyga\" \/>\n<meta property=\"article:publisher\" content=\"https:\/\/www.facebook.com\/skaitytaknyga\/\" \/>\n<meta property=\"article:modified_time\" content=\"2025-06-12T17:24:31+00:00\" \/>\n<meta property=\"og:image\" content=\"https:\/\/skaitytaknyga.lt\/wp-content\/uploads\/2024\/12\/Dievas-mus-myli-dvasinio-gyvenimo-vadovas-krikscioniui.jpg\" \/>\n\t<meta property=\"og:image:width\" content=\"593\" \/>\n\t<meta property=\"og:image:height\" content=\"1000\" \/>\n\t<meta property=\"og:image:type\" content=\"image\/jpeg\" \/>\n<meta name=\"twitter:card\" content=\"summary_large_image\" \/>\n<meta name=\"twitter:label1\" content=\"Estimated reading time\" \/>\n\t<meta name=\"twitter:data1\" content=\"1 minute\" \/>\n<script type=\"application\/ld+json\" class=\"yoast-schema-graph\">{\"@context\":\"https:\/\/schema.org\",\"@graph\":[{\"@type\":\"WebPage\",\"@id\":\"https:\/\/skaitytaknyga.lt\/produktas\/dievas-mus-myli-dvasinio-gyvenimo-vadovas-krikscioniui\/\",\"url\":\"https:\/\/skaitytaknyga.lt\/produktas\/dievas-mus-myli-dvasinio-gyvenimo-vadovas-krikscioniui\/\",\"name\":\"Dievas mus myli: dvasinio gyvenimo vadovas krik\u0161\u010dioniui\",\"isPartOf\":{\"@id\":\"https:\/\/skaitytaknyga.lt\/#website\"},\"primaryImageOfPage\":{\"@id\":\"https:\/\/skaitytaknyga.lt\/produktas\/dievas-mus-myli-dvasinio-gyvenimo-vadovas-krikscioniui\/#primaryimage\"},\"image\":{\"@id\":\"https:\/\/skaitytaknyga.lt\/produktas\/dievas-mus-myli-dvasinio-gyvenimo-vadovas-krikscioniui\/#primaryimage\"},\"thumbnailUrl\":\"https:\/\/skaitytaknyga.lt\/wp-content\/uploads\/2024\/12\/Dievas-mus-myli-dvasinio-gyvenimo-vadovas-krikscioniui.jpg\",\"datePublished\":\"2024-12-11T09:13:26+00:00\",\"dateModified\":\"2025-06-12T17:24:31+00:00\",\"description\":\"Garsaus dvasios vadovo t\u0117vo Considine\u2019o SJ knyga \u2013 nesenstanti dvasin\u0117s literat\u016bros klasika bei nepakei\u010diamas vadov\u0117lis krik\u0161\u010dionims, kurie siekia\",\"breadcrumb\":{\"@id\":\"https:\/\/skaitytaknyga.lt\/produktas\/dievas-mus-myli-dvasinio-gyvenimo-vadovas-krikscioniui\/#breadcrumb\"},\"inLanguage\":\"en-GB\",\"potentialAction\":[{\"@type\":\"ReadAction\",\"target\":[\"https:\/\/skaitytaknyga.lt\/produktas\/dievas-mus-myli-dvasinio-gyvenimo-vadovas-krikscioniui\/\"]}]},{\"@type\":\"ImageObject\",\"inLanguage\":\"en-GB\",\"@id\":\"https:\/\/skaitytaknyga.lt\/produktas\/dievas-mus-myli-dvasinio-gyvenimo-vadovas-krikscioniui\/#primaryimage\",\"url\":\"https:\/\/skaitytaknyga.lt\/wp-content\/uploads\/2024\/12\/Dievas-mus-myli-dvasinio-gyvenimo-vadovas-krikscioniui.jpg\",\"contentUrl\":\"https:\/\/skaitytaknyga.lt\/wp-content\/uploads\/2024\/12\/Dievas-mus-myli-dvasinio-gyvenimo-vadovas-krikscioniui.jpg\",\"width\":593,\"height\":1000,\"caption\":\"Dievas mus myli: dvasinio gyvenimo vadovas krik\u0161\u010dioniui\"},{\"@type\":\"BreadcrumbList\",\"@id\":\"https:\/\/skaitytaknyga.lt\/produktas\/dievas-mus-myli-dvasinio-gyvenimo-vadovas-krikscioniui\/#breadcrumb\",\"itemListElement\":[{\"@type\":\"ListItem\",\"position\":1,\"name\":\"Home\",\"item\":\"https:\/\/skaitytaknyga.lt\/\"},{\"@type\":\"ListItem\",\"position\":2,\"name\":\"Parduotuv\u0117\",\"item\":\"https:\/\/skaitytaknyga.lt\/knygu-parduotuve\/\"},{\"@type\":\"ListItem\",\"position\":3,\"name\":\"Dievas mus myli: dvasinio gyvenimo vadovas krik\u0161\u010dioniui\"}]},{\"@type\":\"WebSite\",\"@id\":\"https:\/\/skaitytaknyga.lt\/#website\",\"url\":\"https:\/\/skaitytaknyga.lt\/\",\"name\":\"skaitytaknyga.lt\",\"description\":\"Skaitytaknyga.lt \u2013 tai ma\u017eas \u0161eimos verslas, kuris prasid\u0117jo nuo meil\u0117s knygoms ir siekio i\u0161gelb\u0117ti knygas nuo likimo prie konteinerio. Kas vienam nereikalingas daiktas \u2013 kitam lobis, o mes esame tarpininkai, kurie padeda abiems tapti laimingesniems ???? \u017dinome kaip nelengva i\u0161gyventi ma\u017eiems verslams, tad nuo \u0161iol, \u010dia rasite ir kit\u0173, ma\u017e\u0173 \u0161eim\u0173 versl\u0173, rank\u0173 darbo, dovan\u0173 sau ir artimiesiems.\",\"publisher\":{\"@id\":\"https:\/\/skaitytaknyga.lt\/#organization\"},\"potentialAction\":[{\"@type\":\"SearchAction\",\"target\":{\"@type\":\"EntryPoint\",\"urlTemplate\":\"https:\/\/skaitytaknyga.lt\/?s={search_term_string}\"},\"query-input\":{\"@type\":\"PropertyValueSpecification\",\"valueRequired\":true,\"valueName\":\"search_term_string\"}}],\"inLanguage\":\"en-GB\"},{\"@type\":\"Organization\",\"@id\":\"https:\/\/skaitytaknyga.lt\/#organization\",\"name\":\"skaitytaknyga.lt\",\"url\":\"https:\/\/skaitytaknyga.lt\/\",\"logo\":{\"@type\":\"ImageObject\",\"inLanguage\":\"en-GB\",\"@id\":\"https:\/\/skaitytaknyga.lt\/#\/schema\/logo\/image\/\",\"url\":\"https:\/\/skaitytaknyga.lt\/wp-content\/uploads\/2024\/05\/cropped-cropped-cropped-02_00843_jt3bggkj1j3HLc7SyY6rEUpg.jpeg\",\"contentUrl\":\"https:\/\/skaitytaknyga.lt\/wp-content\/uploads\/2024\/05\/cropped-cropped-cropped-02_00843_jt3bggkj1j3HLc7SyY6rEUpg.jpeg\",\"width\":1600,\"height\":1600,\"caption\":\"skaitytaknyga.lt\"},\"image\":{\"@id\":\"https:\/\/skaitytaknyga.lt\/#\/schema\/logo\/image\/\"},\"sameAs\":[\"https:\/\/www.facebook.com\/skaitytaknyga\/\"]}]}<\/script>\n<!-- \/ Yoast SEO plugin. -->","yoast_head_json":{"title":"Dievas mus myli: dvasinio gyvenimo vadovas krik\u0161\u010dioniui","description":"Garsaus dvasios vadovo t\u0117vo Considine\u2019o SJ knyga \u2013 nesenstanti dvasin\u0117s literat\u016bros klasika bei nepakei\u010diamas vadov\u0117lis krik\u0161\u010dionims, kurie siekia","robots":{"index":"index","follow":"follow","max-snippet":"max-snippet:-1","max-image-preview":"max-image-preview:large","max-video-preview":"max-video-preview:-1"},"canonical":"https:\/\/skaitytaknyga.lt\/en\/produktas\/dievas-mus-myli-dvasinio-gyvenimo-vadovas-krikscioniui\/","og_locale":"en_GB","og_type":"article","og_title":"[:lt]Dievas mus myli: dvasinio gyvenimo vadovas krik\u0161\u010dioniui[:] - Skaitytaknyga","og_description":"Garsaus dvasios vadovo t\u0117vo Considine\u2019o SJ knyga \u2013 nesenstanti dvasin\u0117s literat\u016bros klasika bei nepakei\u010diamas vadov\u0117lis krik\u0161\u010dionims, kurie siekia","og_url":"https:\/\/skaitytaknyga.lt\/en\/produktas\/dievas-mus-myli-dvasinio-gyvenimo-vadovas-krikscioniui\/","og_site_name":"Skaitytaknyga","article_publisher":"https:\/\/www.facebook.com\/skaitytaknyga\/","article_modified_time":"2025-06-12T17:24:31+00:00","og_image":[{"width":593,"height":1000,"url":"https:\/\/skaitytaknyga.lt\/wp-content\/uploads\/2024\/12\/Dievas-mus-myli-dvasinio-gyvenimo-vadovas-krikscioniui.jpg","type":"image\/jpeg"}],"twitter_card":"summary_large_image","twitter_misc":{"Estimated reading time":"1 minute"},"schema":{"@context":"https:\/\/schema.org","@graph":[{"@type":"WebPage","@id":"https:\/\/skaitytaknyga.lt\/produktas\/dievas-mus-myli-dvasinio-gyvenimo-vadovas-krikscioniui\/","url":"https:\/\/skaitytaknyga.lt\/produktas\/dievas-mus-myli-dvasinio-gyvenimo-vadovas-krikscioniui\/","name":"Dievas mus myli: dvasinio gyvenimo vadovas krik\u0161\u010dioniui","isPartOf":{"@id":"https:\/\/skaitytaknyga.lt\/#website"},"primaryImageOfPage":{"@id":"https:\/\/skaitytaknyga.lt\/produktas\/dievas-mus-myli-dvasinio-gyvenimo-vadovas-krikscioniui\/#primaryimage"},"image":{"@id":"https:\/\/skaitytaknyga.lt\/produktas\/dievas-mus-myli-dvasinio-gyvenimo-vadovas-krikscioniui\/#primaryimage"},"thumbnailUrl":"https:\/\/skaitytaknyga.lt\/wp-content\/uploads\/2024\/12\/Dievas-mus-myli-dvasinio-gyvenimo-vadovas-krikscioniui.jpg","datePublished":"2024-12-11T09:13:26+00:00","dateModified":"2025-06-12T17:24:31+00:00","description":"Garsaus dvasios vadovo t\u0117vo Considine\u2019o SJ knyga \u2013 nesenstanti dvasin\u0117s literat\u016bros klasika bei nepakei\u010diamas vadov\u0117lis krik\u0161\u010dionims, kurie siekia","breadcrumb":{"@id":"https:\/\/skaitytaknyga.lt\/produktas\/dievas-mus-myli-dvasinio-gyvenimo-vadovas-krikscioniui\/#breadcrumb"},"inLanguage":"en-GB","potentialAction":[{"@type":"ReadAction","target":["https:\/\/skaitytaknyga.lt\/produktas\/dievas-mus-myli-dvasinio-gyvenimo-vadovas-krikscioniui\/"]}]},{"@type":"ImageObject","inLanguage":"en-GB","@id":"https:\/\/skaitytaknyga.lt\/produktas\/dievas-mus-myli-dvasinio-gyvenimo-vadovas-krikscioniui\/#primaryimage","url":"https:\/\/skaitytaknyga.lt\/wp-content\/uploads\/2024\/12\/Dievas-mus-myli-dvasinio-gyvenimo-vadovas-krikscioniui.jpg","contentUrl":"https:\/\/skaitytaknyga.lt\/wp-content\/uploads\/2024\/12\/Dievas-mus-myli-dvasinio-gyvenimo-vadovas-krikscioniui.jpg","width":593,"height":1000,"caption":"Dievas mus myli: dvasinio gyvenimo vadovas krik\u0161\u010dioniui"},{"@type":"BreadcrumbList","@id":"https:\/\/skaitytaknyga.lt\/produktas\/dievas-mus-myli-dvasinio-gyvenimo-vadovas-krikscioniui\/#breadcrumb","itemListElement":[{"@type":"ListItem","position":1,"name":"Home","item":"https:\/\/skaitytaknyga.lt\/"},{"@type":"ListItem","position":2,"name":"Parduotuv\u0117","item":"https:\/\/skaitytaknyga.lt\/knygu-parduotuve\/"},{"@type":"ListItem","position":3,"name":"Dievas mus myli: dvasinio gyvenimo vadovas krik\u0161\u010dioniui"}]},{"@type":"WebSite","@id":"https:\/\/skaitytaknyga.lt\/#website","url":"https:\/\/skaitytaknyga.lt\/","name":"skaitytaknyga.lt","description":"Skaitytaknyga.lt \u2013 tai ma\u017eas \u0161eimos verslas, kuris prasid\u0117jo nuo meil\u0117s knygoms ir siekio i\u0161gelb\u0117ti knygas nuo likimo prie konteinerio. Kas vienam nereikalingas daiktas \u2013 kitam lobis, o mes esame tarpininkai, kurie padeda abiems tapti laimingesniems ???? \u017dinome kaip nelengva i\u0161gyventi ma\u017eiems verslams, tad nuo \u0161iol, \u010dia rasite ir kit\u0173, ma\u017e\u0173 \u0161eim\u0173 versl\u0173, rank\u0173 darbo, dovan\u0173 sau ir artimiesiems.","publisher":{"@id":"https:\/\/skaitytaknyga.lt\/#organization"},"potentialAction":[{"@type":"SearchAction","target":{"@type":"EntryPoint","urlTemplate":"https:\/\/skaitytaknyga.lt\/?s={search_term_string}"},"query-input":{"@type":"PropertyValueSpecification","valueRequired":true,"valueName":"search_term_string"}}],"inLanguage":"en-GB"},{"@type":"Organization","@id":"https:\/\/skaitytaknyga.lt\/#organization","name":"skaitytaknyga.lt","url":"https:\/\/skaitytaknyga.lt\/","logo":{"@type":"ImageObject","inLanguage":"en-GB","@id":"https:\/\/skaitytaknyga.lt\/#\/schema\/logo\/image\/","url":"https:\/\/skaitytaknyga.lt\/wp-content\/uploads\/2024\/05\/cropped-cropped-cropped-02_00843_jt3bggkj1j3HLc7SyY6rEUpg.jpeg","contentUrl":"https:\/\/skaitytaknyga.lt\/wp-content\/uploads\/2024\/05\/cropped-cropped-cropped-02_00843_jt3bggkj1j3HLc7SyY6rEUpg.jpeg","width":1600,"height":1600,"caption":"skaitytaknyga.lt"},"image":{"@id":"https:\/\/skaitytaknyga.lt\/#\/schema\/logo\/image\/"},"sameAs":["https:\/\/www.facebook.com\/skaitytaknyga\/"]}]}},"_links":{"self":[{"href":"https:\/\/skaitytaknyga.lt\/en\/wp-json\/wp\/v2\/product\/15360","targetHints":{"allow":["GET"]}}],"collection":[{"href":"https:\/\/skaitytaknyga.lt\/en\/wp-json\/wp\/v2\/product"}],"about":[{"href":"https:\/\/skaitytaknyga.lt\/en\/wp-json\/wp\/v2\/types\/product"}],"replies":[{"embeddable":true,"href":"https:\/\/skaitytaknyga.lt\/en\/wp-json\/wp\/v2\/comments?post=15360"}],"wp:featuredmedia":[{"embeddable":true,"href":"https:\/\/skaitytaknyga.lt\/en\/wp-json\/wp\/v2\/media\/15558"}],"wp:attachment":[{"href":"https:\/\/skaitytaknyga.lt\/en\/wp-json\/wp\/v2\/media?parent=15360"}],"wp:term":[{"taxonomy":"product_brand","embeddable":true,"href":"https:\/\/skaitytaknyga.lt\/en\/wp-json\/wp\/v2\/product_brand?post=15360"},{"taxonomy":"product_cat","embeddable":true,"href":"https:\/\/skaitytaknyga.lt\/en\/wp-json\/wp\/v2\/product_cat?post=15360"},{"taxonomy":"product_tag","embeddable":true,"href":"https:\/\/skaitytaknyga.lt\/en\/wp-json\/wp\/v2\/product_tag?post=15360"}],"curies":[{"name":"wp","href":"https:\/\/api.w.org\/{rel}","templated":true}]}}