{"id":15356,"date":"2024-12-11T11:13:25","date_gmt":"2024-12-11T09:13:25","guid":{"rendered":"https:\/\/skaitytaknyga.lt\/?post_type=product&#038;p=15356"},"modified":"2024-12-19T10:36:59","modified_gmt":"2024-12-19T08:36:59","slug":"mielas-draugas","status":"publish","type":"product","link":"https:\/\/skaitytaknyga.lt\/en\/produktas\/mielas-draugas\/","title":{"rendered":"Mielas draugas"},"content":{"rendered":"<p>Jaunas nuotyki\u0173 ie\u0161kotojas, demobilizuotas husaras \u017dor\u017eas Diurua vargsta Pary\u017eiuje. Be orios laikysenos ir daili\u0173 \u016bs\u0173, kurie traukia moteris, jis neturi nieko. Viskas pasikei\u010dia po lemtingo susitikimo su jaunyst\u0117s draugu Forestj\u0117, kuriam straipsnius ra\u0161o \u017emona Madlena. \u0160ios padedamas Mielas draugas pradeda sensacing\u0105 \u017eurnalisto karjer\u0105, vadovaudamasis paprasta logika \u2013 bet kokia kaina patikti moterims!<\/p>\n<p>\u201eNiekas man\u0119s ne\u012ftikins, kad dvi moterys n\u0117ra vertesn\u0117s u\u017e vien\u0105, trys \u2013 u\u017e dvi, o de\u0161imt \u2013 u\u017e tris,\u201c &#8211; svarsto \u017dor\u017eas ir jam sekasi. Jis veda na\u0161le tapusi\u0105 Madlen\u0105, v\u0117liau s\u0117kmingai jos atsikrat\u0119s tampa finansininko \u017eentu. Auk\u0161tuomen\u0117s numyl\u0117tinis lipa per draug\u0173 galvas, kad tur\u0117t\u0173 visk\u0105: moter\u0173, privilegij\u0173 ir vald\u017ei\u0105, ta\u010diau kada nors visiems ir u\u017e visk\u0105 tenka mok\u0117ti. Mielas draugas netampa i\u0161imtimi&#8230;<\/p>\n","protected":false},"excerpt":{"rendered":"<p>Jaunas nuotyki\u0173 ie\u0161kotojas, demobilizuotas husaras \u017dor\u017eas Diurua vargsta Pary\u017eiuje. Be orios laikysenos ir daili\u0173 \u016bs\u0173, kurie traukia moteris, jis neturi nieko. Viskas pasikei\u010dia po lemtingo susitikimo su jaunyst\u0117s draugu Forestj\u0117, kuriam straipsnius ra\u0161o \u017emona Madlena. \u0160ios padedamas Mielas draugas pradeda sensacing\u0105 \u017eurnalisto karjer\u0105, vadovaudamasis paprasta logika \u2013 bet kokia kaina patikti moterims! \u201eNiekas man\u0119s ne\u012ftikins, kad dvi moterys n\u0117ra vertesn\u0117s u\u017e vien\u0105, trys \u2013 u\u017e dvi, o de\u0161imt \u2013 u\u017e tris,\u201c &#8211; svarsto \u017dor\u017eas ir jam sekasi. Jis veda na\u0161le tapusi\u0105 Madlen\u0105, v\u0117liau s\u0117kmingai jos atsikrat\u0119s tampa finansininko \u017eentu. Auk\u0161tuomen\u0117s numyl\u0117tinis lipa per draug\u0173 galvas, kad tur\u0117t\u0173 visk\u0105: moter\u0173, privilegij\u0173 ir vald\u017ei\u0105, ta\u010diau kada nors visiems ir u\u017e visk\u0105 tenka mok\u0117ti. Mielas draugas netampa i\u0161imtimi&#8230;<\/p>\n","protected":false},"featured_media":15554,"comment_status":"open","ping_status":"closed","template":"","meta":{"_acf_changed":false,"site-sidebar-layout":"default","site-content-layout":"","ast-site-content-layout":"default","site-content-style":"default","site-sidebar-style":"default","ast-global-header-display":"","ast-banner-title-visibility":"","ast-main-header-display":"","ast-hfb-above-header-display":"","ast-hfb-below-header-display":"","ast-hfb-mobile-header-display":"","site-post-title":"","ast-breadcrumbs-content":"","ast-featured-img":"","footer-sml-layout":"","ast-disable-related-posts":"","theme-transparent-header-meta":"default","adv-header-id-meta":"","stick-header-meta":"","header-above-stick-meta":"","header-main-stick-meta":"","header-below-stick-meta":"","astra-migrate-meta-layouts":"set","ast-page-background-enabled":"default","ast-page-background-meta":{"desktop":{"background-color":"","background-image":"","background-repeat":"repeat","background-position":"center center","background-size":"auto","background-attachment":"scroll","background-type":"","background-media":"","overlay-type":"","overlay-color":"","overlay-opacity":"","overlay-gradient":""},"tablet":{"background-color":"","background-image":"","background-repeat":"repeat","background-position":"center center","background-size":"auto","background-attachment":"scroll","background-type":"","background-media":"","overlay-type":"","overlay-color":"","overlay-opacity":"","overlay-gradient":""},"mobile":{"background-color":"","background-image":"","background-repeat":"repeat","background-position":"center center","background-size":"auto","background-attachment":"scroll","background-type":"","background-media":"","overlay-type":"","overlay-color":"","overlay-opacity":"","overlay-gradient":""}},"ast-content-background-meta":{"desktop":{"background-color":"var(--ast-global-color-4)","background-image":"","background-repeat":"repeat","background-position":"center center","background-size":"auto","background-attachment":"scroll","background-type":"","background-media":"","overlay-type":"","overlay-color":"","overlay-opacity":"","overlay-gradient":""},"tablet":{"background-color":"var(--ast-global-color-4)","background-image":"","background-repeat":"repeat","background-position":"center center","background-size":"auto","background-attachment":"scroll","background-type":"","background-media":"","overlay-type":"","overlay-color":"","overlay-opacity":"","overlay-gradient":""},"mobile":{"background-color":"var(--ast-global-color-4)","background-image":"","background-repeat":"repeat","background-position":"center center","background-size":"auto","background-attachment":"scroll","background-type":"","background-media":"","overlay-type":"","overlay-color":"","overlay-opacity":"","overlay-gradient":""}}},"product_brand":[],"product_cat":[31,15],"product_tag":[],"class_list":{"0":"post-15356","1":"product","2":"type-product","3":"status-publish","4":"has-post-thumbnail","6":"product_cat-grozine-literatura","7":"product_cat-uncategorized","8":"desktop-align-left","9":"tablet-align-left","10":"mobile-align-left","12":"first","13":"instock","14":"shipping-taxable","15":"purchasable","16":"product-type-simple"},"acf":[],"yoast_head":"<!-- This site is optimized with the Yoast SEO plugin v27.0 - https:\/\/yoast.com\/product\/yoast-seo-wordpress\/ -->\n<title>Mielas draugas<\/title>\n<meta name=\"description\" content=\"Jaunas nuotyki\u0173 ie\u0161kotojas, demobilizuotas husaras \u017dor\u017eas Diurua vargsta Pary\u017eiuje. Be orios laikysenos ir daili\u0173 \u016bs\u0173, kurie traukia moteris, jis neturi\" \/>\n<meta name=\"robots\" content=\"index, follow, max-snippet:-1, max-image-preview:large, max-video-preview:-1\" \/>\n<link rel=\"canonical\" href=\"https:\/\/skaitytaknyga.lt\/en\/produktas\/mielas-draugas\/\" \/>\n<meta property=\"og:locale\" content=\"en_GB\" \/>\n<meta property=\"og:locale:alternate\" content=\"lt_LT\" \/>\n<meta property=\"og:type\" content=\"article\" \/>\n<meta property=\"og:title\" content=\"Mielas draugas\" \/>\n<meta property=\"og:description\" content=\"Jaunas nuotyki\u0173 ie\u0161kotojas, demobilizuotas husaras \u017dor\u017eas Diurua vargsta Pary\u017eiuje. Be orios laikysenos ir daili\u0173 \u016bs\u0173, kurie traukia moteris, jis neturi\" \/>\n<meta property=\"og:url\" content=\"https:\/\/skaitytaknyga.lt\/en\/produktas\/mielas-draugas\/\" \/>\n<meta property=\"og:site_name\" content=\"Skaitytaknyga\" \/>\n<meta property=\"article:publisher\" content=\"https:\/\/www.facebook.com\/skaitytaknyga\/\" \/>\n<meta property=\"article:modified_time\" content=\"2024-12-19T08:36:59+00:00\" \/>\n<meta property=\"og:image\" content=\"https:\/\/skaitytaknyga.lt\/wp-content\/uploads\/2024\/12\/Mielas-draugas.webp\" \/>\n\t<meta property=\"og:image:width\" content=\"486\" \/>\n\t<meta property=\"og:image:height\" content=\"800\" \/>\n\t<meta property=\"og:image:type\" content=\"image\/webp\" \/>\n<meta name=\"twitter:card\" content=\"summary_large_image\" \/>\n<meta name=\"twitter:label1\" content=\"Estimated reading time\" \/>\n\t<meta name=\"twitter:data1\" content=\"1 minute\" \/>\n<script type=\"application\/ld+json\" class=\"yoast-schema-graph\">{\"@context\":\"https:\/\/schema.org\",\"@graph\":[{\"@type\":\"WebPage\",\"@id\":\"https:\/\/skaitytaknyga.lt\/produktas\/mielas-draugas\/\",\"url\":\"https:\/\/skaitytaknyga.lt\/produktas\/mielas-draugas\/\",\"name\":\"Mielas draugas\",\"isPartOf\":{\"@id\":\"https:\/\/skaitytaknyga.lt\/#website\"},\"primaryImageOfPage\":{\"@id\":\"https:\/\/skaitytaknyga.lt\/produktas\/mielas-draugas\/#primaryimage\"},\"image\":{\"@id\":\"https:\/\/skaitytaknyga.lt\/produktas\/mielas-draugas\/#primaryimage\"},\"thumbnailUrl\":\"https:\/\/skaitytaknyga.lt\/wp-content\/uploads\/2024\/12\/Mielas-draugas.webp\",\"datePublished\":\"2024-12-11T09:13:25+00:00\",\"dateModified\":\"2024-12-19T08:36:59+00:00\",\"description\":\"Jaunas nuotyki\u0173 ie\u0161kotojas, demobilizuotas husaras \u017dor\u017eas Diurua vargsta Pary\u017eiuje. Be orios laikysenos ir daili\u0173 \u016bs\u0173, kurie traukia moteris, jis neturi\",\"breadcrumb\":{\"@id\":\"https:\/\/skaitytaknyga.lt\/produktas\/mielas-draugas\/#breadcrumb\"},\"inLanguage\":\"en-GB\",\"potentialAction\":[{\"@type\":\"ReadAction\",\"target\":[\"https:\/\/skaitytaknyga.lt\/produktas\/mielas-draugas\/\"]}]},{\"@type\":\"ImageObject\",\"inLanguage\":\"en-GB\",\"@id\":\"https:\/\/skaitytaknyga.lt\/produktas\/mielas-draugas\/#primaryimage\",\"url\":\"https:\/\/skaitytaknyga.lt\/wp-content\/uploads\/2024\/12\/Mielas-draugas.webp\",\"contentUrl\":\"https:\/\/skaitytaknyga.lt\/wp-content\/uploads\/2024\/12\/Mielas-draugas.webp\",\"width\":486,\"height\":800,\"caption\":\"Mielas draugas\"},{\"@type\":\"BreadcrumbList\",\"@id\":\"https:\/\/skaitytaknyga.lt\/produktas\/mielas-draugas\/#breadcrumb\",\"itemListElement\":[{\"@type\":\"ListItem\",\"position\":1,\"name\":\"Home\",\"item\":\"https:\/\/skaitytaknyga.lt\/\"},{\"@type\":\"ListItem\",\"position\":2,\"name\":\"Parduotuv\u0117\",\"item\":\"https:\/\/skaitytaknyga.lt\/knygu-parduotuve\/\"},{\"@type\":\"ListItem\",\"position\":3,\"name\":\"Mielas draugas\"}]},{\"@type\":\"WebSite\",\"@id\":\"https:\/\/skaitytaknyga.lt\/#website\",\"url\":\"https:\/\/skaitytaknyga.lt\/\",\"name\":\"skaitytaknyga.lt\",\"description\":\"Skaitytaknyga.lt \u2013 tai ma\u017eas \u0161eimos verslas, kuris prasid\u0117jo nuo meil\u0117s knygoms ir siekio i\u0161gelb\u0117ti knygas nuo likimo prie konteinerio. Kas vienam nereikalingas daiktas \u2013 kitam lobis, o mes esame tarpininkai, kurie padeda abiems tapti laimingesniems ???? \u017dinome kaip nelengva i\u0161gyventi ma\u017eiems verslams, tad nuo \u0161iol, \u010dia rasite ir kit\u0173, ma\u017e\u0173 \u0161eim\u0173 versl\u0173, rank\u0173 darbo, dovan\u0173 sau ir artimiesiems.\",\"publisher\":{\"@id\":\"https:\/\/skaitytaknyga.lt\/#organization\"},\"potentialAction\":[{\"@type\":\"SearchAction\",\"target\":{\"@type\":\"EntryPoint\",\"urlTemplate\":\"https:\/\/skaitytaknyga.lt\/?s={search_term_string}\"},\"query-input\":{\"@type\":\"PropertyValueSpecification\",\"valueRequired\":true,\"valueName\":\"search_term_string\"}}],\"inLanguage\":\"en-GB\"},{\"@type\":\"Organization\",\"@id\":\"https:\/\/skaitytaknyga.lt\/#organization\",\"name\":\"skaitytaknyga.lt\",\"url\":\"https:\/\/skaitytaknyga.lt\/\",\"logo\":{\"@type\":\"ImageObject\",\"inLanguage\":\"en-GB\",\"@id\":\"https:\/\/skaitytaknyga.lt\/#\/schema\/logo\/image\/\",\"url\":\"https:\/\/skaitytaknyga.lt\/wp-content\/uploads\/2024\/05\/cropped-cropped-cropped-02_00843_jt3bggkj1j3HLc7SyY6rEUpg.jpeg\",\"contentUrl\":\"https:\/\/skaitytaknyga.lt\/wp-content\/uploads\/2024\/05\/cropped-cropped-cropped-02_00843_jt3bggkj1j3HLc7SyY6rEUpg.jpeg\",\"width\":1600,\"height\":1600,\"caption\":\"skaitytaknyga.lt\"},\"image\":{\"@id\":\"https:\/\/skaitytaknyga.lt\/#\/schema\/logo\/image\/\"},\"sameAs\":[\"https:\/\/www.facebook.com\/skaitytaknyga\/\"]}]}<\/script>\n<!-- \/ Yoast SEO plugin. -->","yoast_head_json":{"title":"Mielas draugas","description":"Jaunas nuotyki\u0173 ie\u0161kotojas, demobilizuotas husaras \u017dor\u017eas Diurua vargsta Pary\u017eiuje. Be orios laikysenos ir daili\u0173 \u016bs\u0173, kurie traukia moteris, jis neturi","robots":{"index":"index","follow":"follow","max-snippet":"max-snippet:-1","max-image-preview":"max-image-preview:large","max-video-preview":"max-video-preview:-1"},"canonical":"https:\/\/skaitytaknyga.lt\/en\/produktas\/mielas-draugas\/","og_locale":"en_GB","og_type":"article","og_title":"[:lt]Mielas draugas[:] - Skaitytaknyga","og_description":"Jaunas nuotyki\u0173 ie\u0161kotojas, demobilizuotas husaras \u017dor\u017eas Diurua vargsta Pary\u017eiuje. Be orios laikysenos ir daili\u0173 \u016bs\u0173, kurie traukia moteris, jis neturi","og_url":"https:\/\/skaitytaknyga.lt\/en\/produktas\/mielas-draugas\/","og_site_name":"Skaitytaknyga","article_publisher":"https:\/\/www.facebook.com\/skaitytaknyga\/","article_modified_time":"2024-12-19T08:36:59+00:00","og_image":[{"width":486,"height":800,"url":"https:\/\/skaitytaknyga.lt\/wp-content\/uploads\/2024\/12\/Mielas-draugas.webp","type":"image\/webp"}],"twitter_card":"summary_large_image","twitter_misc":{"Estimated reading time":"1 minute"},"schema":{"@context":"https:\/\/schema.org","@graph":[{"@type":"WebPage","@id":"https:\/\/skaitytaknyga.lt\/produktas\/mielas-draugas\/","url":"https:\/\/skaitytaknyga.lt\/produktas\/mielas-draugas\/","name":"Mielas draugas","isPartOf":{"@id":"https:\/\/skaitytaknyga.lt\/#website"},"primaryImageOfPage":{"@id":"https:\/\/skaitytaknyga.lt\/produktas\/mielas-draugas\/#primaryimage"},"image":{"@id":"https:\/\/skaitytaknyga.lt\/produktas\/mielas-draugas\/#primaryimage"},"thumbnailUrl":"https:\/\/skaitytaknyga.lt\/wp-content\/uploads\/2024\/12\/Mielas-draugas.webp","datePublished":"2024-12-11T09:13:25+00:00","dateModified":"2024-12-19T08:36:59+00:00","description":"Jaunas nuotyki\u0173 ie\u0161kotojas, demobilizuotas husaras \u017dor\u017eas Diurua vargsta Pary\u017eiuje. Be orios laikysenos ir daili\u0173 \u016bs\u0173, kurie traukia moteris, jis neturi","breadcrumb":{"@id":"https:\/\/skaitytaknyga.lt\/produktas\/mielas-draugas\/#breadcrumb"},"inLanguage":"en-GB","potentialAction":[{"@type":"ReadAction","target":["https:\/\/skaitytaknyga.lt\/produktas\/mielas-draugas\/"]}]},{"@type":"ImageObject","inLanguage":"en-GB","@id":"https:\/\/skaitytaknyga.lt\/produktas\/mielas-draugas\/#primaryimage","url":"https:\/\/skaitytaknyga.lt\/wp-content\/uploads\/2024\/12\/Mielas-draugas.webp","contentUrl":"https:\/\/skaitytaknyga.lt\/wp-content\/uploads\/2024\/12\/Mielas-draugas.webp","width":486,"height":800,"caption":"Mielas draugas"},{"@type":"BreadcrumbList","@id":"https:\/\/skaitytaknyga.lt\/produktas\/mielas-draugas\/#breadcrumb","itemListElement":[{"@type":"ListItem","position":1,"name":"Home","item":"https:\/\/skaitytaknyga.lt\/"},{"@type":"ListItem","position":2,"name":"Parduotuv\u0117","item":"https:\/\/skaitytaknyga.lt\/knygu-parduotuve\/"},{"@type":"ListItem","position":3,"name":"Mielas draugas"}]},{"@type":"WebSite","@id":"https:\/\/skaitytaknyga.lt\/#website","url":"https:\/\/skaitytaknyga.lt\/","name":"skaitytaknyga.lt","description":"Skaitytaknyga.lt \u2013 tai ma\u017eas \u0161eimos verslas, kuris prasid\u0117jo nuo meil\u0117s knygoms ir siekio i\u0161gelb\u0117ti knygas nuo likimo prie konteinerio. Kas vienam nereikalingas daiktas \u2013 kitam lobis, o mes esame tarpininkai, kurie padeda abiems tapti laimingesniems ???? \u017dinome kaip nelengva i\u0161gyventi ma\u017eiems verslams, tad nuo \u0161iol, \u010dia rasite ir kit\u0173, ma\u017e\u0173 \u0161eim\u0173 versl\u0173, rank\u0173 darbo, dovan\u0173 sau ir artimiesiems.","publisher":{"@id":"https:\/\/skaitytaknyga.lt\/#organization"},"potentialAction":[{"@type":"SearchAction","target":{"@type":"EntryPoint","urlTemplate":"https:\/\/skaitytaknyga.lt\/?s={search_term_string}"},"query-input":{"@type":"PropertyValueSpecification","valueRequired":true,"valueName":"search_term_string"}}],"inLanguage":"en-GB"},{"@type":"Organization","@id":"https:\/\/skaitytaknyga.lt\/#organization","name":"skaitytaknyga.lt","url":"https:\/\/skaitytaknyga.lt\/","logo":{"@type":"ImageObject","inLanguage":"en-GB","@id":"https:\/\/skaitytaknyga.lt\/#\/schema\/logo\/image\/","url":"https:\/\/skaitytaknyga.lt\/wp-content\/uploads\/2024\/05\/cropped-cropped-cropped-02_00843_jt3bggkj1j3HLc7SyY6rEUpg.jpeg","contentUrl":"https:\/\/skaitytaknyga.lt\/wp-content\/uploads\/2024\/05\/cropped-cropped-cropped-02_00843_jt3bggkj1j3HLc7SyY6rEUpg.jpeg","width":1600,"height":1600,"caption":"skaitytaknyga.lt"},"image":{"@id":"https:\/\/skaitytaknyga.lt\/#\/schema\/logo\/image\/"},"sameAs":["https:\/\/www.facebook.com\/skaitytaknyga\/"]}]}},"_links":{"self":[{"href":"https:\/\/skaitytaknyga.lt\/en\/wp-json\/wp\/v2\/product\/15356","targetHints":{"allow":["GET"]}}],"collection":[{"href":"https:\/\/skaitytaknyga.lt\/en\/wp-json\/wp\/v2\/product"}],"about":[{"href":"https:\/\/skaitytaknyga.lt\/en\/wp-json\/wp\/v2\/types\/product"}],"replies":[{"embeddable":true,"href":"https:\/\/skaitytaknyga.lt\/en\/wp-json\/wp\/v2\/comments?post=15356"}],"wp:featuredmedia":[{"embeddable":true,"href":"https:\/\/skaitytaknyga.lt\/en\/wp-json\/wp\/v2\/media\/15554"}],"wp:attachment":[{"href":"https:\/\/skaitytaknyga.lt\/en\/wp-json\/wp\/v2\/media?parent=15356"}],"wp:term":[{"taxonomy":"product_brand","embeddable":true,"href":"https:\/\/skaitytaknyga.lt\/en\/wp-json\/wp\/v2\/product_brand?post=15356"},{"taxonomy":"product_cat","embeddable":true,"href":"https:\/\/skaitytaknyga.lt\/en\/wp-json\/wp\/v2\/product_cat?post=15356"},{"taxonomy":"product_tag","embeddable":true,"href":"https:\/\/skaitytaknyga.lt\/en\/wp-json\/wp\/v2\/product_tag?post=15356"}],"curies":[{"name":"wp","href":"https:\/\/api.w.org\/{rel}","templated":true}]}}