{"id":15353,"date":"2024-12-11T11:13:25","date_gmt":"2024-12-11T09:13:25","guid":{"rendered":"https:\/\/skaitytaknyga.lt\/?post_type=product&#038;p=15353"},"modified":"2026-03-05T13:45:50","modified_gmt":"2026-03-05T11:45:50","slug":"isileisk-mane","status":"publish","type":"product","link":"https:\/\/skaitytaknyga.lt\/en\/produktas\/isileisk-mane\/","title":{"rendered":"\u012esileisk mane"},"content":{"rendered":"<p>\u201eStulbinama vampyr\u0173 mito interpretacija. Pasiutusiai gera istorija\u201c &#8211; Kelley Armstrong, bestselerio \u201eHaunted&#8221; autor\u0117<\/p>\n<p>Mergait\u0117s veidas buvo arti. Jo \u017evilgsn\u012f trauk\u0117 \u0161ilkinis jos skruostas. Tod\u0117l nemat\u0117, kaip jos akys pasikeit\u0117, susiaur\u0117jo, \u012fgavo kitoki\u0105 i\u0161rai\u0161k\u0105. Kaip pakilo vir\u0161utin\u0117 l\u016bpa ir atideng\u0117 por\u0105 ma\u017e\u0173 balk\u0161v\u0173 il\u010di\u0173. Mat\u0117 tik jos skruost\u0105, o tuo metu, kai Eli dantys art\u0117jo prie jo kaklo, Oskaras pak\u0117l\u0117 rank\u0105 ir paglost\u0117 jos skruost\u0105.<\/p>\n<p>1981 m. ruden\u012f Blakeberge, viename nykiame Stokholmo priemiestyje, randamas paauglio lavonas visai be kraujo. Ritualin\u0117 \u017emog\u017eudyst\u0117? \u201eIlgai lauktas ker\u0161tas\u201c, &#8211; viliasi dvylikametis Oskaras, kasdien mokykloje ken\u010diantis \u017eiaurias paty\u010dias. Bet jo galva u\u017eimta kitkuo. \u012e kaimynyst\u0119 atsikraust\u0117 nauja mergait\u0117. Keista mergait\u0117. Ji n\u0117ra ma\u010diusi Rubiko kubo, bet per kelias valandas i\u0161moko j\u012f sud\u0117ti, nuo jos sklinda keistas mirties kvapas, ji nelanko mokyklos ir pasirodo tik v\u0117lai vakare&#8230; Kuo baigsis keista j\u0173 draugyst\u0117? Kaip pakeis miestel\u012f \u017einia, kad ka\u017ekur netoliese gyvena \u201ekiti\u201c?<\/p>\n<p>Romane \u201e\u012esileisk mane&#8221; n\u0117ra \u012fprast\u0173 kli\u0161i\u0173 apie vampyrus. Tai \u017eingsnis u\u017e tviskan\u010dio auksinio ABBA stereotipo \u012f \u0160vedijos \u0161e\u0161\u0117lius, kur aib\u0117 veik\u0117j\u0173 kovoja su savo morale.Tai pasakojimas apie \u017emones, gyvenan\u010dius greta nemirting\u0173j\u0173, apie draugyst\u0119 ir tai, kaip tampama suaugusiais.<\/p>\n<p>\u201eI\u0161 naujo atrastas vampyr\u0173 romanas&#8221; &#8211; Daily Express<\/p>\n<ul class=\"about-product d-none d-xl-block mt-4\">\n<li><strong>Autorius:<\/strong>\u00a0John Ajvide Lindqvist<\/li>\n<li><strong>Leid\u0117jas:<\/strong>\u00a0Obuolys<\/li>\n<li><strong>Metai:<\/strong>\u00a02010<\/li>\n<li><strong>Puslapiai:<\/strong>\u00a0608<\/li>\n<li class=\"toggleable type-new-formats \"><strong>ISBN:<\/strong>\u00a09786094031731<\/li>\n<li><strong>Versijos kodas:<\/strong>\u00a0=<\/li>\n<li class=\"toggleable type-new-formats \"><strong>Formatas:<\/strong>\u00a010,5 x 17 cm, mink\u0161ti vir\u0161eliai<\/li>\n<li><strong>Kalba:<\/strong>\u00a0Lietuvi\u0173<\/li>\n<li><strong>Vert\u0117jas:<\/strong>\u00a0Virginija Jurgaityt\u0117<\/li>\n<\/ul>\n","protected":false},"excerpt":{"rendered":"<p>\u201eStulbinama vampyr\u0173 mito interpretacija. Pasiutusiai gera istorija\u201c &#8211; Kelley Armstrong, bestselerio \u201eHaunted&#8221; autor\u0117 Mergait\u0117s veidas buvo arti. Jo \u017evilgsn\u012f trauk\u0117 \u0161ilkinis jos skruostas. Tod\u0117l nemat\u0117, kaip jos akys pasikeit\u0117, susiaur\u0117jo, \u012fgavo kitoki\u0105 i\u0161rai\u0161k\u0105. Kaip pakilo vir\u0161utin\u0117 l\u016bpa ir atideng\u0117 por\u0105 ma\u017e\u0173 balk\u0161v\u0173 il\u010di\u0173. Mat\u0117 tik jos skruost\u0105, o tuo metu, kai Eli dantys art\u0117jo prie jo kaklo, Oskaras pak\u0117l\u0117 rank\u0105 ir paglost\u0117 jos skruost\u0105. 1981 m. ruden\u012f Blakeberge, viename nykiame Stokholmo priemiestyje, randamas paauglio lavonas visai be kraujo. Ritualin\u0117 \u017emog\u017eudyst\u0117? \u201eIlgai lauktas ker\u0161tas\u201c, &#8211; viliasi dvylikametis Oskaras, kasdien mokykloje ken\u010diantis \u017eiaurias paty\u010dias. Bet jo galva u\u017eimta kitkuo. \u012e kaimynyst\u0119 atsikraust\u0117 nauja mergait\u0117. Keista mergait\u0117. Ji n\u0117ra ma\u010diusi Rubiko kubo, bet per kelias valandas i\u0161moko j\u012f sud\u0117ti, nuo jos sklinda keistas mirties kvapas, ji nelanko mokyklos ir pasirodo tik v\u0117lai vakare&#8230; Kuo baigsis keista j\u0173 draugyst\u0117? Kaip pakeis miestel\u012f \u017einia, kad ka\u017ekur netoliese gyvena \u201ekiti\u201c? Romane \u201e\u012esileisk mane&#8221; n\u0117ra \u012fprast\u0173 kli\u0161i\u0173 apie vampyrus. Tai \u017eingsnis u\u017e tviskan\u010dio auksinio ABBA stereotipo \u012f \u0160vedijos \u0161e\u0161\u0117lius, kur aib\u0117 veik\u0117j\u0173 kovoja su savo morale.Tai pasakojimas apie \u017emones, gyvenan\u010dius greta nemirting\u0173j\u0173, apie draugyst\u0119 ir tai, kaip tampama suaugusiais. \u201eI\u0161 naujo atrastas vampyr\u0173 romanas&#8221; &#8211; Daily Express Autorius:\u00a0John Ajvide Lindqvist Leid\u0117jas:\u00a0Obuolys Metai:\u00a02010 Puslapiai:\u00a0608 ISBN:\u00a09786094031731 Versijos kodas:\u00a0= Formatas:\u00a010,5 x 17 cm, mink\u0161ti vir\u0161eliai Kalba:\u00a0Lietuvi\u0173 Vert\u0117jas:\u00a0Virginija Jurgaityt\u0117<\/p>\n","protected":false},"featured_media":15551,"comment_status":"open","ping_status":"closed","template":"","meta":{"_acf_changed":false,"site-sidebar-layout":"default","site-content-layout":"","ast-site-content-layout":"default","site-content-style":"default","site-sidebar-style":"default","ast-global-header-display":"","ast-banner-title-visibility":"","ast-main-header-display":"","ast-hfb-above-header-display":"","ast-hfb-below-header-display":"","ast-hfb-mobile-header-display":"","site-post-title":"","ast-breadcrumbs-content":"","ast-featured-img":"","footer-sml-layout":"","ast-disable-related-posts":"","theme-transparent-header-meta":"default","adv-header-id-meta":"","stick-header-meta":"","header-above-stick-meta":"","header-main-stick-meta":"","header-below-stick-meta":"","astra-migrate-meta-layouts":"set","ast-page-background-enabled":"default","ast-page-background-meta":{"desktop":{"background-color":"","background-image":"","background-repeat":"repeat","background-position":"center center","background-size":"auto","background-attachment":"scroll","background-type":"","background-media":"","overlay-type":"","overlay-color":"","overlay-opacity":"","overlay-gradient":""},"tablet":{"background-color":"","background-image":"","background-repeat":"repeat","background-position":"center center","background-size":"auto","background-attachment":"scroll","background-type":"","background-media":"","overlay-type":"","overlay-color":"","overlay-opacity":"","overlay-gradient":""},"mobile":{"background-color":"","background-image":"","background-repeat":"repeat","background-position":"center center","background-size":"auto","background-attachment":"scroll","background-type":"","background-media":"","overlay-type":"","overlay-color":"","overlay-opacity":"","overlay-gradient":""}},"ast-content-background-meta":{"desktop":{"background-color":"var(--ast-global-color-4)","background-image":"","background-repeat":"repeat","background-position":"center center","background-size":"auto","background-attachment":"scroll","background-type":"","background-media":"","overlay-type":"","overlay-color":"","overlay-opacity":"","overlay-gradient":""},"tablet":{"background-color":"var(--ast-global-color-4)","background-image":"","background-repeat":"repeat","background-position":"center center","background-size":"auto","background-attachment":"scroll","background-type":"","background-media":"","overlay-type":"","overlay-color":"","overlay-opacity":"","overlay-gradient":""},"mobile":{"background-color":"var(--ast-global-color-4)","background-image":"","background-repeat":"repeat","background-position":"center center","background-size":"auto","background-attachment":"scroll","background-type":"","background-media":"","overlay-type":"","overlay-color":"","overlay-opacity":"","overlay-gradient":""}}},"product_brand":[],"product_cat":[9581],"product_tag":[],"class_list":{"0":"post-15353","1":"product","2":"type-product","3":"status-publish","4":"has-post-thumbnail","6":"product_cat-kriminaliniai-romanai","7":"desktop-align-left","8":"tablet-align-left","9":"mobile-align-left","11":"first","12":"instock","13":"shipping-taxable","14":"purchasable","15":"product-type-simple"},"acf":[],"yoast_head":"<!-- This site is optimized with the Yoast SEO plugin v27.0 - https:\/\/yoast.com\/product\/yoast-seo-wordpress\/ -->\n<title>\u012esileisk mane<\/title>\n<meta name=\"description\" content=\"\u201eStulbinama vampyr\u0173 mito interpretacija. Pasiutusiai gera istorija\u201c - Kelley Armstrong, bestselerio \u201eHaunted&quot; autor\u0117 Mergait\u0117s veidas buvo arti. Jo\" \/>\n<meta name=\"robots\" content=\"index, follow, max-snippet:-1, max-image-preview:large, max-video-preview:-1\" \/>\n<link rel=\"canonical\" href=\"https:\/\/skaitytaknyga.lt\/en\/produktas\/isileisk-mane\/\" \/>\n<meta property=\"og:locale\" content=\"en_GB\" \/>\n<meta property=\"og:locale:alternate\" content=\"lt_LT\" \/>\n<meta property=\"og:type\" content=\"article\" \/>\n<meta property=\"og:title\" content=\"\u012esileisk mane\" \/>\n<meta property=\"og:description\" content=\"\u201eStulbinama vampyr\u0173 mito interpretacija. Pasiutusiai gera istorija\u201c - Kelley Armstrong, bestselerio \u201eHaunted&quot; autor\u0117 Mergait\u0117s veidas buvo arti. Jo\" \/>\n<meta property=\"og:url\" content=\"https:\/\/skaitytaknyga.lt\/en\/produktas\/isileisk-mane\/\" \/>\n<meta property=\"og:site_name\" content=\"Skaitytaknyga\" \/>\n<meta property=\"article:publisher\" content=\"https:\/\/www.facebook.com\/skaitytaknyga\/\" \/>\n<meta property=\"article:modified_time\" content=\"2026-03-05T11:45:50+00:00\" \/>\n<meta property=\"og:image\" content=\"https:\/\/skaitytaknyga.lt\/wp-content\/uploads\/2024\/12\/Isileisk-mane.webp\" \/>\n\t<meta property=\"og:image:width\" content=\"367\" \/>\n\t<meta property=\"og:image:height\" content=\"591\" \/>\n\t<meta property=\"og:image:type\" content=\"image\/webp\" \/>\n<meta name=\"twitter:card\" content=\"summary_large_image\" \/>\n<meta name=\"twitter:label1\" content=\"Estimated reading time\" \/>\n\t<meta name=\"twitter:data1\" content=\"2 minutes\" \/>\n<script type=\"application\/ld+json\" class=\"yoast-schema-graph\">{\"@context\":\"https:\/\/schema.org\",\"@graph\":[{\"@type\":\"WebPage\",\"@id\":\"https:\/\/skaitytaknyga.lt\/produktas\/isileisk-mane\/\",\"url\":\"https:\/\/skaitytaknyga.lt\/produktas\/isileisk-mane\/\",\"name\":\"\u012esileisk mane\",\"isPartOf\":{\"@id\":\"https:\/\/skaitytaknyga.lt\/#website\"},\"primaryImageOfPage\":{\"@id\":\"https:\/\/skaitytaknyga.lt\/produktas\/isileisk-mane\/#primaryimage\"},\"image\":{\"@id\":\"https:\/\/skaitytaknyga.lt\/produktas\/isileisk-mane\/#primaryimage\"},\"thumbnailUrl\":\"https:\/\/skaitytaknyga.lt\/wp-content\/uploads\/2024\/12\/Isileisk-mane.webp\",\"datePublished\":\"2024-12-11T09:13:25+00:00\",\"dateModified\":\"2026-03-05T11:45:50+00:00\",\"description\":\"\u201eStulbinama vampyr\u0173 mito interpretacija. Pasiutusiai gera istorija\u201c - Kelley Armstrong, bestselerio \u201eHaunted\\\" autor\u0117 Mergait\u0117s veidas buvo arti. Jo\",\"breadcrumb\":{\"@id\":\"https:\/\/skaitytaknyga.lt\/produktas\/isileisk-mane\/#breadcrumb\"},\"inLanguage\":\"en-GB\",\"potentialAction\":[{\"@type\":\"ReadAction\",\"target\":[\"https:\/\/skaitytaknyga.lt\/produktas\/isileisk-mane\/\"]}]},{\"@type\":\"ImageObject\",\"inLanguage\":\"en-GB\",\"@id\":\"https:\/\/skaitytaknyga.lt\/produktas\/isileisk-mane\/#primaryimage\",\"url\":\"https:\/\/skaitytaknyga.lt\/wp-content\/uploads\/2024\/12\/Isileisk-mane.webp\",\"contentUrl\":\"https:\/\/skaitytaknyga.lt\/wp-content\/uploads\/2024\/12\/Isileisk-mane.webp\",\"width\":367,\"height\":591,\"caption\":\"\u012esileisk mane\"},{\"@type\":\"BreadcrumbList\",\"@id\":\"https:\/\/skaitytaknyga.lt\/produktas\/isileisk-mane\/#breadcrumb\",\"itemListElement\":[{\"@type\":\"ListItem\",\"position\":1,\"name\":\"Home\",\"item\":\"https:\/\/skaitytaknyga.lt\/\"},{\"@type\":\"ListItem\",\"position\":2,\"name\":\"Parduotuv\u0117\",\"item\":\"https:\/\/skaitytaknyga.lt\/knygu-parduotuve\/\"},{\"@type\":\"ListItem\",\"position\":3,\"name\":\"\u012esileisk mane\"}]},{\"@type\":\"WebSite\",\"@id\":\"https:\/\/skaitytaknyga.lt\/#website\",\"url\":\"https:\/\/skaitytaknyga.lt\/\",\"name\":\"skaitytaknyga.lt\",\"description\":\"Skaitytaknyga.lt \u2013 tai ma\u017eas \u0161eimos verslas, kuris prasid\u0117jo nuo meil\u0117s knygoms ir siekio i\u0161gelb\u0117ti knygas nuo likimo prie konteinerio. Kas vienam nereikalingas daiktas \u2013 kitam lobis, o mes esame tarpininkai, kurie padeda abiems tapti laimingesniems ???? \u017dinome kaip nelengva i\u0161gyventi ma\u017eiems verslams, tad nuo \u0161iol, \u010dia rasite ir kit\u0173, ma\u017e\u0173 \u0161eim\u0173 versl\u0173, rank\u0173 darbo, dovan\u0173 sau ir artimiesiems.\",\"publisher\":{\"@id\":\"https:\/\/skaitytaknyga.lt\/#organization\"},\"potentialAction\":[{\"@type\":\"SearchAction\",\"target\":{\"@type\":\"EntryPoint\",\"urlTemplate\":\"https:\/\/skaitytaknyga.lt\/?s={search_term_string}\"},\"query-input\":{\"@type\":\"PropertyValueSpecification\",\"valueRequired\":true,\"valueName\":\"search_term_string\"}}],\"inLanguage\":\"en-GB\"},{\"@type\":\"Organization\",\"@id\":\"https:\/\/skaitytaknyga.lt\/#organization\",\"name\":\"skaitytaknyga.lt\",\"url\":\"https:\/\/skaitytaknyga.lt\/\",\"logo\":{\"@type\":\"ImageObject\",\"inLanguage\":\"en-GB\",\"@id\":\"https:\/\/skaitytaknyga.lt\/#\/schema\/logo\/image\/\",\"url\":\"https:\/\/skaitytaknyga.lt\/wp-content\/uploads\/2024\/05\/cropped-cropped-cropped-02_00843_jt3bggkj1j3HLc7SyY6rEUpg.jpeg\",\"contentUrl\":\"https:\/\/skaitytaknyga.lt\/wp-content\/uploads\/2024\/05\/cropped-cropped-cropped-02_00843_jt3bggkj1j3HLc7SyY6rEUpg.jpeg\",\"width\":1600,\"height\":1600,\"caption\":\"skaitytaknyga.lt\"},\"image\":{\"@id\":\"https:\/\/skaitytaknyga.lt\/#\/schema\/logo\/image\/\"},\"sameAs\":[\"https:\/\/www.facebook.com\/skaitytaknyga\/\"]}]}<\/script>\n<!-- \/ Yoast SEO plugin. -->","yoast_head_json":{"title":"\u012esileisk mane","description":"\u201eStulbinama vampyr\u0173 mito interpretacija. Pasiutusiai gera istorija\u201c - Kelley Armstrong, bestselerio \u201eHaunted\" autor\u0117 Mergait\u0117s veidas buvo arti. Jo","robots":{"index":"index","follow":"follow","max-snippet":"max-snippet:-1","max-image-preview":"max-image-preview:large","max-video-preview":"max-video-preview:-1"},"canonical":"https:\/\/skaitytaknyga.lt\/en\/produktas\/isileisk-mane\/","og_locale":"en_GB","og_type":"article","og_title":"[:lt]\u012esileisk mane[:] - Skaitytaknyga","og_description":"\u201eStulbinama vampyr\u0173 mito interpretacija. Pasiutusiai gera istorija\u201c - Kelley Armstrong, bestselerio \u201eHaunted\" autor\u0117 Mergait\u0117s veidas buvo arti. Jo","og_url":"https:\/\/skaitytaknyga.lt\/en\/produktas\/isileisk-mane\/","og_site_name":"Skaitytaknyga","article_publisher":"https:\/\/www.facebook.com\/skaitytaknyga\/","article_modified_time":"2026-03-05T11:45:50+00:00","og_image":[{"width":367,"height":591,"url":"https:\/\/skaitytaknyga.lt\/wp-content\/uploads\/2024\/12\/Isileisk-mane.webp","type":"image\/webp"}],"twitter_card":"summary_large_image","twitter_misc":{"Estimated reading time":"2 minutes"},"schema":{"@context":"https:\/\/schema.org","@graph":[{"@type":"WebPage","@id":"https:\/\/skaitytaknyga.lt\/produktas\/isileisk-mane\/","url":"https:\/\/skaitytaknyga.lt\/produktas\/isileisk-mane\/","name":"\u012esileisk mane","isPartOf":{"@id":"https:\/\/skaitytaknyga.lt\/#website"},"primaryImageOfPage":{"@id":"https:\/\/skaitytaknyga.lt\/produktas\/isileisk-mane\/#primaryimage"},"image":{"@id":"https:\/\/skaitytaknyga.lt\/produktas\/isileisk-mane\/#primaryimage"},"thumbnailUrl":"https:\/\/skaitytaknyga.lt\/wp-content\/uploads\/2024\/12\/Isileisk-mane.webp","datePublished":"2024-12-11T09:13:25+00:00","dateModified":"2026-03-05T11:45:50+00:00","description":"\u201eStulbinama vampyr\u0173 mito interpretacija. Pasiutusiai gera istorija\u201c - Kelley Armstrong, bestselerio \u201eHaunted\" autor\u0117 Mergait\u0117s veidas buvo arti. Jo","breadcrumb":{"@id":"https:\/\/skaitytaknyga.lt\/produktas\/isileisk-mane\/#breadcrumb"},"inLanguage":"en-GB","potentialAction":[{"@type":"ReadAction","target":["https:\/\/skaitytaknyga.lt\/produktas\/isileisk-mane\/"]}]},{"@type":"ImageObject","inLanguage":"en-GB","@id":"https:\/\/skaitytaknyga.lt\/produktas\/isileisk-mane\/#primaryimage","url":"https:\/\/skaitytaknyga.lt\/wp-content\/uploads\/2024\/12\/Isileisk-mane.webp","contentUrl":"https:\/\/skaitytaknyga.lt\/wp-content\/uploads\/2024\/12\/Isileisk-mane.webp","width":367,"height":591,"caption":"\u012esileisk mane"},{"@type":"BreadcrumbList","@id":"https:\/\/skaitytaknyga.lt\/produktas\/isileisk-mane\/#breadcrumb","itemListElement":[{"@type":"ListItem","position":1,"name":"Home","item":"https:\/\/skaitytaknyga.lt\/"},{"@type":"ListItem","position":2,"name":"Parduotuv\u0117","item":"https:\/\/skaitytaknyga.lt\/knygu-parduotuve\/"},{"@type":"ListItem","position":3,"name":"\u012esileisk mane"}]},{"@type":"WebSite","@id":"https:\/\/skaitytaknyga.lt\/#website","url":"https:\/\/skaitytaknyga.lt\/","name":"skaitytaknyga.lt","description":"Skaitytaknyga.lt \u2013 tai ma\u017eas \u0161eimos verslas, kuris prasid\u0117jo nuo meil\u0117s knygoms ir siekio i\u0161gelb\u0117ti knygas nuo likimo prie konteinerio. Kas vienam nereikalingas daiktas \u2013 kitam lobis, o mes esame tarpininkai, kurie padeda abiems tapti laimingesniems ???? \u017dinome kaip nelengva i\u0161gyventi ma\u017eiems verslams, tad nuo \u0161iol, \u010dia rasite ir kit\u0173, ma\u017e\u0173 \u0161eim\u0173 versl\u0173, rank\u0173 darbo, dovan\u0173 sau ir artimiesiems.","publisher":{"@id":"https:\/\/skaitytaknyga.lt\/#organization"},"potentialAction":[{"@type":"SearchAction","target":{"@type":"EntryPoint","urlTemplate":"https:\/\/skaitytaknyga.lt\/?s={search_term_string}"},"query-input":{"@type":"PropertyValueSpecification","valueRequired":true,"valueName":"search_term_string"}}],"inLanguage":"en-GB"},{"@type":"Organization","@id":"https:\/\/skaitytaknyga.lt\/#organization","name":"skaitytaknyga.lt","url":"https:\/\/skaitytaknyga.lt\/","logo":{"@type":"ImageObject","inLanguage":"en-GB","@id":"https:\/\/skaitytaknyga.lt\/#\/schema\/logo\/image\/","url":"https:\/\/skaitytaknyga.lt\/wp-content\/uploads\/2024\/05\/cropped-cropped-cropped-02_00843_jt3bggkj1j3HLc7SyY6rEUpg.jpeg","contentUrl":"https:\/\/skaitytaknyga.lt\/wp-content\/uploads\/2024\/05\/cropped-cropped-cropped-02_00843_jt3bggkj1j3HLc7SyY6rEUpg.jpeg","width":1600,"height":1600,"caption":"skaitytaknyga.lt"},"image":{"@id":"https:\/\/skaitytaknyga.lt\/#\/schema\/logo\/image\/"},"sameAs":["https:\/\/www.facebook.com\/skaitytaknyga\/"]}]}},"_links":{"self":[{"href":"https:\/\/skaitytaknyga.lt\/en\/wp-json\/wp\/v2\/product\/15353","targetHints":{"allow":["GET"]}}],"collection":[{"href":"https:\/\/skaitytaknyga.lt\/en\/wp-json\/wp\/v2\/product"}],"about":[{"href":"https:\/\/skaitytaknyga.lt\/en\/wp-json\/wp\/v2\/types\/product"}],"replies":[{"embeddable":true,"href":"https:\/\/skaitytaknyga.lt\/en\/wp-json\/wp\/v2\/comments?post=15353"}],"wp:featuredmedia":[{"embeddable":true,"href":"https:\/\/skaitytaknyga.lt\/en\/wp-json\/wp\/v2\/media\/15551"}],"wp:attachment":[{"href":"https:\/\/skaitytaknyga.lt\/en\/wp-json\/wp\/v2\/media?parent=15353"}],"wp:term":[{"taxonomy":"product_brand","embeddable":true,"href":"https:\/\/skaitytaknyga.lt\/en\/wp-json\/wp\/v2\/product_brand?post=15353"},{"taxonomy":"product_cat","embeddable":true,"href":"https:\/\/skaitytaknyga.lt\/en\/wp-json\/wp\/v2\/product_cat?post=15353"},{"taxonomy":"product_tag","embeddable":true,"href":"https:\/\/skaitytaknyga.lt\/en\/wp-json\/wp\/v2\/product_tag?post=15353"}],"curies":[{"name":"wp","href":"https:\/\/api.w.org\/{rel}","templated":true}]}}