{"id":15352,"date":"2024-12-11T11:13:24","date_gmt":"2024-12-11T09:13:24","guid":{"rendered":"https:\/\/skaitytaknyga.lt\/?post_type=product&#038;p=15352"},"modified":"2024-12-19T10:35:11","modified_gmt":"2024-12-19T08:35:11","slug":"mama-as-tave-myliu","status":"publish","type":"product","link":"https:\/\/skaitytaknyga.lt\/en\/produktas\/mama-as-tave-myliu\/","title":{"rendered":"Mama, a\u0161 tave myliu"},"content":{"rendered":"<p>\u201eLiterat\u016bra. Svarbiausi tekstai\u201c \u2013 tai serija knyg\u0173, supa\u017eindinan\u010di\u0173 moksleivius ir visuomen\u0119 su pagrindiniais lietuvi\u0173 ir pasaulio autori\u0173 k\u016briniais.<\/p>\n<p>Viljamo Sarojano apysaka \u201eMama, a\u0161 tave myliu\u201c skirta tiems, kurie ie\u0161ko gyvenime \u0161ilumos ir jaukumo, kuriems nesvetima skaidri ir \u0161viesi nostalgija, \u0161eimyniniai \u2013 dukters ir motinos \u2013 santykiai, bendravimas, pasitik\u0117jimas, meil\u0117 \u017emogui ir gamtai. K\u016brinyje taip pat nevengiama kontrast\u0173, problemi\u0161k\u0173 i\u0161siskyrimo, nei\u0161sipild\u017eiusi\u0173 svajoni\u0173 kupinos kasdienyb\u0117s. Subtiliai palie\u010diamas ir teatro meno \u017emoni\u0173 gyvenimas, priver\u010diantis susim\u0105styti, kada mes vaidiname, kokie esame i\u0161 ties\u0173, kiek skirting\u0173 vaidmen\u0173 mes turime. Ar ba\u017eny\u010dia ir beisbolo stadionas yra toks pats teatras? Koks vaidmuo tenka motinai, auginan\u010diai vaik\u0105, kaip vaidinti suaugus\u012fj\u012f, k\u0105 rei\u0161kia b\u016bti vaiku? V. Sarojanas nesistengia moralizuoti, ai\u0161kinti, kas yra gyvenimas, kokia m\u016bs\u0173 buvimo pasaulyje prasm\u0117. Realisti\u0161kai sukurti persona\u017eai nuolat klausia ir kaip tik tai \u2013 gil\u016bs klausimai \u2013 yra kertinis filosofijos akmuo.<\/p>\n<p>1981 m. v\u0117\u017eiu sergan\u010dio ra\u0161ytojo i\u0161tarti \u017eod\u017eiai: \u201eVisi turi mirti, ta\u010diau a\u0161 visada maniau, kad man bus padaryta i\u0161imtis\u201c beveik i\u0161sipild\u0117. Po k\u016br\u0117jo mirties jo persona\u017eai teb\u0117ra gyvi, j\u0173 pasaulis \u012fdomus ir aktualus. Laike nedylantys k\u016briniai \u2013 tai liudijimas, kad susiduriame su nemaria literat\u016bros klasika, kuri kaip olimpinis fakelas keliauja per \u016bgtel\u0117jusi\u0173 ir u\u017eaugusi\u0173 skaitytoj\u0173 rankas.<\/p>\n<ul class=\"about-product d-none d-xl-block mt-4\">\n<li><strong>Originalus pavadinimas:<\/strong>\u00a0Mama, I Lovo You<\/li>\n<li><strong>Autorius:<\/strong>\u00a0William Saroyan<\/li>\n<li><strong>Leid\u0117jas:<\/strong>\u00a0Alma littera<\/li>\n<li><strong>Metai:<\/strong>\u00a02015<\/li>\n<li><strong>Puslapiai:<\/strong>\u00a0288<\/li>\n<li class=\"toggleable type-new-formats \"><strong>ISBN:<\/strong>\u00a09786090119129<\/li>\n<li><strong>Versijos kodas:<\/strong>\u00a0PT.<\/li>\n<li class=\"toggleable type-new-formats \"><strong>Formatas:<\/strong>\u00a012,5 x 20 cm, mink\u0161ti vir\u0161eliai<\/li>\n<li><strong>Kalba:<\/strong>\u00a0Lietuvi\u0173<\/li>\n<li><strong>Vert\u0117jas:<\/strong>\u00a0Birut\u0117 Sabonien\u0117<\/li>\n<li><strong>Knyg\u0173 serija:<\/strong>\u00a0Literat\u016bra. Svarbiausi tekstai<\/li>\n<\/ul>\n","protected":false},"excerpt":{"rendered":"<p>\u201eLiterat\u016bra. Svarbiausi tekstai\u201c \u2013 tai serija knyg\u0173, supa\u017eindinan\u010di\u0173 moksleivius ir visuomen\u0119 su pagrindiniais lietuvi\u0173 ir pasaulio autori\u0173 k\u016briniais. Viljamo Sarojano apysaka \u201eMama, a\u0161 tave myliu\u201c skirta tiems, kurie ie\u0161ko gyvenime \u0161ilumos ir jaukumo, kuriems nesvetima skaidri ir \u0161viesi nostalgija, \u0161eimyniniai \u2013 dukters ir motinos \u2013 santykiai, bendravimas, pasitik\u0117jimas, meil\u0117 \u017emogui ir gamtai. K\u016brinyje taip pat nevengiama kontrast\u0173, problemi\u0161k\u0173 i\u0161siskyrimo, nei\u0161sipild\u017eiusi\u0173 svajoni\u0173 kupinos kasdienyb\u0117s. Subtiliai palie\u010diamas ir teatro meno \u017emoni\u0173 gyvenimas, priver\u010diantis susim\u0105styti, kada mes vaidiname, kokie esame i\u0161 ties\u0173, kiek skirting\u0173 vaidmen\u0173 mes turime. Ar ba\u017eny\u010dia ir beisbolo stadionas yra toks pats teatras? Koks vaidmuo tenka motinai, auginan\u010diai vaik\u0105, kaip vaidinti suaugus\u012fj\u012f, k\u0105 rei\u0161kia b\u016bti vaiku? V. Sarojanas nesistengia moralizuoti, ai\u0161kinti, kas yra gyvenimas, kokia m\u016bs\u0173 buvimo pasaulyje prasm\u0117. Realisti\u0161kai sukurti persona\u017eai nuolat klausia ir kaip tik tai \u2013 gil\u016bs klausimai \u2013 yra kertinis filosofijos akmuo. 1981 m. v\u0117\u017eiu sergan\u010dio ra\u0161ytojo i\u0161tarti \u017eod\u017eiai: \u201eVisi turi mirti, ta\u010diau a\u0161 visada maniau, kad man bus padaryta i\u0161imtis\u201c beveik i\u0161sipild\u0117. Po k\u016br\u0117jo mirties jo persona\u017eai teb\u0117ra gyvi, j\u0173 pasaulis \u012fdomus ir aktualus. Laike nedylantys k\u016briniai \u2013 tai liudijimas, kad susiduriame su nemaria literat\u016bros klasika, kuri kaip olimpinis fakelas keliauja per \u016bgtel\u0117jusi\u0173 ir u\u017eaugusi\u0173 skaitytoj\u0173 rankas. Originalus pavadinimas:\u00a0Mama, I Lovo You Autorius:\u00a0William Saroyan Leid\u0117jas:\u00a0Alma littera Metai:\u00a02015 Puslapiai:\u00a0288 ISBN:\u00a09786090119129 Versijos kodas:\u00a0PT. Formatas:\u00a012,5 x 20 cm, mink\u0161ti vir\u0161eliai Kalba:\u00a0Lietuvi\u0173 Vert\u0117jas:\u00a0Birut\u0117 Sabonien\u0117 Knyg\u0173 serija:\u00a0Literat\u016bra. Svarbiausi tekstai<\/p>\n","protected":false},"featured_media":15550,"comment_status":"open","ping_status":"closed","template":"","meta":{"_acf_changed":false,"site-sidebar-layout":"default","site-content-layout":"","ast-site-content-layout":"default","site-content-style":"default","site-sidebar-style":"default","ast-global-header-display":"","ast-banner-title-visibility":"","ast-main-header-display":"","ast-hfb-above-header-display":"","ast-hfb-below-header-display":"","ast-hfb-mobile-header-display":"","site-post-title":"","ast-breadcrumbs-content":"","ast-featured-img":"","footer-sml-layout":"","ast-disable-related-posts":"","theme-transparent-header-meta":"default","adv-header-id-meta":"","stick-header-meta":"","header-above-stick-meta":"","header-main-stick-meta":"","header-below-stick-meta":"","astra-migrate-meta-layouts":"set","ast-page-background-enabled":"default","ast-page-background-meta":{"desktop":{"background-color":"","background-image":"","background-repeat":"repeat","background-position":"center center","background-size":"auto","background-attachment":"scroll","background-type":"","background-media":"","overlay-type":"","overlay-color":"","overlay-opacity":"","overlay-gradient":""},"tablet":{"background-color":"","background-image":"","background-repeat":"repeat","background-position":"center center","background-size":"auto","background-attachment":"scroll","background-type":"","background-media":"","overlay-type":"","overlay-color":"","overlay-opacity":"","overlay-gradient":""},"mobile":{"background-color":"","background-image":"","background-repeat":"repeat","background-position":"center center","background-size":"auto","background-attachment":"scroll","background-type":"","background-media":"","overlay-type":"","overlay-color":"","overlay-opacity":"","overlay-gradient":""}},"ast-content-background-meta":{"desktop":{"background-color":"var(--ast-global-color-4)","background-image":"","background-repeat":"repeat","background-position":"center center","background-size":"auto","background-attachment":"scroll","background-type":"","background-media":"","overlay-type":"","overlay-color":"","overlay-opacity":"","overlay-gradient":""},"tablet":{"background-color":"var(--ast-global-color-4)","background-image":"","background-repeat":"repeat","background-position":"center center","background-size":"auto","background-attachment":"scroll","background-type":"","background-media":"","overlay-type":"","overlay-color":"","overlay-opacity":"","overlay-gradient":""},"mobile":{"background-color":"var(--ast-global-color-4)","background-image":"","background-repeat":"repeat","background-position":"center center","background-size":"auto","background-attachment":"scroll","background-type":"","background-media":"","overlay-type":"","overlay-color":"","overlay-opacity":"","overlay-gradient":""}}},"product_brand":[],"product_cat":[15,35],"product_tag":[],"class_list":{"0":"post-15352","1":"product","2":"type-product","3":"status-publish","4":"has-post-thumbnail","6":"product_cat-uncategorized","7":"product_cat-vaikams-ir-paaugliams","8":"desktop-align-left","9":"tablet-align-left","10":"mobile-align-left","12":"first","13":"instock","14":"shipping-taxable","15":"purchasable","16":"product-type-simple"},"acf":[],"yoast_head":"<!-- This site is optimized with the Yoast SEO plugin v27.0 - https:\/\/yoast.com\/product\/yoast-seo-wordpress\/ -->\n<title>Mama, a\u0161 tave myliu<\/title>\n<meta name=\"description\" content=\"\u201eLiterat\u016bra. Svarbiausi tekstai\u201c \u2013 tai serija knyg\u0173, supa\u017eindinan\u010di\u0173 moksleivius ir visuomen\u0119 su pagrindiniais lietuvi\u0173 ir pasaulio autori\u0173 k\u016briniais.\" \/>\n<meta name=\"robots\" content=\"index, follow, max-snippet:-1, max-image-preview:large, max-video-preview:-1\" \/>\n<link rel=\"canonical\" href=\"https:\/\/skaitytaknyga.lt\/en\/produktas\/mama-as-tave-myliu\/\" \/>\n<meta property=\"og:locale\" content=\"en_GB\" \/>\n<meta property=\"og:locale:alternate\" content=\"lt_LT\" \/>\n<meta property=\"og:type\" content=\"article\" \/>\n<meta property=\"og:title\" content=\"Mama, a\u0161 tave myliu\" \/>\n<meta property=\"og:description\" content=\"\u201eLiterat\u016bra. Svarbiausi tekstai\u201c \u2013 tai serija knyg\u0173, supa\u017eindinan\u010di\u0173 moksleivius ir visuomen\u0119 su pagrindiniais lietuvi\u0173 ir pasaulio autori\u0173 k\u016briniais.\" \/>\n<meta property=\"og:url\" content=\"https:\/\/skaitytaknyga.lt\/en\/produktas\/mama-as-tave-myliu\/\" \/>\n<meta property=\"og:site_name\" content=\"Skaitytaknyga\" \/>\n<meta property=\"article:publisher\" content=\"https:\/\/www.facebook.com\/skaitytaknyga\/\" \/>\n<meta property=\"article:modified_time\" content=\"2024-12-19T08:35:11+00:00\" \/>\n<meta property=\"og:image\" content=\"https:\/\/skaitytaknyga.lt\/wp-content\/uploads\/2024\/12\/Mama-as-tave-myliu.webp\" \/>\n\t<meta property=\"og:image:width\" content=\"379\" \/>\n\t<meta property=\"og:image:height\" content=\"600\" \/>\n\t<meta property=\"og:image:type\" content=\"image\/webp\" \/>\n<meta name=\"twitter:card\" content=\"summary_large_image\" \/>\n<meta name=\"twitter:label1\" content=\"Estimated reading time\" \/>\n\t<meta name=\"twitter:data1\" content=\"2 minutes\" \/>\n<script type=\"application\/ld+json\" class=\"yoast-schema-graph\">{\"@context\":\"https:\/\/schema.org\",\"@graph\":[{\"@type\":\"WebPage\",\"@id\":\"https:\/\/skaitytaknyga.lt\/produktas\/mama-as-tave-myliu\/\",\"url\":\"https:\/\/skaitytaknyga.lt\/produktas\/mama-as-tave-myliu\/\",\"name\":\"Mama, a\u0161 tave myliu\",\"isPartOf\":{\"@id\":\"https:\/\/skaitytaknyga.lt\/#website\"},\"primaryImageOfPage\":{\"@id\":\"https:\/\/skaitytaknyga.lt\/produktas\/mama-as-tave-myliu\/#primaryimage\"},\"image\":{\"@id\":\"https:\/\/skaitytaknyga.lt\/produktas\/mama-as-tave-myliu\/#primaryimage\"},\"thumbnailUrl\":\"https:\/\/skaitytaknyga.lt\/wp-content\/uploads\/2024\/12\/Mama-as-tave-myliu.webp\",\"datePublished\":\"2024-12-11T09:13:24+00:00\",\"dateModified\":\"2024-12-19T08:35:11+00:00\",\"description\":\"\u201eLiterat\u016bra. Svarbiausi tekstai\u201c \u2013 tai serija knyg\u0173, supa\u017eindinan\u010di\u0173 moksleivius ir visuomen\u0119 su pagrindiniais lietuvi\u0173 ir pasaulio autori\u0173 k\u016briniais.\",\"breadcrumb\":{\"@id\":\"https:\/\/skaitytaknyga.lt\/produktas\/mama-as-tave-myliu\/#breadcrumb\"},\"inLanguage\":\"en-GB\",\"potentialAction\":[{\"@type\":\"ReadAction\",\"target\":[\"https:\/\/skaitytaknyga.lt\/produktas\/mama-as-tave-myliu\/\"]}]},{\"@type\":\"ImageObject\",\"inLanguage\":\"en-GB\",\"@id\":\"https:\/\/skaitytaknyga.lt\/produktas\/mama-as-tave-myliu\/#primaryimage\",\"url\":\"https:\/\/skaitytaknyga.lt\/wp-content\/uploads\/2024\/12\/Mama-as-tave-myliu.webp\",\"contentUrl\":\"https:\/\/skaitytaknyga.lt\/wp-content\/uploads\/2024\/12\/Mama-as-tave-myliu.webp\",\"width\":379,\"height\":600,\"caption\":\"Mama, a\u0161 tave myliu\"},{\"@type\":\"BreadcrumbList\",\"@id\":\"https:\/\/skaitytaknyga.lt\/produktas\/mama-as-tave-myliu\/#breadcrumb\",\"itemListElement\":[{\"@type\":\"ListItem\",\"position\":1,\"name\":\"Home\",\"item\":\"https:\/\/skaitytaknyga.lt\/\"},{\"@type\":\"ListItem\",\"position\":2,\"name\":\"Parduotuv\u0117\",\"item\":\"https:\/\/skaitytaknyga.lt\/knygu-parduotuve\/\"},{\"@type\":\"ListItem\",\"position\":3,\"name\":\"Mama, a\u0161 tave myliu\"}]},{\"@type\":\"WebSite\",\"@id\":\"https:\/\/skaitytaknyga.lt\/#website\",\"url\":\"https:\/\/skaitytaknyga.lt\/\",\"name\":\"skaitytaknyga.lt\",\"description\":\"Skaitytaknyga.lt \u2013 tai ma\u017eas \u0161eimos verslas, kuris prasid\u0117jo nuo meil\u0117s knygoms ir siekio i\u0161gelb\u0117ti knygas nuo likimo prie konteinerio. Kas vienam nereikalingas daiktas \u2013 kitam lobis, o mes esame tarpininkai, kurie padeda abiems tapti laimingesniems ???? \u017dinome kaip nelengva i\u0161gyventi ma\u017eiems verslams, tad nuo \u0161iol, \u010dia rasite ir kit\u0173, ma\u017e\u0173 \u0161eim\u0173 versl\u0173, rank\u0173 darbo, dovan\u0173 sau ir artimiesiems.\",\"publisher\":{\"@id\":\"https:\/\/skaitytaknyga.lt\/#organization\"},\"potentialAction\":[{\"@type\":\"SearchAction\",\"target\":{\"@type\":\"EntryPoint\",\"urlTemplate\":\"https:\/\/skaitytaknyga.lt\/?s={search_term_string}\"},\"query-input\":{\"@type\":\"PropertyValueSpecification\",\"valueRequired\":true,\"valueName\":\"search_term_string\"}}],\"inLanguage\":\"en-GB\"},{\"@type\":\"Organization\",\"@id\":\"https:\/\/skaitytaknyga.lt\/#organization\",\"name\":\"skaitytaknyga.lt\",\"url\":\"https:\/\/skaitytaknyga.lt\/\",\"logo\":{\"@type\":\"ImageObject\",\"inLanguage\":\"en-GB\",\"@id\":\"https:\/\/skaitytaknyga.lt\/#\/schema\/logo\/image\/\",\"url\":\"https:\/\/skaitytaknyga.lt\/wp-content\/uploads\/2024\/05\/cropped-cropped-cropped-02_00843_jt3bggkj1j3HLc7SyY6rEUpg.jpeg\",\"contentUrl\":\"https:\/\/skaitytaknyga.lt\/wp-content\/uploads\/2024\/05\/cropped-cropped-cropped-02_00843_jt3bggkj1j3HLc7SyY6rEUpg.jpeg\",\"width\":1600,\"height\":1600,\"caption\":\"skaitytaknyga.lt\"},\"image\":{\"@id\":\"https:\/\/skaitytaknyga.lt\/#\/schema\/logo\/image\/\"},\"sameAs\":[\"https:\/\/www.facebook.com\/skaitytaknyga\/\"]}]}<\/script>\n<!-- \/ Yoast SEO plugin. -->","yoast_head_json":{"title":"Mama, a\u0161 tave myliu","description":"\u201eLiterat\u016bra. Svarbiausi tekstai\u201c \u2013 tai serija knyg\u0173, supa\u017eindinan\u010di\u0173 moksleivius ir visuomen\u0119 su pagrindiniais lietuvi\u0173 ir pasaulio autori\u0173 k\u016briniais.","robots":{"index":"index","follow":"follow","max-snippet":"max-snippet:-1","max-image-preview":"max-image-preview:large","max-video-preview":"max-video-preview:-1"},"canonical":"https:\/\/skaitytaknyga.lt\/en\/produktas\/mama-as-tave-myliu\/","og_locale":"en_GB","og_type":"article","og_title":"[:lt]Mama, a\u0161 tave myliu[:] - Skaitytaknyga","og_description":"\u201eLiterat\u016bra. Svarbiausi tekstai\u201c \u2013 tai serija knyg\u0173, supa\u017eindinan\u010di\u0173 moksleivius ir visuomen\u0119 su pagrindiniais lietuvi\u0173 ir pasaulio autori\u0173 k\u016briniais.","og_url":"https:\/\/skaitytaknyga.lt\/en\/produktas\/mama-as-tave-myliu\/","og_site_name":"Skaitytaknyga","article_publisher":"https:\/\/www.facebook.com\/skaitytaknyga\/","article_modified_time":"2024-12-19T08:35:11+00:00","og_image":[{"width":379,"height":600,"url":"https:\/\/skaitytaknyga.lt\/wp-content\/uploads\/2024\/12\/Mama-as-tave-myliu.webp","type":"image\/webp"}],"twitter_card":"summary_large_image","twitter_misc":{"Estimated reading time":"2 minutes"},"schema":{"@context":"https:\/\/schema.org","@graph":[{"@type":"WebPage","@id":"https:\/\/skaitytaknyga.lt\/produktas\/mama-as-tave-myliu\/","url":"https:\/\/skaitytaknyga.lt\/produktas\/mama-as-tave-myliu\/","name":"Mama, a\u0161 tave myliu","isPartOf":{"@id":"https:\/\/skaitytaknyga.lt\/#website"},"primaryImageOfPage":{"@id":"https:\/\/skaitytaknyga.lt\/produktas\/mama-as-tave-myliu\/#primaryimage"},"image":{"@id":"https:\/\/skaitytaknyga.lt\/produktas\/mama-as-tave-myliu\/#primaryimage"},"thumbnailUrl":"https:\/\/skaitytaknyga.lt\/wp-content\/uploads\/2024\/12\/Mama-as-tave-myliu.webp","datePublished":"2024-12-11T09:13:24+00:00","dateModified":"2024-12-19T08:35:11+00:00","description":"\u201eLiterat\u016bra. Svarbiausi tekstai\u201c \u2013 tai serija knyg\u0173, supa\u017eindinan\u010di\u0173 moksleivius ir visuomen\u0119 su pagrindiniais lietuvi\u0173 ir pasaulio autori\u0173 k\u016briniais.","breadcrumb":{"@id":"https:\/\/skaitytaknyga.lt\/produktas\/mama-as-tave-myliu\/#breadcrumb"},"inLanguage":"en-GB","potentialAction":[{"@type":"ReadAction","target":["https:\/\/skaitytaknyga.lt\/produktas\/mama-as-tave-myliu\/"]}]},{"@type":"ImageObject","inLanguage":"en-GB","@id":"https:\/\/skaitytaknyga.lt\/produktas\/mama-as-tave-myliu\/#primaryimage","url":"https:\/\/skaitytaknyga.lt\/wp-content\/uploads\/2024\/12\/Mama-as-tave-myliu.webp","contentUrl":"https:\/\/skaitytaknyga.lt\/wp-content\/uploads\/2024\/12\/Mama-as-tave-myliu.webp","width":379,"height":600,"caption":"Mama, a\u0161 tave myliu"},{"@type":"BreadcrumbList","@id":"https:\/\/skaitytaknyga.lt\/produktas\/mama-as-tave-myliu\/#breadcrumb","itemListElement":[{"@type":"ListItem","position":1,"name":"Home","item":"https:\/\/skaitytaknyga.lt\/"},{"@type":"ListItem","position":2,"name":"Parduotuv\u0117","item":"https:\/\/skaitytaknyga.lt\/knygu-parduotuve\/"},{"@type":"ListItem","position":3,"name":"Mama, a\u0161 tave myliu"}]},{"@type":"WebSite","@id":"https:\/\/skaitytaknyga.lt\/#website","url":"https:\/\/skaitytaknyga.lt\/","name":"skaitytaknyga.lt","description":"Skaitytaknyga.lt \u2013 tai ma\u017eas \u0161eimos verslas, kuris prasid\u0117jo nuo meil\u0117s knygoms ir siekio i\u0161gelb\u0117ti knygas nuo likimo prie konteinerio. Kas vienam nereikalingas daiktas \u2013 kitam lobis, o mes esame tarpininkai, kurie padeda abiems tapti laimingesniems ???? \u017dinome kaip nelengva i\u0161gyventi ma\u017eiems verslams, tad nuo \u0161iol, \u010dia rasite ir kit\u0173, ma\u017e\u0173 \u0161eim\u0173 versl\u0173, rank\u0173 darbo, dovan\u0173 sau ir artimiesiems.","publisher":{"@id":"https:\/\/skaitytaknyga.lt\/#organization"},"potentialAction":[{"@type":"SearchAction","target":{"@type":"EntryPoint","urlTemplate":"https:\/\/skaitytaknyga.lt\/?s={search_term_string}"},"query-input":{"@type":"PropertyValueSpecification","valueRequired":true,"valueName":"search_term_string"}}],"inLanguage":"en-GB"},{"@type":"Organization","@id":"https:\/\/skaitytaknyga.lt\/#organization","name":"skaitytaknyga.lt","url":"https:\/\/skaitytaknyga.lt\/","logo":{"@type":"ImageObject","inLanguage":"en-GB","@id":"https:\/\/skaitytaknyga.lt\/#\/schema\/logo\/image\/","url":"https:\/\/skaitytaknyga.lt\/wp-content\/uploads\/2024\/05\/cropped-cropped-cropped-02_00843_jt3bggkj1j3HLc7SyY6rEUpg.jpeg","contentUrl":"https:\/\/skaitytaknyga.lt\/wp-content\/uploads\/2024\/05\/cropped-cropped-cropped-02_00843_jt3bggkj1j3HLc7SyY6rEUpg.jpeg","width":1600,"height":1600,"caption":"skaitytaknyga.lt"},"image":{"@id":"https:\/\/skaitytaknyga.lt\/#\/schema\/logo\/image\/"},"sameAs":["https:\/\/www.facebook.com\/skaitytaknyga\/"]}]}},"_links":{"self":[{"href":"https:\/\/skaitytaknyga.lt\/en\/wp-json\/wp\/v2\/product\/15352","targetHints":{"allow":["GET"]}}],"collection":[{"href":"https:\/\/skaitytaknyga.lt\/en\/wp-json\/wp\/v2\/product"}],"about":[{"href":"https:\/\/skaitytaknyga.lt\/en\/wp-json\/wp\/v2\/types\/product"}],"replies":[{"embeddable":true,"href":"https:\/\/skaitytaknyga.lt\/en\/wp-json\/wp\/v2\/comments?post=15352"}],"wp:featuredmedia":[{"embeddable":true,"href":"https:\/\/skaitytaknyga.lt\/en\/wp-json\/wp\/v2\/media\/15550"}],"wp:attachment":[{"href":"https:\/\/skaitytaknyga.lt\/en\/wp-json\/wp\/v2\/media?parent=15352"}],"wp:term":[{"taxonomy":"product_brand","embeddable":true,"href":"https:\/\/skaitytaknyga.lt\/en\/wp-json\/wp\/v2\/product_brand?post=15352"},{"taxonomy":"product_cat","embeddable":true,"href":"https:\/\/skaitytaknyga.lt\/en\/wp-json\/wp\/v2\/product_cat?post=15352"},{"taxonomy":"product_tag","embeddable":true,"href":"https:\/\/skaitytaknyga.lt\/en\/wp-json\/wp\/v2\/product_tag?post=15352"}],"curies":[{"name":"wp","href":"https:\/\/api.w.org\/{rel}","templated":true}]}}