{"id":15331,"date":"2024-12-11T10:39:02","date_gmt":"2024-12-11T08:39:02","guid":{"rendered":"https:\/\/skaitytaknyga.lt\/?post_type=product&#038;p=15331"},"modified":"2025-05-12T08:34:47","modified_gmt":"2025-05-12T05:34:47","slug":"brain-tattoos-creating-unique-brands-that-stick-in-your-customers-minds","status":"publish","type":"product","link":"https:\/\/skaitytaknyga.lt\/en\/produktas\/brain-tattoos-creating-unique-brands-that-stick-in-your-customers-minds\/","title":{"rendered":"Brain Tattoos: Creating Unique Brands That Stick in Your Customers&#8217; Minds"},"content":{"rendered":"<p>&#8220;Effective branding depends on the ability to leave a lasting (and positive) impression in the mind of the target audience. Brain Tattoos offers a practical approach &#8212; no complicated theories, marketing jargon, or unnecessary babble &#8212; that lets any business take its brand to the next level. Packed with tools that help readers identify their brand\u2019s purpose, personality, promise, and point of difference, Brain Tattoos will help readers: * Develop the courage to break the mold and become truly distinct * Discover ways to enlist customers and others as &#8220;&#8221;brand ambassadors&#8221;&#8221; * Grasp their brand\u2019s essence * Master brand building on any scale in any industry * Learn how to identify and use the most effective methods of brand communication * Learn how to leverage limited resources creatively Filled with creative ways to maximize market impact, Brain Tattoos is a true &#8220;&#8221;how-to&#8221;&#8221; book written with in-the-trenches business and marketing people in mind.&#8221;<\/p>\n","protected":false},"excerpt":{"rendered":"<p>&#8220;Effective branding depends on the ability to leave a lasting (and positive) impression in the mind of the target audience. Brain Tattoos offers a practical approach &#8212; no complicated theories, marketing jargon, or unnecessary babble &#8212; that lets any business take its brand to the next level. Packed with tools that help readers identify their brand\u2019s purpose, personality, promise, and point of difference, Brain Tattoos will help readers: * Develop the courage to break the mold and become truly distinct * Discover ways to enlist customers and others as &#8220;&#8221;brand ambassadors&#8221;&#8221; * Grasp their brand\u2019s essence * Master brand building on any scale in any industry * Learn how to identify and use the most effective methods of brand communication * Learn how to leverage limited resources creatively Filled with creative ways to maximize market impact, Brain Tattoos is a true &#8220;&#8221;how-to&#8221;&#8221; book written with in-the-trenches business and marketing people in mind.&#8221;<\/p>\n","protected":false},"featured_media":15351,"comment_status":"open","ping_status":"closed","template":"","meta":{"_acf_changed":false,"site-sidebar-layout":"default","site-content-layout":"","ast-site-content-layout":"default","site-content-style":"default","site-sidebar-style":"default","ast-global-header-display":"","ast-banner-title-visibility":"","ast-main-header-display":"","ast-hfb-above-header-display":"","ast-hfb-below-header-display":"","ast-hfb-mobile-header-display":"","site-post-title":"","ast-breadcrumbs-content":"","ast-featured-img":"","footer-sml-layout":"","ast-disable-related-posts":"","theme-transparent-header-meta":"default","adv-header-id-meta":"","stick-header-meta":"","header-above-stick-meta":"","header-main-stick-meta":"","header-below-stick-meta":"","astra-migrate-meta-layouts":"set","ast-page-background-enabled":"default","ast-page-background-meta":{"desktop":{"background-color":"","background-image":"","background-repeat":"repeat","background-position":"center center","background-size":"auto","background-attachment":"scroll","background-type":"","background-media":"","overlay-type":"","overlay-color":"","overlay-opacity":"","overlay-gradient":""},"tablet":{"background-color":"","background-image":"","background-repeat":"repeat","background-position":"center center","background-size":"auto","background-attachment":"scroll","background-type":"","background-media":"","overlay-type":"","overlay-color":"","overlay-opacity":"","overlay-gradient":""},"mobile":{"background-color":"","background-image":"","background-repeat":"repeat","background-position":"center center","background-size":"auto","background-attachment":"scroll","background-type":"","background-media":"","overlay-type":"","overlay-color":"","overlay-opacity":"","overlay-gradient":""}},"ast-content-background-meta":{"desktop":{"background-color":"var(--ast-global-color-4)","background-image":"","background-repeat":"repeat","background-position":"center center","background-size":"auto","background-attachment":"scroll","background-type":"","background-media":"","overlay-type":"","overlay-color":"","overlay-opacity":"","overlay-gradient":""},"tablet":{"background-color":"var(--ast-global-color-4)","background-image":"","background-repeat":"repeat","background-position":"center center","background-size":"auto","background-attachment":"scroll","background-type":"","background-media":"","overlay-type":"","overlay-color":"","overlay-opacity":"","overlay-gradient":""},"mobile":{"background-color":"var(--ast-global-color-4)","background-image":"","background-repeat":"repeat","background-position":"center center","background-size":"auto","background-attachment":"scroll","background-type":"","background-media":"","overlay-type":"","overlay-color":"","overlay-opacity":"","overlay-gradient":""}}},"product_brand":[],"product_cat":[15,34],"product_tag":[1562,1556,1561,1560,1557,1558,1563,1559],"class_list":{"0":"post-15331","1":"product","2":"type-product","3":"status-publish","4":"has-post-thumbnail","6":"product_cat-uncategorized","7":"product_cat-knygos-anglu-kalba","8":"product_tag-itaka","9":"product_tag-karen-post","10":"product_tag-komunikacija","11":"product_tag-kurybiskumas","12":"product_tag-prekes-zenklu-kurimas","13":"product_tag-rinkodara","14":"product_tag-verslo-konsultavimas","15":"product_tag-verslo-strategija","16":"desktop-align-left","17":"tablet-align-left","18":"mobile-align-left","20":"first","21":"instock","22":"shipping-taxable","23":"purchasable","24":"product-type-simple"},"acf":[],"yoast_head":"<!-- This site is optimized with the Yoast SEO plugin v27.0 - https:\/\/yoast.com\/product\/yoast-seo-wordpress\/ -->\n<title>Brain Tattoos: Creating Unique Brands That Stick in Your Customers&#039; Minds<\/title>\n<meta name=\"description\" content=\"&quot;Effective branding depends on the ability to leave a lasting (and positive) impression in the mind of the target audience. Brain Tattoos offers a\" \/>\n<meta name=\"robots\" content=\"index, follow, max-snippet:-1, max-image-preview:large, max-video-preview:-1\" \/>\n<link rel=\"canonical\" href=\"https:\/\/skaitytaknyga.lt\/en\/produktas\/brain-tattoos-creating-unique-brands-that-stick-in-your-customers-minds\/\" \/>\n<meta property=\"og:locale\" content=\"en_GB\" \/>\n<meta property=\"og:locale:alternate\" content=\"lt_LT\" \/>\n<meta property=\"og:type\" content=\"article\" \/>\n<meta property=\"og:title\" content=\"Brain Tattoos: Creating Unique Brands That Stick in Your Customers&#039; Minds\" \/>\n<meta property=\"og:description\" content=\"&quot;Effective branding depends on the ability to leave a lasting (and positive) impression in the mind of the target audience. Brain Tattoos offers a\" \/>\n<meta property=\"og:url\" content=\"https:\/\/skaitytaknyga.lt\/en\/produktas\/brain-tattoos-creating-unique-brands-that-stick-in-your-customers-minds\/\" \/>\n<meta property=\"og:site_name\" content=\"Skaitytaknyga\" \/>\n<meta property=\"article:publisher\" content=\"https:\/\/www.facebook.com\/skaitytaknyga\/\" \/>\n<meta property=\"article:modified_time\" content=\"2025-05-12T05:34:47+00:00\" \/>\n<meta property=\"og:image\" content=\"https:\/\/skaitytaknyga.lt\/wp-content\/uploads\/2024\/12\/brain-tattoos.jpg\" \/>\n\t<meta property=\"og:image:width\" content=\"1602\" \/>\n\t<meta property=\"og:image:height\" content=\"2400\" \/>\n\t<meta property=\"og:image:type\" content=\"image\/jpeg\" \/>\n<meta name=\"twitter:card\" content=\"summary_large_image\" \/>\n<meta name=\"twitter:label1\" content=\"Estimated reading time\" \/>\n\t<meta name=\"twitter:data1\" content=\"2 minutes\" \/>\n<script type=\"application\/ld+json\" class=\"yoast-schema-graph\">{\"@context\":\"https:\/\/schema.org\",\"@graph\":[{\"@type\":\"WebPage\",\"@id\":\"https:\/\/skaitytaknyga.lt\/produktas\/brain-tattoos-creating-unique-brands-that-stick-in-your-customers-minds\/\",\"url\":\"https:\/\/skaitytaknyga.lt\/produktas\/brain-tattoos-creating-unique-brands-that-stick-in-your-customers-minds\/\",\"name\":\"Brain Tattoos: Creating Unique Brands That Stick in Your Customers' Minds\",\"isPartOf\":{\"@id\":\"https:\/\/skaitytaknyga.lt\/#website\"},\"primaryImageOfPage\":{\"@id\":\"https:\/\/skaitytaknyga.lt\/produktas\/brain-tattoos-creating-unique-brands-that-stick-in-your-customers-minds\/#primaryimage\"},\"image\":{\"@id\":\"https:\/\/skaitytaknyga.lt\/produktas\/brain-tattoos-creating-unique-brands-that-stick-in-your-customers-minds\/#primaryimage\"},\"thumbnailUrl\":\"https:\/\/skaitytaknyga.lt\/wp-content\/uploads\/2024\/12\/brain-tattoos.jpg\",\"datePublished\":\"2024-12-11T08:39:02+00:00\",\"dateModified\":\"2025-05-12T05:34:47+00:00\",\"description\":\"\\\"Effective branding depends on the ability to leave a lasting (and positive) impression in the mind of the target audience. Brain Tattoos offers a\",\"breadcrumb\":{\"@id\":\"https:\/\/skaitytaknyga.lt\/produktas\/brain-tattoos-creating-unique-brands-that-stick-in-your-customers-minds\/#breadcrumb\"},\"inLanguage\":\"en-GB\",\"potentialAction\":[{\"@type\":\"ReadAction\",\"target\":[\"https:\/\/skaitytaknyga.lt\/produktas\/brain-tattoos-creating-unique-brands-that-stick-in-your-customers-minds\/\"]}]},{\"@type\":\"ImageObject\",\"inLanguage\":\"en-GB\",\"@id\":\"https:\/\/skaitytaknyga.lt\/produktas\/brain-tattoos-creating-unique-brands-that-stick-in-your-customers-minds\/#primaryimage\",\"url\":\"https:\/\/skaitytaknyga.lt\/wp-content\/uploads\/2024\/12\/brain-tattoos.jpg\",\"contentUrl\":\"https:\/\/skaitytaknyga.lt\/wp-content\/uploads\/2024\/12\/brain-tattoos.jpg\",\"width\":1602,\"height\":2400,\"caption\":\"brain tattoos\"},{\"@type\":\"BreadcrumbList\",\"@id\":\"https:\/\/skaitytaknyga.lt\/produktas\/brain-tattoos-creating-unique-brands-that-stick-in-your-customers-minds\/#breadcrumb\",\"itemListElement\":[{\"@type\":\"ListItem\",\"position\":1,\"name\":\"Home\",\"item\":\"https:\/\/skaitytaknyga.lt\/\"},{\"@type\":\"ListItem\",\"position\":2,\"name\":\"Parduotuv\u0117\",\"item\":\"https:\/\/skaitytaknyga.lt\/knygu-parduotuve\/\"},{\"@type\":\"ListItem\",\"position\":3,\"name\":\"Brain Tattoos: Creating Unique Brands That Stick in Your Customers&#8217; Minds\"}]},{\"@type\":\"WebSite\",\"@id\":\"https:\/\/skaitytaknyga.lt\/#website\",\"url\":\"https:\/\/skaitytaknyga.lt\/\",\"name\":\"skaitytaknyga.lt\",\"description\":\"Skaitytaknyga.lt \u2013 tai ma\u017eas \u0161eimos verslas, kuris prasid\u0117jo nuo meil\u0117s knygoms ir siekio i\u0161gelb\u0117ti knygas nuo likimo prie konteinerio. Kas vienam nereikalingas daiktas \u2013 kitam lobis, o mes esame tarpininkai, kurie padeda abiems tapti laimingesniems ???? \u017dinome kaip nelengva i\u0161gyventi ma\u017eiems verslams, tad nuo \u0161iol, \u010dia rasite ir kit\u0173, ma\u017e\u0173 \u0161eim\u0173 versl\u0173, rank\u0173 darbo, dovan\u0173 sau ir artimiesiems.\",\"publisher\":{\"@id\":\"https:\/\/skaitytaknyga.lt\/#organization\"},\"potentialAction\":[{\"@type\":\"SearchAction\",\"target\":{\"@type\":\"EntryPoint\",\"urlTemplate\":\"https:\/\/skaitytaknyga.lt\/?s={search_term_string}\"},\"query-input\":{\"@type\":\"PropertyValueSpecification\",\"valueRequired\":true,\"valueName\":\"search_term_string\"}}],\"inLanguage\":\"en-GB\"},{\"@type\":\"Organization\",\"@id\":\"https:\/\/skaitytaknyga.lt\/#organization\",\"name\":\"skaitytaknyga.lt\",\"url\":\"https:\/\/skaitytaknyga.lt\/\",\"logo\":{\"@type\":\"ImageObject\",\"inLanguage\":\"en-GB\",\"@id\":\"https:\/\/skaitytaknyga.lt\/#\/schema\/logo\/image\/\",\"url\":\"https:\/\/skaitytaknyga.lt\/wp-content\/uploads\/2024\/05\/cropped-cropped-cropped-02_00843_jt3bggkj1j3HLc7SyY6rEUpg.jpeg\",\"contentUrl\":\"https:\/\/skaitytaknyga.lt\/wp-content\/uploads\/2024\/05\/cropped-cropped-cropped-02_00843_jt3bggkj1j3HLc7SyY6rEUpg.jpeg\",\"width\":1600,\"height\":1600,\"caption\":\"skaitytaknyga.lt\"},\"image\":{\"@id\":\"https:\/\/skaitytaknyga.lt\/#\/schema\/logo\/image\/\"},\"sameAs\":[\"https:\/\/www.facebook.com\/skaitytaknyga\/\"]}]}<\/script>\n<!-- \/ Yoast SEO plugin. -->","yoast_head_json":{"title":"Brain Tattoos: Creating Unique Brands That Stick in Your Customers' Minds","description":"\"Effective branding depends on the ability to leave a lasting (and positive) impression in the mind of the target audience. Brain Tattoos offers a","robots":{"index":"index","follow":"follow","max-snippet":"max-snippet:-1","max-image-preview":"max-image-preview:large","max-video-preview":"max-video-preview:-1"},"canonical":"https:\/\/skaitytaknyga.lt\/en\/produktas\/brain-tattoos-creating-unique-brands-that-stick-in-your-customers-minds\/","og_locale":"en_GB","og_type":"article","og_title":"[:lt]Brain Tattoos: Creating Unique Brands That Stick in Your Customers' Minds[:] - Skaitytaknyga","og_description":"\"Effective branding depends on the ability to leave a lasting (and positive) impression in the mind of the target audience. Brain Tattoos offers a","og_url":"https:\/\/skaitytaknyga.lt\/en\/produktas\/brain-tattoos-creating-unique-brands-that-stick-in-your-customers-minds\/","og_site_name":"Skaitytaknyga","article_publisher":"https:\/\/www.facebook.com\/skaitytaknyga\/","article_modified_time":"2025-05-12T05:34:47+00:00","og_image":[{"width":1602,"height":2400,"url":"https:\/\/skaitytaknyga.lt\/wp-content\/uploads\/2024\/12\/brain-tattoos.jpg","type":"image\/jpeg"}],"twitter_card":"summary_large_image","twitter_misc":{"Estimated reading time":"2 minutes"},"schema":{"@context":"https:\/\/schema.org","@graph":[{"@type":"WebPage","@id":"https:\/\/skaitytaknyga.lt\/produktas\/brain-tattoos-creating-unique-brands-that-stick-in-your-customers-minds\/","url":"https:\/\/skaitytaknyga.lt\/produktas\/brain-tattoos-creating-unique-brands-that-stick-in-your-customers-minds\/","name":"Brain Tattoos: Creating Unique Brands That Stick in Your Customers' Minds","isPartOf":{"@id":"https:\/\/skaitytaknyga.lt\/#website"},"primaryImageOfPage":{"@id":"https:\/\/skaitytaknyga.lt\/produktas\/brain-tattoos-creating-unique-brands-that-stick-in-your-customers-minds\/#primaryimage"},"image":{"@id":"https:\/\/skaitytaknyga.lt\/produktas\/brain-tattoos-creating-unique-brands-that-stick-in-your-customers-minds\/#primaryimage"},"thumbnailUrl":"https:\/\/skaitytaknyga.lt\/wp-content\/uploads\/2024\/12\/brain-tattoos.jpg","datePublished":"2024-12-11T08:39:02+00:00","dateModified":"2025-05-12T05:34:47+00:00","description":"\"Effective branding depends on the ability to leave a lasting (and positive) impression in the mind of the target audience. Brain Tattoos offers a","breadcrumb":{"@id":"https:\/\/skaitytaknyga.lt\/produktas\/brain-tattoos-creating-unique-brands-that-stick-in-your-customers-minds\/#breadcrumb"},"inLanguage":"en-GB","potentialAction":[{"@type":"ReadAction","target":["https:\/\/skaitytaknyga.lt\/produktas\/brain-tattoos-creating-unique-brands-that-stick-in-your-customers-minds\/"]}]},{"@type":"ImageObject","inLanguage":"en-GB","@id":"https:\/\/skaitytaknyga.lt\/produktas\/brain-tattoos-creating-unique-brands-that-stick-in-your-customers-minds\/#primaryimage","url":"https:\/\/skaitytaknyga.lt\/wp-content\/uploads\/2024\/12\/brain-tattoos.jpg","contentUrl":"https:\/\/skaitytaknyga.lt\/wp-content\/uploads\/2024\/12\/brain-tattoos.jpg","width":1602,"height":2400,"caption":"brain tattoos"},{"@type":"BreadcrumbList","@id":"https:\/\/skaitytaknyga.lt\/produktas\/brain-tattoos-creating-unique-brands-that-stick-in-your-customers-minds\/#breadcrumb","itemListElement":[{"@type":"ListItem","position":1,"name":"Home","item":"https:\/\/skaitytaknyga.lt\/"},{"@type":"ListItem","position":2,"name":"Parduotuv\u0117","item":"https:\/\/skaitytaknyga.lt\/knygu-parduotuve\/"},{"@type":"ListItem","position":3,"name":"Brain Tattoos: Creating Unique Brands That Stick in Your Customers&#8217; Minds"}]},{"@type":"WebSite","@id":"https:\/\/skaitytaknyga.lt\/#website","url":"https:\/\/skaitytaknyga.lt\/","name":"skaitytaknyga.lt","description":"Skaitytaknyga.lt \u2013 tai ma\u017eas \u0161eimos verslas, kuris prasid\u0117jo nuo meil\u0117s knygoms ir siekio i\u0161gelb\u0117ti knygas nuo likimo prie konteinerio. Kas vienam nereikalingas daiktas \u2013 kitam lobis, o mes esame tarpininkai, kurie padeda abiems tapti laimingesniems ???? \u017dinome kaip nelengva i\u0161gyventi ma\u017eiems verslams, tad nuo \u0161iol, \u010dia rasite ir kit\u0173, ma\u017e\u0173 \u0161eim\u0173 versl\u0173, rank\u0173 darbo, dovan\u0173 sau ir artimiesiems.","publisher":{"@id":"https:\/\/skaitytaknyga.lt\/#organization"},"potentialAction":[{"@type":"SearchAction","target":{"@type":"EntryPoint","urlTemplate":"https:\/\/skaitytaknyga.lt\/?s={search_term_string}"},"query-input":{"@type":"PropertyValueSpecification","valueRequired":true,"valueName":"search_term_string"}}],"inLanguage":"en-GB"},{"@type":"Organization","@id":"https:\/\/skaitytaknyga.lt\/#organization","name":"skaitytaknyga.lt","url":"https:\/\/skaitytaknyga.lt\/","logo":{"@type":"ImageObject","inLanguage":"en-GB","@id":"https:\/\/skaitytaknyga.lt\/#\/schema\/logo\/image\/","url":"https:\/\/skaitytaknyga.lt\/wp-content\/uploads\/2024\/05\/cropped-cropped-cropped-02_00843_jt3bggkj1j3HLc7SyY6rEUpg.jpeg","contentUrl":"https:\/\/skaitytaknyga.lt\/wp-content\/uploads\/2024\/05\/cropped-cropped-cropped-02_00843_jt3bggkj1j3HLc7SyY6rEUpg.jpeg","width":1600,"height":1600,"caption":"skaitytaknyga.lt"},"image":{"@id":"https:\/\/skaitytaknyga.lt\/#\/schema\/logo\/image\/"},"sameAs":["https:\/\/www.facebook.com\/skaitytaknyga\/"]}]}},"_links":{"self":[{"href":"https:\/\/skaitytaknyga.lt\/en\/wp-json\/wp\/v2\/product\/15331","targetHints":{"allow":["GET"]}}],"collection":[{"href":"https:\/\/skaitytaknyga.lt\/en\/wp-json\/wp\/v2\/product"}],"about":[{"href":"https:\/\/skaitytaknyga.lt\/en\/wp-json\/wp\/v2\/types\/product"}],"replies":[{"embeddable":true,"href":"https:\/\/skaitytaknyga.lt\/en\/wp-json\/wp\/v2\/comments?post=15331"}],"wp:featuredmedia":[{"embeddable":true,"href":"https:\/\/skaitytaknyga.lt\/en\/wp-json\/wp\/v2\/media\/15351"}],"wp:attachment":[{"href":"https:\/\/skaitytaknyga.lt\/en\/wp-json\/wp\/v2\/media?parent=15331"}],"wp:term":[{"taxonomy":"product_brand","embeddable":true,"href":"https:\/\/skaitytaknyga.lt\/en\/wp-json\/wp\/v2\/product_brand?post=15331"},{"taxonomy":"product_cat","embeddable":true,"href":"https:\/\/skaitytaknyga.lt\/en\/wp-json\/wp\/v2\/product_cat?post=15331"},{"taxonomy":"product_tag","embeddable":true,"href":"https:\/\/skaitytaknyga.lt\/en\/wp-json\/wp\/v2\/product_tag?post=15331"}],"curies":[{"name":"wp","href":"https:\/\/api.w.org\/{rel}","templated":true}]}}