{"id":15290,"date":"2024-12-10T10:08:24","date_gmt":"2024-12-10T08:08:24","guid":{"rendered":"https:\/\/skaitytaknyga.lt\/?post_type=product&#038;p=15290"},"modified":"2025-04-25T21:51:28","modified_gmt":"2025-04-25T18:51:28","slug":"baubas","status":"publish","type":"product","link":"https:\/\/skaitytaknyga.lt\/en\/produktas\/baubas\/","title":{"rendered":"Baubas"},"content":{"rendered":"<p>Kai Aleksandras Pu\u0161kinas pirm\u0105 kart\u0105 perskait\u0117 Gogolio pasakojimus, labai nustebo ir susi\u017eav\u0117jo. \u201e\u0160tai kur tikroji satyra, \u2013 ra\u0161\u0117 jis, \u2013 s\u0105\u017eininga, nevar\u017eoma, nesmulkmeni\u0161ka ir neprimityvi. Dvelkia tikra poezija&#8230; A\u0161 vis dar neatsigaunu.&#8221; \u0160veiki\u0161ka J. Ha\u0161eko ironija ir E. A. Poe plunksnos verti siaubo ir fantazijos blyksniai \u2013 nepakartojami Nikolajaus Gogolio persona\u017eai stebina ir d\u017eiugina skaitytojus.<\/p>\n<p>Realyb\u0117s ir fantastikos, siaubo ir komedijos derinys, kuriuo persmelkti spalvingi ir nepakartojami pasakojimai, tokie kaip \u201eKal\u0117d\u0173 naktis&#8221; ar \u201eBaubas&#8221;, taip pat Peterburgo istorijos, paskatino am\u017eininkus pavadinti Gogol\u012f \u201ema\u017earusi\u0173 Dickensu&#8221;.<\/p>\n<p>Knygoje rasite visus \u012fsimintinus Gogolio knyg\u0173 veik\u0117jus: \u0161aun\u0173j\u012f kalv\u012f Vokul\u0105, ant velnio skridus\u012f \u012f Peterburg\u0105 kurpai\u010di\u0173 \u012fnoringai mylimajai, klaik\u0173 ragani\u0173, dr\u0105s\u0173 seminarist\u0105, bud\u0117jus\u012f prie mirusios panait\u0117s-raganos, taip pat valdinink\u0105, kurio nosis nutar\u0117 gyventi savaranki\u0161kai, varg\u0161\u0105 tarnautoj\u0105, apsiausto paverst\u0105 kitu \u017emogumi, gudr\u0173j\u012f beprot\u012f, \u012fsitikinus\u012f, kad \u0161uo gali jam perduoti gyvenimo i\u0161mint\u012f. Fantasti\u0161ki, kraup\u016bs, kartais komi\u0161ki pasakojim\u0173 persona\u017eai pakeri ir su\u017eavi vis\u0173 am\u017ei\u0173 skaitytojus. N. Gogolio k\u016bryba padar\u0117 didel\u0119 \u012ftak\u0105 tokiems ra\u0161ytojams kaip F. Dostojevskis ir V. Nabokovas.<\/p>\n<p>Nemirtinga Gogolio proza sklidina paslaptingos energijos; jo k\u016brini\u0173 pasaulis ir pam\u0117kli\u0161kas, ir realus, i\u0161 pirmo \u017evilgsnio paprastas ir suprantamas, bet ne\u012ftik\u0117tinai sud\u0117tingas ir nepaai\u0161kinamas. \u010cia viskas pajungta ypatingiems d\u0117sniams, kuri\u0173 nesupranta \u201esveiko proto&#8221; m\u0117g\u0117jai.<\/p>\n<p>Geriausi\u0173 istorij\u0173 rinkin\u012f sudaro:<\/p>\n<ul>\n<li>Vakarai vienas\u0117dyje prie Dikankos<\/li>\n<li>Mirgorodas<\/li>\n<li>Apsiaustas<\/li>\n<li>Nosis<\/li>\n<li>Pami\u0161\u0117lio u\u017era\u0161ai<\/li>\n<\/ul>\n<ul class=\"about-product d-none d-xl-block mt-4\">\n<li><strong>Autorius:<\/strong>\u00a0Nikolai Gogol<\/li>\n<li><strong>Leid\u0117jas:<\/strong>\u00a0Obuolys<\/li>\n<li><strong>Metai:<\/strong>\u00a02020<\/li>\n<li><strong>Puslapiai:<\/strong>\u00a0560<\/li>\n<li class=\"toggleable type-new-formats \"><strong>ISBN:<\/strong>\u00a09786094842207<\/li>\n<li class=\"toggleable type-new-formats \"><strong>Formatas:<\/strong>\u00a013,5 x 20,5 x 4,5 cm, kieti vir\u0161eliai<\/li>\n<li><strong>Kalba:<\/strong>\u00a0Lietuvi\u0173<\/li>\n<li><strong>Vert\u0117jas:<\/strong>\u00a0Motiejus Mi\u0161kinis<\/li>\n<\/ul>\n","protected":false},"excerpt":{"rendered":"<p>Kai Aleksandras Pu\u0161kinas pirm\u0105 kart\u0105 perskait\u0117 Gogolio pasakojimus, labai nustebo ir susi\u017eav\u0117jo. \u201e\u0160tai kur tikroji satyra, \u2013 ra\u0161\u0117 jis, \u2013 s\u0105\u017eininga, nevar\u017eoma, nesmulkmeni\u0161ka ir neprimityvi. Dvelkia tikra poezija&#8230; A\u0161 vis dar neatsigaunu.&#8221; \u0160veiki\u0161ka J. Ha\u0161eko ironija ir E. A. Poe plunksnos verti siaubo ir fantazijos blyksniai \u2013 nepakartojami Nikolajaus Gogolio persona\u017eai stebina ir d\u017eiugina skaitytojus. Realyb\u0117s ir fantastikos, siaubo ir komedijos derinys, kuriuo persmelkti spalvingi ir nepakartojami pasakojimai, tokie kaip \u201eKal\u0117d\u0173 naktis&#8221; ar \u201eBaubas&#8221;, taip pat Peterburgo istorijos, paskatino am\u017eininkus pavadinti Gogol\u012f \u201ema\u017earusi\u0173 Dickensu&#8221;. Knygoje rasite visus \u012fsimintinus Gogolio knyg\u0173 veik\u0117jus: \u0161aun\u0173j\u012f kalv\u012f Vokul\u0105, ant velnio skridus\u012f \u012f Peterburg\u0105 kurpai\u010di\u0173 \u012fnoringai mylimajai, klaik\u0173 ragani\u0173, dr\u0105s\u0173 seminarist\u0105, bud\u0117jus\u012f prie mirusios panait\u0117s-raganos, taip pat valdinink\u0105, kurio nosis nutar\u0117 gyventi savaranki\u0161kai, varg\u0161\u0105 tarnautoj\u0105, apsiausto paverst\u0105 kitu \u017emogumi, gudr\u0173j\u012f beprot\u012f, \u012fsitikinus\u012f, kad \u0161uo gali jam perduoti gyvenimo i\u0161mint\u012f. Fantasti\u0161ki, kraup\u016bs, kartais komi\u0161ki pasakojim\u0173 persona\u017eai pakeri ir su\u017eavi vis\u0173 am\u017ei\u0173 skaitytojus. N. Gogolio k\u016bryba padar\u0117 didel\u0119 \u012ftak\u0105 tokiems ra\u0161ytojams kaip F. Dostojevskis ir V. Nabokovas. Nemirtinga Gogolio proza sklidina paslaptingos energijos; jo k\u016brini\u0173 pasaulis ir pam\u0117kli\u0161kas, ir realus, i\u0161 pirmo \u017evilgsnio paprastas ir suprantamas, bet ne\u012ftik\u0117tinai sud\u0117tingas ir nepaai\u0161kinamas. \u010cia viskas pajungta ypatingiems d\u0117sniams, kuri\u0173 nesupranta \u201esveiko proto&#8221; m\u0117g\u0117jai. Geriausi\u0173 istorij\u0173 rinkin\u012f sudaro: Vakarai vienas\u0117dyje prie Dikankos Mirgorodas Apsiaustas Nosis Pami\u0161\u0117lio u\u017era\u0161ai Autorius:\u00a0Nikolai Gogol Leid\u0117jas:\u00a0Obuolys Metai:\u00a02020 Puslapiai:\u00a0560 ISBN:\u00a09786094842207 Formatas:\u00a013,5 x 20,5 x 4,5 cm, kieti vir\u0161eliai Kalba:\u00a0Lietuvi\u0173 Vert\u0117jas:\u00a0Motiejus Mi\u0161kinis<\/p>\n","protected":false},"featured_media":15298,"comment_status":"open","ping_status":"closed","template":"","meta":{"_acf_changed":false,"site-sidebar-layout":"default","site-content-layout":"","ast-site-content-layout":"default","site-content-style":"default","site-sidebar-style":"default","ast-global-header-display":"","ast-banner-title-visibility":"","ast-main-header-display":"","ast-hfb-above-header-display":"","ast-hfb-below-header-display":"","ast-hfb-mobile-header-display":"","site-post-title":"","ast-breadcrumbs-content":"","ast-featured-img":"","footer-sml-layout":"","ast-disable-related-posts":"","theme-transparent-header-meta":"default","adv-header-id-meta":"","stick-header-meta":"","header-above-stick-meta":"","header-main-stick-meta":"","header-below-stick-meta":"","astra-migrate-meta-layouts":"set","ast-page-background-enabled":"default","ast-page-background-meta":{"desktop":{"background-color":"","background-image":"","background-repeat":"repeat","background-position":"center center","background-size":"auto","background-attachment":"scroll","background-type":"","background-media":"","overlay-type":"","overlay-color":"","overlay-opacity":"","overlay-gradient":""},"tablet":{"background-color":"","background-image":"","background-repeat":"repeat","background-position":"center center","background-size":"auto","background-attachment":"scroll","background-type":"","background-media":"","overlay-type":"","overlay-color":"","overlay-opacity":"","overlay-gradient":""},"mobile":{"background-color":"","background-image":"","background-repeat":"repeat","background-position":"center center","background-size":"auto","background-attachment":"scroll","background-type":"","background-media":"","overlay-type":"","overlay-color":"","overlay-opacity":"","overlay-gradient":""}},"ast-content-background-meta":{"desktop":{"background-color":"var(--ast-global-color-4)","background-image":"","background-repeat":"repeat","background-position":"center center","background-size":"auto","background-attachment":"scroll","background-type":"","background-media":"","overlay-type":"","overlay-color":"","overlay-opacity":"","overlay-gradient":""},"tablet":{"background-color":"var(--ast-global-color-4)","background-image":"","background-repeat":"repeat","background-position":"center center","background-size":"auto","background-attachment":"scroll","background-type":"","background-media":"","overlay-type":"","overlay-color":"","overlay-opacity":"","overlay-gradient":""},"mobile":{"background-color":"var(--ast-global-color-4)","background-image":"","background-repeat":"repeat","background-position":"center center","background-size":"auto","background-attachment":"scroll","background-type":"","background-media":"","overlay-type":"","overlay-color":"","overlay-opacity":"","overlay-gradient":""}}},"product_brand":[],"product_cat":[15,28],"product_tag":[],"class_list":{"0":"post-15290","1":"product","2":"type-product","3":"status-publish","4":"has-post-thumbnail","6":"product_cat-uncategorized","7":"product_cat-klasika","8":"desktop-align-left","9":"tablet-align-left","10":"mobile-align-left","12":"first","13":"outofstock","14":"shipping-taxable","15":"purchasable","16":"product-type-simple"},"acf":[],"yoast_head":"<!-- This site is optimized with the Yoast SEO plugin v27.0 - https:\/\/yoast.com\/product\/yoast-seo-wordpress\/ -->\n<title>Baubas<\/title>\n<meta name=\"description\" content=\"Kai Aleksandras Pu\u0161kinas pirm\u0105 kart\u0105 perskait\u0117 Gogolio pasakojimus, labai nustebo ir susi\u017eav\u0117jo. \u201e\u0160tai kur tikroji satyra, \u2013 ra\u0161\u0117 jis, \u2013 s\u0105\u017eininga,\" \/>\n<meta name=\"robots\" content=\"index, follow, max-snippet:-1, max-image-preview:large, max-video-preview:-1\" \/>\n<link rel=\"canonical\" href=\"https:\/\/skaitytaknyga.lt\/en\/produktas\/baubas\/\" \/>\n<meta property=\"og:locale\" content=\"en_GB\" \/>\n<meta property=\"og:locale:alternate\" content=\"lt_LT\" \/>\n<meta property=\"og:type\" content=\"article\" \/>\n<meta property=\"og:title\" content=\"Baubas\" \/>\n<meta property=\"og:description\" content=\"Kai Aleksandras Pu\u0161kinas pirm\u0105 kart\u0105 perskait\u0117 Gogolio pasakojimus, labai nustebo ir susi\u017eav\u0117jo. \u201e\u0160tai kur tikroji satyra, \u2013 ra\u0161\u0117 jis, \u2013 s\u0105\u017eininga,\" \/>\n<meta property=\"og:url\" content=\"https:\/\/skaitytaknyga.lt\/en\/produktas\/baubas\/\" \/>\n<meta property=\"og:site_name\" content=\"Skaitytaknyga\" \/>\n<meta property=\"article:publisher\" content=\"https:\/\/www.facebook.com\/skaitytaknyga\/\" \/>\n<meta property=\"article:modified_time\" content=\"2025-04-25T18:51:28+00:00\" \/>\n<meta property=\"og:image\" content=\"https:\/\/skaitytaknyga.lt\/wp-content\/uploads\/2024\/12\/Baubas.webp\" \/>\n\t<meta property=\"og:image:width\" content=\"461\" \/>\n\t<meta property=\"og:image:height\" content=\"676\" \/>\n\t<meta property=\"og:image:type\" content=\"image\/webp\" \/>\n<meta name=\"twitter:card\" content=\"summary_large_image\" \/>\n<meta name=\"twitter:label1\" content=\"Estimated reading time\" \/>\n\t<meta name=\"twitter:data1\" content=\"2 minutes\" \/>\n<script type=\"application\/ld+json\" class=\"yoast-schema-graph\">{\"@context\":\"https:\/\/schema.org\",\"@graph\":[{\"@type\":\"WebPage\",\"@id\":\"https:\/\/skaitytaknyga.lt\/produktas\/baubas\/\",\"url\":\"https:\/\/skaitytaknyga.lt\/produktas\/baubas\/\",\"name\":\"Baubas\",\"isPartOf\":{\"@id\":\"https:\/\/skaitytaknyga.lt\/#website\"},\"primaryImageOfPage\":{\"@id\":\"https:\/\/skaitytaknyga.lt\/produktas\/baubas\/#primaryimage\"},\"image\":{\"@id\":\"https:\/\/skaitytaknyga.lt\/produktas\/baubas\/#primaryimage\"},\"thumbnailUrl\":\"https:\/\/skaitytaknyga.lt\/wp-content\/uploads\/2024\/12\/Baubas.webp\",\"datePublished\":\"2024-12-10T08:08:24+00:00\",\"dateModified\":\"2025-04-25T18:51:28+00:00\",\"description\":\"Kai Aleksandras Pu\u0161kinas pirm\u0105 kart\u0105 perskait\u0117 Gogolio pasakojimus, labai nustebo ir susi\u017eav\u0117jo. \u201e\u0160tai kur tikroji satyra, \u2013 ra\u0161\u0117 jis, \u2013 s\u0105\u017eininga,\",\"breadcrumb\":{\"@id\":\"https:\/\/skaitytaknyga.lt\/produktas\/baubas\/#breadcrumb\"},\"inLanguage\":\"en-GB\",\"potentialAction\":[{\"@type\":\"ReadAction\",\"target\":[\"https:\/\/skaitytaknyga.lt\/produktas\/baubas\/\"]}]},{\"@type\":\"ImageObject\",\"inLanguage\":\"en-GB\",\"@id\":\"https:\/\/skaitytaknyga.lt\/produktas\/baubas\/#primaryimage\",\"url\":\"https:\/\/skaitytaknyga.lt\/wp-content\/uploads\/2024\/12\/Baubas.webp\",\"contentUrl\":\"https:\/\/skaitytaknyga.lt\/wp-content\/uploads\/2024\/12\/Baubas.webp\",\"width\":461,\"height\":676,\"caption\":\"Baubas\"},{\"@type\":\"BreadcrumbList\",\"@id\":\"https:\/\/skaitytaknyga.lt\/produktas\/baubas\/#breadcrumb\",\"itemListElement\":[{\"@type\":\"ListItem\",\"position\":1,\"name\":\"Home\",\"item\":\"https:\/\/skaitytaknyga.lt\/\"},{\"@type\":\"ListItem\",\"position\":2,\"name\":\"Parduotuv\u0117\",\"item\":\"https:\/\/skaitytaknyga.lt\/knygu-parduotuve\/\"},{\"@type\":\"ListItem\",\"position\":3,\"name\":\"Baubas\"}]},{\"@type\":\"WebSite\",\"@id\":\"https:\/\/skaitytaknyga.lt\/#website\",\"url\":\"https:\/\/skaitytaknyga.lt\/\",\"name\":\"skaitytaknyga.lt\",\"description\":\"Skaitytaknyga.lt \u2013 tai ma\u017eas \u0161eimos verslas, kuris prasid\u0117jo nuo meil\u0117s knygoms ir siekio i\u0161gelb\u0117ti knygas nuo likimo prie konteinerio. Kas vienam nereikalingas daiktas \u2013 kitam lobis, o mes esame tarpininkai, kurie padeda abiems tapti laimingesniems ???? \u017dinome kaip nelengva i\u0161gyventi ma\u017eiems verslams, tad nuo \u0161iol, \u010dia rasite ir kit\u0173, ma\u017e\u0173 \u0161eim\u0173 versl\u0173, rank\u0173 darbo, dovan\u0173 sau ir artimiesiems.\",\"publisher\":{\"@id\":\"https:\/\/skaitytaknyga.lt\/#organization\"},\"potentialAction\":[{\"@type\":\"SearchAction\",\"target\":{\"@type\":\"EntryPoint\",\"urlTemplate\":\"https:\/\/skaitytaknyga.lt\/?s={search_term_string}\"},\"query-input\":{\"@type\":\"PropertyValueSpecification\",\"valueRequired\":true,\"valueName\":\"search_term_string\"}}],\"inLanguage\":\"en-GB\"},{\"@type\":\"Organization\",\"@id\":\"https:\/\/skaitytaknyga.lt\/#organization\",\"name\":\"skaitytaknyga.lt\",\"url\":\"https:\/\/skaitytaknyga.lt\/\",\"logo\":{\"@type\":\"ImageObject\",\"inLanguage\":\"en-GB\",\"@id\":\"https:\/\/skaitytaknyga.lt\/#\/schema\/logo\/image\/\",\"url\":\"https:\/\/skaitytaknyga.lt\/wp-content\/uploads\/2024\/05\/cropped-cropped-cropped-02_00843_jt3bggkj1j3HLc7SyY6rEUpg.jpeg\",\"contentUrl\":\"https:\/\/skaitytaknyga.lt\/wp-content\/uploads\/2024\/05\/cropped-cropped-cropped-02_00843_jt3bggkj1j3HLc7SyY6rEUpg.jpeg\",\"width\":1600,\"height\":1600,\"caption\":\"skaitytaknyga.lt\"},\"image\":{\"@id\":\"https:\/\/skaitytaknyga.lt\/#\/schema\/logo\/image\/\"},\"sameAs\":[\"https:\/\/www.facebook.com\/skaitytaknyga\/\"]}]}<\/script>\n<!-- \/ Yoast SEO plugin. -->","yoast_head_json":{"title":"Baubas","description":"Kai Aleksandras Pu\u0161kinas pirm\u0105 kart\u0105 perskait\u0117 Gogolio pasakojimus, labai nustebo ir susi\u017eav\u0117jo. \u201e\u0160tai kur tikroji satyra, \u2013 ra\u0161\u0117 jis, \u2013 s\u0105\u017eininga,","robots":{"index":"index","follow":"follow","max-snippet":"max-snippet:-1","max-image-preview":"max-image-preview:large","max-video-preview":"max-video-preview:-1"},"canonical":"https:\/\/skaitytaknyga.lt\/en\/produktas\/baubas\/","og_locale":"en_GB","og_type":"article","og_title":"[:lt]Baubas[:] - Skaitytaknyga","og_description":"Kai Aleksandras Pu\u0161kinas pirm\u0105 kart\u0105 perskait\u0117 Gogolio pasakojimus, labai nustebo ir susi\u017eav\u0117jo. \u201e\u0160tai kur tikroji satyra, \u2013 ra\u0161\u0117 jis, \u2013 s\u0105\u017eininga,","og_url":"https:\/\/skaitytaknyga.lt\/en\/produktas\/baubas\/","og_site_name":"Skaitytaknyga","article_publisher":"https:\/\/www.facebook.com\/skaitytaknyga\/","article_modified_time":"2025-04-25T18:51:28+00:00","og_image":[{"width":461,"height":676,"url":"https:\/\/skaitytaknyga.lt\/wp-content\/uploads\/2024\/12\/Baubas.webp","type":"image\/webp"}],"twitter_card":"summary_large_image","twitter_misc":{"Estimated reading time":"2 minutes"},"schema":{"@context":"https:\/\/schema.org","@graph":[{"@type":"WebPage","@id":"https:\/\/skaitytaknyga.lt\/produktas\/baubas\/","url":"https:\/\/skaitytaknyga.lt\/produktas\/baubas\/","name":"Baubas","isPartOf":{"@id":"https:\/\/skaitytaknyga.lt\/#website"},"primaryImageOfPage":{"@id":"https:\/\/skaitytaknyga.lt\/produktas\/baubas\/#primaryimage"},"image":{"@id":"https:\/\/skaitytaknyga.lt\/produktas\/baubas\/#primaryimage"},"thumbnailUrl":"https:\/\/skaitytaknyga.lt\/wp-content\/uploads\/2024\/12\/Baubas.webp","datePublished":"2024-12-10T08:08:24+00:00","dateModified":"2025-04-25T18:51:28+00:00","description":"Kai Aleksandras Pu\u0161kinas pirm\u0105 kart\u0105 perskait\u0117 Gogolio pasakojimus, labai nustebo ir susi\u017eav\u0117jo. \u201e\u0160tai kur tikroji satyra, \u2013 ra\u0161\u0117 jis, \u2013 s\u0105\u017eininga,","breadcrumb":{"@id":"https:\/\/skaitytaknyga.lt\/produktas\/baubas\/#breadcrumb"},"inLanguage":"en-GB","potentialAction":[{"@type":"ReadAction","target":["https:\/\/skaitytaknyga.lt\/produktas\/baubas\/"]}]},{"@type":"ImageObject","inLanguage":"en-GB","@id":"https:\/\/skaitytaknyga.lt\/produktas\/baubas\/#primaryimage","url":"https:\/\/skaitytaknyga.lt\/wp-content\/uploads\/2024\/12\/Baubas.webp","contentUrl":"https:\/\/skaitytaknyga.lt\/wp-content\/uploads\/2024\/12\/Baubas.webp","width":461,"height":676,"caption":"Baubas"},{"@type":"BreadcrumbList","@id":"https:\/\/skaitytaknyga.lt\/produktas\/baubas\/#breadcrumb","itemListElement":[{"@type":"ListItem","position":1,"name":"Home","item":"https:\/\/skaitytaknyga.lt\/"},{"@type":"ListItem","position":2,"name":"Parduotuv\u0117","item":"https:\/\/skaitytaknyga.lt\/knygu-parduotuve\/"},{"@type":"ListItem","position":3,"name":"Baubas"}]},{"@type":"WebSite","@id":"https:\/\/skaitytaknyga.lt\/#website","url":"https:\/\/skaitytaknyga.lt\/","name":"skaitytaknyga.lt","description":"Skaitytaknyga.lt \u2013 tai ma\u017eas \u0161eimos verslas, kuris prasid\u0117jo nuo meil\u0117s knygoms ir siekio i\u0161gelb\u0117ti knygas nuo likimo prie konteinerio. Kas vienam nereikalingas daiktas \u2013 kitam lobis, o mes esame tarpininkai, kurie padeda abiems tapti laimingesniems ???? \u017dinome kaip nelengva i\u0161gyventi ma\u017eiems verslams, tad nuo \u0161iol, \u010dia rasite ir kit\u0173, ma\u017e\u0173 \u0161eim\u0173 versl\u0173, rank\u0173 darbo, dovan\u0173 sau ir artimiesiems.","publisher":{"@id":"https:\/\/skaitytaknyga.lt\/#organization"},"potentialAction":[{"@type":"SearchAction","target":{"@type":"EntryPoint","urlTemplate":"https:\/\/skaitytaknyga.lt\/?s={search_term_string}"},"query-input":{"@type":"PropertyValueSpecification","valueRequired":true,"valueName":"search_term_string"}}],"inLanguage":"en-GB"},{"@type":"Organization","@id":"https:\/\/skaitytaknyga.lt\/#organization","name":"skaitytaknyga.lt","url":"https:\/\/skaitytaknyga.lt\/","logo":{"@type":"ImageObject","inLanguage":"en-GB","@id":"https:\/\/skaitytaknyga.lt\/#\/schema\/logo\/image\/","url":"https:\/\/skaitytaknyga.lt\/wp-content\/uploads\/2024\/05\/cropped-cropped-cropped-02_00843_jt3bggkj1j3HLc7SyY6rEUpg.jpeg","contentUrl":"https:\/\/skaitytaknyga.lt\/wp-content\/uploads\/2024\/05\/cropped-cropped-cropped-02_00843_jt3bggkj1j3HLc7SyY6rEUpg.jpeg","width":1600,"height":1600,"caption":"skaitytaknyga.lt"},"image":{"@id":"https:\/\/skaitytaknyga.lt\/#\/schema\/logo\/image\/"},"sameAs":["https:\/\/www.facebook.com\/skaitytaknyga\/"]}]}},"_links":{"self":[{"href":"https:\/\/skaitytaknyga.lt\/en\/wp-json\/wp\/v2\/product\/15290","targetHints":{"allow":["GET"]}}],"collection":[{"href":"https:\/\/skaitytaknyga.lt\/en\/wp-json\/wp\/v2\/product"}],"about":[{"href":"https:\/\/skaitytaknyga.lt\/en\/wp-json\/wp\/v2\/types\/product"}],"replies":[{"embeddable":true,"href":"https:\/\/skaitytaknyga.lt\/en\/wp-json\/wp\/v2\/comments?post=15290"}],"wp:featuredmedia":[{"embeddable":true,"href":"https:\/\/skaitytaknyga.lt\/en\/wp-json\/wp\/v2\/media\/15298"}],"wp:attachment":[{"href":"https:\/\/skaitytaknyga.lt\/en\/wp-json\/wp\/v2\/media?parent=15290"}],"wp:term":[{"taxonomy":"product_brand","embeddable":true,"href":"https:\/\/skaitytaknyga.lt\/en\/wp-json\/wp\/v2\/product_brand?post=15290"},{"taxonomy":"product_cat","embeddable":true,"href":"https:\/\/skaitytaknyga.lt\/en\/wp-json\/wp\/v2\/product_cat?post=15290"},{"taxonomy":"product_tag","embeddable":true,"href":"https:\/\/skaitytaknyga.lt\/en\/wp-json\/wp\/v2\/product_tag?post=15290"}],"curies":[{"name":"wp","href":"https:\/\/api.w.org\/{rel}","templated":true}]}}