{"id":15289,"date":"2024-12-10T10:08:24","date_gmt":"2024-12-10T08:08:24","guid":{"rendered":"https:\/\/skaitytaknyga.lt\/?post_type=product&#038;p=15289"},"modified":"2025-09-09T21:14:21","modified_gmt":"2025-09-09T18:14:21","slug":"sidro-namu-taisykles","status":"publish","type":"product","link":"https:\/\/skaitytaknyga.lt\/en\/produktas\/sidro-namu-taisykles\/","title":{"rendered":"Sidro nam\u0173 taisykl\u0117s"},"content":{"rendered":"<p>\u201eSidro nam\u0173 taisykl\u0117s\u201d (1985 m.) \u2013 vienas i\u0161 geriausi\u0173 D\u017eono Irvingo roman\u0173, gal net pats gerausias. Abortai, vaik\u0173 gimimas, \u0161eimos santykiai, seksualumas, incestas, melas \u2013 tai tik keletas \u0161io dr\u0105saus ir jausmingo, komi\u0161k\u0173 detali\u0173 kupino k\u016brinio tem\u0173.<\/p>\n<p>Pagrindinis romano veik\u0117jas \u2013 na\u0161laitis Homeras Velzas, gim\u0119s ir u\u017eaug\u0119s Sent Klaudo prieglaudoje, kur daktaras Vilburis Lar\u010das dirba Dievo darb\u0105: priima na\u0161lai\u010dius ir daro abortus \u2013 elgiasi taip, kaip nori \u017eiem\u0105 vasar\u0105 traukiniu atvykstan\u010dios nelaimingos moterys. Tiesa, abortus daryti draud\u017eiama, bet daktaras Lar\u010das \u017eino, kas nutinka nepageidaujam\u0173 k\u016bdiki\u0173 atsikratyti m\u0117ginan\u010dioms jaunoms \u2013 ir nelabai jaunoms \u2013 moterims, kai joms nepadeda gydytojai, ir koks b\u016bna prieglaudose palikt\u0173 na\u0161lai\u010di\u0173 gyvenimas.<\/p>\n<p>Daktaras Lar\u010das myli visus savo na\u0161lai\u010dius, ypa\u010d Homer\u0105 Velz\u0105, daug kart\u0173 atiduot\u0105 galimiems \u012ft\u0117viams, bet vis sugr\u012f\u017etant\u012f \u012f prieglaud\u0105, nes tai vienintel\u0117 vieta, kur jis jau\u010diasi savas. Ilgainiui Homeras tampa daktaro Lar\u010do pad\u0117j\u0117ju, Lar\u010das j\u012f moko chirurgijos ir aku\u0161erijos, bet Homeras, puikus aku\u0161eris, nors ir nebaig\u0119s medicinos moksl\u0173, suvokia negal\u012fs daryti abort\u0173. Netrukus \u012f prieglaud\u0105 atva\u017eiuoja \u012fsimyl\u0117j\u0117li\u0173 pora \u2013 Kend\u0117 ir Volis.<\/p>\n<p>Jie ie\u0161ko abortus daran\u010dio gydytojo ir neabejoja, kad kada nors gal\u0117s tur\u0117ti kit\u0105 k\u016bdik\u012f. Homeras su Kende ir Voliu, kurio \u0161eima ver\u010diasi sodininkyste, i\u0161vyksta prie vandenyno \u2013 atsive\u017eti medeli\u0173. Ta\u010diau kelion\u0117 trunka gerokai ilgiau negu por\u0105 dien\u0173. Tik po penkiolikos met\u0173 Homero s\u016bnus And\u017eelas, visada man\u0119s, kad yra \u012fvaikintas, su\u017eino ties\u0105&#8230;<\/p>\n<p>Visus penkiolika met\u0173 sidro namuose kabo prie sienos prismeigtas popieriaus lapas su taisykl\u0117mis, \u012f kurias niekas nekreipia d\u0117mesio. O kokios taisykl\u0117s svarbiausios Sent Klaude? Kokios yra Lar\u010do taisykl\u0117s? Ar Volis k\u0105 nors \u017eino apie Kend\u0117s ir Homero taisykles? Kokias taisykles mes lau\u017eome? Ar tai darydami tikime savo teisumu?<\/p>\n<p>Pagal \u0161\u012f roman\u0105 D\u017eonas Irvingas para\u0161\u0117 scenarij\u0173 filmui, u\u017e kur\u012f gavo \u201eOskar\u0105\u201d.<\/p>\n","protected":false},"excerpt":{"rendered":"<p>\u201eSidro nam\u0173 taisykl\u0117s\u201d (1985 m.) \u2013 vienas i\u0161 geriausi\u0173 D\u017eono Irvingo roman\u0173, gal net pats gerausias. Abortai, vaik\u0173 gimimas, \u0161eimos santykiai, seksualumas, incestas, melas \u2013 tai tik keletas \u0161io dr\u0105saus ir jausmingo, komi\u0161k\u0173 detali\u0173 kupino k\u016brinio tem\u0173. Pagrindinis romano veik\u0117jas \u2013 na\u0161laitis Homeras Velzas, gim\u0119s ir u\u017eaug\u0119s Sent Klaudo prieglaudoje, kur daktaras Vilburis Lar\u010das dirba Dievo darb\u0105: priima na\u0161lai\u010dius ir daro abortus \u2013 elgiasi taip, kaip nori \u017eiem\u0105 vasar\u0105 traukiniu atvykstan\u010dios nelaimingos moterys. Tiesa, abortus daryti draud\u017eiama, bet daktaras Lar\u010das \u017eino, kas nutinka nepageidaujam\u0173 k\u016bdiki\u0173 atsikratyti m\u0117ginan\u010dioms jaunoms \u2013 ir nelabai jaunoms \u2013 moterims, kai joms nepadeda gydytojai, ir koks b\u016bna prieglaudose palikt\u0173 na\u0161lai\u010di\u0173 gyvenimas. Daktaras Lar\u010das myli visus savo na\u0161lai\u010dius, ypa\u010d Homer\u0105 Velz\u0105, daug kart\u0173 atiduot\u0105 galimiems \u012ft\u0117viams, bet vis sugr\u012f\u017etant\u012f \u012f prieglaud\u0105, nes tai vienintel\u0117 vieta, kur jis jau\u010diasi savas. Ilgainiui Homeras tampa daktaro Lar\u010do pad\u0117j\u0117ju, Lar\u010das j\u012f moko chirurgijos ir aku\u0161erijos, bet Homeras, puikus aku\u0161eris, nors ir nebaig\u0119s medicinos moksl\u0173, suvokia negal\u012fs daryti abort\u0173. Netrukus \u012f prieglaud\u0105 atva\u017eiuoja \u012fsimyl\u0117j\u0117li\u0173 pora \u2013 Kend\u0117 ir Volis. Jie ie\u0161ko abortus daran\u010dio gydytojo ir neabejoja, kad kada nors gal\u0117s tur\u0117ti kit\u0105 k\u016bdik\u012f. Homeras su Kende ir Voliu, kurio \u0161eima ver\u010diasi sodininkyste, i\u0161vyksta prie vandenyno \u2013 atsive\u017eti medeli\u0173. Ta\u010diau kelion\u0117 trunka gerokai ilgiau negu por\u0105 dien\u0173. Tik po penkiolikos met\u0173 Homero s\u016bnus And\u017eelas, visada man\u0119s, kad yra \u012fvaikintas, su\u017eino ties\u0105&#8230; Visus penkiolika met\u0173 sidro namuose kabo prie sienos prismeigtas popieriaus lapas su taisykl\u0117mis, \u012f kurias niekas nekreipia d\u0117mesio. O kokios taisykl\u0117s svarbiausios Sent Klaude? Kokios yra Lar\u010do taisykl\u0117s? Ar Volis k\u0105 nors \u017eino apie Kend\u0117s ir Homero taisykles? Kokias taisykles mes lau\u017eome? Ar tai darydami tikime savo teisumu? Pagal \u0161\u012f roman\u0105 D\u017eonas Irvingas para\u0161\u0117 scenarij\u0173 filmui, u\u017e kur\u012f gavo \u201eOskar\u0105\u201d.<\/p>\n","protected":false},"featured_media":15299,"comment_status":"open","ping_status":"closed","template":"","meta":{"_acf_changed":false,"site-sidebar-layout":"default","site-content-layout":"","ast-site-content-layout":"default","site-content-style":"default","site-sidebar-style":"default","ast-global-header-display":"","ast-banner-title-visibility":"","ast-main-header-display":"","ast-hfb-above-header-display":"","ast-hfb-below-header-display":"","ast-hfb-mobile-header-display":"","site-post-title":"","ast-breadcrumbs-content":"","ast-featured-img":"","footer-sml-layout":"","ast-disable-related-posts":"","theme-transparent-header-meta":"default","adv-header-id-meta":"","stick-header-meta":"","header-above-stick-meta":"","header-main-stick-meta":"","header-below-stick-meta":"","astra-migrate-meta-layouts":"set","ast-page-background-enabled":"default","ast-page-background-meta":{"desktop":{"background-color":"","background-image":"","background-repeat":"repeat","background-position":"center center","background-size":"auto","background-attachment":"scroll","background-type":"","background-media":"","overlay-type":"","overlay-color":"","overlay-opacity":"","overlay-gradient":""},"tablet":{"background-color":"","background-image":"","background-repeat":"repeat","background-position":"center center","background-size":"auto","background-attachment":"scroll","background-type":"","background-media":"","overlay-type":"","overlay-color":"","overlay-opacity":"","overlay-gradient":""},"mobile":{"background-color":"","background-image":"","background-repeat":"repeat","background-position":"center center","background-size":"auto","background-attachment":"scroll","background-type":"","background-media":"","overlay-type":"","overlay-color":"","overlay-opacity":"","overlay-gradient":""}},"ast-content-background-meta":{"desktop":{"background-color":"var(--ast-global-color-4)","background-image":"","background-repeat":"repeat","background-position":"center center","background-size":"auto","background-attachment":"scroll","background-type":"","background-media":"","overlay-type":"","overlay-color":"","overlay-opacity":"","overlay-gradient":""},"tablet":{"background-color":"var(--ast-global-color-4)","background-image":"","background-repeat":"repeat","background-position":"center center","background-size":"auto","background-attachment":"scroll","background-type":"","background-media":"","overlay-type":"","overlay-color":"","overlay-opacity":"","overlay-gradient":""},"mobile":{"background-color":"var(--ast-global-color-4)","background-image":"","background-repeat":"repeat","background-position":"center center","background-size":"auto","background-attachment":"scroll","background-type":"","background-media":"","overlay-type":"","overlay-color":"","overlay-opacity":"","overlay-gradient":""}}},"product_brand":[],"product_cat":[31,15],"product_tag":[1458,1453,1363,1456,1455,1454,1457],"class_list":{"0":"post-15289","1":"product","2":"type-product","3":"status-publish","4":"has-post-thumbnail","6":"product_cat-grozine-literatura","7":"product_cat-uncategorized","8":"product_tag-amerikieciu-rasytojai","9":"product_tag-grozine-literatura","10":"product_tag-john-irving","11":"product_tag-moraliniai-pasirinkimai","12":"product_tag-seimos-drama","13":"product_tag-sidro-namu-taisykles","14":"product_tag-vaiku-globos-sistema","15":"desktop-align-left","16":"tablet-align-left","17":"mobile-align-left","19":"first","20":"instock","21":"shipping-taxable","22":"purchasable","23":"product-type-simple"},"acf":[],"yoast_head":"<!-- This site is optimized with the Yoast SEO plugin v27.0 - https:\/\/yoast.com\/product\/yoast-seo-wordpress\/ -->\n<title>Sidro nam\u0173 taisykl\u0117s<\/title>\n<meta name=\"description\" content=\"\u201eSidro nam\u0173 taisykl\u0117s\u201d (1985 m.) \u2013 vienas i\u0161 geriausi\u0173 D\u017eono Irvingo roman\u0173, gal net pats gerausias. Abortai, vaik\u0173 gimimas, \u0161eimos santykiai,\" \/>\n<meta name=\"robots\" content=\"index, follow, max-snippet:-1, max-image-preview:large, max-video-preview:-1\" \/>\n<link rel=\"canonical\" href=\"https:\/\/skaitytaknyga.lt\/en\/produktas\/sidro-namu-taisykles\/\" \/>\n<meta property=\"og:locale\" content=\"en_GB\" \/>\n<meta property=\"og:locale:alternate\" content=\"lt_LT\" \/>\n<meta property=\"og:type\" content=\"article\" \/>\n<meta property=\"og:title\" content=\"Sidro nam\u0173 taisykl\u0117s\" \/>\n<meta property=\"og:description\" content=\"\u201eSidro nam\u0173 taisykl\u0117s\u201d (1985 m.) \u2013 vienas i\u0161 geriausi\u0173 D\u017eono Irvingo roman\u0173, gal net pats gerausias. Abortai, vaik\u0173 gimimas, \u0161eimos santykiai,\" \/>\n<meta property=\"og:url\" content=\"https:\/\/skaitytaknyga.lt\/en\/produktas\/sidro-namu-taisykles\/\" \/>\n<meta property=\"og:site_name\" content=\"Skaitytaknyga\" \/>\n<meta property=\"article:publisher\" content=\"https:\/\/www.facebook.com\/skaitytaknyga\/\" \/>\n<meta property=\"article:modified_time\" content=\"2025-09-09T18:14:21+00:00\" \/>\n<meta property=\"og:image\" content=\"https:\/\/skaitytaknyga.lt\/wp-content\/uploads\/2024\/12\/Sidro-namu-taisykles.webp\" \/>\n\t<meta property=\"og:image:width\" content=\"507\" \/>\n\t<meta property=\"og:image:height\" content=\"800\" \/>\n\t<meta property=\"og:image:type\" content=\"image\/webp\" \/>\n<meta name=\"twitter:card\" content=\"summary_large_image\" \/>\n<meta name=\"twitter:label1\" content=\"Estimated reading time\" \/>\n\t<meta name=\"twitter:data1\" content=\"2 minutes\" \/>\n<script type=\"application\/ld+json\" class=\"yoast-schema-graph\">{\"@context\":\"https:\/\/schema.org\",\"@graph\":[{\"@type\":\"WebPage\",\"@id\":\"https:\/\/skaitytaknyga.lt\/produktas\/sidro-namu-taisykles\/\",\"url\":\"https:\/\/skaitytaknyga.lt\/produktas\/sidro-namu-taisykles\/\",\"name\":\"Sidro nam\u0173 taisykl\u0117s\",\"isPartOf\":{\"@id\":\"https:\/\/skaitytaknyga.lt\/#website\"},\"primaryImageOfPage\":{\"@id\":\"https:\/\/skaitytaknyga.lt\/produktas\/sidro-namu-taisykles\/#primaryimage\"},\"image\":{\"@id\":\"https:\/\/skaitytaknyga.lt\/produktas\/sidro-namu-taisykles\/#primaryimage\"},\"thumbnailUrl\":\"https:\/\/skaitytaknyga.lt\/wp-content\/uploads\/2024\/12\/Sidro-namu-taisykles.webp\",\"datePublished\":\"2024-12-10T08:08:24+00:00\",\"dateModified\":\"2025-09-09T18:14:21+00:00\",\"description\":\"\u201eSidro nam\u0173 taisykl\u0117s\u201d (1985 m.) \u2013 vienas i\u0161 geriausi\u0173 D\u017eono Irvingo roman\u0173, gal net pats gerausias. Abortai, vaik\u0173 gimimas, \u0161eimos santykiai,\",\"breadcrumb\":{\"@id\":\"https:\/\/skaitytaknyga.lt\/produktas\/sidro-namu-taisykles\/#breadcrumb\"},\"inLanguage\":\"en-GB\",\"potentialAction\":[{\"@type\":\"ReadAction\",\"target\":[\"https:\/\/skaitytaknyga.lt\/produktas\/sidro-namu-taisykles\/\"]}]},{\"@type\":\"ImageObject\",\"inLanguage\":\"en-GB\",\"@id\":\"https:\/\/skaitytaknyga.lt\/produktas\/sidro-namu-taisykles\/#primaryimage\",\"url\":\"https:\/\/skaitytaknyga.lt\/wp-content\/uploads\/2024\/12\/Sidro-namu-taisykles.webp\",\"contentUrl\":\"https:\/\/skaitytaknyga.lt\/wp-content\/uploads\/2024\/12\/Sidro-namu-taisykles.webp\",\"width\":507,\"height\":800,\"caption\":\"Sidro nam\u0173 taisykl\u0117s\"},{\"@type\":\"BreadcrumbList\",\"@id\":\"https:\/\/skaitytaknyga.lt\/produktas\/sidro-namu-taisykles\/#breadcrumb\",\"itemListElement\":[{\"@type\":\"ListItem\",\"position\":1,\"name\":\"Home\",\"item\":\"https:\/\/skaitytaknyga.lt\/\"},{\"@type\":\"ListItem\",\"position\":2,\"name\":\"Parduotuv\u0117\",\"item\":\"https:\/\/skaitytaknyga.lt\/knygu-parduotuve\/\"},{\"@type\":\"ListItem\",\"position\":3,\"name\":\"Sidro nam\u0173 taisykl\u0117s\"}]},{\"@type\":\"WebSite\",\"@id\":\"https:\/\/skaitytaknyga.lt\/#website\",\"url\":\"https:\/\/skaitytaknyga.lt\/\",\"name\":\"skaitytaknyga.lt\",\"description\":\"Skaitytaknyga.lt \u2013 tai ma\u017eas \u0161eimos verslas, kuris prasid\u0117jo nuo meil\u0117s knygoms ir siekio i\u0161gelb\u0117ti knygas nuo likimo prie konteinerio. Kas vienam nereikalingas daiktas \u2013 kitam lobis, o mes esame tarpininkai, kurie padeda abiems tapti laimingesniems ???? \u017dinome kaip nelengva i\u0161gyventi ma\u017eiems verslams, tad nuo \u0161iol, \u010dia rasite ir kit\u0173, ma\u017e\u0173 \u0161eim\u0173 versl\u0173, rank\u0173 darbo, dovan\u0173 sau ir artimiesiems.\",\"publisher\":{\"@id\":\"https:\/\/skaitytaknyga.lt\/#organization\"},\"potentialAction\":[{\"@type\":\"SearchAction\",\"target\":{\"@type\":\"EntryPoint\",\"urlTemplate\":\"https:\/\/skaitytaknyga.lt\/?s={search_term_string}\"},\"query-input\":{\"@type\":\"PropertyValueSpecification\",\"valueRequired\":true,\"valueName\":\"search_term_string\"}}],\"inLanguage\":\"en-GB\"},{\"@type\":\"Organization\",\"@id\":\"https:\/\/skaitytaknyga.lt\/#organization\",\"name\":\"skaitytaknyga.lt\",\"url\":\"https:\/\/skaitytaknyga.lt\/\",\"logo\":{\"@type\":\"ImageObject\",\"inLanguage\":\"en-GB\",\"@id\":\"https:\/\/skaitytaknyga.lt\/#\/schema\/logo\/image\/\",\"url\":\"https:\/\/skaitytaknyga.lt\/wp-content\/uploads\/2024\/05\/cropped-cropped-cropped-02_00843_jt3bggkj1j3HLc7SyY6rEUpg.jpeg\",\"contentUrl\":\"https:\/\/skaitytaknyga.lt\/wp-content\/uploads\/2024\/05\/cropped-cropped-cropped-02_00843_jt3bggkj1j3HLc7SyY6rEUpg.jpeg\",\"width\":1600,\"height\":1600,\"caption\":\"skaitytaknyga.lt\"},\"image\":{\"@id\":\"https:\/\/skaitytaknyga.lt\/#\/schema\/logo\/image\/\"},\"sameAs\":[\"https:\/\/www.facebook.com\/skaitytaknyga\/\"]}]}<\/script>\n<!-- \/ Yoast SEO plugin. -->","yoast_head_json":{"title":"Sidro nam\u0173 taisykl\u0117s","description":"\u201eSidro nam\u0173 taisykl\u0117s\u201d (1985 m.) \u2013 vienas i\u0161 geriausi\u0173 D\u017eono Irvingo roman\u0173, gal net pats gerausias. Abortai, vaik\u0173 gimimas, \u0161eimos santykiai,","robots":{"index":"index","follow":"follow","max-snippet":"max-snippet:-1","max-image-preview":"max-image-preview:large","max-video-preview":"max-video-preview:-1"},"canonical":"https:\/\/skaitytaknyga.lt\/en\/produktas\/sidro-namu-taisykles\/","og_locale":"en_GB","og_type":"article","og_title":"[:lt]Sidro nam\u0173 taisykl\u0117s[:] - Skaitytaknyga","og_description":"\u201eSidro nam\u0173 taisykl\u0117s\u201d (1985 m.) \u2013 vienas i\u0161 geriausi\u0173 D\u017eono Irvingo roman\u0173, gal net pats gerausias. Abortai, vaik\u0173 gimimas, \u0161eimos santykiai,","og_url":"https:\/\/skaitytaknyga.lt\/en\/produktas\/sidro-namu-taisykles\/","og_site_name":"Skaitytaknyga","article_publisher":"https:\/\/www.facebook.com\/skaitytaknyga\/","article_modified_time":"2025-09-09T18:14:21+00:00","og_image":[{"width":507,"height":800,"url":"https:\/\/skaitytaknyga.lt\/wp-content\/uploads\/2024\/12\/Sidro-namu-taisykles.webp","type":"image\/webp"}],"twitter_card":"summary_large_image","twitter_misc":{"Estimated reading time":"2 minutes"},"schema":{"@context":"https:\/\/schema.org","@graph":[{"@type":"WebPage","@id":"https:\/\/skaitytaknyga.lt\/produktas\/sidro-namu-taisykles\/","url":"https:\/\/skaitytaknyga.lt\/produktas\/sidro-namu-taisykles\/","name":"Sidro nam\u0173 taisykl\u0117s","isPartOf":{"@id":"https:\/\/skaitytaknyga.lt\/#website"},"primaryImageOfPage":{"@id":"https:\/\/skaitytaknyga.lt\/produktas\/sidro-namu-taisykles\/#primaryimage"},"image":{"@id":"https:\/\/skaitytaknyga.lt\/produktas\/sidro-namu-taisykles\/#primaryimage"},"thumbnailUrl":"https:\/\/skaitytaknyga.lt\/wp-content\/uploads\/2024\/12\/Sidro-namu-taisykles.webp","datePublished":"2024-12-10T08:08:24+00:00","dateModified":"2025-09-09T18:14:21+00:00","description":"\u201eSidro nam\u0173 taisykl\u0117s\u201d (1985 m.) \u2013 vienas i\u0161 geriausi\u0173 D\u017eono Irvingo roman\u0173, gal net pats gerausias. Abortai, vaik\u0173 gimimas, \u0161eimos santykiai,","breadcrumb":{"@id":"https:\/\/skaitytaknyga.lt\/produktas\/sidro-namu-taisykles\/#breadcrumb"},"inLanguage":"en-GB","potentialAction":[{"@type":"ReadAction","target":["https:\/\/skaitytaknyga.lt\/produktas\/sidro-namu-taisykles\/"]}]},{"@type":"ImageObject","inLanguage":"en-GB","@id":"https:\/\/skaitytaknyga.lt\/produktas\/sidro-namu-taisykles\/#primaryimage","url":"https:\/\/skaitytaknyga.lt\/wp-content\/uploads\/2024\/12\/Sidro-namu-taisykles.webp","contentUrl":"https:\/\/skaitytaknyga.lt\/wp-content\/uploads\/2024\/12\/Sidro-namu-taisykles.webp","width":507,"height":800,"caption":"Sidro nam\u0173 taisykl\u0117s"},{"@type":"BreadcrumbList","@id":"https:\/\/skaitytaknyga.lt\/produktas\/sidro-namu-taisykles\/#breadcrumb","itemListElement":[{"@type":"ListItem","position":1,"name":"Home","item":"https:\/\/skaitytaknyga.lt\/"},{"@type":"ListItem","position":2,"name":"Parduotuv\u0117","item":"https:\/\/skaitytaknyga.lt\/knygu-parduotuve\/"},{"@type":"ListItem","position":3,"name":"Sidro nam\u0173 taisykl\u0117s"}]},{"@type":"WebSite","@id":"https:\/\/skaitytaknyga.lt\/#website","url":"https:\/\/skaitytaknyga.lt\/","name":"skaitytaknyga.lt","description":"Skaitytaknyga.lt \u2013 tai ma\u017eas \u0161eimos verslas, kuris prasid\u0117jo nuo meil\u0117s knygoms ir siekio i\u0161gelb\u0117ti knygas nuo likimo prie konteinerio. Kas vienam nereikalingas daiktas \u2013 kitam lobis, o mes esame tarpininkai, kurie padeda abiems tapti laimingesniems ???? \u017dinome kaip nelengva i\u0161gyventi ma\u017eiems verslams, tad nuo \u0161iol, \u010dia rasite ir kit\u0173, ma\u017e\u0173 \u0161eim\u0173 versl\u0173, rank\u0173 darbo, dovan\u0173 sau ir artimiesiems.","publisher":{"@id":"https:\/\/skaitytaknyga.lt\/#organization"},"potentialAction":[{"@type":"SearchAction","target":{"@type":"EntryPoint","urlTemplate":"https:\/\/skaitytaknyga.lt\/?s={search_term_string}"},"query-input":{"@type":"PropertyValueSpecification","valueRequired":true,"valueName":"search_term_string"}}],"inLanguage":"en-GB"},{"@type":"Organization","@id":"https:\/\/skaitytaknyga.lt\/#organization","name":"skaitytaknyga.lt","url":"https:\/\/skaitytaknyga.lt\/","logo":{"@type":"ImageObject","inLanguage":"en-GB","@id":"https:\/\/skaitytaknyga.lt\/#\/schema\/logo\/image\/","url":"https:\/\/skaitytaknyga.lt\/wp-content\/uploads\/2024\/05\/cropped-cropped-cropped-02_00843_jt3bggkj1j3HLc7SyY6rEUpg.jpeg","contentUrl":"https:\/\/skaitytaknyga.lt\/wp-content\/uploads\/2024\/05\/cropped-cropped-cropped-02_00843_jt3bggkj1j3HLc7SyY6rEUpg.jpeg","width":1600,"height":1600,"caption":"skaitytaknyga.lt"},"image":{"@id":"https:\/\/skaitytaknyga.lt\/#\/schema\/logo\/image\/"},"sameAs":["https:\/\/www.facebook.com\/skaitytaknyga\/"]}]}},"_links":{"self":[{"href":"https:\/\/skaitytaknyga.lt\/en\/wp-json\/wp\/v2\/product\/15289","targetHints":{"allow":["GET"]}}],"collection":[{"href":"https:\/\/skaitytaknyga.lt\/en\/wp-json\/wp\/v2\/product"}],"about":[{"href":"https:\/\/skaitytaknyga.lt\/en\/wp-json\/wp\/v2\/types\/product"}],"replies":[{"embeddable":true,"href":"https:\/\/skaitytaknyga.lt\/en\/wp-json\/wp\/v2\/comments?post=15289"}],"wp:featuredmedia":[{"embeddable":true,"href":"https:\/\/skaitytaknyga.lt\/en\/wp-json\/wp\/v2\/media\/15299"}],"wp:attachment":[{"href":"https:\/\/skaitytaknyga.lt\/en\/wp-json\/wp\/v2\/media?parent=15289"}],"wp:term":[{"taxonomy":"product_brand","embeddable":true,"href":"https:\/\/skaitytaknyga.lt\/en\/wp-json\/wp\/v2\/product_brand?post=15289"},{"taxonomy":"product_cat","embeddable":true,"href":"https:\/\/skaitytaknyga.lt\/en\/wp-json\/wp\/v2\/product_cat?post=15289"},{"taxonomy":"product_tag","embeddable":true,"href":"https:\/\/skaitytaknyga.lt\/en\/wp-json\/wp\/v2\/product_tag?post=15289"}],"curies":[{"name":"wp","href":"https:\/\/api.w.org\/{rel}","templated":true}]}}