{"id":15288,"date":"2024-12-10T10:08:24","date_gmt":"2024-12-10T08:08:24","guid":{"rendered":"https:\/\/skaitytaknyga.lt\/?post_type=product&#038;p=15288"},"modified":"2026-03-18T13:15:54","modified_gmt":"2026-03-18T11:15:54","slug":"diabetas-mano-draugas","status":"publish","type":"product","link":"https:\/\/skaitytaknyga.lt\/en\/produktas\/diabetas-mano-draugas\/","title":{"rendered":"Diabetas mano draugas"},"content":{"rendered":"<p>Neretas i\u0161gird\u0119 cukrinio diabeto diagnoz\u0119, j\u012f priima kaip nuosprend\u012f. Ta\u010diau i\u0161 ties\u0173 liga gali tapti puikiu mokytoju, kuris privers pakeisti gyvenimo b\u016bd\u0105, i\u0161mokys pamilti save ir aplinkinius. Knygos\u00a0<b>\u201eDiabetas mano draugas\u201c<\/b>\u00a0autorius\u00a0<b>Albinas Pilypas<\/b>\u00a0dalinasi savo asmenine patirtimi, kaip prisijaukinti nepagydom\u0105 lig\u0105 ir d\u017eiaugtis gyvenimo pilnatve.<\/p>\n<p>Knygos autorius daugiau kaip septyniolika met\u0173 pats serga antrojo tipo cukriniu diabetu. Anot jo, \u0161iandien kontroliuoti lig\u0105 tikrai n\u0117ra sunku \u2013 prieinama nema\u017eai informacijos. Ta\u010diau sunkiausia u\u017eduotis \u2013 nepal\u016b\u017eti psichologi\u0161kai. Knyga \u201eDiabetas mano draugas\u201c \u2013 asmeninis lietuvio pasakojimas, kaip susidraugauti su liga, ka ji tapt\u0173 nat\u016bralia kasdienyb\u0117s dalimi ir netrukdyt\u0173 m\u0117gautis gyvenimu. Anot Albino Pilypo, didel\u0119 reik\u0161m\u0119 turi m\u016bs\u0173 po\u017ei\u016bris \u2013 cukrinis diabetas past\u016bm\u0117jo j\u012f keisti pasaul\u0117\u017ei\u016br\u0105, atsisakyti \u017ealing\u0173 \u012fpro\u010di\u0173, m\u0105styti pozityviai ir gyventi sveikiau.<\/p>\n<p>Autoriaus teigimu, da\u017enai sergantys diabetu \u017emon\u0117s to ne\u017eino ir vertina savo lig\u0105 neatsakingai. Jie vengia tikrintis gliukoz\u0117s kiek\u012f kraujyje, nekontroliuoja ligos eigos, o tai ilgainiui lemia skaud\u017eias komplikacijas. Tik bandydamas \u012fvairias technikas ir steb\u0117damas save, autorius rado savo organizmui tinkamiausi\u0105 mank\u0161tos, mitybos ir gyvensenos re\u017eim\u0105. Savo paie\u0161komis, papildytomis motyvuojan\u010diais ir \u012fkvepian\u010diais pasakojimais, jis dalinasi knygoje \u201eDiabetas mano draugas\u201c.<\/p>\n<p>Vyras teigia, kad prie\u0161 diagnozuojant diabet\u0105, jo gyvenimas radikaliai skyr\u0117si nuo dabartinio. Jis pasakoja, jog buvo pilvotas, antsvorio kankinamas \u017emogus, nevengiantis i\u0161gerti, daug r\u016bkantis, tiesiog depresuotas paniur\u0117lis. Ta\u010diau diagnozavus lig\u0105 ir \u0117mus byr\u0117ti 46 metus trunkan\u010diai santuokai su \u017emona Birute, Albinas Pilypas pasikeit\u0117: dabar jis sporti\u0161kas, i\u0161tvermingas ir linksmai \u012f pasaul\u012f \u017evelgiantis trij\u0173 vaikai\u010di\u0173 senelis.<\/p>\n<p>\u0160i knyga skirta ir tiems, kurie serga cukriniu diabetu, ir tiems, kurie nori pad\u0117ti savo artimajam, kai jam \u0161i liga diagnozuota. Tai optimizmo suteikiantis tautie\u010dio pasakojimas apie lig\u0105, kuri milijonams pasaulio gyventoj\u0173 tapo ryk\u0161te, ta\u010diau ne nuosprend\u017eiu. Joje skaitytojas ras atsakymus, kaip su\u017einojus diagnoz\u0119 nepasiduoti depresijai, kaip kontroliuoti glikuoto hemoglobino kiek\u012f ir glikemij\u0105. Knygoje \u201eDiabetas mano draugas\u201c pateikiami pasi\u016blymai, kokio mitybos plano laikytis susirgus diabetu ir koks sportas gali pad\u0117ti efektyviai kontroliuoti lig\u0105. Albino Pilypo teigimu, u\u017e savo sveikat\u0105 esame atsakingi patys \u2013 tai ne tik gydytoj\u0173, bet ir m\u016bs\u0173 reikalas.<\/p>\n<p>\u201eNoriu pasidalyti savo patirtimi, nes siekiu parodyti, kad labai norint galima rasti b\u016bd\u0173 sutarti su savo am\u017einu gyvenimo palydovu. Tada kiekviena diena tampa prasminga, kiekvienas s\u0117kmingas \u017eingsnis net ir pilkiausi\u0105 kasdienyb\u0119 daro \u0161viesesn\u0119. Tikiu, ateis diena, kai sutramd\u0119 savo lig\u0105 pajustie, kad gyvenimas yra tikrai gra\u017eus. To linkiu i\u0161 visos \u0161irdies\u201c, \u2013 optimizmu spinduliuoja knygos autorius.<\/p>\n","protected":false},"excerpt":{"rendered":"<p>Neretas i\u0161gird\u0119 cukrinio diabeto diagnoz\u0119, j\u012f priima kaip nuosprend\u012f. Ta\u010diau i\u0161 ties\u0173 liga gali tapti puikiu mokytoju, kuris privers pakeisti gyvenimo b\u016bd\u0105, i\u0161mokys pamilti save ir aplinkinius. Knygos\u00a0\u201eDiabetas mano draugas\u201c\u00a0autorius\u00a0Albinas Pilypas\u00a0dalinasi savo asmenine patirtimi, kaip prisijaukinti nepagydom\u0105 lig\u0105 ir d\u017eiaugtis gyvenimo pilnatve. Knygos autorius daugiau kaip septyniolika met\u0173 pats serga antrojo tipo cukriniu diabetu. Anot jo, \u0161iandien kontroliuoti lig\u0105 tikrai n\u0117ra sunku \u2013 prieinama nema\u017eai informacijos. Ta\u010diau sunkiausia u\u017eduotis \u2013 nepal\u016b\u017eti psichologi\u0161kai. Knyga \u201eDiabetas mano draugas\u201c \u2013 asmeninis lietuvio pasakojimas, kaip susidraugauti su liga, ka ji tapt\u0173 nat\u016bralia kasdienyb\u0117s dalimi ir netrukdyt\u0173 m\u0117gautis gyvenimu. Anot Albino Pilypo, didel\u0119 reik\u0161m\u0119 turi m\u016bs\u0173 po\u017ei\u016bris \u2013 cukrinis diabetas past\u016bm\u0117jo j\u012f keisti pasaul\u0117\u017ei\u016br\u0105, atsisakyti \u017ealing\u0173 \u012fpro\u010di\u0173, m\u0105styti pozityviai ir gyventi sveikiau. Autoriaus teigimu, da\u017enai sergantys diabetu \u017emon\u0117s to ne\u017eino ir vertina savo lig\u0105 neatsakingai. Jie vengia tikrintis gliukoz\u0117s kiek\u012f kraujyje, nekontroliuoja ligos eigos, o tai ilgainiui lemia skaud\u017eias komplikacijas. Tik bandydamas \u012fvairias technikas ir steb\u0117damas save, autorius rado savo organizmui tinkamiausi\u0105 mank\u0161tos, mitybos ir gyvensenos re\u017eim\u0105. Savo paie\u0161komis, papildytomis motyvuojan\u010diais ir \u012fkvepian\u010diais pasakojimais, jis dalinasi knygoje \u201eDiabetas mano draugas\u201c. Vyras teigia, kad prie\u0161 diagnozuojant diabet\u0105, jo gyvenimas radikaliai skyr\u0117si nuo dabartinio. Jis pasakoja, jog buvo pilvotas, antsvorio kankinamas \u017emogus, nevengiantis i\u0161gerti, daug r\u016bkantis, tiesiog depresuotas paniur\u0117lis. Ta\u010diau diagnozavus lig\u0105 ir \u0117mus byr\u0117ti 46 metus trunkan\u010diai santuokai su \u017emona Birute, Albinas Pilypas pasikeit\u0117: dabar jis sporti\u0161kas, i\u0161tvermingas ir linksmai \u012f pasaul\u012f \u017evelgiantis trij\u0173 vaikai\u010di\u0173 senelis. \u0160i knyga skirta ir tiems, kurie serga cukriniu diabetu, ir tiems, kurie nori pad\u0117ti savo artimajam, kai jam \u0161i liga diagnozuota. Tai optimizmo suteikiantis tautie\u010dio pasakojimas apie lig\u0105, kuri milijonams pasaulio gyventoj\u0173 tapo ryk\u0161te, ta\u010diau ne nuosprend\u017eiu. Joje skaitytojas ras atsakymus, kaip su\u017einojus diagnoz\u0119 nepasiduoti depresijai, kaip kontroliuoti glikuoto hemoglobino kiek\u012f ir glikemij\u0105. Knygoje \u201eDiabetas mano draugas\u201c pateikiami pasi\u016blymai, kokio mitybos plano laikytis susirgus diabetu ir koks sportas gali pad\u0117ti efektyviai kontroliuoti lig\u0105. Albino Pilypo teigimu, u\u017e savo sveikat\u0105 esame atsakingi patys \u2013 tai ne tik gydytoj\u0173, bet ir m\u016bs\u0173 reikalas. \u201eNoriu pasidalyti savo patirtimi, nes siekiu parodyti, kad labai norint galima rasti b\u016bd\u0173 sutarti su savo am\u017einu gyvenimo palydovu. Tada kiekviena diena tampa prasminga, kiekvienas s\u0117kmingas \u017eingsnis net ir pilkiausi\u0105 kasdienyb\u0119 daro \u0161viesesn\u0119. Tikiu, ateis diena, kai sutramd\u0119 savo lig\u0105 pajustie, kad gyvenimas yra tikrai gra\u017eus. To linkiu i\u0161 visos \u0161irdies\u201c, \u2013 optimizmu spinduliuoja knygos autorius.<\/p>\n","protected":false},"featured_media":15300,"comment_status":"open","ping_status":"closed","template":"","meta":{"_acf_changed":false,"site-sidebar-layout":"default","site-content-layout":"","ast-site-content-layout":"default","site-content-style":"default","site-sidebar-style":"default","ast-global-header-display":"","ast-banner-title-visibility":"","ast-main-header-display":"","ast-hfb-above-header-display":"","ast-hfb-below-header-display":"","ast-hfb-mobile-header-display":"","site-post-title":"","ast-breadcrumbs-content":"","ast-featured-img":"","footer-sml-layout":"","ast-disable-related-posts":"","theme-transparent-header-meta":"default","adv-header-id-meta":"","stick-header-meta":"","header-above-stick-meta":"","header-main-stick-meta":"","header-below-stick-meta":"","astra-migrate-meta-layouts":"set","ast-page-background-enabled":"default","ast-page-background-meta":{"desktop":{"background-color":"","background-image":"","background-repeat":"repeat","background-position":"center center","background-size":"auto","background-attachment":"scroll","background-type":"","background-media":"","overlay-type":"","overlay-color":"","overlay-opacity":"","overlay-gradient":""},"tablet":{"background-color":"","background-image":"","background-repeat":"repeat","background-position":"center center","background-size":"auto","background-attachment":"scroll","background-type":"","background-media":"","overlay-type":"","overlay-color":"","overlay-opacity":"","overlay-gradient":""},"mobile":{"background-color":"","background-image":"","background-repeat":"repeat","background-position":"center center","background-size":"auto","background-attachment":"scroll","background-type":"","background-media":"","overlay-type":"","overlay-color":"","overlay-opacity":"","overlay-gradient":""}},"ast-content-background-meta":{"desktop":{"background-color":"var(--ast-global-color-4)","background-image":"","background-repeat":"repeat","background-position":"center center","background-size":"auto","background-attachment":"scroll","background-type":"","background-media":"","overlay-type":"","overlay-color":"","overlay-opacity":"","overlay-gradient":""},"tablet":{"background-color":"var(--ast-global-color-4)","background-image":"","background-repeat":"repeat","background-position":"center center","background-size":"auto","background-attachment":"scroll","background-type":"","background-media":"","overlay-type":"","overlay-color":"","overlay-opacity":"","overlay-gradient":""},"mobile":{"background-color":"var(--ast-global-color-4)","background-image":"","background-repeat":"repeat","background-position":"center center","background-size":"auto","background-attachment":"scroll","background-type":"","background-media":"","overlay-type":"","overlay-color":"","overlay-opacity":"","overlay-gradient":""}}},"product_brand":[],"product_cat":[9854,15,55],"product_tag":[3905,3904,3903,2198,1409,1680],"class_list":{"0":"post-15288","1":"product","2":"type-product","3":"status-publish","4":"has-post-thumbnail","6":"product_cat-medicina","7":"product_cat-uncategorized","8":"product_cat-sveikata-ir-sveika-mityba","9":"product_tag-albinas-pilypas","10":"product_tag-asmenine-patirtis","11":"product_tag-diabetas","12":"product_tag-gyvenimo-budas","13":"product_tag-motyvacija","14":"product_tag-sveikata","15":"desktop-align-left","16":"tablet-align-left","17":"mobile-align-left","19":"first","20":"instock","21":"shipping-taxable","22":"purchasable","23":"product-type-simple"},"acf":[],"yoast_head":"<!-- This site is optimized with the Yoast SEO plugin v27.0 - https:\/\/yoast.com\/product\/yoast-seo-wordpress\/ -->\n<title>Diabetas mano draugas<\/title>\n<meta name=\"description\" content=\"Neretas i\u0161gird\u0119 cukrinio diabeto diagnoz\u0119, j\u012f priima kaip nuosprend\u012f. Ta\u010diau i\u0161 ties\u0173 liga gali tapti puikiu mokytoju, kuris privers pakeisti gyvenimo\" \/>\n<meta name=\"robots\" content=\"index, follow, max-snippet:-1, max-image-preview:large, max-video-preview:-1\" \/>\n<link rel=\"canonical\" href=\"https:\/\/skaitytaknyga.lt\/en\/produktas\/diabetas-mano-draugas\/\" \/>\n<meta property=\"og:locale\" content=\"en_GB\" \/>\n<meta property=\"og:locale:alternate\" content=\"lt_LT\" \/>\n<meta property=\"og:type\" content=\"article\" \/>\n<meta property=\"og:title\" content=\"Diabetas mano draugas\" \/>\n<meta property=\"og:description\" content=\"Neretas i\u0161gird\u0119 cukrinio diabeto diagnoz\u0119, j\u012f priima kaip nuosprend\u012f. Ta\u010diau i\u0161 ties\u0173 liga gali tapti puikiu mokytoju, kuris privers pakeisti gyvenimo\" \/>\n<meta property=\"og:url\" content=\"https:\/\/skaitytaknyga.lt\/en\/produktas\/diabetas-mano-draugas\/\" \/>\n<meta property=\"og:site_name\" content=\"Skaitytaknyga\" \/>\n<meta property=\"article:publisher\" content=\"https:\/\/www.facebook.com\/skaitytaknyga\/\" \/>\n<meta property=\"article:modified_time\" content=\"2026-03-18T11:15:54+00:00\" \/>\n<meta property=\"og:image\" content=\"https:\/\/skaitytaknyga.lt\/wp-content\/uploads\/2024\/12\/Diabetas-mano-draugas.webp\" \/>\n\t<meta property=\"og:image:width\" content=\"542\" \/>\n\t<meta property=\"og:image:height\" content=\"800\" \/>\n\t<meta property=\"og:image:type\" content=\"image\/webp\" \/>\n<meta name=\"twitter:card\" content=\"summary_large_image\" \/>\n<meta name=\"twitter:label1\" content=\"Estimated reading time\" \/>\n\t<meta name=\"twitter:data1\" content=\"3 minutes\" \/>\n<script type=\"application\/ld+json\" class=\"yoast-schema-graph\">{\"@context\":\"https:\/\/schema.org\",\"@graph\":[{\"@type\":\"WebPage\",\"@id\":\"https:\/\/skaitytaknyga.lt\/produktas\/diabetas-mano-draugas\/\",\"url\":\"https:\/\/skaitytaknyga.lt\/produktas\/diabetas-mano-draugas\/\",\"name\":\"Diabetas mano draugas\",\"isPartOf\":{\"@id\":\"https:\/\/skaitytaknyga.lt\/#website\"},\"primaryImageOfPage\":{\"@id\":\"https:\/\/skaitytaknyga.lt\/produktas\/diabetas-mano-draugas\/#primaryimage\"},\"image\":{\"@id\":\"https:\/\/skaitytaknyga.lt\/produktas\/diabetas-mano-draugas\/#primaryimage\"},\"thumbnailUrl\":\"https:\/\/skaitytaknyga.lt\/wp-content\/uploads\/2024\/12\/Diabetas-mano-draugas.webp\",\"datePublished\":\"2024-12-10T08:08:24+00:00\",\"dateModified\":\"2026-03-18T11:15:54+00:00\",\"description\":\"Neretas i\u0161gird\u0119 cukrinio diabeto diagnoz\u0119, j\u012f priima kaip nuosprend\u012f. Ta\u010diau i\u0161 ties\u0173 liga gali tapti puikiu mokytoju, kuris privers pakeisti gyvenimo\",\"breadcrumb\":{\"@id\":\"https:\/\/skaitytaknyga.lt\/produktas\/diabetas-mano-draugas\/#breadcrumb\"},\"inLanguage\":\"en-GB\",\"potentialAction\":[{\"@type\":\"ReadAction\",\"target\":[\"https:\/\/skaitytaknyga.lt\/produktas\/diabetas-mano-draugas\/\"]}]},{\"@type\":\"ImageObject\",\"inLanguage\":\"en-GB\",\"@id\":\"https:\/\/skaitytaknyga.lt\/produktas\/diabetas-mano-draugas\/#primaryimage\",\"url\":\"https:\/\/skaitytaknyga.lt\/wp-content\/uploads\/2024\/12\/Diabetas-mano-draugas.webp\",\"contentUrl\":\"https:\/\/skaitytaknyga.lt\/wp-content\/uploads\/2024\/12\/Diabetas-mano-draugas.webp\",\"width\":542,\"height\":800,\"caption\":\"Diabetas mano draugas\"},{\"@type\":\"BreadcrumbList\",\"@id\":\"https:\/\/skaitytaknyga.lt\/produktas\/diabetas-mano-draugas\/#breadcrumb\",\"itemListElement\":[{\"@type\":\"ListItem\",\"position\":1,\"name\":\"Home\",\"item\":\"https:\/\/skaitytaknyga.lt\/\"},{\"@type\":\"ListItem\",\"position\":2,\"name\":\"Parduotuv\u0117\",\"item\":\"https:\/\/skaitytaknyga.lt\/knygu-parduotuve\/\"},{\"@type\":\"ListItem\",\"position\":3,\"name\":\"Diabetas mano draugas\"}]},{\"@type\":\"WebSite\",\"@id\":\"https:\/\/skaitytaknyga.lt\/#website\",\"url\":\"https:\/\/skaitytaknyga.lt\/\",\"name\":\"skaitytaknyga.lt\",\"description\":\"Skaitytaknyga.lt \u2013 tai ma\u017eas \u0161eimos verslas, kuris prasid\u0117jo nuo meil\u0117s knygoms ir siekio i\u0161gelb\u0117ti knygas nuo likimo prie konteinerio. Kas vienam nereikalingas daiktas \u2013 kitam lobis, o mes esame tarpininkai, kurie padeda abiems tapti laimingesniems ???? \u017dinome kaip nelengva i\u0161gyventi ma\u017eiems verslams, tad nuo \u0161iol, \u010dia rasite ir kit\u0173, ma\u017e\u0173 \u0161eim\u0173 versl\u0173, rank\u0173 darbo, dovan\u0173 sau ir artimiesiems.\",\"publisher\":{\"@id\":\"https:\/\/skaitytaknyga.lt\/#organization\"},\"potentialAction\":[{\"@type\":\"SearchAction\",\"target\":{\"@type\":\"EntryPoint\",\"urlTemplate\":\"https:\/\/skaitytaknyga.lt\/?s={search_term_string}\"},\"query-input\":{\"@type\":\"PropertyValueSpecification\",\"valueRequired\":true,\"valueName\":\"search_term_string\"}}],\"inLanguage\":\"en-GB\"},{\"@type\":\"Organization\",\"@id\":\"https:\/\/skaitytaknyga.lt\/#organization\",\"name\":\"skaitytaknyga.lt\",\"url\":\"https:\/\/skaitytaknyga.lt\/\",\"logo\":{\"@type\":\"ImageObject\",\"inLanguage\":\"en-GB\",\"@id\":\"https:\/\/skaitytaknyga.lt\/#\/schema\/logo\/image\/\",\"url\":\"https:\/\/skaitytaknyga.lt\/wp-content\/uploads\/2024\/05\/cropped-cropped-cropped-02_00843_jt3bggkj1j3HLc7SyY6rEUpg.jpeg\",\"contentUrl\":\"https:\/\/skaitytaknyga.lt\/wp-content\/uploads\/2024\/05\/cropped-cropped-cropped-02_00843_jt3bggkj1j3HLc7SyY6rEUpg.jpeg\",\"width\":1600,\"height\":1600,\"caption\":\"skaitytaknyga.lt\"},\"image\":{\"@id\":\"https:\/\/skaitytaknyga.lt\/#\/schema\/logo\/image\/\"},\"sameAs\":[\"https:\/\/www.facebook.com\/skaitytaknyga\/\"]}]}<\/script>\n<!-- \/ Yoast SEO plugin. -->","yoast_head_json":{"title":"Diabetas mano draugas","description":"Neretas i\u0161gird\u0119 cukrinio diabeto diagnoz\u0119, j\u012f priima kaip nuosprend\u012f. Ta\u010diau i\u0161 ties\u0173 liga gali tapti puikiu mokytoju, kuris privers pakeisti gyvenimo","robots":{"index":"index","follow":"follow","max-snippet":"max-snippet:-1","max-image-preview":"max-image-preview:large","max-video-preview":"max-video-preview:-1"},"canonical":"https:\/\/skaitytaknyga.lt\/en\/produktas\/diabetas-mano-draugas\/","og_locale":"en_GB","og_type":"article","og_title":"[:lt]Diabetas mano draugas[:] - Skaitytaknyga","og_description":"Neretas i\u0161gird\u0119 cukrinio diabeto diagnoz\u0119, j\u012f priima kaip nuosprend\u012f. Ta\u010diau i\u0161 ties\u0173 liga gali tapti puikiu mokytoju, kuris privers pakeisti gyvenimo","og_url":"https:\/\/skaitytaknyga.lt\/en\/produktas\/diabetas-mano-draugas\/","og_site_name":"Skaitytaknyga","article_publisher":"https:\/\/www.facebook.com\/skaitytaknyga\/","article_modified_time":"2026-03-18T11:15:54+00:00","og_image":[{"width":542,"height":800,"url":"https:\/\/skaitytaknyga.lt\/wp-content\/uploads\/2024\/12\/Diabetas-mano-draugas.webp","type":"image\/webp"}],"twitter_card":"summary_large_image","twitter_misc":{"Estimated reading time":"3 minutes"},"schema":{"@context":"https:\/\/schema.org","@graph":[{"@type":"WebPage","@id":"https:\/\/skaitytaknyga.lt\/produktas\/diabetas-mano-draugas\/","url":"https:\/\/skaitytaknyga.lt\/produktas\/diabetas-mano-draugas\/","name":"Diabetas mano draugas","isPartOf":{"@id":"https:\/\/skaitytaknyga.lt\/#website"},"primaryImageOfPage":{"@id":"https:\/\/skaitytaknyga.lt\/produktas\/diabetas-mano-draugas\/#primaryimage"},"image":{"@id":"https:\/\/skaitytaknyga.lt\/produktas\/diabetas-mano-draugas\/#primaryimage"},"thumbnailUrl":"https:\/\/skaitytaknyga.lt\/wp-content\/uploads\/2024\/12\/Diabetas-mano-draugas.webp","datePublished":"2024-12-10T08:08:24+00:00","dateModified":"2026-03-18T11:15:54+00:00","description":"Neretas i\u0161gird\u0119 cukrinio diabeto diagnoz\u0119, j\u012f priima kaip nuosprend\u012f. Ta\u010diau i\u0161 ties\u0173 liga gali tapti puikiu mokytoju, kuris privers pakeisti gyvenimo","breadcrumb":{"@id":"https:\/\/skaitytaknyga.lt\/produktas\/diabetas-mano-draugas\/#breadcrumb"},"inLanguage":"en-GB","potentialAction":[{"@type":"ReadAction","target":["https:\/\/skaitytaknyga.lt\/produktas\/diabetas-mano-draugas\/"]}]},{"@type":"ImageObject","inLanguage":"en-GB","@id":"https:\/\/skaitytaknyga.lt\/produktas\/diabetas-mano-draugas\/#primaryimage","url":"https:\/\/skaitytaknyga.lt\/wp-content\/uploads\/2024\/12\/Diabetas-mano-draugas.webp","contentUrl":"https:\/\/skaitytaknyga.lt\/wp-content\/uploads\/2024\/12\/Diabetas-mano-draugas.webp","width":542,"height":800,"caption":"Diabetas mano draugas"},{"@type":"BreadcrumbList","@id":"https:\/\/skaitytaknyga.lt\/produktas\/diabetas-mano-draugas\/#breadcrumb","itemListElement":[{"@type":"ListItem","position":1,"name":"Home","item":"https:\/\/skaitytaknyga.lt\/"},{"@type":"ListItem","position":2,"name":"Parduotuv\u0117","item":"https:\/\/skaitytaknyga.lt\/knygu-parduotuve\/"},{"@type":"ListItem","position":3,"name":"Diabetas mano draugas"}]},{"@type":"WebSite","@id":"https:\/\/skaitytaknyga.lt\/#website","url":"https:\/\/skaitytaknyga.lt\/","name":"skaitytaknyga.lt","description":"Skaitytaknyga.lt \u2013 tai ma\u017eas \u0161eimos verslas, kuris prasid\u0117jo nuo meil\u0117s knygoms ir siekio i\u0161gelb\u0117ti knygas nuo likimo prie konteinerio. Kas vienam nereikalingas daiktas \u2013 kitam lobis, o mes esame tarpininkai, kurie padeda abiems tapti laimingesniems ???? \u017dinome kaip nelengva i\u0161gyventi ma\u017eiems verslams, tad nuo \u0161iol, \u010dia rasite ir kit\u0173, ma\u017e\u0173 \u0161eim\u0173 versl\u0173, rank\u0173 darbo, dovan\u0173 sau ir artimiesiems.","publisher":{"@id":"https:\/\/skaitytaknyga.lt\/#organization"},"potentialAction":[{"@type":"SearchAction","target":{"@type":"EntryPoint","urlTemplate":"https:\/\/skaitytaknyga.lt\/?s={search_term_string}"},"query-input":{"@type":"PropertyValueSpecification","valueRequired":true,"valueName":"search_term_string"}}],"inLanguage":"en-GB"},{"@type":"Organization","@id":"https:\/\/skaitytaknyga.lt\/#organization","name":"skaitytaknyga.lt","url":"https:\/\/skaitytaknyga.lt\/","logo":{"@type":"ImageObject","inLanguage":"en-GB","@id":"https:\/\/skaitytaknyga.lt\/#\/schema\/logo\/image\/","url":"https:\/\/skaitytaknyga.lt\/wp-content\/uploads\/2024\/05\/cropped-cropped-cropped-02_00843_jt3bggkj1j3HLc7SyY6rEUpg.jpeg","contentUrl":"https:\/\/skaitytaknyga.lt\/wp-content\/uploads\/2024\/05\/cropped-cropped-cropped-02_00843_jt3bggkj1j3HLc7SyY6rEUpg.jpeg","width":1600,"height":1600,"caption":"skaitytaknyga.lt"},"image":{"@id":"https:\/\/skaitytaknyga.lt\/#\/schema\/logo\/image\/"},"sameAs":["https:\/\/www.facebook.com\/skaitytaknyga\/"]}]}},"_links":{"self":[{"href":"https:\/\/skaitytaknyga.lt\/en\/wp-json\/wp\/v2\/product\/15288","targetHints":{"allow":["GET"]}}],"collection":[{"href":"https:\/\/skaitytaknyga.lt\/en\/wp-json\/wp\/v2\/product"}],"about":[{"href":"https:\/\/skaitytaknyga.lt\/en\/wp-json\/wp\/v2\/types\/product"}],"replies":[{"embeddable":true,"href":"https:\/\/skaitytaknyga.lt\/en\/wp-json\/wp\/v2\/comments?post=15288"}],"wp:featuredmedia":[{"embeddable":true,"href":"https:\/\/skaitytaknyga.lt\/en\/wp-json\/wp\/v2\/media\/15300"}],"wp:attachment":[{"href":"https:\/\/skaitytaknyga.lt\/en\/wp-json\/wp\/v2\/media?parent=15288"}],"wp:term":[{"taxonomy":"product_brand","embeddable":true,"href":"https:\/\/skaitytaknyga.lt\/en\/wp-json\/wp\/v2\/product_brand?post=15288"},{"taxonomy":"product_cat","embeddable":true,"href":"https:\/\/skaitytaknyga.lt\/en\/wp-json\/wp\/v2\/product_cat?post=15288"},{"taxonomy":"product_tag","embeddable":true,"href":"https:\/\/skaitytaknyga.lt\/en\/wp-json\/wp\/v2\/product_tag?post=15288"}],"curies":[{"name":"wp","href":"https:\/\/api.w.org\/{rel}","templated":true}]}}