{"id":15281,"date":"2024-12-10T10:08:22","date_gmt":"2024-12-10T08:08:22","guid":{"rendered":"https:\/\/skaitytaknyga.lt\/?post_type=product&#038;p=15281"},"modified":"2024-12-11T08:41:52","modified_gmt":"2024-12-11T06:41:52","slug":"kortos-ir-likimai-sekmadieniniai-pasnekesiai-su-bureja-irena","status":"publish","type":"product","link":"https:\/\/skaitytaknyga.lt\/en\/produktas\/kortos-ir-likimai-sekmadieniniai-pasnekesiai-su-bureja-irena\/","title":{"rendered":"Kortos ir likimai: sekmadieniniai pa\u0161nekesiai su b\u016br\u0117ja Irena"},"content":{"rendered":"<p>Pirm\u0105 kart\u0105 Lietuvos skaitytojams pateikiama diplomuotos psicholog\u0117s, Vilniuje profesionaliai dirban\u010dios kort\u0173 b\u016br\u0117jos Irenos knyga. Sukaupusi didel\u0119 patirt\u012f, ji pasakoja apie ai\u0161kiaregi\u0173, ekstrasenc\u0173, b\u016br\u0117j\u0173 kasdienyb\u0119, padeda suprasti, kaip turime elgtis, kad v\u0117liau nereik\u0117t\u0173 gail\u0117tis d\u0117l padaryt\u0173 klaid\u0173, pataria, k\u0105 daryti, kai sud\u016b\u017eta paskutin\u0117s viltys.<\/p>\n","protected":false},"excerpt":{"rendered":"<p>Pirm\u0105 kart\u0105 Lietuvos skaitytojams pateikiama diplomuotos psicholog\u0117s, Vilniuje profesionaliai dirban\u010dios kort\u0173 b\u016br\u0117jos Irenos knyga. Sukaupusi didel\u0119 patirt\u012f, ji pasakoja apie ai\u0161kiaregi\u0173, ekstrasenc\u0173, b\u016br\u0117j\u0173 kasdienyb\u0119, padeda suprasti, kaip turime elgtis, kad v\u0117liau nereik\u0117t\u0173 gail\u0117tis d\u0117l padaryt\u0173 klaid\u0173, pataria, k\u0105 daryti, kai sud\u016b\u017eta paskutin\u0117s viltys.<\/p>\n","protected":false},"featured_media":15306,"comment_status":"open","ping_status":"closed","template":"","meta":{"_acf_changed":false,"site-sidebar-layout":"default","site-content-layout":"","ast-site-content-layout":"default","site-content-style":"default","site-sidebar-style":"default","ast-global-header-display":"","ast-banner-title-visibility":"","ast-main-header-display":"","ast-hfb-above-header-display":"","ast-hfb-below-header-display":"","ast-hfb-mobile-header-display":"","site-post-title":"","ast-breadcrumbs-content":"","ast-featured-img":"","footer-sml-layout":"","ast-disable-related-posts":"","theme-transparent-header-meta":"default","adv-header-id-meta":"","stick-header-meta":"","header-above-stick-meta":"","header-main-stick-meta":"","header-below-stick-meta":"","astra-migrate-meta-layouts":"set","ast-page-background-enabled":"default","ast-page-background-meta":{"desktop":{"background-color":"","background-image":"","background-repeat":"repeat","background-position":"center center","background-size":"auto","background-attachment":"scroll","background-type":"","background-media":"","overlay-type":"","overlay-color":"","overlay-opacity":"","overlay-gradient":""},"tablet":{"background-color":"","background-image":"","background-repeat":"repeat","background-position":"center center","background-size":"auto","background-attachment":"scroll","background-type":"","background-media":"","overlay-type":"","overlay-color":"","overlay-opacity":"","overlay-gradient":""},"mobile":{"background-color":"","background-image":"","background-repeat":"repeat","background-position":"center center","background-size":"auto","background-attachment":"scroll","background-type":"","background-media":"","overlay-type":"","overlay-color":"","overlay-opacity":"","overlay-gradient":""}},"ast-content-background-meta":{"desktop":{"background-color":"var(--ast-global-color-4)","background-image":"","background-repeat":"repeat","background-position":"center center","background-size":"auto","background-attachment":"scroll","background-type":"","background-media":"","overlay-type":"","overlay-color":"","overlay-opacity":"","overlay-gradient":""},"tablet":{"background-color":"var(--ast-global-color-4)","background-image":"","background-repeat":"repeat","background-position":"center center","background-size":"auto","background-attachment":"scroll","background-type":"","background-media":"","overlay-type":"","overlay-color":"","overlay-opacity":"","overlay-gradient":""},"mobile":{"background-color":"var(--ast-global-color-4)","background-image":"","background-repeat":"repeat","background-position":"center center","background-size":"auto","background-attachment":"scroll","background-type":"","background-media":"","overlay-type":"","overlay-color":"","overlay-opacity":"","overlay-gradient":""}}},"product_brand":[],"product_cat":[15,165],"product_tag":[],"class_list":{"0":"post-15281","1":"product","2":"type-product","3":"status-publish","4":"has-post-thumbnail","6":"product_cat-uncategorized","7":"product_cat-religija-filosofija-ir-ezoterika","8":"desktop-align-left","9":"tablet-align-left","10":"mobile-align-left","12":"first","13":"instock","14":"shipping-taxable","15":"purchasable","16":"product-type-simple"},"acf":[],"yoast_head":"<!-- This site is optimized with the Yoast SEO plugin v27.0 - https:\/\/yoast.com\/product\/yoast-seo-wordpress\/ -->\n<title>Kortos ir likimai: sekmadieniniai pa\u0161nekesiai su b\u016br\u0117ja Irena<\/title>\n<meta name=\"description\" content=\"Pirm\u0105 kart\u0105 Lietuvos skaitytojams pateikiama diplomuotos psicholog\u0117s, Vilniuje profesionaliai dirban\u010dios kort\u0173 b\u016br\u0117jos Irenos knyga. Sukaupusi didel\u0119\" \/>\n<meta name=\"robots\" content=\"index, follow, max-snippet:-1, max-image-preview:large, max-video-preview:-1\" \/>\n<link rel=\"canonical\" href=\"https:\/\/skaitytaknyga.lt\/en\/produktas\/kortos-ir-likimai-sekmadieniniai-pasnekesiai-su-bureja-irena\/\" \/>\n<meta property=\"og:locale\" content=\"en_GB\" \/>\n<meta property=\"og:locale:alternate\" content=\"lt_LT\" \/>\n<meta property=\"og:type\" content=\"article\" \/>\n<meta property=\"og:title\" content=\"Kortos ir likimai: sekmadieniniai pa\u0161nekesiai su b\u016br\u0117ja Irena\" \/>\n<meta property=\"og:description\" content=\"Pirm\u0105 kart\u0105 Lietuvos skaitytojams pateikiama diplomuotos psicholog\u0117s, Vilniuje profesionaliai dirban\u010dios kort\u0173 b\u016br\u0117jos Irenos knyga. Sukaupusi didel\u0119\" \/>\n<meta property=\"og:url\" content=\"https:\/\/skaitytaknyga.lt\/en\/produktas\/kortos-ir-likimai-sekmadieniniai-pasnekesiai-su-bureja-irena\/\" \/>\n<meta property=\"og:site_name\" content=\"Skaitytaknyga\" \/>\n<meta property=\"article:publisher\" content=\"https:\/\/www.facebook.com\/skaitytaknyga\/\" \/>\n<meta property=\"article:modified_time\" content=\"2024-12-11T06:41:52+00:00\" \/>\n<meta property=\"og:image\" content=\"https:\/\/skaitytaknyga.lt\/wp-content\/uploads\/2024\/12\/Kortos-ir-likimai-sekmadieniniai-pasnekesiai-su-bureja-Irena-e1733899298872.jpg\" \/>\n\t<meta property=\"og:image:width\" content=\"365\" \/>\n\t<meta property=\"og:image:height\" content=\"592\" \/>\n\t<meta property=\"og:image:type\" content=\"image\/jpeg\" \/>\n<meta name=\"twitter:card\" content=\"summary_large_image\" \/>\n<meta name=\"twitter:label1\" content=\"Estimated reading time\" \/>\n\t<meta name=\"twitter:data1\" content=\"1 minute\" \/>\n<script type=\"application\/ld+json\" class=\"yoast-schema-graph\">{\"@context\":\"https:\/\/schema.org\",\"@graph\":[{\"@type\":\"WebPage\",\"@id\":\"https:\/\/skaitytaknyga.lt\/produktas\/kortos-ir-likimai-sekmadieniniai-pasnekesiai-su-bureja-irena\/\",\"url\":\"https:\/\/skaitytaknyga.lt\/produktas\/kortos-ir-likimai-sekmadieniniai-pasnekesiai-su-bureja-irena\/\",\"name\":\"Kortos ir likimai: sekmadieniniai pa\u0161nekesiai su b\u016br\u0117ja Irena\",\"isPartOf\":{\"@id\":\"https:\/\/skaitytaknyga.lt\/#website\"},\"primaryImageOfPage\":{\"@id\":\"https:\/\/skaitytaknyga.lt\/produktas\/kortos-ir-likimai-sekmadieniniai-pasnekesiai-su-bureja-irena\/#primaryimage\"},\"image\":{\"@id\":\"https:\/\/skaitytaknyga.lt\/produktas\/kortos-ir-likimai-sekmadieniniai-pasnekesiai-su-bureja-irena\/#primaryimage\"},\"thumbnailUrl\":\"https:\/\/skaitytaknyga.lt\/wp-content\/uploads\/2024\/12\/Kortos-ir-likimai-sekmadieniniai-pasnekesiai-su-bureja-Irena-e1733899298872.jpg\",\"datePublished\":\"2024-12-10T08:08:22+00:00\",\"dateModified\":\"2024-12-11T06:41:52+00:00\",\"description\":\"Pirm\u0105 kart\u0105 Lietuvos skaitytojams pateikiama diplomuotos psicholog\u0117s, Vilniuje profesionaliai dirban\u010dios kort\u0173 b\u016br\u0117jos Irenos knyga. Sukaupusi didel\u0119\",\"breadcrumb\":{\"@id\":\"https:\/\/skaitytaknyga.lt\/produktas\/kortos-ir-likimai-sekmadieniniai-pasnekesiai-su-bureja-irena\/#breadcrumb\"},\"inLanguage\":\"en-GB\",\"potentialAction\":[{\"@type\":\"ReadAction\",\"target\":[\"https:\/\/skaitytaknyga.lt\/produktas\/kortos-ir-likimai-sekmadieniniai-pasnekesiai-su-bureja-irena\/\"]}]},{\"@type\":\"ImageObject\",\"inLanguage\":\"en-GB\",\"@id\":\"https:\/\/skaitytaknyga.lt\/produktas\/kortos-ir-likimai-sekmadieniniai-pasnekesiai-su-bureja-irena\/#primaryimage\",\"url\":\"https:\/\/skaitytaknyga.lt\/wp-content\/uploads\/2024\/12\/Kortos-ir-likimai-sekmadieniniai-pasnekesiai-su-bureja-Irena-e1733899298872.jpg\",\"contentUrl\":\"https:\/\/skaitytaknyga.lt\/wp-content\/uploads\/2024\/12\/Kortos-ir-likimai-sekmadieniniai-pasnekesiai-su-bureja-Irena-e1733899298872.jpg\",\"width\":365,\"height\":592},{\"@type\":\"BreadcrumbList\",\"@id\":\"https:\/\/skaitytaknyga.lt\/produktas\/kortos-ir-likimai-sekmadieniniai-pasnekesiai-su-bureja-irena\/#breadcrumb\",\"itemListElement\":[{\"@type\":\"ListItem\",\"position\":1,\"name\":\"Home\",\"item\":\"https:\/\/skaitytaknyga.lt\/\"},{\"@type\":\"ListItem\",\"position\":2,\"name\":\"Parduotuv\u0117\",\"item\":\"https:\/\/skaitytaknyga.lt\/knygu-parduotuve\/\"},{\"@type\":\"ListItem\",\"position\":3,\"name\":\"Kortos ir likimai: sekmadieniniai pa\u0161nekesiai su b\u016br\u0117ja Irena\"}]},{\"@type\":\"WebSite\",\"@id\":\"https:\/\/skaitytaknyga.lt\/#website\",\"url\":\"https:\/\/skaitytaknyga.lt\/\",\"name\":\"skaitytaknyga.lt\",\"description\":\"Skaitytaknyga.lt \u2013 tai ma\u017eas \u0161eimos verslas, kuris prasid\u0117jo nuo meil\u0117s knygoms ir siekio i\u0161gelb\u0117ti knygas nuo likimo prie konteinerio. Kas vienam nereikalingas daiktas \u2013 kitam lobis, o mes esame tarpininkai, kurie padeda abiems tapti laimingesniems ???? \u017dinome kaip nelengva i\u0161gyventi ma\u017eiems verslams, tad nuo \u0161iol, \u010dia rasite ir kit\u0173, ma\u017e\u0173 \u0161eim\u0173 versl\u0173, rank\u0173 darbo, dovan\u0173 sau ir artimiesiems.\",\"publisher\":{\"@id\":\"https:\/\/skaitytaknyga.lt\/#organization\"},\"potentialAction\":[{\"@type\":\"SearchAction\",\"target\":{\"@type\":\"EntryPoint\",\"urlTemplate\":\"https:\/\/skaitytaknyga.lt\/?s={search_term_string}\"},\"query-input\":{\"@type\":\"PropertyValueSpecification\",\"valueRequired\":true,\"valueName\":\"search_term_string\"}}],\"inLanguage\":\"en-GB\"},{\"@type\":\"Organization\",\"@id\":\"https:\/\/skaitytaknyga.lt\/#organization\",\"name\":\"skaitytaknyga.lt\",\"url\":\"https:\/\/skaitytaknyga.lt\/\",\"logo\":{\"@type\":\"ImageObject\",\"inLanguage\":\"en-GB\",\"@id\":\"https:\/\/skaitytaknyga.lt\/#\/schema\/logo\/image\/\",\"url\":\"https:\/\/skaitytaknyga.lt\/wp-content\/uploads\/2024\/05\/cropped-cropped-cropped-02_00843_jt3bggkj1j3HLc7SyY6rEUpg.jpeg\",\"contentUrl\":\"https:\/\/skaitytaknyga.lt\/wp-content\/uploads\/2024\/05\/cropped-cropped-cropped-02_00843_jt3bggkj1j3HLc7SyY6rEUpg.jpeg\",\"width\":1600,\"height\":1600,\"caption\":\"skaitytaknyga.lt\"},\"image\":{\"@id\":\"https:\/\/skaitytaknyga.lt\/#\/schema\/logo\/image\/\"},\"sameAs\":[\"https:\/\/www.facebook.com\/skaitytaknyga\/\"]}]}<\/script>\n<!-- \/ Yoast SEO plugin. -->","yoast_head_json":{"title":"Kortos ir likimai: sekmadieniniai pa\u0161nekesiai su b\u016br\u0117ja Irena","description":"Pirm\u0105 kart\u0105 Lietuvos skaitytojams pateikiama diplomuotos psicholog\u0117s, Vilniuje profesionaliai dirban\u010dios kort\u0173 b\u016br\u0117jos Irenos knyga. Sukaupusi didel\u0119","robots":{"index":"index","follow":"follow","max-snippet":"max-snippet:-1","max-image-preview":"max-image-preview:large","max-video-preview":"max-video-preview:-1"},"canonical":"https:\/\/skaitytaknyga.lt\/en\/produktas\/kortos-ir-likimai-sekmadieniniai-pasnekesiai-su-bureja-irena\/","og_locale":"en_GB","og_type":"article","og_title":"[:lt]Kortos ir likimai: sekmadieniniai pa\u0161nekesiai su b\u016br\u0117ja Irena[:] - Skaitytaknyga","og_description":"Pirm\u0105 kart\u0105 Lietuvos skaitytojams pateikiama diplomuotos psicholog\u0117s, Vilniuje profesionaliai dirban\u010dios kort\u0173 b\u016br\u0117jos Irenos knyga. Sukaupusi didel\u0119","og_url":"https:\/\/skaitytaknyga.lt\/en\/produktas\/kortos-ir-likimai-sekmadieniniai-pasnekesiai-su-bureja-irena\/","og_site_name":"Skaitytaknyga","article_publisher":"https:\/\/www.facebook.com\/skaitytaknyga\/","article_modified_time":"2024-12-11T06:41:52+00:00","og_image":[{"width":365,"height":592,"url":"https:\/\/skaitytaknyga.lt\/wp-content\/uploads\/2024\/12\/Kortos-ir-likimai-sekmadieniniai-pasnekesiai-su-bureja-Irena-e1733899298872.jpg","type":"image\/jpeg"}],"twitter_card":"summary_large_image","twitter_misc":{"Estimated reading time":"1 minute"},"schema":{"@context":"https:\/\/schema.org","@graph":[{"@type":"WebPage","@id":"https:\/\/skaitytaknyga.lt\/produktas\/kortos-ir-likimai-sekmadieniniai-pasnekesiai-su-bureja-irena\/","url":"https:\/\/skaitytaknyga.lt\/produktas\/kortos-ir-likimai-sekmadieniniai-pasnekesiai-su-bureja-irena\/","name":"Kortos ir likimai: sekmadieniniai pa\u0161nekesiai su b\u016br\u0117ja Irena","isPartOf":{"@id":"https:\/\/skaitytaknyga.lt\/#website"},"primaryImageOfPage":{"@id":"https:\/\/skaitytaknyga.lt\/produktas\/kortos-ir-likimai-sekmadieniniai-pasnekesiai-su-bureja-irena\/#primaryimage"},"image":{"@id":"https:\/\/skaitytaknyga.lt\/produktas\/kortos-ir-likimai-sekmadieniniai-pasnekesiai-su-bureja-irena\/#primaryimage"},"thumbnailUrl":"https:\/\/skaitytaknyga.lt\/wp-content\/uploads\/2024\/12\/Kortos-ir-likimai-sekmadieniniai-pasnekesiai-su-bureja-Irena-e1733899298872.jpg","datePublished":"2024-12-10T08:08:22+00:00","dateModified":"2024-12-11T06:41:52+00:00","description":"Pirm\u0105 kart\u0105 Lietuvos skaitytojams pateikiama diplomuotos psicholog\u0117s, Vilniuje profesionaliai dirban\u010dios kort\u0173 b\u016br\u0117jos Irenos knyga. Sukaupusi didel\u0119","breadcrumb":{"@id":"https:\/\/skaitytaknyga.lt\/produktas\/kortos-ir-likimai-sekmadieniniai-pasnekesiai-su-bureja-irena\/#breadcrumb"},"inLanguage":"en-GB","potentialAction":[{"@type":"ReadAction","target":["https:\/\/skaitytaknyga.lt\/produktas\/kortos-ir-likimai-sekmadieniniai-pasnekesiai-su-bureja-irena\/"]}]},{"@type":"ImageObject","inLanguage":"en-GB","@id":"https:\/\/skaitytaknyga.lt\/produktas\/kortos-ir-likimai-sekmadieniniai-pasnekesiai-su-bureja-irena\/#primaryimage","url":"https:\/\/skaitytaknyga.lt\/wp-content\/uploads\/2024\/12\/Kortos-ir-likimai-sekmadieniniai-pasnekesiai-su-bureja-Irena-e1733899298872.jpg","contentUrl":"https:\/\/skaitytaknyga.lt\/wp-content\/uploads\/2024\/12\/Kortos-ir-likimai-sekmadieniniai-pasnekesiai-su-bureja-Irena-e1733899298872.jpg","width":365,"height":592},{"@type":"BreadcrumbList","@id":"https:\/\/skaitytaknyga.lt\/produktas\/kortos-ir-likimai-sekmadieniniai-pasnekesiai-su-bureja-irena\/#breadcrumb","itemListElement":[{"@type":"ListItem","position":1,"name":"Home","item":"https:\/\/skaitytaknyga.lt\/"},{"@type":"ListItem","position":2,"name":"Parduotuv\u0117","item":"https:\/\/skaitytaknyga.lt\/knygu-parduotuve\/"},{"@type":"ListItem","position":3,"name":"Kortos ir likimai: sekmadieniniai pa\u0161nekesiai su b\u016br\u0117ja Irena"}]},{"@type":"WebSite","@id":"https:\/\/skaitytaknyga.lt\/#website","url":"https:\/\/skaitytaknyga.lt\/","name":"skaitytaknyga.lt","description":"Skaitytaknyga.lt \u2013 tai ma\u017eas \u0161eimos verslas, kuris prasid\u0117jo nuo meil\u0117s knygoms ir siekio i\u0161gelb\u0117ti knygas nuo likimo prie konteinerio. Kas vienam nereikalingas daiktas \u2013 kitam lobis, o mes esame tarpininkai, kurie padeda abiems tapti laimingesniems ???? \u017dinome kaip nelengva i\u0161gyventi ma\u017eiems verslams, tad nuo \u0161iol, \u010dia rasite ir kit\u0173, ma\u017e\u0173 \u0161eim\u0173 versl\u0173, rank\u0173 darbo, dovan\u0173 sau ir artimiesiems.","publisher":{"@id":"https:\/\/skaitytaknyga.lt\/#organization"},"potentialAction":[{"@type":"SearchAction","target":{"@type":"EntryPoint","urlTemplate":"https:\/\/skaitytaknyga.lt\/?s={search_term_string}"},"query-input":{"@type":"PropertyValueSpecification","valueRequired":true,"valueName":"search_term_string"}}],"inLanguage":"en-GB"},{"@type":"Organization","@id":"https:\/\/skaitytaknyga.lt\/#organization","name":"skaitytaknyga.lt","url":"https:\/\/skaitytaknyga.lt\/","logo":{"@type":"ImageObject","inLanguage":"en-GB","@id":"https:\/\/skaitytaknyga.lt\/#\/schema\/logo\/image\/","url":"https:\/\/skaitytaknyga.lt\/wp-content\/uploads\/2024\/05\/cropped-cropped-cropped-02_00843_jt3bggkj1j3HLc7SyY6rEUpg.jpeg","contentUrl":"https:\/\/skaitytaknyga.lt\/wp-content\/uploads\/2024\/05\/cropped-cropped-cropped-02_00843_jt3bggkj1j3HLc7SyY6rEUpg.jpeg","width":1600,"height":1600,"caption":"skaitytaknyga.lt"},"image":{"@id":"https:\/\/skaitytaknyga.lt\/#\/schema\/logo\/image\/"},"sameAs":["https:\/\/www.facebook.com\/skaitytaknyga\/"]}]}},"_links":{"self":[{"href":"https:\/\/skaitytaknyga.lt\/en\/wp-json\/wp\/v2\/product\/15281","targetHints":{"allow":["GET"]}}],"collection":[{"href":"https:\/\/skaitytaknyga.lt\/en\/wp-json\/wp\/v2\/product"}],"about":[{"href":"https:\/\/skaitytaknyga.lt\/en\/wp-json\/wp\/v2\/types\/product"}],"replies":[{"embeddable":true,"href":"https:\/\/skaitytaknyga.lt\/en\/wp-json\/wp\/v2\/comments?post=15281"}],"wp:featuredmedia":[{"embeddable":true,"href":"https:\/\/skaitytaknyga.lt\/en\/wp-json\/wp\/v2\/media\/15306"}],"wp:attachment":[{"href":"https:\/\/skaitytaknyga.lt\/en\/wp-json\/wp\/v2\/media?parent=15281"}],"wp:term":[{"taxonomy":"product_brand","embeddable":true,"href":"https:\/\/skaitytaknyga.lt\/en\/wp-json\/wp\/v2\/product_brand?post=15281"},{"taxonomy":"product_cat","embeddable":true,"href":"https:\/\/skaitytaknyga.lt\/en\/wp-json\/wp\/v2\/product_cat?post=15281"},{"taxonomy":"product_tag","embeddable":true,"href":"https:\/\/skaitytaknyga.lt\/en\/wp-json\/wp\/v2\/product_tag?post=15281"}],"curies":[{"name":"wp","href":"https:\/\/api.w.org\/{rel}","templated":true}]}}