{"id":15279,"date":"2024-12-10T09:17:55","date_gmt":"2024-12-10T07:17:55","guid":{"rendered":"https:\/\/skaitytaknyga.lt\/?post_type=product&#038;p=15279"},"modified":"2024-12-11T08:44:30","modified_gmt":"2024-12-11T06:44:30","slug":"ideju-pletra-ir-kurybines-inovacijos","status":"publish","type":"product","link":"https:\/\/skaitytaknyga.lt\/en\/produktas\/ideju-pletra-ir-kurybines-inovacijos\/","title":{"rendered":"Id\u0117j\u0173 pl\u0117tra ir k\u016brybin\u0117s inovacijos"},"content":{"rendered":"<p>Knyga skirta k\u016br\u0117jams ir problem\u0173 sprend\u0117jams, norintiems i\u0161 esm\u0117s suprasti id\u0117j\u0173 k\u016brimo ir pl\u0117tros proces\u0105.Knyga skirta gamini\u0173, proces\u0173, rink\u0173 ar organizacij\u0173 vystytojams, \u017emon\u0117ms, besidomintiems ar dirbantiems su \u017emogi\u0161kaisiais i\u0161tekliais, poky\u010di\u0173 sistemomis, atnaujinimo mechanizmais, k\u016brybi\u0161kumu ar id\u0117j\u0173 pl\u0117tra apskritai.<\/p>\n","protected":false},"excerpt":{"rendered":"<p>Knyga skirta k\u016br\u0117jams ir problem\u0173 sprend\u0117jams, norintiems i\u0161 esm\u0117s suprasti id\u0117j\u0173 k\u016brimo ir pl\u0117tros proces\u0105.Knyga skirta gamini\u0173, proces\u0173, rink\u0173 ar organizacij\u0173 vystytojams, \u017emon\u0117ms, besidomintiems ar dirbantiems su \u017emogi\u0161kaisiais i\u0161tekliais, poky\u010di\u0173 sistemomis, atnaujinimo mechanizmais, k\u016brybi\u0161kumu ar id\u0117j\u0173 pl\u0117tra apskritai.<\/p>\n","protected":false},"featured_media":15308,"comment_status":"open","ping_status":"closed","template":"","meta":{"_acf_changed":false,"site-sidebar-layout":"default","site-content-layout":"","ast-site-content-layout":"default","site-content-style":"default","site-sidebar-style":"default","ast-global-header-display":"","ast-banner-title-visibility":"","ast-main-header-display":"","ast-hfb-above-header-display":"","ast-hfb-below-header-display":"","ast-hfb-mobile-header-display":"","site-post-title":"","ast-breadcrumbs-content":"","ast-featured-img":"","footer-sml-layout":"","ast-disable-related-posts":"","theme-transparent-header-meta":"default","adv-header-id-meta":"","stick-header-meta":"","header-above-stick-meta":"","header-main-stick-meta":"","header-below-stick-meta":"","astra-migrate-meta-layouts":"set","ast-page-background-enabled":"default","ast-page-background-meta":{"desktop":{"background-color":"","background-image":"","background-repeat":"repeat","background-position":"center center","background-size":"auto","background-attachment":"scroll","background-type":"","background-media":"","overlay-type":"","overlay-color":"","overlay-opacity":"","overlay-gradient":""},"tablet":{"background-color":"","background-image":"","background-repeat":"repeat","background-position":"center center","background-size":"auto","background-attachment":"scroll","background-type":"","background-media":"","overlay-type":"","overlay-color":"","overlay-opacity":"","overlay-gradient":""},"mobile":{"background-color":"","background-image":"","background-repeat":"repeat","background-position":"center center","background-size":"auto","background-attachment":"scroll","background-type":"","background-media":"","overlay-type":"","overlay-color":"","overlay-opacity":"","overlay-gradient":""}},"ast-content-background-meta":{"desktop":{"background-color":"var(--ast-global-color-4)","background-image":"","background-repeat":"repeat","background-position":"center center","background-size":"auto","background-attachment":"scroll","background-type":"","background-media":"","overlay-type":"","overlay-color":"","overlay-opacity":"","overlay-gradient":""},"tablet":{"background-color":"var(--ast-global-color-4)","background-image":"","background-repeat":"repeat","background-position":"center center","background-size":"auto","background-attachment":"scroll","background-type":"","background-media":"","overlay-type":"","overlay-color":"","overlay-opacity":"","overlay-gradient":""},"mobile":{"background-color":"var(--ast-global-color-4)","background-image":"","background-repeat":"repeat","background-position":"center center","background-size":"auto","background-attachment":"scroll","background-type":"","background-media":"","overlay-type":"","overlay-color":"","overlay-opacity":"","overlay-gradient":""}}},"product_brand":[],"product_cat":[15,26],"product_tag":[],"class_list":{"0":"post-15279","1":"product","2":"type-product","3":"status-publish","4":"has-post-thumbnail","6":"product_cat-uncategorized","7":"product_cat-verslas-vadyba-ir-finansai","8":"desktop-align-left","9":"tablet-align-left","10":"mobile-align-left","12":"first","13":"instock","14":"shipping-taxable","15":"purchasable","16":"product-type-simple"},"acf":[],"yoast_head":"<!-- This site is optimized with the Yoast SEO plugin v27.0 - https:\/\/yoast.com\/product\/yoast-seo-wordpress\/ -->\n<title>Id\u0117j\u0173 pl\u0117tra ir k\u016brybin\u0117s inovacijos<\/title>\n<meta name=\"description\" content=\"Knyga skirta k\u016br\u0117jams ir problem\u0173 sprend\u0117jams, norintiems i\u0161 esm\u0117s suprasti id\u0117j\u0173 k\u016brimo ir pl\u0117tros proces\u0105.Knyga skirta gamini\u0173, proces\u0173, rink\u0173 ar\" \/>\n<meta name=\"robots\" content=\"index, follow, max-snippet:-1, max-image-preview:large, max-video-preview:-1\" \/>\n<link rel=\"canonical\" href=\"https:\/\/skaitytaknyga.lt\/en\/produktas\/ideju-pletra-ir-kurybines-inovacijos\/\" \/>\n<meta property=\"og:locale\" content=\"en_GB\" \/>\n<meta property=\"og:locale:alternate\" content=\"lt_LT\" \/>\n<meta property=\"og:type\" content=\"article\" \/>\n<meta property=\"og:title\" content=\"Id\u0117j\u0173 pl\u0117tra ir k\u016brybin\u0117s inovacijos\" \/>\n<meta property=\"og:description\" content=\"Knyga skirta k\u016br\u0117jams ir problem\u0173 sprend\u0117jams, norintiems i\u0161 esm\u0117s suprasti id\u0117j\u0173 k\u016brimo ir pl\u0117tros proces\u0105.Knyga skirta gamini\u0173, proces\u0173, rink\u0173 ar\" \/>\n<meta property=\"og:url\" content=\"https:\/\/skaitytaknyga.lt\/en\/produktas\/ideju-pletra-ir-kurybines-inovacijos\/\" \/>\n<meta property=\"og:site_name\" content=\"Skaitytaknyga\" \/>\n<meta property=\"article:publisher\" content=\"https:\/\/www.facebook.com\/skaitytaknyga\/\" \/>\n<meta property=\"article:modified_time\" content=\"2024-12-11T06:44:30+00:00\" \/>\n<meta property=\"og:image\" content=\"https:\/\/skaitytaknyga.lt\/wp-content\/uploads\/2024\/12\/Ideju-pletra-ir-kurybines-inovacijos.webp\" \/>\n\t<meta property=\"og:image:width\" content=\"359\" \/>\n\t<meta property=\"og:image:height\" content=\"575\" \/>\n\t<meta property=\"og:image:type\" content=\"image\/webp\" \/>\n<meta name=\"twitter:card\" content=\"summary_large_image\" \/>\n<meta name=\"twitter:label1\" content=\"Estimated reading time\" \/>\n\t<meta name=\"twitter:data1\" content=\"1 minute\" \/>\n<script type=\"application\/ld+json\" class=\"yoast-schema-graph\">{\"@context\":\"https:\/\/schema.org\",\"@graph\":[{\"@type\":\"WebPage\",\"@id\":\"https:\/\/skaitytaknyga.lt\/produktas\/ideju-pletra-ir-kurybines-inovacijos\/\",\"url\":\"https:\/\/skaitytaknyga.lt\/produktas\/ideju-pletra-ir-kurybines-inovacijos\/\",\"name\":\"Id\u0117j\u0173 pl\u0117tra ir k\u016brybin\u0117s inovacijos\",\"isPartOf\":{\"@id\":\"https:\/\/skaitytaknyga.lt\/#website\"},\"primaryImageOfPage\":{\"@id\":\"https:\/\/skaitytaknyga.lt\/produktas\/ideju-pletra-ir-kurybines-inovacijos\/#primaryimage\"},\"image\":{\"@id\":\"https:\/\/skaitytaknyga.lt\/produktas\/ideju-pletra-ir-kurybines-inovacijos\/#primaryimage\"},\"thumbnailUrl\":\"https:\/\/skaitytaknyga.lt\/wp-content\/uploads\/2024\/12\/Ideju-pletra-ir-kurybines-inovacijos.webp\",\"datePublished\":\"2024-12-10T07:17:55+00:00\",\"dateModified\":\"2024-12-11T06:44:30+00:00\",\"description\":\"Knyga skirta k\u016br\u0117jams ir problem\u0173 sprend\u0117jams, norintiems i\u0161 esm\u0117s suprasti id\u0117j\u0173 k\u016brimo ir pl\u0117tros proces\u0105.Knyga skirta gamini\u0173, proces\u0173, rink\u0173 ar\",\"breadcrumb\":{\"@id\":\"https:\/\/skaitytaknyga.lt\/produktas\/ideju-pletra-ir-kurybines-inovacijos\/#breadcrumb\"},\"inLanguage\":\"en-GB\",\"potentialAction\":[{\"@type\":\"ReadAction\",\"target\":[\"https:\/\/skaitytaknyga.lt\/produktas\/ideju-pletra-ir-kurybines-inovacijos\/\"]}]},{\"@type\":\"ImageObject\",\"inLanguage\":\"en-GB\",\"@id\":\"https:\/\/skaitytaknyga.lt\/produktas\/ideju-pletra-ir-kurybines-inovacijos\/#primaryimage\",\"url\":\"https:\/\/skaitytaknyga.lt\/wp-content\/uploads\/2024\/12\/Ideju-pletra-ir-kurybines-inovacijos.webp\",\"contentUrl\":\"https:\/\/skaitytaknyga.lt\/wp-content\/uploads\/2024\/12\/Ideju-pletra-ir-kurybines-inovacijos.webp\",\"width\":359,\"height\":575,\"caption\":\"Id\u0117j\u0173 pl\u0117tra ir k\u016brybin\u0117s inovacijos\"},{\"@type\":\"BreadcrumbList\",\"@id\":\"https:\/\/skaitytaknyga.lt\/produktas\/ideju-pletra-ir-kurybines-inovacijos\/#breadcrumb\",\"itemListElement\":[{\"@type\":\"ListItem\",\"position\":1,\"name\":\"Home\",\"item\":\"https:\/\/skaitytaknyga.lt\/\"},{\"@type\":\"ListItem\",\"position\":2,\"name\":\"Parduotuv\u0117\",\"item\":\"https:\/\/skaitytaknyga.lt\/knygu-parduotuve\/\"},{\"@type\":\"ListItem\",\"position\":3,\"name\":\"Id\u0117j\u0173 pl\u0117tra ir k\u016brybin\u0117s inovacijos\"}]},{\"@type\":\"WebSite\",\"@id\":\"https:\/\/skaitytaknyga.lt\/#website\",\"url\":\"https:\/\/skaitytaknyga.lt\/\",\"name\":\"skaitytaknyga.lt\",\"description\":\"Skaitytaknyga.lt \u2013 tai ma\u017eas \u0161eimos verslas, kuris prasid\u0117jo nuo meil\u0117s knygoms ir siekio i\u0161gelb\u0117ti knygas nuo likimo prie konteinerio. Kas vienam nereikalingas daiktas \u2013 kitam lobis, o mes esame tarpininkai, kurie padeda abiems tapti laimingesniems ???? \u017dinome kaip nelengva i\u0161gyventi ma\u017eiems verslams, tad nuo \u0161iol, \u010dia rasite ir kit\u0173, ma\u017e\u0173 \u0161eim\u0173 versl\u0173, rank\u0173 darbo, dovan\u0173 sau ir artimiesiems.\",\"publisher\":{\"@id\":\"https:\/\/skaitytaknyga.lt\/#organization\"},\"potentialAction\":[{\"@type\":\"SearchAction\",\"target\":{\"@type\":\"EntryPoint\",\"urlTemplate\":\"https:\/\/skaitytaknyga.lt\/?s={search_term_string}\"},\"query-input\":{\"@type\":\"PropertyValueSpecification\",\"valueRequired\":true,\"valueName\":\"search_term_string\"}}],\"inLanguage\":\"en-GB\"},{\"@type\":\"Organization\",\"@id\":\"https:\/\/skaitytaknyga.lt\/#organization\",\"name\":\"skaitytaknyga.lt\",\"url\":\"https:\/\/skaitytaknyga.lt\/\",\"logo\":{\"@type\":\"ImageObject\",\"inLanguage\":\"en-GB\",\"@id\":\"https:\/\/skaitytaknyga.lt\/#\/schema\/logo\/image\/\",\"url\":\"https:\/\/skaitytaknyga.lt\/wp-content\/uploads\/2024\/05\/cropped-cropped-cropped-02_00843_jt3bggkj1j3HLc7SyY6rEUpg.jpeg\",\"contentUrl\":\"https:\/\/skaitytaknyga.lt\/wp-content\/uploads\/2024\/05\/cropped-cropped-cropped-02_00843_jt3bggkj1j3HLc7SyY6rEUpg.jpeg\",\"width\":1600,\"height\":1600,\"caption\":\"skaitytaknyga.lt\"},\"image\":{\"@id\":\"https:\/\/skaitytaknyga.lt\/#\/schema\/logo\/image\/\"},\"sameAs\":[\"https:\/\/www.facebook.com\/skaitytaknyga\/\"]}]}<\/script>\n<!-- \/ Yoast SEO plugin. -->","yoast_head_json":{"title":"Id\u0117j\u0173 pl\u0117tra ir k\u016brybin\u0117s inovacijos","description":"Knyga skirta k\u016br\u0117jams ir problem\u0173 sprend\u0117jams, norintiems i\u0161 esm\u0117s suprasti id\u0117j\u0173 k\u016brimo ir pl\u0117tros proces\u0105.Knyga skirta gamini\u0173, proces\u0173, rink\u0173 ar","robots":{"index":"index","follow":"follow","max-snippet":"max-snippet:-1","max-image-preview":"max-image-preview:large","max-video-preview":"max-video-preview:-1"},"canonical":"https:\/\/skaitytaknyga.lt\/en\/produktas\/ideju-pletra-ir-kurybines-inovacijos\/","og_locale":"en_GB","og_type":"article","og_title":"[:lt]Id\u0117j\u0173 pl\u0117tra ir k\u016brybin\u0117s inovacijos[:] - Skaitytaknyga","og_description":"Knyga skirta k\u016br\u0117jams ir problem\u0173 sprend\u0117jams, norintiems i\u0161 esm\u0117s suprasti id\u0117j\u0173 k\u016brimo ir pl\u0117tros proces\u0105.Knyga skirta gamini\u0173, proces\u0173, rink\u0173 ar","og_url":"https:\/\/skaitytaknyga.lt\/en\/produktas\/ideju-pletra-ir-kurybines-inovacijos\/","og_site_name":"Skaitytaknyga","article_publisher":"https:\/\/www.facebook.com\/skaitytaknyga\/","article_modified_time":"2024-12-11T06:44:30+00:00","og_image":[{"width":359,"height":575,"url":"https:\/\/skaitytaknyga.lt\/wp-content\/uploads\/2024\/12\/Ideju-pletra-ir-kurybines-inovacijos.webp","type":"image\/webp"}],"twitter_card":"summary_large_image","twitter_misc":{"Estimated reading time":"1 minute"},"schema":{"@context":"https:\/\/schema.org","@graph":[{"@type":"WebPage","@id":"https:\/\/skaitytaknyga.lt\/produktas\/ideju-pletra-ir-kurybines-inovacijos\/","url":"https:\/\/skaitytaknyga.lt\/produktas\/ideju-pletra-ir-kurybines-inovacijos\/","name":"Id\u0117j\u0173 pl\u0117tra ir k\u016brybin\u0117s inovacijos","isPartOf":{"@id":"https:\/\/skaitytaknyga.lt\/#website"},"primaryImageOfPage":{"@id":"https:\/\/skaitytaknyga.lt\/produktas\/ideju-pletra-ir-kurybines-inovacijos\/#primaryimage"},"image":{"@id":"https:\/\/skaitytaknyga.lt\/produktas\/ideju-pletra-ir-kurybines-inovacijos\/#primaryimage"},"thumbnailUrl":"https:\/\/skaitytaknyga.lt\/wp-content\/uploads\/2024\/12\/Ideju-pletra-ir-kurybines-inovacijos.webp","datePublished":"2024-12-10T07:17:55+00:00","dateModified":"2024-12-11T06:44:30+00:00","description":"Knyga skirta k\u016br\u0117jams ir problem\u0173 sprend\u0117jams, norintiems i\u0161 esm\u0117s suprasti id\u0117j\u0173 k\u016brimo ir pl\u0117tros proces\u0105.Knyga skirta gamini\u0173, proces\u0173, rink\u0173 ar","breadcrumb":{"@id":"https:\/\/skaitytaknyga.lt\/produktas\/ideju-pletra-ir-kurybines-inovacijos\/#breadcrumb"},"inLanguage":"en-GB","potentialAction":[{"@type":"ReadAction","target":["https:\/\/skaitytaknyga.lt\/produktas\/ideju-pletra-ir-kurybines-inovacijos\/"]}]},{"@type":"ImageObject","inLanguage":"en-GB","@id":"https:\/\/skaitytaknyga.lt\/produktas\/ideju-pletra-ir-kurybines-inovacijos\/#primaryimage","url":"https:\/\/skaitytaknyga.lt\/wp-content\/uploads\/2024\/12\/Ideju-pletra-ir-kurybines-inovacijos.webp","contentUrl":"https:\/\/skaitytaknyga.lt\/wp-content\/uploads\/2024\/12\/Ideju-pletra-ir-kurybines-inovacijos.webp","width":359,"height":575,"caption":"Id\u0117j\u0173 pl\u0117tra ir k\u016brybin\u0117s inovacijos"},{"@type":"BreadcrumbList","@id":"https:\/\/skaitytaknyga.lt\/produktas\/ideju-pletra-ir-kurybines-inovacijos\/#breadcrumb","itemListElement":[{"@type":"ListItem","position":1,"name":"Home","item":"https:\/\/skaitytaknyga.lt\/"},{"@type":"ListItem","position":2,"name":"Parduotuv\u0117","item":"https:\/\/skaitytaknyga.lt\/knygu-parduotuve\/"},{"@type":"ListItem","position":3,"name":"Id\u0117j\u0173 pl\u0117tra ir k\u016brybin\u0117s inovacijos"}]},{"@type":"WebSite","@id":"https:\/\/skaitytaknyga.lt\/#website","url":"https:\/\/skaitytaknyga.lt\/","name":"skaitytaknyga.lt","description":"Skaitytaknyga.lt \u2013 tai ma\u017eas \u0161eimos verslas, kuris prasid\u0117jo nuo meil\u0117s knygoms ir siekio i\u0161gelb\u0117ti knygas nuo likimo prie konteinerio. Kas vienam nereikalingas daiktas \u2013 kitam lobis, o mes esame tarpininkai, kurie padeda abiems tapti laimingesniems ???? \u017dinome kaip nelengva i\u0161gyventi ma\u017eiems verslams, tad nuo \u0161iol, \u010dia rasite ir kit\u0173, ma\u017e\u0173 \u0161eim\u0173 versl\u0173, rank\u0173 darbo, dovan\u0173 sau ir artimiesiems.","publisher":{"@id":"https:\/\/skaitytaknyga.lt\/#organization"},"potentialAction":[{"@type":"SearchAction","target":{"@type":"EntryPoint","urlTemplate":"https:\/\/skaitytaknyga.lt\/?s={search_term_string}"},"query-input":{"@type":"PropertyValueSpecification","valueRequired":true,"valueName":"search_term_string"}}],"inLanguage":"en-GB"},{"@type":"Organization","@id":"https:\/\/skaitytaknyga.lt\/#organization","name":"skaitytaknyga.lt","url":"https:\/\/skaitytaknyga.lt\/","logo":{"@type":"ImageObject","inLanguage":"en-GB","@id":"https:\/\/skaitytaknyga.lt\/#\/schema\/logo\/image\/","url":"https:\/\/skaitytaknyga.lt\/wp-content\/uploads\/2024\/05\/cropped-cropped-cropped-02_00843_jt3bggkj1j3HLc7SyY6rEUpg.jpeg","contentUrl":"https:\/\/skaitytaknyga.lt\/wp-content\/uploads\/2024\/05\/cropped-cropped-cropped-02_00843_jt3bggkj1j3HLc7SyY6rEUpg.jpeg","width":1600,"height":1600,"caption":"skaitytaknyga.lt"},"image":{"@id":"https:\/\/skaitytaknyga.lt\/#\/schema\/logo\/image\/"},"sameAs":["https:\/\/www.facebook.com\/skaitytaknyga\/"]}]}},"_links":{"self":[{"href":"https:\/\/skaitytaknyga.lt\/en\/wp-json\/wp\/v2\/product\/15279","targetHints":{"allow":["GET"]}}],"collection":[{"href":"https:\/\/skaitytaknyga.lt\/en\/wp-json\/wp\/v2\/product"}],"about":[{"href":"https:\/\/skaitytaknyga.lt\/en\/wp-json\/wp\/v2\/types\/product"}],"replies":[{"embeddable":true,"href":"https:\/\/skaitytaknyga.lt\/en\/wp-json\/wp\/v2\/comments?post=15279"}],"wp:featuredmedia":[{"embeddable":true,"href":"https:\/\/skaitytaknyga.lt\/en\/wp-json\/wp\/v2\/media\/15308"}],"wp:attachment":[{"href":"https:\/\/skaitytaknyga.lt\/en\/wp-json\/wp\/v2\/media?parent=15279"}],"wp:term":[{"taxonomy":"product_brand","embeddable":true,"href":"https:\/\/skaitytaknyga.lt\/en\/wp-json\/wp\/v2\/product_brand?post=15279"},{"taxonomy":"product_cat","embeddable":true,"href":"https:\/\/skaitytaknyga.lt\/en\/wp-json\/wp\/v2\/product_cat?post=15279"},{"taxonomy":"product_tag","embeddable":true,"href":"https:\/\/skaitytaknyga.lt\/en\/wp-json\/wp\/v2\/product_tag?post=15279"}],"curies":[{"name":"wp","href":"https:\/\/api.w.org\/{rel}","templated":true}]}}