{"id":15272,"date":"2024-12-10T09:17:54","date_gmt":"2024-12-10T07:17:54","guid":{"rendered":"https:\/\/skaitytaknyga.lt\/?post_type=product&#038;p=15272"},"modified":"2025-06-24T22:17:12","modified_gmt":"2025-06-24T19:17:12","slug":"moteru-miestas","status":"publish","type":"product","link":"https:\/\/skaitytaknyga.lt\/en\/produktas\/moteru-miestas\/","title":{"rendered":"Moter\u0173 miestas"},"content":{"rendered":"<p><strong>David R. Gillham<\/strong>\u00a0(Deividas R. Gilamas) \u2013 JAV autorius, aistringai besidomintis Antrojo pasaulinio karo istorija.<\/p>\n<p><strong>\u201eMoter\u0173 miestas\u201d<\/strong>, para\u0161ytas 2012 m., i\u0161kart sulauk\u0117 skaitytoj\u0173 bei kritik\u0173 pripa\u017einimo. \u0160is romanas pasakoja apie \u017emoni\u0173, kurie nekariavo, likimus; akivaizdu, jog gyvenimas \u201emoter\u0173 miestuose\u201c reikalavo ne ma\u017eesn\u0117s i\u0161tverm\u0117s, i\u0161minties ir dr\u0105sos, nei kova fronte.<br \/>\nBerlynas, 1943 metai.<\/p>\n<p>Miestas u\u017etemdytais langais, miestas, kuriame niekas nesako tiesos ir kur \u017emogaus gyvyb\u0119 lemia kiekvienas neatsargiai i\u0161tartas \u017eodis ir ne vietoje \u017eengtas \u017eingsnis. Karo \u012fkar\u0161tyje vyr\u0173 likimas ai\u0161kus: jie vienaip ar kitaip, norom ar nenorom b\u016bna priversti dalyvauti karo veiksmuose. Bet moterys? Kas dedasi miestuose, kuriuos palieka \u012f kar\u0105 i\u0161\u0117j\u0119 vyrai? Jos kariauja savus karus: d\u0117l maisto, d\u0117l meil\u0117s, d\u0117l i\u0161likimo.<\/p>\n<p>Kaip Zigrida \u0160rioder \u2013 i\u0161 pa\u017ei\u016bros tikra vokiet\u0117, pavyzdinga vokie\u010di\u0173 kareivio \u017emona, kasdien einanti \u012f darb\u0105, sugebanti i\u0161gyventi gaudama normuot\u0105 davin\u012f, regimai visas j\u0117gas atiduodanti tam, kad atsiribot\u0173 ir nematyt\u0173 to, kas i\u0161 ties\u0173 vyksta fronte. Ignoruojanti naci\u0173 re\u017eimo amoralum\u0105. Ta\u010diau u\u017e to slypi kita Zigrida \u2013 moteris, pa\u017einusi draud\u017eiam\u0105 aistr\u0105 su neteis\u0117tu mylimuoju \u017eydu, atv\u0117rusiu jai akis ir privertusiu suprasti, kas i\u0161 ties\u0173 vyksta.<\/p>\n<p>Greitai moteris pasijunta \u012ftraukta \u012f gyvenim\u0105, apie kur\u012f prie\u0161 tai nieko ne\u017einojo, ir turi pati nuspr\u0119sti, kas yra gera, o kas \u2013 bloga, kas tiesa, o kas melas.<\/p>\n<p>&nbsp;<\/p>\n","protected":false},"excerpt":{"rendered":"<p>David R. Gillham\u00a0(Deividas R. Gilamas) \u2013 JAV autorius, aistringai besidomintis Antrojo pasaulinio karo istorija. \u201eMoter\u0173 miestas\u201d, para\u0161ytas 2012 m., i\u0161kart sulauk\u0117 skaitytoj\u0173 bei kritik\u0173 pripa\u017einimo. \u0160is romanas pasakoja apie \u017emoni\u0173, kurie nekariavo, likimus; akivaizdu, jog gyvenimas \u201emoter\u0173 miestuose\u201c reikalavo ne ma\u017eesn\u0117s i\u0161tverm\u0117s, i\u0161minties ir dr\u0105sos, nei kova fronte. Berlynas, 1943 metai. Miestas u\u017etemdytais langais, miestas, kuriame niekas nesako tiesos ir kur \u017emogaus gyvyb\u0119 lemia kiekvienas neatsargiai i\u0161tartas \u017eodis ir ne vietoje \u017eengtas \u017eingsnis. Karo \u012fkar\u0161tyje vyr\u0173 likimas ai\u0161kus: jie vienaip ar kitaip, norom ar nenorom b\u016bna priversti dalyvauti karo veiksmuose. Bet moterys? Kas dedasi miestuose, kuriuos palieka \u012f kar\u0105 i\u0161\u0117j\u0119 vyrai? Jos kariauja savus karus: d\u0117l maisto, d\u0117l meil\u0117s, d\u0117l i\u0161likimo. Kaip Zigrida \u0160rioder \u2013 i\u0161 pa\u017ei\u016bros tikra vokiet\u0117, pavyzdinga vokie\u010di\u0173 kareivio \u017emona, kasdien einanti \u012f darb\u0105, sugebanti i\u0161gyventi gaudama normuot\u0105 davin\u012f, regimai visas j\u0117gas atiduodanti tam, kad atsiribot\u0173 ir nematyt\u0173 to, kas i\u0161 ties\u0173 vyksta fronte. Ignoruojanti naci\u0173 re\u017eimo amoralum\u0105. Ta\u010diau u\u017e to slypi kita Zigrida \u2013 moteris, pa\u017einusi draud\u017eiam\u0105 aistr\u0105 su neteis\u0117tu mylimuoju \u017eydu, atv\u0117rusiu jai akis ir privertusiu suprasti, kas i\u0161 ties\u0173 vyksta. Greitai moteris pasijunta \u012ftraukta \u012f gyvenim\u0105, apie kur\u012f prie\u0161 tai nieko ne\u017einojo, ir turi pati nuspr\u0119sti, kas yra gera, o kas \u2013 bloga, kas tiesa, o kas melas. &nbsp;<\/p>\n","protected":false},"featured_media":15312,"comment_status":"open","ping_status":"closed","template":"","meta":{"_acf_changed":false,"site-sidebar-layout":"default","site-content-layout":"","ast-site-content-layout":"default","site-content-style":"default","site-sidebar-style":"default","ast-global-header-display":"","ast-banner-title-visibility":"","ast-main-header-display":"","ast-hfb-above-header-display":"","ast-hfb-below-header-display":"","ast-hfb-mobile-header-display":"","site-post-title":"","ast-breadcrumbs-content":"","ast-featured-img":"","footer-sml-layout":"","ast-disable-related-posts":"","theme-transparent-header-meta":"default","adv-header-id-meta":"","stick-header-meta":"","header-above-stick-meta":"","header-main-stick-meta":"","header-below-stick-meta":"","astra-migrate-meta-layouts":"set","ast-page-background-enabled":"default","ast-page-background-meta":{"desktop":{"background-color":"","background-image":"","background-repeat":"repeat","background-position":"center center","background-size":"auto","background-attachment":"scroll","background-type":"","background-media":"","overlay-type":"","overlay-color":"","overlay-opacity":"","overlay-gradient":""},"tablet":{"background-color":"","background-image":"","background-repeat":"repeat","background-position":"center center","background-size":"auto","background-attachment":"scroll","background-type":"","background-media":"","overlay-type":"","overlay-color":"","overlay-opacity":"","overlay-gradient":""},"mobile":{"background-color":"","background-image":"","background-repeat":"repeat","background-position":"center center","background-size":"auto","background-attachment":"scroll","background-type":"","background-media":"","overlay-type":"","overlay-color":"","overlay-opacity":"","overlay-gradient":""}},"ast-content-background-meta":{"desktop":{"background-color":"var(--ast-global-color-4)","background-image":"","background-repeat":"repeat","background-position":"center center","background-size":"auto","background-attachment":"scroll","background-type":"","background-media":"","overlay-type":"","overlay-color":"","overlay-opacity":"","overlay-gradient":""},"tablet":{"background-color":"var(--ast-global-color-4)","background-image":"","background-repeat":"repeat","background-position":"center center","background-size":"auto","background-attachment":"scroll","background-type":"","background-media":"","overlay-type":"","overlay-color":"","overlay-opacity":"","overlay-gradient":""},"mobile":{"background-color":"var(--ast-global-color-4)","background-image":"","background-repeat":"repeat","background-position":"center center","background-size":"auto","background-attachment":"scroll","background-type":"","background-media":"","overlay-type":"","overlay-color":"","overlay-opacity":"","overlay-gradient":""}}},"product_brand":[],"product_cat":[31,15],"product_tag":[1095,1338],"class_list":{"0":"post-15272","1":"product","2":"type-product","3":"status-publish","4":"has-post-thumbnail","6":"product_cat-grozine-literatura","7":"product_cat-uncategorized","8":"product_tag-antrasis-pasaulinis-karas","9":"product_tag-david-g-gillham","10":"desktop-align-left","11":"tablet-align-left","12":"mobile-align-left","14":"first","15":"outofstock","16":"shipping-taxable","17":"purchasable","18":"product-type-simple"},"acf":[],"yoast_head":"<!-- This site is optimized with the Yoast SEO plugin v27.0 - https:\/\/yoast.com\/product\/yoast-seo-wordpress\/ -->\n<title>Moter\u0173 miestas<\/title>\n<meta name=\"description\" content=\"David R. Gillham\u00a0(Deividas R. Gilamas) \u2013 JAV autorius, aistringai besidomintis Antrojo pasaulinio karo istorija. \u201eMoter\u0173 miestas\u201d, para\u0161ytas 2012 m.,\" \/>\n<meta name=\"robots\" content=\"index, follow, max-snippet:-1, max-image-preview:large, max-video-preview:-1\" \/>\n<link rel=\"canonical\" href=\"https:\/\/skaitytaknyga.lt\/en\/produktas\/moteru-miestas\/\" \/>\n<meta property=\"og:locale\" content=\"en_GB\" \/>\n<meta property=\"og:locale:alternate\" content=\"lt_LT\" \/>\n<meta property=\"og:type\" content=\"article\" \/>\n<meta property=\"og:title\" content=\"Moter\u0173 miestas\" \/>\n<meta property=\"og:description\" content=\"David R. Gillham\u00a0(Deividas R. Gilamas) \u2013 JAV autorius, aistringai besidomintis Antrojo pasaulinio karo istorija. \u201eMoter\u0173 miestas\u201d, para\u0161ytas 2012 m.,\" \/>\n<meta property=\"og:url\" content=\"https:\/\/skaitytaknyga.lt\/en\/produktas\/moteru-miestas\/\" \/>\n<meta property=\"og:site_name\" content=\"Skaitytaknyga\" \/>\n<meta property=\"article:publisher\" content=\"https:\/\/www.facebook.com\/skaitytaknyga\/\" \/>\n<meta property=\"article:modified_time\" content=\"2025-06-24T19:17:12+00:00\" \/>\n<meta property=\"og:image\" content=\"https:\/\/skaitytaknyga.lt\/wp-content\/uploads\/2024\/12\/Moteru-miestas.webp\" \/>\n\t<meta property=\"og:image:width\" content=\"533\" \/>\n\t<meta property=\"og:image:height\" content=\"800\" \/>\n\t<meta property=\"og:image:type\" content=\"image\/webp\" \/>\n<meta name=\"twitter:card\" content=\"summary_large_image\" \/>\n<meta name=\"twitter:label1\" content=\"Estimated reading time\" \/>\n\t<meta name=\"twitter:data1\" content=\"2 minutes\" \/>\n<script type=\"application\/ld+json\" class=\"yoast-schema-graph\">{\"@context\":\"https:\/\/schema.org\",\"@graph\":[{\"@type\":\"WebPage\",\"@id\":\"https:\/\/skaitytaknyga.lt\/produktas\/moteru-miestas\/\",\"url\":\"https:\/\/skaitytaknyga.lt\/produktas\/moteru-miestas\/\",\"name\":\"Moter\u0173 miestas\",\"isPartOf\":{\"@id\":\"https:\/\/skaitytaknyga.lt\/#website\"},\"primaryImageOfPage\":{\"@id\":\"https:\/\/skaitytaknyga.lt\/produktas\/moteru-miestas\/#primaryimage\"},\"image\":{\"@id\":\"https:\/\/skaitytaknyga.lt\/produktas\/moteru-miestas\/#primaryimage\"},\"thumbnailUrl\":\"https:\/\/skaitytaknyga.lt\/wp-content\/uploads\/2024\/12\/Moteru-miestas.webp\",\"datePublished\":\"2024-12-10T07:17:54+00:00\",\"dateModified\":\"2025-06-24T19:17:12+00:00\",\"description\":\"David R. Gillham\u00a0(Deividas R. Gilamas) \u2013 JAV autorius, aistringai besidomintis Antrojo pasaulinio karo istorija. \u201eMoter\u0173 miestas\u201d, para\u0161ytas 2012 m.,\",\"breadcrumb\":{\"@id\":\"https:\/\/skaitytaknyga.lt\/produktas\/moteru-miestas\/#breadcrumb\"},\"inLanguage\":\"en-GB\",\"potentialAction\":[{\"@type\":\"ReadAction\",\"target\":[\"https:\/\/skaitytaknyga.lt\/produktas\/moteru-miestas\/\"]}]},{\"@type\":\"ImageObject\",\"inLanguage\":\"en-GB\",\"@id\":\"https:\/\/skaitytaknyga.lt\/produktas\/moteru-miestas\/#primaryimage\",\"url\":\"https:\/\/skaitytaknyga.lt\/wp-content\/uploads\/2024\/12\/Moteru-miestas.webp\",\"contentUrl\":\"https:\/\/skaitytaknyga.lt\/wp-content\/uploads\/2024\/12\/Moteru-miestas.webp\",\"width\":533,\"height\":800,\"caption\":\"Moter\u0173 miestas\"},{\"@type\":\"BreadcrumbList\",\"@id\":\"https:\/\/skaitytaknyga.lt\/produktas\/moteru-miestas\/#breadcrumb\",\"itemListElement\":[{\"@type\":\"ListItem\",\"position\":1,\"name\":\"Home\",\"item\":\"https:\/\/skaitytaknyga.lt\/\"},{\"@type\":\"ListItem\",\"position\":2,\"name\":\"Parduotuv\u0117\",\"item\":\"https:\/\/skaitytaknyga.lt\/knygu-parduotuve\/\"},{\"@type\":\"ListItem\",\"position\":3,\"name\":\"Moter\u0173 miestas\"}]},{\"@type\":\"WebSite\",\"@id\":\"https:\/\/skaitytaknyga.lt\/#website\",\"url\":\"https:\/\/skaitytaknyga.lt\/\",\"name\":\"skaitytaknyga.lt\",\"description\":\"Skaitytaknyga.lt \u2013 tai ma\u017eas \u0161eimos verslas, kuris prasid\u0117jo nuo meil\u0117s knygoms ir siekio i\u0161gelb\u0117ti knygas nuo likimo prie konteinerio. Kas vienam nereikalingas daiktas \u2013 kitam lobis, o mes esame tarpininkai, kurie padeda abiems tapti laimingesniems ???? \u017dinome kaip nelengva i\u0161gyventi ma\u017eiems verslams, tad nuo \u0161iol, \u010dia rasite ir kit\u0173, ma\u017e\u0173 \u0161eim\u0173 versl\u0173, rank\u0173 darbo, dovan\u0173 sau ir artimiesiems.\",\"publisher\":{\"@id\":\"https:\/\/skaitytaknyga.lt\/#organization\"},\"potentialAction\":[{\"@type\":\"SearchAction\",\"target\":{\"@type\":\"EntryPoint\",\"urlTemplate\":\"https:\/\/skaitytaknyga.lt\/?s={search_term_string}\"},\"query-input\":{\"@type\":\"PropertyValueSpecification\",\"valueRequired\":true,\"valueName\":\"search_term_string\"}}],\"inLanguage\":\"en-GB\"},{\"@type\":\"Organization\",\"@id\":\"https:\/\/skaitytaknyga.lt\/#organization\",\"name\":\"skaitytaknyga.lt\",\"url\":\"https:\/\/skaitytaknyga.lt\/\",\"logo\":{\"@type\":\"ImageObject\",\"inLanguage\":\"en-GB\",\"@id\":\"https:\/\/skaitytaknyga.lt\/#\/schema\/logo\/image\/\",\"url\":\"https:\/\/skaitytaknyga.lt\/wp-content\/uploads\/2024\/05\/cropped-cropped-cropped-02_00843_jt3bggkj1j3HLc7SyY6rEUpg.jpeg\",\"contentUrl\":\"https:\/\/skaitytaknyga.lt\/wp-content\/uploads\/2024\/05\/cropped-cropped-cropped-02_00843_jt3bggkj1j3HLc7SyY6rEUpg.jpeg\",\"width\":1600,\"height\":1600,\"caption\":\"skaitytaknyga.lt\"},\"image\":{\"@id\":\"https:\/\/skaitytaknyga.lt\/#\/schema\/logo\/image\/\"},\"sameAs\":[\"https:\/\/www.facebook.com\/skaitytaknyga\/\"]}]}<\/script>\n<!-- \/ Yoast SEO plugin. -->","yoast_head_json":{"title":"Moter\u0173 miestas","description":"David R. Gillham\u00a0(Deividas R. Gilamas) \u2013 JAV autorius, aistringai besidomintis Antrojo pasaulinio karo istorija. \u201eMoter\u0173 miestas\u201d, para\u0161ytas 2012 m.,","robots":{"index":"index","follow":"follow","max-snippet":"max-snippet:-1","max-image-preview":"max-image-preview:large","max-video-preview":"max-video-preview:-1"},"canonical":"https:\/\/skaitytaknyga.lt\/en\/produktas\/moteru-miestas\/","og_locale":"en_GB","og_type":"article","og_title":"[:lt]Moter\u0173 miestas[:] - Skaitytaknyga","og_description":"David R. Gillham\u00a0(Deividas R. Gilamas) \u2013 JAV autorius, aistringai besidomintis Antrojo pasaulinio karo istorija. \u201eMoter\u0173 miestas\u201d, para\u0161ytas 2012 m.,","og_url":"https:\/\/skaitytaknyga.lt\/en\/produktas\/moteru-miestas\/","og_site_name":"Skaitytaknyga","article_publisher":"https:\/\/www.facebook.com\/skaitytaknyga\/","article_modified_time":"2025-06-24T19:17:12+00:00","og_image":[{"width":533,"height":800,"url":"https:\/\/skaitytaknyga.lt\/wp-content\/uploads\/2024\/12\/Moteru-miestas.webp","type":"image\/webp"}],"twitter_card":"summary_large_image","twitter_misc":{"Estimated reading time":"2 minutes"},"schema":{"@context":"https:\/\/schema.org","@graph":[{"@type":"WebPage","@id":"https:\/\/skaitytaknyga.lt\/produktas\/moteru-miestas\/","url":"https:\/\/skaitytaknyga.lt\/produktas\/moteru-miestas\/","name":"Moter\u0173 miestas","isPartOf":{"@id":"https:\/\/skaitytaknyga.lt\/#website"},"primaryImageOfPage":{"@id":"https:\/\/skaitytaknyga.lt\/produktas\/moteru-miestas\/#primaryimage"},"image":{"@id":"https:\/\/skaitytaknyga.lt\/produktas\/moteru-miestas\/#primaryimage"},"thumbnailUrl":"https:\/\/skaitytaknyga.lt\/wp-content\/uploads\/2024\/12\/Moteru-miestas.webp","datePublished":"2024-12-10T07:17:54+00:00","dateModified":"2025-06-24T19:17:12+00:00","description":"David R. Gillham\u00a0(Deividas R. Gilamas) \u2013 JAV autorius, aistringai besidomintis Antrojo pasaulinio karo istorija. \u201eMoter\u0173 miestas\u201d, para\u0161ytas 2012 m.,","breadcrumb":{"@id":"https:\/\/skaitytaknyga.lt\/produktas\/moteru-miestas\/#breadcrumb"},"inLanguage":"en-GB","potentialAction":[{"@type":"ReadAction","target":["https:\/\/skaitytaknyga.lt\/produktas\/moteru-miestas\/"]}]},{"@type":"ImageObject","inLanguage":"en-GB","@id":"https:\/\/skaitytaknyga.lt\/produktas\/moteru-miestas\/#primaryimage","url":"https:\/\/skaitytaknyga.lt\/wp-content\/uploads\/2024\/12\/Moteru-miestas.webp","contentUrl":"https:\/\/skaitytaknyga.lt\/wp-content\/uploads\/2024\/12\/Moteru-miestas.webp","width":533,"height":800,"caption":"Moter\u0173 miestas"},{"@type":"BreadcrumbList","@id":"https:\/\/skaitytaknyga.lt\/produktas\/moteru-miestas\/#breadcrumb","itemListElement":[{"@type":"ListItem","position":1,"name":"Home","item":"https:\/\/skaitytaknyga.lt\/"},{"@type":"ListItem","position":2,"name":"Parduotuv\u0117","item":"https:\/\/skaitytaknyga.lt\/knygu-parduotuve\/"},{"@type":"ListItem","position":3,"name":"Moter\u0173 miestas"}]},{"@type":"WebSite","@id":"https:\/\/skaitytaknyga.lt\/#website","url":"https:\/\/skaitytaknyga.lt\/","name":"skaitytaknyga.lt","description":"Skaitytaknyga.lt \u2013 tai ma\u017eas \u0161eimos verslas, kuris prasid\u0117jo nuo meil\u0117s knygoms ir siekio i\u0161gelb\u0117ti knygas nuo likimo prie konteinerio. Kas vienam nereikalingas daiktas \u2013 kitam lobis, o mes esame tarpininkai, kurie padeda abiems tapti laimingesniems ???? \u017dinome kaip nelengva i\u0161gyventi ma\u017eiems verslams, tad nuo \u0161iol, \u010dia rasite ir kit\u0173, ma\u017e\u0173 \u0161eim\u0173 versl\u0173, rank\u0173 darbo, dovan\u0173 sau ir artimiesiems.","publisher":{"@id":"https:\/\/skaitytaknyga.lt\/#organization"},"potentialAction":[{"@type":"SearchAction","target":{"@type":"EntryPoint","urlTemplate":"https:\/\/skaitytaknyga.lt\/?s={search_term_string}"},"query-input":{"@type":"PropertyValueSpecification","valueRequired":true,"valueName":"search_term_string"}}],"inLanguage":"en-GB"},{"@type":"Organization","@id":"https:\/\/skaitytaknyga.lt\/#organization","name":"skaitytaknyga.lt","url":"https:\/\/skaitytaknyga.lt\/","logo":{"@type":"ImageObject","inLanguage":"en-GB","@id":"https:\/\/skaitytaknyga.lt\/#\/schema\/logo\/image\/","url":"https:\/\/skaitytaknyga.lt\/wp-content\/uploads\/2024\/05\/cropped-cropped-cropped-02_00843_jt3bggkj1j3HLc7SyY6rEUpg.jpeg","contentUrl":"https:\/\/skaitytaknyga.lt\/wp-content\/uploads\/2024\/05\/cropped-cropped-cropped-02_00843_jt3bggkj1j3HLc7SyY6rEUpg.jpeg","width":1600,"height":1600,"caption":"skaitytaknyga.lt"},"image":{"@id":"https:\/\/skaitytaknyga.lt\/#\/schema\/logo\/image\/"},"sameAs":["https:\/\/www.facebook.com\/skaitytaknyga\/"]}]}},"_links":{"self":[{"href":"https:\/\/skaitytaknyga.lt\/en\/wp-json\/wp\/v2\/product\/15272","targetHints":{"allow":["GET"]}}],"collection":[{"href":"https:\/\/skaitytaknyga.lt\/en\/wp-json\/wp\/v2\/product"}],"about":[{"href":"https:\/\/skaitytaknyga.lt\/en\/wp-json\/wp\/v2\/types\/product"}],"replies":[{"embeddable":true,"href":"https:\/\/skaitytaknyga.lt\/en\/wp-json\/wp\/v2\/comments?post=15272"}],"wp:featuredmedia":[{"embeddable":true,"href":"https:\/\/skaitytaknyga.lt\/en\/wp-json\/wp\/v2\/media\/15312"}],"wp:attachment":[{"href":"https:\/\/skaitytaknyga.lt\/en\/wp-json\/wp\/v2\/media?parent=15272"}],"wp:term":[{"taxonomy":"product_brand","embeddable":true,"href":"https:\/\/skaitytaknyga.lt\/en\/wp-json\/wp\/v2\/product_brand?post=15272"},{"taxonomy":"product_cat","embeddable":true,"href":"https:\/\/skaitytaknyga.lt\/en\/wp-json\/wp\/v2\/product_cat?post=15272"},{"taxonomy":"product_tag","embeddable":true,"href":"https:\/\/skaitytaknyga.lt\/en\/wp-json\/wp\/v2\/product_tag?post=15272"}],"curies":[{"name":"wp","href":"https:\/\/api.w.org\/{rel}","templated":true}]}}