{"id":15271,"date":"2024-12-10T09:17:53","date_gmt":"2024-12-10T07:17:53","guid":{"rendered":"https:\/\/skaitytaknyga.lt\/?post_type=product&#038;p=15271"},"modified":"2024-12-11T08:25:37","modified_gmt":"2024-12-11T06:25:37","slug":"bitlas-ana-orka-ir-as","status":"publish","type":"product","link":"https:\/\/skaitytaknyga.lt\/en\/produktas\/bitlas-ana-orka-ir-as\/","title":{"rendered":"Bitlas, Ana Orka ir a\u0161"},"content":{"rendered":"<p>Tod\u0117l ir dau\u017eiau t\u0105 sen\u0105 kledar\u0105, nes \u017einojau, kad nauj\u0105 nupirks. Tereikia kiek ilgiau pavaidinti nelaiming\u0105, o nelaimingi vaikai t\u0117vams sukelia kalt\u0117s jausm\u0105, ypa\u010d, jei tie t\u0117vai i\u0161siskyr\u0119.<\/p>\n<p>\u0160is tikras, talentingai para\u0161ytas romanas \u201eBitlas, Ana Orka ir a\u0161\u201c \u2013 apie paauglyst\u0119, kuri visiems romano veik\u0117jams yra did\u017eiausias gyvenimo i\u0161bandymas: ir \u0161e\u0161iolikme\u010diams, ir j\u0173 t\u0117vams. \u0160eimos \u010dia \u201eproblemin\u0117s&#8221;, kiekviena savaip, ir karai jose vyksta be joki\u0173 taisykli\u0173.<\/p>\n<p>Savo istorij\u0105 pasakoja didysis manipuliuotojas, melagis ir prisitaik\u0117lis, kurio vardo tikrai neatsiminsite, bet jo nelaimingo gyvenimo ir prarastos meil\u0117s istorija jus sukr\u0117s.<br \/>\nTai taip skausminga, atpa\u017e\u012fstama ir&#8230; juokinga.<\/p>\n<p>\u012esiv\u0117l\u0119s \u012f tikr\u0105 nusikaltim\u0105 ir v\u0117l pasisl\u0117p\u0119s u\u017e vaidmens, kur\u012f vaidina prie\u0161 visus, nes yra tragi\u0161kai vieni\u0161as ir nelaimingas, herojus padaro klaid\u0105, kuri\u0105 teks taisyti vis\u0105 likus\u012f gyvenim\u0105 ir<br \/>\nskausmingai pasiekti tai, k\u0105 gal\u0117jo gauti, jeigu ry\u0161iai tada, paauglyst\u0117je, b\u016bt\u0173 tikri ir paremti meile, o ne jos vaizdavimu.<\/p>\n<p>\u0160i knyga t\u0117vams apie JUOS, paauglius, kurie sugriauna t\u0117v\u0173 gyvenimus, ir JIEMS, paaugliams, kuri\u0173 vaiki\u0161kos vasaros taip greitai ir tragi\u0161kai pasibaigia.<\/p>\n<p>Ir visiems \u2013 apie b\u016btinyb\u0119 ir laim\u0119 sutikti savo Bitl\u0105&#8230;<\/p>\n<ul class=\"about-product d-none d-xl-block mt-4\">\n<li><strong>Autorius:<\/strong>\u00a0Asta Jolanta Mi\u0161kinyt\u0117<\/li>\n<li><strong>Leid\u0117jas:<\/strong>\u00a0Tyto alba<\/li>\n<li><strong>Metai:<\/strong>\u00a02020<\/li>\n<li><strong>Puslapiai:<\/strong>\u00a0288<\/li>\n<li class=\"toggleable type-new-formats \"><strong>ISBN:<\/strong>\u00a09786094664533<\/li>\n<li><strong>Versijos kodas:<\/strong>\u00a05<\/li>\n<li class=\"toggleable type-new-formats \"><strong>Formatas:<\/strong>\u00a014,7 x 22,1 x 2,9 cm, kieti vir\u0161eliai<\/li>\n<li><strong>Kalba:<\/strong>\u00a0Lietuvi\u0173<\/li>\n<\/ul>\n","protected":false},"excerpt":{"rendered":"<p>Tod\u0117l ir dau\u017eiau t\u0105 sen\u0105 kledar\u0105, nes \u017einojau, kad nauj\u0105 nupirks. Tereikia kiek ilgiau pavaidinti nelaiming\u0105, o nelaimingi vaikai t\u0117vams sukelia kalt\u0117s jausm\u0105, ypa\u010d, jei tie t\u0117vai i\u0161siskyr\u0119. \u0160is tikras, talentingai para\u0161ytas romanas \u201eBitlas, Ana Orka ir a\u0161\u201c \u2013 apie paauglyst\u0119, kuri visiems romano veik\u0117jams yra did\u017eiausias gyvenimo i\u0161bandymas: ir \u0161e\u0161iolikme\u010diams, ir j\u0173 t\u0117vams. \u0160eimos \u010dia \u201eproblemin\u0117s&#8221;, kiekviena savaip, ir karai jose vyksta be joki\u0173 taisykli\u0173. Savo istorij\u0105 pasakoja didysis manipuliuotojas, melagis ir prisitaik\u0117lis, kurio vardo tikrai neatsiminsite, bet jo nelaimingo gyvenimo ir prarastos meil\u0117s istorija jus sukr\u0117s. Tai taip skausminga, atpa\u017e\u012fstama ir&#8230; juokinga. \u012esiv\u0117l\u0119s \u012f tikr\u0105 nusikaltim\u0105 ir v\u0117l pasisl\u0117p\u0119s u\u017e vaidmens, kur\u012f vaidina prie\u0161 visus, nes yra tragi\u0161kai vieni\u0161as ir nelaimingas, herojus padaro klaid\u0105, kuri\u0105 teks taisyti vis\u0105 likus\u012f gyvenim\u0105 ir skausmingai pasiekti tai, k\u0105 gal\u0117jo gauti, jeigu ry\u0161iai tada, paauglyst\u0117je, b\u016bt\u0173 tikri ir paremti meile, o ne jos vaizdavimu. \u0160i knyga t\u0117vams apie JUOS, paauglius, kurie sugriauna t\u0117v\u0173 gyvenimus, ir JIEMS, paaugliams, kuri\u0173 vaiki\u0161kos vasaros taip greitai ir tragi\u0161kai pasibaigia. Ir visiems \u2013 apie b\u016btinyb\u0119 ir laim\u0119 sutikti savo Bitl\u0105&#8230; Autorius:\u00a0Asta Jolanta Mi\u0161kinyt\u0117 Leid\u0117jas:\u00a0Tyto alba Metai:\u00a02020 Puslapiai:\u00a0288 ISBN:\u00a09786094664533 Versijos kodas:\u00a05 Formatas:\u00a014,7 x 22,1 x 2,9 cm, kieti vir\u0161eliai Kalba:\u00a0Lietuvi\u0173<\/p>\n","protected":false},"featured_media":15313,"comment_status":"open","ping_status":"closed","template":"","meta":{"_acf_changed":false,"site-sidebar-layout":"default","site-content-layout":"","ast-site-content-layout":"default","site-content-style":"default","site-sidebar-style":"default","ast-global-header-display":"","ast-banner-title-visibility":"","ast-main-header-display":"","ast-hfb-above-header-display":"","ast-hfb-below-header-display":"","ast-hfb-mobile-header-display":"","site-post-title":"","ast-breadcrumbs-content":"","ast-featured-img":"","footer-sml-layout":"","ast-disable-related-posts":"","theme-transparent-header-meta":"default","adv-header-id-meta":"","stick-header-meta":"","header-above-stick-meta":"","header-main-stick-meta":"","header-below-stick-meta":"","astra-migrate-meta-layouts":"set","ast-page-background-enabled":"default","ast-page-background-meta":{"desktop":{"background-color":"","background-image":"","background-repeat":"repeat","background-position":"center center","background-size":"auto","background-attachment":"scroll","background-type":"","background-media":"","overlay-type":"","overlay-color":"","overlay-opacity":"","overlay-gradient":""},"tablet":{"background-color":"","background-image":"","background-repeat":"repeat","background-position":"center center","background-size":"auto","background-attachment":"scroll","background-type":"","background-media":"","overlay-type":"","overlay-color":"","overlay-opacity":"","overlay-gradient":""},"mobile":{"background-color":"","background-image":"","background-repeat":"repeat","background-position":"center center","background-size":"auto","background-attachment":"scroll","background-type":"","background-media":"","overlay-type":"","overlay-color":"","overlay-opacity":"","overlay-gradient":""}},"ast-content-background-meta":{"desktop":{"background-color":"var(--ast-global-color-4)","background-image":"","background-repeat":"repeat","background-position":"center center","background-size":"auto","background-attachment":"scroll","background-type":"","background-media":"","overlay-type":"","overlay-color":"","overlay-opacity":"","overlay-gradient":""},"tablet":{"background-color":"var(--ast-global-color-4)","background-image":"","background-repeat":"repeat","background-position":"center center","background-size":"auto","background-attachment":"scroll","background-type":"","background-media":"","overlay-type":"","overlay-color":"","overlay-opacity":"","overlay-gradient":""},"mobile":{"background-color":"var(--ast-global-color-4)","background-image":"","background-repeat":"repeat","background-position":"center center","background-size":"auto","background-attachment":"scroll","background-type":"","background-media":"","overlay-type":"","overlay-color":"","overlay-opacity":"","overlay-gradient":""}}},"product_brand":[],"product_cat":[15],"product_tag":[],"class_list":{"0":"post-15271","1":"product","2":"type-product","3":"status-publish","4":"has-post-thumbnail","6":"product_cat-uncategorized","7":"desktop-align-left","8":"tablet-align-left","9":"mobile-align-left","11":"first","12":"instock","13":"shipping-taxable","14":"purchasable","15":"product-type-simple"},"acf":[],"yoast_head":"<!-- This site is optimized with the Yoast SEO plugin v27.0 - https:\/\/yoast.com\/product\/yoast-seo-wordpress\/ -->\n<title>Bitlas, Ana Orka ir a\u0161<\/title>\n<meta name=\"description\" content=\"Tod\u0117l ir dau\u017eiau t\u0105 sen\u0105 kledar\u0105, nes \u017einojau, kad nauj\u0105 nupirks. Tereikia kiek ilgiau pavaidinti nelaiming\u0105, o nelaimingi vaikai t\u0117vams sukelia kalt\u0117s\" \/>\n<meta name=\"robots\" content=\"index, follow, max-snippet:-1, max-image-preview:large, max-video-preview:-1\" \/>\n<link rel=\"canonical\" href=\"https:\/\/skaitytaknyga.lt\/en\/produktas\/bitlas-ana-orka-ir-as\/\" \/>\n<meta property=\"og:locale\" content=\"en_GB\" \/>\n<meta property=\"og:locale:alternate\" content=\"lt_LT\" \/>\n<meta property=\"og:type\" content=\"article\" \/>\n<meta property=\"og:title\" content=\"Bitlas, Ana Orka ir a\u0161\" \/>\n<meta property=\"og:description\" content=\"Tod\u0117l ir dau\u017eiau t\u0105 sen\u0105 kledar\u0105, nes \u017einojau, kad nauj\u0105 nupirks. Tereikia kiek ilgiau pavaidinti nelaiming\u0105, o nelaimingi vaikai t\u0117vams sukelia kalt\u0117s\" \/>\n<meta property=\"og:url\" content=\"https:\/\/skaitytaknyga.lt\/en\/produktas\/bitlas-ana-orka-ir-as\/\" \/>\n<meta property=\"og:site_name\" content=\"Skaitytaknyga\" \/>\n<meta property=\"article:publisher\" content=\"https:\/\/www.facebook.com\/skaitytaknyga\/\" \/>\n<meta property=\"article:modified_time\" content=\"2024-12-11T06:25:37+00:00\" \/>\n<meta property=\"og:image\" content=\"https:\/\/skaitytaknyga.lt\/wp-content\/uploads\/2024\/12\/Bitlas-Ana-Orka-ir-as.webp\" \/>\n\t<meta property=\"og:image:width\" content=\"423\" \/>\n\t<meta property=\"og:image:height\" content=\"635\" \/>\n\t<meta property=\"og:image:type\" content=\"image\/webp\" \/>\n<meta name=\"twitter:card\" content=\"summary_large_image\" \/>\n<meta name=\"twitter:label1\" content=\"Estimated reading time\" \/>\n\t<meta name=\"twitter:data1\" content=\"2 minutes\" \/>\n<script type=\"application\/ld+json\" class=\"yoast-schema-graph\">{\"@context\":\"https:\/\/schema.org\",\"@graph\":[{\"@type\":\"WebPage\",\"@id\":\"https:\/\/skaitytaknyga.lt\/produktas\/bitlas-ana-orka-ir-as\/\",\"url\":\"https:\/\/skaitytaknyga.lt\/produktas\/bitlas-ana-orka-ir-as\/\",\"name\":\"Bitlas, Ana Orka ir a\u0161\",\"isPartOf\":{\"@id\":\"https:\/\/skaitytaknyga.lt\/#website\"},\"primaryImageOfPage\":{\"@id\":\"https:\/\/skaitytaknyga.lt\/produktas\/bitlas-ana-orka-ir-as\/#primaryimage\"},\"image\":{\"@id\":\"https:\/\/skaitytaknyga.lt\/produktas\/bitlas-ana-orka-ir-as\/#primaryimage\"},\"thumbnailUrl\":\"https:\/\/skaitytaknyga.lt\/wp-content\/uploads\/2024\/12\/Bitlas-Ana-Orka-ir-as.webp\",\"datePublished\":\"2024-12-10T07:17:53+00:00\",\"dateModified\":\"2024-12-11T06:25:37+00:00\",\"description\":\"Tod\u0117l ir dau\u017eiau t\u0105 sen\u0105 kledar\u0105, nes \u017einojau, kad nauj\u0105 nupirks. Tereikia kiek ilgiau pavaidinti nelaiming\u0105, o nelaimingi vaikai t\u0117vams sukelia kalt\u0117s\",\"breadcrumb\":{\"@id\":\"https:\/\/skaitytaknyga.lt\/produktas\/bitlas-ana-orka-ir-as\/#breadcrumb\"},\"inLanguage\":\"en-GB\",\"potentialAction\":[{\"@type\":\"ReadAction\",\"target\":[\"https:\/\/skaitytaknyga.lt\/produktas\/bitlas-ana-orka-ir-as\/\"]}]},{\"@type\":\"ImageObject\",\"inLanguage\":\"en-GB\",\"@id\":\"https:\/\/skaitytaknyga.lt\/produktas\/bitlas-ana-orka-ir-as\/#primaryimage\",\"url\":\"https:\/\/skaitytaknyga.lt\/wp-content\/uploads\/2024\/12\/Bitlas-Ana-Orka-ir-as.webp\",\"contentUrl\":\"https:\/\/skaitytaknyga.lt\/wp-content\/uploads\/2024\/12\/Bitlas-Ana-Orka-ir-as.webp\",\"width\":423,\"height\":635,\"caption\":\"Bitlas, Ana Orka ir a\u0161\"},{\"@type\":\"BreadcrumbList\",\"@id\":\"https:\/\/skaitytaknyga.lt\/produktas\/bitlas-ana-orka-ir-as\/#breadcrumb\",\"itemListElement\":[{\"@type\":\"ListItem\",\"position\":1,\"name\":\"Home\",\"item\":\"https:\/\/skaitytaknyga.lt\/\"},{\"@type\":\"ListItem\",\"position\":2,\"name\":\"Parduotuv\u0117\",\"item\":\"https:\/\/skaitytaknyga.lt\/knygu-parduotuve\/\"},{\"@type\":\"ListItem\",\"position\":3,\"name\":\"Bitlas, Ana Orka ir a\u0161\"}]},{\"@type\":\"WebSite\",\"@id\":\"https:\/\/skaitytaknyga.lt\/#website\",\"url\":\"https:\/\/skaitytaknyga.lt\/\",\"name\":\"skaitytaknyga.lt\",\"description\":\"Skaitytaknyga.lt \u2013 tai ma\u017eas \u0161eimos verslas, kuris prasid\u0117jo nuo meil\u0117s knygoms ir siekio i\u0161gelb\u0117ti knygas nuo likimo prie konteinerio. Kas vienam nereikalingas daiktas \u2013 kitam lobis, o mes esame tarpininkai, kurie padeda abiems tapti laimingesniems ???? \u017dinome kaip nelengva i\u0161gyventi ma\u017eiems verslams, tad nuo \u0161iol, \u010dia rasite ir kit\u0173, ma\u017e\u0173 \u0161eim\u0173 versl\u0173, rank\u0173 darbo, dovan\u0173 sau ir artimiesiems.\",\"publisher\":{\"@id\":\"https:\/\/skaitytaknyga.lt\/#organization\"},\"potentialAction\":[{\"@type\":\"SearchAction\",\"target\":{\"@type\":\"EntryPoint\",\"urlTemplate\":\"https:\/\/skaitytaknyga.lt\/?s={search_term_string}\"},\"query-input\":{\"@type\":\"PropertyValueSpecification\",\"valueRequired\":true,\"valueName\":\"search_term_string\"}}],\"inLanguage\":\"en-GB\"},{\"@type\":\"Organization\",\"@id\":\"https:\/\/skaitytaknyga.lt\/#organization\",\"name\":\"skaitytaknyga.lt\",\"url\":\"https:\/\/skaitytaknyga.lt\/\",\"logo\":{\"@type\":\"ImageObject\",\"inLanguage\":\"en-GB\",\"@id\":\"https:\/\/skaitytaknyga.lt\/#\/schema\/logo\/image\/\",\"url\":\"https:\/\/skaitytaknyga.lt\/wp-content\/uploads\/2024\/05\/cropped-cropped-cropped-02_00843_jt3bggkj1j3HLc7SyY6rEUpg.jpeg\",\"contentUrl\":\"https:\/\/skaitytaknyga.lt\/wp-content\/uploads\/2024\/05\/cropped-cropped-cropped-02_00843_jt3bggkj1j3HLc7SyY6rEUpg.jpeg\",\"width\":1600,\"height\":1600,\"caption\":\"skaitytaknyga.lt\"},\"image\":{\"@id\":\"https:\/\/skaitytaknyga.lt\/#\/schema\/logo\/image\/\"},\"sameAs\":[\"https:\/\/www.facebook.com\/skaitytaknyga\/\"]}]}<\/script>\n<!-- \/ Yoast SEO plugin. -->","yoast_head_json":{"title":"Bitlas, Ana Orka ir a\u0161","description":"Tod\u0117l ir dau\u017eiau t\u0105 sen\u0105 kledar\u0105, nes \u017einojau, kad nauj\u0105 nupirks. Tereikia kiek ilgiau pavaidinti nelaiming\u0105, o nelaimingi vaikai t\u0117vams sukelia kalt\u0117s","robots":{"index":"index","follow":"follow","max-snippet":"max-snippet:-1","max-image-preview":"max-image-preview:large","max-video-preview":"max-video-preview:-1"},"canonical":"https:\/\/skaitytaknyga.lt\/en\/produktas\/bitlas-ana-orka-ir-as\/","og_locale":"en_GB","og_type":"article","og_title":"[:lt]Bitlas, Ana Orka ir a\u0161[:] - Skaitytaknyga","og_description":"Tod\u0117l ir dau\u017eiau t\u0105 sen\u0105 kledar\u0105, nes \u017einojau, kad nauj\u0105 nupirks. Tereikia kiek ilgiau pavaidinti nelaiming\u0105, o nelaimingi vaikai t\u0117vams sukelia kalt\u0117s","og_url":"https:\/\/skaitytaknyga.lt\/en\/produktas\/bitlas-ana-orka-ir-as\/","og_site_name":"Skaitytaknyga","article_publisher":"https:\/\/www.facebook.com\/skaitytaknyga\/","article_modified_time":"2024-12-11T06:25:37+00:00","og_image":[{"width":423,"height":635,"url":"https:\/\/skaitytaknyga.lt\/wp-content\/uploads\/2024\/12\/Bitlas-Ana-Orka-ir-as.webp","type":"image\/webp"}],"twitter_card":"summary_large_image","twitter_misc":{"Estimated reading time":"2 minutes"},"schema":{"@context":"https:\/\/schema.org","@graph":[{"@type":"WebPage","@id":"https:\/\/skaitytaknyga.lt\/produktas\/bitlas-ana-orka-ir-as\/","url":"https:\/\/skaitytaknyga.lt\/produktas\/bitlas-ana-orka-ir-as\/","name":"Bitlas, Ana Orka ir a\u0161","isPartOf":{"@id":"https:\/\/skaitytaknyga.lt\/#website"},"primaryImageOfPage":{"@id":"https:\/\/skaitytaknyga.lt\/produktas\/bitlas-ana-orka-ir-as\/#primaryimage"},"image":{"@id":"https:\/\/skaitytaknyga.lt\/produktas\/bitlas-ana-orka-ir-as\/#primaryimage"},"thumbnailUrl":"https:\/\/skaitytaknyga.lt\/wp-content\/uploads\/2024\/12\/Bitlas-Ana-Orka-ir-as.webp","datePublished":"2024-12-10T07:17:53+00:00","dateModified":"2024-12-11T06:25:37+00:00","description":"Tod\u0117l ir dau\u017eiau t\u0105 sen\u0105 kledar\u0105, nes \u017einojau, kad nauj\u0105 nupirks. Tereikia kiek ilgiau pavaidinti nelaiming\u0105, o nelaimingi vaikai t\u0117vams sukelia kalt\u0117s","breadcrumb":{"@id":"https:\/\/skaitytaknyga.lt\/produktas\/bitlas-ana-orka-ir-as\/#breadcrumb"},"inLanguage":"en-GB","potentialAction":[{"@type":"ReadAction","target":["https:\/\/skaitytaknyga.lt\/produktas\/bitlas-ana-orka-ir-as\/"]}]},{"@type":"ImageObject","inLanguage":"en-GB","@id":"https:\/\/skaitytaknyga.lt\/produktas\/bitlas-ana-orka-ir-as\/#primaryimage","url":"https:\/\/skaitytaknyga.lt\/wp-content\/uploads\/2024\/12\/Bitlas-Ana-Orka-ir-as.webp","contentUrl":"https:\/\/skaitytaknyga.lt\/wp-content\/uploads\/2024\/12\/Bitlas-Ana-Orka-ir-as.webp","width":423,"height":635,"caption":"Bitlas, Ana Orka ir a\u0161"},{"@type":"BreadcrumbList","@id":"https:\/\/skaitytaknyga.lt\/produktas\/bitlas-ana-orka-ir-as\/#breadcrumb","itemListElement":[{"@type":"ListItem","position":1,"name":"Home","item":"https:\/\/skaitytaknyga.lt\/"},{"@type":"ListItem","position":2,"name":"Parduotuv\u0117","item":"https:\/\/skaitytaknyga.lt\/knygu-parduotuve\/"},{"@type":"ListItem","position":3,"name":"Bitlas, Ana Orka ir a\u0161"}]},{"@type":"WebSite","@id":"https:\/\/skaitytaknyga.lt\/#website","url":"https:\/\/skaitytaknyga.lt\/","name":"skaitytaknyga.lt","description":"Skaitytaknyga.lt \u2013 tai ma\u017eas \u0161eimos verslas, kuris prasid\u0117jo nuo meil\u0117s knygoms ir siekio i\u0161gelb\u0117ti knygas nuo likimo prie konteinerio. Kas vienam nereikalingas daiktas \u2013 kitam lobis, o mes esame tarpininkai, kurie padeda abiems tapti laimingesniems ???? \u017dinome kaip nelengva i\u0161gyventi ma\u017eiems verslams, tad nuo \u0161iol, \u010dia rasite ir kit\u0173, ma\u017e\u0173 \u0161eim\u0173 versl\u0173, rank\u0173 darbo, dovan\u0173 sau ir artimiesiems.","publisher":{"@id":"https:\/\/skaitytaknyga.lt\/#organization"},"potentialAction":[{"@type":"SearchAction","target":{"@type":"EntryPoint","urlTemplate":"https:\/\/skaitytaknyga.lt\/?s={search_term_string}"},"query-input":{"@type":"PropertyValueSpecification","valueRequired":true,"valueName":"search_term_string"}}],"inLanguage":"en-GB"},{"@type":"Organization","@id":"https:\/\/skaitytaknyga.lt\/#organization","name":"skaitytaknyga.lt","url":"https:\/\/skaitytaknyga.lt\/","logo":{"@type":"ImageObject","inLanguage":"en-GB","@id":"https:\/\/skaitytaknyga.lt\/#\/schema\/logo\/image\/","url":"https:\/\/skaitytaknyga.lt\/wp-content\/uploads\/2024\/05\/cropped-cropped-cropped-02_00843_jt3bggkj1j3HLc7SyY6rEUpg.jpeg","contentUrl":"https:\/\/skaitytaknyga.lt\/wp-content\/uploads\/2024\/05\/cropped-cropped-cropped-02_00843_jt3bggkj1j3HLc7SyY6rEUpg.jpeg","width":1600,"height":1600,"caption":"skaitytaknyga.lt"},"image":{"@id":"https:\/\/skaitytaknyga.lt\/#\/schema\/logo\/image\/"},"sameAs":["https:\/\/www.facebook.com\/skaitytaknyga\/"]}]}},"_links":{"self":[{"href":"https:\/\/skaitytaknyga.lt\/en\/wp-json\/wp\/v2\/product\/15271","targetHints":{"allow":["GET"]}}],"collection":[{"href":"https:\/\/skaitytaknyga.lt\/en\/wp-json\/wp\/v2\/product"}],"about":[{"href":"https:\/\/skaitytaknyga.lt\/en\/wp-json\/wp\/v2\/types\/product"}],"replies":[{"embeddable":true,"href":"https:\/\/skaitytaknyga.lt\/en\/wp-json\/wp\/v2\/comments?post=15271"}],"wp:featuredmedia":[{"embeddable":true,"href":"https:\/\/skaitytaknyga.lt\/en\/wp-json\/wp\/v2\/media\/15313"}],"wp:attachment":[{"href":"https:\/\/skaitytaknyga.lt\/en\/wp-json\/wp\/v2\/media?parent=15271"}],"wp:term":[{"taxonomy":"product_brand","embeddable":true,"href":"https:\/\/skaitytaknyga.lt\/en\/wp-json\/wp\/v2\/product_brand?post=15271"},{"taxonomy":"product_cat","embeddable":true,"href":"https:\/\/skaitytaknyga.lt\/en\/wp-json\/wp\/v2\/product_cat?post=15271"},{"taxonomy":"product_tag","embeddable":true,"href":"https:\/\/skaitytaknyga.lt\/en\/wp-json\/wp\/v2\/product_tag?post=15271"}],"curies":[{"name":"wp","href":"https:\/\/api.w.org\/{rel}","templated":true}]}}