{"id":15270,"date":"2023-12-10T08:49:29","date_gmt":"2023-12-10T06:49:29","guid":{"rendered":"https:\/\/skaitytaknyga.lt\/?post_type=product&#038;p=15270"},"modified":"2025-05-13T15:25:52","modified_gmt":"2025-05-13T12:25:52","slug":"pagaliau-sekme-valgau-ir-liekneju","status":"publish","type":"product","link":"https:\/\/skaitytaknyga.lt\/en\/produktas\/pagaliau-sekme-valgau-ir-liekneju\/","title":{"rendered":"Pagaliau s\u0117km\u0117-valgau ir liekn\u0117ju!"},"content":{"rendered":"<p>\u0160ioje Almos Mieliauskien\u0117s knygoje aptariami psichologiniai nutukimo aspektai, analizuojamos asmenyb\u0117s nuostat\u0173 ir pozityvios motyvacijos siekiant \u012ftakoti savo egzistencij\u0105 vystymosi prie\u017eastys. Autor\u0117 skatina kiekvien\u0105 \u017emog\u0173 savyje \u012f\u017evelgti i\u0161skirtin\u0119 savo misij\u0105 \u0161ioje \u017eem\u0117je, ie\u0161ko argument\u0173, kad \u012fvertintume Auk\u0161\u010diausiojo dovanas ir \u012fgytume pasitik\u0117jimo savo j\u0117gomis.<\/p>\n<p>Knygoje analizuojamos emocinio diskomforto prie\u017eastys, j\u0173 ry\u0161ys su somatin\u0117mis problemomis ir ie\u0161koma motyvacijos tiems, kas trok\u0161ta i\u0161sivaduoti i\u0161 slegian\u010di\u0173 vir\u0161svorio kilogram\u0173 na\u0161tos. Knygoje sakoma: atsakymas \u2013 tavyje pa\u010diame. Ir tau turi b\u016bti gerai!<\/p>\n","protected":false},"excerpt":{"rendered":"<p>\u0160ioje Almos Mieliauskien\u0117s knygoje aptariami psichologiniai nutukimo aspektai, analizuojamos asmenyb\u0117s nuostat\u0173 ir pozityvios motyvacijos siekiant \u012ftakoti savo egzistencij\u0105 vystymosi prie\u017eastys. Autor\u0117 skatina kiekvien\u0105 \u017emog\u0173 savyje \u012f\u017evelgti i\u0161skirtin\u0119 savo misij\u0105 \u0161ioje \u017eem\u0117je, ie\u0161ko argument\u0173, kad \u012fvertintume Auk\u0161\u010diausiojo dovanas ir \u012fgytume pasitik\u0117jimo savo j\u0117gomis. Knygoje analizuojamos emocinio diskomforto prie\u017eastys, j\u0173 ry\u0161ys su somatin\u0117mis problemomis ir ie\u0161koma motyvacijos tiems, kas trok\u0161ta i\u0161sivaduoti i\u0161 slegian\u010di\u0173 vir\u0161svorio kilogram\u0173 na\u0161tos. Knygoje sakoma: atsakymas \u2013 tavyje pa\u010diame. Ir tau turi b\u016bti gerai!<\/p>\n","protected":false},"featured_media":15325,"comment_status":"open","ping_status":"closed","template":"","meta":{"_acf_changed":false,"site-sidebar-layout":"default","site-content-layout":"","ast-site-content-layout":"default","site-content-style":"default","site-sidebar-style":"default","ast-global-header-display":"","ast-banner-title-visibility":"","ast-main-header-display":"","ast-hfb-above-header-display":"","ast-hfb-below-header-display":"","ast-hfb-mobile-header-display":"","site-post-title":"","ast-breadcrumbs-content":"","ast-featured-img":"","footer-sml-layout":"","ast-disable-related-posts":"","theme-transparent-header-meta":"default","adv-header-id-meta":"","stick-header-meta":"","header-above-stick-meta":"","header-main-stick-meta":"","header-below-stick-meta":"","astra-migrate-meta-layouts":"set","ast-page-background-enabled":"default","ast-page-background-meta":{"desktop":{"background-color":"","background-image":"","background-repeat":"repeat","background-position":"center center","background-size":"auto","background-attachment":"scroll","background-type":"","background-media":"","overlay-type":"","overlay-color":"","overlay-opacity":"","overlay-gradient":""},"tablet":{"background-color":"","background-image":"","background-repeat":"repeat","background-position":"center center","background-size":"auto","background-attachment":"scroll","background-type":"","background-media":"","overlay-type":"","overlay-color":"","overlay-opacity":"","overlay-gradient":""},"mobile":{"background-color":"","background-image":"","background-repeat":"repeat","background-position":"center center","background-size":"auto","background-attachment":"scroll","background-type":"","background-media":"","overlay-type":"","overlay-color":"","overlay-opacity":"","overlay-gradient":""}},"ast-content-background-meta":{"desktop":{"background-color":"var(--ast-global-color-4)","background-image":"","background-repeat":"repeat","background-position":"center center","background-size":"auto","background-attachment":"scroll","background-type":"","background-media":"","overlay-type":"","overlay-color":"","overlay-opacity":"","overlay-gradient":""},"tablet":{"background-color":"var(--ast-global-color-4)","background-image":"","background-repeat":"repeat","background-position":"center center","background-size":"auto","background-attachment":"scroll","background-type":"","background-media":"","overlay-type":"","overlay-color":"","overlay-opacity":"","overlay-gradient":""},"mobile":{"background-color":"var(--ast-global-color-4)","background-image":"","background-repeat":"repeat","background-position":"center center","background-size":"auto","background-attachment":"scroll","background-type":"","background-media":"","overlay-type":"","overlay-color":"","overlay-opacity":"","overlay-gradient":""}}},"product_brand":[],"product_cat":[15],"product_tag":[2426,2196,1396,1680,2197],"class_list":{"0":"post-15270","1":"product","2":"type-product","3":"status-publish","4":"has-post-thumbnail","6":"product_cat-uncategorized","7":"product_tag-gyvenimo-kokybe","8":"product_tag-mityba","9":"product_tag-saviugda","10":"product_tag-sveikata","11":"product_tag-svorio-metimas","12":"desktop-align-left","13":"tablet-align-left","14":"mobile-align-left","16":"first","17":"instock","18":"shipping-taxable","19":"purchasable","20":"product-type-simple"},"acf":[],"yoast_head":"<!-- This site is optimized with the Yoast SEO plugin v27.0 - https:\/\/yoast.com\/product\/yoast-seo-wordpress\/ -->\n<title>Pagaliau s\u0117km\u0117-valgau ir liekn\u0117ju!<\/title>\n<meta name=\"description\" content=\"\u0160ioje Almos Mieliauskien\u0117s knygoje aptariami psichologiniai nutukimo aspektai, analizuojamos asmenyb\u0117s nuostat\u0173 ir pozityvios motyvacijos siekiant \u012ftakoti\" \/>\n<meta name=\"robots\" content=\"index, follow, max-snippet:-1, max-image-preview:large, max-video-preview:-1\" \/>\n<link rel=\"canonical\" href=\"https:\/\/skaitytaknyga.lt\/en\/produktas\/pagaliau-sekme-valgau-ir-liekneju\/\" \/>\n<meta property=\"og:locale\" content=\"en_GB\" \/>\n<meta property=\"og:locale:alternate\" content=\"lt_LT\" \/>\n<meta property=\"og:type\" content=\"article\" \/>\n<meta property=\"og:title\" content=\"Pagaliau s\u0117km\u0117-valgau ir liekn\u0117ju!\" \/>\n<meta property=\"og:description\" content=\"\u0160ioje Almos Mieliauskien\u0117s knygoje aptariami psichologiniai nutukimo aspektai, analizuojamos asmenyb\u0117s nuostat\u0173 ir pozityvios motyvacijos siekiant \u012ftakoti\" \/>\n<meta property=\"og:url\" content=\"https:\/\/skaitytaknyga.lt\/en\/produktas\/pagaliau-sekme-valgau-ir-liekneju\/\" \/>\n<meta property=\"og:site_name\" content=\"Skaitytaknyga\" \/>\n<meta property=\"article:publisher\" content=\"https:\/\/www.facebook.com\/skaitytaknyga\/\" \/>\n<meta property=\"article:modified_time\" content=\"2025-05-13T12:25:52+00:00\" \/>\n<meta property=\"og:image\" content=\"https:\/\/skaitytaknyga.lt\/wp-content\/uploads\/2024\/12\/Pagaliau-sekme-valgau-ir-liekneju.webp\" \/>\n\t<meta property=\"og:image:width\" content=\"516\" \/>\n\t<meta property=\"og:image:height\" content=\"800\" \/>\n\t<meta property=\"og:image:type\" content=\"image\/webp\" \/>\n<meta name=\"twitter:card\" content=\"summary_large_image\" \/>\n<meta name=\"twitter:label1\" content=\"Estimated reading time\" \/>\n\t<meta name=\"twitter:data1\" content=\"1 minute\" \/>\n<script type=\"application\/ld+json\" class=\"yoast-schema-graph\">{\"@context\":\"https:\/\/schema.org\",\"@graph\":[{\"@type\":\"WebPage\",\"@id\":\"https:\/\/skaitytaknyga.lt\/produktas\/pagaliau-sekme-valgau-ir-liekneju\/\",\"url\":\"https:\/\/skaitytaknyga.lt\/produktas\/pagaliau-sekme-valgau-ir-liekneju\/\",\"name\":\"Pagaliau s\u0117km\u0117-valgau ir liekn\u0117ju!\",\"isPartOf\":{\"@id\":\"https:\/\/skaitytaknyga.lt\/#website\"},\"primaryImageOfPage\":{\"@id\":\"https:\/\/skaitytaknyga.lt\/produktas\/pagaliau-sekme-valgau-ir-liekneju\/#primaryimage\"},\"image\":{\"@id\":\"https:\/\/skaitytaknyga.lt\/produktas\/pagaliau-sekme-valgau-ir-liekneju\/#primaryimage\"},\"thumbnailUrl\":\"https:\/\/skaitytaknyga.lt\/wp-content\/uploads\/2024\/12\/Pagaliau-sekme-valgau-ir-liekneju.webp\",\"datePublished\":\"2023-12-10T06:49:29+00:00\",\"dateModified\":\"2025-05-13T12:25:52+00:00\",\"description\":\"\u0160ioje Almos Mieliauskien\u0117s knygoje aptariami psichologiniai nutukimo aspektai, analizuojamos asmenyb\u0117s nuostat\u0173 ir pozityvios motyvacijos siekiant \u012ftakoti\",\"breadcrumb\":{\"@id\":\"https:\/\/skaitytaknyga.lt\/produktas\/pagaliau-sekme-valgau-ir-liekneju\/#breadcrumb\"},\"inLanguage\":\"en-GB\",\"potentialAction\":[{\"@type\":\"ReadAction\",\"target\":[\"https:\/\/skaitytaknyga.lt\/produktas\/pagaliau-sekme-valgau-ir-liekneju\/\"]}]},{\"@type\":\"ImageObject\",\"inLanguage\":\"en-GB\",\"@id\":\"https:\/\/skaitytaknyga.lt\/produktas\/pagaliau-sekme-valgau-ir-liekneju\/#primaryimage\",\"url\":\"https:\/\/skaitytaknyga.lt\/wp-content\/uploads\/2024\/12\/Pagaliau-sekme-valgau-ir-liekneju.webp\",\"contentUrl\":\"https:\/\/skaitytaknyga.lt\/wp-content\/uploads\/2024\/12\/Pagaliau-sekme-valgau-ir-liekneju.webp\",\"width\":516,\"height\":800,\"caption\":\"Pagaliau s\u0117km\u0117-valgau ir liekn\u0117ju!\"},{\"@type\":\"BreadcrumbList\",\"@id\":\"https:\/\/skaitytaknyga.lt\/produktas\/pagaliau-sekme-valgau-ir-liekneju\/#breadcrumb\",\"itemListElement\":[{\"@type\":\"ListItem\",\"position\":1,\"name\":\"Home\",\"item\":\"https:\/\/skaitytaknyga.lt\/\"},{\"@type\":\"ListItem\",\"position\":2,\"name\":\"Parduotuv\u0117\",\"item\":\"https:\/\/skaitytaknyga.lt\/knygu-parduotuve\/\"},{\"@type\":\"ListItem\",\"position\":3,\"name\":\"Pagaliau s\u0117km\u0117-valgau ir liekn\u0117ju!\"}]},{\"@type\":\"WebSite\",\"@id\":\"https:\/\/skaitytaknyga.lt\/#website\",\"url\":\"https:\/\/skaitytaknyga.lt\/\",\"name\":\"skaitytaknyga.lt\",\"description\":\"Skaitytaknyga.lt \u2013 tai ma\u017eas \u0161eimos verslas, kuris prasid\u0117jo nuo meil\u0117s knygoms ir siekio i\u0161gelb\u0117ti knygas nuo likimo prie konteinerio. Kas vienam nereikalingas daiktas \u2013 kitam lobis, o mes esame tarpininkai, kurie padeda abiems tapti laimingesniems ???? \u017dinome kaip nelengva i\u0161gyventi ma\u017eiems verslams, tad nuo \u0161iol, \u010dia rasite ir kit\u0173, ma\u017e\u0173 \u0161eim\u0173 versl\u0173, rank\u0173 darbo, dovan\u0173 sau ir artimiesiems.\",\"publisher\":{\"@id\":\"https:\/\/skaitytaknyga.lt\/#organization\"},\"potentialAction\":[{\"@type\":\"SearchAction\",\"target\":{\"@type\":\"EntryPoint\",\"urlTemplate\":\"https:\/\/skaitytaknyga.lt\/?s={search_term_string}\"},\"query-input\":{\"@type\":\"PropertyValueSpecification\",\"valueRequired\":true,\"valueName\":\"search_term_string\"}}],\"inLanguage\":\"en-GB\"},{\"@type\":\"Organization\",\"@id\":\"https:\/\/skaitytaknyga.lt\/#organization\",\"name\":\"skaitytaknyga.lt\",\"url\":\"https:\/\/skaitytaknyga.lt\/\",\"logo\":{\"@type\":\"ImageObject\",\"inLanguage\":\"en-GB\",\"@id\":\"https:\/\/skaitytaknyga.lt\/#\/schema\/logo\/image\/\",\"url\":\"https:\/\/skaitytaknyga.lt\/wp-content\/uploads\/2024\/05\/cropped-cropped-cropped-02_00843_jt3bggkj1j3HLc7SyY6rEUpg.jpeg\",\"contentUrl\":\"https:\/\/skaitytaknyga.lt\/wp-content\/uploads\/2024\/05\/cropped-cropped-cropped-02_00843_jt3bggkj1j3HLc7SyY6rEUpg.jpeg\",\"width\":1600,\"height\":1600,\"caption\":\"skaitytaknyga.lt\"},\"image\":{\"@id\":\"https:\/\/skaitytaknyga.lt\/#\/schema\/logo\/image\/\"},\"sameAs\":[\"https:\/\/www.facebook.com\/skaitytaknyga\/\"]}]}<\/script>\n<!-- \/ Yoast SEO plugin. -->","yoast_head_json":{"title":"Pagaliau s\u0117km\u0117-valgau ir liekn\u0117ju!","description":"\u0160ioje Almos Mieliauskien\u0117s knygoje aptariami psichologiniai nutukimo aspektai, analizuojamos asmenyb\u0117s nuostat\u0173 ir pozityvios motyvacijos siekiant \u012ftakoti","robots":{"index":"index","follow":"follow","max-snippet":"max-snippet:-1","max-image-preview":"max-image-preview:large","max-video-preview":"max-video-preview:-1"},"canonical":"https:\/\/skaitytaknyga.lt\/en\/produktas\/pagaliau-sekme-valgau-ir-liekneju\/","og_locale":"en_GB","og_type":"article","og_title":"[:lt]Pagaliau s\u0117km\u0117-valgau ir liekn\u0117ju![:] - Skaitytaknyga","og_description":"\u0160ioje Almos Mieliauskien\u0117s knygoje aptariami psichologiniai nutukimo aspektai, analizuojamos asmenyb\u0117s nuostat\u0173 ir pozityvios motyvacijos siekiant \u012ftakoti","og_url":"https:\/\/skaitytaknyga.lt\/en\/produktas\/pagaliau-sekme-valgau-ir-liekneju\/","og_site_name":"Skaitytaknyga","article_publisher":"https:\/\/www.facebook.com\/skaitytaknyga\/","article_modified_time":"2025-05-13T12:25:52+00:00","og_image":[{"width":516,"height":800,"url":"https:\/\/skaitytaknyga.lt\/wp-content\/uploads\/2024\/12\/Pagaliau-sekme-valgau-ir-liekneju.webp","type":"image\/webp"}],"twitter_card":"summary_large_image","twitter_misc":{"Estimated reading time":"1 minute"},"schema":{"@context":"https:\/\/schema.org","@graph":[{"@type":"WebPage","@id":"https:\/\/skaitytaknyga.lt\/produktas\/pagaliau-sekme-valgau-ir-liekneju\/","url":"https:\/\/skaitytaknyga.lt\/produktas\/pagaliau-sekme-valgau-ir-liekneju\/","name":"Pagaliau s\u0117km\u0117-valgau ir liekn\u0117ju!","isPartOf":{"@id":"https:\/\/skaitytaknyga.lt\/#website"},"primaryImageOfPage":{"@id":"https:\/\/skaitytaknyga.lt\/produktas\/pagaliau-sekme-valgau-ir-liekneju\/#primaryimage"},"image":{"@id":"https:\/\/skaitytaknyga.lt\/produktas\/pagaliau-sekme-valgau-ir-liekneju\/#primaryimage"},"thumbnailUrl":"https:\/\/skaitytaknyga.lt\/wp-content\/uploads\/2024\/12\/Pagaliau-sekme-valgau-ir-liekneju.webp","datePublished":"2023-12-10T06:49:29+00:00","dateModified":"2025-05-13T12:25:52+00:00","description":"\u0160ioje Almos Mieliauskien\u0117s knygoje aptariami psichologiniai nutukimo aspektai, analizuojamos asmenyb\u0117s nuostat\u0173 ir pozityvios motyvacijos siekiant \u012ftakoti","breadcrumb":{"@id":"https:\/\/skaitytaknyga.lt\/produktas\/pagaliau-sekme-valgau-ir-liekneju\/#breadcrumb"},"inLanguage":"en-GB","potentialAction":[{"@type":"ReadAction","target":["https:\/\/skaitytaknyga.lt\/produktas\/pagaliau-sekme-valgau-ir-liekneju\/"]}]},{"@type":"ImageObject","inLanguage":"en-GB","@id":"https:\/\/skaitytaknyga.lt\/produktas\/pagaliau-sekme-valgau-ir-liekneju\/#primaryimage","url":"https:\/\/skaitytaknyga.lt\/wp-content\/uploads\/2024\/12\/Pagaliau-sekme-valgau-ir-liekneju.webp","contentUrl":"https:\/\/skaitytaknyga.lt\/wp-content\/uploads\/2024\/12\/Pagaliau-sekme-valgau-ir-liekneju.webp","width":516,"height":800,"caption":"Pagaliau s\u0117km\u0117-valgau ir liekn\u0117ju!"},{"@type":"BreadcrumbList","@id":"https:\/\/skaitytaknyga.lt\/produktas\/pagaliau-sekme-valgau-ir-liekneju\/#breadcrumb","itemListElement":[{"@type":"ListItem","position":1,"name":"Home","item":"https:\/\/skaitytaknyga.lt\/"},{"@type":"ListItem","position":2,"name":"Parduotuv\u0117","item":"https:\/\/skaitytaknyga.lt\/knygu-parduotuve\/"},{"@type":"ListItem","position":3,"name":"Pagaliau s\u0117km\u0117-valgau ir liekn\u0117ju!"}]},{"@type":"WebSite","@id":"https:\/\/skaitytaknyga.lt\/#website","url":"https:\/\/skaitytaknyga.lt\/","name":"skaitytaknyga.lt","description":"Skaitytaknyga.lt \u2013 tai ma\u017eas \u0161eimos verslas, kuris prasid\u0117jo nuo meil\u0117s knygoms ir siekio i\u0161gelb\u0117ti knygas nuo likimo prie konteinerio. Kas vienam nereikalingas daiktas \u2013 kitam lobis, o mes esame tarpininkai, kurie padeda abiems tapti laimingesniems ???? \u017dinome kaip nelengva i\u0161gyventi ma\u017eiems verslams, tad nuo \u0161iol, \u010dia rasite ir kit\u0173, ma\u017e\u0173 \u0161eim\u0173 versl\u0173, rank\u0173 darbo, dovan\u0173 sau ir artimiesiems.","publisher":{"@id":"https:\/\/skaitytaknyga.lt\/#organization"},"potentialAction":[{"@type":"SearchAction","target":{"@type":"EntryPoint","urlTemplate":"https:\/\/skaitytaknyga.lt\/?s={search_term_string}"},"query-input":{"@type":"PropertyValueSpecification","valueRequired":true,"valueName":"search_term_string"}}],"inLanguage":"en-GB"},{"@type":"Organization","@id":"https:\/\/skaitytaknyga.lt\/#organization","name":"skaitytaknyga.lt","url":"https:\/\/skaitytaknyga.lt\/","logo":{"@type":"ImageObject","inLanguage":"en-GB","@id":"https:\/\/skaitytaknyga.lt\/#\/schema\/logo\/image\/","url":"https:\/\/skaitytaknyga.lt\/wp-content\/uploads\/2024\/05\/cropped-cropped-cropped-02_00843_jt3bggkj1j3HLc7SyY6rEUpg.jpeg","contentUrl":"https:\/\/skaitytaknyga.lt\/wp-content\/uploads\/2024\/05\/cropped-cropped-cropped-02_00843_jt3bggkj1j3HLc7SyY6rEUpg.jpeg","width":1600,"height":1600,"caption":"skaitytaknyga.lt"},"image":{"@id":"https:\/\/skaitytaknyga.lt\/#\/schema\/logo\/image\/"},"sameAs":["https:\/\/www.facebook.com\/skaitytaknyga\/"]}]}},"_links":{"self":[{"href":"https:\/\/skaitytaknyga.lt\/en\/wp-json\/wp\/v2\/product\/15270","targetHints":{"allow":["GET"]}}],"collection":[{"href":"https:\/\/skaitytaknyga.lt\/en\/wp-json\/wp\/v2\/product"}],"about":[{"href":"https:\/\/skaitytaknyga.lt\/en\/wp-json\/wp\/v2\/types\/product"}],"replies":[{"embeddable":true,"href":"https:\/\/skaitytaknyga.lt\/en\/wp-json\/wp\/v2\/comments?post=15270"}],"wp:featuredmedia":[{"embeddable":true,"href":"https:\/\/skaitytaknyga.lt\/en\/wp-json\/wp\/v2\/media\/15325"}],"wp:attachment":[{"href":"https:\/\/skaitytaknyga.lt\/en\/wp-json\/wp\/v2\/media?parent=15270"}],"wp:term":[{"taxonomy":"product_brand","embeddable":true,"href":"https:\/\/skaitytaknyga.lt\/en\/wp-json\/wp\/v2\/product_brand?post=15270"},{"taxonomy":"product_cat","embeddable":true,"href":"https:\/\/skaitytaknyga.lt\/en\/wp-json\/wp\/v2\/product_cat?post=15270"},{"taxonomy":"product_tag","embeddable":true,"href":"https:\/\/skaitytaknyga.lt\/en\/wp-json\/wp\/v2\/product_tag?post=15270"}],"curies":[{"name":"wp","href":"https:\/\/api.w.org\/{rel}","templated":true}]}}