{"id":15262,"date":"2024-12-10T08:49:27","date_gmt":"2024-12-10T06:49:27","guid":{"rendered":"https:\/\/skaitytaknyga.lt\/?post_type=product&#038;p=15262"},"modified":"2024-12-11T08:18:21","modified_gmt":"2024-12-11T06:18:21","slug":"pragaro-ambulatorija-dienos-ir-naktys-skubios-pagalbos-skyriuje","status":"publish","type":"product","link":"https:\/\/skaitytaknyga.lt\/en\/produktas\/pragaro-ambulatorija-dienos-ir-naktys-skubios-pagalbos-skyriuje\/","title":{"rendered":"Pragaro ambulatorija. Dienos ir naktys Skubios pagalbos skyriuje"},"content":{"rendered":"<p>Andrius \u010cernauskas (g. 1989) \u2013 skubiosios medicinos gydytojas rezidentas. Gim\u0119s, aug\u0119s ir mokykl\u0105 baig\u0119s Taurag\u0117s kra\u0161te, medicinos mokslo \u017eini\u0173 ir praktikos s\u0117m\u0117si i\u0161 Vilniaus universiteto Medicinos fakulteto mokslo \u017emoni\u0173. \u0160iuo metu gyvena ir dirba Vilniuje.<\/p>\n<p>\u201ePragaro ambulatorija&#8221; \u2013 knyga apie Skubiosios pagalbos skyri\u0173. Viet\u0105, \u012f kuri\u0105 niekas nenori patekti. Viet\u0105, kurioje gyvenimas verda dien\u0105 ir nakt\u012f. Viet\u0105, i\u0161 kurios galite i\u0161eiti d\u017ei\u016bgaudamas, kad viskas gerai ir diagnoz\u0117 ne tokia baisi, kaip atrod\u0117, arba sulink\u0119s po g\u0105sdinan\u010dios \u017einios na\u0161ta. Ten kraujas, aimanos, nuog\u0105stavimai, \u012fsivaizduojamos ir tikros ligos, l\u016b\u017eiai&#8230; Ir gydytojai.<\/p>\n<p>Skubioji medicina \u2013 viena ar\u010diausiai \u017emogaus esan\u010di\u0173 sri\u010di\u0173. Pragaro ambulatorijoje staiga ir ne savo noru gali atsidurti kiekvienas. Tod\u0117l \u0161i knyga \u2013 ne tik pasakojimas apie tai, kaip viskas vyksta Skubiosios pagalbos skyriuje, bet ir rami\u0173, i\u0161minting\u0173 patarim\u0173 rinkinys. Skaitydami su\u017einosite, ko reik\u0117t\u0173 tik\u0117tis atvykstant \u012f SPS, k\u0105 sakyti jus pri\u0117musiam gydytojui, kaip elgtis ir galiausiai \u2013 kada reik\u0117t\u0173 tenai va\u017eiuoti, o kada b\u0117da n\u0117ra tokia rimta ir galima kreiptis \u012f savo \u0161eimos gydytoj\u0105.<\/p>\n<p>Andrius \u010cernauskas sako: &#8220;\u0160i knyga \u2013 tai prad\u017eiamokslis banali\u0173 ties\u0173, kurias tur\u0117t\u0173 \u017einoti ir objektyviai vertinti kiekvienas. Skaitykite atsargiai ir atsakingai, tekste yra viet\u0173, \u012f kurias reik\u0117s \u012fsiskaityti ir tinkamai suprasti. Tai k\u016brinys su kurio tiesomis galite sutikti ne visada, galite ir nepritarti man, nes kai kuriuos dalykus galb\u016bt apra\u0161iau per \u0161velniai ar per \u0161iurk\u0161\u010diai. Knygos tikslas &#8211; prapl\u0117sti j\u016bs\u0173 elementaraus medicininio i\u0161prusimo ir suvokimo ribas, jus pralinksminti, nes pagaliau gana gyventi vien blogomis emocijomis.&#8221;<\/p>\n<ul class=\"about-product d-none d-xl-block mt-4\">\n<li><strong>Autorius:<\/strong>\u00a0Andrius \u010cernauskas<\/li>\n<li><strong>Leid\u0117jas:<\/strong>\u00a0Tyto alba<\/li>\n<li><strong>Puslapiai:<\/strong>\u00a0270<\/li>\n<li class=\"toggleable type-new-formats \"><strong>ISBN:<\/strong>\u00a09786094661914<\/li>\n<li class=\"toggleable type-new-formats \"><strong>Formatas:<\/strong>\u00a015,3 x 22,1 x 2,8 cm, kieti vir\u0161eliai<\/li>\n<li><strong>Kalba:<\/strong>\u00a0Lietuvi\u0173<\/li>\n<\/ul>\n<p>Pragaro ambulatorijos kasdienyb\u0117 gydytojo akimis. Patik\u0117kite, tai \u012fdomiau u\u017e bet kur\u012f roman\u0105.<\/p>\n","protected":false},"excerpt":{"rendered":"<p>Andrius \u010cernauskas (g. 1989) \u2013 skubiosios medicinos gydytojas rezidentas. Gim\u0119s, aug\u0119s ir mokykl\u0105 baig\u0119s Taurag\u0117s kra\u0161te, medicinos mokslo \u017eini\u0173 ir praktikos s\u0117m\u0117si i\u0161 Vilniaus universiteto Medicinos fakulteto mokslo \u017emoni\u0173. \u0160iuo metu gyvena ir dirba Vilniuje. \u201ePragaro ambulatorija&#8221; \u2013 knyga apie Skubiosios pagalbos skyri\u0173. Viet\u0105, \u012f kuri\u0105 niekas nenori patekti. Viet\u0105, kurioje gyvenimas verda dien\u0105 ir nakt\u012f. Viet\u0105, i\u0161 kurios galite i\u0161eiti d\u017ei\u016bgaudamas, kad viskas gerai ir diagnoz\u0117 ne tokia baisi, kaip atrod\u0117, arba sulink\u0119s po g\u0105sdinan\u010dios \u017einios na\u0161ta. Ten kraujas, aimanos, nuog\u0105stavimai, \u012fsivaizduojamos ir tikros ligos, l\u016b\u017eiai&#8230; Ir gydytojai. Skubioji medicina \u2013 viena ar\u010diausiai \u017emogaus esan\u010di\u0173 sri\u010di\u0173. Pragaro ambulatorijoje staiga ir ne savo noru gali atsidurti kiekvienas. Tod\u0117l \u0161i knyga \u2013 ne tik pasakojimas apie tai, kaip viskas vyksta Skubiosios pagalbos skyriuje, bet ir rami\u0173, i\u0161minting\u0173 patarim\u0173 rinkinys. Skaitydami su\u017einosite, ko reik\u0117t\u0173 tik\u0117tis atvykstant \u012f SPS, k\u0105 sakyti jus pri\u0117musiam gydytojui, kaip elgtis ir galiausiai \u2013 kada reik\u0117t\u0173 tenai va\u017eiuoti, o kada b\u0117da n\u0117ra tokia rimta ir galima kreiptis \u012f savo \u0161eimos gydytoj\u0105. Andrius \u010cernauskas sako: &#8220;\u0160i knyga \u2013 tai prad\u017eiamokslis banali\u0173 ties\u0173, kurias tur\u0117t\u0173 \u017einoti ir objektyviai vertinti kiekvienas. Skaitykite atsargiai ir atsakingai, tekste yra viet\u0173, \u012f kurias reik\u0117s \u012fsiskaityti ir tinkamai suprasti. Tai k\u016brinys su kurio tiesomis galite sutikti ne visada, galite ir nepritarti man, nes kai kuriuos dalykus galb\u016bt apra\u0161iau per \u0161velniai ar per \u0161iurk\u0161\u010diai. Knygos tikslas &#8211; prapl\u0117sti j\u016bs\u0173 elementaraus medicininio i\u0161prusimo ir suvokimo ribas, jus pralinksminti, nes pagaliau gana gyventi vien blogomis emocijomis.&#8221; Autorius:\u00a0Andrius \u010cernauskas Leid\u0117jas:\u00a0Tyto alba Puslapiai:\u00a0270 ISBN:\u00a09786094661914 Formatas:\u00a015,3 x 22,1 x 2,8 cm, kieti vir\u0161eliai Kalba:\u00a0Lietuvi\u0173 Pragaro ambulatorijos kasdienyb\u0117 gydytojo akimis. Patik\u0117kite, tai \u012fdomiau u\u017e bet kur\u012f roman\u0105.<\/p>\n","protected":false},"featured_media":15320,"comment_status":"open","ping_status":"closed","template":"","meta":{"_acf_changed":false,"site-sidebar-layout":"default","site-content-layout":"","ast-site-content-layout":"default","site-content-style":"default","site-sidebar-style":"default","ast-global-header-display":"","ast-banner-title-visibility":"","ast-main-header-display":"","ast-hfb-above-header-display":"","ast-hfb-below-header-display":"","ast-hfb-mobile-header-display":"","site-post-title":"","ast-breadcrumbs-content":"","ast-featured-img":"","footer-sml-layout":"","ast-disable-related-posts":"","theme-transparent-header-meta":"default","adv-header-id-meta":"","stick-header-meta":"","header-above-stick-meta":"","header-main-stick-meta":"","header-below-stick-meta":"","astra-migrate-meta-layouts":"set","ast-page-background-enabled":"default","ast-page-background-meta":{"desktop":{"background-color":"","background-image":"","background-repeat":"repeat","background-position":"center center","background-size":"auto","background-attachment":"scroll","background-type":"","background-media":"","overlay-type":"","overlay-color":"","overlay-opacity":"","overlay-gradient":""},"tablet":{"background-color":"","background-image":"","background-repeat":"repeat","background-position":"center center","background-size":"auto","background-attachment":"scroll","background-type":"","background-media":"","overlay-type":"","overlay-color":"","overlay-opacity":"","overlay-gradient":""},"mobile":{"background-color":"","background-image":"","background-repeat":"repeat","background-position":"center center","background-size":"auto","background-attachment":"scroll","background-type":"","background-media":"","overlay-type":"","overlay-color":"","overlay-opacity":"","overlay-gradient":""}},"ast-content-background-meta":{"desktop":{"background-color":"var(--ast-global-color-4)","background-image":"","background-repeat":"repeat","background-position":"center center","background-size":"auto","background-attachment":"scroll","background-type":"","background-media":"","overlay-type":"","overlay-color":"","overlay-opacity":"","overlay-gradient":""},"tablet":{"background-color":"var(--ast-global-color-4)","background-image":"","background-repeat":"repeat","background-position":"center center","background-size":"auto","background-attachment":"scroll","background-type":"","background-media":"","overlay-type":"","overlay-color":"","overlay-opacity":"","overlay-gradient":""},"mobile":{"background-color":"var(--ast-global-color-4)","background-image":"","background-repeat":"repeat","background-position":"center center","background-size":"auto","background-attachment":"scroll","background-type":"","background-media":"","overlay-type":"","overlay-color":"","overlay-opacity":"","overlay-gradient":""}}},"product_brand":[],"product_cat":[15],"product_tag":[],"class_list":{"0":"post-15262","1":"product","2":"type-product","3":"status-publish","4":"has-post-thumbnail","6":"product_cat-uncategorized","7":"desktop-align-left","8":"tablet-align-left","9":"mobile-align-left","11":"first","12":"instock","13":"shipping-taxable","14":"purchasable","15":"product-type-simple"},"acf":[],"yoast_head":"<!-- This site is optimized with the Yoast SEO plugin v27.0 - https:\/\/yoast.com\/product\/yoast-seo-wordpress\/ -->\n<title>Pragaro ambulatorija. Dienos ir naktys Skubios pagalbos skyriuje<\/title>\n<meta name=\"description\" content=\"Andrius \u010cernauskas (g. 1989) \u2013 skubiosios medicinos gydytojas rezidentas. Gim\u0119s, aug\u0119s ir mokykl\u0105 baig\u0119s Taurag\u0117s kra\u0161te, medicinos mokslo \u017eini\u0173 ir\" \/>\n<meta name=\"robots\" content=\"index, follow, max-snippet:-1, max-image-preview:large, max-video-preview:-1\" \/>\n<link rel=\"canonical\" href=\"https:\/\/skaitytaknyga.lt\/en\/produktas\/pragaro-ambulatorija-dienos-ir-naktys-skubios-pagalbos-skyriuje\/\" \/>\n<meta property=\"og:locale\" content=\"en_GB\" \/>\n<meta property=\"og:locale:alternate\" content=\"lt_LT\" \/>\n<meta property=\"og:type\" content=\"article\" \/>\n<meta property=\"og:title\" content=\"Pragaro ambulatorija. Dienos ir naktys Skubios pagalbos skyriuje\" \/>\n<meta property=\"og:description\" content=\"Andrius \u010cernauskas (g. 1989) \u2013 skubiosios medicinos gydytojas rezidentas. Gim\u0119s, aug\u0119s ir mokykl\u0105 baig\u0119s Taurag\u0117s kra\u0161te, medicinos mokslo \u017eini\u0173 ir\" \/>\n<meta property=\"og:url\" content=\"https:\/\/skaitytaknyga.lt\/en\/produktas\/pragaro-ambulatorija-dienos-ir-naktys-skubios-pagalbos-skyriuje\/\" \/>\n<meta property=\"og:site_name\" content=\"Skaitytaknyga\" \/>\n<meta property=\"article:publisher\" content=\"https:\/\/www.facebook.com\/skaitytaknyga\/\" \/>\n<meta property=\"article:modified_time\" content=\"2024-12-11T06:18:21+00:00\" \/>\n<meta property=\"og:image\" content=\"https:\/\/skaitytaknyga.lt\/wp-content\/uploads\/2024\/12\/Pragaro-ambulatorija.webp\" \/>\n\t<meta property=\"og:image:width\" content=\"434\" \/>\n\t<meta property=\"og:image:height\" content=\"627\" \/>\n\t<meta property=\"og:image:type\" content=\"image\/webp\" \/>\n<meta name=\"twitter:card\" content=\"summary_large_image\" \/>\n<meta name=\"twitter:label1\" content=\"Estimated reading time\" \/>\n\t<meta name=\"twitter:data1\" content=\"2 minutes\" \/>\n<script type=\"application\/ld+json\" class=\"yoast-schema-graph\">{\"@context\":\"https:\/\/schema.org\",\"@graph\":[{\"@type\":\"WebPage\",\"@id\":\"https:\/\/skaitytaknyga.lt\/produktas\/pragaro-ambulatorija-dienos-ir-naktys-skubios-pagalbos-skyriuje\/\",\"url\":\"https:\/\/skaitytaknyga.lt\/produktas\/pragaro-ambulatorija-dienos-ir-naktys-skubios-pagalbos-skyriuje\/\",\"name\":\"Pragaro ambulatorija. Dienos ir naktys Skubios pagalbos skyriuje\",\"isPartOf\":{\"@id\":\"https:\/\/skaitytaknyga.lt\/#website\"},\"primaryImageOfPage\":{\"@id\":\"https:\/\/skaitytaknyga.lt\/produktas\/pragaro-ambulatorija-dienos-ir-naktys-skubios-pagalbos-skyriuje\/#primaryimage\"},\"image\":{\"@id\":\"https:\/\/skaitytaknyga.lt\/produktas\/pragaro-ambulatorija-dienos-ir-naktys-skubios-pagalbos-skyriuje\/#primaryimage\"},\"thumbnailUrl\":\"https:\/\/skaitytaknyga.lt\/wp-content\/uploads\/2024\/12\/Pragaro-ambulatorija.webp\",\"datePublished\":\"2024-12-10T06:49:27+00:00\",\"dateModified\":\"2024-12-11T06:18:21+00:00\",\"description\":\"Andrius \u010cernauskas (g. 1989) \u2013 skubiosios medicinos gydytojas rezidentas. Gim\u0119s, aug\u0119s ir mokykl\u0105 baig\u0119s Taurag\u0117s kra\u0161te, medicinos mokslo \u017eini\u0173 ir\",\"breadcrumb\":{\"@id\":\"https:\/\/skaitytaknyga.lt\/produktas\/pragaro-ambulatorija-dienos-ir-naktys-skubios-pagalbos-skyriuje\/#breadcrumb\"},\"inLanguage\":\"en-GB\",\"potentialAction\":[{\"@type\":\"ReadAction\",\"target\":[\"https:\/\/skaitytaknyga.lt\/produktas\/pragaro-ambulatorija-dienos-ir-naktys-skubios-pagalbos-skyriuje\/\"]}]},{\"@type\":\"ImageObject\",\"inLanguage\":\"en-GB\",\"@id\":\"https:\/\/skaitytaknyga.lt\/produktas\/pragaro-ambulatorija-dienos-ir-naktys-skubios-pagalbos-skyriuje\/#primaryimage\",\"url\":\"https:\/\/skaitytaknyga.lt\/wp-content\/uploads\/2024\/12\/Pragaro-ambulatorija.webp\",\"contentUrl\":\"https:\/\/skaitytaknyga.lt\/wp-content\/uploads\/2024\/12\/Pragaro-ambulatorija.webp\",\"width\":434,\"height\":627,\"caption\":\"Pragaro ambulatorija\"},{\"@type\":\"BreadcrumbList\",\"@id\":\"https:\/\/skaitytaknyga.lt\/produktas\/pragaro-ambulatorija-dienos-ir-naktys-skubios-pagalbos-skyriuje\/#breadcrumb\",\"itemListElement\":[{\"@type\":\"ListItem\",\"position\":1,\"name\":\"Home\",\"item\":\"https:\/\/skaitytaknyga.lt\/\"},{\"@type\":\"ListItem\",\"position\":2,\"name\":\"Parduotuv\u0117\",\"item\":\"https:\/\/skaitytaknyga.lt\/knygu-parduotuve\/\"},{\"@type\":\"ListItem\",\"position\":3,\"name\":\"Pragaro ambulatorija. Dienos ir naktys Skubios pagalbos skyriuje\"}]},{\"@type\":\"WebSite\",\"@id\":\"https:\/\/skaitytaknyga.lt\/#website\",\"url\":\"https:\/\/skaitytaknyga.lt\/\",\"name\":\"skaitytaknyga.lt\",\"description\":\"Skaitytaknyga.lt \u2013 tai ma\u017eas \u0161eimos verslas, kuris prasid\u0117jo nuo meil\u0117s knygoms ir siekio i\u0161gelb\u0117ti knygas nuo likimo prie konteinerio. Kas vienam nereikalingas daiktas \u2013 kitam lobis, o mes esame tarpininkai, kurie padeda abiems tapti laimingesniems ???? \u017dinome kaip nelengva i\u0161gyventi ma\u017eiems verslams, tad nuo \u0161iol, \u010dia rasite ir kit\u0173, ma\u017e\u0173 \u0161eim\u0173 versl\u0173, rank\u0173 darbo, dovan\u0173 sau ir artimiesiems.\",\"publisher\":{\"@id\":\"https:\/\/skaitytaknyga.lt\/#organization\"},\"potentialAction\":[{\"@type\":\"SearchAction\",\"target\":{\"@type\":\"EntryPoint\",\"urlTemplate\":\"https:\/\/skaitytaknyga.lt\/?s={search_term_string}\"},\"query-input\":{\"@type\":\"PropertyValueSpecification\",\"valueRequired\":true,\"valueName\":\"search_term_string\"}}],\"inLanguage\":\"en-GB\"},{\"@type\":\"Organization\",\"@id\":\"https:\/\/skaitytaknyga.lt\/#organization\",\"name\":\"skaitytaknyga.lt\",\"url\":\"https:\/\/skaitytaknyga.lt\/\",\"logo\":{\"@type\":\"ImageObject\",\"inLanguage\":\"en-GB\",\"@id\":\"https:\/\/skaitytaknyga.lt\/#\/schema\/logo\/image\/\",\"url\":\"https:\/\/skaitytaknyga.lt\/wp-content\/uploads\/2024\/05\/cropped-cropped-cropped-02_00843_jt3bggkj1j3HLc7SyY6rEUpg.jpeg\",\"contentUrl\":\"https:\/\/skaitytaknyga.lt\/wp-content\/uploads\/2024\/05\/cropped-cropped-cropped-02_00843_jt3bggkj1j3HLc7SyY6rEUpg.jpeg\",\"width\":1600,\"height\":1600,\"caption\":\"skaitytaknyga.lt\"},\"image\":{\"@id\":\"https:\/\/skaitytaknyga.lt\/#\/schema\/logo\/image\/\"},\"sameAs\":[\"https:\/\/www.facebook.com\/skaitytaknyga\/\"]}]}<\/script>\n<!-- \/ Yoast SEO plugin. -->","yoast_head_json":{"title":"Pragaro ambulatorija. Dienos ir naktys Skubios pagalbos skyriuje","description":"Andrius \u010cernauskas (g. 1989) \u2013 skubiosios medicinos gydytojas rezidentas. Gim\u0119s, aug\u0119s ir mokykl\u0105 baig\u0119s Taurag\u0117s kra\u0161te, medicinos mokslo \u017eini\u0173 ir","robots":{"index":"index","follow":"follow","max-snippet":"max-snippet:-1","max-image-preview":"max-image-preview:large","max-video-preview":"max-video-preview:-1"},"canonical":"https:\/\/skaitytaknyga.lt\/en\/produktas\/pragaro-ambulatorija-dienos-ir-naktys-skubios-pagalbos-skyriuje\/","og_locale":"en_GB","og_type":"article","og_title":"[:lt]Pragaro ambulatorija. Dienos ir naktys Skubios pagalbos skyriuje[:] - Skaitytaknyga","og_description":"Andrius \u010cernauskas (g. 1989) \u2013 skubiosios medicinos gydytojas rezidentas. Gim\u0119s, aug\u0119s ir mokykl\u0105 baig\u0119s Taurag\u0117s kra\u0161te, medicinos mokslo \u017eini\u0173 ir","og_url":"https:\/\/skaitytaknyga.lt\/en\/produktas\/pragaro-ambulatorija-dienos-ir-naktys-skubios-pagalbos-skyriuje\/","og_site_name":"Skaitytaknyga","article_publisher":"https:\/\/www.facebook.com\/skaitytaknyga\/","article_modified_time":"2024-12-11T06:18:21+00:00","og_image":[{"width":434,"height":627,"url":"https:\/\/skaitytaknyga.lt\/wp-content\/uploads\/2024\/12\/Pragaro-ambulatorija.webp","type":"image\/webp"}],"twitter_card":"summary_large_image","twitter_misc":{"Estimated reading time":"2 minutes"},"schema":{"@context":"https:\/\/schema.org","@graph":[{"@type":"WebPage","@id":"https:\/\/skaitytaknyga.lt\/produktas\/pragaro-ambulatorija-dienos-ir-naktys-skubios-pagalbos-skyriuje\/","url":"https:\/\/skaitytaknyga.lt\/produktas\/pragaro-ambulatorija-dienos-ir-naktys-skubios-pagalbos-skyriuje\/","name":"Pragaro ambulatorija. Dienos ir naktys Skubios pagalbos skyriuje","isPartOf":{"@id":"https:\/\/skaitytaknyga.lt\/#website"},"primaryImageOfPage":{"@id":"https:\/\/skaitytaknyga.lt\/produktas\/pragaro-ambulatorija-dienos-ir-naktys-skubios-pagalbos-skyriuje\/#primaryimage"},"image":{"@id":"https:\/\/skaitytaknyga.lt\/produktas\/pragaro-ambulatorija-dienos-ir-naktys-skubios-pagalbos-skyriuje\/#primaryimage"},"thumbnailUrl":"https:\/\/skaitytaknyga.lt\/wp-content\/uploads\/2024\/12\/Pragaro-ambulatorija.webp","datePublished":"2024-12-10T06:49:27+00:00","dateModified":"2024-12-11T06:18:21+00:00","description":"Andrius \u010cernauskas (g. 1989) \u2013 skubiosios medicinos gydytojas rezidentas. Gim\u0119s, aug\u0119s ir mokykl\u0105 baig\u0119s Taurag\u0117s kra\u0161te, medicinos mokslo \u017eini\u0173 ir","breadcrumb":{"@id":"https:\/\/skaitytaknyga.lt\/produktas\/pragaro-ambulatorija-dienos-ir-naktys-skubios-pagalbos-skyriuje\/#breadcrumb"},"inLanguage":"en-GB","potentialAction":[{"@type":"ReadAction","target":["https:\/\/skaitytaknyga.lt\/produktas\/pragaro-ambulatorija-dienos-ir-naktys-skubios-pagalbos-skyriuje\/"]}]},{"@type":"ImageObject","inLanguage":"en-GB","@id":"https:\/\/skaitytaknyga.lt\/produktas\/pragaro-ambulatorija-dienos-ir-naktys-skubios-pagalbos-skyriuje\/#primaryimage","url":"https:\/\/skaitytaknyga.lt\/wp-content\/uploads\/2024\/12\/Pragaro-ambulatorija.webp","contentUrl":"https:\/\/skaitytaknyga.lt\/wp-content\/uploads\/2024\/12\/Pragaro-ambulatorija.webp","width":434,"height":627,"caption":"Pragaro ambulatorija"},{"@type":"BreadcrumbList","@id":"https:\/\/skaitytaknyga.lt\/produktas\/pragaro-ambulatorija-dienos-ir-naktys-skubios-pagalbos-skyriuje\/#breadcrumb","itemListElement":[{"@type":"ListItem","position":1,"name":"Home","item":"https:\/\/skaitytaknyga.lt\/"},{"@type":"ListItem","position":2,"name":"Parduotuv\u0117","item":"https:\/\/skaitytaknyga.lt\/knygu-parduotuve\/"},{"@type":"ListItem","position":3,"name":"Pragaro ambulatorija. Dienos ir naktys Skubios pagalbos skyriuje"}]},{"@type":"WebSite","@id":"https:\/\/skaitytaknyga.lt\/#website","url":"https:\/\/skaitytaknyga.lt\/","name":"skaitytaknyga.lt","description":"Skaitytaknyga.lt \u2013 tai ma\u017eas \u0161eimos verslas, kuris prasid\u0117jo nuo meil\u0117s knygoms ir siekio i\u0161gelb\u0117ti knygas nuo likimo prie konteinerio. Kas vienam nereikalingas daiktas \u2013 kitam lobis, o mes esame tarpininkai, kurie padeda abiems tapti laimingesniems ???? \u017dinome kaip nelengva i\u0161gyventi ma\u017eiems verslams, tad nuo \u0161iol, \u010dia rasite ir kit\u0173, ma\u017e\u0173 \u0161eim\u0173 versl\u0173, rank\u0173 darbo, dovan\u0173 sau ir artimiesiems.","publisher":{"@id":"https:\/\/skaitytaknyga.lt\/#organization"},"potentialAction":[{"@type":"SearchAction","target":{"@type":"EntryPoint","urlTemplate":"https:\/\/skaitytaknyga.lt\/?s={search_term_string}"},"query-input":{"@type":"PropertyValueSpecification","valueRequired":true,"valueName":"search_term_string"}}],"inLanguage":"en-GB"},{"@type":"Organization","@id":"https:\/\/skaitytaknyga.lt\/#organization","name":"skaitytaknyga.lt","url":"https:\/\/skaitytaknyga.lt\/","logo":{"@type":"ImageObject","inLanguage":"en-GB","@id":"https:\/\/skaitytaknyga.lt\/#\/schema\/logo\/image\/","url":"https:\/\/skaitytaknyga.lt\/wp-content\/uploads\/2024\/05\/cropped-cropped-cropped-02_00843_jt3bggkj1j3HLc7SyY6rEUpg.jpeg","contentUrl":"https:\/\/skaitytaknyga.lt\/wp-content\/uploads\/2024\/05\/cropped-cropped-cropped-02_00843_jt3bggkj1j3HLc7SyY6rEUpg.jpeg","width":1600,"height":1600,"caption":"skaitytaknyga.lt"},"image":{"@id":"https:\/\/skaitytaknyga.lt\/#\/schema\/logo\/image\/"},"sameAs":["https:\/\/www.facebook.com\/skaitytaknyga\/"]}]}},"_links":{"self":[{"href":"https:\/\/skaitytaknyga.lt\/en\/wp-json\/wp\/v2\/product\/15262","targetHints":{"allow":["GET"]}}],"collection":[{"href":"https:\/\/skaitytaknyga.lt\/en\/wp-json\/wp\/v2\/product"}],"about":[{"href":"https:\/\/skaitytaknyga.lt\/en\/wp-json\/wp\/v2\/types\/product"}],"replies":[{"embeddable":true,"href":"https:\/\/skaitytaknyga.lt\/en\/wp-json\/wp\/v2\/comments?post=15262"}],"wp:featuredmedia":[{"embeddable":true,"href":"https:\/\/skaitytaknyga.lt\/en\/wp-json\/wp\/v2\/media\/15320"}],"wp:attachment":[{"href":"https:\/\/skaitytaknyga.lt\/en\/wp-json\/wp\/v2\/media?parent=15262"}],"wp:term":[{"taxonomy":"product_brand","embeddable":true,"href":"https:\/\/skaitytaknyga.lt\/en\/wp-json\/wp\/v2\/product_brand?post=15262"},{"taxonomy":"product_cat","embeddable":true,"href":"https:\/\/skaitytaknyga.lt\/en\/wp-json\/wp\/v2\/product_cat?post=15262"},{"taxonomy":"product_tag","embeddable":true,"href":"https:\/\/skaitytaknyga.lt\/en\/wp-json\/wp\/v2\/product_tag?post=15262"}],"curies":[{"name":"wp","href":"https:\/\/api.w.org\/{rel}","templated":true}]}}