{"id":15261,"date":"2024-12-10T08:49:27","date_gmt":"2024-12-10T06:49:27","guid":{"rendered":"https:\/\/skaitytaknyga.lt\/?post_type=product&#038;p=15261"},"modified":"2024-12-11T08:19:22","modified_gmt":"2024-12-11T06:19:22","slug":"du-teciai-turtingas-ir-vargsas","status":"publish","type":"product","link":"https:\/\/skaitytaknyga.lt\/en\/produktas\/du-teciai-turtingas-ir-vargsas\/","title":{"rendered":"Du t\u0117\u010diai \u2013 turtingas ir varg\u0161as"},"content":{"rendered":"<p>Tai prad\u017eiamokslis kiekvienam, norin\u010diam valdyti savo finansin\u0119 ateit\u012f. Knyga i\u0161leid\u017eiama jau antr\u0105 kart\u0105, daugelyje \u0161ali\u0173 tapo bestseleriu.<\/p>\n<p>\u201eDu t\u0117\u010diai \u2013 turtingas ir varg\u0161as\u201c n\u0117ra \u012fprasta knyga apie pinigus. Ji lengvai skaitoma, o pagrindin\u0117 mintis labai paprasta, \u2013 tai galimyb\u0117 praturt\u0117ti neeikvojant daug j\u0117g\u0173 ir nerv\u0173.\u201c<br \/>\nHonolulu \u017eurnalas<\/p>\n<p>\u201eGaila, kad \u0161ios knygos negal\u0117jau perskaityti jaunyst\u0117je, b\u016bt\u0173 dar geriau, jei j\u0105 b\u016bt\u0173 perskait\u0119 mano t\u0117vai! B\u016btent \u0161i\u0105 knyg\u0105 reik\u0117t\u0173 pirkti dovan\u0173 savo vaikams ir pasir\u016bpinti papildomais egzemplioriais vaikai\u010diams. Ji tur\u0117t\u0173 tapti dovana a\u0161tuoneri\u0173 devyneri\u0173 met\u0173 vaikui.\u201c<br \/>\nSju Braun, bendrov\u0117s \u201eAmerica Tenant Chek\u201c prezident\u0117<\/p>\n<p>\u201eDu t\u0117\u010diai \u2013 turtingas ir varg\u0161as\u201c yra knyga ne apie greit\u0105 praturt\u0117jim\u0105, o apie finansin\u0119 atsakomyb\u0119 ir gerov\u0119, i\u0161mokus u\u017esidirbti pinig\u0173. Jei norite atrasti savo finansinius sugeb\u0117jimus, verta j\u0105 perskaityti.\u201c<br \/>\ndr. Edas Kokenas, Melburno universiteto finans\u0173 lektorius<\/p>\n","protected":false},"excerpt":{"rendered":"<p>Tai prad\u017eiamokslis kiekvienam, norin\u010diam valdyti savo finansin\u0119 ateit\u012f. Knyga i\u0161leid\u017eiama jau antr\u0105 kart\u0105, daugelyje \u0161ali\u0173 tapo bestseleriu. \u201eDu t\u0117\u010diai \u2013 turtingas ir varg\u0161as\u201c n\u0117ra \u012fprasta knyga apie pinigus. Ji lengvai skaitoma, o pagrindin\u0117 mintis labai paprasta, \u2013 tai galimyb\u0117 praturt\u0117ti neeikvojant daug j\u0117g\u0173 ir nerv\u0173.\u201c Honolulu \u017eurnalas \u201eGaila, kad \u0161ios knygos negal\u0117jau perskaityti jaunyst\u0117je, b\u016bt\u0173 dar geriau, jei j\u0105 b\u016bt\u0173 perskait\u0119 mano t\u0117vai! B\u016btent \u0161i\u0105 knyg\u0105 reik\u0117t\u0173 pirkti dovan\u0173 savo vaikams ir pasir\u016bpinti papildomais egzemplioriais vaikai\u010diams. Ji tur\u0117t\u0173 tapti dovana a\u0161tuoneri\u0173 devyneri\u0173 met\u0173 vaikui.\u201c Sju Braun, bendrov\u0117s \u201eAmerica Tenant Chek\u201c prezident\u0117 \u201eDu t\u0117\u010diai \u2013 turtingas ir varg\u0161as\u201c yra knyga ne apie greit\u0105 praturt\u0117jim\u0105, o apie finansin\u0119 atsakomyb\u0119 ir gerov\u0119, i\u0161mokus u\u017esidirbti pinig\u0173. Jei norite atrasti savo finansinius sugeb\u0117jimus, verta j\u0105 perskaityti.\u201c dr. Edas Kokenas, Melburno universiteto finans\u0173 lektorius<\/p>\n","protected":false},"featured_media":15321,"comment_status":"open","ping_status":"closed","template":"","meta":{"_acf_changed":false,"site-sidebar-layout":"default","site-content-layout":"","ast-site-content-layout":"default","site-content-style":"default","site-sidebar-style":"default","ast-global-header-display":"","ast-banner-title-visibility":"","ast-main-header-display":"","ast-hfb-above-header-display":"","ast-hfb-below-header-display":"","ast-hfb-mobile-header-display":"","site-post-title":"","ast-breadcrumbs-content":"","ast-featured-img":"","footer-sml-layout":"","ast-disable-related-posts":"","theme-transparent-header-meta":"default","adv-header-id-meta":"","stick-header-meta":"","header-above-stick-meta":"","header-main-stick-meta":"","header-below-stick-meta":"","astra-migrate-meta-layouts":"set","ast-page-background-enabled":"default","ast-page-background-meta":{"desktop":{"background-color":"","background-image":"","background-repeat":"repeat","background-position":"center center","background-size":"auto","background-attachment":"scroll","background-type":"","background-media":"","overlay-type":"","overlay-color":"","overlay-opacity":"","overlay-gradient":""},"tablet":{"background-color":"","background-image":"","background-repeat":"repeat","background-position":"center center","background-size":"auto","background-attachment":"scroll","background-type":"","background-media":"","overlay-type":"","overlay-color":"","overlay-opacity":"","overlay-gradient":""},"mobile":{"background-color":"","background-image":"","background-repeat":"repeat","background-position":"center center","background-size":"auto","background-attachment":"scroll","background-type":"","background-media":"","overlay-type":"","overlay-color":"","overlay-opacity":"","overlay-gradient":""}},"ast-content-background-meta":{"desktop":{"background-color":"var(--ast-global-color-4)","background-image":"","background-repeat":"repeat","background-position":"center center","background-size":"auto","background-attachment":"scroll","background-type":"","background-media":"","overlay-type":"","overlay-color":"","overlay-opacity":"","overlay-gradient":""},"tablet":{"background-color":"var(--ast-global-color-4)","background-image":"","background-repeat":"repeat","background-position":"center center","background-size":"auto","background-attachment":"scroll","background-type":"","background-media":"","overlay-type":"","overlay-color":"","overlay-opacity":"","overlay-gradient":""},"mobile":{"background-color":"var(--ast-global-color-4)","background-image":"","background-repeat":"repeat","background-position":"center center","background-size":"auto","background-attachment":"scroll","background-type":"","background-media":"","overlay-type":"","overlay-color":"","overlay-opacity":"","overlay-gradient":""}}},"product_brand":[],"product_cat":[15,26],"product_tag":[],"class_list":{"0":"post-15261","1":"product","2":"type-product","3":"status-publish","4":"has-post-thumbnail","6":"product_cat-uncategorized","7":"product_cat-verslas-vadyba-ir-finansai","8":"desktop-align-left","9":"tablet-align-left","10":"mobile-align-left","12":"first","13":"instock","14":"shipping-taxable","15":"purchasable","16":"product-type-simple"},"acf":[],"yoast_head":"<!-- This site is optimized with the Yoast SEO plugin v27.0 - https:\/\/yoast.com\/product\/yoast-seo-wordpress\/ -->\n<title>Du t\u0117\u010diai \u2013 turtingas ir varg\u0161as<\/title>\n<meta name=\"description\" content=\"Tai prad\u017eiamokslis kiekvienam, norin\u010diam valdyti savo finansin\u0119 ateit\u012f. Knyga i\u0161leid\u017eiama jau antr\u0105 kart\u0105, daugelyje \u0161ali\u0173 tapo bestseleriu. \u201eDu t\u0117\u010diai \u2013\" \/>\n<meta name=\"robots\" content=\"index, follow, max-snippet:-1, max-image-preview:large, max-video-preview:-1\" \/>\n<link rel=\"canonical\" href=\"https:\/\/skaitytaknyga.lt\/en\/produktas\/du-teciai-turtingas-ir-vargsas\/\" \/>\n<meta property=\"og:locale\" content=\"en_GB\" \/>\n<meta property=\"og:locale:alternate\" content=\"lt_LT\" \/>\n<meta property=\"og:type\" content=\"article\" \/>\n<meta property=\"og:title\" content=\"Du t\u0117\u010diai \u2013 turtingas ir varg\u0161as\" \/>\n<meta property=\"og:description\" content=\"Tai prad\u017eiamokslis kiekvienam, norin\u010diam valdyti savo finansin\u0119 ateit\u012f. Knyga i\u0161leid\u017eiama jau antr\u0105 kart\u0105, daugelyje \u0161ali\u0173 tapo bestseleriu. \u201eDu t\u0117\u010diai \u2013\" \/>\n<meta property=\"og:url\" content=\"https:\/\/skaitytaknyga.lt\/en\/produktas\/du-teciai-turtingas-ir-vargsas\/\" \/>\n<meta property=\"og:site_name\" content=\"Skaitytaknyga\" \/>\n<meta property=\"article:publisher\" content=\"https:\/\/www.facebook.com\/skaitytaknyga\/\" \/>\n<meta property=\"article:modified_time\" content=\"2024-12-11T06:19:22+00:00\" \/>\n<meta property=\"og:image\" content=\"https:\/\/skaitytaknyga.lt\/wp-content\/uploads\/2024\/12\/Du-teciai-\u2013-turtingas-ir-vargsas.webp\" \/>\n\t<meta property=\"og:image:width\" content=\"292\" \/>\n\t<meta property=\"og:image:height\" content=\"462\" \/>\n\t<meta property=\"og:image:type\" content=\"image\/webp\" \/>\n<meta name=\"twitter:card\" content=\"summary_large_image\" \/>\n<meta name=\"twitter:label1\" content=\"Estimated reading time\" \/>\n\t<meta name=\"twitter:data1\" content=\"1 minute\" \/>\n<script type=\"application\/ld+json\" class=\"yoast-schema-graph\">{\"@context\":\"https:\/\/schema.org\",\"@graph\":[{\"@type\":\"WebPage\",\"@id\":\"https:\/\/skaitytaknyga.lt\/produktas\/du-teciai-turtingas-ir-vargsas\/\",\"url\":\"https:\/\/skaitytaknyga.lt\/produktas\/du-teciai-turtingas-ir-vargsas\/\",\"name\":\"Du t\u0117\u010diai \u2013 turtingas ir varg\u0161as\",\"isPartOf\":{\"@id\":\"https:\/\/skaitytaknyga.lt\/#website\"},\"primaryImageOfPage\":{\"@id\":\"https:\/\/skaitytaknyga.lt\/produktas\/du-teciai-turtingas-ir-vargsas\/#primaryimage\"},\"image\":{\"@id\":\"https:\/\/skaitytaknyga.lt\/produktas\/du-teciai-turtingas-ir-vargsas\/#primaryimage\"},\"thumbnailUrl\":\"https:\/\/skaitytaknyga.lt\/wp-content\/uploads\/2024\/12\/Du-teciai-\u2013-turtingas-ir-vargsas.webp\",\"datePublished\":\"2024-12-10T06:49:27+00:00\",\"dateModified\":\"2024-12-11T06:19:22+00:00\",\"description\":\"Tai prad\u017eiamokslis kiekvienam, norin\u010diam valdyti savo finansin\u0119 ateit\u012f. Knyga i\u0161leid\u017eiama jau antr\u0105 kart\u0105, daugelyje \u0161ali\u0173 tapo bestseleriu. \u201eDu t\u0117\u010diai \u2013\",\"breadcrumb\":{\"@id\":\"https:\/\/skaitytaknyga.lt\/produktas\/du-teciai-turtingas-ir-vargsas\/#breadcrumb\"},\"inLanguage\":\"en-GB\",\"potentialAction\":[{\"@type\":\"ReadAction\",\"target\":[\"https:\/\/skaitytaknyga.lt\/produktas\/du-teciai-turtingas-ir-vargsas\/\"]}]},{\"@type\":\"ImageObject\",\"inLanguage\":\"en-GB\",\"@id\":\"https:\/\/skaitytaknyga.lt\/produktas\/du-teciai-turtingas-ir-vargsas\/#primaryimage\",\"url\":\"https:\/\/skaitytaknyga.lt\/wp-content\/uploads\/2024\/12\/Du-teciai-\u2013-turtingas-ir-vargsas.webp\",\"contentUrl\":\"https:\/\/skaitytaknyga.lt\/wp-content\/uploads\/2024\/12\/Du-teciai-\u2013-turtingas-ir-vargsas.webp\",\"width\":292,\"height\":462,\"caption\":\"Du t\u0117\u010diai \u2013 turtingas ir varg\u0161as\"},{\"@type\":\"BreadcrumbList\",\"@id\":\"https:\/\/skaitytaknyga.lt\/produktas\/du-teciai-turtingas-ir-vargsas\/#breadcrumb\",\"itemListElement\":[{\"@type\":\"ListItem\",\"position\":1,\"name\":\"Home\",\"item\":\"https:\/\/skaitytaknyga.lt\/\"},{\"@type\":\"ListItem\",\"position\":2,\"name\":\"Parduotuv\u0117\",\"item\":\"https:\/\/skaitytaknyga.lt\/knygu-parduotuve\/\"},{\"@type\":\"ListItem\",\"position\":3,\"name\":\"Du t\u0117\u010diai \u2013 turtingas ir varg\u0161as\"}]},{\"@type\":\"WebSite\",\"@id\":\"https:\/\/skaitytaknyga.lt\/#website\",\"url\":\"https:\/\/skaitytaknyga.lt\/\",\"name\":\"skaitytaknyga.lt\",\"description\":\"Skaitytaknyga.lt \u2013 tai ma\u017eas \u0161eimos verslas, kuris prasid\u0117jo nuo meil\u0117s knygoms ir siekio i\u0161gelb\u0117ti knygas nuo likimo prie konteinerio. Kas vienam nereikalingas daiktas \u2013 kitam lobis, o mes esame tarpininkai, kurie padeda abiems tapti laimingesniems ???? \u017dinome kaip nelengva i\u0161gyventi ma\u017eiems verslams, tad nuo \u0161iol, \u010dia rasite ir kit\u0173, ma\u017e\u0173 \u0161eim\u0173 versl\u0173, rank\u0173 darbo, dovan\u0173 sau ir artimiesiems.\",\"publisher\":{\"@id\":\"https:\/\/skaitytaknyga.lt\/#organization\"},\"potentialAction\":[{\"@type\":\"SearchAction\",\"target\":{\"@type\":\"EntryPoint\",\"urlTemplate\":\"https:\/\/skaitytaknyga.lt\/?s={search_term_string}\"},\"query-input\":{\"@type\":\"PropertyValueSpecification\",\"valueRequired\":true,\"valueName\":\"search_term_string\"}}],\"inLanguage\":\"en-GB\"},{\"@type\":\"Organization\",\"@id\":\"https:\/\/skaitytaknyga.lt\/#organization\",\"name\":\"skaitytaknyga.lt\",\"url\":\"https:\/\/skaitytaknyga.lt\/\",\"logo\":{\"@type\":\"ImageObject\",\"inLanguage\":\"en-GB\",\"@id\":\"https:\/\/skaitytaknyga.lt\/#\/schema\/logo\/image\/\",\"url\":\"https:\/\/skaitytaknyga.lt\/wp-content\/uploads\/2024\/05\/cropped-cropped-cropped-02_00843_jt3bggkj1j3HLc7SyY6rEUpg.jpeg\",\"contentUrl\":\"https:\/\/skaitytaknyga.lt\/wp-content\/uploads\/2024\/05\/cropped-cropped-cropped-02_00843_jt3bggkj1j3HLc7SyY6rEUpg.jpeg\",\"width\":1600,\"height\":1600,\"caption\":\"skaitytaknyga.lt\"},\"image\":{\"@id\":\"https:\/\/skaitytaknyga.lt\/#\/schema\/logo\/image\/\"},\"sameAs\":[\"https:\/\/www.facebook.com\/skaitytaknyga\/\"]}]}<\/script>\n<!-- \/ Yoast SEO plugin. -->","yoast_head_json":{"title":"Du t\u0117\u010diai \u2013 turtingas ir varg\u0161as","description":"Tai prad\u017eiamokslis kiekvienam, norin\u010diam valdyti savo finansin\u0119 ateit\u012f. Knyga i\u0161leid\u017eiama jau antr\u0105 kart\u0105, daugelyje \u0161ali\u0173 tapo bestseleriu. \u201eDu t\u0117\u010diai \u2013","robots":{"index":"index","follow":"follow","max-snippet":"max-snippet:-1","max-image-preview":"max-image-preview:large","max-video-preview":"max-video-preview:-1"},"canonical":"https:\/\/skaitytaknyga.lt\/en\/produktas\/du-teciai-turtingas-ir-vargsas\/","og_locale":"en_GB","og_type":"article","og_title":"[:lt]Du t\u0117\u010diai \u2013 turtingas ir varg\u0161as[:] - Skaitytaknyga","og_description":"Tai prad\u017eiamokslis kiekvienam, norin\u010diam valdyti savo finansin\u0119 ateit\u012f. Knyga i\u0161leid\u017eiama jau antr\u0105 kart\u0105, daugelyje \u0161ali\u0173 tapo bestseleriu. \u201eDu t\u0117\u010diai \u2013","og_url":"https:\/\/skaitytaknyga.lt\/en\/produktas\/du-teciai-turtingas-ir-vargsas\/","og_site_name":"Skaitytaknyga","article_publisher":"https:\/\/www.facebook.com\/skaitytaknyga\/","article_modified_time":"2024-12-11T06:19:22+00:00","og_image":[{"width":292,"height":462,"url":"https:\/\/skaitytaknyga.lt\/wp-content\/uploads\/2024\/12\/Du-teciai-\u2013-turtingas-ir-vargsas.webp","type":"image\/webp"}],"twitter_card":"summary_large_image","twitter_misc":{"Estimated reading time":"1 minute"},"schema":{"@context":"https:\/\/schema.org","@graph":[{"@type":"WebPage","@id":"https:\/\/skaitytaknyga.lt\/produktas\/du-teciai-turtingas-ir-vargsas\/","url":"https:\/\/skaitytaknyga.lt\/produktas\/du-teciai-turtingas-ir-vargsas\/","name":"Du t\u0117\u010diai \u2013 turtingas ir varg\u0161as","isPartOf":{"@id":"https:\/\/skaitytaknyga.lt\/#website"},"primaryImageOfPage":{"@id":"https:\/\/skaitytaknyga.lt\/produktas\/du-teciai-turtingas-ir-vargsas\/#primaryimage"},"image":{"@id":"https:\/\/skaitytaknyga.lt\/produktas\/du-teciai-turtingas-ir-vargsas\/#primaryimage"},"thumbnailUrl":"https:\/\/skaitytaknyga.lt\/wp-content\/uploads\/2024\/12\/Du-teciai-\u2013-turtingas-ir-vargsas.webp","datePublished":"2024-12-10T06:49:27+00:00","dateModified":"2024-12-11T06:19:22+00:00","description":"Tai prad\u017eiamokslis kiekvienam, norin\u010diam valdyti savo finansin\u0119 ateit\u012f. Knyga i\u0161leid\u017eiama jau antr\u0105 kart\u0105, daugelyje \u0161ali\u0173 tapo bestseleriu. \u201eDu t\u0117\u010diai \u2013","breadcrumb":{"@id":"https:\/\/skaitytaknyga.lt\/produktas\/du-teciai-turtingas-ir-vargsas\/#breadcrumb"},"inLanguage":"en-GB","potentialAction":[{"@type":"ReadAction","target":["https:\/\/skaitytaknyga.lt\/produktas\/du-teciai-turtingas-ir-vargsas\/"]}]},{"@type":"ImageObject","inLanguage":"en-GB","@id":"https:\/\/skaitytaknyga.lt\/produktas\/du-teciai-turtingas-ir-vargsas\/#primaryimage","url":"https:\/\/skaitytaknyga.lt\/wp-content\/uploads\/2024\/12\/Du-teciai-\u2013-turtingas-ir-vargsas.webp","contentUrl":"https:\/\/skaitytaknyga.lt\/wp-content\/uploads\/2024\/12\/Du-teciai-\u2013-turtingas-ir-vargsas.webp","width":292,"height":462,"caption":"Du t\u0117\u010diai \u2013 turtingas ir varg\u0161as"},{"@type":"BreadcrumbList","@id":"https:\/\/skaitytaknyga.lt\/produktas\/du-teciai-turtingas-ir-vargsas\/#breadcrumb","itemListElement":[{"@type":"ListItem","position":1,"name":"Home","item":"https:\/\/skaitytaknyga.lt\/"},{"@type":"ListItem","position":2,"name":"Parduotuv\u0117","item":"https:\/\/skaitytaknyga.lt\/knygu-parduotuve\/"},{"@type":"ListItem","position":3,"name":"Du t\u0117\u010diai \u2013 turtingas ir varg\u0161as"}]},{"@type":"WebSite","@id":"https:\/\/skaitytaknyga.lt\/#website","url":"https:\/\/skaitytaknyga.lt\/","name":"skaitytaknyga.lt","description":"Skaitytaknyga.lt \u2013 tai ma\u017eas \u0161eimos verslas, kuris prasid\u0117jo nuo meil\u0117s knygoms ir siekio i\u0161gelb\u0117ti knygas nuo likimo prie konteinerio. Kas vienam nereikalingas daiktas \u2013 kitam lobis, o mes esame tarpininkai, kurie padeda abiems tapti laimingesniems ???? \u017dinome kaip nelengva i\u0161gyventi ma\u017eiems verslams, tad nuo \u0161iol, \u010dia rasite ir kit\u0173, ma\u017e\u0173 \u0161eim\u0173 versl\u0173, rank\u0173 darbo, dovan\u0173 sau ir artimiesiems.","publisher":{"@id":"https:\/\/skaitytaknyga.lt\/#organization"},"potentialAction":[{"@type":"SearchAction","target":{"@type":"EntryPoint","urlTemplate":"https:\/\/skaitytaknyga.lt\/?s={search_term_string}"},"query-input":{"@type":"PropertyValueSpecification","valueRequired":true,"valueName":"search_term_string"}}],"inLanguage":"en-GB"},{"@type":"Organization","@id":"https:\/\/skaitytaknyga.lt\/#organization","name":"skaitytaknyga.lt","url":"https:\/\/skaitytaknyga.lt\/","logo":{"@type":"ImageObject","inLanguage":"en-GB","@id":"https:\/\/skaitytaknyga.lt\/#\/schema\/logo\/image\/","url":"https:\/\/skaitytaknyga.lt\/wp-content\/uploads\/2024\/05\/cropped-cropped-cropped-02_00843_jt3bggkj1j3HLc7SyY6rEUpg.jpeg","contentUrl":"https:\/\/skaitytaknyga.lt\/wp-content\/uploads\/2024\/05\/cropped-cropped-cropped-02_00843_jt3bggkj1j3HLc7SyY6rEUpg.jpeg","width":1600,"height":1600,"caption":"skaitytaknyga.lt"},"image":{"@id":"https:\/\/skaitytaknyga.lt\/#\/schema\/logo\/image\/"},"sameAs":["https:\/\/www.facebook.com\/skaitytaknyga\/"]}]}},"_links":{"self":[{"href":"https:\/\/skaitytaknyga.lt\/en\/wp-json\/wp\/v2\/product\/15261","targetHints":{"allow":["GET"]}}],"collection":[{"href":"https:\/\/skaitytaknyga.lt\/en\/wp-json\/wp\/v2\/product"}],"about":[{"href":"https:\/\/skaitytaknyga.lt\/en\/wp-json\/wp\/v2\/types\/product"}],"replies":[{"embeddable":true,"href":"https:\/\/skaitytaknyga.lt\/en\/wp-json\/wp\/v2\/comments?post=15261"}],"wp:featuredmedia":[{"embeddable":true,"href":"https:\/\/skaitytaknyga.lt\/en\/wp-json\/wp\/v2\/media\/15321"}],"wp:attachment":[{"href":"https:\/\/skaitytaknyga.lt\/en\/wp-json\/wp\/v2\/media?parent=15261"}],"wp:term":[{"taxonomy":"product_brand","embeddable":true,"href":"https:\/\/skaitytaknyga.lt\/en\/wp-json\/wp\/v2\/product_brand?post=15261"},{"taxonomy":"product_cat","embeddable":true,"href":"https:\/\/skaitytaknyga.lt\/en\/wp-json\/wp\/v2\/product_cat?post=15261"},{"taxonomy":"product_tag","embeddable":true,"href":"https:\/\/skaitytaknyga.lt\/en\/wp-json\/wp\/v2\/product_tag?post=15261"}],"curies":[{"name":"wp","href":"https:\/\/api.w.org\/{rel}","templated":true}]}}