{"id":15160,"date":"2024-12-07T18:25:07","date_gmt":"2024-12-07T16:25:07","guid":{"rendered":"https:\/\/skaitytaknyga.lt\/?post_type=product&#038;p=15160"},"modified":"2025-04-30T14:47:37","modified_gmt":"2025-04-30T11:47:37","slug":"moters-laimes-enciklopedija-gyvenimiskos-istorijos-patarimai-testai-ir-komentarai","status":"publish","type":"product","link":"https:\/\/skaitytaknyga.lt\/en\/produktas\/moters-laimes-enciklopedija-gyvenimiskos-istorijos-patarimai-testai-ir-komentarai\/","title":{"rendered":"Moters laim\u0117s enciklopedija. Gyvenimi\u0161kos istorijos, patarimai, testai ir komentarai"},"content":{"rendered":"<p>Kaip i\u0161mokti nekritikuoti sav\u0119s, i\u0161saugoti savitvard\u0105 stresin\u0117se situacijose, tapti finansi\u0161kai nepriklausomai, i\u0161mokti pasakyti \u201ene\u201c? Kokias \u0161e\u0161ias pagrindines vyri\u0161kas silpnybes i\u0161mintinga moteris nesunkiai gal\u0117t\u0173 pakreipti savo naudai? Ar gali vyras atstoti geriausi\u0105 draug\u0119 ir ar visada pavojingas vyro dom\u0117jimasis kitomis moterimis? Kuriam mar\u010dios tipui priklausote ir kaip gal\u0117tum\u0117te pagerinti santykius su anyta? K\u0105 galima su\u017einoti apie \u017emog\u0173 i\u0161 to, k\u0105 jis valgo ir kaip valgo? K\u0105 mums sako m\u016bs\u0173 k\u016bnas? Galiausiai kokius penkis svarbiausius \u017eingsnius privalu \u017eengti norint tapti laimingai?<\/p>\n<p>\u017dinomas ra\u0161ytojas ir populiari\u0173 psichologijos skil\u010di\u0173 \u012fvairiuose Lietuvos ir Pranc\u016bzijos leidiniuose autorius \u0161ioje knygoje bando \u012fminti moters laim\u0117s paslaptis.<\/p>\n<p>Dvylikoje skyri\u0173 pateikiama daugiau nei trys \u0161imtai patarim\u0173, test\u0173, gyvenimi\u0161k\u0173 istorij\u0173 ir komentar\u0173. Knyga pad\u0117s ugdyti savigarb\u0105 ir asmenin\u0119 laisv\u0119, \u012fveikti baimes ir prisijaukinti vienatv\u0119, tvarkytis su buitimi ir pinigais, tobulinti santykius su mylimuoju ar sutuoktiniu, artimaisiais, draug\u0117mis ir, svarbiausia, tapti savo likimo \u0161eiminink\u0117mis.<\/p>\n<p>&#8220;\u0160i knyga para\u0161yta su meile moteriai ir jos vidiniam pasauliui, \u012f kur\u012f \u017evelgiu susi\u017eav\u0117j\u0119s ir kiek sutrik\u0119s. Lietuv\u0117s moterys\u00a0\u2013 vienos i\u0161 gra\u017eiausi\u0173 ir intelektualiausi\u0173 pasaulyje. Bet kod\u0117l daugelis j\u0173 tokios nelaimingos? Ar visada kaltos s\u0105lygos? Viliuosi, kad paskai\u010diusios \u201eMoters laim\u0117s enciklopedij\u0105\u201c jos geriau supras save ir tai, kur slypi laim\u0117&#8221;.<\/p>\n<p>&nbsp;<\/p>\n","protected":false},"excerpt":{"rendered":"<p>Kaip i\u0161mokti nekritikuoti sav\u0119s, i\u0161saugoti savitvard\u0105 stresin\u0117se situacijose, tapti finansi\u0161kai nepriklausomai, i\u0161mokti pasakyti \u201ene\u201c? Kokias \u0161e\u0161ias pagrindines vyri\u0161kas silpnybes i\u0161mintinga moteris nesunkiai gal\u0117t\u0173 pakreipti savo naudai? Ar gali vyras atstoti geriausi\u0105 draug\u0119 ir ar visada pavojingas vyro dom\u0117jimasis kitomis moterimis? Kuriam mar\u010dios tipui priklausote ir kaip gal\u0117tum\u0117te pagerinti santykius su anyta? K\u0105 galima su\u017einoti apie \u017emog\u0173 i\u0161 to, k\u0105 jis valgo ir kaip valgo? K\u0105 mums sako m\u016bs\u0173 k\u016bnas? Galiausiai kokius penkis svarbiausius \u017eingsnius privalu \u017eengti norint tapti laimingai? \u017dinomas ra\u0161ytojas ir populiari\u0173 psichologijos skil\u010di\u0173 \u012fvairiuose Lietuvos ir Pranc\u016bzijos leidiniuose autorius \u0161ioje knygoje bando \u012fminti moters laim\u0117s paslaptis. Dvylikoje skyri\u0173 pateikiama daugiau nei trys \u0161imtai patarim\u0173, test\u0173, gyvenimi\u0161k\u0173 istorij\u0173 ir komentar\u0173. Knyga pad\u0117s ugdyti savigarb\u0105 ir asmenin\u0119 laisv\u0119, \u012fveikti baimes ir prisijaukinti vienatv\u0119, tvarkytis su buitimi ir pinigais, tobulinti santykius su mylimuoju ar sutuoktiniu, artimaisiais, draug\u0117mis ir, svarbiausia, tapti savo likimo \u0161eiminink\u0117mis. &#8220;\u0160i knyga para\u0161yta su meile moteriai ir jos vidiniam pasauliui, \u012f kur\u012f \u017evelgiu susi\u017eav\u0117j\u0119s ir kiek sutrik\u0119s. Lietuv\u0117s moterys\u00a0\u2013 vienos i\u0161 gra\u017eiausi\u0173 ir intelektualiausi\u0173 pasaulyje. Bet kod\u0117l daugelis j\u0173 tokios nelaimingos? Ar visada kaltos s\u0105lygos? Viliuosi, kad paskai\u010diusios \u201eMoters laim\u0117s enciklopedij\u0105\u201c jos geriau supras save ir tai, kur slypi laim\u0117&#8221;. &nbsp;<\/p>\n","protected":false},"featured_media":15243,"comment_status":"open","ping_status":"closed","template":"","meta":{"_acf_changed":false,"site-sidebar-layout":"default","site-content-layout":"","ast-site-content-layout":"default","site-content-style":"default","site-sidebar-style":"default","ast-global-header-display":"","ast-banner-title-visibility":"","ast-main-header-display":"","ast-hfb-above-header-display":"","ast-hfb-below-header-display":"","ast-hfb-mobile-header-display":"","site-post-title":"","ast-breadcrumbs-content":"","ast-featured-img":"","footer-sml-layout":"","ast-disable-related-posts":"","theme-transparent-header-meta":"default","adv-header-id-meta":"","stick-header-meta":"","header-above-stick-meta":"","header-main-stick-meta":"","header-below-stick-meta":"","astra-migrate-meta-layouts":"set","ast-page-background-enabled":"default","ast-page-background-meta":{"desktop":{"background-color":"","background-image":"","background-repeat":"repeat","background-position":"center center","background-size":"auto","background-attachment":"scroll","background-type":"","background-media":"","overlay-type":"","overlay-color":"","overlay-opacity":"","overlay-gradient":""},"tablet":{"background-color":"","background-image":"","background-repeat":"repeat","background-position":"center center","background-size":"auto","background-attachment":"scroll","background-type":"","background-media":"","overlay-type":"","overlay-color":"","overlay-opacity":"","overlay-gradient":""},"mobile":{"background-color":"","background-image":"","background-repeat":"repeat","background-position":"center center","background-size":"auto","background-attachment":"scroll","background-type":"","background-media":"","overlay-type":"","overlay-color":"","overlay-opacity":"","overlay-gradient":""}},"ast-content-background-meta":{"desktop":{"background-color":"var(--ast-global-color-4)","background-image":"","background-repeat":"repeat","background-position":"center center","background-size":"auto","background-attachment":"scroll","background-type":"","background-media":"","overlay-type":"","overlay-color":"","overlay-opacity":"","overlay-gradient":""},"tablet":{"background-color":"var(--ast-global-color-4)","background-image":"","background-repeat":"repeat","background-position":"center center","background-size":"auto","background-attachment":"scroll","background-type":"","background-media":"","overlay-type":"","overlay-color":"","overlay-opacity":"","overlay-gradient":""},"mobile":{"background-color":"var(--ast-global-color-4)","background-image":"","background-repeat":"repeat","background-position":"center center","background-size":"auto","background-attachment":"scroll","background-type":"","background-media":"","overlay-type":"","overlay-color":"","overlay-opacity":"","overlay-gradient":""}}},"product_brand":[],"product_cat":[15,30],"product_tag":[1250],"class_list":{"0":"post-15160","1":"product","2":"type-product","3":"status-publish","4":"has-post-thumbnail","6":"product_cat-uncategorized","7":"product_cat-psichologija-ir-saviugda","8":"product_tag-jaroslavas-melnikas","9":"desktop-align-left","10":"tablet-align-left","11":"mobile-align-left","13":"first","14":"outofstock","15":"shipping-taxable","16":"purchasable","17":"product-type-simple"},"acf":[],"yoast_head":"<!-- This site is optimized with the Yoast SEO plugin v27.0 - https:\/\/yoast.com\/product\/yoast-seo-wordpress\/ -->\n<title>Moters laim\u0117s enciklopedija. Gyvenimi\u0161kos istorijos, patarimai, testai ir komentarai<\/title>\n<meta name=\"description\" content=\"Kaip i\u0161mokti nekritikuoti sav\u0119s, i\u0161saugoti savitvard\u0105 stresin\u0117se situacijose, tapti finansi\u0161kai nepriklausomai, i\u0161mokti pasakyti \u201ene\u201c? Kokias \u0161e\u0161ias\" \/>\n<meta name=\"robots\" content=\"index, follow, max-snippet:-1, max-image-preview:large, max-video-preview:-1\" \/>\n<link rel=\"canonical\" href=\"https:\/\/skaitytaknyga.lt\/en\/produktas\/moters-laimes-enciklopedija-gyvenimiskos-istorijos-patarimai-testai-ir-komentarai\/\" \/>\n<meta property=\"og:locale\" content=\"en_GB\" \/>\n<meta property=\"og:locale:alternate\" content=\"lt_LT\" \/>\n<meta property=\"og:type\" content=\"article\" \/>\n<meta property=\"og:title\" content=\"Moters laim\u0117s enciklopedija. Gyvenimi\u0161kos istorijos, patarimai, testai ir komentarai\" \/>\n<meta property=\"og:description\" content=\"Kaip i\u0161mokti nekritikuoti sav\u0119s, i\u0161saugoti savitvard\u0105 stresin\u0117se situacijose, tapti finansi\u0161kai nepriklausomai, i\u0161mokti pasakyti \u201ene\u201c? Kokias \u0161e\u0161ias\" \/>\n<meta property=\"og:url\" content=\"https:\/\/skaitytaknyga.lt\/en\/produktas\/moters-laimes-enciklopedija-gyvenimiskos-istorijos-patarimai-testai-ir-komentarai\/\" \/>\n<meta property=\"og:site_name\" content=\"Skaitytaknyga\" \/>\n<meta property=\"article:publisher\" content=\"https:\/\/www.facebook.com\/skaitytaknyga\/\" \/>\n<meta property=\"article:modified_time\" content=\"2025-04-30T11:47:37+00:00\" \/>\n<meta property=\"og:image\" content=\"https:\/\/skaitytaknyga.lt\/wp-content\/uploads\/2024\/12\/Moters-laimes-enciklopedija.-Gyvenimiskos-istorijos-patarimai-testai-ir-komentarai.webp\" \/>\n\t<meta property=\"og:image:width\" content=\"500\" \/>\n\t<meta property=\"og:image:height\" content=\"633\" \/>\n\t<meta property=\"og:image:type\" content=\"image\/webp\" \/>\n<meta name=\"twitter:card\" content=\"summary_large_image\" \/>\n<meta name=\"twitter:label1\" content=\"Estimated reading time\" \/>\n\t<meta name=\"twitter:data1\" content=\"2 minutes\" \/>\n<script type=\"application\/ld+json\" class=\"yoast-schema-graph\">{\"@context\":\"https:\/\/schema.org\",\"@graph\":[{\"@type\":\"WebPage\",\"@id\":\"https:\/\/skaitytaknyga.lt\/produktas\/moters-laimes-enciklopedija-gyvenimiskos-istorijos-patarimai-testai-ir-komentarai\/\",\"url\":\"https:\/\/skaitytaknyga.lt\/produktas\/moters-laimes-enciklopedija-gyvenimiskos-istorijos-patarimai-testai-ir-komentarai\/\",\"name\":\"Moters laim\u0117s enciklopedija. Gyvenimi\u0161kos istorijos, patarimai, testai ir komentarai\",\"isPartOf\":{\"@id\":\"https:\/\/skaitytaknyga.lt\/#website\"},\"primaryImageOfPage\":{\"@id\":\"https:\/\/skaitytaknyga.lt\/produktas\/moters-laimes-enciklopedija-gyvenimiskos-istorijos-patarimai-testai-ir-komentarai\/#primaryimage\"},\"image\":{\"@id\":\"https:\/\/skaitytaknyga.lt\/produktas\/moters-laimes-enciklopedija-gyvenimiskos-istorijos-patarimai-testai-ir-komentarai\/#primaryimage\"},\"thumbnailUrl\":\"https:\/\/skaitytaknyga.lt\/wp-content\/uploads\/2024\/12\/Moters-laimes-enciklopedija.-Gyvenimiskos-istorijos-patarimai-testai-ir-komentarai.webp\",\"datePublished\":\"2024-12-07T16:25:07+00:00\",\"dateModified\":\"2025-04-30T11:47:37+00:00\",\"description\":\"Kaip i\u0161mokti nekritikuoti sav\u0119s, i\u0161saugoti savitvard\u0105 stresin\u0117se situacijose, tapti finansi\u0161kai nepriklausomai, i\u0161mokti pasakyti \u201ene\u201c? Kokias \u0161e\u0161ias\",\"breadcrumb\":{\"@id\":\"https:\/\/skaitytaknyga.lt\/produktas\/moters-laimes-enciklopedija-gyvenimiskos-istorijos-patarimai-testai-ir-komentarai\/#breadcrumb\"},\"inLanguage\":\"en-GB\",\"potentialAction\":[{\"@type\":\"ReadAction\",\"target\":[\"https:\/\/skaitytaknyga.lt\/produktas\/moters-laimes-enciklopedija-gyvenimiskos-istorijos-patarimai-testai-ir-komentarai\/\"]}]},{\"@type\":\"ImageObject\",\"inLanguage\":\"en-GB\",\"@id\":\"https:\/\/skaitytaknyga.lt\/produktas\/moters-laimes-enciklopedija-gyvenimiskos-istorijos-patarimai-testai-ir-komentarai\/#primaryimage\",\"url\":\"https:\/\/skaitytaknyga.lt\/wp-content\/uploads\/2024\/12\/Moters-laimes-enciklopedija.-Gyvenimiskos-istorijos-patarimai-testai-ir-komentarai.webp\",\"contentUrl\":\"https:\/\/skaitytaknyga.lt\/wp-content\/uploads\/2024\/12\/Moters-laimes-enciklopedija.-Gyvenimiskos-istorijos-patarimai-testai-ir-komentarai.webp\",\"width\":500,\"height\":633,\"caption\":\"Moters laim\u0117s enciklopedija. Gyvenimi\u0161kos istorijos, patarimai, testai ir komentarai\"},{\"@type\":\"BreadcrumbList\",\"@id\":\"https:\/\/skaitytaknyga.lt\/produktas\/moters-laimes-enciklopedija-gyvenimiskos-istorijos-patarimai-testai-ir-komentarai\/#breadcrumb\",\"itemListElement\":[{\"@type\":\"ListItem\",\"position\":1,\"name\":\"Home\",\"item\":\"https:\/\/skaitytaknyga.lt\/\"},{\"@type\":\"ListItem\",\"position\":2,\"name\":\"Parduotuv\u0117\",\"item\":\"https:\/\/skaitytaknyga.lt\/knygu-parduotuve\/\"},{\"@type\":\"ListItem\",\"position\":3,\"name\":\"Moters laim\u0117s enciklopedija. Gyvenimi\u0161kos istorijos, patarimai, testai ir komentarai\"}]},{\"@type\":\"WebSite\",\"@id\":\"https:\/\/skaitytaknyga.lt\/#website\",\"url\":\"https:\/\/skaitytaknyga.lt\/\",\"name\":\"skaitytaknyga.lt\",\"description\":\"Skaitytaknyga.lt \u2013 tai ma\u017eas \u0161eimos verslas, kuris prasid\u0117jo nuo meil\u0117s knygoms ir siekio i\u0161gelb\u0117ti knygas nuo likimo prie konteinerio. Kas vienam nereikalingas daiktas \u2013 kitam lobis, o mes esame tarpininkai, kurie padeda abiems tapti laimingesniems ???? \u017dinome kaip nelengva i\u0161gyventi ma\u017eiems verslams, tad nuo \u0161iol, \u010dia rasite ir kit\u0173, ma\u017e\u0173 \u0161eim\u0173 versl\u0173, rank\u0173 darbo, dovan\u0173 sau ir artimiesiems.\",\"publisher\":{\"@id\":\"https:\/\/skaitytaknyga.lt\/#organization\"},\"potentialAction\":[{\"@type\":\"SearchAction\",\"target\":{\"@type\":\"EntryPoint\",\"urlTemplate\":\"https:\/\/skaitytaknyga.lt\/?s={search_term_string}\"},\"query-input\":{\"@type\":\"PropertyValueSpecification\",\"valueRequired\":true,\"valueName\":\"search_term_string\"}}],\"inLanguage\":\"en-GB\"},{\"@type\":\"Organization\",\"@id\":\"https:\/\/skaitytaknyga.lt\/#organization\",\"name\":\"skaitytaknyga.lt\",\"url\":\"https:\/\/skaitytaknyga.lt\/\",\"logo\":{\"@type\":\"ImageObject\",\"inLanguage\":\"en-GB\",\"@id\":\"https:\/\/skaitytaknyga.lt\/#\/schema\/logo\/image\/\",\"url\":\"https:\/\/skaitytaknyga.lt\/wp-content\/uploads\/2024\/05\/cropped-cropped-cropped-02_00843_jt3bggkj1j3HLc7SyY6rEUpg.jpeg\",\"contentUrl\":\"https:\/\/skaitytaknyga.lt\/wp-content\/uploads\/2024\/05\/cropped-cropped-cropped-02_00843_jt3bggkj1j3HLc7SyY6rEUpg.jpeg\",\"width\":1600,\"height\":1600,\"caption\":\"skaitytaknyga.lt\"},\"image\":{\"@id\":\"https:\/\/skaitytaknyga.lt\/#\/schema\/logo\/image\/\"},\"sameAs\":[\"https:\/\/www.facebook.com\/skaitytaknyga\/\"]}]}<\/script>\n<!-- \/ Yoast SEO plugin. -->","yoast_head_json":{"title":"Moters laim\u0117s enciklopedija. Gyvenimi\u0161kos istorijos, patarimai, testai ir komentarai","description":"Kaip i\u0161mokti nekritikuoti sav\u0119s, i\u0161saugoti savitvard\u0105 stresin\u0117se situacijose, tapti finansi\u0161kai nepriklausomai, i\u0161mokti pasakyti \u201ene\u201c? Kokias \u0161e\u0161ias","robots":{"index":"index","follow":"follow","max-snippet":"max-snippet:-1","max-image-preview":"max-image-preview:large","max-video-preview":"max-video-preview:-1"},"canonical":"https:\/\/skaitytaknyga.lt\/en\/produktas\/moters-laimes-enciklopedija-gyvenimiskos-istorijos-patarimai-testai-ir-komentarai\/","og_locale":"en_GB","og_type":"article","og_title":"[:lt]Moters laim\u0117s enciklopedija. Gyvenimi\u0161kos istorijos, patarimai, testai ir komentarai[:] - Skaitytaknyga","og_description":"Kaip i\u0161mokti nekritikuoti sav\u0119s, i\u0161saugoti savitvard\u0105 stresin\u0117se situacijose, tapti finansi\u0161kai nepriklausomai, i\u0161mokti pasakyti \u201ene\u201c? Kokias \u0161e\u0161ias","og_url":"https:\/\/skaitytaknyga.lt\/en\/produktas\/moters-laimes-enciklopedija-gyvenimiskos-istorijos-patarimai-testai-ir-komentarai\/","og_site_name":"Skaitytaknyga","article_publisher":"https:\/\/www.facebook.com\/skaitytaknyga\/","article_modified_time":"2025-04-30T11:47:37+00:00","og_image":[{"width":500,"height":633,"url":"https:\/\/skaitytaknyga.lt\/wp-content\/uploads\/2024\/12\/Moters-laimes-enciklopedija.-Gyvenimiskos-istorijos-patarimai-testai-ir-komentarai.webp","type":"image\/webp"}],"twitter_card":"summary_large_image","twitter_misc":{"Estimated reading time":"2 minutes"},"schema":{"@context":"https:\/\/schema.org","@graph":[{"@type":"WebPage","@id":"https:\/\/skaitytaknyga.lt\/produktas\/moters-laimes-enciklopedija-gyvenimiskos-istorijos-patarimai-testai-ir-komentarai\/","url":"https:\/\/skaitytaknyga.lt\/produktas\/moters-laimes-enciklopedija-gyvenimiskos-istorijos-patarimai-testai-ir-komentarai\/","name":"Moters laim\u0117s enciklopedija. Gyvenimi\u0161kos istorijos, patarimai, testai ir komentarai","isPartOf":{"@id":"https:\/\/skaitytaknyga.lt\/#website"},"primaryImageOfPage":{"@id":"https:\/\/skaitytaknyga.lt\/produktas\/moters-laimes-enciklopedija-gyvenimiskos-istorijos-patarimai-testai-ir-komentarai\/#primaryimage"},"image":{"@id":"https:\/\/skaitytaknyga.lt\/produktas\/moters-laimes-enciklopedija-gyvenimiskos-istorijos-patarimai-testai-ir-komentarai\/#primaryimage"},"thumbnailUrl":"https:\/\/skaitytaknyga.lt\/wp-content\/uploads\/2024\/12\/Moters-laimes-enciklopedija.-Gyvenimiskos-istorijos-patarimai-testai-ir-komentarai.webp","datePublished":"2024-12-07T16:25:07+00:00","dateModified":"2025-04-30T11:47:37+00:00","description":"Kaip i\u0161mokti nekritikuoti sav\u0119s, i\u0161saugoti savitvard\u0105 stresin\u0117se situacijose, tapti finansi\u0161kai nepriklausomai, i\u0161mokti pasakyti \u201ene\u201c? Kokias \u0161e\u0161ias","breadcrumb":{"@id":"https:\/\/skaitytaknyga.lt\/produktas\/moters-laimes-enciklopedija-gyvenimiskos-istorijos-patarimai-testai-ir-komentarai\/#breadcrumb"},"inLanguage":"en-GB","potentialAction":[{"@type":"ReadAction","target":["https:\/\/skaitytaknyga.lt\/produktas\/moters-laimes-enciklopedija-gyvenimiskos-istorijos-patarimai-testai-ir-komentarai\/"]}]},{"@type":"ImageObject","inLanguage":"en-GB","@id":"https:\/\/skaitytaknyga.lt\/produktas\/moters-laimes-enciklopedija-gyvenimiskos-istorijos-patarimai-testai-ir-komentarai\/#primaryimage","url":"https:\/\/skaitytaknyga.lt\/wp-content\/uploads\/2024\/12\/Moters-laimes-enciklopedija.-Gyvenimiskos-istorijos-patarimai-testai-ir-komentarai.webp","contentUrl":"https:\/\/skaitytaknyga.lt\/wp-content\/uploads\/2024\/12\/Moters-laimes-enciklopedija.-Gyvenimiskos-istorijos-patarimai-testai-ir-komentarai.webp","width":500,"height":633,"caption":"Moters laim\u0117s enciklopedija. Gyvenimi\u0161kos istorijos, patarimai, testai ir komentarai"},{"@type":"BreadcrumbList","@id":"https:\/\/skaitytaknyga.lt\/produktas\/moters-laimes-enciklopedija-gyvenimiskos-istorijos-patarimai-testai-ir-komentarai\/#breadcrumb","itemListElement":[{"@type":"ListItem","position":1,"name":"Home","item":"https:\/\/skaitytaknyga.lt\/"},{"@type":"ListItem","position":2,"name":"Parduotuv\u0117","item":"https:\/\/skaitytaknyga.lt\/knygu-parduotuve\/"},{"@type":"ListItem","position":3,"name":"Moters laim\u0117s enciklopedija. Gyvenimi\u0161kos istorijos, patarimai, testai ir komentarai"}]},{"@type":"WebSite","@id":"https:\/\/skaitytaknyga.lt\/#website","url":"https:\/\/skaitytaknyga.lt\/","name":"skaitytaknyga.lt","description":"Skaitytaknyga.lt \u2013 tai ma\u017eas \u0161eimos verslas, kuris prasid\u0117jo nuo meil\u0117s knygoms ir siekio i\u0161gelb\u0117ti knygas nuo likimo prie konteinerio. Kas vienam nereikalingas daiktas \u2013 kitam lobis, o mes esame tarpininkai, kurie padeda abiems tapti laimingesniems ???? \u017dinome kaip nelengva i\u0161gyventi ma\u017eiems verslams, tad nuo \u0161iol, \u010dia rasite ir kit\u0173, ma\u017e\u0173 \u0161eim\u0173 versl\u0173, rank\u0173 darbo, dovan\u0173 sau ir artimiesiems.","publisher":{"@id":"https:\/\/skaitytaknyga.lt\/#organization"},"potentialAction":[{"@type":"SearchAction","target":{"@type":"EntryPoint","urlTemplate":"https:\/\/skaitytaknyga.lt\/?s={search_term_string}"},"query-input":{"@type":"PropertyValueSpecification","valueRequired":true,"valueName":"search_term_string"}}],"inLanguage":"en-GB"},{"@type":"Organization","@id":"https:\/\/skaitytaknyga.lt\/#organization","name":"skaitytaknyga.lt","url":"https:\/\/skaitytaknyga.lt\/","logo":{"@type":"ImageObject","inLanguage":"en-GB","@id":"https:\/\/skaitytaknyga.lt\/#\/schema\/logo\/image\/","url":"https:\/\/skaitytaknyga.lt\/wp-content\/uploads\/2024\/05\/cropped-cropped-cropped-02_00843_jt3bggkj1j3HLc7SyY6rEUpg.jpeg","contentUrl":"https:\/\/skaitytaknyga.lt\/wp-content\/uploads\/2024\/05\/cropped-cropped-cropped-02_00843_jt3bggkj1j3HLc7SyY6rEUpg.jpeg","width":1600,"height":1600,"caption":"skaitytaknyga.lt"},"image":{"@id":"https:\/\/skaitytaknyga.lt\/#\/schema\/logo\/image\/"},"sameAs":["https:\/\/www.facebook.com\/skaitytaknyga\/"]}]}},"_links":{"self":[{"href":"https:\/\/skaitytaknyga.lt\/en\/wp-json\/wp\/v2\/product\/15160","targetHints":{"allow":["GET"]}}],"collection":[{"href":"https:\/\/skaitytaknyga.lt\/en\/wp-json\/wp\/v2\/product"}],"about":[{"href":"https:\/\/skaitytaknyga.lt\/en\/wp-json\/wp\/v2\/types\/product"}],"replies":[{"embeddable":true,"href":"https:\/\/skaitytaknyga.lt\/en\/wp-json\/wp\/v2\/comments?post=15160"}],"wp:featuredmedia":[{"embeddable":true,"href":"https:\/\/skaitytaknyga.lt\/en\/wp-json\/wp\/v2\/media\/15243"}],"wp:attachment":[{"href":"https:\/\/skaitytaknyga.lt\/en\/wp-json\/wp\/v2\/media?parent=15160"}],"wp:term":[{"taxonomy":"product_brand","embeddable":true,"href":"https:\/\/skaitytaknyga.lt\/en\/wp-json\/wp\/v2\/product_brand?post=15160"},{"taxonomy":"product_cat","embeddable":true,"href":"https:\/\/skaitytaknyga.lt\/en\/wp-json\/wp\/v2\/product_cat?post=15160"},{"taxonomy":"product_tag","embeddable":true,"href":"https:\/\/skaitytaknyga.lt\/en\/wp-json\/wp\/v2\/product_tag?post=15160"}],"curies":[{"name":"wp","href":"https:\/\/api.w.org\/{rel}","templated":true}]}}