{"id":15159,"date":"2024-12-07T18:25:07","date_gmt":"2024-12-07T16:25:07","guid":{"rendered":"https:\/\/skaitytaknyga.lt\/?post_type=product&#038;p=15159"},"modified":"2026-03-17T11:49:05","modified_gmt":"2026-03-17T09:49:05","slug":"mes-pradedame-nuo-pabaigos","status":"publish","type":"product","link":"https:\/\/skaitytaknyga.lt\/en\/produktas\/mes-pradedame-nuo-pabaigos\/","title":{"rendered":"Mes pradedame nuo pabaigos"},"content":{"rendered":"<p>\u012esp\u016bdingas&#8230; auk\u0161\u010diausio meistri\u0161kumo k\u016brinys&#8230; I\u0161skirtinis, gyvybingas romanas.<br \/>\nra\u0161ytojas A. J. Finn.<\/p>\n<p>\u201e\u0160ird\u012f virpinantis, \u012fdomus, intriguojantis romanas, suduodantis kelet\u0105 stipri\u0173 emocini\u0173 sm\u016bgi\u0173. Viena i\u0161 t\u0173 ret\u0173 knyg\u0173, stebinan\u010di\u0173 savo turiniu, o paskui dar ilgai i\u0161liekanti atmintyje, kai jau u\u017everstas paskutinis lapas.&#8221; \u2013 ra\u0161ytoja Kristin Hannah<\/p>\n<p>Romanas \u201eMes pradedame nuo pabaigos&#8221; \u2013 nuostabus pasakojimas apie dviej\u0173 tip\u0173 \u0161eimas \u2013 tas, kuriose gimstame, ir tas, kurias patys susikuriame.<\/p>\n<p>Da\u010dis \u2013 trylikamet\u0117, atsiskyr\u0117l\u0117 paaugl\u0117. Taisykl\u0117s skirtos kitiems, bet ne jai. Negailestinga savo penkiame\u010dio brolio gyn\u0117ja bei savo motinos Star \u2013 vieni\u0161os mamos, negeban\u010dios pasir\u016bpinti nei savimi, nei savo dviem vaikais, \u2013 glob\u0117ja.<\/p>\n<p>Volkas vis\u0105 gyvenim\u0105 nebuvo niekur i\u0161va\u017eiav\u0119s savo miestelio, kuriame u\u017eaugo kartu su Star. Nors ir tap\u0119s policijos nuovados vir\u0161ininku, jis vis dar lai\u017eosi senas \u017eaizdas, atsiradusias jam paliudijus teisme prie\u0161 geriausi\u0105 draug\u0105 Vincent\u0105 King\u0105, kur\u012f prie\u0161 kelet\u0105 de\u0161imtme\u010di\u0173 teismas pasiunt\u0117 u\u017e grot\u0173. Dabar jis visaip stengiasi apginti Da\u010dis ir jos mam\u0105.<\/p>\n<p>Galb\u016bt keturiasde\u0161imtmetis \u0161erifas ir trylikamet\u0117 paaugl\u0117 nelabai k\u0105 turi bendra, bet juos vienija bendra patirtis, bylojanti, kad gyvenime tenka nusivilti. Tad kai Vincentui Kingui i\u0161\u0117jus \u012f laisv\u0119 Volk\u0105 ir Da\u010dis u\u017egri\u016bva b\u0117dos, jiems nieko kito nelieka, tik pasiraitoti rankoves ir sutikti jas i\u0161sk\u0117stomis rankomis.<\/p>\n<p>\u201e\u0160iame romane netr\u016bksta nieko \u2013 spalving\u0173 persona\u017e\u0173 ir istorijos, konflikt\u0173 ir \u012ftampos, humoro, tragedijos ir tikros, nepagra\u017eintos dr\u0105sos. Dar prid\u0117kite \u012fsp\u016bding\u0105 jaun\u0105 pagrindin\u0119 veik\u0117j\u0105, kokios dar nebuvau sutik\u0119s romanuose per pastar\u0105j\u012f de\u0161imtmet\u012f, ir j\u016bs\u0173 rankose atsidurs pats giliausias ir prasmingiausias pasakojimas, paker\u0117siantis jus nuo pat pirmo puslapio.&#8221;<\/p>\n<p>John Hart<\/p>\n<ul class=\"about-product d-none d-xl-block mt-4\">\n<li><strong>Originalus pavadinimas:<\/strong>\u00a0We Begin at the End<\/li>\n<li><strong>Autorius:<\/strong>\u00a0Chris Whitaker<\/li>\n<li><strong>Leid\u0117jas:<\/strong>\u00a0Alma littera<\/li>\n<li><strong>Metai:<\/strong>\u00a02022<\/li>\n<li><strong>Puslapiai:<\/strong>\u00a0512<\/li>\n<li class=\"toggleable type-new-formats \"><strong>ISBN:<\/strong>\u00a09786090149577<\/li>\n<li><strong>Versijos kodas:<\/strong>\u00a0PT.<\/li>\n<li class=\"toggleable type-new-formats \"><strong>Formatas:<\/strong>\u00a014,3 x 21,3 x 3,6 cm, kieti vir\u0161eliai<\/li>\n<li><strong>Kalba:<\/strong>\u00a0Lietuvi\u0173<\/li>\n<li><strong>Vert\u0117jas:<\/strong>\u00a0Regina \u0160e\u0161kuvien\u0117<\/li>\n<\/ul>\n","protected":false},"excerpt":{"rendered":"<p>\u012esp\u016bdingas&#8230; auk\u0161\u010diausio meistri\u0161kumo k\u016brinys&#8230; I\u0161skirtinis, gyvybingas romanas. ra\u0161ytojas A. J. Finn. \u201e\u0160ird\u012f virpinantis, \u012fdomus, intriguojantis romanas, suduodantis kelet\u0105 stipri\u0173 emocini\u0173 sm\u016bgi\u0173. Viena i\u0161 t\u0173 ret\u0173 knyg\u0173, stebinan\u010di\u0173 savo turiniu, o paskui dar ilgai i\u0161liekanti atmintyje, kai jau u\u017everstas paskutinis lapas.&#8221; \u2013 ra\u0161ytoja Kristin Hannah Romanas \u201eMes pradedame nuo pabaigos&#8221; \u2013 nuostabus pasakojimas apie dviej\u0173 tip\u0173 \u0161eimas \u2013 tas, kuriose gimstame, ir tas, kurias patys susikuriame. Da\u010dis \u2013 trylikamet\u0117, atsiskyr\u0117l\u0117 paaugl\u0117. Taisykl\u0117s skirtos kitiems, bet ne jai. Negailestinga savo penkiame\u010dio brolio gyn\u0117ja bei savo motinos Star \u2013 vieni\u0161os mamos, negeban\u010dios pasir\u016bpinti nei savimi, nei savo dviem vaikais, \u2013 glob\u0117ja. Volkas vis\u0105 gyvenim\u0105 nebuvo niekur i\u0161va\u017eiav\u0119s savo miestelio, kuriame u\u017eaugo kartu su Star. Nors ir tap\u0119s policijos nuovados vir\u0161ininku, jis vis dar lai\u017eosi senas \u017eaizdas, atsiradusias jam paliudijus teisme prie\u0161 geriausi\u0105 draug\u0105 Vincent\u0105 King\u0105, kur\u012f prie\u0161 kelet\u0105 de\u0161imtme\u010di\u0173 teismas pasiunt\u0117 u\u017e grot\u0173. Dabar jis visaip stengiasi apginti Da\u010dis ir jos mam\u0105. Galb\u016bt keturiasde\u0161imtmetis \u0161erifas ir trylikamet\u0117 paaugl\u0117 nelabai k\u0105 turi bendra, bet juos vienija bendra patirtis, bylojanti, kad gyvenime tenka nusivilti. Tad kai Vincentui Kingui i\u0161\u0117jus \u012f laisv\u0119 Volk\u0105 ir Da\u010dis u\u017egri\u016bva b\u0117dos, jiems nieko kito nelieka, tik pasiraitoti rankoves ir sutikti jas i\u0161sk\u0117stomis rankomis. \u201e\u0160iame romane netr\u016bksta nieko \u2013 spalving\u0173 persona\u017e\u0173 ir istorijos, konflikt\u0173 ir \u012ftampos, humoro, tragedijos ir tikros, nepagra\u017eintos dr\u0105sos. Dar prid\u0117kite \u012fsp\u016bding\u0105 jaun\u0105 pagrindin\u0119 veik\u0117j\u0105, kokios dar nebuvau sutik\u0119s romanuose per pastar\u0105j\u012f de\u0161imtmet\u012f, ir j\u016bs\u0173 rankose atsidurs pats giliausias ir prasmingiausias pasakojimas, paker\u0117siantis jus nuo pat pirmo puslapio.&#8221; John Hart Originalus pavadinimas:\u00a0We Begin at the End Autorius:\u00a0Chris Whitaker Leid\u0117jas:\u00a0Alma littera Metai:\u00a02022 Puslapiai:\u00a0512 ISBN:\u00a09786090149577 Versijos kodas:\u00a0PT. Formatas:\u00a014,3 x 21,3 x 3,6 cm, kieti vir\u0161eliai Kalba:\u00a0Lietuvi\u0173 Vert\u0117jas:\u00a0Regina \u0160e\u0161kuvien\u0117<\/p>\n","protected":false},"featured_media":15244,"comment_status":"open","ping_status":"closed","template":"","meta":{"_acf_changed":false,"site-sidebar-layout":"default","site-content-layout":"","ast-site-content-layout":"default","site-content-style":"default","site-sidebar-style":"default","ast-global-header-display":"","ast-banner-title-visibility":"","ast-main-header-display":"","ast-hfb-above-header-display":"","ast-hfb-below-header-display":"","ast-hfb-mobile-header-display":"","site-post-title":"","ast-breadcrumbs-content":"","ast-featured-img":"","footer-sml-layout":"","ast-disable-related-posts":"","theme-transparent-header-meta":"default","adv-header-id-meta":"","stick-header-meta":"","header-above-stick-meta":"","header-main-stick-meta":"","header-below-stick-meta":"","astra-migrate-meta-layouts":"set","ast-page-background-enabled":"default","ast-page-background-meta":{"desktop":{"background-color":"","background-image":"","background-repeat":"repeat","background-position":"center center","background-size":"auto","background-attachment":"scroll","background-type":"","background-media":"","overlay-type":"","overlay-color":"","overlay-opacity":"","overlay-gradient":""},"tablet":{"background-color":"","background-image":"","background-repeat":"repeat","background-position":"center center","background-size":"auto","background-attachment":"scroll","background-type":"","background-media":"","overlay-type":"","overlay-color":"","overlay-opacity":"","overlay-gradient":""},"mobile":{"background-color":"","background-image":"","background-repeat":"repeat","background-position":"center center","background-size":"auto","background-attachment":"scroll","background-type":"","background-media":"","overlay-type":"","overlay-color":"","overlay-opacity":"","overlay-gradient":""}},"ast-content-background-meta":{"desktop":{"background-color":"var(--ast-global-color-4)","background-image":"","background-repeat":"repeat","background-position":"center center","background-size":"auto","background-attachment":"scroll","background-type":"","background-media":"","overlay-type":"","overlay-color":"","overlay-opacity":"","overlay-gradient":""},"tablet":{"background-color":"var(--ast-global-color-4)","background-image":"","background-repeat":"repeat","background-position":"center center","background-size":"auto","background-attachment":"scroll","background-type":"","background-media":"","overlay-type":"","overlay-color":"","overlay-opacity":"","overlay-gradient":""},"mobile":{"background-color":"var(--ast-global-color-4)","background-image":"","background-repeat":"repeat","background-position":"center center","background-size":"auto","background-attachment":"scroll","background-type":"","background-media":"","overlay-type":"","overlay-color":"","overlay-opacity":"","overlay-gradient":""}}},"product_brand":[],"product_cat":[9734],"product_tag":[],"class_list":{"0":"post-15159","1":"product","2":"type-product","3":"status-publish","4":"has-post-thumbnail","6":"product_cat-romanai","7":"desktop-align-left","8":"tablet-align-left","9":"mobile-align-left","11":"first","12":"instock","13":"shipping-taxable","14":"purchasable","15":"product-type-simple"},"acf":[],"yoast_head":"<!-- This site is optimized with the Yoast SEO plugin v27.0 - https:\/\/yoast.com\/product\/yoast-seo-wordpress\/ -->\n<title>Mes pradedame nuo pabaigos<\/title>\n<meta name=\"description\" content=\"\u012esp\u016bdingas... auk\u0161\u010diausio meistri\u0161kumo k\u016brinys... I\u0161skirtinis, gyvybingas romanas. ra\u0161ytojas A. J. Finn. \u201e\u0160ird\u012f virpinantis, \u012fdomus, intriguojantis\" \/>\n<meta name=\"robots\" content=\"index, follow, max-snippet:-1, max-image-preview:large, max-video-preview:-1\" \/>\n<link rel=\"canonical\" href=\"https:\/\/skaitytaknyga.lt\/en\/produktas\/mes-pradedame-nuo-pabaigos\/\" \/>\n<meta property=\"og:locale\" content=\"en_GB\" \/>\n<meta property=\"og:locale:alternate\" content=\"lt_LT\" \/>\n<meta property=\"og:type\" content=\"article\" \/>\n<meta property=\"og:title\" content=\"Mes pradedame nuo pabaigos\" \/>\n<meta property=\"og:description\" content=\"\u012esp\u016bdingas... auk\u0161\u010diausio meistri\u0161kumo k\u016brinys... I\u0161skirtinis, gyvybingas romanas. ra\u0161ytojas A. J. Finn. \u201e\u0160ird\u012f virpinantis, \u012fdomus, intriguojantis\" \/>\n<meta property=\"og:url\" content=\"https:\/\/skaitytaknyga.lt\/en\/produktas\/mes-pradedame-nuo-pabaigos\/\" \/>\n<meta property=\"og:site_name\" content=\"Skaitytaknyga\" \/>\n<meta property=\"article:publisher\" content=\"https:\/\/www.facebook.com\/skaitytaknyga\/\" \/>\n<meta property=\"article:modified_time\" content=\"2026-03-17T09:49:05+00:00\" \/>\n<meta property=\"og:image\" content=\"https:\/\/skaitytaknyga.lt\/wp-content\/uploads\/2024\/12\/Mes-pradedame-nuo-pabaigos.webp\" \/>\n\t<meta property=\"og:image:width\" content=\"402\" \/>\n\t<meta property=\"og:image:height\" content=\"600\" \/>\n\t<meta property=\"og:image:type\" content=\"image\/webp\" \/>\n<meta name=\"twitter:card\" content=\"summary_large_image\" \/>\n<meta name=\"twitter:label1\" content=\"Estimated reading time\" \/>\n\t<meta name=\"twitter:data1\" content=\"2 minutes\" \/>\n<script type=\"application\/ld+json\" class=\"yoast-schema-graph\">{\"@context\":\"https:\/\/schema.org\",\"@graph\":[{\"@type\":\"WebPage\",\"@id\":\"https:\/\/skaitytaknyga.lt\/produktas\/mes-pradedame-nuo-pabaigos\/\",\"url\":\"https:\/\/skaitytaknyga.lt\/produktas\/mes-pradedame-nuo-pabaigos\/\",\"name\":\"Mes pradedame nuo pabaigos\",\"isPartOf\":{\"@id\":\"https:\/\/skaitytaknyga.lt\/#website\"},\"primaryImageOfPage\":{\"@id\":\"https:\/\/skaitytaknyga.lt\/produktas\/mes-pradedame-nuo-pabaigos\/#primaryimage\"},\"image\":{\"@id\":\"https:\/\/skaitytaknyga.lt\/produktas\/mes-pradedame-nuo-pabaigos\/#primaryimage\"},\"thumbnailUrl\":\"https:\/\/skaitytaknyga.lt\/wp-content\/uploads\/2024\/12\/Mes-pradedame-nuo-pabaigos.webp\",\"datePublished\":\"2024-12-07T16:25:07+00:00\",\"dateModified\":\"2026-03-17T09:49:05+00:00\",\"description\":\"\u012esp\u016bdingas... auk\u0161\u010diausio meistri\u0161kumo k\u016brinys... I\u0161skirtinis, gyvybingas romanas. ra\u0161ytojas A. J. Finn. \u201e\u0160ird\u012f virpinantis, \u012fdomus, intriguojantis\",\"breadcrumb\":{\"@id\":\"https:\/\/skaitytaknyga.lt\/produktas\/mes-pradedame-nuo-pabaigos\/#breadcrumb\"},\"inLanguage\":\"en-GB\",\"potentialAction\":[{\"@type\":\"ReadAction\",\"target\":[\"https:\/\/skaitytaknyga.lt\/produktas\/mes-pradedame-nuo-pabaigos\/\"]}]},{\"@type\":\"ImageObject\",\"inLanguage\":\"en-GB\",\"@id\":\"https:\/\/skaitytaknyga.lt\/produktas\/mes-pradedame-nuo-pabaigos\/#primaryimage\",\"url\":\"https:\/\/skaitytaknyga.lt\/wp-content\/uploads\/2024\/12\/Mes-pradedame-nuo-pabaigos.webp\",\"contentUrl\":\"https:\/\/skaitytaknyga.lt\/wp-content\/uploads\/2024\/12\/Mes-pradedame-nuo-pabaigos.webp\",\"width\":402,\"height\":600,\"caption\":\"Mes pradedame nuo pabaigos\"},{\"@type\":\"BreadcrumbList\",\"@id\":\"https:\/\/skaitytaknyga.lt\/produktas\/mes-pradedame-nuo-pabaigos\/#breadcrumb\",\"itemListElement\":[{\"@type\":\"ListItem\",\"position\":1,\"name\":\"Home\",\"item\":\"https:\/\/skaitytaknyga.lt\/\"},{\"@type\":\"ListItem\",\"position\":2,\"name\":\"Parduotuv\u0117\",\"item\":\"https:\/\/skaitytaknyga.lt\/knygu-parduotuve\/\"},{\"@type\":\"ListItem\",\"position\":3,\"name\":\"Mes pradedame nuo pabaigos\"}]},{\"@type\":\"WebSite\",\"@id\":\"https:\/\/skaitytaknyga.lt\/#website\",\"url\":\"https:\/\/skaitytaknyga.lt\/\",\"name\":\"skaitytaknyga.lt\",\"description\":\"Skaitytaknyga.lt \u2013 tai ma\u017eas \u0161eimos verslas, kuris prasid\u0117jo nuo meil\u0117s knygoms ir siekio i\u0161gelb\u0117ti knygas nuo likimo prie konteinerio. Kas vienam nereikalingas daiktas \u2013 kitam lobis, o mes esame tarpininkai, kurie padeda abiems tapti laimingesniems ???? \u017dinome kaip nelengva i\u0161gyventi ma\u017eiems verslams, tad nuo \u0161iol, \u010dia rasite ir kit\u0173, ma\u017e\u0173 \u0161eim\u0173 versl\u0173, rank\u0173 darbo, dovan\u0173 sau ir artimiesiems.\",\"publisher\":{\"@id\":\"https:\/\/skaitytaknyga.lt\/#organization\"},\"potentialAction\":[{\"@type\":\"SearchAction\",\"target\":{\"@type\":\"EntryPoint\",\"urlTemplate\":\"https:\/\/skaitytaknyga.lt\/?s={search_term_string}\"},\"query-input\":{\"@type\":\"PropertyValueSpecification\",\"valueRequired\":true,\"valueName\":\"search_term_string\"}}],\"inLanguage\":\"en-GB\"},{\"@type\":\"Organization\",\"@id\":\"https:\/\/skaitytaknyga.lt\/#organization\",\"name\":\"skaitytaknyga.lt\",\"url\":\"https:\/\/skaitytaknyga.lt\/\",\"logo\":{\"@type\":\"ImageObject\",\"inLanguage\":\"en-GB\",\"@id\":\"https:\/\/skaitytaknyga.lt\/#\/schema\/logo\/image\/\",\"url\":\"https:\/\/skaitytaknyga.lt\/wp-content\/uploads\/2024\/05\/cropped-cropped-cropped-02_00843_jt3bggkj1j3HLc7SyY6rEUpg.jpeg\",\"contentUrl\":\"https:\/\/skaitytaknyga.lt\/wp-content\/uploads\/2024\/05\/cropped-cropped-cropped-02_00843_jt3bggkj1j3HLc7SyY6rEUpg.jpeg\",\"width\":1600,\"height\":1600,\"caption\":\"skaitytaknyga.lt\"},\"image\":{\"@id\":\"https:\/\/skaitytaknyga.lt\/#\/schema\/logo\/image\/\"},\"sameAs\":[\"https:\/\/www.facebook.com\/skaitytaknyga\/\"]}]}<\/script>\n<!-- \/ Yoast SEO plugin. -->","yoast_head_json":{"title":"Mes pradedame nuo pabaigos","description":"\u012esp\u016bdingas... auk\u0161\u010diausio meistri\u0161kumo k\u016brinys... I\u0161skirtinis, gyvybingas romanas. ra\u0161ytojas A. J. Finn. \u201e\u0160ird\u012f virpinantis, \u012fdomus, intriguojantis","robots":{"index":"index","follow":"follow","max-snippet":"max-snippet:-1","max-image-preview":"max-image-preview:large","max-video-preview":"max-video-preview:-1"},"canonical":"https:\/\/skaitytaknyga.lt\/en\/produktas\/mes-pradedame-nuo-pabaigos\/","og_locale":"en_GB","og_type":"article","og_title":"[:lt]Mes pradedame nuo pabaigos[:] - Skaitytaknyga","og_description":"\u012esp\u016bdingas... auk\u0161\u010diausio meistri\u0161kumo k\u016brinys... I\u0161skirtinis, gyvybingas romanas. ra\u0161ytojas A. J. Finn. \u201e\u0160ird\u012f virpinantis, \u012fdomus, intriguojantis","og_url":"https:\/\/skaitytaknyga.lt\/en\/produktas\/mes-pradedame-nuo-pabaigos\/","og_site_name":"Skaitytaknyga","article_publisher":"https:\/\/www.facebook.com\/skaitytaknyga\/","article_modified_time":"2026-03-17T09:49:05+00:00","og_image":[{"width":402,"height":600,"url":"https:\/\/skaitytaknyga.lt\/wp-content\/uploads\/2024\/12\/Mes-pradedame-nuo-pabaigos.webp","type":"image\/webp"}],"twitter_card":"summary_large_image","twitter_misc":{"Estimated reading time":"2 minutes"},"schema":{"@context":"https:\/\/schema.org","@graph":[{"@type":"WebPage","@id":"https:\/\/skaitytaknyga.lt\/produktas\/mes-pradedame-nuo-pabaigos\/","url":"https:\/\/skaitytaknyga.lt\/produktas\/mes-pradedame-nuo-pabaigos\/","name":"Mes pradedame nuo pabaigos","isPartOf":{"@id":"https:\/\/skaitytaknyga.lt\/#website"},"primaryImageOfPage":{"@id":"https:\/\/skaitytaknyga.lt\/produktas\/mes-pradedame-nuo-pabaigos\/#primaryimage"},"image":{"@id":"https:\/\/skaitytaknyga.lt\/produktas\/mes-pradedame-nuo-pabaigos\/#primaryimage"},"thumbnailUrl":"https:\/\/skaitytaknyga.lt\/wp-content\/uploads\/2024\/12\/Mes-pradedame-nuo-pabaigos.webp","datePublished":"2024-12-07T16:25:07+00:00","dateModified":"2026-03-17T09:49:05+00:00","description":"\u012esp\u016bdingas... auk\u0161\u010diausio meistri\u0161kumo k\u016brinys... I\u0161skirtinis, gyvybingas romanas. ra\u0161ytojas A. J. Finn. \u201e\u0160ird\u012f virpinantis, \u012fdomus, intriguojantis","breadcrumb":{"@id":"https:\/\/skaitytaknyga.lt\/produktas\/mes-pradedame-nuo-pabaigos\/#breadcrumb"},"inLanguage":"en-GB","potentialAction":[{"@type":"ReadAction","target":["https:\/\/skaitytaknyga.lt\/produktas\/mes-pradedame-nuo-pabaigos\/"]}]},{"@type":"ImageObject","inLanguage":"en-GB","@id":"https:\/\/skaitytaknyga.lt\/produktas\/mes-pradedame-nuo-pabaigos\/#primaryimage","url":"https:\/\/skaitytaknyga.lt\/wp-content\/uploads\/2024\/12\/Mes-pradedame-nuo-pabaigos.webp","contentUrl":"https:\/\/skaitytaknyga.lt\/wp-content\/uploads\/2024\/12\/Mes-pradedame-nuo-pabaigos.webp","width":402,"height":600,"caption":"Mes pradedame nuo pabaigos"},{"@type":"BreadcrumbList","@id":"https:\/\/skaitytaknyga.lt\/produktas\/mes-pradedame-nuo-pabaigos\/#breadcrumb","itemListElement":[{"@type":"ListItem","position":1,"name":"Home","item":"https:\/\/skaitytaknyga.lt\/"},{"@type":"ListItem","position":2,"name":"Parduotuv\u0117","item":"https:\/\/skaitytaknyga.lt\/knygu-parduotuve\/"},{"@type":"ListItem","position":3,"name":"Mes pradedame nuo pabaigos"}]},{"@type":"WebSite","@id":"https:\/\/skaitytaknyga.lt\/#website","url":"https:\/\/skaitytaknyga.lt\/","name":"skaitytaknyga.lt","description":"Skaitytaknyga.lt \u2013 tai ma\u017eas \u0161eimos verslas, kuris prasid\u0117jo nuo meil\u0117s knygoms ir siekio i\u0161gelb\u0117ti knygas nuo likimo prie konteinerio. Kas vienam nereikalingas daiktas \u2013 kitam lobis, o mes esame tarpininkai, kurie padeda abiems tapti laimingesniems ???? \u017dinome kaip nelengva i\u0161gyventi ma\u017eiems verslams, tad nuo \u0161iol, \u010dia rasite ir kit\u0173, ma\u017e\u0173 \u0161eim\u0173 versl\u0173, rank\u0173 darbo, dovan\u0173 sau ir artimiesiems.","publisher":{"@id":"https:\/\/skaitytaknyga.lt\/#organization"},"potentialAction":[{"@type":"SearchAction","target":{"@type":"EntryPoint","urlTemplate":"https:\/\/skaitytaknyga.lt\/?s={search_term_string}"},"query-input":{"@type":"PropertyValueSpecification","valueRequired":true,"valueName":"search_term_string"}}],"inLanguage":"en-GB"},{"@type":"Organization","@id":"https:\/\/skaitytaknyga.lt\/#organization","name":"skaitytaknyga.lt","url":"https:\/\/skaitytaknyga.lt\/","logo":{"@type":"ImageObject","inLanguage":"en-GB","@id":"https:\/\/skaitytaknyga.lt\/#\/schema\/logo\/image\/","url":"https:\/\/skaitytaknyga.lt\/wp-content\/uploads\/2024\/05\/cropped-cropped-cropped-02_00843_jt3bggkj1j3HLc7SyY6rEUpg.jpeg","contentUrl":"https:\/\/skaitytaknyga.lt\/wp-content\/uploads\/2024\/05\/cropped-cropped-cropped-02_00843_jt3bggkj1j3HLc7SyY6rEUpg.jpeg","width":1600,"height":1600,"caption":"skaitytaknyga.lt"},"image":{"@id":"https:\/\/skaitytaknyga.lt\/#\/schema\/logo\/image\/"},"sameAs":["https:\/\/www.facebook.com\/skaitytaknyga\/"]}]}},"_links":{"self":[{"href":"https:\/\/skaitytaknyga.lt\/en\/wp-json\/wp\/v2\/product\/15159","targetHints":{"allow":["GET"]}}],"collection":[{"href":"https:\/\/skaitytaknyga.lt\/en\/wp-json\/wp\/v2\/product"}],"about":[{"href":"https:\/\/skaitytaknyga.lt\/en\/wp-json\/wp\/v2\/types\/product"}],"replies":[{"embeddable":true,"href":"https:\/\/skaitytaknyga.lt\/en\/wp-json\/wp\/v2\/comments?post=15159"}],"wp:featuredmedia":[{"embeddable":true,"href":"https:\/\/skaitytaknyga.lt\/en\/wp-json\/wp\/v2\/media\/15244"}],"wp:attachment":[{"href":"https:\/\/skaitytaknyga.lt\/en\/wp-json\/wp\/v2\/media?parent=15159"}],"wp:term":[{"taxonomy":"product_brand","embeddable":true,"href":"https:\/\/skaitytaknyga.lt\/en\/wp-json\/wp\/v2\/product_brand?post=15159"},{"taxonomy":"product_cat","embeddable":true,"href":"https:\/\/skaitytaknyga.lt\/en\/wp-json\/wp\/v2\/product_cat?post=15159"},{"taxonomy":"product_tag","embeddable":true,"href":"https:\/\/skaitytaknyga.lt\/en\/wp-json\/wp\/v2\/product_tag?post=15159"}],"curies":[{"name":"wp","href":"https:\/\/api.w.org\/{rel}","templated":true}]}}