{"id":15158,"date":"2024-12-07T18:25:07","date_gmt":"2024-12-07T16:25:07","guid":{"rendered":"https:\/\/skaitytaknyga.lt\/?post_type=product&#038;p=15158"},"modified":"2025-06-26T15:27:49","modified_gmt":"2025-06-26T12:27:49","slug":"kaip-isgauti-taip-menas-bendrauti-ir-deretis-ivairiose-kulturose","status":"publish","type":"product","link":"https:\/\/skaitytaknyga.lt\/en\/produktas\/kaip-isgauti-taip-menas-bendrauti-ir-deretis-ivairiose-kulturose\/","title":{"rendered":"Kaip i\u0161gauti \u201etaip\u201c: menas bendrauti ir der\u0117tis \u012fvairiose kult\u016brose"},"content":{"rendered":"<p>R. R. Gestelando, amerikie\u010di\u0173 verslo teoretiko, konsultanto ir deryb\u0173 praktiko, knygoje \u2013 daugyb\u0117 patarim\u0173 verslininkams, kaip u\u017emegzti dalykinius ry\u0161ius, kaip bendrauti ir elgtis \u012fvairi\u0173 kult\u016br\u0173 \u0161alyse (Kinijoje, Indijoje, Banglade\u0161e, Vietname, Indonezijoje, Japonijoje, Kor\u0117joje, Singap\u016bre, Arabijoje, Egipte, Graikijoje, Brazilijoje, Meksikoje, Italijoje, Pranc\u016bzijoje, Belgijoje, Vokietijoje, Suomijoje, Nyderlanduose, Danijoje, Amerikoje).<\/p>\n<ul class=\"about-product d-none d-xl-block mt-4\">\n<li><strong>Leid\u0117jas:<\/strong>\u00a0Tyto alba<\/li>\n<li><strong>Metai:<\/strong>\u00a01997<\/li>\n<li><strong>Puslapiai:<\/strong>\u00a0250<\/li>\n<li class=\"toggleable type-new-formats \"><strong>ISBN-10:<\/strong>\u00a09986160669<\/li>\n<li class=\"toggleable type-new-formats \"><strong>ISBN-13:<\/strong>\u00a09789986160663<\/li>\n<li class=\"toggleable type-new-formats \"><strong>Formatas:<\/strong>\u00a014,5 x 21 cm, mink\u0161ti vir\u0161eliai<\/li>\n<li><strong>Kalba:<\/strong>\u00a0Lietuvi\u0173<\/li>\n<li><strong>Vert\u0117jas:<\/strong>\u00a0R\u016bta Montvilien\u0117<\/li>\n<\/ul>\n","protected":false},"excerpt":{"rendered":"<p>R. R. Gestelando, amerikie\u010di\u0173 verslo teoretiko, konsultanto ir deryb\u0173 praktiko, knygoje \u2013 daugyb\u0117 patarim\u0173 verslininkams, kaip u\u017emegzti dalykinius ry\u0161ius, kaip bendrauti ir elgtis \u012fvairi\u0173 kult\u016br\u0173 \u0161alyse (Kinijoje, Indijoje, Banglade\u0161e, Vietname, Indonezijoje, Japonijoje, Kor\u0117joje, Singap\u016bre, Arabijoje, Egipte, Graikijoje, Brazilijoje, Meksikoje, Italijoje, Pranc\u016bzijoje, Belgijoje, Vokietijoje, Suomijoje, Nyderlanduose, Danijoje, Amerikoje). Leid\u0117jas:\u00a0Tyto alba Metai:\u00a01997 Puslapiai:\u00a0250 ISBN-10:\u00a09986160669 ISBN-13:\u00a09789986160663 Formatas:\u00a014,5 x 21 cm, mink\u0161ti vir\u0161eliai Kalba:\u00a0Lietuvi\u0173 Vert\u0117jas:\u00a0R\u016bta Montvilien\u0117<\/p>\n","protected":false},"featured_media":15245,"comment_status":"open","ping_status":"closed","template":"","meta":{"_acf_changed":false,"site-sidebar-layout":"default","site-content-layout":"","ast-site-content-layout":"default","site-content-style":"default","site-sidebar-style":"default","ast-global-header-display":"","ast-banner-title-visibility":"","ast-main-header-display":"","ast-hfb-above-header-display":"","ast-hfb-below-header-display":"","ast-hfb-mobile-header-display":"","site-post-title":"","ast-breadcrumbs-content":"","ast-featured-img":"","footer-sml-layout":"","ast-disable-related-posts":"","theme-transparent-header-meta":"default","adv-header-id-meta":"","stick-header-meta":"","header-above-stick-meta":"","header-main-stick-meta":"","header-below-stick-meta":"","astra-migrate-meta-layouts":"set","ast-page-background-enabled":"default","ast-page-background-meta":{"desktop":{"background-color":"","background-image":"","background-repeat":"repeat","background-position":"center center","background-size":"auto","background-attachment":"scroll","background-type":"","background-media":"","overlay-type":"","overlay-color":"","overlay-opacity":"","overlay-gradient":""},"tablet":{"background-color":"","background-image":"","background-repeat":"repeat","background-position":"center center","background-size":"auto","background-attachment":"scroll","background-type":"","background-media":"","overlay-type":"","overlay-color":"","overlay-opacity":"","overlay-gradient":""},"mobile":{"background-color":"","background-image":"","background-repeat":"repeat","background-position":"center center","background-size":"auto","background-attachment":"scroll","background-type":"","background-media":"","overlay-type":"","overlay-color":"","overlay-opacity":"","overlay-gradient":""}},"ast-content-background-meta":{"desktop":{"background-color":"var(--ast-global-color-4)","background-image":"","background-repeat":"repeat","background-position":"center center","background-size":"auto","background-attachment":"scroll","background-type":"","background-media":"","overlay-type":"","overlay-color":"","overlay-opacity":"","overlay-gradient":""},"tablet":{"background-color":"var(--ast-global-color-4)","background-image":"","background-repeat":"repeat","background-position":"center center","background-size":"auto","background-attachment":"scroll","background-type":"","background-media":"","overlay-type":"","overlay-color":"","overlay-opacity":"","overlay-gradient":""},"mobile":{"background-color":"var(--ast-global-color-4)","background-image":"","background-repeat":"repeat","background-position":"center center","background-size":"auto","background-attachment":"scroll","background-type":"","background-media":"","overlay-type":"","overlay-color":"","overlay-opacity":"","overlay-gradient":""}}},"product_brand":[],"product_cat":[15,30,26],"product_tag":[3258,5694,5688,5696,3132,5035,1595,3965,4505,4245,5690,4324,5691,5687,5692,4413,5695,5697,2831,5686,5698,5693,1662,2356,5689,3358],"class_list":{"0":"post-15158","1":"product","2":"type-product","3":"status-publish","4":"has-post-thumbnail","6":"product_cat-uncategorized","7":"product_cat-psichologija-ir-saviugda","8":"product_cat-verslas-vadyba-ir-finansai","9":"product_tag-amerika","10":"product_tag-arabija","11":"product_tag-bangladesas","12":"product_tag-belgija","13":"product_tag-brazilija","14":"product_tag-danija","15":"product_tag-derybos","16":"product_tag-egiptas","17":"product_tag-graikija","18":"product_tag-indija","19":"product_tag-indonezija","20":"product_tag-italija","21":"product_tag-japonija","22":"product_tag-kinija","23":"product_tag-koreja","24":"product_tag-kulturos","25":"product_tag-meksikas","26":"product_tag-nyderlandai","27":"product_tag-prancuzija","28":"product_tag-r-r-gesteland","29":"product_tag-ruta-montviliene","30":"product_tag-singapuras","31":"product_tag-suomija","32":"product_tag-verslas","33":"product_tag-vietnamas","34":"product_tag-vokietija","35":"desktop-align-left","36":"tablet-align-left","37":"mobile-align-left","39":"first","40":"instock","41":"shipping-taxable","42":"purchasable","43":"product-type-simple"},"acf":[],"yoast_head":"<!-- This site is optimized with the Yoast SEO plugin v27.0 - https:\/\/yoast.com\/product\/yoast-seo-wordpress\/ -->\n<title>Kaip i\u0161gauti \u201etaip\u201c: menas bendrauti ir der\u0117tis \u012fvairiose kult\u016brose<\/title>\n<meta name=\"description\" content=\"R. R. Gestelando, amerikie\u010di\u0173 verslo teoretiko, konsultanto ir deryb\u0173 praktiko, knygoje \u2013 daugyb\u0117 patarim\u0173 verslininkams, kaip u\u017emegzti dalykinius ry\u0161ius,\" \/>\n<meta name=\"robots\" content=\"index, follow, max-snippet:-1, max-image-preview:large, max-video-preview:-1\" \/>\n<link rel=\"canonical\" href=\"https:\/\/skaitytaknyga.lt\/en\/produktas\/kaip-isgauti-taip-menas-bendrauti-ir-deretis-ivairiose-kulturose\/\" \/>\n<meta property=\"og:locale\" content=\"en_GB\" \/>\n<meta property=\"og:locale:alternate\" content=\"lt_LT\" \/>\n<meta property=\"og:type\" content=\"article\" \/>\n<meta property=\"og:title\" content=\"Kaip i\u0161gauti \u201etaip\u201c: menas bendrauti ir der\u0117tis \u012fvairiose kult\u016brose\" \/>\n<meta property=\"og:description\" content=\"R. R. Gestelando, amerikie\u010di\u0173 verslo teoretiko, konsultanto ir deryb\u0173 praktiko, knygoje \u2013 daugyb\u0117 patarim\u0173 verslininkams, kaip u\u017emegzti dalykinius ry\u0161ius,\" \/>\n<meta property=\"og:url\" content=\"https:\/\/skaitytaknyga.lt\/en\/produktas\/kaip-isgauti-taip-menas-bendrauti-ir-deretis-ivairiose-kulturose\/\" \/>\n<meta property=\"og:site_name\" content=\"Skaitytaknyga\" \/>\n<meta property=\"article:publisher\" content=\"https:\/\/www.facebook.com\/skaitytaknyga\/\" \/>\n<meta property=\"article:modified_time\" content=\"2025-06-26T12:27:49+00:00\" \/>\n<meta property=\"og:image\" content=\"https:\/\/skaitytaknyga.lt\/wp-content\/uploads\/2024\/12\/Kaip-isgauti-\u201etaip-menas-bendrauti-ir-deretis-ivairiose-kulturose.webp\" \/>\n\t<meta property=\"og:image:width\" content=\"542\" \/>\n\t<meta property=\"og:image:height\" content=\"800\" \/>\n\t<meta property=\"og:image:type\" content=\"image\/webp\" \/>\n<meta name=\"twitter:card\" content=\"summary_large_image\" \/>\n<meta name=\"twitter:label1\" content=\"Estimated reading time\" \/>\n\t<meta name=\"twitter:data1\" content=\"1 minute\" \/>\n<script type=\"application\/ld+json\" class=\"yoast-schema-graph\">{\"@context\":\"https:\/\/schema.org\",\"@graph\":[{\"@type\":\"WebPage\",\"@id\":\"https:\/\/skaitytaknyga.lt\/produktas\/kaip-isgauti-taip-menas-bendrauti-ir-deretis-ivairiose-kulturose\/\",\"url\":\"https:\/\/skaitytaknyga.lt\/produktas\/kaip-isgauti-taip-menas-bendrauti-ir-deretis-ivairiose-kulturose\/\",\"name\":\"Kaip i\u0161gauti \u201etaip\u201c: menas bendrauti ir der\u0117tis \u012fvairiose kult\u016brose\",\"isPartOf\":{\"@id\":\"https:\/\/skaitytaknyga.lt\/#website\"},\"primaryImageOfPage\":{\"@id\":\"https:\/\/skaitytaknyga.lt\/produktas\/kaip-isgauti-taip-menas-bendrauti-ir-deretis-ivairiose-kulturose\/#primaryimage\"},\"image\":{\"@id\":\"https:\/\/skaitytaknyga.lt\/produktas\/kaip-isgauti-taip-menas-bendrauti-ir-deretis-ivairiose-kulturose\/#primaryimage\"},\"thumbnailUrl\":\"https:\/\/skaitytaknyga.lt\/wp-content\/uploads\/2024\/12\/Kaip-isgauti-\u201etaip-menas-bendrauti-ir-deretis-ivairiose-kulturose.webp\",\"datePublished\":\"2024-12-07T16:25:07+00:00\",\"dateModified\":\"2025-06-26T12:27:49+00:00\",\"description\":\"R. R. Gestelando, amerikie\u010di\u0173 verslo teoretiko, konsultanto ir deryb\u0173 praktiko, knygoje \u2013 daugyb\u0117 patarim\u0173 verslininkams, kaip u\u017emegzti dalykinius ry\u0161ius,\",\"breadcrumb\":{\"@id\":\"https:\/\/skaitytaknyga.lt\/produktas\/kaip-isgauti-taip-menas-bendrauti-ir-deretis-ivairiose-kulturose\/#breadcrumb\"},\"inLanguage\":\"en-GB\",\"potentialAction\":[{\"@type\":\"ReadAction\",\"target\":[\"https:\/\/skaitytaknyga.lt\/produktas\/kaip-isgauti-taip-menas-bendrauti-ir-deretis-ivairiose-kulturose\/\"]}]},{\"@type\":\"ImageObject\",\"inLanguage\":\"en-GB\",\"@id\":\"https:\/\/skaitytaknyga.lt\/produktas\/kaip-isgauti-taip-menas-bendrauti-ir-deretis-ivairiose-kulturose\/#primaryimage\",\"url\":\"https:\/\/skaitytaknyga.lt\/wp-content\/uploads\/2024\/12\/Kaip-isgauti-\u201etaip-menas-bendrauti-ir-deretis-ivairiose-kulturose.webp\",\"contentUrl\":\"https:\/\/skaitytaknyga.lt\/wp-content\/uploads\/2024\/12\/Kaip-isgauti-\u201etaip-menas-bendrauti-ir-deretis-ivairiose-kulturose.webp\",\"width\":542,\"height\":800,\"caption\":\"Kaip i\u0161gauti \u201etaip\u201c: menas bendrauti ir der\u0117tis \u012fvairiose kult\u016brose\"},{\"@type\":\"BreadcrumbList\",\"@id\":\"https:\/\/skaitytaknyga.lt\/produktas\/kaip-isgauti-taip-menas-bendrauti-ir-deretis-ivairiose-kulturose\/#breadcrumb\",\"itemListElement\":[{\"@type\":\"ListItem\",\"position\":1,\"name\":\"Home\",\"item\":\"https:\/\/skaitytaknyga.lt\/\"},{\"@type\":\"ListItem\",\"position\":2,\"name\":\"Parduotuv\u0117\",\"item\":\"https:\/\/skaitytaknyga.lt\/knygu-parduotuve\/\"},{\"@type\":\"ListItem\",\"position\":3,\"name\":\"Kaip i\u0161gauti \u201etaip\u201c: menas bendrauti ir der\u0117tis \u012fvairiose kult\u016brose\"}]},{\"@type\":\"WebSite\",\"@id\":\"https:\/\/skaitytaknyga.lt\/#website\",\"url\":\"https:\/\/skaitytaknyga.lt\/\",\"name\":\"skaitytaknyga.lt\",\"description\":\"Skaitytaknyga.lt \u2013 tai ma\u017eas \u0161eimos verslas, kuris prasid\u0117jo nuo meil\u0117s knygoms ir siekio i\u0161gelb\u0117ti knygas nuo likimo prie konteinerio. Kas vienam nereikalingas daiktas \u2013 kitam lobis, o mes esame tarpininkai, kurie padeda abiems tapti laimingesniems ???? \u017dinome kaip nelengva i\u0161gyventi ma\u017eiems verslams, tad nuo \u0161iol, \u010dia rasite ir kit\u0173, ma\u017e\u0173 \u0161eim\u0173 versl\u0173, rank\u0173 darbo, dovan\u0173 sau ir artimiesiems.\",\"publisher\":{\"@id\":\"https:\/\/skaitytaknyga.lt\/#organization\"},\"potentialAction\":[{\"@type\":\"SearchAction\",\"target\":{\"@type\":\"EntryPoint\",\"urlTemplate\":\"https:\/\/skaitytaknyga.lt\/?s={search_term_string}\"},\"query-input\":{\"@type\":\"PropertyValueSpecification\",\"valueRequired\":true,\"valueName\":\"search_term_string\"}}],\"inLanguage\":\"en-GB\"},{\"@type\":\"Organization\",\"@id\":\"https:\/\/skaitytaknyga.lt\/#organization\",\"name\":\"skaitytaknyga.lt\",\"url\":\"https:\/\/skaitytaknyga.lt\/\",\"logo\":{\"@type\":\"ImageObject\",\"inLanguage\":\"en-GB\",\"@id\":\"https:\/\/skaitytaknyga.lt\/#\/schema\/logo\/image\/\",\"url\":\"https:\/\/skaitytaknyga.lt\/wp-content\/uploads\/2024\/05\/cropped-cropped-cropped-02_00843_jt3bggkj1j3HLc7SyY6rEUpg.jpeg\",\"contentUrl\":\"https:\/\/skaitytaknyga.lt\/wp-content\/uploads\/2024\/05\/cropped-cropped-cropped-02_00843_jt3bggkj1j3HLc7SyY6rEUpg.jpeg\",\"width\":1600,\"height\":1600,\"caption\":\"skaitytaknyga.lt\"},\"image\":{\"@id\":\"https:\/\/skaitytaknyga.lt\/#\/schema\/logo\/image\/\"},\"sameAs\":[\"https:\/\/www.facebook.com\/skaitytaknyga\/\"]}]}<\/script>\n<!-- \/ Yoast SEO plugin. -->","yoast_head_json":{"title":"Kaip i\u0161gauti \u201etaip\u201c: menas bendrauti ir der\u0117tis \u012fvairiose kult\u016brose","description":"R. R. Gestelando, amerikie\u010di\u0173 verslo teoretiko, konsultanto ir deryb\u0173 praktiko, knygoje \u2013 daugyb\u0117 patarim\u0173 verslininkams, kaip u\u017emegzti dalykinius ry\u0161ius,","robots":{"index":"index","follow":"follow","max-snippet":"max-snippet:-1","max-image-preview":"max-image-preview:large","max-video-preview":"max-video-preview:-1"},"canonical":"https:\/\/skaitytaknyga.lt\/en\/produktas\/kaip-isgauti-taip-menas-bendrauti-ir-deretis-ivairiose-kulturose\/","og_locale":"en_GB","og_type":"article","og_title":"[:lt]Kaip i\u0161gauti \u201etaip\u201c: menas bendrauti ir der\u0117tis \u012fvairiose kult\u016brose[:] - Skaitytaknyga","og_description":"R. R. Gestelando, amerikie\u010di\u0173 verslo teoretiko, konsultanto ir deryb\u0173 praktiko, knygoje \u2013 daugyb\u0117 patarim\u0173 verslininkams, kaip u\u017emegzti dalykinius ry\u0161ius,","og_url":"https:\/\/skaitytaknyga.lt\/en\/produktas\/kaip-isgauti-taip-menas-bendrauti-ir-deretis-ivairiose-kulturose\/","og_site_name":"Skaitytaknyga","article_publisher":"https:\/\/www.facebook.com\/skaitytaknyga\/","article_modified_time":"2025-06-26T12:27:49+00:00","og_image":[{"width":542,"height":800,"url":"https:\/\/skaitytaknyga.lt\/wp-content\/uploads\/2024\/12\/Kaip-isgauti-\u201etaip-menas-bendrauti-ir-deretis-ivairiose-kulturose.webp","type":"image\/webp"}],"twitter_card":"summary_large_image","twitter_misc":{"Estimated reading time":"1 minute"},"schema":{"@context":"https:\/\/schema.org","@graph":[{"@type":"WebPage","@id":"https:\/\/skaitytaknyga.lt\/produktas\/kaip-isgauti-taip-menas-bendrauti-ir-deretis-ivairiose-kulturose\/","url":"https:\/\/skaitytaknyga.lt\/produktas\/kaip-isgauti-taip-menas-bendrauti-ir-deretis-ivairiose-kulturose\/","name":"Kaip i\u0161gauti \u201etaip\u201c: menas bendrauti ir der\u0117tis \u012fvairiose kult\u016brose","isPartOf":{"@id":"https:\/\/skaitytaknyga.lt\/#website"},"primaryImageOfPage":{"@id":"https:\/\/skaitytaknyga.lt\/produktas\/kaip-isgauti-taip-menas-bendrauti-ir-deretis-ivairiose-kulturose\/#primaryimage"},"image":{"@id":"https:\/\/skaitytaknyga.lt\/produktas\/kaip-isgauti-taip-menas-bendrauti-ir-deretis-ivairiose-kulturose\/#primaryimage"},"thumbnailUrl":"https:\/\/skaitytaknyga.lt\/wp-content\/uploads\/2024\/12\/Kaip-isgauti-\u201etaip-menas-bendrauti-ir-deretis-ivairiose-kulturose.webp","datePublished":"2024-12-07T16:25:07+00:00","dateModified":"2025-06-26T12:27:49+00:00","description":"R. R. Gestelando, amerikie\u010di\u0173 verslo teoretiko, konsultanto ir deryb\u0173 praktiko, knygoje \u2013 daugyb\u0117 patarim\u0173 verslininkams, kaip u\u017emegzti dalykinius ry\u0161ius,","breadcrumb":{"@id":"https:\/\/skaitytaknyga.lt\/produktas\/kaip-isgauti-taip-menas-bendrauti-ir-deretis-ivairiose-kulturose\/#breadcrumb"},"inLanguage":"en-GB","potentialAction":[{"@type":"ReadAction","target":["https:\/\/skaitytaknyga.lt\/produktas\/kaip-isgauti-taip-menas-bendrauti-ir-deretis-ivairiose-kulturose\/"]}]},{"@type":"ImageObject","inLanguage":"en-GB","@id":"https:\/\/skaitytaknyga.lt\/produktas\/kaip-isgauti-taip-menas-bendrauti-ir-deretis-ivairiose-kulturose\/#primaryimage","url":"https:\/\/skaitytaknyga.lt\/wp-content\/uploads\/2024\/12\/Kaip-isgauti-\u201etaip-menas-bendrauti-ir-deretis-ivairiose-kulturose.webp","contentUrl":"https:\/\/skaitytaknyga.lt\/wp-content\/uploads\/2024\/12\/Kaip-isgauti-\u201etaip-menas-bendrauti-ir-deretis-ivairiose-kulturose.webp","width":542,"height":800,"caption":"Kaip i\u0161gauti \u201etaip\u201c: menas bendrauti ir der\u0117tis \u012fvairiose kult\u016brose"},{"@type":"BreadcrumbList","@id":"https:\/\/skaitytaknyga.lt\/produktas\/kaip-isgauti-taip-menas-bendrauti-ir-deretis-ivairiose-kulturose\/#breadcrumb","itemListElement":[{"@type":"ListItem","position":1,"name":"Home","item":"https:\/\/skaitytaknyga.lt\/"},{"@type":"ListItem","position":2,"name":"Parduotuv\u0117","item":"https:\/\/skaitytaknyga.lt\/knygu-parduotuve\/"},{"@type":"ListItem","position":3,"name":"Kaip i\u0161gauti \u201etaip\u201c: menas bendrauti ir der\u0117tis \u012fvairiose kult\u016brose"}]},{"@type":"WebSite","@id":"https:\/\/skaitytaknyga.lt\/#website","url":"https:\/\/skaitytaknyga.lt\/","name":"skaitytaknyga.lt","description":"Skaitytaknyga.lt \u2013 tai ma\u017eas \u0161eimos verslas, kuris prasid\u0117jo nuo meil\u0117s knygoms ir siekio i\u0161gelb\u0117ti knygas nuo likimo prie konteinerio. Kas vienam nereikalingas daiktas \u2013 kitam lobis, o mes esame tarpininkai, kurie padeda abiems tapti laimingesniems ???? \u017dinome kaip nelengva i\u0161gyventi ma\u017eiems verslams, tad nuo \u0161iol, \u010dia rasite ir kit\u0173, ma\u017e\u0173 \u0161eim\u0173 versl\u0173, rank\u0173 darbo, dovan\u0173 sau ir artimiesiems.","publisher":{"@id":"https:\/\/skaitytaknyga.lt\/#organization"},"potentialAction":[{"@type":"SearchAction","target":{"@type":"EntryPoint","urlTemplate":"https:\/\/skaitytaknyga.lt\/?s={search_term_string}"},"query-input":{"@type":"PropertyValueSpecification","valueRequired":true,"valueName":"search_term_string"}}],"inLanguage":"en-GB"},{"@type":"Organization","@id":"https:\/\/skaitytaknyga.lt\/#organization","name":"skaitytaknyga.lt","url":"https:\/\/skaitytaknyga.lt\/","logo":{"@type":"ImageObject","inLanguage":"en-GB","@id":"https:\/\/skaitytaknyga.lt\/#\/schema\/logo\/image\/","url":"https:\/\/skaitytaknyga.lt\/wp-content\/uploads\/2024\/05\/cropped-cropped-cropped-02_00843_jt3bggkj1j3HLc7SyY6rEUpg.jpeg","contentUrl":"https:\/\/skaitytaknyga.lt\/wp-content\/uploads\/2024\/05\/cropped-cropped-cropped-02_00843_jt3bggkj1j3HLc7SyY6rEUpg.jpeg","width":1600,"height":1600,"caption":"skaitytaknyga.lt"},"image":{"@id":"https:\/\/skaitytaknyga.lt\/#\/schema\/logo\/image\/"},"sameAs":["https:\/\/www.facebook.com\/skaitytaknyga\/"]}]}},"_links":{"self":[{"href":"https:\/\/skaitytaknyga.lt\/en\/wp-json\/wp\/v2\/product\/15158","targetHints":{"allow":["GET"]}}],"collection":[{"href":"https:\/\/skaitytaknyga.lt\/en\/wp-json\/wp\/v2\/product"}],"about":[{"href":"https:\/\/skaitytaknyga.lt\/en\/wp-json\/wp\/v2\/types\/product"}],"replies":[{"embeddable":true,"href":"https:\/\/skaitytaknyga.lt\/en\/wp-json\/wp\/v2\/comments?post=15158"}],"wp:featuredmedia":[{"embeddable":true,"href":"https:\/\/skaitytaknyga.lt\/en\/wp-json\/wp\/v2\/media\/15245"}],"wp:attachment":[{"href":"https:\/\/skaitytaknyga.lt\/en\/wp-json\/wp\/v2\/media?parent=15158"}],"wp:term":[{"taxonomy":"product_brand","embeddable":true,"href":"https:\/\/skaitytaknyga.lt\/en\/wp-json\/wp\/v2\/product_brand?post=15158"},{"taxonomy":"product_cat","embeddable":true,"href":"https:\/\/skaitytaknyga.lt\/en\/wp-json\/wp\/v2\/product_cat?post=15158"},{"taxonomy":"product_tag","embeddable":true,"href":"https:\/\/skaitytaknyga.lt\/en\/wp-json\/wp\/v2\/product_tag?post=15158"}],"curies":[{"name":"wp","href":"https:\/\/api.w.org\/{rel}","templated":true}]}}