{"id":15155,"date":"2024-12-07T18:25:06","date_gmt":"2024-12-07T16:25:06","guid":{"rendered":"https:\/\/skaitytaknyga.lt\/?post_type=product&#038;p=15155"},"modified":"2024-12-09T14:58:51","modified_gmt":"2024-12-09T12:58:51","slug":"five-steps-to-happiness-learning-to-explore-and-understand-your-emotional-mind","status":"publish","type":"product","link":"https:\/\/skaitytaknyga.lt\/en\/produktas\/five-steps-to-happiness-learning-to-explore-and-understand-your-emotional-mind\/","title":{"rendered":"Five Steps to Happiness: Learning to Explore and Understand Your Emotional Mind"},"content":{"rendered":"<p>Do you suffer from panic attacks? Do you ever feel afraid, anxious or even depressed? Would you like to feel more in control of your emotions? Five Steps to Happiness: Learning to Explore &#038; Understand Your Emotional Mind offers steps to overcome certain behavioral patterns and also removes the stigma that can be associated with conditions such as anxiety and depression. With over thirty years&#8217; experience in the field of mental health, Enda Murphy draws on case histories to inform readers about the five modes of behavior that can cause mental health problems. Through a writing style that is free from psychobabble and jargon, readers are offered qualified advice on how to cope with and overcome panic attacks, anxiety and depression by changing just five ways of behaving. The book also sets out how to deal with our emotions, and how we can avoid the errors in our thinking that cause mental health problems.<\/p>\n<p>Readers are invited to change their ways of thinking to live happier and more emotionally healthy lives. Although this book specifically targets those who suffer from mental health problems, it is also essential reading for anybody interested in why such conditions occur: family members and loved ones of those who suffer, as well as therapists and health professionals. Extremely practical in terms of identifying and address mental health problems based on experiences from Enda Murphys longstanding and respected career as a mental health professional.<\/p>\n<ul class=\"a-unordered-list a-nostyle a-vertical a-spacing-none detail-bullet-list\">\n<li><span class=\"a-list-item\"><span class=\"a-text-bold\">Publisher \u200f : \u200e\u00a0<\/span>Liberties Press Ltd (1 Aug. 2013)<\/span><\/li>\n<li><span class=\"a-list-item\"><span class=\"a-text-bold\">Language \u200f : \u200e\u00a0<\/span>English<\/span><\/li>\n<li><span class=\"a-list-item\"><span class=\"a-text-bold\">Paperback \u200f : \u200e\u00a0<\/span>275 pages<\/span><\/li>\n<li><span class=\"a-list-item\"><span class=\"a-text-bold\">ISBN-10 \u200f : \u200e\u00a0<\/span>1907593861<\/span><\/li>\n<li><span class=\"a-list-item\"><span class=\"a-text-bold\">ISBN-13 \u200f : \u200e\u00a0<\/span>978-1907593864<\/span><\/li>\n<li><span class=\"a-list-item\"><span class=\"a-text-bold\">Dimensions \u200f : \u200e\u00a0<\/span>13.97 x 2.54 x 21.59 cm<\/span><\/li>\n<\/ul>\n","protected":false},"excerpt":{"rendered":"<p>Do you suffer from panic attacks? Do you ever feel afraid, anxious or even depressed? Would you like to feel more in control of your emotions? Five Steps to Happiness: Learning to Explore &#038; Understand Your Emotional Mind offers steps to overcome certain behavioral patterns and also removes the stigma that can be associated with conditions such as anxiety and depression. With over thirty years&#8217; experience in the field of mental health, Enda Murphy draws on case histories to inform readers about the five modes of behavior that can cause mental health problems. Through a writing style that is free from psychobabble and jargon, readers are offered qualified advice on how to cope with and overcome panic attacks, anxiety and depression by changing just five ways of behaving. The book also sets out how to deal with our emotions, and how we can avoid the errors in our thinking that cause mental health problems. Readers are invited to change their ways of thinking to live happier and more emotionally healthy lives. Although this book specifically targets those who suffer from mental health problems, it is also essential reading for anybody interested in why such conditions occur: family members and loved ones of those who suffer, as well as therapists and health professionals. Extremely practical in terms of identifying and address mental health problems based on experiences from Enda Murphys longstanding and respected career as a mental health professional. Publisher \u200f : \u200e\u00a0Liberties Press Ltd (1 Aug. 2013) Language \u200f : \u200e\u00a0English Paperback \u200f : \u200e\u00a0275 pages ISBN-10 \u200f : \u200e\u00a01907593861 ISBN-13 \u200f : \u200e\u00a0978-1907593864 Dimensions \u200f : \u200e\u00a013.97 x 2.54 x 21.59 cm<\/p>\n","protected":false},"featured_media":15249,"comment_status":"open","ping_status":"closed","template":"","meta":{"_acf_changed":false,"site-sidebar-layout":"default","site-content-layout":"","ast-site-content-layout":"default","site-content-style":"default","site-sidebar-style":"default","ast-global-header-display":"","ast-banner-title-visibility":"","ast-main-header-display":"","ast-hfb-above-header-display":"","ast-hfb-below-header-display":"","ast-hfb-mobile-header-display":"","site-post-title":"","ast-breadcrumbs-content":"","ast-featured-img":"","footer-sml-layout":"","ast-disable-related-posts":"","theme-transparent-header-meta":"default","adv-header-id-meta":"","stick-header-meta":"","header-above-stick-meta":"","header-main-stick-meta":"","header-below-stick-meta":"","astra-migrate-meta-layouts":"set","ast-page-background-enabled":"default","ast-page-background-meta":{"desktop":{"background-color":"","background-image":"","background-repeat":"repeat","background-position":"center center","background-size":"auto","background-attachment":"scroll","background-type":"","background-media":"","overlay-type":"","overlay-color":"","overlay-opacity":"","overlay-gradient":""},"tablet":{"background-color":"","background-image":"","background-repeat":"repeat","background-position":"center center","background-size":"auto","background-attachment":"scroll","background-type":"","background-media":"","overlay-type":"","overlay-color":"","overlay-opacity":"","overlay-gradient":""},"mobile":{"background-color":"","background-image":"","background-repeat":"repeat","background-position":"center center","background-size":"auto","background-attachment":"scroll","background-type":"","background-media":"","overlay-type":"","overlay-color":"","overlay-opacity":"","overlay-gradient":""}},"ast-content-background-meta":{"desktop":{"background-color":"var(--ast-global-color-4)","background-image":"","background-repeat":"repeat","background-position":"center center","background-size":"auto","background-attachment":"scroll","background-type":"","background-media":"","overlay-type":"","overlay-color":"","overlay-opacity":"","overlay-gradient":""},"tablet":{"background-color":"var(--ast-global-color-4)","background-image":"","background-repeat":"repeat","background-position":"center center","background-size":"auto","background-attachment":"scroll","background-type":"","background-media":"","overlay-type":"","overlay-color":"","overlay-opacity":"","overlay-gradient":""},"mobile":{"background-color":"var(--ast-global-color-4)","background-image":"","background-repeat":"repeat","background-position":"center center","background-size":"auto","background-attachment":"scroll","background-type":"","background-media":"","overlay-type":"","overlay-color":"","overlay-opacity":"","overlay-gradient":""}}},"product_brand":[],"product_cat":[15,30],"product_tag":[],"class_list":{"0":"post-15155","1":"product","2":"type-product","3":"status-publish","4":"has-post-thumbnail","6":"product_cat-uncategorized","7":"product_cat-psichologija-ir-saviugda","8":"desktop-align-left","9":"tablet-align-left","10":"mobile-align-left","12":"first","13":"instock","14":"shipping-taxable","15":"purchasable","16":"product-type-simple"},"acf":[],"yoast_head":"<!-- This site is optimized with the Yoast SEO plugin v27.0 - https:\/\/yoast.com\/product\/yoast-seo-wordpress\/ -->\n<title>Five Steps to Happiness: Learning to Explore and Understand Your Emotional Mind<\/title>\n<meta name=\"description\" content=\"Do you suffer from panic attacks? Do you ever feel afraid, anxious or even depressed? Would you like to feel more in control of your emotions? Five Steps\" \/>\n<meta name=\"robots\" content=\"index, follow, max-snippet:-1, max-image-preview:large, max-video-preview:-1\" \/>\n<link rel=\"canonical\" href=\"https:\/\/skaitytaknyga.lt\/en\/produktas\/five-steps-to-happiness-learning-to-explore-and-understand-your-emotional-mind\/\" \/>\n<meta property=\"og:locale\" content=\"en_GB\" \/>\n<meta property=\"og:locale:alternate\" content=\"lt_LT\" \/>\n<meta property=\"og:type\" content=\"article\" \/>\n<meta property=\"og:title\" content=\"Five Steps to Happiness: Learning to Explore and Understand Your Emotional Mind\" \/>\n<meta property=\"og:description\" content=\"Do you suffer from panic attacks? Do you ever feel afraid, anxious or even depressed? Would you like to feel more in control of your emotions? Five Steps\" \/>\n<meta property=\"og:url\" content=\"https:\/\/skaitytaknyga.lt\/en\/produktas\/five-steps-to-happiness-learning-to-explore-and-understand-your-emotional-mind\/\" \/>\n<meta property=\"og:site_name\" content=\"Skaitytaknyga\" \/>\n<meta property=\"article:publisher\" content=\"https:\/\/www.facebook.com\/skaitytaknyga\/\" \/>\n<meta property=\"article:modified_time\" content=\"2024-12-09T12:58:51+00:00\" \/>\n<meta property=\"og:image\" content=\"https:\/\/skaitytaknyga.lt\/wp-content\/uploads\/2024\/12\/Five-Steps-to-Happiness-Learning-to-Explore-and-Understand-Your-Emotional-Mind.jpg\" \/>\n\t<meta property=\"og:image:width\" content=\"622\" \/>\n\t<meta property=\"og:image:height\" content=\"1000\" \/>\n\t<meta property=\"og:image:type\" content=\"image\/jpeg\" \/>\n<meta name=\"twitter:card\" content=\"summary_large_image\" \/>\n<meta name=\"twitter:label1\" content=\"Estimated reading time\" \/>\n\t<meta name=\"twitter:data1\" content=\"2 minutes\" \/>\n<script type=\"application\/ld+json\" class=\"yoast-schema-graph\">{\"@context\":\"https:\/\/schema.org\",\"@graph\":[{\"@type\":\"WebPage\",\"@id\":\"https:\/\/skaitytaknyga.lt\/produktas\/five-steps-to-happiness-learning-to-explore-and-understand-your-emotional-mind\/\",\"url\":\"https:\/\/skaitytaknyga.lt\/produktas\/five-steps-to-happiness-learning-to-explore-and-understand-your-emotional-mind\/\",\"name\":\"Five Steps to Happiness: Learning to Explore and Understand Your Emotional Mind\",\"isPartOf\":{\"@id\":\"https:\/\/skaitytaknyga.lt\/#website\"},\"primaryImageOfPage\":{\"@id\":\"https:\/\/skaitytaknyga.lt\/produktas\/five-steps-to-happiness-learning-to-explore-and-understand-your-emotional-mind\/#primaryimage\"},\"image\":{\"@id\":\"https:\/\/skaitytaknyga.lt\/produktas\/five-steps-to-happiness-learning-to-explore-and-understand-your-emotional-mind\/#primaryimage\"},\"thumbnailUrl\":\"https:\/\/skaitytaknyga.lt\/wp-content\/uploads\/2024\/12\/Five-Steps-to-Happiness-Learning-to-Explore-and-Understand-Your-Emotional-Mind.jpg\",\"datePublished\":\"2024-12-07T16:25:06+00:00\",\"dateModified\":\"2024-12-09T12:58:51+00:00\",\"description\":\"Do you suffer from panic attacks? Do you ever feel afraid, anxious or even depressed? Would you like to feel more in control of your emotions? Five Steps\",\"breadcrumb\":{\"@id\":\"https:\/\/skaitytaknyga.lt\/produktas\/five-steps-to-happiness-learning-to-explore-and-understand-your-emotional-mind\/#breadcrumb\"},\"inLanguage\":\"en-GB\",\"potentialAction\":[{\"@type\":\"ReadAction\",\"target\":[\"https:\/\/skaitytaknyga.lt\/produktas\/five-steps-to-happiness-learning-to-explore-and-understand-your-emotional-mind\/\"]}]},{\"@type\":\"ImageObject\",\"inLanguage\":\"en-GB\",\"@id\":\"https:\/\/skaitytaknyga.lt\/produktas\/five-steps-to-happiness-learning-to-explore-and-understand-your-emotional-mind\/#primaryimage\",\"url\":\"https:\/\/skaitytaknyga.lt\/wp-content\/uploads\/2024\/12\/Five-Steps-to-Happiness-Learning-to-Explore-and-Understand-Your-Emotional-Mind.jpg\",\"contentUrl\":\"https:\/\/skaitytaknyga.lt\/wp-content\/uploads\/2024\/12\/Five-Steps-to-Happiness-Learning-to-Explore-and-Understand-Your-Emotional-Mind.jpg\",\"width\":622,\"height\":1000,\"caption\":\"Five Steps to Happiness: Learning to Explore and Understand Your Emotional Mind\"},{\"@type\":\"BreadcrumbList\",\"@id\":\"https:\/\/skaitytaknyga.lt\/produktas\/five-steps-to-happiness-learning-to-explore-and-understand-your-emotional-mind\/#breadcrumb\",\"itemListElement\":[{\"@type\":\"ListItem\",\"position\":1,\"name\":\"Home\",\"item\":\"https:\/\/skaitytaknyga.lt\/\"},{\"@type\":\"ListItem\",\"position\":2,\"name\":\"Parduotuv\u0117\",\"item\":\"https:\/\/skaitytaknyga.lt\/knygu-parduotuve\/\"},{\"@type\":\"ListItem\",\"position\":3,\"name\":\"Five Steps to Happiness: Learning to Explore and Understand Your Emotional Mind\"}]},{\"@type\":\"WebSite\",\"@id\":\"https:\/\/skaitytaknyga.lt\/#website\",\"url\":\"https:\/\/skaitytaknyga.lt\/\",\"name\":\"skaitytaknyga.lt\",\"description\":\"Skaitytaknyga.lt \u2013 tai ma\u017eas \u0161eimos verslas, kuris prasid\u0117jo nuo meil\u0117s knygoms ir siekio i\u0161gelb\u0117ti knygas nuo likimo prie konteinerio. Kas vienam nereikalingas daiktas \u2013 kitam lobis, o mes esame tarpininkai, kurie padeda abiems tapti laimingesniems ???? \u017dinome kaip nelengva i\u0161gyventi ma\u017eiems verslams, tad nuo \u0161iol, \u010dia rasite ir kit\u0173, ma\u017e\u0173 \u0161eim\u0173 versl\u0173, rank\u0173 darbo, dovan\u0173 sau ir artimiesiems.\",\"publisher\":{\"@id\":\"https:\/\/skaitytaknyga.lt\/#organization\"},\"potentialAction\":[{\"@type\":\"SearchAction\",\"target\":{\"@type\":\"EntryPoint\",\"urlTemplate\":\"https:\/\/skaitytaknyga.lt\/?s={search_term_string}\"},\"query-input\":{\"@type\":\"PropertyValueSpecification\",\"valueRequired\":true,\"valueName\":\"search_term_string\"}}],\"inLanguage\":\"en-GB\"},{\"@type\":\"Organization\",\"@id\":\"https:\/\/skaitytaknyga.lt\/#organization\",\"name\":\"skaitytaknyga.lt\",\"url\":\"https:\/\/skaitytaknyga.lt\/\",\"logo\":{\"@type\":\"ImageObject\",\"inLanguage\":\"en-GB\",\"@id\":\"https:\/\/skaitytaknyga.lt\/#\/schema\/logo\/image\/\",\"url\":\"https:\/\/skaitytaknyga.lt\/wp-content\/uploads\/2024\/05\/cropped-cropped-cropped-02_00843_jt3bggkj1j3HLc7SyY6rEUpg.jpeg\",\"contentUrl\":\"https:\/\/skaitytaknyga.lt\/wp-content\/uploads\/2024\/05\/cropped-cropped-cropped-02_00843_jt3bggkj1j3HLc7SyY6rEUpg.jpeg\",\"width\":1600,\"height\":1600,\"caption\":\"skaitytaknyga.lt\"},\"image\":{\"@id\":\"https:\/\/skaitytaknyga.lt\/#\/schema\/logo\/image\/\"},\"sameAs\":[\"https:\/\/www.facebook.com\/skaitytaknyga\/\"]}]}<\/script>\n<!-- \/ Yoast SEO plugin. -->","yoast_head_json":{"title":"Five Steps to Happiness: Learning to Explore and Understand Your Emotional Mind","description":"Do you suffer from panic attacks? Do you ever feel afraid, anxious or even depressed? Would you like to feel more in control of your emotions? Five Steps","robots":{"index":"index","follow":"follow","max-snippet":"max-snippet:-1","max-image-preview":"max-image-preview:large","max-video-preview":"max-video-preview:-1"},"canonical":"https:\/\/skaitytaknyga.lt\/en\/produktas\/five-steps-to-happiness-learning-to-explore-and-understand-your-emotional-mind\/","og_locale":"en_GB","og_type":"article","og_title":"[:lt]Five Steps to Happiness: Learning to Explore and Understand Your Emotional Mind[:] - Skaitytaknyga","og_description":"Do you suffer from panic attacks? Do you ever feel afraid, anxious or even depressed? Would you like to feel more in control of your emotions? Five Steps","og_url":"https:\/\/skaitytaknyga.lt\/en\/produktas\/five-steps-to-happiness-learning-to-explore-and-understand-your-emotional-mind\/","og_site_name":"Skaitytaknyga","article_publisher":"https:\/\/www.facebook.com\/skaitytaknyga\/","article_modified_time":"2024-12-09T12:58:51+00:00","og_image":[{"width":622,"height":1000,"url":"https:\/\/skaitytaknyga.lt\/wp-content\/uploads\/2024\/12\/Five-Steps-to-Happiness-Learning-to-Explore-and-Understand-Your-Emotional-Mind.jpg","type":"image\/jpeg"}],"twitter_card":"summary_large_image","twitter_misc":{"Estimated reading time":"2 minutes"},"schema":{"@context":"https:\/\/schema.org","@graph":[{"@type":"WebPage","@id":"https:\/\/skaitytaknyga.lt\/produktas\/five-steps-to-happiness-learning-to-explore-and-understand-your-emotional-mind\/","url":"https:\/\/skaitytaknyga.lt\/produktas\/five-steps-to-happiness-learning-to-explore-and-understand-your-emotional-mind\/","name":"Five Steps to Happiness: Learning to Explore and Understand Your Emotional Mind","isPartOf":{"@id":"https:\/\/skaitytaknyga.lt\/#website"},"primaryImageOfPage":{"@id":"https:\/\/skaitytaknyga.lt\/produktas\/five-steps-to-happiness-learning-to-explore-and-understand-your-emotional-mind\/#primaryimage"},"image":{"@id":"https:\/\/skaitytaknyga.lt\/produktas\/five-steps-to-happiness-learning-to-explore-and-understand-your-emotional-mind\/#primaryimage"},"thumbnailUrl":"https:\/\/skaitytaknyga.lt\/wp-content\/uploads\/2024\/12\/Five-Steps-to-Happiness-Learning-to-Explore-and-Understand-Your-Emotional-Mind.jpg","datePublished":"2024-12-07T16:25:06+00:00","dateModified":"2024-12-09T12:58:51+00:00","description":"Do you suffer from panic attacks? Do you ever feel afraid, anxious or even depressed? Would you like to feel more in control of your emotions? Five Steps","breadcrumb":{"@id":"https:\/\/skaitytaknyga.lt\/produktas\/five-steps-to-happiness-learning-to-explore-and-understand-your-emotional-mind\/#breadcrumb"},"inLanguage":"en-GB","potentialAction":[{"@type":"ReadAction","target":["https:\/\/skaitytaknyga.lt\/produktas\/five-steps-to-happiness-learning-to-explore-and-understand-your-emotional-mind\/"]}]},{"@type":"ImageObject","inLanguage":"en-GB","@id":"https:\/\/skaitytaknyga.lt\/produktas\/five-steps-to-happiness-learning-to-explore-and-understand-your-emotional-mind\/#primaryimage","url":"https:\/\/skaitytaknyga.lt\/wp-content\/uploads\/2024\/12\/Five-Steps-to-Happiness-Learning-to-Explore-and-Understand-Your-Emotional-Mind.jpg","contentUrl":"https:\/\/skaitytaknyga.lt\/wp-content\/uploads\/2024\/12\/Five-Steps-to-Happiness-Learning-to-Explore-and-Understand-Your-Emotional-Mind.jpg","width":622,"height":1000,"caption":"Five Steps to Happiness: Learning to Explore and Understand Your Emotional Mind"},{"@type":"BreadcrumbList","@id":"https:\/\/skaitytaknyga.lt\/produktas\/five-steps-to-happiness-learning-to-explore-and-understand-your-emotional-mind\/#breadcrumb","itemListElement":[{"@type":"ListItem","position":1,"name":"Home","item":"https:\/\/skaitytaknyga.lt\/"},{"@type":"ListItem","position":2,"name":"Parduotuv\u0117","item":"https:\/\/skaitytaknyga.lt\/knygu-parduotuve\/"},{"@type":"ListItem","position":3,"name":"Five Steps to Happiness: Learning to Explore and Understand Your Emotional Mind"}]},{"@type":"WebSite","@id":"https:\/\/skaitytaknyga.lt\/#website","url":"https:\/\/skaitytaknyga.lt\/","name":"skaitytaknyga.lt","description":"Skaitytaknyga.lt \u2013 tai ma\u017eas \u0161eimos verslas, kuris prasid\u0117jo nuo meil\u0117s knygoms ir siekio i\u0161gelb\u0117ti knygas nuo likimo prie konteinerio. Kas vienam nereikalingas daiktas \u2013 kitam lobis, o mes esame tarpininkai, kurie padeda abiems tapti laimingesniems ???? \u017dinome kaip nelengva i\u0161gyventi ma\u017eiems verslams, tad nuo \u0161iol, \u010dia rasite ir kit\u0173, ma\u017e\u0173 \u0161eim\u0173 versl\u0173, rank\u0173 darbo, dovan\u0173 sau ir artimiesiems.","publisher":{"@id":"https:\/\/skaitytaknyga.lt\/#organization"},"potentialAction":[{"@type":"SearchAction","target":{"@type":"EntryPoint","urlTemplate":"https:\/\/skaitytaknyga.lt\/?s={search_term_string}"},"query-input":{"@type":"PropertyValueSpecification","valueRequired":true,"valueName":"search_term_string"}}],"inLanguage":"en-GB"},{"@type":"Organization","@id":"https:\/\/skaitytaknyga.lt\/#organization","name":"skaitytaknyga.lt","url":"https:\/\/skaitytaknyga.lt\/","logo":{"@type":"ImageObject","inLanguage":"en-GB","@id":"https:\/\/skaitytaknyga.lt\/#\/schema\/logo\/image\/","url":"https:\/\/skaitytaknyga.lt\/wp-content\/uploads\/2024\/05\/cropped-cropped-cropped-02_00843_jt3bggkj1j3HLc7SyY6rEUpg.jpeg","contentUrl":"https:\/\/skaitytaknyga.lt\/wp-content\/uploads\/2024\/05\/cropped-cropped-cropped-02_00843_jt3bggkj1j3HLc7SyY6rEUpg.jpeg","width":1600,"height":1600,"caption":"skaitytaknyga.lt"},"image":{"@id":"https:\/\/skaitytaknyga.lt\/#\/schema\/logo\/image\/"},"sameAs":["https:\/\/www.facebook.com\/skaitytaknyga\/"]}]}},"_links":{"self":[{"href":"https:\/\/skaitytaknyga.lt\/en\/wp-json\/wp\/v2\/product\/15155","targetHints":{"allow":["GET"]}}],"collection":[{"href":"https:\/\/skaitytaknyga.lt\/en\/wp-json\/wp\/v2\/product"}],"about":[{"href":"https:\/\/skaitytaknyga.lt\/en\/wp-json\/wp\/v2\/types\/product"}],"replies":[{"embeddable":true,"href":"https:\/\/skaitytaknyga.lt\/en\/wp-json\/wp\/v2\/comments?post=15155"}],"wp:featuredmedia":[{"embeddable":true,"href":"https:\/\/skaitytaknyga.lt\/en\/wp-json\/wp\/v2\/media\/15249"}],"wp:attachment":[{"href":"https:\/\/skaitytaknyga.lt\/en\/wp-json\/wp\/v2\/media?parent=15155"}],"wp:term":[{"taxonomy":"product_brand","embeddable":true,"href":"https:\/\/skaitytaknyga.lt\/en\/wp-json\/wp\/v2\/product_brand?post=15155"},{"taxonomy":"product_cat","embeddable":true,"href":"https:\/\/skaitytaknyga.lt\/en\/wp-json\/wp\/v2\/product_cat?post=15155"},{"taxonomy":"product_tag","embeddable":true,"href":"https:\/\/skaitytaknyga.lt\/en\/wp-json\/wp\/v2\/product_tag?post=15155"}],"curies":[{"name":"wp","href":"https:\/\/api.w.org\/{rel}","templated":true}]}}