{"id":15147,"date":"2024-12-07T17:06:29","date_gmt":"2024-12-07T15:06:29","guid":{"rendered":"https:\/\/skaitytaknyga.lt\/?post_type=product&#038;p=15147"},"modified":"2025-09-28T11:22:27","modified_gmt":"2025-09-28T08:22:27","slug":"nykstukas-galvoje","status":"publish","type":"product","link":"https:\/\/skaitytaknyga.lt\/en\/produktas\/nykstukas-galvoje\/","title":{"rendered":"Nyk\u0161tukas galvoje"},"content":{"rendered":"<p>\u2013 \u017dod\u017eiu, mano galvoje yra nyk\u0161tukas! \u2013 prane\u0161\u0117 Ana t\u0117tei ir mamai. \u2013 Ir tas nyk\u0161tukas buvo Hermano galvojeir nuties\u0117 linij\u0105, kuri jungia mane ir meil\u0119. Ir jei dabar a\u0161nemyl\u0117siu Hermano, nyk\u0161tukas tur\u0117s kraustytis \u012f ut\u0117l\u0117sgalvel\u0119. O jei myl\u0117siu Herman\u0105 \u2013 P\u0117teris niekad su manimnebedraugaus!<\/p>\n<p>Situacija ne i\u0161 lengv\u0173j\u0173. Ypa\u010d kai galvoje gyvenantis nyk\u0161tukas negali tinkamai patarti, nes jo paties likimas kabo ant plauko. Negana to, jis dar ir grasina i\u0161sikraustyti, jei Ana nepildys nor\u0173, kurie neatrodo tokie jau ma\u017euly\u010diai.<\/p>\n<p>K\u0105 pasirinks mergait\u0117: galvin\u012f nyk\u0161tuk\u0105, kuris \u017eino slap\u010diausias jos mintis, ar P\u0117ter\u012f \u2013 pirm\u0105j\u0105 didel\u0119 savo meil\u0119? O gal rinktis visai neb\u016btina?<\/p>\n<p>\u201eNyk\u0161tukas galvoje\u201c \u2013 presti\u017einius vaik\u0173 literat\u016bros apdovanojimus pelniusios austr\u0173 ra\u0161ytojos Kristin\u0117s Niostlinger knyga, \u017eavinti savo paprastumu, nepakartojamu humoro jausmu ir k\u016brybi\u0161kais kasdieni\u0173 galvos\u016bki\u0173 sprendimais.<\/p>\n<ul class=\"about-product d-none d-xl-block mt-4\">\n<li><strong>Autorius:<\/strong>\u00a0Christine Nostlinger<\/li>\n<li><strong>Leid\u0117jas:<\/strong>\u00a0Nieko rimto<\/li>\n<li><strong>Metai:<\/strong>\u00a02012<\/li>\n<li><strong>Puslapiai:<\/strong>\u00a0160<\/li>\n<li class=\"toggleable type-new-formats \"><strong>ISBN:<\/strong>\u00a09786094410581<\/li>\n<li><strong>Versijos kodas:<\/strong>\u00a0PT.<\/li>\n<li class=\"toggleable type-new-formats \"><strong>Formatas:<\/strong>\u00a016,5 x 22,5 cm, kieti vir\u0161eliai<\/li>\n<li><strong>Kalba:<\/strong>\u00a0Lietuvi\u0173<\/li>\n<li><strong>Vert\u0117jas:<\/strong>\u00a0R\u016bta Jonynait\u0117<\/li>\n<\/ul>\n","protected":false},"excerpt":{"rendered":"<p>\u2013 \u017dod\u017eiu, mano galvoje yra nyk\u0161tukas! \u2013 prane\u0161\u0117 Ana t\u0117tei ir mamai. \u2013 Ir tas nyk\u0161tukas buvo Hermano galvojeir nuties\u0117 linij\u0105, kuri jungia mane ir meil\u0119. Ir jei dabar a\u0161nemyl\u0117siu Hermano, nyk\u0161tukas tur\u0117s kraustytis \u012f ut\u0117l\u0117sgalvel\u0119. O jei myl\u0117siu Herman\u0105 \u2013 P\u0117teris niekad su manimnebedraugaus! Situacija ne i\u0161 lengv\u0173j\u0173. Ypa\u010d kai galvoje gyvenantis nyk\u0161tukas negali tinkamai patarti, nes jo paties likimas kabo ant plauko. Negana to, jis dar ir grasina i\u0161sikraustyti, jei Ana nepildys nor\u0173, kurie neatrodo tokie jau ma\u017euly\u010diai. K\u0105 pasirinks mergait\u0117: galvin\u012f nyk\u0161tuk\u0105, kuris \u017eino slap\u010diausias jos mintis, ar P\u0117ter\u012f \u2013 pirm\u0105j\u0105 didel\u0119 savo meil\u0119? O gal rinktis visai neb\u016btina? \u201eNyk\u0161tukas galvoje\u201c \u2013 presti\u017einius vaik\u0173 literat\u016bros apdovanojimus pelniusios austr\u0173 ra\u0161ytojos Kristin\u0117s Niostlinger knyga, \u017eavinti savo paprastumu, nepakartojamu humoro jausmu ir k\u016brybi\u0161kais kasdieni\u0173 galvos\u016bki\u0173 sprendimais. Autorius:\u00a0Christine Nostlinger Leid\u0117jas:\u00a0Nieko rimto Metai:\u00a02012 Puslapiai:\u00a0160 ISBN:\u00a09786094410581 Versijos kodas:\u00a0PT. Formatas:\u00a016,5 x 22,5 cm, kieti vir\u0161eliai Kalba:\u00a0Lietuvi\u0173 Vert\u0117jas:\u00a0R\u016bta Jonynait\u0117<\/p>\n","protected":false},"featured_media":15171,"comment_status":"open","ping_status":"closed","template":"","meta":{"_acf_changed":false,"site-sidebar-layout":"default","site-content-layout":"","ast-site-content-layout":"default","site-content-style":"default","site-sidebar-style":"default","ast-global-header-display":"","ast-banner-title-visibility":"","ast-main-header-display":"","ast-hfb-above-header-display":"","ast-hfb-below-header-display":"","ast-hfb-mobile-header-display":"","site-post-title":"","ast-breadcrumbs-content":"","ast-featured-img":"","footer-sml-layout":"","ast-disable-related-posts":"","theme-transparent-header-meta":"default","adv-header-id-meta":"","stick-header-meta":"","header-above-stick-meta":"","header-main-stick-meta":"","header-below-stick-meta":"","astra-migrate-meta-layouts":"set","ast-page-background-enabled":"default","ast-page-background-meta":{"desktop":{"background-color":"","background-image":"","background-repeat":"repeat","background-position":"center center","background-size":"auto","background-attachment":"scroll","background-type":"","background-media":"","overlay-type":"","overlay-color":"","overlay-opacity":"","overlay-gradient":""},"tablet":{"background-color":"","background-image":"","background-repeat":"repeat","background-position":"center center","background-size":"auto","background-attachment":"scroll","background-type":"","background-media":"","overlay-type":"","overlay-color":"","overlay-opacity":"","overlay-gradient":""},"mobile":{"background-color":"","background-image":"","background-repeat":"repeat","background-position":"center center","background-size":"auto","background-attachment":"scroll","background-type":"","background-media":"","overlay-type":"","overlay-color":"","overlay-opacity":"","overlay-gradient":""}},"ast-content-background-meta":{"desktop":{"background-color":"var(--ast-global-color-4)","background-image":"","background-repeat":"repeat","background-position":"center center","background-size":"auto","background-attachment":"scroll","background-type":"","background-media":"","overlay-type":"","overlay-color":"","overlay-opacity":"","overlay-gradient":""},"tablet":{"background-color":"var(--ast-global-color-4)","background-image":"","background-repeat":"repeat","background-position":"center center","background-size":"auto","background-attachment":"scroll","background-type":"","background-media":"","overlay-type":"","overlay-color":"","overlay-opacity":"","overlay-gradient":""},"mobile":{"background-color":"var(--ast-global-color-4)","background-image":"","background-repeat":"repeat","background-position":"center center","background-size":"auto","background-attachment":"scroll","background-type":"","background-media":"","overlay-type":"","overlay-color":"","overlay-opacity":"","overlay-gradient":""}}},"product_brand":[],"product_cat":[15,35],"product_tag":[],"class_list":{"0":"post-15147","1":"product","2":"type-product","3":"status-publish","4":"has-post-thumbnail","6":"product_cat-uncategorized","7":"product_cat-vaikams-ir-paaugliams","8":"desktop-align-left","9":"tablet-align-left","10":"mobile-align-left","12":"first","13":"outofstock","14":"shipping-taxable","15":"purchasable","16":"product-type-simple"},"acf":[],"yoast_head":"<!-- This site is optimized with the Yoast SEO plugin v27.0 - https:\/\/yoast.com\/product\/yoast-seo-wordpress\/ -->\n<title>Nyk\u0161tukas galvoje<\/title>\n<meta name=\"description\" content=\"\u2013 \u017dod\u017eiu, mano galvoje yra nyk\u0161tukas! \u2013 prane\u0161\u0117 Ana t\u0117tei ir mamai. \u2013 Ir tas nyk\u0161tukas buvo Hermano galvojeir nuties\u0117 linij\u0105, kuri jungia mane ir meil\u0119.\" \/>\n<meta name=\"robots\" content=\"index, follow, max-snippet:-1, max-image-preview:large, max-video-preview:-1\" \/>\n<link rel=\"canonical\" href=\"https:\/\/skaitytaknyga.lt\/en\/produktas\/nykstukas-galvoje\/\" \/>\n<meta property=\"og:locale\" content=\"en_GB\" \/>\n<meta property=\"og:locale:alternate\" content=\"lt_LT\" \/>\n<meta property=\"og:type\" content=\"article\" \/>\n<meta property=\"og:title\" content=\"Nyk\u0161tukas galvoje\" \/>\n<meta property=\"og:description\" content=\"\u2013 \u017dod\u017eiu, mano galvoje yra nyk\u0161tukas! \u2013 prane\u0161\u0117 Ana t\u0117tei ir mamai. \u2013 Ir tas nyk\u0161tukas buvo Hermano galvojeir nuties\u0117 linij\u0105, kuri jungia mane ir meil\u0119.\" \/>\n<meta property=\"og:url\" content=\"https:\/\/skaitytaknyga.lt\/en\/produktas\/nykstukas-galvoje\/\" \/>\n<meta property=\"og:site_name\" content=\"Skaitytaknyga\" \/>\n<meta property=\"article:publisher\" content=\"https:\/\/www.facebook.com\/skaitytaknyga\/\" \/>\n<meta property=\"article:modified_time\" content=\"2025-09-28T08:22:27+00:00\" \/>\n<meta property=\"og:image\" content=\"https:\/\/skaitytaknyga.lt\/wp-content\/uploads\/2024\/12\/Nykstukas-galvoje.webp\" \/>\n\t<meta property=\"og:image:width\" content=\"288\" \/>\n\t<meta property=\"og:image:height\" content=\"400\" \/>\n\t<meta property=\"og:image:type\" content=\"image\/webp\" \/>\n<meta name=\"twitter:card\" content=\"summary_large_image\" \/>\n<meta name=\"twitter:label1\" content=\"Estimated reading time\" \/>\n\t<meta name=\"twitter:data1\" content=\"2 minutes\" \/>\n<script type=\"application\/ld+json\" class=\"yoast-schema-graph\">{\"@context\":\"https:\/\/schema.org\",\"@graph\":[{\"@type\":\"WebPage\",\"@id\":\"https:\/\/skaitytaknyga.lt\/produktas\/nykstukas-galvoje\/\",\"url\":\"https:\/\/skaitytaknyga.lt\/produktas\/nykstukas-galvoje\/\",\"name\":\"Nyk\u0161tukas galvoje\",\"isPartOf\":{\"@id\":\"https:\/\/skaitytaknyga.lt\/#website\"},\"primaryImageOfPage\":{\"@id\":\"https:\/\/skaitytaknyga.lt\/produktas\/nykstukas-galvoje\/#primaryimage\"},\"image\":{\"@id\":\"https:\/\/skaitytaknyga.lt\/produktas\/nykstukas-galvoje\/#primaryimage\"},\"thumbnailUrl\":\"https:\/\/skaitytaknyga.lt\/wp-content\/uploads\/2024\/12\/Nykstukas-galvoje.webp\",\"datePublished\":\"2024-12-07T15:06:29+00:00\",\"dateModified\":\"2025-09-28T08:22:27+00:00\",\"description\":\"\u2013 \u017dod\u017eiu, mano galvoje yra nyk\u0161tukas! \u2013 prane\u0161\u0117 Ana t\u0117tei ir mamai. \u2013 Ir tas nyk\u0161tukas buvo Hermano galvojeir nuties\u0117 linij\u0105, kuri jungia mane ir meil\u0119.\",\"breadcrumb\":{\"@id\":\"https:\/\/skaitytaknyga.lt\/produktas\/nykstukas-galvoje\/#breadcrumb\"},\"inLanguage\":\"en-GB\",\"potentialAction\":[{\"@type\":\"ReadAction\",\"target\":[\"https:\/\/skaitytaknyga.lt\/produktas\/nykstukas-galvoje\/\"]}]},{\"@type\":\"ImageObject\",\"inLanguage\":\"en-GB\",\"@id\":\"https:\/\/skaitytaknyga.lt\/produktas\/nykstukas-galvoje\/#primaryimage\",\"url\":\"https:\/\/skaitytaknyga.lt\/wp-content\/uploads\/2024\/12\/Nykstukas-galvoje.webp\",\"contentUrl\":\"https:\/\/skaitytaknyga.lt\/wp-content\/uploads\/2024\/12\/Nykstukas-galvoje.webp\",\"width\":288,\"height\":400,\"caption\":\"Nyk\u0161tukas galvoje\"},{\"@type\":\"BreadcrumbList\",\"@id\":\"https:\/\/skaitytaknyga.lt\/produktas\/nykstukas-galvoje\/#breadcrumb\",\"itemListElement\":[{\"@type\":\"ListItem\",\"position\":1,\"name\":\"Home\",\"item\":\"https:\/\/skaitytaknyga.lt\/\"},{\"@type\":\"ListItem\",\"position\":2,\"name\":\"Parduotuv\u0117\",\"item\":\"https:\/\/skaitytaknyga.lt\/knygu-parduotuve\/\"},{\"@type\":\"ListItem\",\"position\":3,\"name\":\"Nyk\u0161tukas galvoje\"}]},{\"@type\":\"WebSite\",\"@id\":\"https:\/\/skaitytaknyga.lt\/#website\",\"url\":\"https:\/\/skaitytaknyga.lt\/\",\"name\":\"skaitytaknyga.lt\",\"description\":\"Skaitytaknyga.lt \u2013 tai ma\u017eas \u0161eimos verslas, kuris prasid\u0117jo nuo meil\u0117s knygoms ir siekio i\u0161gelb\u0117ti knygas nuo likimo prie konteinerio. Kas vienam nereikalingas daiktas \u2013 kitam lobis, o mes esame tarpininkai, kurie padeda abiems tapti laimingesniems ???? \u017dinome kaip nelengva i\u0161gyventi ma\u017eiems verslams, tad nuo \u0161iol, \u010dia rasite ir kit\u0173, ma\u017e\u0173 \u0161eim\u0173 versl\u0173, rank\u0173 darbo, dovan\u0173 sau ir artimiesiems.\",\"publisher\":{\"@id\":\"https:\/\/skaitytaknyga.lt\/#organization\"},\"potentialAction\":[{\"@type\":\"SearchAction\",\"target\":{\"@type\":\"EntryPoint\",\"urlTemplate\":\"https:\/\/skaitytaknyga.lt\/?s={search_term_string}\"},\"query-input\":{\"@type\":\"PropertyValueSpecification\",\"valueRequired\":true,\"valueName\":\"search_term_string\"}}],\"inLanguage\":\"en-GB\"},{\"@type\":\"Organization\",\"@id\":\"https:\/\/skaitytaknyga.lt\/#organization\",\"name\":\"skaitytaknyga.lt\",\"url\":\"https:\/\/skaitytaknyga.lt\/\",\"logo\":{\"@type\":\"ImageObject\",\"inLanguage\":\"en-GB\",\"@id\":\"https:\/\/skaitytaknyga.lt\/#\/schema\/logo\/image\/\",\"url\":\"https:\/\/skaitytaknyga.lt\/wp-content\/uploads\/2024\/05\/cropped-cropped-cropped-02_00843_jt3bggkj1j3HLc7SyY6rEUpg.jpeg\",\"contentUrl\":\"https:\/\/skaitytaknyga.lt\/wp-content\/uploads\/2024\/05\/cropped-cropped-cropped-02_00843_jt3bggkj1j3HLc7SyY6rEUpg.jpeg\",\"width\":1600,\"height\":1600,\"caption\":\"skaitytaknyga.lt\"},\"image\":{\"@id\":\"https:\/\/skaitytaknyga.lt\/#\/schema\/logo\/image\/\"},\"sameAs\":[\"https:\/\/www.facebook.com\/skaitytaknyga\/\"]}]}<\/script>\n<!-- \/ Yoast SEO plugin. -->","yoast_head_json":{"title":"Nyk\u0161tukas galvoje","description":"\u2013 \u017dod\u017eiu, mano galvoje yra nyk\u0161tukas! \u2013 prane\u0161\u0117 Ana t\u0117tei ir mamai. \u2013 Ir tas nyk\u0161tukas buvo Hermano galvojeir nuties\u0117 linij\u0105, kuri jungia mane ir meil\u0119.","robots":{"index":"index","follow":"follow","max-snippet":"max-snippet:-1","max-image-preview":"max-image-preview:large","max-video-preview":"max-video-preview:-1"},"canonical":"https:\/\/skaitytaknyga.lt\/en\/produktas\/nykstukas-galvoje\/","og_locale":"en_GB","og_type":"article","og_title":"[:lt]Nyk\u0161tukas galvoje[:] - Skaitytaknyga","og_description":"\u2013 \u017dod\u017eiu, mano galvoje yra nyk\u0161tukas! \u2013 prane\u0161\u0117 Ana t\u0117tei ir mamai. \u2013 Ir tas nyk\u0161tukas buvo Hermano galvojeir nuties\u0117 linij\u0105, kuri jungia mane ir meil\u0119.","og_url":"https:\/\/skaitytaknyga.lt\/en\/produktas\/nykstukas-galvoje\/","og_site_name":"Skaitytaknyga","article_publisher":"https:\/\/www.facebook.com\/skaitytaknyga\/","article_modified_time":"2025-09-28T08:22:27+00:00","og_image":[{"width":288,"height":400,"url":"https:\/\/skaitytaknyga.lt\/wp-content\/uploads\/2024\/12\/Nykstukas-galvoje.webp","type":"image\/webp"}],"twitter_card":"summary_large_image","twitter_misc":{"Estimated reading time":"2 minutes"},"schema":{"@context":"https:\/\/schema.org","@graph":[{"@type":"WebPage","@id":"https:\/\/skaitytaknyga.lt\/produktas\/nykstukas-galvoje\/","url":"https:\/\/skaitytaknyga.lt\/produktas\/nykstukas-galvoje\/","name":"Nyk\u0161tukas galvoje","isPartOf":{"@id":"https:\/\/skaitytaknyga.lt\/#website"},"primaryImageOfPage":{"@id":"https:\/\/skaitytaknyga.lt\/produktas\/nykstukas-galvoje\/#primaryimage"},"image":{"@id":"https:\/\/skaitytaknyga.lt\/produktas\/nykstukas-galvoje\/#primaryimage"},"thumbnailUrl":"https:\/\/skaitytaknyga.lt\/wp-content\/uploads\/2024\/12\/Nykstukas-galvoje.webp","datePublished":"2024-12-07T15:06:29+00:00","dateModified":"2025-09-28T08:22:27+00:00","description":"\u2013 \u017dod\u017eiu, mano galvoje yra nyk\u0161tukas! \u2013 prane\u0161\u0117 Ana t\u0117tei ir mamai. \u2013 Ir tas nyk\u0161tukas buvo Hermano galvojeir nuties\u0117 linij\u0105, kuri jungia mane ir meil\u0119.","breadcrumb":{"@id":"https:\/\/skaitytaknyga.lt\/produktas\/nykstukas-galvoje\/#breadcrumb"},"inLanguage":"en-GB","potentialAction":[{"@type":"ReadAction","target":["https:\/\/skaitytaknyga.lt\/produktas\/nykstukas-galvoje\/"]}]},{"@type":"ImageObject","inLanguage":"en-GB","@id":"https:\/\/skaitytaknyga.lt\/produktas\/nykstukas-galvoje\/#primaryimage","url":"https:\/\/skaitytaknyga.lt\/wp-content\/uploads\/2024\/12\/Nykstukas-galvoje.webp","contentUrl":"https:\/\/skaitytaknyga.lt\/wp-content\/uploads\/2024\/12\/Nykstukas-galvoje.webp","width":288,"height":400,"caption":"Nyk\u0161tukas galvoje"},{"@type":"BreadcrumbList","@id":"https:\/\/skaitytaknyga.lt\/produktas\/nykstukas-galvoje\/#breadcrumb","itemListElement":[{"@type":"ListItem","position":1,"name":"Home","item":"https:\/\/skaitytaknyga.lt\/"},{"@type":"ListItem","position":2,"name":"Parduotuv\u0117","item":"https:\/\/skaitytaknyga.lt\/knygu-parduotuve\/"},{"@type":"ListItem","position":3,"name":"Nyk\u0161tukas galvoje"}]},{"@type":"WebSite","@id":"https:\/\/skaitytaknyga.lt\/#website","url":"https:\/\/skaitytaknyga.lt\/","name":"skaitytaknyga.lt","description":"Skaitytaknyga.lt \u2013 tai ma\u017eas \u0161eimos verslas, kuris prasid\u0117jo nuo meil\u0117s knygoms ir siekio i\u0161gelb\u0117ti knygas nuo likimo prie konteinerio. Kas vienam nereikalingas daiktas \u2013 kitam lobis, o mes esame tarpininkai, kurie padeda abiems tapti laimingesniems ???? \u017dinome kaip nelengva i\u0161gyventi ma\u017eiems verslams, tad nuo \u0161iol, \u010dia rasite ir kit\u0173, ma\u017e\u0173 \u0161eim\u0173 versl\u0173, rank\u0173 darbo, dovan\u0173 sau ir artimiesiems.","publisher":{"@id":"https:\/\/skaitytaknyga.lt\/#organization"},"potentialAction":[{"@type":"SearchAction","target":{"@type":"EntryPoint","urlTemplate":"https:\/\/skaitytaknyga.lt\/?s={search_term_string}"},"query-input":{"@type":"PropertyValueSpecification","valueRequired":true,"valueName":"search_term_string"}}],"inLanguage":"en-GB"},{"@type":"Organization","@id":"https:\/\/skaitytaknyga.lt\/#organization","name":"skaitytaknyga.lt","url":"https:\/\/skaitytaknyga.lt\/","logo":{"@type":"ImageObject","inLanguage":"en-GB","@id":"https:\/\/skaitytaknyga.lt\/#\/schema\/logo\/image\/","url":"https:\/\/skaitytaknyga.lt\/wp-content\/uploads\/2024\/05\/cropped-cropped-cropped-02_00843_jt3bggkj1j3HLc7SyY6rEUpg.jpeg","contentUrl":"https:\/\/skaitytaknyga.lt\/wp-content\/uploads\/2024\/05\/cropped-cropped-cropped-02_00843_jt3bggkj1j3HLc7SyY6rEUpg.jpeg","width":1600,"height":1600,"caption":"skaitytaknyga.lt"},"image":{"@id":"https:\/\/skaitytaknyga.lt\/#\/schema\/logo\/image\/"},"sameAs":["https:\/\/www.facebook.com\/skaitytaknyga\/"]}]}},"_links":{"self":[{"href":"https:\/\/skaitytaknyga.lt\/en\/wp-json\/wp\/v2\/product\/15147","targetHints":{"allow":["GET"]}}],"collection":[{"href":"https:\/\/skaitytaknyga.lt\/en\/wp-json\/wp\/v2\/product"}],"about":[{"href":"https:\/\/skaitytaknyga.lt\/en\/wp-json\/wp\/v2\/types\/product"}],"replies":[{"embeddable":true,"href":"https:\/\/skaitytaknyga.lt\/en\/wp-json\/wp\/v2\/comments?post=15147"}],"wp:featuredmedia":[{"embeddable":true,"href":"https:\/\/skaitytaknyga.lt\/en\/wp-json\/wp\/v2\/media\/15171"}],"wp:attachment":[{"href":"https:\/\/skaitytaknyga.lt\/en\/wp-json\/wp\/v2\/media?parent=15147"}],"wp:term":[{"taxonomy":"product_brand","embeddable":true,"href":"https:\/\/skaitytaknyga.lt\/en\/wp-json\/wp\/v2\/product_brand?post=15147"},{"taxonomy":"product_cat","embeddable":true,"href":"https:\/\/skaitytaknyga.lt\/en\/wp-json\/wp\/v2\/product_cat?post=15147"},{"taxonomy":"product_tag","embeddable":true,"href":"https:\/\/skaitytaknyga.lt\/en\/wp-json\/wp\/v2\/product_tag?post=15147"}],"curies":[{"name":"wp","href":"https:\/\/api.w.org\/{rel}","templated":true}]}}