{"id":15144,"date":"2024-12-07T17:06:29","date_gmt":"2024-12-07T15:06:29","guid":{"rendered":"https:\/\/skaitytaknyga.lt\/?post_type=product&#038;p=15144"},"modified":"2026-03-18T14:59:51","modified_gmt":"2026-03-18T12:59:51","slug":"jasiunu-dvaras-kulturos-zidinys","status":"publish","type":"product","link":"https:\/\/skaitytaknyga.lt\/en\/produktas\/jasiunu-dvaras-kulturos-zidinys\/","title":{"rendered":"Ja\u0161i\u016bn\u0173 dvaras &#8211; kult\u016bros \u017eidinys"},"content":{"rendered":"<p>Knygoje pristatoma intelektin\u0117 Ja\u0161i\u016bn\u0173 dvaro istorija, prasid\u0117jusi 1819 m., kai \u0161\u012f dvar\u0105 paveld\u0117jo Vilniaus universiteto aukl\u0117tinis, ra\u0161ytojas, istorikas ir bibliofilas Mykolas Balinskis. \u010cia gim\u0117 eil\u0117ra\u0161\u010diai, proza, publicistika. \u010cia M. Balinskis ra\u0161\u0117 ir did\u017ei\u0105j\u0105 dvitom\u0119 Vilniaus miesto monografij\u0105 bei pad\u0117jo paskutin\u012f ta\u0161k\u0105 svarbiausiame savo veikale, skirtame senajai Vilniaus universiteto istorijai. \u010cia kaup\u0117 ir tvark\u0117 med\u017eiag\u0105 garsiausiai ir populiariausiai savo knygai Pami\u0119tniki o kr\u00f3lowej Barbarze, \u017conie Zygmunta Augusta (Atsiminimai apie karalien\u0119 Barbor\u0105, \u017dygimanto Augusto \u017emon\u0105). \u010cia para\u0161ytos ir pirmosios mokslo recenzijos. Dvare rinkdavosi tuometinis literat\u016brinis elitas: poetai, prozininkai, mokslo darb\u0173 autoriai; b\u016bta ir did\u017eiul\u0117s bibliotekos \u2013 ma\u017ea jos dalis, kuri saugoma Vilniaus universitete, aptariama \u0161iame leidinyje.<\/p>\n<p>Knygoje i\u0161samiai pristatomi Ja\u0161i\u016bn\u0173 dvarininkai, j\u0173 palikuonys, taip pat dvaro kapinait\u0117s, parkas. Apra\u0161omi 1828 m., pastatyti dvaro r\u016bmai, atlaik\u0119 1830-1831 m. sukilimus, Antr\u0105j\u012f pasaulin\u012f kar\u0105, vald\u017ei\u0173 kait\u0105, privatizavim\u0105, jo anuliavim\u0105, ne vien\u0105 restauravimo darb\u0173 prad\u017ei\u0105 ir \u010dia pat j\u0173 pabaig\u0105, kol gal\u0173 gale 2015-\u0173j\u0173 m. ruden\u012f atv\u0117r\u0117 duris paveldo myl\u0117tojams.<\/p>\n<p>Leidinys gausiai iliustruotas Lietuvos archyvuose, muziejuose, bibliotekose saugomais paveikslais, fotografijomis, dokumentais, taip pat asmenini\u0173 archyv\u0173 nuotraukomis.<\/p>\n","protected":false},"excerpt":{"rendered":"<p>Knygoje pristatoma intelektin\u0117 Ja\u0161i\u016bn\u0173 dvaro istorija, prasid\u0117jusi 1819 m., kai \u0161\u012f dvar\u0105 paveld\u0117jo Vilniaus universiteto aukl\u0117tinis, ra\u0161ytojas, istorikas ir bibliofilas Mykolas Balinskis. \u010cia gim\u0117 eil\u0117ra\u0161\u010diai, proza, publicistika. \u010cia M. Balinskis ra\u0161\u0117 ir did\u017ei\u0105j\u0105 dvitom\u0119 Vilniaus miesto monografij\u0105 bei pad\u0117jo paskutin\u012f ta\u0161k\u0105 svarbiausiame savo veikale, skirtame senajai Vilniaus universiteto istorijai. \u010cia kaup\u0117 ir tvark\u0117 med\u017eiag\u0105 garsiausiai ir populiariausiai savo knygai Pami\u0119tniki o kr\u00f3lowej Barbarze, \u017conie Zygmunta Augusta (Atsiminimai apie karalien\u0119 Barbor\u0105, \u017dygimanto Augusto \u017emon\u0105). \u010cia para\u0161ytos ir pirmosios mokslo recenzijos. Dvare rinkdavosi tuometinis literat\u016brinis elitas: poetai, prozininkai, mokslo darb\u0173 autoriai; b\u016bta ir did\u017eiul\u0117s bibliotekos \u2013 ma\u017ea jos dalis, kuri saugoma Vilniaus universitete, aptariama \u0161iame leidinyje. Knygoje i\u0161samiai pristatomi Ja\u0161i\u016bn\u0173 dvarininkai, j\u0173 palikuonys, taip pat dvaro kapinait\u0117s, parkas. Apra\u0161omi 1828 m., pastatyti dvaro r\u016bmai, atlaik\u0119 1830-1831 m. sukilimus, Antr\u0105j\u012f pasaulin\u012f kar\u0105, vald\u017ei\u0173 kait\u0105, privatizavim\u0105, jo anuliavim\u0105, ne vien\u0105 restauravimo darb\u0173 prad\u017ei\u0105 ir \u010dia pat j\u0173 pabaig\u0105, kol gal\u0173 gale 2015-\u0173j\u0173 m. ruden\u012f atv\u0117r\u0117 duris paveldo myl\u0117tojams. Leidinys gausiai iliustruotas Lietuvos archyvuose, muziejuose, bibliotekose saugomais paveikslais, fotografijomis, dokumentais, taip pat asmenini\u0173 archyv\u0173 nuotraukomis.<\/p>\n","protected":false},"featured_media":15178,"comment_status":"open","ping_status":"closed","template":"","meta":{"_acf_changed":false,"site-sidebar-layout":"default","site-content-layout":"","ast-site-content-layout":"default","site-content-style":"default","site-sidebar-style":"default","ast-global-header-display":"","ast-banner-title-visibility":"","ast-main-header-display":"","ast-hfb-above-header-display":"","ast-hfb-below-header-display":"","ast-hfb-mobile-header-display":"","site-post-title":"","ast-breadcrumbs-content":"","ast-featured-img":"","footer-sml-layout":"","ast-disable-related-posts":"","theme-transparent-header-meta":"default","adv-header-id-meta":"","stick-header-meta":"","header-above-stick-meta":"","header-main-stick-meta":"","header-below-stick-meta":"","astra-migrate-meta-layouts":"set","ast-page-background-enabled":"default","ast-page-background-meta":{"desktop":{"background-color":"","background-image":"","background-repeat":"repeat","background-position":"center center","background-size":"auto","background-attachment":"scroll","background-type":"","background-media":"","overlay-type":"","overlay-color":"","overlay-opacity":"","overlay-gradient":""},"tablet":{"background-color":"","background-image":"","background-repeat":"repeat","background-position":"center center","background-size":"auto","background-attachment":"scroll","background-type":"","background-media":"","overlay-type":"","overlay-color":"","overlay-opacity":"","overlay-gradient":""},"mobile":{"background-color":"","background-image":"","background-repeat":"repeat","background-position":"center center","background-size":"auto","background-attachment":"scroll","background-type":"","background-media":"","overlay-type":"","overlay-color":"","overlay-opacity":"","overlay-gradient":""}},"ast-content-background-meta":{"desktop":{"background-color":"var(--ast-global-color-4)","background-image":"","background-repeat":"repeat","background-position":"center center","background-size":"auto","background-attachment":"scroll","background-type":"","background-media":"","overlay-type":"","overlay-color":"","overlay-opacity":"","overlay-gradient":""},"tablet":{"background-color":"var(--ast-global-color-4)","background-image":"","background-repeat":"repeat","background-position":"center center","background-size":"auto","background-attachment":"scroll","background-type":"","background-media":"","overlay-type":"","overlay-color":"","overlay-opacity":"","overlay-gradient":""},"mobile":{"background-color":"var(--ast-global-color-4)","background-image":"","background-repeat":"repeat","background-position":"center center","background-size":"auto","background-attachment":"scroll","background-type":"","background-media":"","overlay-type":"","overlay-color":"","overlay-opacity":"","overlay-gradient":""}}},"product_brand":[],"product_cat":[9862,174],"product_tag":[],"class_list":{"0":"post-15144","1":"product","2":"type-product","3":"status-publish","4":"has-post-thumbnail","6":"product_cat-lietuvos-istorija","7":"product_cat-istorija-ir-politologija","8":"desktop-align-left","9":"tablet-align-left","10":"mobile-align-left","12":"first","13":"instock","14":"shipping-taxable","15":"purchasable","16":"product-type-simple"},"acf":[],"yoast_head":"<!-- This site is optimized with the Yoast SEO plugin v27.0 - https:\/\/yoast.com\/product\/yoast-seo-wordpress\/ -->\n<title>Ja\u0161i\u016bn\u0173 dvaras - kult\u016bros \u017eidinys<\/title>\n<meta name=\"description\" content=\"Knygoje pristatoma intelektin\u0117 Ja\u0161i\u016bn\u0173 dvaro istorija, prasid\u0117jusi 1819 m., kai \u0161\u012f dvar\u0105 paveld\u0117jo Vilniaus universiteto aukl\u0117tinis, ra\u0161ytojas, istorikas\" \/>\n<meta name=\"robots\" content=\"index, follow, max-snippet:-1, max-image-preview:large, max-video-preview:-1\" \/>\n<link rel=\"canonical\" href=\"https:\/\/skaitytaknyga.lt\/en\/produktas\/jasiunu-dvaras-kulturos-zidinys\/\" \/>\n<meta property=\"og:locale\" content=\"en_GB\" \/>\n<meta property=\"og:locale:alternate\" content=\"lt_LT\" \/>\n<meta property=\"og:type\" content=\"article\" \/>\n<meta property=\"og:title\" content=\"Ja\u0161i\u016bn\u0173 dvaras - kult\u016bros \u017eidinys\" \/>\n<meta property=\"og:description\" content=\"Knygoje pristatoma intelektin\u0117 Ja\u0161i\u016bn\u0173 dvaro istorija, prasid\u0117jusi 1819 m., kai \u0161\u012f dvar\u0105 paveld\u0117jo Vilniaus universiteto aukl\u0117tinis, ra\u0161ytojas, istorikas\" \/>\n<meta property=\"og:url\" content=\"https:\/\/skaitytaknyga.lt\/en\/produktas\/jasiunu-dvaras-kulturos-zidinys\/\" \/>\n<meta property=\"og:site_name\" content=\"Skaitytaknyga\" \/>\n<meta property=\"article:publisher\" content=\"https:\/\/www.facebook.com\/skaitytaknyga\/\" \/>\n<meta property=\"article:modified_time\" content=\"2026-03-18T12:59:51+00:00\" \/>\n<meta property=\"og:image\" content=\"https:\/\/skaitytaknyga.lt\/wp-content\/uploads\/2024\/12\/Jasiunu-dvaras-kulturos-zidinys.jpg\" \/>\n\t<meta property=\"og:image:width\" content=\"709\" \/>\n\t<meta property=\"og:image:height\" content=\"900\" \/>\n\t<meta property=\"og:image:type\" content=\"image\/jpeg\" \/>\n<meta name=\"twitter:card\" content=\"summary_large_image\" \/>\n<meta name=\"twitter:label1\" content=\"Estimated reading time\" \/>\n\t<meta name=\"twitter:data1\" content=\"2 minutes\" \/>\n<script type=\"application\/ld+json\" class=\"yoast-schema-graph\">{\"@context\":\"https:\/\/schema.org\",\"@graph\":[{\"@type\":\"WebPage\",\"@id\":\"https:\/\/skaitytaknyga.lt\/produktas\/jasiunu-dvaras-kulturos-zidinys\/\",\"url\":\"https:\/\/skaitytaknyga.lt\/produktas\/jasiunu-dvaras-kulturos-zidinys\/\",\"name\":\"Ja\u0161i\u016bn\u0173 dvaras - kult\u016bros \u017eidinys\",\"isPartOf\":{\"@id\":\"https:\/\/skaitytaknyga.lt\/#website\"},\"primaryImageOfPage\":{\"@id\":\"https:\/\/skaitytaknyga.lt\/produktas\/jasiunu-dvaras-kulturos-zidinys\/#primaryimage\"},\"image\":{\"@id\":\"https:\/\/skaitytaknyga.lt\/produktas\/jasiunu-dvaras-kulturos-zidinys\/#primaryimage\"},\"thumbnailUrl\":\"https:\/\/skaitytaknyga.lt\/wp-content\/uploads\/2024\/12\/Jasiunu-dvaras-kulturos-zidinys.jpg\",\"datePublished\":\"2024-12-07T15:06:29+00:00\",\"dateModified\":\"2026-03-18T12:59:51+00:00\",\"description\":\"Knygoje pristatoma intelektin\u0117 Ja\u0161i\u016bn\u0173 dvaro istorija, prasid\u0117jusi 1819 m., kai \u0161\u012f dvar\u0105 paveld\u0117jo Vilniaus universiteto aukl\u0117tinis, ra\u0161ytojas, istorikas\",\"breadcrumb\":{\"@id\":\"https:\/\/skaitytaknyga.lt\/produktas\/jasiunu-dvaras-kulturos-zidinys\/#breadcrumb\"},\"inLanguage\":\"en-GB\",\"potentialAction\":[{\"@type\":\"ReadAction\",\"target\":[\"https:\/\/skaitytaknyga.lt\/produktas\/jasiunu-dvaras-kulturos-zidinys\/\"]}]},{\"@type\":\"ImageObject\",\"inLanguage\":\"en-GB\",\"@id\":\"https:\/\/skaitytaknyga.lt\/produktas\/jasiunu-dvaras-kulturos-zidinys\/#primaryimage\",\"url\":\"https:\/\/skaitytaknyga.lt\/wp-content\/uploads\/2024\/12\/Jasiunu-dvaras-kulturos-zidinys.jpg\",\"contentUrl\":\"https:\/\/skaitytaknyga.lt\/wp-content\/uploads\/2024\/12\/Jasiunu-dvaras-kulturos-zidinys.jpg\",\"width\":709,\"height\":900,\"caption\":\"Ja\u0161i\u016bn\u0173 dvaras - kult\u016bros \u017eidinys\"},{\"@type\":\"BreadcrumbList\",\"@id\":\"https:\/\/skaitytaknyga.lt\/produktas\/jasiunu-dvaras-kulturos-zidinys\/#breadcrumb\",\"itemListElement\":[{\"@type\":\"ListItem\",\"position\":1,\"name\":\"Home\",\"item\":\"https:\/\/skaitytaknyga.lt\/\"},{\"@type\":\"ListItem\",\"position\":2,\"name\":\"Parduotuv\u0117\",\"item\":\"https:\/\/skaitytaknyga.lt\/knygu-parduotuve\/\"},{\"@type\":\"ListItem\",\"position\":3,\"name\":\"Ja\u0161i\u016bn\u0173 dvaras &#8211; kult\u016bros \u017eidinys\"}]},{\"@type\":\"WebSite\",\"@id\":\"https:\/\/skaitytaknyga.lt\/#website\",\"url\":\"https:\/\/skaitytaknyga.lt\/\",\"name\":\"skaitytaknyga.lt\",\"description\":\"Skaitytaknyga.lt \u2013 tai ma\u017eas \u0161eimos verslas, kuris prasid\u0117jo nuo meil\u0117s knygoms ir siekio i\u0161gelb\u0117ti knygas nuo likimo prie konteinerio. Kas vienam nereikalingas daiktas \u2013 kitam lobis, o mes esame tarpininkai, kurie padeda abiems tapti laimingesniems ???? \u017dinome kaip nelengva i\u0161gyventi ma\u017eiems verslams, tad nuo \u0161iol, \u010dia rasite ir kit\u0173, ma\u017e\u0173 \u0161eim\u0173 versl\u0173, rank\u0173 darbo, dovan\u0173 sau ir artimiesiems.\",\"publisher\":{\"@id\":\"https:\/\/skaitytaknyga.lt\/#organization\"},\"potentialAction\":[{\"@type\":\"SearchAction\",\"target\":{\"@type\":\"EntryPoint\",\"urlTemplate\":\"https:\/\/skaitytaknyga.lt\/?s={search_term_string}\"},\"query-input\":{\"@type\":\"PropertyValueSpecification\",\"valueRequired\":true,\"valueName\":\"search_term_string\"}}],\"inLanguage\":\"en-GB\"},{\"@type\":\"Organization\",\"@id\":\"https:\/\/skaitytaknyga.lt\/#organization\",\"name\":\"skaitytaknyga.lt\",\"url\":\"https:\/\/skaitytaknyga.lt\/\",\"logo\":{\"@type\":\"ImageObject\",\"inLanguage\":\"en-GB\",\"@id\":\"https:\/\/skaitytaknyga.lt\/#\/schema\/logo\/image\/\",\"url\":\"https:\/\/skaitytaknyga.lt\/wp-content\/uploads\/2024\/05\/cropped-cropped-cropped-02_00843_jt3bggkj1j3HLc7SyY6rEUpg.jpeg\",\"contentUrl\":\"https:\/\/skaitytaknyga.lt\/wp-content\/uploads\/2024\/05\/cropped-cropped-cropped-02_00843_jt3bggkj1j3HLc7SyY6rEUpg.jpeg\",\"width\":1600,\"height\":1600,\"caption\":\"skaitytaknyga.lt\"},\"image\":{\"@id\":\"https:\/\/skaitytaknyga.lt\/#\/schema\/logo\/image\/\"},\"sameAs\":[\"https:\/\/www.facebook.com\/skaitytaknyga\/\"]}]}<\/script>\n<!-- \/ Yoast SEO plugin. -->","yoast_head_json":{"title":"Ja\u0161i\u016bn\u0173 dvaras - kult\u016bros \u017eidinys","description":"Knygoje pristatoma intelektin\u0117 Ja\u0161i\u016bn\u0173 dvaro istorija, prasid\u0117jusi 1819 m., kai \u0161\u012f dvar\u0105 paveld\u0117jo Vilniaus universiteto aukl\u0117tinis, ra\u0161ytojas, istorikas","robots":{"index":"index","follow":"follow","max-snippet":"max-snippet:-1","max-image-preview":"max-image-preview:large","max-video-preview":"max-video-preview:-1"},"canonical":"https:\/\/skaitytaknyga.lt\/en\/produktas\/jasiunu-dvaras-kulturos-zidinys\/","og_locale":"en_GB","og_type":"article","og_title":"[:lt]Ja\u0161i\u016bn\u0173 dvaras - kult\u016bros \u017eidinys[:] - Skaitytaknyga","og_description":"Knygoje pristatoma intelektin\u0117 Ja\u0161i\u016bn\u0173 dvaro istorija, prasid\u0117jusi 1819 m., kai \u0161\u012f dvar\u0105 paveld\u0117jo Vilniaus universiteto aukl\u0117tinis, ra\u0161ytojas, istorikas","og_url":"https:\/\/skaitytaknyga.lt\/en\/produktas\/jasiunu-dvaras-kulturos-zidinys\/","og_site_name":"Skaitytaknyga","article_publisher":"https:\/\/www.facebook.com\/skaitytaknyga\/","article_modified_time":"2026-03-18T12:59:51+00:00","og_image":[{"width":709,"height":900,"url":"https:\/\/skaitytaknyga.lt\/wp-content\/uploads\/2024\/12\/Jasiunu-dvaras-kulturos-zidinys.jpg","type":"image\/jpeg"}],"twitter_card":"summary_large_image","twitter_misc":{"Estimated reading time":"2 minutes"},"schema":{"@context":"https:\/\/schema.org","@graph":[{"@type":"WebPage","@id":"https:\/\/skaitytaknyga.lt\/produktas\/jasiunu-dvaras-kulturos-zidinys\/","url":"https:\/\/skaitytaknyga.lt\/produktas\/jasiunu-dvaras-kulturos-zidinys\/","name":"Ja\u0161i\u016bn\u0173 dvaras - kult\u016bros \u017eidinys","isPartOf":{"@id":"https:\/\/skaitytaknyga.lt\/#website"},"primaryImageOfPage":{"@id":"https:\/\/skaitytaknyga.lt\/produktas\/jasiunu-dvaras-kulturos-zidinys\/#primaryimage"},"image":{"@id":"https:\/\/skaitytaknyga.lt\/produktas\/jasiunu-dvaras-kulturos-zidinys\/#primaryimage"},"thumbnailUrl":"https:\/\/skaitytaknyga.lt\/wp-content\/uploads\/2024\/12\/Jasiunu-dvaras-kulturos-zidinys.jpg","datePublished":"2024-12-07T15:06:29+00:00","dateModified":"2026-03-18T12:59:51+00:00","description":"Knygoje pristatoma intelektin\u0117 Ja\u0161i\u016bn\u0173 dvaro istorija, prasid\u0117jusi 1819 m., kai \u0161\u012f dvar\u0105 paveld\u0117jo Vilniaus universiteto aukl\u0117tinis, ra\u0161ytojas, istorikas","breadcrumb":{"@id":"https:\/\/skaitytaknyga.lt\/produktas\/jasiunu-dvaras-kulturos-zidinys\/#breadcrumb"},"inLanguage":"en-GB","potentialAction":[{"@type":"ReadAction","target":["https:\/\/skaitytaknyga.lt\/produktas\/jasiunu-dvaras-kulturos-zidinys\/"]}]},{"@type":"ImageObject","inLanguage":"en-GB","@id":"https:\/\/skaitytaknyga.lt\/produktas\/jasiunu-dvaras-kulturos-zidinys\/#primaryimage","url":"https:\/\/skaitytaknyga.lt\/wp-content\/uploads\/2024\/12\/Jasiunu-dvaras-kulturos-zidinys.jpg","contentUrl":"https:\/\/skaitytaknyga.lt\/wp-content\/uploads\/2024\/12\/Jasiunu-dvaras-kulturos-zidinys.jpg","width":709,"height":900,"caption":"Ja\u0161i\u016bn\u0173 dvaras - kult\u016bros \u017eidinys"},{"@type":"BreadcrumbList","@id":"https:\/\/skaitytaknyga.lt\/produktas\/jasiunu-dvaras-kulturos-zidinys\/#breadcrumb","itemListElement":[{"@type":"ListItem","position":1,"name":"Home","item":"https:\/\/skaitytaknyga.lt\/"},{"@type":"ListItem","position":2,"name":"Parduotuv\u0117","item":"https:\/\/skaitytaknyga.lt\/knygu-parduotuve\/"},{"@type":"ListItem","position":3,"name":"Ja\u0161i\u016bn\u0173 dvaras &#8211; kult\u016bros \u017eidinys"}]},{"@type":"WebSite","@id":"https:\/\/skaitytaknyga.lt\/#website","url":"https:\/\/skaitytaknyga.lt\/","name":"skaitytaknyga.lt","description":"Skaitytaknyga.lt \u2013 tai ma\u017eas \u0161eimos verslas, kuris prasid\u0117jo nuo meil\u0117s knygoms ir siekio i\u0161gelb\u0117ti knygas nuo likimo prie konteinerio. Kas vienam nereikalingas daiktas \u2013 kitam lobis, o mes esame tarpininkai, kurie padeda abiems tapti laimingesniems ???? \u017dinome kaip nelengva i\u0161gyventi ma\u017eiems verslams, tad nuo \u0161iol, \u010dia rasite ir kit\u0173, ma\u017e\u0173 \u0161eim\u0173 versl\u0173, rank\u0173 darbo, dovan\u0173 sau ir artimiesiems.","publisher":{"@id":"https:\/\/skaitytaknyga.lt\/#organization"},"potentialAction":[{"@type":"SearchAction","target":{"@type":"EntryPoint","urlTemplate":"https:\/\/skaitytaknyga.lt\/?s={search_term_string}"},"query-input":{"@type":"PropertyValueSpecification","valueRequired":true,"valueName":"search_term_string"}}],"inLanguage":"en-GB"},{"@type":"Organization","@id":"https:\/\/skaitytaknyga.lt\/#organization","name":"skaitytaknyga.lt","url":"https:\/\/skaitytaknyga.lt\/","logo":{"@type":"ImageObject","inLanguage":"en-GB","@id":"https:\/\/skaitytaknyga.lt\/#\/schema\/logo\/image\/","url":"https:\/\/skaitytaknyga.lt\/wp-content\/uploads\/2024\/05\/cropped-cropped-cropped-02_00843_jt3bggkj1j3HLc7SyY6rEUpg.jpeg","contentUrl":"https:\/\/skaitytaknyga.lt\/wp-content\/uploads\/2024\/05\/cropped-cropped-cropped-02_00843_jt3bggkj1j3HLc7SyY6rEUpg.jpeg","width":1600,"height":1600,"caption":"skaitytaknyga.lt"},"image":{"@id":"https:\/\/skaitytaknyga.lt\/#\/schema\/logo\/image\/"},"sameAs":["https:\/\/www.facebook.com\/skaitytaknyga\/"]}]}},"_links":{"self":[{"href":"https:\/\/skaitytaknyga.lt\/en\/wp-json\/wp\/v2\/product\/15144","targetHints":{"allow":["GET"]}}],"collection":[{"href":"https:\/\/skaitytaknyga.lt\/en\/wp-json\/wp\/v2\/product"}],"about":[{"href":"https:\/\/skaitytaknyga.lt\/en\/wp-json\/wp\/v2\/types\/product"}],"replies":[{"embeddable":true,"href":"https:\/\/skaitytaknyga.lt\/en\/wp-json\/wp\/v2\/comments?post=15144"}],"wp:featuredmedia":[{"embeddable":true,"href":"https:\/\/skaitytaknyga.lt\/en\/wp-json\/wp\/v2\/media\/15178"}],"wp:attachment":[{"href":"https:\/\/skaitytaknyga.lt\/en\/wp-json\/wp\/v2\/media?parent=15144"}],"wp:term":[{"taxonomy":"product_brand","embeddable":true,"href":"https:\/\/skaitytaknyga.lt\/en\/wp-json\/wp\/v2\/product_brand?post=15144"},{"taxonomy":"product_cat","embeddable":true,"href":"https:\/\/skaitytaknyga.lt\/en\/wp-json\/wp\/v2\/product_cat?post=15144"},{"taxonomy":"product_tag","embeddable":true,"href":"https:\/\/skaitytaknyga.lt\/en\/wp-json\/wp\/v2\/product_tag?post=15144"}],"curies":[{"name":"wp","href":"https:\/\/api.w.org\/{rel}","templated":true}]}}