{"id":15141,"date":"2024-12-07T17:06:29","date_gmt":"2024-12-07T15:06:29","guid":{"rendered":"https:\/\/skaitytaknyga.lt\/?post_type=product&#038;p=15141"},"modified":"2024-12-09T10:07:05","modified_gmt":"2024-12-09T08:07:05","slug":"teksto-komponavimas-rasymo-procesas-ir-tekstu-tipai","status":"publish","type":"product","link":"https:\/\/skaitytaknyga.lt\/en\/produktas\/teksto-komponavimas-rasymo-procesas-ir-tekstu-tipai\/","title":{"rendered":"Teksto komponavimas: ra\u0161ymo procesas ir tekst\u0173 tipai"},"content":{"rendered":"<p>Auk\u0161tesni\u0173j\u0173 klasi\u0173 mokiniams ir mokytojams skiriamoje knygoje nagrin\u0117jama ra\u0161ymo proceso esm\u0117, pateikiama \u012fvairi\u0173 \u201erecept\u0173\u201c, nurodomi \u201eingredientai\u201c ir \u201eproced\u016bros\u201c, analizuojama, kaip mokiniams patiems kurti apra\u0161omojo, pasakojamojo ir samprotaujamojo tipo tekstus, kaip juos tobulinti ir redaguoti. Aptariamas tipin\u0117s tekst\u0173 ra\u0161ymo klaid\u0173 r\u016b\u0161ys.<\/p>\n<ul class=\"about-product d-none d-xl-block mt-4\">\n<li><strong>Autorius:<\/strong>\u00a0Zita Nauck\u016bnait\u0117<\/li>\n<li><strong>Leid\u0117jas:<\/strong>\u00a0Gimtasis \u017eodis<\/li>\n<li><strong>Metai:<\/strong>\u00a02002<\/li>\n<li><strong>Puslapiai:<\/strong>\u00a0190<\/li>\n<li class=\"toggleable type-new-formats \"><strong>ISBN:<\/strong>\u00a09789955512134<\/li>\n<li class=\"toggleable type-new-formats \"><strong>Formatas:<\/strong>\u00a017 x 24,5 x 1,5 cm, kieti vir\u0161eliai<\/li>\n<\/ul>\n","protected":false},"excerpt":{"rendered":"<p>Auk\u0161tesni\u0173j\u0173 klasi\u0173 mokiniams ir mokytojams skiriamoje knygoje nagrin\u0117jama ra\u0161ymo proceso esm\u0117, pateikiama \u012fvairi\u0173 \u201erecept\u0173\u201c, nurodomi \u201eingredientai\u201c ir \u201eproced\u016bros\u201c, analizuojama, kaip mokiniams patiems kurti apra\u0161omojo, pasakojamojo ir samprotaujamojo tipo tekstus, kaip juos tobulinti ir redaguoti. Aptariamas tipin\u0117s tekst\u0173 ra\u0161ymo klaid\u0173 r\u016b\u0161ys. Autorius:\u00a0Zita Nauck\u016bnait\u0117 Leid\u0117jas:\u00a0Gimtasis \u017eodis Metai:\u00a02002 Puslapiai:\u00a0190 ISBN:\u00a09789955512134 Formatas:\u00a017 x 24,5 x 1,5 cm, kieti vir\u0161eliai<\/p>\n","protected":false},"featured_media":15174,"comment_status":"open","ping_status":"closed","template":"","meta":{"_acf_changed":false,"site-sidebar-layout":"default","site-content-layout":"","ast-site-content-layout":"default","site-content-style":"default","site-sidebar-style":"default","ast-global-header-display":"","ast-banner-title-visibility":"","ast-main-header-display":"","ast-hfb-above-header-display":"","ast-hfb-below-header-display":"","ast-hfb-mobile-header-display":"","site-post-title":"","ast-breadcrumbs-content":"","ast-featured-img":"","footer-sml-layout":"","ast-disable-related-posts":"","theme-transparent-header-meta":"default","adv-header-id-meta":"","stick-header-meta":"","header-above-stick-meta":"","header-main-stick-meta":"","header-below-stick-meta":"","astra-migrate-meta-layouts":"set","ast-page-background-enabled":"default","ast-page-background-meta":{"desktop":{"background-color":"","background-image":"","background-repeat":"repeat","background-position":"center center","background-size":"auto","background-attachment":"scroll","background-type":"","background-media":"","overlay-type":"","overlay-color":"","overlay-opacity":"","overlay-gradient":""},"tablet":{"background-color":"","background-image":"","background-repeat":"repeat","background-position":"center center","background-size":"auto","background-attachment":"scroll","background-type":"","background-media":"","overlay-type":"","overlay-color":"","overlay-opacity":"","overlay-gradient":""},"mobile":{"background-color":"","background-image":"","background-repeat":"repeat","background-position":"center center","background-size":"auto","background-attachment":"scroll","background-type":"","background-media":"","overlay-type":"","overlay-color":"","overlay-opacity":"","overlay-gradient":""}},"ast-content-background-meta":{"desktop":{"background-color":"var(--ast-global-color-4)","background-image":"","background-repeat":"repeat","background-position":"center center","background-size":"auto","background-attachment":"scroll","background-type":"","background-media":"","overlay-type":"","overlay-color":"","overlay-opacity":"","overlay-gradient":""},"tablet":{"background-color":"var(--ast-global-color-4)","background-image":"","background-repeat":"repeat","background-position":"center center","background-size":"auto","background-attachment":"scroll","background-type":"","background-media":"","overlay-type":"","overlay-color":"","overlay-opacity":"","overlay-gradient":""},"mobile":{"background-color":"var(--ast-global-color-4)","background-image":"","background-repeat":"repeat","background-position":"center center","background-size":"auto","background-attachment":"scroll","background-type":"","background-media":"","overlay-type":"","overlay-color":"","overlay-opacity":"","overlay-gradient":""}}},"product_brand":[],"product_cat":[390,15],"product_tag":[],"class_list":{"0":"post-15141","1":"product","2":"type-product","3":"status-publish","4":"has-post-thumbnail","6":"product_cat-kalba-kalbotyra-zodynai","7":"product_cat-uncategorized","8":"desktop-align-left","9":"tablet-align-left","10":"mobile-align-left","12":"first","13":"instock","14":"shipping-taxable","15":"purchasable","16":"product-type-simple"},"acf":[],"yoast_head":"<!-- This site is optimized with the Yoast SEO plugin v27.0 - https:\/\/yoast.com\/product\/yoast-seo-wordpress\/ -->\n<title>Teksto komponavimas: ra\u0161ymo procesas ir tekst\u0173 tipai<\/title>\n<meta name=\"description\" content=\"Auk\u0161tesni\u0173j\u0173 klasi\u0173 mokiniams ir mokytojams skiriamoje knygoje nagrin\u0117jama ra\u0161ymo proceso esm\u0117, pateikiama \u012fvairi\u0173 \u201erecept\u0173\u201c, nurodomi \u201eingredientai\u201c ir\" \/>\n<meta name=\"robots\" content=\"index, follow, max-snippet:-1, max-image-preview:large, max-video-preview:-1\" \/>\n<link rel=\"canonical\" href=\"https:\/\/skaitytaknyga.lt\/en\/produktas\/teksto-komponavimas-rasymo-procesas-ir-tekstu-tipai\/\" \/>\n<meta property=\"og:locale\" content=\"en_GB\" \/>\n<meta property=\"og:locale:alternate\" content=\"lt_LT\" \/>\n<meta property=\"og:type\" content=\"article\" \/>\n<meta property=\"og:title\" content=\"Teksto komponavimas: ra\u0161ymo procesas ir tekst\u0173 tipai\" \/>\n<meta property=\"og:description\" content=\"Auk\u0161tesni\u0173j\u0173 klasi\u0173 mokiniams ir mokytojams skiriamoje knygoje nagrin\u0117jama ra\u0161ymo proceso esm\u0117, pateikiama \u012fvairi\u0173 \u201erecept\u0173\u201c, nurodomi \u201eingredientai\u201c ir\" \/>\n<meta property=\"og:url\" content=\"https:\/\/skaitytaknyga.lt\/en\/produktas\/teksto-komponavimas-rasymo-procesas-ir-tekstu-tipai\/\" \/>\n<meta property=\"og:site_name\" content=\"Skaitytaknyga\" \/>\n<meta property=\"article:publisher\" content=\"https:\/\/www.facebook.com\/skaitytaknyga\/\" \/>\n<meta property=\"article:modified_time\" content=\"2024-12-09T08:07:05+00:00\" \/>\n<meta property=\"og:image\" content=\"https:\/\/skaitytaknyga.lt\/wp-content\/uploads\/2024\/12\/Teksto-komponavimas-rasymo-procesas-ir-tekstu-tipai.webp\" \/>\n\t<meta property=\"og:image:width\" content=\"548\" \/>\n\t<meta property=\"og:image:height\" content=\"800\" \/>\n\t<meta property=\"og:image:type\" content=\"image\/webp\" \/>\n<meta name=\"twitter:card\" content=\"summary_large_image\" \/>\n<meta name=\"twitter:label1\" content=\"Estimated reading time\" \/>\n\t<meta name=\"twitter:data1\" content=\"1 minute\" \/>\n<script type=\"application\/ld+json\" class=\"yoast-schema-graph\">{\"@context\":\"https:\/\/schema.org\",\"@graph\":[{\"@type\":\"WebPage\",\"@id\":\"https:\/\/skaitytaknyga.lt\/produktas\/teksto-komponavimas-rasymo-procesas-ir-tekstu-tipai\/\",\"url\":\"https:\/\/skaitytaknyga.lt\/produktas\/teksto-komponavimas-rasymo-procesas-ir-tekstu-tipai\/\",\"name\":\"Teksto komponavimas: ra\u0161ymo procesas ir tekst\u0173 tipai\",\"isPartOf\":{\"@id\":\"https:\/\/skaitytaknyga.lt\/#website\"},\"primaryImageOfPage\":{\"@id\":\"https:\/\/skaitytaknyga.lt\/produktas\/teksto-komponavimas-rasymo-procesas-ir-tekstu-tipai\/#primaryimage\"},\"image\":{\"@id\":\"https:\/\/skaitytaknyga.lt\/produktas\/teksto-komponavimas-rasymo-procesas-ir-tekstu-tipai\/#primaryimage\"},\"thumbnailUrl\":\"https:\/\/skaitytaknyga.lt\/wp-content\/uploads\/2024\/12\/Teksto-komponavimas-rasymo-procesas-ir-tekstu-tipai.webp\",\"datePublished\":\"2024-12-07T15:06:29+00:00\",\"dateModified\":\"2024-12-09T08:07:05+00:00\",\"description\":\"Auk\u0161tesni\u0173j\u0173 klasi\u0173 mokiniams ir mokytojams skiriamoje knygoje nagrin\u0117jama ra\u0161ymo proceso esm\u0117, pateikiama \u012fvairi\u0173 \u201erecept\u0173\u201c, nurodomi \u201eingredientai\u201c ir\",\"breadcrumb\":{\"@id\":\"https:\/\/skaitytaknyga.lt\/produktas\/teksto-komponavimas-rasymo-procesas-ir-tekstu-tipai\/#breadcrumb\"},\"inLanguage\":\"en-GB\",\"potentialAction\":[{\"@type\":\"ReadAction\",\"target\":[\"https:\/\/skaitytaknyga.lt\/produktas\/teksto-komponavimas-rasymo-procesas-ir-tekstu-tipai\/\"]}]},{\"@type\":\"ImageObject\",\"inLanguage\":\"en-GB\",\"@id\":\"https:\/\/skaitytaknyga.lt\/produktas\/teksto-komponavimas-rasymo-procesas-ir-tekstu-tipai\/#primaryimage\",\"url\":\"https:\/\/skaitytaknyga.lt\/wp-content\/uploads\/2024\/12\/Teksto-komponavimas-rasymo-procesas-ir-tekstu-tipai.webp\",\"contentUrl\":\"https:\/\/skaitytaknyga.lt\/wp-content\/uploads\/2024\/12\/Teksto-komponavimas-rasymo-procesas-ir-tekstu-tipai.webp\",\"width\":548,\"height\":800,\"caption\":\"Teksto komponavimas: ra\u0161ymo procesas ir tekst\u0173 tipai\"},{\"@type\":\"BreadcrumbList\",\"@id\":\"https:\/\/skaitytaknyga.lt\/produktas\/teksto-komponavimas-rasymo-procesas-ir-tekstu-tipai\/#breadcrumb\",\"itemListElement\":[{\"@type\":\"ListItem\",\"position\":1,\"name\":\"Home\",\"item\":\"https:\/\/skaitytaknyga.lt\/\"},{\"@type\":\"ListItem\",\"position\":2,\"name\":\"Parduotuv\u0117\",\"item\":\"https:\/\/skaitytaknyga.lt\/knygu-parduotuve\/\"},{\"@type\":\"ListItem\",\"position\":3,\"name\":\"Teksto komponavimas: ra\u0161ymo procesas ir tekst\u0173 tipai\"}]},{\"@type\":\"WebSite\",\"@id\":\"https:\/\/skaitytaknyga.lt\/#website\",\"url\":\"https:\/\/skaitytaknyga.lt\/\",\"name\":\"skaitytaknyga.lt\",\"description\":\"Skaitytaknyga.lt \u2013 tai ma\u017eas \u0161eimos verslas, kuris prasid\u0117jo nuo meil\u0117s knygoms ir siekio i\u0161gelb\u0117ti knygas nuo likimo prie konteinerio. Kas vienam nereikalingas daiktas \u2013 kitam lobis, o mes esame tarpininkai, kurie padeda abiems tapti laimingesniems ???? \u017dinome kaip nelengva i\u0161gyventi ma\u017eiems verslams, tad nuo \u0161iol, \u010dia rasite ir kit\u0173, ma\u017e\u0173 \u0161eim\u0173 versl\u0173, rank\u0173 darbo, dovan\u0173 sau ir artimiesiems.\",\"publisher\":{\"@id\":\"https:\/\/skaitytaknyga.lt\/#organization\"},\"potentialAction\":[{\"@type\":\"SearchAction\",\"target\":{\"@type\":\"EntryPoint\",\"urlTemplate\":\"https:\/\/skaitytaknyga.lt\/?s={search_term_string}\"},\"query-input\":{\"@type\":\"PropertyValueSpecification\",\"valueRequired\":true,\"valueName\":\"search_term_string\"}}],\"inLanguage\":\"en-GB\"},{\"@type\":\"Organization\",\"@id\":\"https:\/\/skaitytaknyga.lt\/#organization\",\"name\":\"skaitytaknyga.lt\",\"url\":\"https:\/\/skaitytaknyga.lt\/\",\"logo\":{\"@type\":\"ImageObject\",\"inLanguage\":\"en-GB\",\"@id\":\"https:\/\/skaitytaknyga.lt\/#\/schema\/logo\/image\/\",\"url\":\"https:\/\/skaitytaknyga.lt\/wp-content\/uploads\/2024\/05\/cropped-cropped-cropped-02_00843_jt3bggkj1j3HLc7SyY6rEUpg.jpeg\",\"contentUrl\":\"https:\/\/skaitytaknyga.lt\/wp-content\/uploads\/2024\/05\/cropped-cropped-cropped-02_00843_jt3bggkj1j3HLc7SyY6rEUpg.jpeg\",\"width\":1600,\"height\":1600,\"caption\":\"skaitytaknyga.lt\"},\"image\":{\"@id\":\"https:\/\/skaitytaknyga.lt\/#\/schema\/logo\/image\/\"},\"sameAs\":[\"https:\/\/www.facebook.com\/skaitytaknyga\/\"]}]}<\/script>\n<!-- \/ Yoast SEO plugin. -->","yoast_head_json":{"title":"Teksto komponavimas: ra\u0161ymo procesas ir tekst\u0173 tipai","description":"Auk\u0161tesni\u0173j\u0173 klasi\u0173 mokiniams ir mokytojams skiriamoje knygoje nagrin\u0117jama ra\u0161ymo proceso esm\u0117, pateikiama \u012fvairi\u0173 \u201erecept\u0173\u201c, nurodomi \u201eingredientai\u201c ir","robots":{"index":"index","follow":"follow","max-snippet":"max-snippet:-1","max-image-preview":"max-image-preview:large","max-video-preview":"max-video-preview:-1"},"canonical":"https:\/\/skaitytaknyga.lt\/en\/produktas\/teksto-komponavimas-rasymo-procesas-ir-tekstu-tipai\/","og_locale":"en_GB","og_type":"article","og_title":"[:lt]Teksto komponavimas: ra\u0161ymo procesas ir tekst\u0173 tipai[:] - Skaitytaknyga","og_description":"Auk\u0161tesni\u0173j\u0173 klasi\u0173 mokiniams ir mokytojams skiriamoje knygoje nagrin\u0117jama ra\u0161ymo proceso esm\u0117, pateikiama \u012fvairi\u0173 \u201erecept\u0173\u201c, nurodomi \u201eingredientai\u201c ir","og_url":"https:\/\/skaitytaknyga.lt\/en\/produktas\/teksto-komponavimas-rasymo-procesas-ir-tekstu-tipai\/","og_site_name":"Skaitytaknyga","article_publisher":"https:\/\/www.facebook.com\/skaitytaknyga\/","article_modified_time":"2024-12-09T08:07:05+00:00","og_image":[{"width":548,"height":800,"url":"https:\/\/skaitytaknyga.lt\/wp-content\/uploads\/2024\/12\/Teksto-komponavimas-rasymo-procesas-ir-tekstu-tipai.webp","type":"image\/webp"}],"twitter_card":"summary_large_image","twitter_misc":{"Estimated reading time":"1 minute"},"schema":{"@context":"https:\/\/schema.org","@graph":[{"@type":"WebPage","@id":"https:\/\/skaitytaknyga.lt\/produktas\/teksto-komponavimas-rasymo-procesas-ir-tekstu-tipai\/","url":"https:\/\/skaitytaknyga.lt\/produktas\/teksto-komponavimas-rasymo-procesas-ir-tekstu-tipai\/","name":"Teksto komponavimas: ra\u0161ymo procesas ir tekst\u0173 tipai","isPartOf":{"@id":"https:\/\/skaitytaknyga.lt\/#website"},"primaryImageOfPage":{"@id":"https:\/\/skaitytaknyga.lt\/produktas\/teksto-komponavimas-rasymo-procesas-ir-tekstu-tipai\/#primaryimage"},"image":{"@id":"https:\/\/skaitytaknyga.lt\/produktas\/teksto-komponavimas-rasymo-procesas-ir-tekstu-tipai\/#primaryimage"},"thumbnailUrl":"https:\/\/skaitytaknyga.lt\/wp-content\/uploads\/2024\/12\/Teksto-komponavimas-rasymo-procesas-ir-tekstu-tipai.webp","datePublished":"2024-12-07T15:06:29+00:00","dateModified":"2024-12-09T08:07:05+00:00","description":"Auk\u0161tesni\u0173j\u0173 klasi\u0173 mokiniams ir mokytojams skiriamoje knygoje nagrin\u0117jama ra\u0161ymo proceso esm\u0117, pateikiama \u012fvairi\u0173 \u201erecept\u0173\u201c, nurodomi \u201eingredientai\u201c ir","breadcrumb":{"@id":"https:\/\/skaitytaknyga.lt\/produktas\/teksto-komponavimas-rasymo-procesas-ir-tekstu-tipai\/#breadcrumb"},"inLanguage":"en-GB","potentialAction":[{"@type":"ReadAction","target":["https:\/\/skaitytaknyga.lt\/produktas\/teksto-komponavimas-rasymo-procesas-ir-tekstu-tipai\/"]}]},{"@type":"ImageObject","inLanguage":"en-GB","@id":"https:\/\/skaitytaknyga.lt\/produktas\/teksto-komponavimas-rasymo-procesas-ir-tekstu-tipai\/#primaryimage","url":"https:\/\/skaitytaknyga.lt\/wp-content\/uploads\/2024\/12\/Teksto-komponavimas-rasymo-procesas-ir-tekstu-tipai.webp","contentUrl":"https:\/\/skaitytaknyga.lt\/wp-content\/uploads\/2024\/12\/Teksto-komponavimas-rasymo-procesas-ir-tekstu-tipai.webp","width":548,"height":800,"caption":"Teksto komponavimas: ra\u0161ymo procesas ir tekst\u0173 tipai"},{"@type":"BreadcrumbList","@id":"https:\/\/skaitytaknyga.lt\/produktas\/teksto-komponavimas-rasymo-procesas-ir-tekstu-tipai\/#breadcrumb","itemListElement":[{"@type":"ListItem","position":1,"name":"Home","item":"https:\/\/skaitytaknyga.lt\/"},{"@type":"ListItem","position":2,"name":"Parduotuv\u0117","item":"https:\/\/skaitytaknyga.lt\/knygu-parduotuve\/"},{"@type":"ListItem","position":3,"name":"Teksto komponavimas: ra\u0161ymo procesas ir tekst\u0173 tipai"}]},{"@type":"WebSite","@id":"https:\/\/skaitytaknyga.lt\/#website","url":"https:\/\/skaitytaknyga.lt\/","name":"skaitytaknyga.lt","description":"Skaitytaknyga.lt \u2013 tai ma\u017eas \u0161eimos verslas, kuris prasid\u0117jo nuo meil\u0117s knygoms ir siekio i\u0161gelb\u0117ti knygas nuo likimo prie konteinerio. Kas vienam nereikalingas daiktas \u2013 kitam lobis, o mes esame tarpininkai, kurie padeda abiems tapti laimingesniems ???? \u017dinome kaip nelengva i\u0161gyventi ma\u017eiems verslams, tad nuo \u0161iol, \u010dia rasite ir kit\u0173, ma\u017e\u0173 \u0161eim\u0173 versl\u0173, rank\u0173 darbo, dovan\u0173 sau ir artimiesiems.","publisher":{"@id":"https:\/\/skaitytaknyga.lt\/#organization"},"potentialAction":[{"@type":"SearchAction","target":{"@type":"EntryPoint","urlTemplate":"https:\/\/skaitytaknyga.lt\/?s={search_term_string}"},"query-input":{"@type":"PropertyValueSpecification","valueRequired":true,"valueName":"search_term_string"}}],"inLanguage":"en-GB"},{"@type":"Organization","@id":"https:\/\/skaitytaknyga.lt\/#organization","name":"skaitytaknyga.lt","url":"https:\/\/skaitytaknyga.lt\/","logo":{"@type":"ImageObject","inLanguage":"en-GB","@id":"https:\/\/skaitytaknyga.lt\/#\/schema\/logo\/image\/","url":"https:\/\/skaitytaknyga.lt\/wp-content\/uploads\/2024\/05\/cropped-cropped-cropped-02_00843_jt3bggkj1j3HLc7SyY6rEUpg.jpeg","contentUrl":"https:\/\/skaitytaknyga.lt\/wp-content\/uploads\/2024\/05\/cropped-cropped-cropped-02_00843_jt3bggkj1j3HLc7SyY6rEUpg.jpeg","width":1600,"height":1600,"caption":"skaitytaknyga.lt"},"image":{"@id":"https:\/\/skaitytaknyga.lt\/#\/schema\/logo\/image\/"},"sameAs":["https:\/\/www.facebook.com\/skaitytaknyga\/"]}]}},"_links":{"self":[{"href":"https:\/\/skaitytaknyga.lt\/en\/wp-json\/wp\/v2\/product\/15141","targetHints":{"allow":["GET"]}}],"collection":[{"href":"https:\/\/skaitytaknyga.lt\/en\/wp-json\/wp\/v2\/product"}],"about":[{"href":"https:\/\/skaitytaknyga.lt\/en\/wp-json\/wp\/v2\/types\/product"}],"replies":[{"embeddable":true,"href":"https:\/\/skaitytaknyga.lt\/en\/wp-json\/wp\/v2\/comments?post=15141"}],"wp:featuredmedia":[{"embeddable":true,"href":"https:\/\/skaitytaknyga.lt\/en\/wp-json\/wp\/v2\/media\/15174"}],"wp:attachment":[{"href":"https:\/\/skaitytaknyga.lt\/en\/wp-json\/wp\/v2\/media?parent=15141"}],"wp:term":[{"taxonomy":"product_brand","embeddable":true,"href":"https:\/\/skaitytaknyga.lt\/en\/wp-json\/wp\/v2\/product_brand?post=15141"},{"taxonomy":"product_cat","embeddable":true,"href":"https:\/\/skaitytaknyga.lt\/en\/wp-json\/wp\/v2\/product_cat?post=15141"},{"taxonomy":"product_tag","embeddable":true,"href":"https:\/\/skaitytaknyga.lt\/en\/wp-json\/wp\/v2\/product_tag?post=15141"}],"curies":[{"name":"wp","href":"https:\/\/api.w.org\/{rel}","templated":true}]}}