{"id":15139,"date":"2024-12-07T17:06:29","date_gmt":"2024-12-07T15:06:29","guid":{"rendered":"https:\/\/skaitytaknyga.lt\/?post_type=product&#038;p=15139"},"modified":"2024-12-09T10:08:20","modified_gmt":"2024-12-09T08:08:20","slug":"ka-as-padariau-del-meiles","status":"publish","type":"product","link":"https:\/\/skaitytaknyga.lt\/en\/produktas\/ka-as-padariau-del-meiles\/","title":{"rendered":"K\u0105 a\u0161 padariau d\u0117l meil\u0117s"},"content":{"rendered":"<p>Kaip gal\u0117jo \u0161itaip nutikti? D\u017eord\u017e\u0119 Jork, buvusi\u0105 m\u0117gstamiausio amerikie\u010di\u0173 serialo \u017evaig\u017edut\u0119, paliko garsusis jos vyras, karjera ritasi \u017eemyn, t\u0117vas varo i\u0161 proto, o dr\u0105sios film\u0173 heroj\u0117s \u012fvaizdis pama\u017eu bl\u0117sta.<\/p>\n<p>Ko griebtis aktorei, kuri\u0105 apleido s\u0117km\u0117? \u0160iaip ar taip, nereik\u0117jo vykti \u012f Las Vegas\u0105&#8230; Nereik\u0117jo sutikti neken\u010diamo buvusio kolegos, Bremvelo \u0160epardo. Taip pat nereik\u0117jo \u012fsivelti \u012f bjaur\u0173 nuotyk\u012f \u2013 fiktyvios santuokos sp\u0105stus, o tada m\u0117ginti i\u0161ne\u0161ti kuda\u0161i\u0173.<\/p>\n<p>Paparacai m\u0117gaujasi sultingomis naujienomis ir tikrai nepadeda nesupratinga aplinka: siaub\u016bn\u0117 Bremo nam\u0173 \u0161eiminink\u0117, nuolat visur besiki\u0161antis t\u0117vas, padlai\u017e\u0117 agent\u0117, slapt\u0173 ketinim\u0173 turinti \u0161alta kaip ledas kino studijos vadov\u0117 ir dar ta kal\u0117 naujoji buvusio vyro \u017emona, pasi\u0161ovusi i\u0161gelb\u0117ti vis\u0105 pasaul\u012f!<\/p>\n<p>Mieste, kuriame net stipriausi jausmai slepiami po apgaulingomis kauk\u0117mis, du prie\u0161ai vaidina be jokio scenarijaus.<\/p>\n<ul class=\"about-product d-none d-xl-block mt-4\">\n<li><strong>Originalus pavadinimas:<\/strong>\u00a0What I Did for Love<\/li>\n<li><strong>Autorius:<\/strong>\u00a0Susan Elizabeth Phillips<\/li>\n<li><strong>Leid\u0117jas:<\/strong>\u00a0Svajoni\u0173 knygos<\/li>\n<li><strong>Metai:<\/strong>\u00a02014<\/li>\n<li><strong>Puslapiai:<\/strong>\u00a0448<\/li>\n<li class=\"toggleable type-new-formats \"><strong>ISBN:<\/strong>\u00a09786094067211<\/li>\n<li><strong>Versijos kodas:<\/strong>\u00a0PT.<\/li>\n<li class=\"toggleable type-new-formats \"><strong>Formatas:<\/strong>\u00a024 x 15 x 4 cm, kieti vir\u0161eliai<\/li>\n<li><strong>Kalba:<\/strong>\u00a0Lietuvi\u0173<\/li>\n<li><strong>Vert\u0117jas:<\/strong>\u00a0El\u017ebieta Filipavi\u010di\u016bt\u0117<\/li>\n<\/ul>\n","protected":false},"excerpt":{"rendered":"<p>Kaip gal\u0117jo \u0161itaip nutikti? D\u017eord\u017e\u0119 Jork, buvusi\u0105 m\u0117gstamiausio amerikie\u010di\u0173 serialo \u017evaig\u017edut\u0119, paliko garsusis jos vyras, karjera ritasi \u017eemyn, t\u0117vas varo i\u0161 proto, o dr\u0105sios film\u0173 heroj\u0117s \u012fvaizdis pama\u017eu bl\u0117sta. Ko griebtis aktorei, kuri\u0105 apleido s\u0117km\u0117? \u0160iaip ar taip, nereik\u0117jo vykti \u012f Las Vegas\u0105&#8230; Nereik\u0117jo sutikti neken\u010diamo buvusio kolegos, Bremvelo \u0160epardo. Taip pat nereik\u0117jo \u012fsivelti \u012f bjaur\u0173 nuotyk\u012f \u2013 fiktyvios santuokos sp\u0105stus, o tada m\u0117ginti i\u0161ne\u0161ti kuda\u0161i\u0173. Paparacai m\u0117gaujasi sultingomis naujienomis ir tikrai nepadeda nesupratinga aplinka: siaub\u016bn\u0117 Bremo nam\u0173 \u0161eiminink\u0117, nuolat visur besiki\u0161antis t\u0117vas, padlai\u017e\u0117 agent\u0117, slapt\u0173 ketinim\u0173 turinti \u0161alta kaip ledas kino studijos vadov\u0117 ir dar ta kal\u0117 naujoji buvusio vyro \u017emona, pasi\u0161ovusi i\u0161gelb\u0117ti vis\u0105 pasaul\u012f! Mieste, kuriame net stipriausi jausmai slepiami po apgaulingomis kauk\u0117mis, du prie\u0161ai vaidina be jokio scenarijaus. Originalus pavadinimas:\u00a0What I Did for Love Autorius:\u00a0Susan Elizabeth Phillips Leid\u0117jas:\u00a0Svajoni\u0173 knygos Metai:\u00a02014 Puslapiai:\u00a0448 ISBN:\u00a09786094067211 Versijos kodas:\u00a0PT. Formatas:\u00a024 x 15 x 4 cm, kieti vir\u0161eliai Kalba:\u00a0Lietuvi\u0173 Vert\u0117jas:\u00a0El\u017ebieta Filipavi\u010di\u016bt\u0117<\/p>\n","protected":false},"featured_media":15176,"comment_status":"open","ping_status":"closed","template":"","meta":{"_acf_changed":false,"site-sidebar-layout":"default","site-content-layout":"","ast-site-content-layout":"default","site-content-style":"default","site-sidebar-style":"default","ast-global-header-display":"","ast-banner-title-visibility":"","ast-main-header-display":"","ast-hfb-above-header-display":"","ast-hfb-below-header-display":"","ast-hfb-mobile-header-display":"","site-post-title":"","ast-breadcrumbs-content":"","ast-featured-img":"","footer-sml-layout":"","ast-disable-related-posts":"","theme-transparent-header-meta":"default","adv-header-id-meta":"","stick-header-meta":"","header-above-stick-meta":"","header-main-stick-meta":"","header-below-stick-meta":"","astra-migrate-meta-layouts":"set","ast-page-background-enabled":"default","ast-page-background-meta":{"desktop":{"background-color":"","background-image":"","background-repeat":"repeat","background-position":"center center","background-size":"auto","background-attachment":"scroll","background-type":"","background-media":"","overlay-type":"","overlay-color":"","overlay-opacity":"","overlay-gradient":""},"tablet":{"background-color":"","background-image":"","background-repeat":"repeat","background-position":"center center","background-size":"auto","background-attachment":"scroll","background-type":"","background-media":"","overlay-type":"","overlay-color":"","overlay-opacity":"","overlay-gradient":""},"mobile":{"background-color":"","background-image":"","background-repeat":"repeat","background-position":"center center","background-size":"auto","background-attachment":"scroll","background-type":"","background-media":"","overlay-type":"","overlay-color":"","overlay-opacity":"","overlay-gradient":""}},"ast-content-background-meta":{"desktop":{"background-color":"var(--ast-global-color-4)","background-image":"","background-repeat":"repeat","background-position":"center center","background-size":"auto","background-attachment":"scroll","background-type":"","background-media":"","overlay-type":"","overlay-color":"","overlay-opacity":"","overlay-gradient":""},"tablet":{"background-color":"var(--ast-global-color-4)","background-image":"","background-repeat":"repeat","background-position":"center center","background-size":"auto","background-attachment":"scroll","background-type":"","background-media":"","overlay-type":"","overlay-color":"","overlay-opacity":"","overlay-gradient":""},"mobile":{"background-color":"var(--ast-global-color-4)","background-image":"","background-repeat":"repeat","background-position":"center center","background-size":"auto","background-attachment":"scroll","background-type":"","background-media":"","overlay-type":"","overlay-color":"","overlay-opacity":"","overlay-gradient":""}}},"product_brand":[],"product_cat":[31,15],"product_tag":[],"class_list":{"0":"post-15139","1":"product","2":"type-product","3":"status-publish","4":"has-post-thumbnail","6":"product_cat-grozine-literatura","7":"product_cat-uncategorized","8":"desktop-align-left","9":"tablet-align-left","10":"mobile-align-left","12":"first","13":"instock","14":"shipping-taxable","15":"purchasable","16":"product-type-simple"},"acf":[],"yoast_head":"<!-- This site is optimized with the Yoast SEO plugin v27.0 - https:\/\/yoast.com\/product\/yoast-seo-wordpress\/ -->\n<title>K\u0105 a\u0161 padariau d\u0117l meil\u0117s<\/title>\n<meta name=\"description\" content=\"Kaip gal\u0117jo \u0161itaip nutikti? D\u017eord\u017e\u0119 Jork, buvusi\u0105 m\u0117gstamiausio amerikie\u010di\u0173 serialo \u017evaig\u017edut\u0119, paliko garsusis jos vyras, karjera ritasi \u017eemyn, t\u0117vas\" \/>\n<meta name=\"robots\" content=\"index, follow, max-snippet:-1, max-image-preview:large, max-video-preview:-1\" \/>\n<link rel=\"canonical\" href=\"https:\/\/skaitytaknyga.lt\/en\/produktas\/ka-as-padariau-del-meiles\/\" \/>\n<meta property=\"og:locale\" content=\"en_GB\" \/>\n<meta property=\"og:locale:alternate\" content=\"lt_LT\" \/>\n<meta property=\"og:type\" content=\"article\" \/>\n<meta property=\"og:title\" content=\"K\u0105 a\u0161 padariau d\u0117l meil\u0117s\" \/>\n<meta property=\"og:description\" content=\"Kaip gal\u0117jo \u0161itaip nutikti? D\u017eord\u017e\u0119 Jork, buvusi\u0105 m\u0117gstamiausio amerikie\u010di\u0173 serialo \u017evaig\u017edut\u0119, paliko garsusis jos vyras, karjera ritasi \u017eemyn, t\u0117vas\" \/>\n<meta property=\"og:url\" content=\"https:\/\/skaitytaknyga.lt\/en\/produktas\/ka-as-padariau-del-meiles\/\" \/>\n<meta property=\"og:site_name\" content=\"Skaitytaknyga\" \/>\n<meta property=\"article:publisher\" content=\"https:\/\/www.facebook.com\/skaitytaknyga\/\" \/>\n<meta property=\"article:modified_time\" content=\"2024-12-09T08:08:20+00:00\" \/>\n<meta property=\"og:image\" content=\"https:\/\/skaitytaknyga.lt\/wp-content\/uploads\/2024\/12\/Ka-as-padariau-del-meiles.webp\" \/>\n\t<meta property=\"og:image:width\" content=\"510\" \/>\n\t<meta property=\"og:image:height\" content=\"800\" \/>\n\t<meta property=\"og:image:type\" content=\"image\/webp\" \/>\n<meta name=\"twitter:card\" content=\"summary_large_image\" \/>\n<meta name=\"twitter:label1\" content=\"Estimated reading time\" \/>\n\t<meta name=\"twitter:data1\" content=\"1 minute\" \/>\n<script type=\"application\/ld+json\" class=\"yoast-schema-graph\">{\"@context\":\"https:\/\/schema.org\",\"@graph\":[{\"@type\":\"WebPage\",\"@id\":\"https:\/\/skaitytaknyga.lt\/produktas\/ka-as-padariau-del-meiles\/\",\"url\":\"https:\/\/skaitytaknyga.lt\/produktas\/ka-as-padariau-del-meiles\/\",\"name\":\"K\u0105 a\u0161 padariau d\u0117l meil\u0117s\",\"isPartOf\":{\"@id\":\"https:\/\/skaitytaknyga.lt\/#website\"},\"primaryImageOfPage\":{\"@id\":\"https:\/\/skaitytaknyga.lt\/produktas\/ka-as-padariau-del-meiles\/#primaryimage\"},\"image\":{\"@id\":\"https:\/\/skaitytaknyga.lt\/produktas\/ka-as-padariau-del-meiles\/#primaryimage\"},\"thumbnailUrl\":\"https:\/\/skaitytaknyga.lt\/wp-content\/uploads\/2024\/12\/Ka-as-padariau-del-meiles.webp\",\"datePublished\":\"2024-12-07T15:06:29+00:00\",\"dateModified\":\"2024-12-09T08:08:20+00:00\",\"description\":\"Kaip gal\u0117jo \u0161itaip nutikti? D\u017eord\u017e\u0119 Jork, buvusi\u0105 m\u0117gstamiausio amerikie\u010di\u0173 serialo \u017evaig\u017edut\u0119, paliko garsusis jos vyras, karjera ritasi \u017eemyn, t\u0117vas\",\"breadcrumb\":{\"@id\":\"https:\/\/skaitytaknyga.lt\/produktas\/ka-as-padariau-del-meiles\/#breadcrumb\"},\"inLanguage\":\"en-GB\",\"potentialAction\":[{\"@type\":\"ReadAction\",\"target\":[\"https:\/\/skaitytaknyga.lt\/produktas\/ka-as-padariau-del-meiles\/\"]}]},{\"@type\":\"ImageObject\",\"inLanguage\":\"en-GB\",\"@id\":\"https:\/\/skaitytaknyga.lt\/produktas\/ka-as-padariau-del-meiles\/#primaryimage\",\"url\":\"https:\/\/skaitytaknyga.lt\/wp-content\/uploads\/2024\/12\/Ka-as-padariau-del-meiles.webp\",\"contentUrl\":\"https:\/\/skaitytaknyga.lt\/wp-content\/uploads\/2024\/12\/Ka-as-padariau-del-meiles.webp\",\"width\":510,\"height\":800,\"caption\":\"K\u0105 a\u0161 padariau d\u0117l meil\u0117s\"},{\"@type\":\"BreadcrumbList\",\"@id\":\"https:\/\/skaitytaknyga.lt\/produktas\/ka-as-padariau-del-meiles\/#breadcrumb\",\"itemListElement\":[{\"@type\":\"ListItem\",\"position\":1,\"name\":\"Home\",\"item\":\"https:\/\/skaitytaknyga.lt\/\"},{\"@type\":\"ListItem\",\"position\":2,\"name\":\"Parduotuv\u0117\",\"item\":\"https:\/\/skaitytaknyga.lt\/knygu-parduotuve\/\"},{\"@type\":\"ListItem\",\"position\":3,\"name\":\"K\u0105 a\u0161 padariau d\u0117l meil\u0117s\"}]},{\"@type\":\"WebSite\",\"@id\":\"https:\/\/skaitytaknyga.lt\/#website\",\"url\":\"https:\/\/skaitytaknyga.lt\/\",\"name\":\"skaitytaknyga.lt\",\"description\":\"Skaitytaknyga.lt \u2013 tai ma\u017eas \u0161eimos verslas, kuris prasid\u0117jo nuo meil\u0117s knygoms ir siekio i\u0161gelb\u0117ti knygas nuo likimo prie konteinerio. Kas vienam nereikalingas daiktas \u2013 kitam lobis, o mes esame tarpininkai, kurie padeda abiems tapti laimingesniems ???? \u017dinome kaip nelengva i\u0161gyventi ma\u017eiems verslams, tad nuo \u0161iol, \u010dia rasite ir kit\u0173, ma\u017e\u0173 \u0161eim\u0173 versl\u0173, rank\u0173 darbo, dovan\u0173 sau ir artimiesiems.\",\"publisher\":{\"@id\":\"https:\/\/skaitytaknyga.lt\/#organization\"},\"potentialAction\":[{\"@type\":\"SearchAction\",\"target\":{\"@type\":\"EntryPoint\",\"urlTemplate\":\"https:\/\/skaitytaknyga.lt\/?s={search_term_string}\"},\"query-input\":{\"@type\":\"PropertyValueSpecification\",\"valueRequired\":true,\"valueName\":\"search_term_string\"}}],\"inLanguage\":\"en-GB\"},{\"@type\":\"Organization\",\"@id\":\"https:\/\/skaitytaknyga.lt\/#organization\",\"name\":\"skaitytaknyga.lt\",\"url\":\"https:\/\/skaitytaknyga.lt\/\",\"logo\":{\"@type\":\"ImageObject\",\"inLanguage\":\"en-GB\",\"@id\":\"https:\/\/skaitytaknyga.lt\/#\/schema\/logo\/image\/\",\"url\":\"https:\/\/skaitytaknyga.lt\/wp-content\/uploads\/2024\/05\/cropped-cropped-cropped-02_00843_jt3bggkj1j3HLc7SyY6rEUpg.jpeg\",\"contentUrl\":\"https:\/\/skaitytaknyga.lt\/wp-content\/uploads\/2024\/05\/cropped-cropped-cropped-02_00843_jt3bggkj1j3HLc7SyY6rEUpg.jpeg\",\"width\":1600,\"height\":1600,\"caption\":\"skaitytaknyga.lt\"},\"image\":{\"@id\":\"https:\/\/skaitytaknyga.lt\/#\/schema\/logo\/image\/\"},\"sameAs\":[\"https:\/\/www.facebook.com\/skaitytaknyga\/\"]}]}<\/script>\n<!-- \/ Yoast SEO plugin. -->","yoast_head_json":{"title":"K\u0105 a\u0161 padariau d\u0117l meil\u0117s","description":"Kaip gal\u0117jo \u0161itaip nutikti? D\u017eord\u017e\u0119 Jork, buvusi\u0105 m\u0117gstamiausio amerikie\u010di\u0173 serialo \u017evaig\u017edut\u0119, paliko garsusis jos vyras, karjera ritasi \u017eemyn, t\u0117vas","robots":{"index":"index","follow":"follow","max-snippet":"max-snippet:-1","max-image-preview":"max-image-preview:large","max-video-preview":"max-video-preview:-1"},"canonical":"https:\/\/skaitytaknyga.lt\/en\/produktas\/ka-as-padariau-del-meiles\/","og_locale":"en_GB","og_type":"article","og_title":"[:lt]K\u0105 a\u0161 padariau d\u0117l meil\u0117s[:] - Skaitytaknyga","og_description":"Kaip gal\u0117jo \u0161itaip nutikti? D\u017eord\u017e\u0119 Jork, buvusi\u0105 m\u0117gstamiausio amerikie\u010di\u0173 serialo \u017evaig\u017edut\u0119, paliko garsusis jos vyras, karjera ritasi \u017eemyn, t\u0117vas","og_url":"https:\/\/skaitytaknyga.lt\/en\/produktas\/ka-as-padariau-del-meiles\/","og_site_name":"Skaitytaknyga","article_publisher":"https:\/\/www.facebook.com\/skaitytaknyga\/","article_modified_time":"2024-12-09T08:08:20+00:00","og_image":[{"width":510,"height":800,"url":"https:\/\/skaitytaknyga.lt\/wp-content\/uploads\/2024\/12\/Ka-as-padariau-del-meiles.webp","type":"image\/webp"}],"twitter_card":"summary_large_image","twitter_misc":{"Estimated reading time":"1 minute"},"schema":{"@context":"https:\/\/schema.org","@graph":[{"@type":"WebPage","@id":"https:\/\/skaitytaknyga.lt\/produktas\/ka-as-padariau-del-meiles\/","url":"https:\/\/skaitytaknyga.lt\/produktas\/ka-as-padariau-del-meiles\/","name":"K\u0105 a\u0161 padariau d\u0117l meil\u0117s","isPartOf":{"@id":"https:\/\/skaitytaknyga.lt\/#website"},"primaryImageOfPage":{"@id":"https:\/\/skaitytaknyga.lt\/produktas\/ka-as-padariau-del-meiles\/#primaryimage"},"image":{"@id":"https:\/\/skaitytaknyga.lt\/produktas\/ka-as-padariau-del-meiles\/#primaryimage"},"thumbnailUrl":"https:\/\/skaitytaknyga.lt\/wp-content\/uploads\/2024\/12\/Ka-as-padariau-del-meiles.webp","datePublished":"2024-12-07T15:06:29+00:00","dateModified":"2024-12-09T08:08:20+00:00","description":"Kaip gal\u0117jo \u0161itaip nutikti? D\u017eord\u017e\u0119 Jork, buvusi\u0105 m\u0117gstamiausio amerikie\u010di\u0173 serialo \u017evaig\u017edut\u0119, paliko garsusis jos vyras, karjera ritasi \u017eemyn, t\u0117vas","breadcrumb":{"@id":"https:\/\/skaitytaknyga.lt\/produktas\/ka-as-padariau-del-meiles\/#breadcrumb"},"inLanguage":"en-GB","potentialAction":[{"@type":"ReadAction","target":["https:\/\/skaitytaknyga.lt\/produktas\/ka-as-padariau-del-meiles\/"]}]},{"@type":"ImageObject","inLanguage":"en-GB","@id":"https:\/\/skaitytaknyga.lt\/produktas\/ka-as-padariau-del-meiles\/#primaryimage","url":"https:\/\/skaitytaknyga.lt\/wp-content\/uploads\/2024\/12\/Ka-as-padariau-del-meiles.webp","contentUrl":"https:\/\/skaitytaknyga.lt\/wp-content\/uploads\/2024\/12\/Ka-as-padariau-del-meiles.webp","width":510,"height":800,"caption":"K\u0105 a\u0161 padariau d\u0117l meil\u0117s"},{"@type":"BreadcrumbList","@id":"https:\/\/skaitytaknyga.lt\/produktas\/ka-as-padariau-del-meiles\/#breadcrumb","itemListElement":[{"@type":"ListItem","position":1,"name":"Home","item":"https:\/\/skaitytaknyga.lt\/"},{"@type":"ListItem","position":2,"name":"Parduotuv\u0117","item":"https:\/\/skaitytaknyga.lt\/knygu-parduotuve\/"},{"@type":"ListItem","position":3,"name":"K\u0105 a\u0161 padariau d\u0117l meil\u0117s"}]},{"@type":"WebSite","@id":"https:\/\/skaitytaknyga.lt\/#website","url":"https:\/\/skaitytaknyga.lt\/","name":"skaitytaknyga.lt","description":"Skaitytaknyga.lt \u2013 tai ma\u017eas \u0161eimos verslas, kuris prasid\u0117jo nuo meil\u0117s knygoms ir siekio i\u0161gelb\u0117ti knygas nuo likimo prie konteinerio. Kas vienam nereikalingas daiktas \u2013 kitam lobis, o mes esame tarpininkai, kurie padeda abiems tapti laimingesniems ???? \u017dinome kaip nelengva i\u0161gyventi ma\u017eiems verslams, tad nuo \u0161iol, \u010dia rasite ir kit\u0173, ma\u017e\u0173 \u0161eim\u0173 versl\u0173, rank\u0173 darbo, dovan\u0173 sau ir artimiesiems.","publisher":{"@id":"https:\/\/skaitytaknyga.lt\/#organization"},"potentialAction":[{"@type":"SearchAction","target":{"@type":"EntryPoint","urlTemplate":"https:\/\/skaitytaknyga.lt\/?s={search_term_string}"},"query-input":{"@type":"PropertyValueSpecification","valueRequired":true,"valueName":"search_term_string"}}],"inLanguage":"en-GB"},{"@type":"Organization","@id":"https:\/\/skaitytaknyga.lt\/#organization","name":"skaitytaknyga.lt","url":"https:\/\/skaitytaknyga.lt\/","logo":{"@type":"ImageObject","inLanguage":"en-GB","@id":"https:\/\/skaitytaknyga.lt\/#\/schema\/logo\/image\/","url":"https:\/\/skaitytaknyga.lt\/wp-content\/uploads\/2024\/05\/cropped-cropped-cropped-02_00843_jt3bggkj1j3HLc7SyY6rEUpg.jpeg","contentUrl":"https:\/\/skaitytaknyga.lt\/wp-content\/uploads\/2024\/05\/cropped-cropped-cropped-02_00843_jt3bggkj1j3HLc7SyY6rEUpg.jpeg","width":1600,"height":1600,"caption":"skaitytaknyga.lt"},"image":{"@id":"https:\/\/skaitytaknyga.lt\/#\/schema\/logo\/image\/"},"sameAs":["https:\/\/www.facebook.com\/skaitytaknyga\/"]}]}},"_links":{"self":[{"href":"https:\/\/skaitytaknyga.lt\/en\/wp-json\/wp\/v2\/product\/15139","targetHints":{"allow":["GET"]}}],"collection":[{"href":"https:\/\/skaitytaknyga.lt\/en\/wp-json\/wp\/v2\/product"}],"about":[{"href":"https:\/\/skaitytaknyga.lt\/en\/wp-json\/wp\/v2\/types\/product"}],"replies":[{"embeddable":true,"href":"https:\/\/skaitytaknyga.lt\/en\/wp-json\/wp\/v2\/comments?post=15139"}],"wp:featuredmedia":[{"embeddable":true,"href":"https:\/\/skaitytaknyga.lt\/en\/wp-json\/wp\/v2\/media\/15176"}],"wp:attachment":[{"href":"https:\/\/skaitytaknyga.lt\/en\/wp-json\/wp\/v2\/media?parent=15139"}],"wp:term":[{"taxonomy":"product_brand","embeddable":true,"href":"https:\/\/skaitytaknyga.lt\/en\/wp-json\/wp\/v2\/product_brand?post=15139"},{"taxonomy":"product_cat","embeddable":true,"href":"https:\/\/skaitytaknyga.lt\/en\/wp-json\/wp\/v2\/product_cat?post=15139"},{"taxonomy":"product_tag","embeddable":true,"href":"https:\/\/skaitytaknyga.lt\/en\/wp-json\/wp\/v2\/product_tag?post=15139"}],"curies":[{"name":"wp","href":"https:\/\/api.w.org\/{rel}","templated":true}]}}