{"id":15111,"date":"2024-12-07T12:34:15","date_gmt":"2024-12-07T10:34:15","guid":{"rendered":"https:\/\/skaitytaknyga.lt\/?post_type=product&#038;p=15111"},"modified":"2025-09-16T17:31:25","modified_gmt":"2025-09-16T14:31:25","slug":"psichologijos-pagrindai-ix-x-klasei","status":"publish","type":"product","link":"https:\/\/skaitytaknyga.lt\/en\/produktas\/psichologijos-pagrindai-ix-x-klasei\/","title":{"rendered":"Psichologijos pagrindai IX-X klasei"},"content":{"rendered":"<p>Vadov\u0117lis &#8220;Psichologijos pagrindai&#8221; skirtas IX-X klasi\u0173 moksleiviams. Jame pateikiama trumpa psichologijos mokslo istorija, aptariamas psichologijos objektas, tikslai, tyrimo metodai. Moksleiviai supa\u017eindinami su \u0161iuolaikin\u0117s psichologijos faktais ir \u017einiomis apie \u017emogaus psichikos procesus: suvokim\u0105, atmint\u012f, mastym\u0105 ir kt. Be teorin\u0117s, faktin\u0117s med\u017eiagos, pateikiama ir praktini\u0173 u\u017eduo\u010di\u0173, kurios pad\u0117s ne tik geriau i\u0161mokti ir \u012fsiminti, bet ir labiau pa\u017einti save, suprasti kitus \u017emones ir procesus, vykstan\u010dius visuomen\u0117je. Vadov\u0117lyje pateikiama ir praktini\u0173 patarim\u0173, pavyzd\u017eiui, kaip pa\u017einti ir suvaldyti savo jausmus, kaip veiksmingiau mokytis ir pan.<\/p>\n<ul class=\"about-product d-none d-xl-block mt-4\">\n<li><strong>Autorius:<\/strong>\u00a0Danut\u0117 Gailien\u0117,\u00a0Laima Bulotait\u0117,\u00a0Nijol\u0117 Sturlien\u0117<\/li>\n<li><strong>Leid\u0117jas:<\/strong>\u00a0Tyto alba<\/li>\n<li><strong>Metai:<\/strong>\u00a02003<\/li>\n<li><strong>Puslapiai:<\/strong>\u00a0176<\/li>\n<li class=\"toggleable type-new-formats \"><strong>ISBN:<\/strong>\u00a09789986163039<\/li>\n<li class=\"toggleable type-new-formats \"><strong>Formatas:<\/strong>\u00a018 x 25 cm, kieti vir\u0161eliai<\/li>\n<li><strong>Kalba:<\/strong>\u00a0Lietuvi\u0173<\/li>\n<\/ul>\n","protected":false},"excerpt":{"rendered":"<p>Vadov\u0117lis &#8220;Psichologijos pagrindai&#8221; skirtas IX-X klasi\u0173 moksleiviams. Jame pateikiama trumpa psichologijos mokslo istorija, aptariamas psichologijos objektas, tikslai, tyrimo metodai. Moksleiviai supa\u017eindinami su \u0161iuolaikin\u0117s psichologijos faktais ir \u017einiomis apie \u017emogaus psichikos procesus: suvokim\u0105, atmint\u012f, mastym\u0105 ir kt. Be teorin\u0117s, faktin\u0117s med\u017eiagos, pateikiama ir praktini\u0173 u\u017eduo\u010di\u0173, kurios pad\u0117s ne tik geriau i\u0161mokti ir \u012fsiminti, bet ir labiau pa\u017einti save, suprasti kitus \u017emones ir procesus, vykstan\u010dius visuomen\u0117je. Vadov\u0117lyje pateikiama ir praktini\u0173 patarim\u0173, pavyzd\u017eiui, kaip pa\u017einti ir suvaldyti savo jausmus, kaip veiksmingiau mokytis ir pan. Autorius:\u00a0Danut\u0117 Gailien\u0117,\u00a0Laima Bulotait\u0117,\u00a0Nijol\u0117 Sturlien\u0117 Leid\u0117jas:\u00a0Tyto alba Metai:\u00a02003 Puslapiai:\u00a0176 ISBN:\u00a09789986163039 Formatas:\u00a018 x 25 cm, kieti vir\u0161eliai Kalba:\u00a0Lietuvi\u0173<\/p>\n","protected":false},"featured_media":15112,"comment_status":"open","ping_status":"closed","template":"","meta":{"_acf_changed":false,"site-sidebar-layout":"default","site-content-layout":"","ast-site-content-layout":"default","site-content-style":"default","site-sidebar-style":"default","ast-global-header-display":"","ast-banner-title-visibility":"","ast-main-header-display":"","ast-hfb-above-header-display":"","ast-hfb-below-header-display":"","ast-hfb-mobile-header-display":"","site-post-title":"","ast-breadcrumbs-content":"","ast-featured-img":"","footer-sml-layout":"","ast-disable-related-posts":"","theme-transparent-header-meta":"default","adv-header-id-meta":"","stick-header-meta":"","header-above-stick-meta":"","header-main-stick-meta":"","header-below-stick-meta":"","astra-migrate-meta-layouts":"set","ast-page-background-enabled":"default","ast-page-background-meta":{"desktop":{"background-color":"","background-image":"","background-repeat":"repeat","background-position":"center center","background-size":"auto","background-attachment":"scroll","background-type":"","background-media":"","overlay-type":"","overlay-color":"","overlay-opacity":"","overlay-gradient":""},"tablet":{"background-color":"","background-image":"","background-repeat":"repeat","background-position":"center center","background-size":"auto","background-attachment":"scroll","background-type":"","background-media":"","overlay-type":"","overlay-color":"","overlay-opacity":"","overlay-gradient":""},"mobile":{"background-color":"","background-image":"","background-repeat":"repeat","background-position":"center center","background-size":"auto","background-attachment":"scroll","background-type":"","background-media":"","overlay-type":"","overlay-color":"","overlay-opacity":"","overlay-gradient":""}},"ast-content-background-meta":{"desktop":{"background-color":"var(--ast-global-color-4)","background-image":"","background-repeat":"repeat","background-position":"center center","background-size":"auto","background-attachment":"scroll","background-type":"","background-media":"","overlay-type":"","overlay-color":"","overlay-opacity":"","overlay-gradient":""},"tablet":{"background-color":"var(--ast-global-color-4)","background-image":"","background-repeat":"repeat","background-position":"center center","background-size":"auto","background-attachment":"scroll","background-type":"","background-media":"","overlay-type":"","overlay-color":"","overlay-opacity":"","overlay-gradient":""},"mobile":{"background-color":"var(--ast-global-color-4)","background-image":"","background-repeat":"repeat","background-position":"center center","background-size":"auto","background-attachment":"scroll","background-type":"","background-media":"","overlay-type":"","overlay-color":"","overlay-opacity":"","overlay-gradient":""}}},"product_brand":[],"product_cat":[15,30],"product_tag":[],"class_list":{"0":"post-15111","1":"product","2":"type-product","3":"status-publish","4":"has-post-thumbnail","6":"product_cat-uncategorized","7":"product_cat-psichologija-ir-saviugda","8":"desktop-align-left","9":"tablet-align-left","10":"mobile-align-left","12":"first","13":"outofstock","14":"shipping-taxable","15":"purchasable","16":"product-type-simple"},"acf":[],"yoast_head":"<!-- This site is optimized with the Yoast SEO plugin v27.0 - https:\/\/yoast.com\/product\/yoast-seo-wordpress\/ -->\n<title>Psichologijos pagrindai IX-X klasei<\/title>\n<meta name=\"description\" content=\"Vadov\u0117lis &quot;Psichologijos pagrindai&quot; skirtas IX-X klasi\u0173 moksleiviams. Jame pateikiama trumpa psichologijos mokslo istorija, aptariamas psichologijos\" \/>\n<meta name=\"robots\" content=\"index, follow, max-snippet:-1, max-image-preview:large, max-video-preview:-1\" \/>\n<link rel=\"canonical\" href=\"https:\/\/skaitytaknyga.lt\/en\/produktas\/psichologijos-pagrindai-ix-x-klasei\/\" \/>\n<meta property=\"og:locale\" content=\"en_GB\" \/>\n<meta property=\"og:locale:alternate\" content=\"lt_LT\" \/>\n<meta property=\"og:type\" content=\"article\" \/>\n<meta property=\"og:title\" content=\"Psichologijos pagrindai IX-X klasei\" \/>\n<meta property=\"og:description\" content=\"Vadov\u0117lis &quot;Psichologijos pagrindai&quot; skirtas IX-X klasi\u0173 moksleiviams. Jame pateikiama trumpa psichologijos mokslo istorija, aptariamas psichologijos\" \/>\n<meta property=\"og:url\" content=\"https:\/\/skaitytaknyga.lt\/en\/produktas\/psichologijos-pagrindai-ix-x-klasei\/\" \/>\n<meta property=\"og:site_name\" content=\"Skaitytaknyga\" \/>\n<meta property=\"article:publisher\" content=\"https:\/\/www.facebook.com\/skaitytaknyga\/\" \/>\n<meta property=\"article:modified_time\" content=\"2025-09-16T14:31:25+00:00\" \/>\n<meta property=\"og:image\" content=\"https:\/\/skaitytaknyga.lt\/wp-content\/uploads\/2024\/12\/Psichologijos-pagrindai-IX-X-klasei.webp\" \/>\n\t<meta property=\"og:image:width\" content=\"387\" \/>\n\t<meta property=\"og:image:height\" content=\"585\" \/>\n\t<meta property=\"og:image:type\" content=\"image\/webp\" \/>\n<meta name=\"twitter:card\" content=\"summary_large_image\" \/>\n<meta name=\"twitter:label1\" content=\"Estimated reading time\" \/>\n\t<meta name=\"twitter:data1\" content=\"1 minute\" \/>\n<script type=\"application\/ld+json\" class=\"yoast-schema-graph\">{\"@context\":\"https:\/\/schema.org\",\"@graph\":[{\"@type\":\"WebPage\",\"@id\":\"https:\/\/skaitytaknyga.lt\/produktas\/psichologijos-pagrindai-ix-x-klasei\/\",\"url\":\"https:\/\/skaitytaknyga.lt\/produktas\/psichologijos-pagrindai-ix-x-klasei\/\",\"name\":\"Psichologijos pagrindai IX-X klasei\",\"isPartOf\":{\"@id\":\"https:\/\/skaitytaknyga.lt\/#website\"},\"primaryImageOfPage\":{\"@id\":\"https:\/\/skaitytaknyga.lt\/produktas\/psichologijos-pagrindai-ix-x-klasei\/#primaryimage\"},\"image\":{\"@id\":\"https:\/\/skaitytaknyga.lt\/produktas\/psichologijos-pagrindai-ix-x-klasei\/#primaryimage\"},\"thumbnailUrl\":\"https:\/\/skaitytaknyga.lt\/wp-content\/uploads\/2024\/12\/Psichologijos-pagrindai-IX-X-klasei.webp\",\"datePublished\":\"2024-12-07T10:34:15+00:00\",\"dateModified\":\"2025-09-16T14:31:25+00:00\",\"description\":\"Vadov\u0117lis \\\"Psichologijos pagrindai\\\" skirtas IX-X klasi\u0173 moksleiviams. Jame pateikiama trumpa psichologijos mokslo istorija, aptariamas psichologijos\",\"breadcrumb\":{\"@id\":\"https:\/\/skaitytaknyga.lt\/produktas\/psichologijos-pagrindai-ix-x-klasei\/#breadcrumb\"},\"inLanguage\":\"en-GB\",\"potentialAction\":[{\"@type\":\"ReadAction\",\"target\":[\"https:\/\/skaitytaknyga.lt\/produktas\/psichologijos-pagrindai-ix-x-klasei\/\"]}]},{\"@type\":\"ImageObject\",\"inLanguage\":\"en-GB\",\"@id\":\"https:\/\/skaitytaknyga.lt\/produktas\/psichologijos-pagrindai-ix-x-klasei\/#primaryimage\",\"url\":\"https:\/\/skaitytaknyga.lt\/wp-content\/uploads\/2024\/12\/Psichologijos-pagrindai-IX-X-klasei.webp\",\"contentUrl\":\"https:\/\/skaitytaknyga.lt\/wp-content\/uploads\/2024\/12\/Psichologijos-pagrindai-IX-X-klasei.webp\",\"width\":387,\"height\":585,\"caption\":\"Psichologijos pagrindai IX-X klasei\"},{\"@type\":\"BreadcrumbList\",\"@id\":\"https:\/\/skaitytaknyga.lt\/produktas\/psichologijos-pagrindai-ix-x-klasei\/#breadcrumb\",\"itemListElement\":[{\"@type\":\"ListItem\",\"position\":1,\"name\":\"Home\",\"item\":\"https:\/\/skaitytaknyga.lt\/\"},{\"@type\":\"ListItem\",\"position\":2,\"name\":\"Parduotuv\u0117\",\"item\":\"https:\/\/skaitytaknyga.lt\/knygu-parduotuve\/\"},{\"@type\":\"ListItem\",\"position\":3,\"name\":\"Psichologijos pagrindai IX-X klasei\"}]},{\"@type\":\"WebSite\",\"@id\":\"https:\/\/skaitytaknyga.lt\/#website\",\"url\":\"https:\/\/skaitytaknyga.lt\/\",\"name\":\"skaitytaknyga.lt\",\"description\":\"Skaitytaknyga.lt \u2013 tai ma\u017eas \u0161eimos verslas, kuris prasid\u0117jo nuo meil\u0117s knygoms ir siekio i\u0161gelb\u0117ti knygas nuo likimo prie konteinerio. Kas vienam nereikalingas daiktas \u2013 kitam lobis, o mes esame tarpininkai, kurie padeda abiems tapti laimingesniems ???? \u017dinome kaip nelengva i\u0161gyventi ma\u017eiems verslams, tad nuo \u0161iol, \u010dia rasite ir kit\u0173, ma\u017e\u0173 \u0161eim\u0173 versl\u0173, rank\u0173 darbo, dovan\u0173 sau ir artimiesiems.\",\"publisher\":{\"@id\":\"https:\/\/skaitytaknyga.lt\/#organization\"},\"potentialAction\":[{\"@type\":\"SearchAction\",\"target\":{\"@type\":\"EntryPoint\",\"urlTemplate\":\"https:\/\/skaitytaknyga.lt\/?s={search_term_string}\"},\"query-input\":{\"@type\":\"PropertyValueSpecification\",\"valueRequired\":true,\"valueName\":\"search_term_string\"}}],\"inLanguage\":\"en-GB\"},{\"@type\":\"Organization\",\"@id\":\"https:\/\/skaitytaknyga.lt\/#organization\",\"name\":\"skaitytaknyga.lt\",\"url\":\"https:\/\/skaitytaknyga.lt\/\",\"logo\":{\"@type\":\"ImageObject\",\"inLanguage\":\"en-GB\",\"@id\":\"https:\/\/skaitytaknyga.lt\/#\/schema\/logo\/image\/\",\"url\":\"https:\/\/skaitytaknyga.lt\/wp-content\/uploads\/2024\/05\/cropped-cropped-cropped-02_00843_jt3bggkj1j3HLc7SyY6rEUpg.jpeg\",\"contentUrl\":\"https:\/\/skaitytaknyga.lt\/wp-content\/uploads\/2024\/05\/cropped-cropped-cropped-02_00843_jt3bggkj1j3HLc7SyY6rEUpg.jpeg\",\"width\":1600,\"height\":1600,\"caption\":\"skaitytaknyga.lt\"},\"image\":{\"@id\":\"https:\/\/skaitytaknyga.lt\/#\/schema\/logo\/image\/\"},\"sameAs\":[\"https:\/\/www.facebook.com\/skaitytaknyga\/\"]}]}<\/script>\n<!-- \/ Yoast SEO plugin. -->","yoast_head_json":{"title":"Psichologijos pagrindai IX-X klasei","description":"Vadov\u0117lis \"Psichologijos pagrindai\" skirtas IX-X klasi\u0173 moksleiviams. Jame pateikiama trumpa psichologijos mokslo istorija, aptariamas psichologijos","robots":{"index":"index","follow":"follow","max-snippet":"max-snippet:-1","max-image-preview":"max-image-preview:large","max-video-preview":"max-video-preview:-1"},"canonical":"https:\/\/skaitytaknyga.lt\/en\/produktas\/psichologijos-pagrindai-ix-x-klasei\/","og_locale":"en_GB","og_type":"article","og_title":"[:lt]Psichologijos pagrindai IX-X klasei[:] - Skaitytaknyga","og_description":"Vadov\u0117lis \"Psichologijos pagrindai\" skirtas IX-X klasi\u0173 moksleiviams. Jame pateikiama trumpa psichologijos mokslo istorija, aptariamas psichologijos","og_url":"https:\/\/skaitytaknyga.lt\/en\/produktas\/psichologijos-pagrindai-ix-x-klasei\/","og_site_name":"Skaitytaknyga","article_publisher":"https:\/\/www.facebook.com\/skaitytaknyga\/","article_modified_time":"2025-09-16T14:31:25+00:00","og_image":[{"width":387,"height":585,"url":"https:\/\/skaitytaknyga.lt\/wp-content\/uploads\/2024\/12\/Psichologijos-pagrindai-IX-X-klasei.webp","type":"image\/webp"}],"twitter_card":"summary_large_image","twitter_misc":{"Estimated reading time":"1 minute"},"schema":{"@context":"https:\/\/schema.org","@graph":[{"@type":"WebPage","@id":"https:\/\/skaitytaknyga.lt\/produktas\/psichologijos-pagrindai-ix-x-klasei\/","url":"https:\/\/skaitytaknyga.lt\/produktas\/psichologijos-pagrindai-ix-x-klasei\/","name":"Psichologijos pagrindai IX-X klasei","isPartOf":{"@id":"https:\/\/skaitytaknyga.lt\/#website"},"primaryImageOfPage":{"@id":"https:\/\/skaitytaknyga.lt\/produktas\/psichologijos-pagrindai-ix-x-klasei\/#primaryimage"},"image":{"@id":"https:\/\/skaitytaknyga.lt\/produktas\/psichologijos-pagrindai-ix-x-klasei\/#primaryimage"},"thumbnailUrl":"https:\/\/skaitytaknyga.lt\/wp-content\/uploads\/2024\/12\/Psichologijos-pagrindai-IX-X-klasei.webp","datePublished":"2024-12-07T10:34:15+00:00","dateModified":"2025-09-16T14:31:25+00:00","description":"Vadov\u0117lis \"Psichologijos pagrindai\" skirtas IX-X klasi\u0173 moksleiviams. Jame pateikiama trumpa psichologijos mokslo istorija, aptariamas psichologijos","breadcrumb":{"@id":"https:\/\/skaitytaknyga.lt\/produktas\/psichologijos-pagrindai-ix-x-klasei\/#breadcrumb"},"inLanguage":"en-GB","potentialAction":[{"@type":"ReadAction","target":["https:\/\/skaitytaknyga.lt\/produktas\/psichologijos-pagrindai-ix-x-klasei\/"]}]},{"@type":"ImageObject","inLanguage":"en-GB","@id":"https:\/\/skaitytaknyga.lt\/produktas\/psichologijos-pagrindai-ix-x-klasei\/#primaryimage","url":"https:\/\/skaitytaknyga.lt\/wp-content\/uploads\/2024\/12\/Psichologijos-pagrindai-IX-X-klasei.webp","contentUrl":"https:\/\/skaitytaknyga.lt\/wp-content\/uploads\/2024\/12\/Psichologijos-pagrindai-IX-X-klasei.webp","width":387,"height":585,"caption":"Psichologijos pagrindai IX-X klasei"},{"@type":"BreadcrumbList","@id":"https:\/\/skaitytaknyga.lt\/produktas\/psichologijos-pagrindai-ix-x-klasei\/#breadcrumb","itemListElement":[{"@type":"ListItem","position":1,"name":"Home","item":"https:\/\/skaitytaknyga.lt\/"},{"@type":"ListItem","position":2,"name":"Parduotuv\u0117","item":"https:\/\/skaitytaknyga.lt\/knygu-parduotuve\/"},{"@type":"ListItem","position":3,"name":"Psichologijos pagrindai IX-X klasei"}]},{"@type":"WebSite","@id":"https:\/\/skaitytaknyga.lt\/#website","url":"https:\/\/skaitytaknyga.lt\/","name":"skaitytaknyga.lt","description":"Skaitytaknyga.lt \u2013 tai ma\u017eas \u0161eimos verslas, kuris prasid\u0117jo nuo meil\u0117s knygoms ir siekio i\u0161gelb\u0117ti knygas nuo likimo prie konteinerio. Kas vienam nereikalingas daiktas \u2013 kitam lobis, o mes esame tarpininkai, kurie padeda abiems tapti laimingesniems ???? \u017dinome kaip nelengva i\u0161gyventi ma\u017eiems verslams, tad nuo \u0161iol, \u010dia rasite ir kit\u0173, ma\u017e\u0173 \u0161eim\u0173 versl\u0173, rank\u0173 darbo, dovan\u0173 sau ir artimiesiems.","publisher":{"@id":"https:\/\/skaitytaknyga.lt\/#organization"},"potentialAction":[{"@type":"SearchAction","target":{"@type":"EntryPoint","urlTemplate":"https:\/\/skaitytaknyga.lt\/?s={search_term_string}"},"query-input":{"@type":"PropertyValueSpecification","valueRequired":true,"valueName":"search_term_string"}}],"inLanguage":"en-GB"},{"@type":"Organization","@id":"https:\/\/skaitytaknyga.lt\/#organization","name":"skaitytaknyga.lt","url":"https:\/\/skaitytaknyga.lt\/","logo":{"@type":"ImageObject","inLanguage":"en-GB","@id":"https:\/\/skaitytaknyga.lt\/#\/schema\/logo\/image\/","url":"https:\/\/skaitytaknyga.lt\/wp-content\/uploads\/2024\/05\/cropped-cropped-cropped-02_00843_jt3bggkj1j3HLc7SyY6rEUpg.jpeg","contentUrl":"https:\/\/skaitytaknyga.lt\/wp-content\/uploads\/2024\/05\/cropped-cropped-cropped-02_00843_jt3bggkj1j3HLc7SyY6rEUpg.jpeg","width":1600,"height":1600,"caption":"skaitytaknyga.lt"},"image":{"@id":"https:\/\/skaitytaknyga.lt\/#\/schema\/logo\/image\/"},"sameAs":["https:\/\/www.facebook.com\/skaitytaknyga\/"]}]}},"_links":{"self":[{"href":"https:\/\/skaitytaknyga.lt\/en\/wp-json\/wp\/v2\/product\/15111","targetHints":{"allow":["GET"]}}],"collection":[{"href":"https:\/\/skaitytaknyga.lt\/en\/wp-json\/wp\/v2\/product"}],"about":[{"href":"https:\/\/skaitytaknyga.lt\/en\/wp-json\/wp\/v2\/types\/product"}],"replies":[{"embeddable":true,"href":"https:\/\/skaitytaknyga.lt\/en\/wp-json\/wp\/v2\/comments?post=15111"}],"wp:featuredmedia":[{"embeddable":true,"href":"https:\/\/skaitytaknyga.lt\/en\/wp-json\/wp\/v2\/media\/15112"}],"wp:attachment":[{"href":"https:\/\/skaitytaknyga.lt\/en\/wp-json\/wp\/v2\/media?parent=15111"}],"wp:term":[{"taxonomy":"product_brand","embeddable":true,"href":"https:\/\/skaitytaknyga.lt\/en\/wp-json\/wp\/v2\/product_brand?post=15111"},{"taxonomy":"product_cat","embeddable":true,"href":"https:\/\/skaitytaknyga.lt\/en\/wp-json\/wp\/v2\/product_cat?post=15111"},{"taxonomy":"product_tag","embeddable":true,"href":"https:\/\/skaitytaknyga.lt\/en\/wp-json\/wp\/v2\/product_tag?post=15111"}],"curies":[{"name":"wp","href":"https:\/\/api.w.org\/{rel}","templated":true}]}}