{"id":15109,"date":"2024-12-07T12:27:37","date_gmt":"2024-12-07T10:27:37","guid":{"rendered":"https:\/\/skaitytaknyga.lt\/?post_type=product&#038;p=15109"},"modified":"2026-03-18T14:59:51","modified_gmt":"2026-03-18T12:59:51","slug":"povilas-ksaveras-bzostovskis-paulavos-respublika","status":"publish","type":"product","link":"https:\/\/skaitytaknyga.lt\/en\/produktas\/povilas-ksaveras-bzostovskis-paulavos-respublika\/","title":{"rendered":"Povilas Ksaveras B\u017eostovskis. Paulavos respublika"},"content":{"rendered":"<p>1769-aisiais Lietuva kartu su Lenkija vis dar Abiej\u0173 Taut\u0173 Respublika. Tais pa\u010diais metais dvarininkas P. K. B\u017eostovskis savo valdose \u012fkuria atskir\u0105 \u2013 Paulavos respublik\u0105 \u2013 su savais \u012fstatymais, kariuomene, pinigais.<\/p>\n<p>\u201eDabar kalbame apie Paulav\u0105 kaip Ap\u0161vietos epochos subordinuot\u0105 k\u016bdik\u012f. Ap\u0161vietos epochos m\u0105stymo paveikti didikai savo valdose band\u0117 \u012fgyvendinti geresn\u0117s visuomen\u0117s k\u016brimo model\u012f. Nor\u0117\u010diau atkreipti d\u0117mes\u012f, kad mes netur\u0117tume tos respublikos suprasti politine prasme, tai nebuvo jokiu b\u016bdu joks politinis darinys. Tai buvo privataus dvaro pertvarkymas kitokiais pagrindais negu visa to meto socialin\u0117-ekonomin\u0117 sistema. P. K. B\u017eostovskis buvo vienas i\u0161 pirm\u0173j\u0173 prad\u0117j\u0119s t\u0105 socialin\u012f savoti\u0161k\u0105 eksperiment\u0105\u201c, \u2013 pasakoja istorik\u0117, knygos bendraautor\u0117 Ramun\u0117 \u0160migelskyt\u0117-Stukien\u0117.<\/p>\n<p>\u0160ia tema knyga lietuvi\u0173 kalba i\u0161leista pirm\u0105 kart\u0105. Kod\u0117l tema nesidom\u0117ta iki \u0161iol, autor\u0117s svarsto \u2013 Lietuvai tik atk\u016brus nepriklausomyb\u0119, didesnis d\u0117mesys buvo skirtas kitiems Lietuvos istorijos aspektams.<\/p>\n<p>Nors Paulavos respublika \u012fkurta prie\u0161 beveik 250 met\u0173, knygos id\u0117jos autor\u0117 ir sudarytoja teigia, kad \u0161iandieninei Lietuvai yra ko pasimokyti i\u0161 gyvavusios respublikos.<\/p>\n<p>\u201eI\u0161 Paulavos respublikos per 25 jos gyvavimo metus n\u0117ra pab\u0117g\u0119s n\u0117 vienas valstietis, bent jau istoriografijoje mes nemat\u0117me. \u0160itos respublikos ne\u0117d\u0117 girtuoklyst\u0117s, paleistuvyst\u0117s kinivarpos. Tiesiog \u017emon\u0117s gyveno labai s\u0105\u017einingai\u201c, \u2013 ai\u0161kina knygos id\u0117jos autor\u0117 ir sudarytoja Aurelija Arlauskien\u0117.<\/p>\n<p>Bendraautor\u0117s tikisi, kad knygoje sukaupta istorin\u0117 med\u017eiaga paskatins gilesnius \u0161ios epochos tyrimus ir kult\u016bros paveldo saugojim\u0105. \u0160iuo metu apie Paulavos respublik\u0105 \u017eymi tik lik\u0119 dvaro griuv\u0117siai.<\/p>\n<ul class=\"about-product d-none d-xl-block mt-4\">\n<li><strong>Autorius:<\/strong>\u00a0Aurelija Arlauskien\u0117,\u00a0Lucija Jurgelevi\u010d,\u00a0Ramun\u0117 \u0160migelskyt\u0117-Stukien\u0117<\/li>\n<li><strong>Leid\u0117jas:<\/strong>\u00a0V\u0161\u012e \u201eProjekt\u0173 vykdymo sprendimai\u201c<\/li>\n<li><strong>Metai:<\/strong>\u00a02014<\/li>\n<li><strong>Puslapiai:<\/strong>\u00a0264<\/li>\n<li class=\"toggleable type-new-formats \"><strong>ISBN:<\/strong>\u00a09786099557908<\/li>\n<li class=\"toggleable type-new-formats \"><strong>Formatas:<\/strong>\u00a017 x 24 cm, kieti vir\u0161eliai<\/li>\n<li><strong>Kalba:<\/strong>\u00a0Lietuvi\u0173<\/li>\n<\/ul>\n","protected":false},"excerpt":{"rendered":"<p>1769-aisiais Lietuva kartu su Lenkija vis dar Abiej\u0173 Taut\u0173 Respublika. Tais pa\u010diais metais dvarininkas P. K. B\u017eostovskis savo valdose \u012fkuria atskir\u0105 \u2013 Paulavos respublik\u0105 \u2013 su savais \u012fstatymais, kariuomene, pinigais. \u201eDabar kalbame apie Paulav\u0105 kaip Ap\u0161vietos epochos subordinuot\u0105 k\u016bdik\u012f. Ap\u0161vietos epochos m\u0105stymo paveikti didikai savo valdose band\u0117 \u012fgyvendinti geresn\u0117s visuomen\u0117s k\u016brimo model\u012f. Nor\u0117\u010diau atkreipti d\u0117mes\u012f, kad mes netur\u0117tume tos respublikos suprasti politine prasme, tai nebuvo jokiu b\u016bdu joks politinis darinys. Tai buvo privataus dvaro pertvarkymas kitokiais pagrindais negu visa to meto socialin\u0117-ekonomin\u0117 sistema. P. K. B\u017eostovskis buvo vienas i\u0161 pirm\u0173j\u0173 prad\u0117j\u0119s t\u0105 socialin\u012f savoti\u0161k\u0105 eksperiment\u0105\u201c, \u2013 pasakoja istorik\u0117, knygos bendraautor\u0117 Ramun\u0117 \u0160migelskyt\u0117-Stukien\u0117. \u0160ia tema knyga lietuvi\u0173 kalba i\u0161leista pirm\u0105 kart\u0105. Kod\u0117l tema nesidom\u0117ta iki \u0161iol, autor\u0117s svarsto \u2013 Lietuvai tik atk\u016brus nepriklausomyb\u0119, didesnis d\u0117mesys buvo skirtas kitiems Lietuvos istorijos aspektams. Nors Paulavos respublika \u012fkurta prie\u0161 beveik 250 met\u0173, knygos id\u0117jos autor\u0117 ir sudarytoja teigia, kad \u0161iandieninei Lietuvai yra ko pasimokyti i\u0161 gyvavusios respublikos. \u201eI\u0161 Paulavos respublikos per 25 jos gyvavimo metus n\u0117ra pab\u0117g\u0119s n\u0117 vienas valstietis, bent jau istoriografijoje mes nemat\u0117me. \u0160itos respublikos ne\u0117d\u0117 girtuoklyst\u0117s, paleistuvyst\u0117s kinivarpos. Tiesiog \u017emon\u0117s gyveno labai s\u0105\u017einingai\u201c, \u2013 ai\u0161kina knygos id\u0117jos autor\u0117 ir sudarytoja Aurelija Arlauskien\u0117. Bendraautor\u0117s tikisi, kad knygoje sukaupta istorin\u0117 med\u017eiaga paskatins gilesnius \u0161ios epochos tyrimus ir kult\u016bros paveldo saugojim\u0105. \u0160iuo metu apie Paulavos respublik\u0105 \u017eymi tik lik\u0119 dvaro griuv\u0117siai. Autorius:\u00a0Aurelija Arlauskien\u0117,\u00a0Lucija Jurgelevi\u010d,\u00a0Ramun\u0117 \u0160migelskyt\u0117-Stukien\u0117 Leid\u0117jas:\u00a0V\u0161\u012e \u201eProjekt\u0173 vykdymo sprendimai\u201c Metai:\u00a02014 Puslapiai:\u00a0264 ISBN:\u00a09786099557908 Formatas:\u00a017 x 24 cm, kieti vir\u0161eliai Kalba:\u00a0Lietuvi\u0173<\/p>\n","protected":false},"featured_media":15110,"comment_status":"open","ping_status":"closed","template":"","meta":{"_acf_changed":false,"site-sidebar-layout":"default","site-content-layout":"","ast-site-content-layout":"default","site-content-style":"default","site-sidebar-style":"default","ast-global-header-display":"","ast-banner-title-visibility":"","ast-main-header-display":"","ast-hfb-above-header-display":"","ast-hfb-below-header-display":"","ast-hfb-mobile-header-display":"","site-post-title":"","ast-breadcrumbs-content":"","ast-featured-img":"","footer-sml-layout":"","ast-disable-related-posts":"","theme-transparent-header-meta":"default","adv-header-id-meta":"","stick-header-meta":"","header-above-stick-meta":"","header-main-stick-meta":"","header-below-stick-meta":"","astra-migrate-meta-layouts":"set","ast-page-background-enabled":"default","ast-page-background-meta":{"desktop":{"background-color":"","background-image":"","background-repeat":"repeat","background-position":"center center","background-size":"auto","background-attachment":"scroll","background-type":"","background-media":"","overlay-type":"","overlay-color":"","overlay-opacity":"","overlay-gradient":""},"tablet":{"background-color":"","background-image":"","background-repeat":"repeat","background-position":"center center","background-size":"auto","background-attachment":"scroll","background-type":"","background-media":"","overlay-type":"","overlay-color":"","overlay-opacity":"","overlay-gradient":""},"mobile":{"background-color":"","background-image":"","background-repeat":"repeat","background-position":"center center","background-size":"auto","background-attachment":"scroll","background-type":"","background-media":"","overlay-type":"","overlay-color":"","overlay-opacity":"","overlay-gradient":""}},"ast-content-background-meta":{"desktop":{"background-color":"var(--ast-global-color-4)","background-image":"","background-repeat":"repeat","background-position":"center center","background-size":"auto","background-attachment":"scroll","background-type":"","background-media":"","overlay-type":"","overlay-color":"","overlay-opacity":"","overlay-gradient":""},"tablet":{"background-color":"var(--ast-global-color-4)","background-image":"","background-repeat":"repeat","background-position":"center center","background-size":"auto","background-attachment":"scroll","background-type":"","background-media":"","overlay-type":"","overlay-color":"","overlay-opacity":"","overlay-gradient":""},"mobile":{"background-color":"var(--ast-global-color-4)","background-image":"","background-repeat":"repeat","background-position":"center center","background-size":"auto","background-attachment":"scroll","background-type":"","background-media":"","overlay-type":"","overlay-color":"","overlay-opacity":"","overlay-gradient":""}}},"product_brand":[],"product_cat":[9862,174,15],"product_tag":[],"class_list":{"0":"post-15109","1":"product","2":"type-product","3":"status-publish","4":"has-post-thumbnail","6":"product_cat-lietuvos-istorija","7":"product_cat-istorija-ir-politologija","8":"product_cat-uncategorized","9":"desktop-align-left","10":"tablet-align-left","11":"mobile-align-left","13":"first","14":"outofstock","15":"shipping-taxable","16":"purchasable","17":"product-type-simple"},"acf":[],"yoast_head":"<!-- This site is optimized with the Yoast SEO plugin v27.0 - https:\/\/yoast.com\/product\/yoast-seo-wordpress\/ -->\n<title>Povilas Ksaveras B\u017eostovskis. Paulavos respublika<\/title>\n<meta name=\"description\" content=\"1769-aisiais Lietuva kartu su Lenkija vis dar Abiej\u0173 Taut\u0173 Respublika. Tais pa\u010diais metais dvarininkas P. K. B\u017eostovskis savo valdose \u012fkuria atskir\u0105 \u2013\" \/>\n<meta name=\"robots\" content=\"index, follow, max-snippet:-1, max-image-preview:large, max-video-preview:-1\" \/>\n<link rel=\"canonical\" href=\"https:\/\/skaitytaknyga.lt\/en\/produktas\/povilas-ksaveras-bzostovskis-paulavos-respublika\/\" \/>\n<meta property=\"og:locale\" content=\"en_GB\" \/>\n<meta property=\"og:locale:alternate\" content=\"lt_LT\" \/>\n<meta property=\"og:type\" content=\"article\" \/>\n<meta property=\"og:title\" content=\"Povilas Ksaveras B\u017eostovskis. Paulavos respublika\" \/>\n<meta property=\"og:description\" content=\"1769-aisiais Lietuva kartu su Lenkija vis dar Abiej\u0173 Taut\u0173 Respublika. Tais pa\u010diais metais dvarininkas P. K. B\u017eostovskis savo valdose \u012fkuria atskir\u0105 \u2013\" \/>\n<meta property=\"og:url\" content=\"https:\/\/skaitytaknyga.lt\/en\/produktas\/povilas-ksaveras-bzostovskis-paulavos-respublika\/\" \/>\n<meta property=\"og:site_name\" content=\"Skaitytaknyga\" \/>\n<meta property=\"article:publisher\" content=\"https:\/\/www.facebook.com\/skaitytaknyga\/\" \/>\n<meta property=\"article:modified_time\" content=\"2026-03-18T12:59:51+00:00\" \/>\n<meta property=\"og:image\" content=\"https:\/\/skaitytaknyga.lt\/wp-content\/uploads\/2024\/12\/Povilas-Ksaveras-Bzostovskis.-Paulavos-respublika.webp\" \/>\n\t<meta property=\"og:image:width\" content=\"559\" \/>\n\t<meta property=\"og:image:height\" content=\"800\" \/>\n\t<meta property=\"og:image:type\" content=\"image\/webp\" \/>\n<meta name=\"twitter:card\" content=\"summary_large_image\" \/>\n<meta name=\"twitter:label1\" content=\"Estimated reading time\" \/>\n\t<meta name=\"twitter:data1\" content=\"2 minutes\" \/>\n<script type=\"application\/ld+json\" class=\"yoast-schema-graph\">{\"@context\":\"https:\/\/schema.org\",\"@graph\":[{\"@type\":\"WebPage\",\"@id\":\"https:\/\/skaitytaknyga.lt\/produktas\/povilas-ksaveras-bzostovskis-paulavos-respublika\/\",\"url\":\"https:\/\/skaitytaknyga.lt\/produktas\/povilas-ksaveras-bzostovskis-paulavos-respublika\/\",\"name\":\"Povilas Ksaveras B\u017eostovskis. Paulavos respublika\",\"isPartOf\":{\"@id\":\"https:\/\/skaitytaknyga.lt\/#website\"},\"primaryImageOfPage\":{\"@id\":\"https:\/\/skaitytaknyga.lt\/produktas\/povilas-ksaveras-bzostovskis-paulavos-respublika\/#primaryimage\"},\"image\":{\"@id\":\"https:\/\/skaitytaknyga.lt\/produktas\/povilas-ksaveras-bzostovskis-paulavos-respublika\/#primaryimage\"},\"thumbnailUrl\":\"https:\/\/skaitytaknyga.lt\/wp-content\/uploads\/2024\/12\/Povilas-Ksaveras-Bzostovskis.-Paulavos-respublika.webp\",\"datePublished\":\"2024-12-07T10:27:37+00:00\",\"dateModified\":\"2026-03-18T12:59:51+00:00\",\"description\":\"1769-aisiais Lietuva kartu su Lenkija vis dar Abiej\u0173 Taut\u0173 Respublika. Tais pa\u010diais metais dvarininkas P. K. B\u017eostovskis savo valdose \u012fkuria atskir\u0105 \u2013\",\"breadcrumb\":{\"@id\":\"https:\/\/skaitytaknyga.lt\/produktas\/povilas-ksaveras-bzostovskis-paulavos-respublika\/#breadcrumb\"},\"inLanguage\":\"en-GB\",\"potentialAction\":[{\"@type\":\"ReadAction\",\"target\":[\"https:\/\/skaitytaknyga.lt\/produktas\/povilas-ksaveras-bzostovskis-paulavos-respublika\/\"]}]},{\"@type\":\"ImageObject\",\"inLanguage\":\"en-GB\",\"@id\":\"https:\/\/skaitytaknyga.lt\/produktas\/povilas-ksaveras-bzostovskis-paulavos-respublika\/#primaryimage\",\"url\":\"https:\/\/skaitytaknyga.lt\/wp-content\/uploads\/2024\/12\/Povilas-Ksaveras-Bzostovskis.-Paulavos-respublika.webp\",\"contentUrl\":\"https:\/\/skaitytaknyga.lt\/wp-content\/uploads\/2024\/12\/Povilas-Ksaveras-Bzostovskis.-Paulavos-respublika.webp\",\"width\":559,\"height\":800,\"caption\":\"Povilas Ksaveras B\u017eostovskis. Paulavos respublika\"},{\"@type\":\"BreadcrumbList\",\"@id\":\"https:\/\/skaitytaknyga.lt\/produktas\/povilas-ksaveras-bzostovskis-paulavos-respublika\/#breadcrumb\",\"itemListElement\":[{\"@type\":\"ListItem\",\"position\":1,\"name\":\"Home\",\"item\":\"https:\/\/skaitytaknyga.lt\/\"},{\"@type\":\"ListItem\",\"position\":2,\"name\":\"Parduotuv\u0117\",\"item\":\"https:\/\/skaitytaknyga.lt\/knygu-parduotuve\/\"},{\"@type\":\"ListItem\",\"position\":3,\"name\":\"Povilas Ksaveras B\u017eostovskis. Paulavos respublika\"}]},{\"@type\":\"WebSite\",\"@id\":\"https:\/\/skaitytaknyga.lt\/#website\",\"url\":\"https:\/\/skaitytaknyga.lt\/\",\"name\":\"skaitytaknyga.lt\",\"description\":\"Skaitytaknyga.lt \u2013 tai ma\u017eas \u0161eimos verslas, kuris prasid\u0117jo nuo meil\u0117s knygoms ir siekio i\u0161gelb\u0117ti knygas nuo likimo prie konteinerio. Kas vienam nereikalingas daiktas \u2013 kitam lobis, o mes esame tarpininkai, kurie padeda abiems tapti laimingesniems ???? \u017dinome kaip nelengva i\u0161gyventi ma\u017eiems verslams, tad nuo \u0161iol, \u010dia rasite ir kit\u0173, ma\u017e\u0173 \u0161eim\u0173 versl\u0173, rank\u0173 darbo, dovan\u0173 sau ir artimiesiems.\",\"publisher\":{\"@id\":\"https:\/\/skaitytaknyga.lt\/#organization\"},\"potentialAction\":[{\"@type\":\"SearchAction\",\"target\":{\"@type\":\"EntryPoint\",\"urlTemplate\":\"https:\/\/skaitytaknyga.lt\/?s={search_term_string}\"},\"query-input\":{\"@type\":\"PropertyValueSpecification\",\"valueRequired\":true,\"valueName\":\"search_term_string\"}}],\"inLanguage\":\"en-GB\"},{\"@type\":\"Organization\",\"@id\":\"https:\/\/skaitytaknyga.lt\/#organization\",\"name\":\"skaitytaknyga.lt\",\"url\":\"https:\/\/skaitytaknyga.lt\/\",\"logo\":{\"@type\":\"ImageObject\",\"inLanguage\":\"en-GB\",\"@id\":\"https:\/\/skaitytaknyga.lt\/#\/schema\/logo\/image\/\",\"url\":\"https:\/\/skaitytaknyga.lt\/wp-content\/uploads\/2024\/05\/cropped-cropped-cropped-02_00843_jt3bggkj1j3HLc7SyY6rEUpg.jpeg\",\"contentUrl\":\"https:\/\/skaitytaknyga.lt\/wp-content\/uploads\/2024\/05\/cropped-cropped-cropped-02_00843_jt3bggkj1j3HLc7SyY6rEUpg.jpeg\",\"width\":1600,\"height\":1600,\"caption\":\"skaitytaknyga.lt\"},\"image\":{\"@id\":\"https:\/\/skaitytaknyga.lt\/#\/schema\/logo\/image\/\"},\"sameAs\":[\"https:\/\/www.facebook.com\/skaitytaknyga\/\"]}]}<\/script>\n<!-- \/ Yoast SEO plugin. -->","yoast_head_json":{"title":"Povilas Ksaveras B\u017eostovskis. Paulavos respublika","description":"1769-aisiais Lietuva kartu su Lenkija vis dar Abiej\u0173 Taut\u0173 Respublika. Tais pa\u010diais metais dvarininkas P. K. B\u017eostovskis savo valdose \u012fkuria atskir\u0105 \u2013","robots":{"index":"index","follow":"follow","max-snippet":"max-snippet:-1","max-image-preview":"max-image-preview:large","max-video-preview":"max-video-preview:-1"},"canonical":"https:\/\/skaitytaknyga.lt\/en\/produktas\/povilas-ksaveras-bzostovskis-paulavos-respublika\/","og_locale":"en_GB","og_type":"article","og_title":"[:lt]Povilas Ksaveras B\u017eostovskis. Paulavos respublika[:] - Skaitytaknyga","og_description":"1769-aisiais Lietuva kartu su Lenkija vis dar Abiej\u0173 Taut\u0173 Respublika. Tais pa\u010diais metais dvarininkas P. K. B\u017eostovskis savo valdose \u012fkuria atskir\u0105 \u2013","og_url":"https:\/\/skaitytaknyga.lt\/en\/produktas\/povilas-ksaveras-bzostovskis-paulavos-respublika\/","og_site_name":"Skaitytaknyga","article_publisher":"https:\/\/www.facebook.com\/skaitytaknyga\/","article_modified_time":"2026-03-18T12:59:51+00:00","og_image":[{"width":559,"height":800,"url":"https:\/\/skaitytaknyga.lt\/wp-content\/uploads\/2024\/12\/Povilas-Ksaveras-Bzostovskis.-Paulavos-respublika.webp","type":"image\/webp"}],"twitter_card":"summary_large_image","twitter_misc":{"Estimated reading time":"2 minutes"},"schema":{"@context":"https:\/\/schema.org","@graph":[{"@type":"WebPage","@id":"https:\/\/skaitytaknyga.lt\/produktas\/povilas-ksaveras-bzostovskis-paulavos-respublika\/","url":"https:\/\/skaitytaknyga.lt\/produktas\/povilas-ksaveras-bzostovskis-paulavos-respublika\/","name":"Povilas Ksaveras B\u017eostovskis. Paulavos respublika","isPartOf":{"@id":"https:\/\/skaitytaknyga.lt\/#website"},"primaryImageOfPage":{"@id":"https:\/\/skaitytaknyga.lt\/produktas\/povilas-ksaveras-bzostovskis-paulavos-respublika\/#primaryimage"},"image":{"@id":"https:\/\/skaitytaknyga.lt\/produktas\/povilas-ksaveras-bzostovskis-paulavos-respublika\/#primaryimage"},"thumbnailUrl":"https:\/\/skaitytaknyga.lt\/wp-content\/uploads\/2024\/12\/Povilas-Ksaveras-Bzostovskis.-Paulavos-respublika.webp","datePublished":"2024-12-07T10:27:37+00:00","dateModified":"2026-03-18T12:59:51+00:00","description":"1769-aisiais Lietuva kartu su Lenkija vis dar Abiej\u0173 Taut\u0173 Respublika. Tais pa\u010diais metais dvarininkas P. K. B\u017eostovskis savo valdose \u012fkuria atskir\u0105 \u2013","breadcrumb":{"@id":"https:\/\/skaitytaknyga.lt\/produktas\/povilas-ksaveras-bzostovskis-paulavos-respublika\/#breadcrumb"},"inLanguage":"en-GB","potentialAction":[{"@type":"ReadAction","target":["https:\/\/skaitytaknyga.lt\/produktas\/povilas-ksaveras-bzostovskis-paulavos-respublika\/"]}]},{"@type":"ImageObject","inLanguage":"en-GB","@id":"https:\/\/skaitytaknyga.lt\/produktas\/povilas-ksaveras-bzostovskis-paulavos-respublika\/#primaryimage","url":"https:\/\/skaitytaknyga.lt\/wp-content\/uploads\/2024\/12\/Povilas-Ksaveras-Bzostovskis.-Paulavos-respublika.webp","contentUrl":"https:\/\/skaitytaknyga.lt\/wp-content\/uploads\/2024\/12\/Povilas-Ksaveras-Bzostovskis.-Paulavos-respublika.webp","width":559,"height":800,"caption":"Povilas Ksaveras B\u017eostovskis. Paulavos respublika"},{"@type":"BreadcrumbList","@id":"https:\/\/skaitytaknyga.lt\/produktas\/povilas-ksaveras-bzostovskis-paulavos-respublika\/#breadcrumb","itemListElement":[{"@type":"ListItem","position":1,"name":"Home","item":"https:\/\/skaitytaknyga.lt\/"},{"@type":"ListItem","position":2,"name":"Parduotuv\u0117","item":"https:\/\/skaitytaknyga.lt\/knygu-parduotuve\/"},{"@type":"ListItem","position":3,"name":"Povilas Ksaveras B\u017eostovskis. Paulavos respublika"}]},{"@type":"WebSite","@id":"https:\/\/skaitytaknyga.lt\/#website","url":"https:\/\/skaitytaknyga.lt\/","name":"skaitytaknyga.lt","description":"Skaitytaknyga.lt \u2013 tai ma\u017eas \u0161eimos verslas, kuris prasid\u0117jo nuo meil\u0117s knygoms ir siekio i\u0161gelb\u0117ti knygas nuo likimo prie konteinerio. Kas vienam nereikalingas daiktas \u2013 kitam lobis, o mes esame tarpininkai, kurie padeda abiems tapti laimingesniems ???? \u017dinome kaip nelengva i\u0161gyventi ma\u017eiems verslams, tad nuo \u0161iol, \u010dia rasite ir kit\u0173, ma\u017e\u0173 \u0161eim\u0173 versl\u0173, rank\u0173 darbo, dovan\u0173 sau ir artimiesiems.","publisher":{"@id":"https:\/\/skaitytaknyga.lt\/#organization"},"potentialAction":[{"@type":"SearchAction","target":{"@type":"EntryPoint","urlTemplate":"https:\/\/skaitytaknyga.lt\/?s={search_term_string}"},"query-input":{"@type":"PropertyValueSpecification","valueRequired":true,"valueName":"search_term_string"}}],"inLanguage":"en-GB"},{"@type":"Organization","@id":"https:\/\/skaitytaknyga.lt\/#organization","name":"skaitytaknyga.lt","url":"https:\/\/skaitytaknyga.lt\/","logo":{"@type":"ImageObject","inLanguage":"en-GB","@id":"https:\/\/skaitytaknyga.lt\/#\/schema\/logo\/image\/","url":"https:\/\/skaitytaknyga.lt\/wp-content\/uploads\/2024\/05\/cropped-cropped-cropped-02_00843_jt3bggkj1j3HLc7SyY6rEUpg.jpeg","contentUrl":"https:\/\/skaitytaknyga.lt\/wp-content\/uploads\/2024\/05\/cropped-cropped-cropped-02_00843_jt3bggkj1j3HLc7SyY6rEUpg.jpeg","width":1600,"height":1600,"caption":"skaitytaknyga.lt"},"image":{"@id":"https:\/\/skaitytaknyga.lt\/#\/schema\/logo\/image\/"},"sameAs":["https:\/\/www.facebook.com\/skaitytaknyga\/"]}]}},"_links":{"self":[{"href":"https:\/\/skaitytaknyga.lt\/en\/wp-json\/wp\/v2\/product\/15109","targetHints":{"allow":["GET"]}}],"collection":[{"href":"https:\/\/skaitytaknyga.lt\/en\/wp-json\/wp\/v2\/product"}],"about":[{"href":"https:\/\/skaitytaknyga.lt\/en\/wp-json\/wp\/v2\/types\/product"}],"replies":[{"embeddable":true,"href":"https:\/\/skaitytaknyga.lt\/en\/wp-json\/wp\/v2\/comments?post=15109"}],"wp:featuredmedia":[{"embeddable":true,"href":"https:\/\/skaitytaknyga.lt\/en\/wp-json\/wp\/v2\/media\/15110"}],"wp:attachment":[{"href":"https:\/\/skaitytaknyga.lt\/en\/wp-json\/wp\/v2\/media?parent=15109"}],"wp:term":[{"taxonomy":"product_brand","embeddable":true,"href":"https:\/\/skaitytaknyga.lt\/en\/wp-json\/wp\/v2\/product_brand?post=15109"},{"taxonomy":"product_cat","embeddable":true,"href":"https:\/\/skaitytaknyga.lt\/en\/wp-json\/wp\/v2\/product_cat?post=15109"},{"taxonomy":"product_tag","embeddable":true,"href":"https:\/\/skaitytaknyga.lt\/en\/wp-json\/wp\/v2\/product_tag?post=15109"}],"curies":[{"name":"wp","href":"https:\/\/api.w.org\/{rel}","templated":true}]}}