{"id":15103,"date":"2024-12-07T11:38:59","date_gmt":"2024-12-07T09:38:59","guid":{"rendered":"https:\/\/skaitytaknyga.lt\/?post_type=product&#038;p=15103"},"modified":"2025-08-16T19:15:47","modified_gmt":"2025-08-16T16:15:47","slug":"apie-meile-ir-kitus-demonus","status":"publish","type":"product","link":"https:\/\/skaitytaknyga.lt\/en\/produktas\/apie-meile-ir-kitus-demonus\/","title":{"rendered":"Apie meil\u0119 ir kitus demonus"},"content":{"rendered":"<p><strong>Gabriel Garcia Marquez<\/strong>\u00a0(1927 &#8211; 2014), pilnas vardas Gabriel Jose Garcia Marquez &#8211; \u017einomas visame pasaulyje ra\u0161ytojas i\u0161 Kolumbijos, \u017eurnalistas bei leid\u0117jas, magi\u0161kojo realizmo pradininkas, Nobelio premijos laureatas. Para\u0161\u0117 tokius k\u016brinius kaip &#8220;\u0160imtas met\u0173 vienatv\u0117s&#8221;, &#8220;Apie meil\u0119 ir kitus demonus&#8221;, &#8220;Patriarcho ruduo&#8221;.<\/p>\n<p>1946 m. ra\u0161ytojas pakluso t\u0117v\u0173 norui ir \u012fstojo \u012f Bogotos nacionalin\u012f universitet\u0105 studijuoti teis\u0117s. Jau po met\u0173 prad\u0117jo ra\u0161yti apsakymus \u012f to pa\u010dio miesto laikra\u0161t\u012f pavadinimu &#8220;El Espectador&#8221;, taip i\u0161keisdamas teis\u0119 \u012f \u017eurnalistik\u0105. B\u016btent \u0161iame laikra\u0161tyje, kiek v\u0117liau, ra\u0161ytojas suk\u0117l\u0117 tikr\u0105 skandal\u0105 para\u0161ydamas apie kontrabandos gabenim\u0105 Kolumbijos karo laivais. Laikra\u0161tis buvo u\u017edarytas, o Marquez i\u0161si\u0173stas \u012f Europ\u0105 kaip reporteris.<\/p>\n<p>Po dviej\u0173 met\u0173 persik\u0117l\u0119s \u012f Meksik\u0105 prad\u0117jo ra\u0161yti ir knygas. Tuo metu ra\u0161ytojo \u0161eim\u0105 vargino nepriteklius, jo \u017emona pardavin\u0117jo savo brangenybes, kad gal\u0117t\u0173 vyrui nupirkti ra\u0161omojo popieriaus. Viskas apsivert\u0117, kai pasirod\u0117 jo \u017eymiausias romanas &#8220;\u0160imtas met\u0173 vienatv\u0117s&#8221;. Romano buvo parduota 30 mln. egzempliori\u0173. Visame pasaulyje \u0161is k\u016brinys atne\u0161\u0117 kai k\u0105 naujo ir ne\u012ftik\u0117tino: magi\u0161kojo realizmo prad\u017ei\u0105.<\/p>\n<ul class=\"about-product d-none d-xl-block mt-4\">\n<li><strong>Originalus pavadinimas:<\/strong>\u00a0Del Amor Y Otros Demonios<\/li>\n<li><strong>Autorius:<\/strong>\u00a0Gabriel Garcia Marquez<\/li>\n<li><strong>Leid\u0117jas:<\/strong>\u00a0Tyto alba<\/li>\n<li><strong>Metai:<\/strong>\u00a01997<\/li>\n<li><strong>Puslapiai:<\/strong>\u00a0144<\/li>\n<li class=\"toggleable type-new-formats \"><strong>ISBN:<\/strong>\u00a09789986160632<\/li>\n<li><strong>Versijos kodas:<\/strong>\u00a0PS.<\/li>\n<li class=\"toggleable type-new-formats \"><strong>Formatas:<\/strong>\u00a014,5 x 21,5 x 1,5 cm, mink\u0161ti vir\u0161eliai<\/li>\n<li><strong>Vert\u0117jas:<\/strong>\u00a0Valdas V. Petrauskas<\/li>\n<\/ul>\n","protected":false},"excerpt":{"rendered":"<p>Gabriel Garcia Marquez\u00a0(1927 &#8211; 2014), pilnas vardas Gabriel Jose Garcia Marquez &#8211; \u017einomas visame pasaulyje ra\u0161ytojas i\u0161 Kolumbijos, \u017eurnalistas bei leid\u0117jas, magi\u0161kojo realizmo pradininkas, Nobelio premijos laureatas. Para\u0161\u0117 tokius k\u016brinius kaip &#8220;\u0160imtas met\u0173 vienatv\u0117s&#8221;, &#8220;Apie meil\u0119 ir kitus demonus&#8221;, &#8220;Patriarcho ruduo&#8221;. 1946 m. ra\u0161ytojas pakluso t\u0117v\u0173 norui ir \u012fstojo \u012f Bogotos nacionalin\u012f universitet\u0105 studijuoti teis\u0117s. Jau po met\u0173 prad\u0117jo ra\u0161yti apsakymus \u012f to pa\u010dio miesto laikra\u0161t\u012f pavadinimu &#8220;El Espectador&#8221;, taip i\u0161keisdamas teis\u0119 \u012f \u017eurnalistik\u0105. B\u016btent \u0161iame laikra\u0161tyje, kiek v\u0117liau, ra\u0161ytojas suk\u0117l\u0117 tikr\u0105 skandal\u0105 para\u0161ydamas apie kontrabandos gabenim\u0105 Kolumbijos karo laivais. Laikra\u0161tis buvo u\u017edarytas, o Marquez i\u0161si\u0173stas \u012f Europ\u0105 kaip reporteris. Po dviej\u0173 met\u0173 persik\u0117l\u0119s \u012f Meksik\u0105 prad\u0117jo ra\u0161yti ir knygas. Tuo metu ra\u0161ytojo \u0161eim\u0105 vargino nepriteklius, jo \u017emona pardavin\u0117jo savo brangenybes, kad gal\u0117t\u0173 vyrui nupirkti ra\u0161omojo popieriaus. Viskas apsivert\u0117, kai pasirod\u0117 jo \u017eymiausias romanas &#8220;\u0160imtas met\u0173 vienatv\u0117s&#8221;. Romano buvo parduota 30 mln. egzempliori\u0173. Visame pasaulyje \u0161is k\u016brinys atne\u0161\u0117 kai k\u0105 naujo ir ne\u012ftik\u0117tino: magi\u0161kojo realizmo prad\u017ei\u0105. Originalus pavadinimas:\u00a0Del Amor Y Otros Demonios Autorius:\u00a0Gabriel Garcia Marquez Leid\u0117jas:\u00a0Tyto alba Metai:\u00a01997 Puslapiai:\u00a0144 ISBN:\u00a09789986160632 Versijos kodas:\u00a0PS. Formatas:\u00a014,5 x 21,5 x 1,5 cm, mink\u0161ti vir\u0161eliai Vert\u0117jas:\u00a0Valdas V. Petrauskas<\/p>\n","protected":false},"featured_media":15104,"comment_status":"closed","ping_status":"closed","template":"","meta":{"_acf_changed":false,"site-sidebar-layout":"default","site-content-layout":"","ast-site-content-layout":"default","site-content-style":"default","site-sidebar-style":"default","ast-global-header-display":"","ast-banner-title-visibility":"","ast-main-header-display":"","ast-hfb-above-header-display":"","ast-hfb-below-header-display":"","ast-hfb-mobile-header-display":"","site-post-title":"","ast-breadcrumbs-content":"","ast-featured-img":"","footer-sml-layout":"","ast-disable-related-posts":"","theme-transparent-header-meta":"default","adv-header-id-meta":"","stick-header-meta":"","header-above-stick-meta":"","header-main-stick-meta":"","header-below-stick-meta":"","astra-migrate-meta-layouts":"set","ast-page-background-enabled":"default","ast-page-background-meta":{"desktop":{"background-color":"","background-image":"","background-repeat":"repeat","background-position":"center center","background-size":"auto","background-attachment":"scroll","background-type":"","background-media":"","overlay-type":"","overlay-color":"","overlay-opacity":"","overlay-gradient":""},"tablet":{"background-color":"","background-image":"","background-repeat":"repeat","background-position":"center center","background-size":"auto","background-attachment":"scroll","background-type":"","background-media":"","overlay-type":"","overlay-color":"","overlay-opacity":"","overlay-gradient":""},"mobile":{"background-color":"","background-image":"","background-repeat":"repeat","background-position":"center center","background-size":"auto","background-attachment":"scroll","background-type":"","background-media":"","overlay-type":"","overlay-color":"","overlay-opacity":"","overlay-gradient":""}},"ast-content-background-meta":{"desktop":{"background-color":"var(--ast-global-color-4)","background-image":"","background-repeat":"repeat","background-position":"center center","background-size":"auto","background-attachment":"scroll","background-type":"","background-media":"","overlay-type":"","overlay-color":"","overlay-opacity":"","overlay-gradient":""},"tablet":{"background-color":"var(--ast-global-color-4)","background-image":"","background-repeat":"repeat","background-position":"center center","background-size":"auto","background-attachment":"scroll","background-type":"","background-media":"","overlay-type":"","overlay-color":"","overlay-opacity":"","overlay-gradient":""},"mobile":{"background-color":"var(--ast-global-color-4)","background-image":"","background-repeat":"repeat","background-position":"center center","background-size":"auto","background-attachment":"scroll","background-type":"","background-media":"","overlay-type":"","overlay-color":"","overlay-opacity":"","overlay-gradient":""}}},"product_brand":[],"product_cat":[31],"product_tag":[5684,5361,2115,2865,2857,5683,5685,2624],"class_list":{"0":"post-15103","1":"product","2":"type-product","3":"status-publish","4":"has-post-thumbnail","6":"product_cat-grozine-literatura","7":"product_tag-apie-meile-ir-kitus-demonus","8":"product_tag-gabriel-garcia-marquez","9":"product_tag-kolumbija","10":"product_tag-magiskasis-realizmas","11":"product_tag-nobelio-premija","12":"product_tag-simtas-metu-vienatves","13":"product_tag-valdas-v-petrauskas","14":"product_tag-zurnalistika","15":"desktop-align-left","16":"tablet-align-left","17":"mobile-align-left","19":"first","20":"outofstock","21":"shipping-taxable","22":"purchasable","23":"product-type-simple"},"acf":[],"yoast_head":"<!-- This site is optimized with the Yoast SEO plugin v27.0 - https:\/\/yoast.com\/product\/yoast-seo-wordpress\/ -->\n<title>Apie meil\u0119 ir kitus demonus<\/title>\n<meta name=\"description\" content=\"Gabriel Garcia Marquez\u00a0(1927 - 2014), pilnas vardas Gabriel Jose Garcia Marquez - \u017einomas visame pasaulyje ra\u0161ytojas i\u0161 Kolumbijos, \u017eurnalistas bei\" \/>\n<meta name=\"robots\" content=\"index, follow, max-snippet:-1, max-image-preview:large, max-video-preview:-1\" \/>\n<link rel=\"canonical\" href=\"https:\/\/skaitytaknyga.lt\/en\/produktas\/apie-meile-ir-kitus-demonus\/\" \/>\n<meta property=\"og:locale\" content=\"en_GB\" \/>\n<meta property=\"og:locale:alternate\" content=\"lt_LT\" \/>\n<meta property=\"og:type\" content=\"article\" \/>\n<meta property=\"og:title\" content=\"Apie meil\u0119 ir kitus demonus\" \/>\n<meta property=\"og:description\" content=\"Gabriel Garcia Marquez\u00a0(1927 - 2014), pilnas vardas Gabriel Jose Garcia Marquez - \u017einomas visame pasaulyje ra\u0161ytojas i\u0161 Kolumbijos, \u017eurnalistas bei\" \/>\n<meta property=\"og:url\" content=\"https:\/\/skaitytaknyga.lt\/en\/produktas\/apie-meile-ir-kitus-demonus\/\" \/>\n<meta property=\"og:site_name\" content=\"Skaitytaknyga\" \/>\n<meta property=\"article:publisher\" content=\"https:\/\/www.facebook.com\/skaitytaknyga\/\" \/>\n<meta property=\"article:modified_time\" content=\"2025-08-16T16:15:47+00:00\" \/>\n<meta property=\"og:image\" content=\"https:\/\/skaitytaknyga.lt\/wp-content\/uploads\/2024\/12\/Apie-meile-ir-kitus-demonus.webp\" \/>\n\t<meta property=\"og:image:width\" content=\"532\" \/>\n\t<meta property=\"og:image:height\" content=\"800\" \/>\n\t<meta property=\"og:image:type\" content=\"image\/webp\" \/>\n<meta name=\"twitter:card\" content=\"summary_large_image\" \/>\n<meta name=\"twitter:label1\" content=\"Estimated reading time\" \/>\n\t<meta name=\"twitter:data1\" content=\"2 minutes\" \/>\n<script type=\"application\/ld+json\" class=\"yoast-schema-graph\">{\"@context\":\"https:\/\/schema.org\",\"@graph\":[{\"@type\":\"WebPage\",\"@id\":\"https:\/\/skaitytaknyga.lt\/produktas\/apie-meile-ir-kitus-demonus\/\",\"url\":\"https:\/\/skaitytaknyga.lt\/produktas\/apie-meile-ir-kitus-demonus\/\",\"name\":\"Apie meil\u0119 ir kitus demonus\",\"isPartOf\":{\"@id\":\"https:\/\/skaitytaknyga.lt\/#website\"},\"primaryImageOfPage\":{\"@id\":\"https:\/\/skaitytaknyga.lt\/produktas\/apie-meile-ir-kitus-demonus\/#primaryimage\"},\"image\":{\"@id\":\"https:\/\/skaitytaknyga.lt\/produktas\/apie-meile-ir-kitus-demonus\/#primaryimage\"},\"thumbnailUrl\":\"https:\/\/skaitytaknyga.lt\/wp-content\/uploads\/2024\/12\/Apie-meile-ir-kitus-demonus.webp\",\"datePublished\":\"2024-12-07T09:38:59+00:00\",\"dateModified\":\"2025-08-16T16:15:47+00:00\",\"description\":\"Gabriel Garcia Marquez\u00a0(1927 - 2014), pilnas vardas Gabriel Jose Garcia Marquez - \u017einomas visame pasaulyje ra\u0161ytojas i\u0161 Kolumbijos, \u017eurnalistas bei\",\"breadcrumb\":{\"@id\":\"https:\/\/skaitytaknyga.lt\/produktas\/apie-meile-ir-kitus-demonus\/#breadcrumb\"},\"inLanguage\":\"en-GB\",\"potentialAction\":[{\"@type\":\"ReadAction\",\"target\":[\"https:\/\/skaitytaknyga.lt\/produktas\/apie-meile-ir-kitus-demonus\/\"]}]},{\"@type\":\"ImageObject\",\"inLanguage\":\"en-GB\",\"@id\":\"https:\/\/skaitytaknyga.lt\/produktas\/apie-meile-ir-kitus-demonus\/#primaryimage\",\"url\":\"https:\/\/skaitytaknyga.lt\/wp-content\/uploads\/2024\/12\/Apie-meile-ir-kitus-demonus.webp\",\"contentUrl\":\"https:\/\/skaitytaknyga.lt\/wp-content\/uploads\/2024\/12\/Apie-meile-ir-kitus-demonus.webp\",\"width\":532,\"height\":800,\"caption\":\"Apie meil\u0119 ir kitus demonus\"},{\"@type\":\"BreadcrumbList\",\"@id\":\"https:\/\/skaitytaknyga.lt\/produktas\/apie-meile-ir-kitus-demonus\/#breadcrumb\",\"itemListElement\":[{\"@type\":\"ListItem\",\"position\":1,\"name\":\"Home\",\"item\":\"https:\/\/skaitytaknyga.lt\/\"},{\"@type\":\"ListItem\",\"position\":2,\"name\":\"Parduotuv\u0117\",\"item\":\"https:\/\/skaitytaknyga.lt\/knygu-parduotuve\/\"},{\"@type\":\"ListItem\",\"position\":3,\"name\":\"Apie meil\u0119 ir kitus demonus\"}]},{\"@type\":\"WebSite\",\"@id\":\"https:\/\/skaitytaknyga.lt\/#website\",\"url\":\"https:\/\/skaitytaknyga.lt\/\",\"name\":\"skaitytaknyga.lt\",\"description\":\"Skaitytaknyga.lt \u2013 tai ma\u017eas \u0161eimos verslas, kuris prasid\u0117jo nuo meil\u0117s knygoms ir siekio i\u0161gelb\u0117ti knygas nuo likimo prie konteinerio. Kas vienam nereikalingas daiktas \u2013 kitam lobis, o mes esame tarpininkai, kurie padeda abiems tapti laimingesniems ???? \u017dinome kaip nelengva i\u0161gyventi ma\u017eiems verslams, tad nuo \u0161iol, \u010dia rasite ir kit\u0173, ma\u017e\u0173 \u0161eim\u0173 versl\u0173, rank\u0173 darbo, dovan\u0173 sau ir artimiesiems.\",\"publisher\":{\"@id\":\"https:\/\/skaitytaknyga.lt\/#organization\"},\"potentialAction\":[{\"@type\":\"SearchAction\",\"target\":{\"@type\":\"EntryPoint\",\"urlTemplate\":\"https:\/\/skaitytaknyga.lt\/?s={search_term_string}\"},\"query-input\":{\"@type\":\"PropertyValueSpecification\",\"valueRequired\":true,\"valueName\":\"search_term_string\"}}],\"inLanguage\":\"en-GB\"},{\"@type\":\"Organization\",\"@id\":\"https:\/\/skaitytaknyga.lt\/#organization\",\"name\":\"skaitytaknyga.lt\",\"url\":\"https:\/\/skaitytaknyga.lt\/\",\"logo\":{\"@type\":\"ImageObject\",\"inLanguage\":\"en-GB\",\"@id\":\"https:\/\/skaitytaknyga.lt\/#\/schema\/logo\/image\/\",\"url\":\"https:\/\/skaitytaknyga.lt\/wp-content\/uploads\/2024\/05\/cropped-cropped-cropped-02_00843_jt3bggkj1j3HLc7SyY6rEUpg.jpeg\",\"contentUrl\":\"https:\/\/skaitytaknyga.lt\/wp-content\/uploads\/2024\/05\/cropped-cropped-cropped-02_00843_jt3bggkj1j3HLc7SyY6rEUpg.jpeg\",\"width\":1600,\"height\":1600,\"caption\":\"skaitytaknyga.lt\"},\"image\":{\"@id\":\"https:\/\/skaitytaknyga.lt\/#\/schema\/logo\/image\/\"},\"sameAs\":[\"https:\/\/www.facebook.com\/skaitytaknyga\/\"]}]}<\/script>\n<!-- \/ Yoast SEO plugin. -->","yoast_head_json":{"title":"Apie meil\u0119 ir kitus demonus","description":"Gabriel Garcia Marquez\u00a0(1927 - 2014), pilnas vardas Gabriel Jose Garcia Marquez - \u017einomas visame pasaulyje ra\u0161ytojas i\u0161 Kolumbijos, \u017eurnalistas bei","robots":{"index":"index","follow":"follow","max-snippet":"max-snippet:-1","max-image-preview":"max-image-preview:large","max-video-preview":"max-video-preview:-1"},"canonical":"https:\/\/skaitytaknyga.lt\/en\/produktas\/apie-meile-ir-kitus-demonus\/","og_locale":"en_GB","og_type":"article","og_title":"[:lt]Apie meil\u0119 ir kitus demonus[:] - Skaitytaknyga","og_description":"Gabriel Garcia Marquez\u00a0(1927 - 2014), pilnas vardas Gabriel Jose Garcia Marquez - \u017einomas visame pasaulyje ra\u0161ytojas i\u0161 Kolumbijos, \u017eurnalistas bei","og_url":"https:\/\/skaitytaknyga.lt\/en\/produktas\/apie-meile-ir-kitus-demonus\/","og_site_name":"Skaitytaknyga","article_publisher":"https:\/\/www.facebook.com\/skaitytaknyga\/","article_modified_time":"2025-08-16T16:15:47+00:00","og_image":[{"width":532,"height":800,"url":"https:\/\/skaitytaknyga.lt\/wp-content\/uploads\/2024\/12\/Apie-meile-ir-kitus-demonus.webp","type":"image\/webp"}],"twitter_card":"summary_large_image","twitter_misc":{"Estimated reading time":"2 minutes"},"schema":{"@context":"https:\/\/schema.org","@graph":[{"@type":"WebPage","@id":"https:\/\/skaitytaknyga.lt\/produktas\/apie-meile-ir-kitus-demonus\/","url":"https:\/\/skaitytaknyga.lt\/produktas\/apie-meile-ir-kitus-demonus\/","name":"Apie meil\u0119 ir kitus demonus","isPartOf":{"@id":"https:\/\/skaitytaknyga.lt\/#website"},"primaryImageOfPage":{"@id":"https:\/\/skaitytaknyga.lt\/produktas\/apie-meile-ir-kitus-demonus\/#primaryimage"},"image":{"@id":"https:\/\/skaitytaknyga.lt\/produktas\/apie-meile-ir-kitus-demonus\/#primaryimage"},"thumbnailUrl":"https:\/\/skaitytaknyga.lt\/wp-content\/uploads\/2024\/12\/Apie-meile-ir-kitus-demonus.webp","datePublished":"2024-12-07T09:38:59+00:00","dateModified":"2025-08-16T16:15:47+00:00","description":"Gabriel Garcia Marquez\u00a0(1927 - 2014), pilnas vardas Gabriel Jose Garcia Marquez - \u017einomas visame pasaulyje ra\u0161ytojas i\u0161 Kolumbijos, \u017eurnalistas bei","breadcrumb":{"@id":"https:\/\/skaitytaknyga.lt\/produktas\/apie-meile-ir-kitus-demonus\/#breadcrumb"},"inLanguage":"en-GB","potentialAction":[{"@type":"ReadAction","target":["https:\/\/skaitytaknyga.lt\/produktas\/apie-meile-ir-kitus-demonus\/"]}]},{"@type":"ImageObject","inLanguage":"en-GB","@id":"https:\/\/skaitytaknyga.lt\/produktas\/apie-meile-ir-kitus-demonus\/#primaryimage","url":"https:\/\/skaitytaknyga.lt\/wp-content\/uploads\/2024\/12\/Apie-meile-ir-kitus-demonus.webp","contentUrl":"https:\/\/skaitytaknyga.lt\/wp-content\/uploads\/2024\/12\/Apie-meile-ir-kitus-demonus.webp","width":532,"height":800,"caption":"Apie meil\u0119 ir kitus demonus"},{"@type":"BreadcrumbList","@id":"https:\/\/skaitytaknyga.lt\/produktas\/apie-meile-ir-kitus-demonus\/#breadcrumb","itemListElement":[{"@type":"ListItem","position":1,"name":"Home","item":"https:\/\/skaitytaknyga.lt\/"},{"@type":"ListItem","position":2,"name":"Parduotuv\u0117","item":"https:\/\/skaitytaknyga.lt\/knygu-parduotuve\/"},{"@type":"ListItem","position":3,"name":"Apie meil\u0119 ir kitus demonus"}]},{"@type":"WebSite","@id":"https:\/\/skaitytaknyga.lt\/#website","url":"https:\/\/skaitytaknyga.lt\/","name":"skaitytaknyga.lt","description":"Skaitytaknyga.lt \u2013 tai ma\u017eas \u0161eimos verslas, kuris prasid\u0117jo nuo meil\u0117s knygoms ir siekio i\u0161gelb\u0117ti knygas nuo likimo prie konteinerio. Kas vienam nereikalingas daiktas \u2013 kitam lobis, o mes esame tarpininkai, kurie padeda abiems tapti laimingesniems ???? \u017dinome kaip nelengva i\u0161gyventi ma\u017eiems verslams, tad nuo \u0161iol, \u010dia rasite ir kit\u0173, ma\u017e\u0173 \u0161eim\u0173 versl\u0173, rank\u0173 darbo, dovan\u0173 sau ir artimiesiems.","publisher":{"@id":"https:\/\/skaitytaknyga.lt\/#organization"},"potentialAction":[{"@type":"SearchAction","target":{"@type":"EntryPoint","urlTemplate":"https:\/\/skaitytaknyga.lt\/?s={search_term_string}"},"query-input":{"@type":"PropertyValueSpecification","valueRequired":true,"valueName":"search_term_string"}}],"inLanguage":"en-GB"},{"@type":"Organization","@id":"https:\/\/skaitytaknyga.lt\/#organization","name":"skaitytaknyga.lt","url":"https:\/\/skaitytaknyga.lt\/","logo":{"@type":"ImageObject","inLanguage":"en-GB","@id":"https:\/\/skaitytaknyga.lt\/#\/schema\/logo\/image\/","url":"https:\/\/skaitytaknyga.lt\/wp-content\/uploads\/2024\/05\/cropped-cropped-cropped-02_00843_jt3bggkj1j3HLc7SyY6rEUpg.jpeg","contentUrl":"https:\/\/skaitytaknyga.lt\/wp-content\/uploads\/2024\/05\/cropped-cropped-cropped-02_00843_jt3bggkj1j3HLc7SyY6rEUpg.jpeg","width":1600,"height":1600,"caption":"skaitytaknyga.lt"},"image":{"@id":"https:\/\/skaitytaknyga.lt\/#\/schema\/logo\/image\/"},"sameAs":["https:\/\/www.facebook.com\/skaitytaknyga\/"]}]}},"_links":{"self":[{"href":"https:\/\/skaitytaknyga.lt\/en\/wp-json\/wp\/v2\/product\/15103","targetHints":{"allow":["GET"]}}],"collection":[{"href":"https:\/\/skaitytaknyga.lt\/en\/wp-json\/wp\/v2\/product"}],"about":[{"href":"https:\/\/skaitytaknyga.lt\/en\/wp-json\/wp\/v2\/types\/product"}],"replies":[{"embeddable":true,"href":"https:\/\/skaitytaknyga.lt\/en\/wp-json\/wp\/v2\/comments?post=15103"}],"wp:featuredmedia":[{"embeddable":true,"href":"https:\/\/skaitytaknyga.lt\/en\/wp-json\/wp\/v2\/media\/15104"}],"wp:attachment":[{"href":"https:\/\/skaitytaknyga.lt\/en\/wp-json\/wp\/v2\/media?parent=15103"}],"wp:term":[{"taxonomy":"product_brand","embeddable":true,"href":"https:\/\/skaitytaknyga.lt\/en\/wp-json\/wp\/v2\/product_brand?post=15103"},{"taxonomy":"product_cat","embeddable":true,"href":"https:\/\/skaitytaknyga.lt\/en\/wp-json\/wp\/v2\/product_cat?post=15103"},{"taxonomy":"product_tag","embeddable":true,"href":"https:\/\/skaitytaknyga.lt\/en\/wp-json\/wp\/v2\/product_tag?post=15103"}],"curies":[{"name":"wp","href":"https:\/\/api.w.org\/{rel}","templated":true}]}}