{"id":15083,"date":"2024-12-01T16:56:42","date_gmt":"2024-12-01T14:56:42","guid":{"rendered":"https:\/\/skaitytaknyga.lt\/?post_type=product&#038;p=15083"},"modified":"2024-12-07T11:44:25","modified_gmt":"2024-12-07T09:44:25","slug":"jurininkas-is-gibraltaro","status":"publish","type":"product","link":"https:\/\/skaitytaknyga.lt\/en\/produktas\/jurininkas-is-gibraltaro\/","title":{"rendered":"J\u016brininkas i\u0161 Gibraltaro"},"content":{"rendered":"<p>\u012e \u0161iuolaikin\u0119 pranc\u016bz\u0173 literat\u016br\u0105\u00a0<strong>Marguerite Duras<\/strong>\u00a0(1914\u20131996) \u012f\u017eeng\u0117 kaip egzoti\u0161k\u0105 pasaul\u012f, vaizduojanti ra\u0161ytoja. Meil\u0117 kaip dvasios i\u0161ganymas, ilgesingas laukimas, heroj\u0173 bandymas i\u0161vengti beproti\u0161kos meil\u0117s ir nusikaltimo keli\u0173 \u2013 tokios M. Duras temos. Autor\u0117 atkakliai tyrin\u0117ja geismus ir aistras, ta\u010diau atsisakydama psichologin\u0117s analiz\u0117s savo persona\u017eus palydi per gyvenim\u0105 neatskleisdama j\u0173 poelgi\u0173 prie\u017eas\u010di\u0173. Nors laikoma \u201enaujojo romano\u201c atstove, M. Duras liko jo nuo\u0161alyje, \u012f\u017eengusi \u012f grynai asmenini\u0173 tem\u0173 pasaul\u012f. M. Duras ra\u0161o apie visk\u0105, kalba apie visk\u0105 \u2013 prie\u0161ingai nei dauguma m\u016bs\u0173 epochos intelektual\u0173, kurie ver\u010diau link\u0119 patyl\u0117ti.<\/p>\n<p>Kas tas j\u016brininkas i\u0161 Gibraltaro, kurio ie\u0161ko jauna moteris? Tai \u017emogus, kur\u012f ji myl\u0117jo ir kuris dingo \u2013 galb\u016bt mir\u0119s, o gal kur slapstosi. Tai jaunyst\u0117, nusikaltimas ir nekaltumas, j\u016br\u0105, kelion\u0117s\u2026 Moteris sutinka kit\u0105 vyr\u0105, kuris pakeit\u0117 savo gyvenim\u0105. Jis laisvas. Jis neturi n\u0117 su. Jis pad\u0117s jai ie\u0161koti j\u016brininko i\u0161 Gibraltaro, nes tik j\u016brinink\u0105 ji tikrai myli. Ar suras? Jei suras \u2013 ateis j\u0173 meil\u0117s pabaiga.<\/p>\n<ul class=\"about-product d-none d-xl-block mt-4\">\n<li><strong>Autorius:<\/strong>\u00a0Marguerite Duras<\/li>\n<li><strong>Metai:<\/strong>\u00a01999<\/li>\n<li><strong>Puslapiai:<\/strong>\u00a0288<\/li>\n<li class=\"toggleable type-new-formats \"><strong>ISBN:<\/strong>\u00a09986161258<\/li>\n<li class=\"toggleable type-new-formats \"><strong>Formatas:<\/strong>\u00a013 x 20 cm, mink\u0161ti vir\u0161eliai<\/li>\n<li><strong>Kalba:<\/strong>\u00a0Lietuvi\u0173<\/li>\n<li><strong>Vert\u0117jas:<\/strong>\u00a0Danut\u0117 Povilavi\u010di\u016bt\u0117<\/li>\n<\/ul>\n","protected":false},"excerpt":{"rendered":"<p>\u012e \u0161iuolaikin\u0119 pranc\u016bz\u0173 literat\u016br\u0105\u00a0Marguerite Duras\u00a0(1914\u20131996) \u012f\u017eeng\u0117 kaip egzoti\u0161k\u0105 pasaul\u012f, vaizduojanti ra\u0161ytoja. Meil\u0117 kaip dvasios i\u0161ganymas, ilgesingas laukimas, heroj\u0173 bandymas i\u0161vengti beproti\u0161kos meil\u0117s ir nusikaltimo keli\u0173 \u2013 tokios M. Duras temos. Autor\u0117 atkakliai tyrin\u0117ja geismus ir aistras, ta\u010diau atsisakydama psichologin\u0117s analiz\u0117s savo persona\u017eus palydi per gyvenim\u0105 neatskleisdama j\u0173 poelgi\u0173 prie\u017eas\u010di\u0173. Nors laikoma \u201enaujojo romano\u201c atstove, M. Duras liko jo nuo\u0161alyje, \u012f\u017eengusi \u012f grynai asmenini\u0173 tem\u0173 pasaul\u012f. M. Duras ra\u0161o apie visk\u0105, kalba apie visk\u0105 \u2013 prie\u0161ingai nei dauguma m\u016bs\u0173 epochos intelektual\u0173, kurie ver\u010diau link\u0119 patyl\u0117ti. Kas tas j\u016brininkas i\u0161 Gibraltaro, kurio ie\u0161ko jauna moteris? Tai \u017emogus, kur\u012f ji myl\u0117jo ir kuris dingo \u2013 galb\u016bt mir\u0119s, o gal kur slapstosi. Tai jaunyst\u0117, nusikaltimas ir nekaltumas, j\u016br\u0105, kelion\u0117s\u2026 Moteris sutinka kit\u0105 vyr\u0105, kuris pakeit\u0117 savo gyvenim\u0105. Jis laisvas. Jis neturi n\u0117 su. Jis pad\u0117s jai ie\u0161koti j\u016brininko i\u0161 Gibraltaro, nes tik j\u016brinink\u0105 ji tikrai myli. Ar suras? Jei suras \u2013 ateis j\u0173 meil\u0117s pabaiga. Autorius:\u00a0Marguerite Duras Metai:\u00a01999 Puslapiai:\u00a0288 ISBN:\u00a09986161258 Formatas:\u00a013 x 20 cm, mink\u0161ti vir\u0161eliai Kalba:\u00a0Lietuvi\u0173 Vert\u0117jas:\u00a0Danut\u0117 Povilavi\u010di\u016bt\u0117<\/p>\n","protected":false},"featured_media":15106,"comment_status":"open","ping_status":"closed","template":"","meta":{"_acf_changed":false,"site-sidebar-layout":"default","site-content-layout":"","ast-site-content-layout":"default","site-content-style":"default","site-sidebar-style":"default","ast-global-header-display":"","ast-banner-title-visibility":"","ast-main-header-display":"","ast-hfb-above-header-display":"","ast-hfb-below-header-display":"","ast-hfb-mobile-header-display":"","site-post-title":"","ast-breadcrumbs-content":"","ast-featured-img":"","footer-sml-layout":"","ast-disable-related-posts":"","theme-transparent-header-meta":"default","adv-header-id-meta":"","stick-header-meta":"","header-above-stick-meta":"","header-main-stick-meta":"","header-below-stick-meta":"","astra-migrate-meta-layouts":"set","ast-page-background-enabled":"default","ast-page-background-meta":{"desktop":{"background-color":"","background-image":"","background-repeat":"repeat","background-position":"center center","background-size":"auto","background-attachment":"scroll","background-type":"","background-media":"","overlay-type":"","overlay-color":"","overlay-opacity":"","overlay-gradient":""},"tablet":{"background-color":"","background-image":"","background-repeat":"repeat","background-position":"center center","background-size":"auto","background-attachment":"scroll","background-type":"","background-media":"","overlay-type":"","overlay-color":"","overlay-opacity":"","overlay-gradient":""},"mobile":{"background-color":"","background-image":"","background-repeat":"repeat","background-position":"center center","background-size":"auto","background-attachment":"scroll","background-type":"","background-media":"","overlay-type":"","overlay-color":"","overlay-opacity":"","overlay-gradient":""}},"ast-content-background-meta":{"desktop":{"background-color":"var(--ast-global-color-4)","background-image":"","background-repeat":"repeat","background-position":"center center","background-size":"auto","background-attachment":"scroll","background-type":"","background-media":"","overlay-type":"","overlay-color":"","overlay-opacity":"","overlay-gradient":""},"tablet":{"background-color":"var(--ast-global-color-4)","background-image":"","background-repeat":"repeat","background-position":"center center","background-size":"auto","background-attachment":"scroll","background-type":"","background-media":"","overlay-type":"","overlay-color":"","overlay-opacity":"","overlay-gradient":""},"mobile":{"background-color":"var(--ast-global-color-4)","background-image":"","background-repeat":"repeat","background-position":"center center","background-size":"auto","background-attachment":"scroll","background-type":"","background-media":"","overlay-type":"","overlay-color":"","overlay-opacity":"","overlay-gradient":""}}},"product_brand":[],"product_cat":[15],"product_tag":[],"class_list":{"0":"post-15083","1":"product","2":"type-product","3":"status-publish","4":"has-post-thumbnail","6":"product_cat-uncategorized","7":"desktop-align-left","8":"tablet-align-left","9":"mobile-align-left","11":"first","12":"instock","13":"shipping-taxable","14":"purchasable","15":"product-type-simple"},"acf":[],"yoast_head":"<!-- This site is optimized with the Yoast SEO plugin v27.0 - https:\/\/yoast.com\/product\/yoast-seo-wordpress\/ -->\n<title>J\u016brininkas i\u0161 Gibraltaro<\/title>\n<meta name=\"description\" content=\"\u012e \u0161iuolaikin\u0119 pranc\u016bz\u0173 literat\u016br\u0105\u00a0Marguerite Duras\u00a0(1914\u20131996) \u012f\u017eeng\u0117 kaip egzoti\u0161k\u0105 pasaul\u012f, vaizduojanti ra\u0161ytoja. Meil\u0117 kaip dvasios i\u0161ganymas,\" \/>\n<meta name=\"robots\" content=\"index, follow, max-snippet:-1, max-image-preview:large, max-video-preview:-1\" \/>\n<link rel=\"canonical\" href=\"https:\/\/skaitytaknyga.lt\/en\/produktas\/jurininkas-is-gibraltaro\/\" \/>\n<meta property=\"og:locale\" content=\"en_GB\" \/>\n<meta property=\"og:locale:alternate\" content=\"lt_LT\" \/>\n<meta property=\"og:type\" content=\"article\" \/>\n<meta property=\"og:title\" content=\"J\u016brininkas i\u0161 Gibraltaro\" \/>\n<meta property=\"og:description\" content=\"\u012e \u0161iuolaikin\u0119 pranc\u016bz\u0173 literat\u016br\u0105\u00a0Marguerite Duras\u00a0(1914\u20131996) \u012f\u017eeng\u0117 kaip egzoti\u0161k\u0105 pasaul\u012f, vaizduojanti ra\u0161ytoja. Meil\u0117 kaip dvasios i\u0161ganymas,\" \/>\n<meta property=\"og:url\" content=\"https:\/\/skaitytaknyga.lt\/en\/produktas\/jurininkas-is-gibraltaro\/\" \/>\n<meta property=\"og:site_name\" content=\"Skaitytaknyga\" \/>\n<meta property=\"article:publisher\" content=\"https:\/\/www.facebook.com\/skaitytaknyga\/\" \/>\n<meta property=\"article:modified_time\" content=\"2024-12-07T09:44:25+00:00\" \/>\n<meta property=\"og:image\" content=\"https:\/\/skaitytaknyga.lt\/wp-content\/uploads\/2024\/12\/Jurininkas-is-Gibraltaro.webp\" \/>\n\t<meta property=\"og:image:width\" content=\"255\" \/>\n\t<meta property=\"og:image:height\" content=\"388\" \/>\n\t<meta property=\"og:image:type\" content=\"image\/webp\" \/>\n<meta name=\"twitter:card\" content=\"summary_large_image\" \/>\n<meta name=\"twitter:label1\" content=\"Estimated reading time\" \/>\n\t<meta name=\"twitter:data1\" content=\"2 minutes\" \/>\n<script type=\"application\/ld+json\" class=\"yoast-schema-graph\">{\"@context\":\"https:\/\/schema.org\",\"@graph\":[{\"@type\":\"WebPage\",\"@id\":\"https:\/\/skaitytaknyga.lt\/produktas\/jurininkas-is-gibraltaro\/\",\"url\":\"https:\/\/skaitytaknyga.lt\/produktas\/jurininkas-is-gibraltaro\/\",\"name\":\"J\u016brininkas i\u0161 Gibraltaro\",\"isPartOf\":{\"@id\":\"https:\/\/skaitytaknyga.lt\/#website\"},\"primaryImageOfPage\":{\"@id\":\"https:\/\/skaitytaknyga.lt\/produktas\/jurininkas-is-gibraltaro\/#primaryimage\"},\"image\":{\"@id\":\"https:\/\/skaitytaknyga.lt\/produktas\/jurininkas-is-gibraltaro\/#primaryimage\"},\"thumbnailUrl\":\"https:\/\/skaitytaknyga.lt\/wp-content\/uploads\/2024\/12\/Jurininkas-is-Gibraltaro.webp\",\"datePublished\":\"2024-12-01T14:56:42+00:00\",\"dateModified\":\"2024-12-07T09:44:25+00:00\",\"description\":\"\u012e \u0161iuolaikin\u0119 pranc\u016bz\u0173 literat\u016br\u0105\u00a0Marguerite Duras\u00a0(1914\u20131996) \u012f\u017eeng\u0117 kaip egzoti\u0161k\u0105 pasaul\u012f, vaizduojanti ra\u0161ytoja. Meil\u0117 kaip dvasios i\u0161ganymas,\",\"breadcrumb\":{\"@id\":\"https:\/\/skaitytaknyga.lt\/produktas\/jurininkas-is-gibraltaro\/#breadcrumb\"},\"inLanguage\":\"en-GB\",\"potentialAction\":[{\"@type\":\"ReadAction\",\"target\":[\"https:\/\/skaitytaknyga.lt\/produktas\/jurininkas-is-gibraltaro\/\"]}]},{\"@type\":\"ImageObject\",\"inLanguage\":\"en-GB\",\"@id\":\"https:\/\/skaitytaknyga.lt\/produktas\/jurininkas-is-gibraltaro\/#primaryimage\",\"url\":\"https:\/\/skaitytaknyga.lt\/wp-content\/uploads\/2024\/12\/Jurininkas-is-Gibraltaro.webp\",\"contentUrl\":\"https:\/\/skaitytaknyga.lt\/wp-content\/uploads\/2024\/12\/Jurininkas-is-Gibraltaro.webp\",\"width\":255,\"height\":388,\"caption\":\"J\u016brininkas i\u0161 Gibraltaro\"},{\"@type\":\"BreadcrumbList\",\"@id\":\"https:\/\/skaitytaknyga.lt\/produktas\/jurininkas-is-gibraltaro\/#breadcrumb\",\"itemListElement\":[{\"@type\":\"ListItem\",\"position\":1,\"name\":\"Home\",\"item\":\"https:\/\/skaitytaknyga.lt\/\"},{\"@type\":\"ListItem\",\"position\":2,\"name\":\"Parduotuv\u0117\",\"item\":\"https:\/\/skaitytaknyga.lt\/knygu-parduotuve\/\"},{\"@type\":\"ListItem\",\"position\":3,\"name\":\"J\u016brininkas i\u0161 Gibraltaro\"}]},{\"@type\":\"WebSite\",\"@id\":\"https:\/\/skaitytaknyga.lt\/#website\",\"url\":\"https:\/\/skaitytaknyga.lt\/\",\"name\":\"skaitytaknyga.lt\",\"description\":\"Skaitytaknyga.lt \u2013 tai ma\u017eas \u0161eimos verslas, kuris prasid\u0117jo nuo meil\u0117s knygoms ir siekio i\u0161gelb\u0117ti knygas nuo likimo prie konteinerio. Kas vienam nereikalingas daiktas \u2013 kitam lobis, o mes esame tarpininkai, kurie padeda abiems tapti laimingesniems ???? \u017dinome kaip nelengva i\u0161gyventi ma\u017eiems verslams, tad nuo \u0161iol, \u010dia rasite ir kit\u0173, ma\u017e\u0173 \u0161eim\u0173 versl\u0173, rank\u0173 darbo, dovan\u0173 sau ir artimiesiems.\",\"publisher\":{\"@id\":\"https:\/\/skaitytaknyga.lt\/#organization\"},\"potentialAction\":[{\"@type\":\"SearchAction\",\"target\":{\"@type\":\"EntryPoint\",\"urlTemplate\":\"https:\/\/skaitytaknyga.lt\/?s={search_term_string}\"},\"query-input\":{\"@type\":\"PropertyValueSpecification\",\"valueRequired\":true,\"valueName\":\"search_term_string\"}}],\"inLanguage\":\"en-GB\"},{\"@type\":\"Organization\",\"@id\":\"https:\/\/skaitytaknyga.lt\/#organization\",\"name\":\"skaitytaknyga.lt\",\"url\":\"https:\/\/skaitytaknyga.lt\/\",\"logo\":{\"@type\":\"ImageObject\",\"inLanguage\":\"en-GB\",\"@id\":\"https:\/\/skaitytaknyga.lt\/#\/schema\/logo\/image\/\",\"url\":\"https:\/\/skaitytaknyga.lt\/wp-content\/uploads\/2024\/05\/cropped-cropped-cropped-02_00843_jt3bggkj1j3HLc7SyY6rEUpg.jpeg\",\"contentUrl\":\"https:\/\/skaitytaknyga.lt\/wp-content\/uploads\/2024\/05\/cropped-cropped-cropped-02_00843_jt3bggkj1j3HLc7SyY6rEUpg.jpeg\",\"width\":1600,\"height\":1600,\"caption\":\"skaitytaknyga.lt\"},\"image\":{\"@id\":\"https:\/\/skaitytaknyga.lt\/#\/schema\/logo\/image\/\"},\"sameAs\":[\"https:\/\/www.facebook.com\/skaitytaknyga\/\"]}]}<\/script>\n<!-- \/ Yoast SEO plugin. -->","yoast_head_json":{"title":"J\u016brininkas i\u0161 Gibraltaro","description":"\u012e \u0161iuolaikin\u0119 pranc\u016bz\u0173 literat\u016br\u0105\u00a0Marguerite Duras\u00a0(1914\u20131996) \u012f\u017eeng\u0117 kaip egzoti\u0161k\u0105 pasaul\u012f, vaizduojanti ra\u0161ytoja. Meil\u0117 kaip dvasios i\u0161ganymas,","robots":{"index":"index","follow":"follow","max-snippet":"max-snippet:-1","max-image-preview":"max-image-preview:large","max-video-preview":"max-video-preview:-1"},"canonical":"https:\/\/skaitytaknyga.lt\/en\/produktas\/jurininkas-is-gibraltaro\/","og_locale":"en_GB","og_type":"article","og_title":"[:lt]J\u016brininkas i\u0161 Gibraltaro[:] - Skaitytaknyga","og_description":"\u012e \u0161iuolaikin\u0119 pranc\u016bz\u0173 literat\u016br\u0105\u00a0Marguerite Duras\u00a0(1914\u20131996) \u012f\u017eeng\u0117 kaip egzoti\u0161k\u0105 pasaul\u012f, vaizduojanti ra\u0161ytoja. Meil\u0117 kaip dvasios i\u0161ganymas,","og_url":"https:\/\/skaitytaknyga.lt\/en\/produktas\/jurininkas-is-gibraltaro\/","og_site_name":"Skaitytaknyga","article_publisher":"https:\/\/www.facebook.com\/skaitytaknyga\/","article_modified_time":"2024-12-07T09:44:25+00:00","og_image":[{"width":255,"height":388,"url":"https:\/\/skaitytaknyga.lt\/wp-content\/uploads\/2024\/12\/Jurininkas-is-Gibraltaro.webp","type":"image\/webp"}],"twitter_card":"summary_large_image","twitter_misc":{"Estimated reading time":"2 minutes"},"schema":{"@context":"https:\/\/schema.org","@graph":[{"@type":"WebPage","@id":"https:\/\/skaitytaknyga.lt\/produktas\/jurininkas-is-gibraltaro\/","url":"https:\/\/skaitytaknyga.lt\/produktas\/jurininkas-is-gibraltaro\/","name":"J\u016brininkas i\u0161 Gibraltaro","isPartOf":{"@id":"https:\/\/skaitytaknyga.lt\/#website"},"primaryImageOfPage":{"@id":"https:\/\/skaitytaknyga.lt\/produktas\/jurininkas-is-gibraltaro\/#primaryimage"},"image":{"@id":"https:\/\/skaitytaknyga.lt\/produktas\/jurininkas-is-gibraltaro\/#primaryimage"},"thumbnailUrl":"https:\/\/skaitytaknyga.lt\/wp-content\/uploads\/2024\/12\/Jurininkas-is-Gibraltaro.webp","datePublished":"2024-12-01T14:56:42+00:00","dateModified":"2024-12-07T09:44:25+00:00","description":"\u012e \u0161iuolaikin\u0119 pranc\u016bz\u0173 literat\u016br\u0105\u00a0Marguerite Duras\u00a0(1914\u20131996) \u012f\u017eeng\u0117 kaip egzoti\u0161k\u0105 pasaul\u012f, vaizduojanti ra\u0161ytoja. Meil\u0117 kaip dvasios i\u0161ganymas,","breadcrumb":{"@id":"https:\/\/skaitytaknyga.lt\/produktas\/jurininkas-is-gibraltaro\/#breadcrumb"},"inLanguage":"en-GB","potentialAction":[{"@type":"ReadAction","target":["https:\/\/skaitytaknyga.lt\/produktas\/jurininkas-is-gibraltaro\/"]}]},{"@type":"ImageObject","inLanguage":"en-GB","@id":"https:\/\/skaitytaknyga.lt\/produktas\/jurininkas-is-gibraltaro\/#primaryimage","url":"https:\/\/skaitytaknyga.lt\/wp-content\/uploads\/2024\/12\/Jurininkas-is-Gibraltaro.webp","contentUrl":"https:\/\/skaitytaknyga.lt\/wp-content\/uploads\/2024\/12\/Jurininkas-is-Gibraltaro.webp","width":255,"height":388,"caption":"J\u016brininkas i\u0161 Gibraltaro"},{"@type":"BreadcrumbList","@id":"https:\/\/skaitytaknyga.lt\/produktas\/jurininkas-is-gibraltaro\/#breadcrumb","itemListElement":[{"@type":"ListItem","position":1,"name":"Home","item":"https:\/\/skaitytaknyga.lt\/"},{"@type":"ListItem","position":2,"name":"Parduotuv\u0117","item":"https:\/\/skaitytaknyga.lt\/knygu-parduotuve\/"},{"@type":"ListItem","position":3,"name":"J\u016brininkas i\u0161 Gibraltaro"}]},{"@type":"WebSite","@id":"https:\/\/skaitytaknyga.lt\/#website","url":"https:\/\/skaitytaknyga.lt\/","name":"skaitytaknyga.lt","description":"Skaitytaknyga.lt \u2013 tai ma\u017eas \u0161eimos verslas, kuris prasid\u0117jo nuo meil\u0117s knygoms ir siekio i\u0161gelb\u0117ti knygas nuo likimo prie konteinerio. Kas vienam nereikalingas daiktas \u2013 kitam lobis, o mes esame tarpininkai, kurie padeda abiems tapti laimingesniems ???? \u017dinome kaip nelengva i\u0161gyventi ma\u017eiems verslams, tad nuo \u0161iol, \u010dia rasite ir kit\u0173, ma\u017e\u0173 \u0161eim\u0173 versl\u0173, rank\u0173 darbo, dovan\u0173 sau ir artimiesiems.","publisher":{"@id":"https:\/\/skaitytaknyga.lt\/#organization"},"potentialAction":[{"@type":"SearchAction","target":{"@type":"EntryPoint","urlTemplate":"https:\/\/skaitytaknyga.lt\/?s={search_term_string}"},"query-input":{"@type":"PropertyValueSpecification","valueRequired":true,"valueName":"search_term_string"}}],"inLanguage":"en-GB"},{"@type":"Organization","@id":"https:\/\/skaitytaknyga.lt\/#organization","name":"skaitytaknyga.lt","url":"https:\/\/skaitytaknyga.lt\/","logo":{"@type":"ImageObject","inLanguage":"en-GB","@id":"https:\/\/skaitytaknyga.lt\/#\/schema\/logo\/image\/","url":"https:\/\/skaitytaknyga.lt\/wp-content\/uploads\/2024\/05\/cropped-cropped-cropped-02_00843_jt3bggkj1j3HLc7SyY6rEUpg.jpeg","contentUrl":"https:\/\/skaitytaknyga.lt\/wp-content\/uploads\/2024\/05\/cropped-cropped-cropped-02_00843_jt3bggkj1j3HLc7SyY6rEUpg.jpeg","width":1600,"height":1600,"caption":"skaitytaknyga.lt"},"image":{"@id":"https:\/\/skaitytaknyga.lt\/#\/schema\/logo\/image\/"},"sameAs":["https:\/\/www.facebook.com\/skaitytaknyga\/"]}]}},"_links":{"self":[{"href":"https:\/\/skaitytaknyga.lt\/en\/wp-json\/wp\/v2\/product\/15083","targetHints":{"allow":["GET"]}}],"collection":[{"href":"https:\/\/skaitytaknyga.lt\/en\/wp-json\/wp\/v2\/product"}],"about":[{"href":"https:\/\/skaitytaknyga.lt\/en\/wp-json\/wp\/v2\/types\/product"}],"replies":[{"embeddable":true,"href":"https:\/\/skaitytaknyga.lt\/en\/wp-json\/wp\/v2\/comments?post=15083"}],"wp:featuredmedia":[{"embeddable":true,"href":"https:\/\/skaitytaknyga.lt\/en\/wp-json\/wp\/v2\/media\/15106"}],"wp:attachment":[{"href":"https:\/\/skaitytaknyga.lt\/en\/wp-json\/wp\/v2\/media?parent=15083"}],"wp:term":[{"taxonomy":"product_brand","embeddable":true,"href":"https:\/\/skaitytaknyga.lt\/en\/wp-json\/wp\/v2\/product_brand?post=15083"},{"taxonomy":"product_cat","embeddable":true,"href":"https:\/\/skaitytaknyga.lt\/en\/wp-json\/wp\/v2\/product_cat?post=15083"},{"taxonomy":"product_tag","embeddable":true,"href":"https:\/\/skaitytaknyga.lt\/en\/wp-json\/wp\/v2\/product_tag?post=15083"}],"curies":[{"name":"wp","href":"https:\/\/api.w.org\/{rel}","templated":true}]}}