{"id":15075,"date":"2024-12-01T16:56:41","date_gmt":"2024-12-01T14:56:41","guid":{"rendered":"https:\/\/skaitytaknyga.lt\/?post_type=product&#038;p=15075"},"modified":"2024-12-07T17:00:13","modified_gmt":"2024-12-07T15:00:13","slug":"kaip-sutarti-su-vyrais","status":"publish","type":"product","link":"https:\/\/skaitytaknyga.lt\/en\/produktas\/kaip-sutarti-su-vyrais\/","title":{"rendered":"Kaip sutarti su vyrais"},"content":{"rendered":"<p>Po mil\u017eini\u0161kos pirmosios knygos \u201eKaip sutarti su moterimis\u201c s\u0117km\u0117s \u012f Ron\u0105 Louis\u0105 ir David\u0105 Copeland\u0105 kreip\u0117si daug moter\u0173, kurios tur\u0117jo sunkum\u0173 ir klaus\u0117, kaip ir kur sutikti geid\u017eiam\u0173 vyr\u0173 ir k\u0105 daryti, kad \u0161ie apskritai jomis susidom\u0117t\u0173. Taip gim\u0117 knyga \u201eKaip sutarti su vyrais\u201c \u2013 vyr\u0173 pasakojimas apie vyrus i\u0161 pirm\u0173 l\u016bp\u0173. R. Louisas yra ir labai i\u0161girtos knygos Sexpectations: Women Talk Candidly about Sex and Dating (\u201eGeism\u0173 l\u016bkes\u010diai: moterys atvirai kalba apie seks\u0105 ir pasimatymus\u201c) autorius. Jis tiria ly\u010di\u0173 problemas ir ra\u0161o apie jas. D. Copelandas &#8211; pripa\u017eintas paskaitininkas, rengiantis asmenyb\u0117s ugdymo seminarus vyrams ir moterims visame pasaulyje. Abu autoriai yra dalyvav\u0119 \u0161alies televizij\u0173 bei radijo sto\u010di\u0173 laidose ir yra nuolatiniai \u010cikagos \u201eVyr\u0173 radijo\u201c laid\u0173 ved\u0117jai. Jie atsakin\u0117ja \u012f klausimus, kaip i\u0161laikyti laiming\u0105, jaudinan\u010di\u0105 ir aistring\u0105 draugyst\u0119 ir kaip atpa\u017einti \u012fsp\u0117jamuosius \u017eenklus, kad laikas nutraukti i\u0161bl\u0117susius santykius. Kokie yra septyni s\u0117kmingo pasimatymo d\u0117menys? Kokie vienuolika paprast\u0173 \u201ei\u0161bandym\u0173\u201c, kurie parodys, ar jis jums tinka? Louisas ir Copelandas visk\u0105 paai\u0161kins vyri\u0161kai.<\/p>\n<ul class=\"about-product d-none d-xl-block mt-4\">\n<li><strong>Autorius:<\/strong>\u00a0David Copeland,\u00a0Ron Louis<\/li>\n<li><strong>Leid\u0117jas:<\/strong>\u00a0Tyto alba<\/li>\n<li><strong>Metai:<\/strong>\u00a02002<\/li>\n<li><strong>Puslapiai:<\/strong>\u00a0468<\/li>\n<li class=\"toggleable type-new-formats \"><strong>ISBN:<\/strong>\u00a09789986162339<\/li>\n<li class=\"toggleable type-new-formats \"><strong>Formatas:<\/strong>\u00a014,5 x 22 cm, mink\u0161ti vir\u0161eliai<\/li>\n<li><strong>Kalba:<\/strong>\u00a0Lietuvi\u0173<\/li>\n<\/ul>\n","protected":false},"excerpt":{"rendered":"<p>Po mil\u017eini\u0161kos pirmosios knygos \u201eKaip sutarti su moterimis\u201c s\u0117km\u0117s \u012f Ron\u0105 Louis\u0105 ir David\u0105 Copeland\u0105 kreip\u0117si daug moter\u0173, kurios tur\u0117jo sunkum\u0173 ir klaus\u0117, kaip ir kur sutikti geid\u017eiam\u0173 vyr\u0173 ir k\u0105 daryti, kad \u0161ie apskritai jomis susidom\u0117t\u0173. Taip gim\u0117 knyga \u201eKaip sutarti su vyrais\u201c \u2013 vyr\u0173 pasakojimas apie vyrus i\u0161 pirm\u0173 l\u016bp\u0173. R. Louisas yra ir labai i\u0161girtos knygos Sexpectations: Women Talk Candidly about Sex and Dating (\u201eGeism\u0173 l\u016bkes\u010diai: moterys atvirai kalba apie seks\u0105 ir pasimatymus\u201c) autorius. Jis tiria ly\u010di\u0173 problemas ir ra\u0161o apie jas. D. Copelandas &#8211; pripa\u017eintas paskaitininkas, rengiantis asmenyb\u0117s ugdymo seminarus vyrams ir moterims visame pasaulyje. Abu autoriai yra dalyvav\u0119 \u0161alies televizij\u0173 bei radijo sto\u010di\u0173 laidose ir yra nuolatiniai \u010cikagos \u201eVyr\u0173 radijo\u201c laid\u0173 ved\u0117jai. Jie atsakin\u0117ja \u012f klausimus, kaip i\u0161laikyti laiming\u0105, jaudinan\u010di\u0105 ir aistring\u0105 draugyst\u0119 ir kaip atpa\u017einti \u012fsp\u0117jamuosius \u017eenklus, kad laikas nutraukti i\u0161bl\u0117susius santykius. Kokie yra septyni s\u0117kmingo pasimatymo d\u0117menys? Kokie vienuolika paprast\u0173 \u201ei\u0161bandym\u0173\u201c, kurie parodys, ar jis jums tinka? Louisas ir Copelandas visk\u0105 paai\u0161kins vyri\u0161kai. Autorius:\u00a0David Copeland,\u00a0Ron Louis Leid\u0117jas:\u00a0Tyto alba Metai:\u00a02002 Puslapiai:\u00a0468 ISBN:\u00a09789986162339 Formatas:\u00a014,5 x 22 cm, mink\u0161ti vir\u0161eliai Kalba:\u00a0Lietuvi\u0173<\/p>\n","protected":false},"featured_media":15124,"comment_status":"open","ping_status":"closed","template":"","meta":{"_acf_changed":false,"site-sidebar-layout":"default","site-content-layout":"","ast-site-content-layout":"default","site-content-style":"default","site-sidebar-style":"default","ast-global-header-display":"","ast-banner-title-visibility":"","ast-main-header-display":"","ast-hfb-above-header-display":"","ast-hfb-below-header-display":"","ast-hfb-mobile-header-display":"","site-post-title":"","ast-breadcrumbs-content":"","ast-featured-img":"","footer-sml-layout":"","ast-disable-related-posts":"","theme-transparent-header-meta":"default","adv-header-id-meta":"","stick-header-meta":"","header-above-stick-meta":"","header-main-stick-meta":"","header-below-stick-meta":"","astra-migrate-meta-layouts":"set","ast-page-background-enabled":"default","ast-page-background-meta":{"desktop":{"background-color":"","background-image":"","background-repeat":"repeat","background-position":"center center","background-size":"auto","background-attachment":"scroll","background-type":"","background-media":"","overlay-type":"","overlay-color":"","overlay-opacity":"","overlay-gradient":""},"tablet":{"background-color":"","background-image":"","background-repeat":"repeat","background-position":"center center","background-size":"auto","background-attachment":"scroll","background-type":"","background-media":"","overlay-type":"","overlay-color":"","overlay-opacity":"","overlay-gradient":""},"mobile":{"background-color":"","background-image":"","background-repeat":"repeat","background-position":"center center","background-size":"auto","background-attachment":"scroll","background-type":"","background-media":"","overlay-type":"","overlay-color":"","overlay-opacity":"","overlay-gradient":""}},"ast-content-background-meta":{"desktop":{"background-color":"var(--ast-global-color-4)","background-image":"","background-repeat":"repeat","background-position":"center center","background-size":"auto","background-attachment":"scroll","background-type":"","background-media":"","overlay-type":"","overlay-color":"","overlay-opacity":"","overlay-gradient":""},"tablet":{"background-color":"var(--ast-global-color-4)","background-image":"","background-repeat":"repeat","background-position":"center center","background-size":"auto","background-attachment":"scroll","background-type":"","background-media":"","overlay-type":"","overlay-color":"","overlay-opacity":"","overlay-gradient":""},"mobile":{"background-color":"var(--ast-global-color-4)","background-image":"","background-repeat":"repeat","background-position":"center center","background-size":"auto","background-attachment":"scroll","background-type":"","background-media":"","overlay-type":"","overlay-color":"","overlay-opacity":"","overlay-gradient":""}}},"product_brand":[],"product_cat":[15,30],"product_tag":[],"class_list":{"0":"post-15075","1":"product","2":"type-product","3":"status-publish","4":"has-post-thumbnail","6":"product_cat-uncategorized","7":"product_cat-psichologija-ir-saviugda","8":"desktop-align-left","9":"tablet-align-left","10":"mobile-align-left","12":"first","13":"instock","14":"shipping-taxable","15":"purchasable","16":"product-type-simple"},"acf":[],"yoast_head":"<!-- This site is optimized with the Yoast SEO plugin v27.0 - https:\/\/yoast.com\/product\/yoast-seo-wordpress\/ -->\n<title>Kaip sutarti su vyrais<\/title>\n<meta name=\"description\" content=\"Po mil\u017eini\u0161kos pirmosios knygos \u201eKaip sutarti su moterimis\u201c s\u0117km\u0117s \u012f Ron\u0105 Louis\u0105 ir David\u0105 Copeland\u0105 kreip\u0117si daug moter\u0173, kurios tur\u0117jo sunkum\u0173 ir\" \/>\n<meta name=\"robots\" content=\"index, follow, max-snippet:-1, max-image-preview:large, max-video-preview:-1\" \/>\n<link rel=\"canonical\" href=\"https:\/\/skaitytaknyga.lt\/en\/produktas\/kaip-sutarti-su-vyrais\/\" \/>\n<meta property=\"og:locale\" content=\"en_GB\" \/>\n<meta property=\"og:locale:alternate\" content=\"lt_LT\" \/>\n<meta property=\"og:type\" content=\"article\" \/>\n<meta property=\"og:title\" content=\"Kaip sutarti su vyrais\" \/>\n<meta property=\"og:description\" content=\"Po mil\u017eini\u0161kos pirmosios knygos \u201eKaip sutarti su moterimis\u201c s\u0117km\u0117s \u012f Ron\u0105 Louis\u0105 ir David\u0105 Copeland\u0105 kreip\u0117si daug moter\u0173, kurios tur\u0117jo sunkum\u0173 ir\" \/>\n<meta property=\"og:url\" content=\"https:\/\/skaitytaknyga.lt\/en\/produktas\/kaip-sutarti-su-vyrais\/\" \/>\n<meta property=\"og:site_name\" content=\"Skaitytaknyga\" \/>\n<meta property=\"article:publisher\" content=\"https:\/\/www.facebook.com\/skaitytaknyga\/\" \/>\n<meta property=\"article:modified_time\" content=\"2024-12-07T15:00:13+00:00\" \/>\n<meta property=\"og:image\" content=\"https:\/\/skaitytaknyga.lt\/wp-content\/uploads\/2024\/12\/Kaip-sutarti-su-vyrais.webp\" \/>\n\t<meta property=\"og:image:width\" content=\"358\" \/>\n\t<meta property=\"og:image:height\" content=\"521\" \/>\n\t<meta property=\"og:image:type\" content=\"image\/webp\" \/>\n<meta name=\"twitter:card\" content=\"summary_large_image\" \/>\n<meta name=\"twitter:label1\" content=\"Estimated reading time\" \/>\n\t<meta name=\"twitter:data1\" content=\"1 minute\" \/>\n<script type=\"application\/ld+json\" class=\"yoast-schema-graph\">{\"@context\":\"https:\/\/schema.org\",\"@graph\":[{\"@type\":\"WebPage\",\"@id\":\"https:\/\/skaitytaknyga.lt\/produktas\/kaip-sutarti-su-vyrais\/\",\"url\":\"https:\/\/skaitytaknyga.lt\/produktas\/kaip-sutarti-su-vyrais\/\",\"name\":\"Kaip sutarti su vyrais\",\"isPartOf\":{\"@id\":\"https:\/\/skaitytaknyga.lt\/#website\"},\"primaryImageOfPage\":{\"@id\":\"https:\/\/skaitytaknyga.lt\/produktas\/kaip-sutarti-su-vyrais\/#primaryimage\"},\"image\":{\"@id\":\"https:\/\/skaitytaknyga.lt\/produktas\/kaip-sutarti-su-vyrais\/#primaryimage\"},\"thumbnailUrl\":\"https:\/\/skaitytaknyga.lt\/wp-content\/uploads\/2024\/12\/Kaip-sutarti-su-vyrais.webp\",\"datePublished\":\"2024-12-01T14:56:41+00:00\",\"dateModified\":\"2024-12-07T15:00:13+00:00\",\"description\":\"Po mil\u017eini\u0161kos pirmosios knygos \u201eKaip sutarti su moterimis\u201c s\u0117km\u0117s \u012f Ron\u0105 Louis\u0105 ir David\u0105 Copeland\u0105 kreip\u0117si daug moter\u0173, kurios tur\u0117jo sunkum\u0173 ir\",\"breadcrumb\":{\"@id\":\"https:\/\/skaitytaknyga.lt\/produktas\/kaip-sutarti-su-vyrais\/#breadcrumb\"},\"inLanguage\":\"en-GB\",\"potentialAction\":[{\"@type\":\"ReadAction\",\"target\":[\"https:\/\/skaitytaknyga.lt\/produktas\/kaip-sutarti-su-vyrais\/\"]}]},{\"@type\":\"ImageObject\",\"inLanguage\":\"en-GB\",\"@id\":\"https:\/\/skaitytaknyga.lt\/produktas\/kaip-sutarti-su-vyrais\/#primaryimage\",\"url\":\"https:\/\/skaitytaknyga.lt\/wp-content\/uploads\/2024\/12\/Kaip-sutarti-su-vyrais.webp\",\"contentUrl\":\"https:\/\/skaitytaknyga.lt\/wp-content\/uploads\/2024\/12\/Kaip-sutarti-su-vyrais.webp\",\"width\":358,\"height\":521,\"caption\":\"Kaip sutarti su vyrais\"},{\"@type\":\"BreadcrumbList\",\"@id\":\"https:\/\/skaitytaknyga.lt\/produktas\/kaip-sutarti-su-vyrais\/#breadcrumb\",\"itemListElement\":[{\"@type\":\"ListItem\",\"position\":1,\"name\":\"Home\",\"item\":\"https:\/\/skaitytaknyga.lt\/\"},{\"@type\":\"ListItem\",\"position\":2,\"name\":\"Parduotuv\u0117\",\"item\":\"https:\/\/skaitytaknyga.lt\/knygu-parduotuve\/\"},{\"@type\":\"ListItem\",\"position\":3,\"name\":\"Kaip sutarti su vyrais\"}]},{\"@type\":\"WebSite\",\"@id\":\"https:\/\/skaitytaknyga.lt\/#website\",\"url\":\"https:\/\/skaitytaknyga.lt\/\",\"name\":\"skaitytaknyga.lt\",\"description\":\"Skaitytaknyga.lt \u2013 tai ma\u017eas \u0161eimos verslas, kuris prasid\u0117jo nuo meil\u0117s knygoms ir siekio i\u0161gelb\u0117ti knygas nuo likimo prie konteinerio. Kas vienam nereikalingas daiktas \u2013 kitam lobis, o mes esame tarpininkai, kurie padeda abiems tapti laimingesniems ???? \u017dinome kaip nelengva i\u0161gyventi ma\u017eiems verslams, tad nuo \u0161iol, \u010dia rasite ir kit\u0173, ma\u017e\u0173 \u0161eim\u0173 versl\u0173, rank\u0173 darbo, dovan\u0173 sau ir artimiesiems.\",\"publisher\":{\"@id\":\"https:\/\/skaitytaknyga.lt\/#organization\"},\"potentialAction\":[{\"@type\":\"SearchAction\",\"target\":{\"@type\":\"EntryPoint\",\"urlTemplate\":\"https:\/\/skaitytaknyga.lt\/?s={search_term_string}\"},\"query-input\":{\"@type\":\"PropertyValueSpecification\",\"valueRequired\":true,\"valueName\":\"search_term_string\"}}],\"inLanguage\":\"en-GB\"},{\"@type\":\"Organization\",\"@id\":\"https:\/\/skaitytaknyga.lt\/#organization\",\"name\":\"skaitytaknyga.lt\",\"url\":\"https:\/\/skaitytaknyga.lt\/\",\"logo\":{\"@type\":\"ImageObject\",\"inLanguage\":\"en-GB\",\"@id\":\"https:\/\/skaitytaknyga.lt\/#\/schema\/logo\/image\/\",\"url\":\"https:\/\/skaitytaknyga.lt\/wp-content\/uploads\/2024\/05\/cropped-cropped-cropped-02_00843_jt3bggkj1j3HLc7SyY6rEUpg.jpeg\",\"contentUrl\":\"https:\/\/skaitytaknyga.lt\/wp-content\/uploads\/2024\/05\/cropped-cropped-cropped-02_00843_jt3bggkj1j3HLc7SyY6rEUpg.jpeg\",\"width\":1600,\"height\":1600,\"caption\":\"skaitytaknyga.lt\"},\"image\":{\"@id\":\"https:\/\/skaitytaknyga.lt\/#\/schema\/logo\/image\/\"},\"sameAs\":[\"https:\/\/www.facebook.com\/skaitytaknyga\/\"]}]}<\/script>\n<!-- \/ Yoast SEO plugin. -->","yoast_head_json":{"title":"Kaip sutarti su vyrais","description":"Po mil\u017eini\u0161kos pirmosios knygos \u201eKaip sutarti su moterimis\u201c s\u0117km\u0117s \u012f Ron\u0105 Louis\u0105 ir David\u0105 Copeland\u0105 kreip\u0117si daug moter\u0173, kurios tur\u0117jo sunkum\u0173 ir","robots":{"index":"index","follow":"follow","max-snippet":"max-snippet:-1","max-image-preview":"max-image-preview:large","max-video-preview":"max-video-preview:-1"},"canonical":"https:\/\/skaitytaknyga.lt\/en\/produktas\/kaip-sutarti-su-vyrais\/","og_locale":"en_GB","og_type":"article","og_title":"[:lt]Kaip sutarti su vyrais[:] - Skaitytaknyga","og_description":"Po mil\u017eini\u0161kos pirmosios knygos \u201eKaip sutarti su moterimis\u201c s\u0117km\u0117s \u012f Ron\u0105 Louis\u0105 ir David\u0105 Copeland\u0105 kreip\u0117si daug moter\u0173, kurios tur\u0117jo sunkum\u0173 ir","og_url":"https:\/\/skaitytaknyga.lt\/en\/produktas\/kaip-sutarti-su-vyrais\/","og_site_name":"Skaitytaknyga","article_publisher":"https:\/\/www.facebook.com\/skaitytaknyga\/","article_modified_time":"2024-12-07T15:00:13+00:00","og_image":[{"width":358,"height":521,"url":"https:\/\/skaitytaknyga.lt\/wp-content\/uploads\/2024\/12\/Kaip-sutarti-su-vyrais.webp","type":"image\/webp"}],"twitter_card":"summary_large_image","twitter_misc":{"Estimated reading time":"1 minute"},"schema":{"@context":"https:\/\/schema.org","@graph":[{"@type":"WebPage","@id":"https:\/\/skaitytaknyga.lt\/produktas\/kaip-sutarti-su-vyrais\/","url":"https:\/\/skaitytaknyga.lt\/produktas\/kaip-sutarti-su-vyrais\/","name":"Kaip sutarti su vyrais","isPartOf":{"@id":"https:\/\/skaitytaknyga.lt\/#website"},"primaryImageOfPage":{"@id":"https:\/\/skaitytaknyga.lt\/produktas\/kaip-sutarti-su-vyrais\/#primaryimage"},"image":{"@id":"https:\/\/skaitytaknyga.lt\/produktas\/kaip-sutarti-su-vyrais\/#primaryimage"},"thumbnailUrl":"https:\/\/skaitytaknyga.lt\/wp-content\/uploads\/2024\/12\/Kaip-sutarti-su-vyrais.webp","datePublished":"2024-12-01T14:56:41+00:00","dateModified":"2024-12-07T15:00:13+00:00","description":"Po mil\u017eini\u0161kos pirmosios knygos \u201eKaip sutarti su moterimis\u201c s\u0117km\u0117s \u012f Ron\u0105 Louis\u0105 ir David\u0105 Copeland\u0105 kreip\u0117si daug moter\u0173, kurios tur\u0117jo sunkum\u0173 ir","breadcrumb":{"@id":"https:\/\/skaitytaknyga.lt\/produktas\/kaip-sutarti-su-vyrais\/#breadcrumb"},"inLanguage":"en-GB","potentialAction":[{"@type":"ReadAction","target":["https:\/\/skaitytaknyga.lt\/produktas\/kaip-sutarti-su-vyrais\/"]}]},{"@type":"ImageObject","inLanguage":"en-GB","@id":"https:\/\/skaitytaknyga.lt\/produktas\/kaip-sutarti-su-vyrais\/#primaryimage","url":"https:\/\/skaitytaknyga.lt\/wp-content\/uploads\/2024\/12\/Kaip-sutarti-su-vyrais.webp","contentUrl":"https:\/\/skaitytaknyga.lt\/wp-content\/uploads\/2024\/12\/Kaip-sutarti-su-vyrais.webp","width":358,"height":521,"caption":"Kaip sutarti su vyrais"},{"@type":"BreadcrumbList","@id":"https:\/\/skaitytaknyga.lt\/produktas\/kaip-sutarti-su-vyrais\/#breadcrumb","itemListElement":[{"@type":"ListItem","position":1,"name":"Home","item":"https:\/\/skaitytaknyga.lt\/"},{"@type":"ListItem","position":2,"name":"Parduotuv\u0117","item":"https:\/\/skaitytaknyga.lt\/knygu-parduotuve\/"},{"@type":"ListItem","position":3,"name":"Kaip sutarti su vyrais"}]},{"@type":"WebSite","@id":"https:\/\/skaitytaknyga.lt\/#website","url":"https:\/\/skaitytaknyga.lt\/","name":"skaitytaknyga.lt","description":"Skaitytaknyga.lt \u2013 tai ma\u017eas \u0161eimos verslas, kuris prasid\u0117jo nuo meil\u0117s knygoms ir siekio i\u0161gelb\u0117ti knygas nuo likimo prie konteinerio. Kas vienam nereikalingas daiktas \u2013 kitam lobis, o mes esame tarpininkai, kurie padeda abiems tapti laimingesniems ???? \u017dinome kaip nelengva i\u0161gyventi ma\u017eiems verslams, tad nuo \u0161iol, \u010dia rasite ir kit\u0173, ma\u017e\u0173 \u0161eim\u0173 versl\u0173, rank\u0173 darbo, dovan\u0173 sau ir artimiesiems.","publisher":{"@id":"https:\/\/skaitytaknyga.lt\/#organization"},"potentialAction":[{"@type":"SearchAction","target":{"@type":"EntryPoint","urlTemplate":"https:\/\/skaitytaknyga.lt\/?s={search_term_string}"},"query-input":{"@type":"PropertyValueSpecification","valueRequired":true,"valueName":"search_term_string"}}],"inLanguage":"en-GB"},{"@type":"Organization","@id":"https:\/\/skaitytaknyga.lt\/#organization","name":"skaitytaknyga.lt","url":"https:\/\/skaitytaknyga.lt\/","logo":{"@type":"ImageObject","inLanguage":"en-GB","@id":"https:\/\/skaitytaknyga.lt\/#\/schema\/logo\/image\/","url":"https:\/\/skaitytaknyga.lt\/wp-content\/uploads\/2024\/05\/cropped-cropped-cropped-02_00843_jt3bggkj1j3HLc7SyY6rEUpg.jpeg","contentUrl":"https:\/\/skaitytaknyga.lt\/wp-content\/uploads\/2024\/05\/cropped-cropped-cropped-02_00843_jt3bggkj1j3HLc7SyY6rEUpg.jpeg","width":1600,"height":1600,"caption":"skaitytaknyga.lt"},"image":{"@id":"https:\/\/skaitytaknyga.lt\/#\/schema\/logo\/image\/"},"sameAs":["https:\/\/www.facebook.com\/skaitytaknyga\/"]}]}},"_links":{"self":[{"href":"https:\/\/skaitytaknyga.lt\/en\/wp-json\/wp\/v2\/product\/15075","targetHints":{"allow":["GET"]}}],"collection":[{"href":"https:\/\/skaitytaknyga.lt\/en\/wp-json\/wp\/v2\/product"}],"about":[{"href":"https:\/\/skaitytaknyga.lt\/en\/wp-json\/wp\/v2\/types\/product"}],"replies":[{"embeddable":true,"href":"https:\/\/skaitytaknyga.lt\/en\/wp-json\/wp\/v2\/comments?post=15075"}],"wp:featuredmedia":[{"embeddable":true,"href":"https:\/\/skaitytaknyga.lt\/en\/wp-json\/wp\/v2\/media\/15124"}],"wp:attachment":[{"href":"https:\/\/skaitytaknyga.lt\/en\/wp-json\/wp\/v2\/media?parent=15075"}],"wp:term":[{"taxonomy":"product_brand","embeddable":true,"href":"https:\/\/skaitytaknyga.lt\/en\/wp-json\/wp\/v2\/product_brand?post=15075"},{"taxonomy":"product_cat","embeddable":true,"href":"https:\/\/skaitytaknyga.lt\/en\/wp-json\/wp\/v2\/product_cat?post=15075"},{"taxonomy":"product_tag","embeddable":true,"href":"https:\/\/skaitytaknyga.lt\/en\/wp-json\/wp\/v2\/product_tag?post=15075"}],"curies":[{"name":"wp","href":"https:\/\/api.w.org\/{rel}","templated":true}]}}