{"id":15065,"date":"2024-11-29T20:37:31","date_gmt":"2024-11-29T18:37:31","guid":{"rendered":"https:\/\/skaitytaknyga.lt\/?post_type=product&#038;p=15065"},"modified":"2025-03-18T08:43:28","modified_gmt":"2025-03-18T06:43:28","slug":"praejusio-tukstantmecio-izymybes","status":"publish","type":"product","link":"https:\/\/skaitytaknyga.lt\/en\/produktas\/praejusio-tukstantmecio-izymybes\/","title":{"rendered":"Pra\u0117jusio t\u016bkstantme\u010dio \u012f\u017eymyb\u0117s"},"content":{"rendered":"<p>\u0160ioje knygoje stilingai, informatyviai apra\u0161ytos \u0161lovingos ir li\u016bdnai pagars\u0117jusios asmenyb\u0117s, j\u0173 darbai ir p\u0117dsakas, paliktas pasaulio istorijoje. \u201ePra\u0117jusio t\u016bkstantme\u010dio \u012f\u017eymyb\u0117s\u201c &#8211; tai ne tik trumpos biografijos, bet ir \u012fdomios arba juokingos smulkmenos apie nepaprastus \u017emones, puik\u016bs pie\u0161iniai ir \u012fsp\u016bdingos nuotraukos. \u0160i knyga &#8211; i\u0161samus \u017einynas apie did\u017eius, talentingus, kartais blogus, bet vis tiek garsius \u017emones: valdovus, i\u0161rad\u0117jus ir mokslininkus, reformatorius ir politikus, ra\u0161ytojus, aktorius ir dainininkus, filosofus ir sportininkus, dailininkus, kompozitorius, muzikantus ir \u0161ok\u0117jus, nuotyki\u0173 ie\u0161kotojus ir nusikalt\u0117lius. J\u0105 smagu skaityti visai \u0161eimai.<\/p>\n<ul class=\"about-product d-none d-xl-block mt-4\">\n<li><strong>Leid\u0117jas:<\/strong>\u00a0Akt\u0117ja<\/li>\n<li><strong>Metai:<\/strong>\u00a02005<\/li>\n<li><strong>Puslapiai:<\/strong>\u00a0256<\/li>\n<li class=\"toggleable type-new-formats \"><strong>ISBN:<\/strong>\u00a09789955529675<\/li>\n<li><strong>Versijos kodas:<\/strong>\u00a0PT.<\/li>\n<li class=\"toggleable type-new-formats \"><strong>Formatas:<\/strong>\u00a023 x 29 cm, kieti vir\u0161eliai<\/li>\n<li><strong>Kalba:<\/strong>\u00a0Lietuvi\u0173<\/li>\n<\/ul>\n","protected":false},"excerpt":{"rendered":"<p>\u0160ioje knygoje stilingai, informatyviai apra\u0161ytos \u0161lovingos ir li\u016bdnai pagars\u0117jusios asmenyb\u0117s, j\u0173 darbai ir p\u0117dsakas, paliktas pasaulio istorijoje. \u201ePra\u0117jusio t\u016bkstantme\u010dio \u012f\u017eymyb\u0117s\u201c &#8211; tai ne tik trumpos biografijos, bet ir \u012fdomios arba juokingos smulkmenos apie nepaprastus \u017emones, puik\u016bs pie\u0161iniai ir \u012fsp\u016bdingos nuotraukos. \u0160i knyga &#8211; i\u0161samus \u017einynas apie did\u017eius, talentingus, kartais blogus, bet vis tiek garsius \u017emones: valdovus, i\u0161rad\u0117jus ir mokslininkus, reformatorius ir politikus, ra\u0161ytojus, aktorius ir dainininkus, filosofus ir sportininkus, dailininkus, kompozitorius, muzikantus ir \u0161ok\u0117jus, nuotyki\u0173 ie\u0161kotojus ir nusikalt\u0117lius. J\u0105 smagu skaityti visai \u0161eimai. Leid\u0117jas:\u00a0Akt\u0117ja Metai:\u00a02005 Puslapiai:\u00a0256 ISBN:\u00a09789955529675 Versijos kodas:\u00a0PT. Formatas:\u00a023 x 29 cm, kieti vir\u0161eliai Kalba:\u00a0Lietuvi\u0173<\/p>\n","protected":false},"featured_media":15179,"comment_status":"open","ping_status":"closed","template":"","meta":{"_acf_changed":false,"site-sidebar-layout":"default","site-content-layout":"","ast-site-content-layout":"default","site-content-style":"default","site-sidebar-style":"default","ast-global-header-display":"","ast-banner-title-visibility":"","ast-main-header-display":"","ast-hfb-above-header-display":"","ast-hfb-below-header-display":"","ast-hfb-mobile-header-display":"","site-post-title":"","ast-breadcrumbs-content":"","ast-featured-img":"","footer-sml-layout":"","ast-disable-related-posts":"","theme-transparent-header-meta":"default","adv-header-id-meta":"","stick-header-meta":"","header-above-stick-meta":"","header-main-stick-meta":"","header-below-stick-meta":"","astra-migrate-meta-layouts":"set","ast-page-background-enabled":"default","ast-page-background-meta":{"desktop":{"background-color":"","background-image":"","background-repeat":"repeat","background-position":"center center","background-size":"auto","background-attachment":"scroll","background-type":"","background-media":"","overlay-type":"","overlay-color":"","overlay-opacity":"","overlay-gradient":""},"tablet":{"background-color":"","background-image":"","background-repeat":"repeat","background-position":"center center","background-size":"auto","background-attachment":"scroll","background-type":"","background-media":"","overlay-type":"","overlay-color":"","overlay-opacity":"","overlay-gradient":""},"mobile":{"background-color":"","background-image":"","background-repeat":"repeat","background-position":"center center","background-size":"auto","background-attachment":"scroll","background-type":"","background-media":"","overlay-type":"","overlay-color":"","overlay-opacity":"","overlay-gradient":""}},"ast-content-background-meta":{"desktop":{"background-color":"var(--ast-global-color-4)","background-image":"","background-repeat":"repeat","background-position":"center center","background-size":"auto","background-attachment":"scroll","background-type":"","background-media":"","overlay-type":"","overlay-color":"","overlay-opacity":"","overlay-gradient":""},"tablet":{"background-color":"var(--ast-global-color-4)","background-image":"","background-repeat":"repeat","background-position":"center center","background-size":"auto","background-attachment":"scroll","background-type":"","background-media":"","overlay-type":"","overlay-color":"","overlay-opacity":"","overlay-gradient":""},"mobile":{"background-color":"var(--ast-global-color-4)","background-image":"","background-repeat":"repeat","background-position":"center center","background-size":"auto","background-attachment":"scroll","background-type":"","background-media":"","overlay-type":"","overlay-color":"","overlay-opacity":"","overlay-gradient":""}}},"product_brand":[],"product_cat":[33,15],"product_tag":[],"class_list":{"0":"post-15065","1":"product","2":"type-product","3":"status-publish","4":"has-post-thumbnail","6":"product_cat-biografijos","7":"product_cat-uncategorized","8":"desktop-align-left","9":"tablet-align-left","10":"mobile-align-left","12":"first","13":"outofstock","14":"shipping-taxable","15":"purchasable","16":"product-type-simple"},"acf":[],"yoast_head":"<!-- This site is optimized with the Yoast SEO plugin v27.0 - https:\/\/yoast.com\/product\/yoast-seo-wordpress\/ -->\n<title>Pra\u0117jusio t\u016bkstantme\u010dio \u012f\u017eymyb\u0117s<\/title>\n<meta name=\"description\" content=\"\u0160ioje knygoje stilingai, informatyviai apra\u0161ytos \u0161lovingos ir li\u016bdnai pagars\u0117jusios asmenyb\u0117s, j\u0173 darbai ir p\u0117dsakas, paliktas pasaulio istorijoje.\" \/>\n<meta name=\"robots\" content=\"index, follow, max-snippet:-1, max-image-preview:large, max-video-preview:-1\" \/>\n<link rel=\"canonical\" href=\"https:\/\/skaitytaknyga.lt\/en\/produktas\/praejusio-tukstantmecio-izymybes\/\" \/>\n<meta property=\"og:locale\" content=\"en_GB\" \/>\n<meta property=\"og:locale:alternate\" content=\"lt_LT\" \/>\n<meta property=\"og:type\" content=\"article\" \/>\n<meta property=\"og:title\" content=\"Pra\u0117jusio t\u016bkstantme\u010dio \u012f\u017eymyb\u0117s\" \/>\n<meta property=\"og:description\" content=\"\u0160ioje knygoje stilingai, informatyviai apra\u0161ytos \u0161lovingos ir li\u016bdnai pagars\u0117jusios asmenyb\u0117s, j\u0173 darbai ir p\u0117dsakas, paliktas pasaulio istorijoje.\" \/>\n<meta property=\"og:url\" content=\"https:\/\/skaitytaknyga.lt\/en\/produktas\/praejusio-tukstantmecio-izymybes\/\" \/>\n<meta property=\"og:site_name\" content=\"Skaitytaknyga\" \/>\n<meta property=\"article:publisher\" content=\"https:\/\/www.facebook.com\/skaitytaknyga\/\" \/>\n<meta property=\"article:modified_time\" content=\"2025-03-18T06:43:28+00:00\" \/>\n<meta property=\"og:image\" content=\"https:\/\/skaitytaknyga.lt\/wp-content\/uploads\/2024\/11\/Praejusio-tukstantmecio-izymybes.jpg\" \/>\n\t<meta property=\"og:image:width\" content=\"600\" \/>\n\t<meta property=\"og:image:height\" content=\"600\" \/>\n\t<meta property=\"og:image:type\" content=\"image\/jpeg\" \/>\n<meta name=\"twitter:card\" content=\"summary_large_image\" \/>\n<meta name=\"twitter:label1\" content=\"Estimated reading time\" \/>\n\t<meta name=\"twitter:data1\" content=\"1 minute\" \/>\n<script type=\"application\/ld+json\" class=\"yoast-schema-graph\">{\"@context\":\"https:\/\/schema.org\",\"@graph\":[{\"@type\":\"WebPage\",\"@id\":\"https:\/\/skaitytaknyga.lt\/produktas\/praejusio-tukstantmecio-izymybes\/\",\"url\":\"https:\/\/skaitytaknyga.lt\/produktas\/praejusio-tukstantmecio-izymybes\/\",\"name\":\"Pra\u0117jusio t\u016bkstantme\u010dio \u012f\u017eymyb\u0117s\",\"isPartOf\":{\"@id\":\"https:\/\/skaitytaknyga.lt\/#website\"},\"primaryImageOfPage\":{\"@id\":\"https:\/\/skaitytaknyga.lt\/produktas\/praejusio-tukstantmecio-izymybes\/#primaryimage\"},\"image\":{\"@id\":\"https:\/\/skaitytaknyga.lt\/produktas\/praejusio-tukstantmecio-izymybes\/#primaryimage\"},\"thumbnailUrl\":\"https:\/\/skaitytaknyga.lt\/wp-content\/uploads\/2024\/11\/Praejusio-tukstantmecio-izymybes.jpg\",\"datePublished\":\"2024-11-29T18:37:31+00:00\",\"dateModified\":\"2025-03-18T06:43:28+00:00\",\"description\":\"\u0160ioje knygoje stilingai, informatyviai apra\u0161ytos \u0161lovingos ir li\u016bdnai pagars\u0117jusios asmenyb\u0117s, j\u0173 darbai ir p\u0117dsakas, paliktas pasaulio istorijoje.\",\"breadcrumb\":{\"@id\":\"https:\/\/skaitytaknyga.lt\/produktas\/praejusio-tukstantmecio-izymybes\/#breadcrumb\"},\"inLanguage\":\"en-GB\",\"potentialAction\":[{\"@type\":\"ReadAction\",\"target\":[\"https:\/\/skaitytaknyga.lt\/produktas\/praejusio-tukstantmecio-izymybes\/\"]}]},{\"@type\":\"ImageObject\",\"inLanguage\":\"en-GB\",\"@id\":\"https:\/\/skaitytaknyga.lt\/produktas\/praejusio-tukstantmecio-izymybes\/#primaryimage\",\"url\":\"https:\/\/skaitytaknyga.lt\/wp-content\/uploads\/2024\/11\/Praejusio-tukstantmecio-izymybes.jpg\",\"contentUrl\":\"https:\/\/skaitytaknyga.lt\/wp-content\/uploads\/2024\/11\/Praejusio-tukstantmecio-izymybes.jpg\",\"width\":600,\"height\":600,\"caption\":\"Pra\u0117jusio t\u016bkstantme\u010dio \u012f\u017eymyb\u0117s\"},{\"@type\":\"BreadcrumbList\",\"@id\":\"https:\/\/skaitytaknyga.lt\/produktas\/praejusio-tukstantmecio-izymybes\/#breadcrumb\",\"itemListElement\":[{\"@type\":\"ListItem\",\"position\":1,\"name\":\"Home\",\"item\":\"https:\/\/skaitytaknyga.lt\/\"},{\"@type\":\"ListItem\",\"position\":2,\"name\":\"Parduotuv\u0117\",\"item\":\"https:\/\/skaitytaknyga.lt\/knygu-parduotuve\/\"},{\"@type\":\"ListItem\",\"position\":3,\"name\":\"Pra\u0117jusio t\u016bkstantme\u010dio \u012f\u017eymyb\u0117s\"}]},{\"@type\":\"WebSite\",\"@id\":\"https:\/\/skaitytaknyga.lt\/#website\",\"url\":\"https:\/\/skaitytaknyga.lt\/\",\"name\":\"skaitytaknyga.lt\",\"description\":\"Skaitytaknyga.lt \u2013 tai ma\u017eas \u0161eimos verslas, kuris prasid\u0117jo nuo meil\u0117s knygoms ir siekio i\u0161gelb\u0117ti knygas nuo likimo prie konteinerio. Kas vienam nereikalingas daiktas \u2013 kitam lobis, o mes esame tarpininkai, kurie padeda abiems tapti laimingesniems ???? \u017dinome kaip nelengva i\u0161gyventi ma\u017eiems verslams, tad nuo \u0161iol, \u010dia rasite ir kit\u0173, ma\u017e\u0173 \u0161eim\u0173 versl\u0173, rank\u0173 darbo, dovan\u0173 sau ir artimiesiems.\",\"publisher\":{\"@id\":\"https:\/\/skaitytaknyga.lt\/#organization\"},\"potentialAction\":[{\"@type\":\"SearchAction\",\"target\":{\"@type\":\"EntryPoint\",\"urlTemplate\":\"https:\/\/skaitytaknyga.lt\/?s={search_term_string}\"},\"query-input\":{\"@type\":\"PropertyValueSpecification\",\"valueRequired\":true,\"valueName\":\"search_term_string\"}}],\"inLanguage\":\"en-GB\"},{\"@type\":\"Organization\",\"@id\":\"https:\/\/skaitytaknyga.lt\/#organization\",\"name\":\"skaitytaknyga.lt\",\"url\":\"https:\/\/skaitytaknyga.lt\/\",\"logo\":{\"@type\":\"ImageObject\",\"inLanguage\":\"en-GB\",\"@id\":\"https:\/\/skaitytaknyga.lt\/#\/schema\/logo\/image\/\",\"url\":\"https:\/\/skaitytaknyga.lt\/wp-content\/uploads\/2024\/05\/cropped-cropped-cropped-02_00843_jt3bggkj1j3HLc7SyY6rEUpg.jpeg\",\"contentUrl\":\"https:\/\/skaitytaknyga.lt\/wp-content\/uploads\/2024\/05\/cropped-cropped-cropped-02_00843_jt3bggkj1j3HLc7SyY6rEUpg.jpeg\",\"width\":1600,\"height\":1600,\"caption\":\"skaitytaknyga.lt\"},\"image\":{\"@id\":\"https:\/\/skaitytaknyga.lt\/#\/schema\/logo\/image\/\"},\"sameAs\":[\"https:\/\/www.facebook.com\/skaitytaknyga\/\"]}]}<\/script>\n<!-- \/ Yoast SEO plugin. -->","yoast_head_json":{"title":"Pra\u0117jusio t\u016bkstantme\u010dio \u012f\u017eymyb\u0117s","description":"\u0160ioje knygoje stilingai, informatyviai apra\u0161ytos \u0161lovingos ir li\u016bdnai pagars\u0117jusios asmenyb\u0117s, j\u0173 darbai ir p\u0117dsakas, paliktas pasaulio istorijoje.","robots":{"index":"index","follow":"follow","max-snippet":"max-snippet:-1","max-image-preview":"max-image-preview:large","max-video-preview":"max-video-preview:-1"},"canonical":"https:\/\/skaitytaknyga.lt\/en\/produktas\/praejusio-tukstantmecio-izymybes\/","og_locale":"en_GB","og_type":"article","og_title":"[:lt]Pra\u0117jusio t\u016bkstantme\u010dio \u012f\u017eymyb\u0117s[:] - Skaitytaknyga","og_description":"\u0160ioje knygoje stilingai, informatyviai apra\u0161ytos \u0161lovingos ir li\u016bdnai pagars\u0117jusios asmenyb\u0117s, j\u0173 darbai ir p\u0117dsakas, paliktas pasaulio istorijoje.","og_url":"https:\/\/skaitytaknyga.lt\/en\/produktas\/praejusio-tukstantmecio-izymybes\/","og_site_name":"Skaitytaknyga","article_publisher":"https:\/\/www.facebook.com\/skaitytaknyga\/","article_modified_time":"2025-03-18T06:43:28+00:00","og_image":[{"width":600,"height":600,"url":"https:\/\/skaitytaknyga.lt\/wp-content\/uploads\/2024\/11\/Praejusio-tukstantmecio-izymybes.jpg","type":"image\/jpeg"}],"twitter_card":"summary_large_image","twitter_misc":{"Estimated reading time":"1 minute"},"schema":{"@context":"https:\/\/schema.org","@graph":[{"@type":"WebPage","@id":"https:\/\/skaitytaknyga.lt\/produktas\/praejusio-tukstantmecio-izymybes\/","url":"https:\/\/skaitytaknyga.lt\/produktas\/praejusio-tukstantmecio-izymybes\/","name":"Pra\u0117jusio t\u016bkstantme\u010dio \u012f\u017eymyb\u0117s","isPartOf":{"@id":"https:\/\/skaitytaknyga.lt\/#website"},"primaryImageOfPage":{"@id":"https:\/\/skaitytaknyga.lt\/produktas\/praejusio-tukstantmecio-izymybes\/#primaryimage"},"image":{"@id":"https:\/\/skaitytaknyga.lt\/produktas\/praejusio-tukstantmecio-izymybes\/#primaryimage"},"thumbnailUrl":"https:\/\/skaitytaknyga.lt\/wp-content\/uploads\/2024\/11\/Praejusio-tukstantmecio-izymybes.jpg","datePublished":"2024-11-29T18:37:31+00:00","dateModified":"2025-03-18T06:43:28+00:00","description":"\u0160ioje knygoje stilingai, informatyviai apra\u0161ytos \u0161lovingos ir li\u016bdnai pagars\u0117jusios asmenyb\u0117s, j\u0173 darbai ir p\u0117dsakas, paliktas pasaulio istorijoje.","breadcrumb":{"@id":"https:\/\/skaitytaknyga.lt\/produktas\/praejusio-tukstantmecio-izymybes\/#breadcrumb"},"inLanguage":"en-GB","potentialAction":[{"@type":"ReadAction","target":["https:\/\/skaitytaknyga.lt\/produktas\/praejusio-tukstantmecio-izymybes\/"]}]},{"@type":"ImageObject","inLanguage":"en-GB","@id":"https:\/\/skaitytaknyga.lt\/produktas\/praejusio-tukstantmecio-izymybes\/#primaryimage","url":"https:\/\/skaitytaknyga.lt\/wp-content\/uploads\/2024\/11\/Praejusio-tukstantmecio-izymybes.jpg","contentUrl":"https:\/\/skaitytaknyga.lt\/wp-content\/uploads\/2024\/11\/Praejusio-tukstantmecio-izymybes.jpg","width":600,"height":600,"caption":"Pra\u0117jusio t\u016bkstantme\u010dio \u012f\u017eymyb\u0117s"},{"@type":"BreadcrumbList","@id":"https:\/\/skaitytaknyga.lt\/produktas\/praejusio-tukstantmecio-izymybes\/#breadcrumb","itemListElement":[{"@type":"ListItem","position":1,"name":"Home","item":"https:\/\/skaitytaknyga.lt\/"},{"@type":"ListItem","position":2,"name":"Parduotuv\u0117","item":"https:\/\/skaitytaknyga.lt\/knygu-parduotuve\/"},{"@type":"ListItem","position":3,"name":"Pra\u0117jusio t\u016bkstantme\u010dio \u012f\u017eymyb\u0117s"}]},{"@type":"WebSite","@id":"https:\/\/skaitytaknyga.lt\/#website","url":"https:\/\/skaitytaknyga.lt\/","name":"skaitytaknyga.lt","description":"Skaitytaknyga.lt \u2013 tai ma\u017eas \u0161eimos verslas, kuris prasid\u0117jo nuo meil\u0117s knygoms ir siekio i\u0161gelb\u0117ti knygas nuo likimo prie konteinerio. Kas vienam nereikalingas daiktas \u2013 kitam lobis, o mes esame tarpininkai, kurie padeda abiems tapti laimingesniems ???? \u017dinome kaip nelengva i\u0161gyventi ma\u017eiems verslams, tad nuo \u0161iol, \u010dia rasite ir kit\u0173, ma\u017e\u0173 \u0161eim\u0173 versl\u0173, rank\u0173 darbo, dovan\u0173 sau ir artimiesiems.","publisher":{"@id":"https:\/\/skaitytaknyga.lt\/#organization"},"potentialAction":[{"@type":"SearchAction","target":{"@type":"EntryPoint","urlTemplate":"https:\/\/skaitytaknyga.lt\/?s={search_term_string}"},"query-input":{"@type":"PropertyValueSpecification","valueRequired":true,"valueName":"search_term_string"}}],"inLanguage":"en-GB"},{"@type":"Organization","@id":"https:\/\/skaitytaknyga.lt\/#organization","name":"skaitytaknyga.lt","url":"https:\/\/skaitytaknyga.lt\/","logo":{"@type":"ImageObject","inLanguage":"en-GB","@id":"https:\/\/skaitytaknyga.lt\/#\/schema\/logo\/image\/","url":"https:\/\/skaitytaknyga.lt\/wp-content\/uploads\/2024\/05\/cropped-cropped-cropped-02_00843_jt3bggkj1j3HLc7SyY6rEUpg.jpeg","contentUrl":"https:\/\/skaitytaknyga.lt\/wp-content\/uploads\/2024\/05\/cropped-cropped-cropped-02_00843_jt3bggkj1j3HLc7SyY6rEUpg.jpeg","width":1600,"height":1600,"caption":"skaitytaknyga.lt"},"image":{"@id":"https:\/\/skaitytaknyga.lt\/#\/schema\/logo\/image\/"},"sameAs":["https:\/\/www.facebook.com\/skaitytaknyga\/"]}]}},"_links":{"self":[{"href":"https:\/\/skaitytaknyga.lt\/en\/wp-json\/wp\/v2\/product\/15065","targetHints":{"allow":["GET"]}}],"collection":[{"href":"https:\/\/skaitytaknyga.lt\/en\/wp-json\/wp\/v2\/product"}],"about":[{"href":"https:\/\/skaitytaknyga.lt\/en\/wp-json\/wp\/v2\/types\/product"}],"replies":[{"embeddable":true,"href":"https:\/\/skaitytaknyga.lt\/en\/wp-json\/wp\/v2\/comments?post=15065"}],"wp:featuredmedia":[{"embeddable":true,"href":"https:\/\/skaitytaknyga.lt\/en\/wp-json\/wp\/v2\/media\/15179"}],"wp:attachment":[{"href":"https:\/\/skaitytaknyga.lt\/en\/wp-json\/wp\/v2\/media?parent=15065"}],"wp:term":[{"taxonomy":"product_brand","embeddable":true,"href":"https:\/\/skaitytaknyga.lt\/en\/wp-json\/wp\/v2\/product_brand?post=15065"},{"taxonomy":"product_cat","embeddable":true,"href":"https:\/\/skaitytaknyga.lt\/en\/wp-json\/wp\/v2\/product_cat?post=15065"},{"taxonomy":"product_tag","embeddable":true,"href":"https:\/\/skaitytaknyga.lt\/en\/wp-json\/wp\/v2\/product_tag?post=15065"}],"curies":[{"name":"wp","href":"https:\/\/api.w.org\/{rel}","templated":true}]}}