{"id":15063,"date":"2024-11-29T20:37:30","date_gmt":"2024-11-29T18:37:30","guid":{"rendered":"https:\/\/skaitytaknyga.lt\/?post_type=product&#038;p=15063"},"modified":"2025-05-24T21:09:40","modified_gmt":"2025-05-24T18:09:40","slug":"talismanai-ir-amuletai","status":"publish","type":"product","link":"https:\/\/skaitytaknyga.lt\/en\/produktas\/talismanai-ir-amuletai\/","title":{"rendered":"Talismanai ir amuletai"},"content":{"rendered":"<p>Kok\u012f papuo\u0161al\u0105 ne\u0161iojate ant kaklo? Koks daik\u010diukas kabo j\u016bs\u0173 automobilio salone ant veidrod\u0117lio? Kokius mielus nieku\u010dius m\u0117gstate laikyti ant ra\u0161omojo stalo? Nors mes j\u0173 tarsi nepastebime, amuletai ir talismanai lydi mus per vis\u0105 gyvenim\u0105 kiekviename \u017eingsnyje. Knygos autor\u0117 Maria Leondin supa\u017eindina su \u012fvairiais amuletais ir talismanais, j\u0173 magi\u0161kuoju poveikiu, pataria, kokiais atvejais jie gal\u0117t\u0173 mums pagelb\u0117ti ir kaip patiems pasidaryti veiksming\u0173 laim\u0117s ir s\u0117km\u0117s simboli\u0173. J\u016bs\u0173 d\u0117mes\u012f \u0161ioje knygoje patrauks daugyb\u0117 spalvot\u0173 fotografij\u0173. Juk taip paprasta &#8211; pasir\u016bpinti tinkama globa ir pagalba!<\/p>\n","protected":false},"excerpt":{"rendered":"<p>Kok\u012f papuo\u0161al\u0105 ne\u0161iojate ant kaklo? Koks daik\u010diukas kabo j\u016bs\u0173 automobilio salone ant veidrod\u0117lio? Kokius mielus nieku\u010dius m\u0117gstate laikyti ant ra\u0161omojo stalo? Nors mes j\u0173 tarsi nepastebime, amuletai ir talismanai lydi mus per vis\u0105 gyvenim\u0105 kiekviename \u017eingsnyje. Knygos autor\u0117 Maria Leondin supa\u017eindina su \u012fvairiais amuletais ir talismanais, j\u0173 magi\u0161kuoju poveikiu, pataria, kokiais atvejais jie gal\u0117t\u0173 mums pagelb\u0117ti ir kaip patiems pasidaryti veiksming\u0173 laim\u0117s ir s\u0117km\u0117s simboli\u0173. J\u016bs\u0173 d\u0117mes\u012f \u0161ioje knygoje patrauks daugyb\u0117 spalvot\u0173 fotografij\u0173. Juk taip paprasta &#8211; pasir\u016bpinti tinkama globa ir pagalba!<\/p>\n","protected":false},"featured_media":15118,"comment_status":"open","ping_status":"closed","template":"","meta":{"_acf_changed":false,"site-sidebar-layout":"default","site-content-layout":"","ast-site-content-layout":"default","site-content-style":"default","site-sidebar-style":"default","ast-global-header-display":"","ast-banner-title-visibility":"","ast-main-header-display":"","ast-hfb-above-header-display":"","ast-hfb-below-header-display":"","ast-hfb-mobile-header-display":"","site-post-title":"","ast-breadcrumbs-content":"","ast-featured-img":"","footer-sml-layout":"","ast-disable-related-posts":"","theme-transparent-header-meta":"default","adv-header-id-meta":"","stick-header-meta":"","header-above-stick-meta":"","header-main-stick-meta":"","header-below-stick-meta":"","astra-migrate-meta-layouts":"set","ast-page-background-enabled":"default","ast-page-background-meta":{"desktop":{"background-color":"","background-image":"","background-repeat":"repeat","background-position":"center center","background-size":"auto","background-attachment":"scroll","background-type":"","background-media":"","overlay-type":"","overlay-color":"","overlay-opacity":"","overlay-gradient":""},"tablet":{"background-color":"","background-image":"","background-repeat":"repeat","background-position":"center center","background-size":"auto","background-attachment":"scroll","background-type":"","background-media":"","overlay-type":"","overlay-color":"","overlay-opacity":"","overlay-gradient":""},"mobile":{"background-color":"","background-image":"","background-repeat":"repeat","background-position":"center center","background-size":"auto","background-attachment":"scroll","background-type":"","background-media":"","overlay-type":"","overlay-color":"","overlay-opacity":"","overlay-gradient":""}},"ast-content-background-meta":{"desktop":{"background-color":"var(--ast-global-color-4)","background-image":"","background-repeat":"repeat","background-position":"center center","background-size":"auto","background-attachment":"scroll","background-type":"","background-media":"","overlay-type":"","overlay-color":"","overlay-opacity":"","overlay-gradient":""},"tablet":{"background-color":"var(--ast-global-color-4)","background-image":"","background-repeat":"repeat","background-position":"center center","background-size":"auto","background-attachment":"scroll","background-type":"","background-media":"","overlay-type":"","overlay-color":"","overlay-opacity":"","overlay-gradient":""},"mobile":{"background-color":"var(--ast-global-color-4)","background-image":"","background-repeat":"repeat","background-position":"center center","background-size":"auto","background-attachment":"scroll","background-type":"","background-media":"","overlay-type":"","overlay-color":"","overlay-opacity":"","overlay-gradient":""}}},"product_brand":[],"product_cat":[15,165],"product_tag":[4375,2323,1970,1755,4373,2411,4374],"class_list":{"0":"post-15063","1":"product","2":"type-product","3":"status-publish","4":"has-post-thumbnail","6":"product_cat-uncategorized","7":"product_cat-religija-filosofija-ir-ezoterika","8":"product_tag-amuletai","9":"product_tag-ezoterika","10":"product_tag-laime","11":"product_tag-magija","12":"product_tag-maria-leondin","13":"product_tag-sekme","14":"product_tag-talismanai","15":"desktop-align-left","16":"tablet-align-left","17":"mobile-align-left","19":"first","20":"instock","21":"shipping-taxable","22":"purchasable","23":"product-type-simple"},"acf":[],"yoast_head":"<!-- This site is optimized with the Yoast SEO plugin v27.0 - https:\/\/yoast.com\/product\/yoast-seo-wordpress\/ -->\n<title>Talismanai ir amuletai<\/title>\n<meta name=\"description\" content=\"Kok\u012f papuo\u0161al\u0105 ne\u0161iojate ant kaklo? Koks daik\u010diukas kabo j\u016bs\u0173 automobilio salone ant veidrod\u0117lio? Kokius mielus nieku\u010dius m\u0117gstate laikyti ant ra\u0161omojo\" \/>\n<meta name=\"robots\" content=\"index, follow, max-snippet:-1, max-image-preview:large, max-video-preview:-1\" \/>\n<link rel=\"canonical\" href=\"https:\/\/skaitytaknyga.lt\/en\/produktas\/talismanai-ir-amuletai\/\" \/>\n<meta property=\"og:locale\" content=\"en_GB\" \/>\n<meta property=\"og:locale:alternate\" content=\"lt_LT\" \/>\n<meta property=\"og:type\" content=\"article\" \/>\n<meta property=\"og:title\" content=\"Talismanai ir amuletai\" \/>\n<meta property=\"og:description\" content=\"Kok\u012f papuo\u0161al\u0105 ne\u0161iojate ant kaklo? Koks daik\u010diukas kabo j\u016bs\u0173 automobilio salone ant veidrod\u0117lio? Kokius mielus nieku\u010dius m\u0117gstate laikyti ant ra\u0161omojo\" \/>\n<meta property=\"og:url\" content=\"https:\/\/skaitytaknyga.lt\/en\/produktas\/talismanai-ir-amuletai\/\" \/>\n<meta property=\"og:site_name\" content=\"Skaitytaknyga\" \/>\n<meta property=\"article:publisher\" content=\"https:\/\/www.facebook.com\/skaitytaknyga\/\" \/>\n<meta property=\"article:modified_time\" content=\"2025-05-24T18:09:40+00:00\" \/>\n<meta property=\"og:image\" content=\"https:\/\/skaitytaknyga.lt\/wp-content\/uploads\/2024\/11\/talismanai-ir-amuletai-e1733583017604.webp\" \/>\n\t<meta property=\"og:image:width\" content=\"362\" \/>\n\t<meta property=\"og:image:height\" content=\"516\" \/>\n\t<meta property=\"og:image:type\" content=\"image\/webp\" \/>\n<meta name=\"twitter:card\" content=\"summary_large_image\" \/>\n<meta name=\"twitter:label1\" content=\"Estimated reading time\" \/>\n\t<meta name=\"twitter:data1\" content=\"1 minute\" \/>\n<script type=\"application\/ld+json\" class=\"yoast-schema-graph\">{\"@context\":\"https:\/\/schema.org\",\"@graph\":[{\"@type\":\"WebPage\",\"@id\":\"https:\/\/skaitytaknyga.lt\/produktas\/talismanai-ir-amuletai\/\",\"url\":\"https:\/\/skaitytaknyga.lt\/produktas\/talismanai-ir-amuletai\/\",\"name\":\"Talismanai ir amuletai\",\"isPartOf\":{\"@id\":\"https:\/\/skaitytaknyga.lt\/#website\"},\"primaryImageOfPage\":{\"@id\":\"https:\/\/skaitytaknyga.lt\/produktas\/talismanai-ir-amuletai\/#primaryimage\"},\"image\":{\"@id\":\"https:\/\/skaitytaknyga.lt\/produktas\/talismanai-ir-amuletai\/#primaryimage\"},\"thumbnailUrl\":\"https:\/\/skaitytaknyga.lt\/wp-content\/uploads\/2024\/11\/talismanai-ir-amuletai-e1733583017604.webp\",\"datePublished\":\"2024-11-29T18:37:30+00:00\",\"dateModified\":\"2025-05-24T18:09:40+00:00\",\"description\":\"Kok\u012f papuo\u0161al\u0105 ne\u0161iojate ant kaklo? Koks daik\u010diukas kabo j\u016bs\u0173 automobilio salone ant veidrod\u0117lio? Kokius mielus nieku\u010dius m\u0117gstate laikyti ant ra\u0161omojo\",\"breadcrumb\":{\"@id\":\"https:\/\/skaitytaknyga.lt\/produktas\/talismanai-ir-amuletai\/#breadcrumb\"},\"inLanguage\":\"en-GB\",\"potentialAction\":[{\"@type\":\"ReadAction\",\"target\":[\"https:\/\/skaitytaknyga.lt\/produktas\/talismanai-ir-amuletai\/\"]}]},{\"@type\":\"ImageObject\",\"inLanguage\":\"en-GB\",\"@id\":\"https:\/\/skaitytaknyga.lt\/produktas\/talismanai-ir-amuletai\/#primaryimage\",\"url\":\"https:\/\/skaitytaknyga.lt\/wp-content\/uploads\/2024\/11\/talismanai-ir-amuletai-e1733583017604.webp\",\"contentUrl\":\"https:\/\/skaitytaknyga.lt\/wp-content\/uploads\/2024\/11\/talismanai-ir-amuletai-e1733583017604.webp\",\"width\":362,\"height\":516,\"caption\":\"talismanai ir amuletai\"},{\"@type\":\"BreadcrumbList\",\"@id\":\"https:\/\/skaitytaknyga.lt\/produktas\/talismanai-ir-amuletai\/#breadcrumb\",\"itemListElement\":[{\"@type\":\"ListItem\",\"position\":1,\"name\":\"Home\",\"item\":\"https:\/\/skaitytaknyga.lt\/\"},{\"@type\":\"ListItem\",\"position\":2,\"name\":\"Parduotuv\u0117\",\"item\":\"https:\/\/skaitytaknyga.lt\/knygu-parduotuve\/\"},{\"@type\":\"ListItem\",\"position\":3,\"name\":\"Talismanai ir amuletai\"}]},{\"@type\":\"WebSite\",\"@id\":\"https:\/\/skaitytaknyga.lt\/#website\",\"url\":\"https:\/\/skaitytaknyga.lt\/\",\"name\":\"skaitytaknyga.lt\",\"description\":\"Skaitytaknyga.lt \u2013 tai ma\u017eas \u0161eimos verslas, kuris prasid\u0117jo nuo meil\u0117s knygoms ir siekio i\u0161gelb\u0117ti knygas nuo likimo prie konteinerio. Kas vienam nereikalingas daiktas \u2013 kitam lobis, o mes esame tarpininkai, kurie padeda abiems tapti laimingesniems ???? \u017dinome kaip nelengva i\u0161gyventi ma\u017eiems verslams, tad nuo \u0161iol, \u010dia rasite ir kit\u0173, ma\u017e\u0173 \u0161eim\u0173 versl\u0173, rank\u0173 darbo, dovan\u0173 sau ir artimiesiems.\",\"publisher\":{\"@id\":\"https:\/\/skaitytaknyga.lt\/#organization\"},\"potentialAction\":[{\"@type\":\"SearchAction\",\"target\":{\"@type\":\"EntryPoint\",\"urlTemplate\":\"https:\/\/skaitytaknyga.lt\/?s={search_term_string}\"},\"query-input\":{\"@type\":\"PropertyValueSpecification\",\"valueRequired\":true,\"valueName\":\"search_term_string\"}}],\"inLanguage\":\"en-GB\"},{\"@type\":\"Organization\",\"@id\":\"https:\/\/skaitytaknyga.lt\/#organization\",\"name\":\"skaitytaknyga.lt\",\"url\":\"https:\/\/skaitytaknyga.lt\/\",\"logo\":{\"@type\":\"ImageObject\",\"inLanguage\":\"en-GB\",\"@id\":\"https:\/\/skaitytaknyga.lt\/#\/schema\/logo\/image\/\",\"url\":\"https:\/\/skaitytaknyga.lt\/wp-content\/uploads\/2024\/05\/cropped-cropped-cropped-02_00843_jt3bggkj1j3HLc7SyY6rEUpg.jpeg\",\"contentUrl\":\"https:\/\/skaitytaknyga.lt\/wp-content\/uploads\/2024\/05\/cropped-cropped-cropped-02_00843_jt3bggkj1j3HLc7SyY6rEUpg.jpeg\",\"width\":1600,\"height\":1600,\"caption\":\"skaitytaknyga.lt\"},\"image\":{\"@id\":\"https:\/\/skaitytaknyga.lt\/#\/schema\/logo\/image\/\"},\"sameAs\":[\"https:\/\/www.facebook.com\/skaitytaknyga\/\"]}]}<\/script>\n<!-- \/ Yoast SEO plugin. -->","yoast_head_json":{"title":"Talismanai ir amuletai","description":"Kok\u012f papuo\u0161al\u0105 ne\u0161iojate ant kaklo? Koks daik\u010diukas kabo j\u016bs\u0173 automobilio salone ant veidrod\u0117lio? Kokius mielus nieku\u010dius m\u0117gstate laikyti ant ra\u0161omojo","robots":{"index":"index","follow":"follow","max-snippet":"max-snippet:-1","max-image-preview":"max-image-preview:large","max-video-preview":"max-video-preview:-1"},"canonical":"https:\/\/skaitytaknyga.lt\/en\/produktas\/talismanai-ir-amuletai\/","og_locale":"en_GB","og_type":"article","og_title":"[:lt]Talismanai ir amuletai[:] - Skaitytaknyga","og_description":"Kok\u012f papuo\u0161al\u0105 ne\u0161iojate ant kaklo? Koks daik\u010diukas kabo j\u016bs\u0173 automobilio salone ant veidrod\u0117lio? Kokius mielus nieku\u010dius m\u0117gstate laikyti ant ra\u0161omojo","og_url":"https:\/\/skaitytaknyga.lt\/en\/produktas\/talismanai-ir-amuletai\/","og_site_name":"Skaitytaknyga","article_publisher":"https:\/\/www.facebook.com\/skaitytaknyga\/","article_modified_time":"2025-05-24T18:09:40+00:00","og_image":[{"width":362,"height":516,"url":"https:\/\/skaitytaknyga.lt\/wp-content\/uploads\/2024\/11\/talismanai-ir-amuletai-e1733583017604.webp","type":"image\/webp"}],"twitter_card":"summary_large_image","twitter_misc":{"Estimated reading time":"1 minute"},"schema":{"@context":"https:\/\/schema.org","@graph":[{"@type":"WebPage","@id":"https:\/\/skaitytaknyga.lt\/produktas\/talismanai-ir-amuletai\/","url":"https:\/\/skaitytaknyga.lt\/produktas\/talismanai-ir-amuletai\/","name":"Talismanai ir amuletai","isPartOf":{"@id":"https:\/\/skaitytaknyga.lt\/#website"},"primaryImageOfPage":{"@id":"https:\/\/skaitytaknyga.lt\/produktas\/talismanai-ir-amuletai\/#primaryimage"},"image":{"@id":"https:\/\/skaitytaknyga.lt\/produktas\/talismanai-ir-amuletai\/#primaryimage"},"thumbnailUrl":"https:\/\/skaitytaknyga.lt\/wp-content\/uploads\/2024\/11\/talismanai-ir-amuletai-e1733583017604.webp","datePublished":"2024-11-29T18:37:30+00:00","dateModified":"2025-05-24T18:09:40+00:00","description":"Kok\u012f papuo\u0161al\u0105 ne\u0161iojate ant kaklo? Koks daik\u010diukas kabo j\u016bs\u0173 automobilio salone ant veidrod\u0117lio? Kokius mielus nieku\u010dius m\u0117gstate laikyti ant ra\u0161omojo","breadcrumb":{"@id":"https:\/\/skaitytaknyga.lt\/produktas\/talismanai-ir-amuletai\/#breadcrumb"},"inLanguage":"en-GB","potentialAction":[{"@type":"ReadAction","target":["https:\/\/skaitytaknyga.lt\/produktas\/talismanai-ir-amuletai\/"]}]},{"@type":"ImageObject","inLanguage":"en-GB","@id":"https:\/\/skaitytaknyga.lt\/produktas\/talismanai-ir-amuletai\/#primaryimage","url":"https:\/\/skaitytaknyga.lt\/wp-content\/uploads\/2024\/11\/talismanai-ir-amuletai-e1733583017604.webp","contentUrl":"https:\/\/skaitytaknyga.lt\/wp-content\/uploads\/2024\/11\/talismanai-ir-amuletai-e1733583017604.webp","width":362,"height":516,"caption":"talismanai ir amuletai"},{"@type":"BreadcrumbList","@id":"https:\/\/skaitytaknyga.lt\/produktas\/talismanai-ir-amuletai\/#breadcrumb","itemListElement":[{"@type":"ListItem","position":1,"name":"Home","item":"https:\/\/skaitytaknyga.lt\/"},{"@type":"ListItem","position":2,"name":"Parduotuv\u0117","item":"https:\/\/skaitytaknyga.lt\/knygu-parduotuve\/"},{"@type":"ListItem","position":3,"name":"Talismanai ir amuletai"}]},{"@type":"WebSite","@id":"https:\/\/skaitytaknyga.lt\/#website","url":"https:\/\/skaitytaknyga.lt\/","name":"skaitytaknyga.lt","description":"Skaitytaknyga.lt \u2013 tai ma\u017eas \u0161eimos verslas, kuris prasid\u0117jo nuo meil\u0117s knygoms ir siekio i\u0161gelb\u0117ti knygas nuo likimo prie konteinerio. Kas vienam nereikalingas daiktas \u2013 kitam lobis, o mes esame tarpininkai, kurie padeda abiems tapti laimingesniems ???? \u017dinome kaip nelengva i\u0161gyventi ma\u017eiems verslams, tad nuo \u0161iol, \u010dia rasite ir kit\u0173, ma\u017e\u0173 \u0161eim\u0173 versl\u0173, rank\u0173 darbo, dovan\u0173 sau ir artimiesiems.","publisher":{"@id":"https:\/\/skaitytaknyga.lt\/#organization"},"potentialAction":[{"@type":"SearchAction","target":{"@type":"EntryPoint","urlTemplate":"https:\/\/skaitytaknyga.lt\/?s={search_term_string}"},"query-input":{"@type":"PropertyValueSpecification","valueRequired":true,"valueName":"search_term_string"}}],"inLanguage":"en-GB"},{"@type":"Organization","@id":"https:\/\/skaitytaknyga.lt\/#organization","name":"skaitytaknyga.lt","url":"https:\/\/skaitytaknyga.lt\/","logo":{"@type":"ImageObject","inLanguage":"en-GB","@id":"https:\/\/skaitytaknyga.lt\/#\/schema\/logo\/image\/","url":"https:\/\/skaitytaknyga.lt\/wp-content\/uploads\/2024\/05\/cropped-cropped-cropped-02_00843_jt3bggkj1j3HLc7SyY6rEUpg.jpeg","contentUrl":"https:\/\/skaitytaknyga.lt\/wp-content\/uploads\/2024\/05\/cropped-cropped-cropped-02_00843_jt3bggkj1j3HLc7SyY6rEUpg.jpeg","width":1600,"height":1600,"caption":"skaitytaknyga.lt"},"image":{"@id":"https:\/\/skaitytaknyga.lt\/#\/schema\/logo\/image\/"},"sameAs":["https:\/\/www.facebook.com\/skaitytaknyga\/"]}]}},"_links":{"self":[{"href":"https:\/\/skaitytaknyga.lt\/en\/wp-json\/wp\/v2\/product\/15063","targetHints":{"allow":["GET"]}}],"collection":[{"href":"https:\/\/skaitytaknyga.lt\/en\/wp-json\/wp\/v2\/product"}],"about":[{"href":"https:\/\/skaitytaknyga.lt\/en\/wp-json\/wp\/v2\/types\/product"}],"replies":[{"embeddable":true,"href":"https:\/\/skaitytaknyga.lt\/en\/wp-json\/wp\/v2\/comments?post=15063"}],"wp:featuredmedia":[{"embeddable":true,"href":"https:\/\/skaitytaknyga.lt\/en\/wp-json\/wp\/v2\/media\/15118"}],"wp:attachment":[{"href":"https:\/\/skaitytaknyga.lt\/en\/wp-json\/wp\/v2\/media?parent=15063"}],"wp:term":[{"taxonomy":"product_brand","embeddable":true,"href":"https:\/\/skaitytaknyga.lt\/en\/wp-json\/wp\/v2\/product_brand?post=15063"},{"taxonomy":"product_cat","embeddable":true,"href":"https:\/\/skaitytaknyga.lt\/en\/wp-json\/wp\/v2\/product_cat?post=15063"},{"taxonomy":"product_tag","embeddable":true,"href":"https:\/\/skaitytaknyga.lt\/en\/wp-json\/wp\/v2\/product_tag?post=15063"}],"curies":[{"name":"wp","href":"https:\/\/api.w.org\/{rel}","templated":true}]}}