{"id":15059,"date":"2024-11-29T20:29:09","date_gmt":"2024-11-29T18:29:09","guid":{"rendered":"https:\/\/skaitytaknyga.lt\/?post_type=product&#038;p=15059"},"modified":"2025-12-19T09:52:01","modified_gmt":"2025-12-19T07:52:01","slug":"astrid-lindgren-ronja-plesiko-dukte-kopija","status":"publish","type":"product","link":"https:\/\/skaitytaknyga.lt\/en\/produktas\/astrid-lindgren-ronja-plesiko-dukte-kopija\/","title":{"rendered":"Astrid Lindgren \u201eRonja pl\u0117\u0161iko dukt\u0117\u201c (paklijuotas nugar\u0117l\u0117s kampas)"},"content":{"rendered":"<p>Vaikams skirtame romane \u201eRonja pl\u0117\u0161iko dukt\u0117&#8221; pasakojama apie mergait\u0119, augan\u010di\u0105 girioje esan\u010dioje pilyje, pl\u0117\u0161ik\u0173 apsuptyje. Ronja yra vienintelis pl\u0117\u0161ik\u0173 lyderio Matiso vaikas, tad t\u0117tis tikisi, kad dukra u\u017eaugusi taip pat vadovaus jo suburtai gaujai. Bet vien\u0105 dien\u0105 kitoje kalno pus\u0117je \u012fsikuria nauja galva\u017eud\u017ei\u0173 grupuot\u0117 ir prasideda tarpusavio kova. Ronja auga tik suaugusi\u0173j\u0173 apsuptyje, tad kai vien\u0105 dien\u0105 sutinka Birk\u0105 &#8211; prie\u0161\u0173 gaujos vado s\u016bn\u0173 &#8211; Ronja tiesiog negali nesusipa\u017einti su savo bendraam\u017eiu. Jie tampa draugais. Kur nuves \u0161i slapta draugyst\u0117? Ir kaip ji paveiks dviej\u0173 kariaujan\u010di\u0173 gauj\u0173 bei j\u0173 vad\u0173 tarpusavio santykius?<\/p>\n<p>Knyga \u201eRonja pl\u0117\u0161iko dukt\u0117&#8221; &#8211; tai nuo\u0161irdi, gra\u017ei istorija apie draugyst\u0119, meil\u0119 ir i\u0161tikimyb\u0119.<\/p>\n<ul class=\"about-product d-none d-xl-block mt-4\">\n<li><strong>Autorius:<\/strong>\u00a0Astrid Lindgren<\/li>\n<li><strong>Leid\u0117jas:<\/strong>\u00a0Vaga<\/li>\n<li><strong>Metai:<\/strong>\u00a01984<\/li>\n<li><strong>Puslapiai:<\/strong>\u00a0167<\/li>\n<li class=\"toggleable type-new-formats \"><strong>Formatas:<\/strong>\u00a014 x 21 x 1 cm, mink\u0161ti vir\u0161eliai<\/li>\n<li><strong>Kalba:<\/strong>\u00a0Lietuvi\u0173<\/li>\n<li><strong>Vert\u0117jas:<\/strong>\u00a0Eugenija Stravinskien\u0117<\/li>\n<\/ul>\n","protected":false},"excerpt":{"rendered":"<p>Vaikams skirtame romane \u201eRonja pl\u0117\u0161iko dukt\u0117&#8221; pasakojama apie mergait\u0119, augan\u010di\u0105 girioje esan\u010dioje pilyje, pl\u0117\u0161ik\u0173 apsuptyje. Ronja yra vienintelis pl\u0117\u0161ik\u0173 lyderio Matiso vaikas, tad t\u0117tis tikisi, kad dukra u\u017eaugusi taip pat vadovaus jo suburtai gaujai. Bet vien\u0105 dien\u0105 kitoje kalno pus\u0117je \u012fsikuria nauja galva\u017eud\u017ei\u0173 grupuot\u0117 ir prasideda tarpusavio kova. Ronja auga tik suaugusi\u0173j\u0173 apsuptyje, tad kai vien\u0105 dien\u0105 sutinka Birk\u0105 &#8211; prie\u0161\u0173 gaujos vado s\u016bn\u0173 &#8211; Ronja tiesiog negali nesusipa\u017einti su savo bendraam\u017eiu. Jie tampa draugais. Kur nuves \u0161i slapta draugyst\u0117? Ir kaip ji paveiks dviej\u0173 kariaujan\u010di\u0173 gauj\u0173 bei j\u0173 vad\u0173 tarpusavio santykius? Knyga \u201eRonja pl\u0117\u0161iko dukt\u0117&#8221; &#8211; tai nuo\u0161irdi, gra\u017ei istorija apie draugyst\u0119, meil\u0119 ir i\u0161tikimyb\u0119. Autorius:\u00a0Astrid Lindgren Leid\u0117jas:\u00a0Vaga Metai:\u00a01984 Puslapiai:\u00a0167 Formatas:\u00a014 x 21 x 1 cm, mink\u0161ti vir\u0161eliai Kalba:\u00a0Lietuvi\u0173 Vert\u0117jas:\u00a0Eugenija Stravinskien\u0117<\/p>\n","protected":false},"featured_media":20517,"comment_status":"closed","ping_status":"closed","template":"","meta":{"_acf_changed":false,"site-sidebar-layout":"default","site-content-layout":"","ast-site-content-layout":"default","site-content-style":"default","site-sidebar-style":"default","ast-global-header-display":"","ast-banner-title-visibility":"","ast-main-header-display":"","ast-hfb-above-header-display":"","ast-hfb-below-header-display":"","ast-hfb-mobile-header-display":"","site-post-title":"","ast-breadcrumbs-content":"","ast-featured-img":"","footer-sml-layout":"","ast-disable-related-posts":"","theme-transparent-header-meta":"default","adv-header-id-meta":"","stick-header-meta":"","header-above-stick-meta":"","header-main-stick-meta":"","header-below-stick-meta":"","astra-migrate-meta-layouts":"set","ast-page-background-enabled":"default","ast-page-background-meta":{"desktop":{"background-color":"","background-image":"","background-repeat":"repeat","background-position":"center center","background-size":"auto","background-attachment":"scroll","background-type":"","background-media":"","overlay-type":"","overlay-color":"","overlay-opacity":"","overlay-gradient":""},"tablet":{"background-color":"","background-image":"","background-repeat":"repeat","background-position":"center center","background-size":"auto","background-attachment":"scroll","background-type":"","background-media":"","overlay-type":"","overlay-color":"","overlay-opacity":"","overlay-gradient":""},"mobile":{"background-color":"","background-image":"","background-repeat":"repeat","background-position":"center center","background-size":"auto","background-attachment":"scroll","background-type":"","background-media":"","overlay-type":"","overlay-color":"","overlay-opacity":"","overlay-gradient":""}},"ast-content-background-meta":{"desktop":{"background-color":"var(--ast-global-color-4)","background-image":"","background-repeat":"repeat","background-position":"center center","background-size":"auto","background-attachment":"scroll","background-type":"","background-media":"","overlay-type":"","overlay-color":"","overlay-opacity":"","overlay-gradient":""},"tablet":{"background-color":"var(--ast-global-color-4)","background-image":"","background-repeat":"repeat","background-position":"center center","background-size":"auto","background-attachment":"scroll","background-type":"","background-media":"","overlay-type":"","overlay-color":"","overlay-opacity":"","overlay-gradient":""},"mobile":{"background-color":"var(--ast-global-color-4)","background-image":"","background-repeat":"repeat","background-position":"center center","background-size":"auto","background-attachment":"scroll","background-type":"","background-media":"","overlay-type":"","overlay-color":"","overlay-opacity":"","overlay-gradient":""}}},"product_brand":[],"product_cat":[331,35],"product_tag":[],"class_list":{"0":"post-15059","1":"product","2":"type-product","3":"status-publish","4":"has-post-thumbnail","6":"product_cat-programine-literatura","7":"product_cat-vaikams-ir-paaugliams","8":"desktop-align-left","9":"tablet-align-left","10":"mobile-align-left","12":"first","13":"instock","14":"shipping-taxable","15":"purchasable","16":"product-type-simple"},"acf":[],"yoast_head":"<!-- This site is optimized with the Yoast SEO plugin v27.0 - https:\/\/yoast.com\/product\/yoast-seo-wordpress\/ -->\n<title>Astrid Lindgren \u201eRonja pl\u0117\u0161iko dukt\u0117\u201c (paklijuotas nugar\u0117l\u0117s kampas)<\/title>\n<meta name=\"description\" content=\"Vaikams skirtame romane \u201eRonja pl\u0117\u0161iko dukt\u0117&quot; pasakojama apie mergait\u0119, augan\u010di\u0105 girioje esan\u010dioje pilyje, pl\u0117\u0161ik\u0173 apsuptyje. Ronja yra vienintelis\" \/>\n<meta name=\"robots\" content=\"index, follow, max-snippet:-1, max-image-preview:large, max-video-preview:-1\" \/>\n<link rel=\"canonical\" href=\"https:\/\/skaitytaknyga.lt\/en\/produktas\/astrid-lindgren-ronja-plesiko-dukte-kopija\/\" \/>\n<meta property=\"og:locale\" content=\"en_GB\" \/>\n<meta property=\"og:locale:alternate\" content=\"lt_LT\" \/>\n<meta property=\"og:type\" content=\"article\" \/>\n<meta property=\"og:title\" content=\"Astrid Lindgren \u201eRonja pl\u0117\u0161iko dukt\u0117\u201c (paklijuotas nugar\u0117l\u0117s kampas)\" \/>\n<meta property=\"og:description\" content=\"Vaikams skirtame romane \u201eRonja pl\u0117\u0161iko dukt\u0117&quot; pasakojama apie mergait\u0119, augan\u010di\u0105 girioje esan\u010dioje pilyje, pl\u0117\u0161ik\u0173 apsuptyje. Ronja yra vienintelis\" \/>\n<meta property=\"og:url\" content=\"https:\/\/skaitytaknyga.lt\/en\/produktas\/astrid-lindgren-ronja-plesiko-dukte-kopija\/\" \/>\n<meta property=\"og:site_name\" content=\"Skaitytaknyga\" \/>\n<meta property=\"article:publisher\" content=\"https:\/\/www.facebook.com\/skaitytaknyga\/\" \/>\n<meta property=\"article:modified_time\" content=\"2025-12-19T07:52:01+00:00\" \/>\n<meta property=\"og:image\" content=\"https:\/\/skaitytaknyga.lt\/wp-content\/uploads\/2024\/11\/Ronja-plesiko-dukte-1.webp\" \/>\n\t<meta property=\"og:image:width\" content=\"516\" \/>\n\t<meta property=\"og:image:height\" content=\"800\" \/>\n\t<meta property=\"og:image:type\" content=\"image\/webp\" \/>\n<meta name=\"twitter:card\" content=\"summary_large_image\" \/>\n<meta name=\"twitter:label1\" content=\"Estimated reading time\" \/>\n\t<meta name=\"twitter:data1\" content=\"1 minute\" \/>\n<script type=\"application\/ld+json\" class=\"yoast-schema-graph\">{\"@context\":\"https:\/\/schema.org\",\"@graph\":[{\"@type\":\"WebPage\",\"@id\":\"https:\/\/skaitytaknyga.lt\/produktas\/astrid-lindgren-ronja-plesiko-dukte-kopija\/\",\"url\":\"https:\/\/skaitytaknyga.lt\/produktas\/astrid-lindgren-ronja-plesiko-dukte-kopija\/\",\"name\":\"Astrid Lindgren \u201eRonja pl\u0117\u0161iko dukt\u0117\u201c (paklijuotas nugar\u0117l\u0117s kampas)\",\"isPartOf\":{\"@id\":\"https:\/\/skaitytaknyga.lt\/#website\"},\"primaryImageOfPage\":{\"@id\":\"https:\/\/skaitytaknyga.lt\/produktas\/astrid-lindgren-ronja-plesiko-dukte-kopija\/#primaryimage\"},\"image\":{\"@id\":\"https:\/\/skaitytaknyga.lt\/produktas\/astrid-lindgren-ronja-plesiko-dukte-kopija\/#primaryimage\"},\"thumbnailUrl\":\"https:\/\/skaitytaknyga.lt\/wp-content\/uploads\/2025\/08\/Ronja-plesiko-dukte.jpg\",\"datePublished\":\"2024-11-29T18:29:09+00:00\",\"dateModified\":\"2025-12-19T07:52:01+00:00\",\"description\":\"Vaikams skirtame romane \u201eRonja pl\u0117\u0161iko dukt\u0117\\\" pasakojama apie mergait\u0119, augan\u010di\u0105 girioje esan\u010dioje pilyje, pl\u0117\u0161ik\u0173 apsuptyje. Ronja yra vienintelis\",\"breadcrumb\":{\"@id\":\"https:\/\/skaitytaknyga.lt\/produktas\/astrid-lindgren-ronja-plesiko-dukte-kopija\/#breadcrumb\"},\"inLanguage\":\"en-GB\",\"potentialAction\":[{\"@type\":\"ReadAction\",\"target\":[\"https:\/\/skaitytaknyga.lt\/produktas\/astrid-lindgren-ronja-plesiko-dukte-kopija\/\"]}]},{\"@type\":\"ImageObject\",\"inLanguage\":\"en-GB\",\"@id\":\"https:\/\/skaitytaknyga.lt\/produktas\/astrid-lindgren-ronja-plesiko-dukte-kopija\/#primaryimage\",\"url\":\"https:\/\/skaitytaknyga.lt\/wp-content\/uploads\/2025\/08\/Ronja-plesiko-dukte.jpg\",\"contentUrl\":\"https:\/\/skaitytaknyga.lt\/wp-content\/uploads\/2025\/08\/Ronja-plesiko-dukte.jpg\",\"width\":295,\"height\":453},{\"@type\":\"BreadcrumbList\",\"@id\":\"https:\/\/skaitytaknyga.lt\/produktas\/astrid-lindgren-ronja-plesiko-dukte-kopija\/#breadcrumb\",\"itemListElement\":[{\"@type\":\"ListItem\",\"position\":1,\"name\":\"Home\",\"item\":\"https:\/\/skaitytaknyga.lt\/\"},{\"@type\":\"ListItem\",\"position\":2,\"name\":\"Parduotuv\u0117\",\"item\":\"https:\/\/skaitytaknyga.lt\/knygu-parduotuve\/\"},{\"@type\":\"ListItem\",\"position\":3,\"name\":\"Astrid Lindgren \u201eRonja pl\u0117\u0161iko dukt\u0117\u201c (paklijuotas nugar\u0117l\u0117s kampas)\"}]},{\"@type\":\"WebSite\",\"@id\":\"https:\/\/skaitytaknyga.lt\/#website\",\"url\":\"https:\/\/skaitytaknyga.lt\/\",\"name\":\"skaitytaknyga.lt\",\"description\":\"Skaitytaknyga.lt \u2013 tai ma\u017eas \u0161eimos verslas, kuris prasid\u0117jo nuo meil\u0117s knygoms ir siekio i\u0161gelb\u0117ti knygas nuo likimo prie konteinerio. Kas vienam nereikalingas daiktas \u2013 kitam lobis, o mes esame tarpininkai, kurie padeda abiems tapti laimingesniems ???? \u017dinome kaip nelengva i\u0161gyventi ma\u017eiems verslams, tad nuo \u0161iol, \u010dia rasite ir kit\u0173, ma\u017e\u0173 \u0161eim\u0173 versl\u0173, rank\u0173 darbo, dovan\u0173 sau ir artimiesiems.\",\"publisher\":{\"@id\":\"https:\/\/skaitytaknyga.lt\/#organization\"},\"potentialAction\":[{\"@type\":\"SearchAction\",\"target\":{\"@type\":\"EntryPoint\",\"urlTemplate\":\"https:\/\/skaitytaknyga.lt\/?s={search_term_string}\"},\"query-input\":{\"@type\":\"PropertyValueSpecification\",\"valueRequired\":true,\"valueName\":\"search_term_string\"}}],\"inLanguage\":\"en-GB\"},{\"@type\":\"Organization\",\"@id\":\"https:\/\/skaitytaknyga.lt\/#organization\",\"name\":\"skaitytaknyga.lt\",\"url\":\"https:\/\/skaitytaknyga.lt\/\",\"logo\":{\"@type\":\"ImageObject\",\"inLanguage\":\"en-GB\",\"@id\":\"https:\/\/skaitytaknyga.lt\/#\/schema\/logo\/image\/\",\"url\":\"https:\/\/skaitytaknyga.lt\/wp-content\/uploads\/2024\/05\/cropped-cropped-cropped-02_00843_jt3bggkj1j3HLc7SyY6rEUpg.jpeg\",\"contentUrl\":\"https:\/\/skaitytaknyga.lt\/wp-content\/uploads\/2024\/05\/cropped-cropped-cropped-02_00843_jt3bggkj1j3HLc7SyY6rEUpg.jpeg\",\"width\":1600,\"height\":1600,\"caption\":\"skaitytaknyga.lt\"},\"image\":{\"@id\":\"https:\/\/skaitytaknyga.lt\/#\/schema\/logo\/image\/\"},\"sameAs\":[\"https:\/\/www.facebook.com\/skaitytaknyga\/\"]}]}<\/script>\n<!-- \/ Yoast SEO plugin. -->","yoast_head_json":{"title":"Astrid Lindgren \u201eRonja pl\u0117\u0161iko dukt\u0117\u201c (paklijuotas nugar\u0117l\u0117s kampas)","description":"Vaikams skirtame romane \u201eRonja pl\u0117\u0161iko dukt\u0117\" pasakojama apie mergait\u0119, augan\u010di\u0105 girioje esan\u010dioje pilyje, pl\u0117\u0161ik\u0173 apsuptyje. Ronja yra vienintelis","robots":{"index":"index","follow":"follow","max-snippet":"max-snippet:-1","max-image-preview":"max-image-preview:large","max-video-preview":"max-video-preview:-1"},"canonical":"https:\/\/skaitytaknyga.lt\/en\/produktas\/astrid-lindgren-ronja-plesiko-dukte-kopija\/","og_locale":"en_GB","og_type":"article","og_title":"[:lt]Astrid Lindgren \u201eRonja pl\u0117\u0161iko dukt\u0117\u201c (paklijuotas nugar\u0117l\u0117s kampas)[:] - Skaitytaknyga","og_description":"Vaikams skirtame romane \u201eRonja pl\u0117\u0161iko dukt\u0117\" pasakojama apie mergait\u0119, augan\u010di\u0105 girioje esan\u010dioje pilyje, pl\u0117\u0161ik\u0173 apsuptyje. Ronja yra vienintelis","og_url":"https:\/\/skaitytaknyga.lt\/en\/produktas\/astrid-lindgren-ronja-plesiko-dukte-kopija\/","og_site_name":"Skaitytaknyga","article_publisher":"https:\/\/www.facebook.com\/skaitytaknyga\/","article_modified_time":"2025-12-19T07:52:01+00:00","og_image":[{"width":516,"height":800,"url":"https:\/\/skaitytaknyga.lt\/wp-content\/uploads\/2024\/11\/Ronja-plesiko-dukte-1.webp","type":"image\/webp"}],"twitter_card":"summary_large_image","twitter_misc":{"Estimated reading time":"1 minute"},"schema":{"@context":"https:\/\/schema.org","@graph":[{"@type":"WebPage","@id":"https:\/\/skaitytaknyga.lt\/produktas\/astrid-lindgren-ronja-plesiko-dukte-kopija\/","url":"https:\/\/skaitytaknyga.lt\/produktas\/astrid-lindgren-ronja-plesiko-dukte-kopija\/","name":"Astrid Lindgren \u201eRonja pl\u0117\u0161iko dukt\u0117\u201c (paklijuotas nugar\u0117l\u0117s kampas)","isPartOf":{"@id":"https:\/\/skaitytaknyga.lt\/#website"},"primaryImageOfPage":{"@id":"https:\/\/skaitytaknyga.lt\/produktas\/astrid-lindgren-ronja-plesiko-dukte-kopija\/#primaryimage"},"image":{"@id":"https:\/\/skaitytaknyga.lt\/produktas\/astrid-lindgren-ronja-plesiko-dukte-kopija\/#primaryimage"},"thumbnailUrl":"https:\/\/skaitytaknyga.lt\/wp-content\/uploads\/2025\/08\/Ronja-plesiko-dukte.jpg","datePublished":"2024-11-29T18:29:09+00:00","dateModified":"2025-12-19T07:52:01+00:00","description":"Vaikams skirtame romane \u201eRonja pl\u0117\u0161iko dukt\u0117\" pasakojama apie mergait\u0119, augan\u010di\u0105 girioje esan\u010dioje pilyje, pl\u0117\u0161ik\u0173 apsuptyje. Ronja yra vienintelis","breadcrumb":{"@id":"https:\/\/skaitytaknyga.lt\/produktas\/astrid-lindgren-ronja-plesiko-dukte-kopija\/#breadcrumb"},"inLanguage":"en-GB","potentialAction":[{"@type":"ReadAction","target":["https:\/\/skaitytaknyga.lt\/produktas\/astrid-lindgren-ronja-plesiko-dukte-kopija\/"]}]},{"@type":"ImageObject","inLanguage":"en-GB","@id":"https:\/\/skaitytaknyga.lt\/produktas\/astrid-lindgren-ronja-plesiko-dukte-kopija\/#primaryimage","url":"https:\/\/skaitytaknyga.lt\/wp-content\/uploads\/2025\/08\/Ronja-plesiko-dukte.jpg","contentUrl":"https:\/\/skaitytaknyga.lt\/wp-content\/uploads\/2025\/08\/Ronja-plesiko-dukte.jpg","width":295,"height":453},{"@type":"BreadcrumbList","@id":"https:\/\/skaitytaknyga.lt\/produktas\/astrid-lindgren-ronja-plesiko-dukte-kopija\/#breadcrumb","itemListElement":[{"@type":"ListItem","position":1,"name":"Home","item":"https:\/\/skaitytaknyga.lt\/"},{"@type":"ListItem","position":2,"name":"Parduotuv\u0117","item":"https:\/\/skaitytaknyga.lt\/knygu-parduotuve\/"},{"@type":"ListItem","position":3,"name":"Astrid Lindgren \u201eRonja pl\u0117\u0161iko dukt\u0117\u201c (paklijuotas nugar\u0117l\u0117s kampas)"}]},{"@type":"WebSite","@id":"https:\/\/skaitytaknyga.lt\/#website","url":"https:\/\/skaitytaknyga.lt\/","name":"skaitytaknyga.lt","description":"Skaitytaknyga.lt \u2013 tai ma\u017eas \u0161eimos verslas, kuris prasid\u0117jo nuo meil\u0117s knygoms ir siekio i\u0161gelb\u0117ti knygas nuo likimo prie konteinerio. Kas vienam nereikalingas daiktas \u2013 kitam lobis, o mes esame tarpininkai, kurie padeda abiems tapti laimingesniems ???? \u017dinome kaip nelengva i\u0161gyventi ma\u017eiems verslams, tad nuo \u0161iol, \u010dia rasite ir kit\u0173, ma\u017e\u0173 \u0161eim\u0173 versl\u0173, rank\u0173 darbo, dovan\u0173 sau ir artimiesiems.","publisher":{"@id":"https:\/\/skaitytaknyga.lt\/#organization"},"potentialAction":[{"@type":"SearchAction","target":{"@type":"EntryPoint","urlTemplate":"https:\/\/skaitytaknyga.lt\/?s={search_term_string}"},"query-input":{"@type":"PropertyValueSpecification","valueRequired":true,"valueName":"search_term_string"}}],"inLanguage":"en-GB"},{"@type":"Organization","@id":"https:\/\/skaitytaknyga.lt\/#organization","name":"skaitytaknyga.lt","url":"https:\/\/skaitytaknyga.lt\/","logo":{"@type":"ImageObject","inLanguage":"en-GB","@id":"https:\/\/skaitytaknyga.lt\/#\/schema\/logo\/image\/","url":"https:\/\/skaitytaknyga.lt\/wp-content\/uploads\/2024\/05\/cropped-cropped-cropped-02_00843_jt3bggkj1j3HLc7SyY6rEUpg.jpeg","contentUrl":"https:\/\/skaitytaknyga.lt\/wp-content\/uploads\/2024\/05\/cropped-cropped-cropped-02_00843_jt3bggkj1j3HLc7SyY6rEUpg.jpeg","width":1600,"height":1600,"caption":"skaitytaknyga.lt"},"image":{"@id":"https:\/\/skaitytaknyga.lt\/#\/schema\/logo\/image\/"},"sameAs":["https:\/\/www.facebook.com\/skaitytaknyga\/"]}]}},"_links":{"self":[{"href":"https:\/\/skaitytaknyga.lt\/en\/wp-json\/wp\/v2\/product\/15059","targetHints":{"allow":["GET"]}}],"collection":[{"href":"https:\/\/skaitytaknyga.lt\/en\/wp-json\/wp\/v2\/product"}],"about":[{"href":"https:\/\/skaitytaknyga.lt\/en\/wp-json\/wp\/v2\/types\/product"}],"replies":[{"embeddable":true,"href":"https:\/\/skaitytaknyga.lt\/en\/wp-json\/wp\/v2\/comments?post=15059"}],"wp:featuredmedia":[{"embeddable":true,"href":"https:\/\/skaitytaknyga.lt\/en\/wp-json\/wp\/v2\/media\/20517"}],"wp:attachment":[{"href":"https:\/\/skaitytaknyga.lt\/en\/wp-json\/wp\/v2\/media?parent=15059"}],"wp:term":[{"taxonomy":"product_brand","embeddable":true,"href":"https:\/\/skaitytaknyga.lt\/en\/wp-json\/wp\/v2\/product_brand?post=15059"},{"taxonomy":"product_cat","embeddable":true,"href":"https:\/\/skaitytaknyga.lt\/en\/wp-json\/wp\/v2\/product_cat?post=15059"},{"taxonomy":"product_tag","embeddable":true,"href":"https:\/\/skaitytaknyga.lt\/en\/wp-json\/wp\/v2\/product_tag?post=15059"}],"curies":[{"name":"wp","href":"https:\/\/api.w.org\/{rel}","templated":true}]}}