{"id":15051,"date":"2024-11-29T20:22:21","date_gmt":"2024-11-29T18:22:21","guid":{"rendered":"https:\/\/skaitytaknyga.lt\/?post_type=product&#038;p=15051"},"modified":"2024-12-09T10:53:06","modified_gmt":"2024-12-09T08:53:06","slug":"arturas-ir-minimukai","status":"publish","type":"product","link":"https:\/\/skaitytaknyga.lt\/en\/produktas\/arturas-ir-minimukai\/","title":{"rendered":"Art\u016bras ir minimukai"},"content":{"rendered":"<p>Art\u016bras turi daug r\u016bpes\u010di\u0173. Gob\u0161uolis Davido nori u\u017egrobti jo senel\u0117s namus, kuriuose jis leid\u017eia atostogas. Jis negali tik\u0117tis, kad t\u0117vai, u\u017esi\u0117m\u0119 savo reikalais, ateis \u012f pagalb\u0105. Neb\u0117ra ir vilties, jog atsiras senelis, paslaptingai ding\u0119s prie\u0161 ketverius metus.<\/p>\n<p>Be to, Art\u016brui tik de\u0161imt met\u0173&#8230; Gal jam pagelb\u0117t\u0173 Alfredas, mielas, bet ne itin protingas \u0161uo? Ta\u010diau senelio bibliotekoje rastas planas leis jam nukeliauti \u012f minimuk\u0173 \u0161al\u012f&#8230;<\/p>\n<p>Tik jie vieni gali pad\u0117ti Art\u016brui rasti senelio pasl\u0117pt\u0105 lob\u012f ir i\u0161gelb\u0117ti ne tik senel\u0117s namus, bet ir minimuk\u0173 karalyst\u0119.<\/p>\n<ul class=\"about-product d-none d-xl-block mt-4\">\n<li><strong>Originalus pavadinimas:<\/strong>\u00a0Arthur les minimoys<\/li>\n<li><strong>Autorius:<\/strong>\u00a0Luc Besson<\/li>\n<li><strong>Leid\u0117jas:<\/strong>\u00a0Alma littera<\/li>\n<li><strong>Metai:<\/strong>\u00a02006<\/li>\n<li><strong>Puslapiai:<\/strong>\u00a0186<\/li>\n<li class=\"toggleable type-new-formats \"><strong>ISBN:<\/strong>\u00a09789955086246<\/li>\n<li><strong>Versijos kodas:<\/strong>\u00a0PS<\/li>\n<li class=\"toggleable type-new-formats \"><strong>Formatas:<\/strong>\u00a014,7 x 22 cm, kieti vir\u0161eliai<\/li>\n<li><strong>Kalba:<\/strong>\u00a0Lietuvi\u0173<\/li>\n<li><strong>Vert\u0117jas:<\/strong>\u00a0Birut\u0117 Gedgaudait\u0117<\/li>\n<\/ul>\n","protected":false},"excerpt":{"rendered":"<p>Art\u016bras turi daug r\u016bpes\u010di\u0173. Gob\u0161uolis Davido nori u\u017egrobti jo senel\u0117s namus, kuriuose jis leid\u017eia atostogas. Jis negali tik\u0117tis, kad t\u0117vai, u\u017esi\u0117m\u0119 savo reikalais, ateis \u012f pagalb\u0105. Neb\u0117ra ir vilties, jog atsiras senelis, paslaptingai ding\u0119s prie\u0161 ketverius metus. Be to, Art\u016brui tik de\u0161imt met\u0173&#8230; Gal jam pagelb\u0117t\u0173 Alfredas, mielas, bet ne itin protingas \u0161uo? Ta\u010diau senelio bibliotekoje rastas planas leis jam nukeliauti \u012f minimuk\u0173 \u0161al\u012f&#8230; Tik jie vieni gali pad\u0117ti Art\u016brui rasti senelio pasl\u0117pt\u0105 lob\u012f ir i\u0161gelb\u0117ti ne tik senel\u0117s namus, bet ir minimuk\u0173 karalyst\u0119. Originalus pavadinimas:\u00a0Arthur les minimoys Autorius:\u00a0Luc Besson Leid\u0117jas:\u00a0Alma littera Metai:\u00a02006 Puslapiai:\u00a0186 ISBN:\u00a09789955086246 Versijos kodas:\u00a0PS Formatas:\u00a014,7 x 22 cm, kieti vir\u0161eliai Kalba:\u00a0Lietuvi\u0173 Vert\u0117jas:\u00a0Birut\u0117 Gedgaudait\u0117<\/p>\n","protected":false},"featured_media":15205,"comment_status":"open","ping_status":"closed","template":"","meta":{"_acf_changed":false,"site-sidebar-layout":"default","site-content-layout":"","ast-site-content-layout":"default","site-content-style":"default","site-sidebar-style":"default","ast-global-header-display":"","ast-banner-title-visibility":"","ast-main-header-display":"","ast-hfb-above-header-display":"","ast-hfb-below-header-display":"","ast-hfb-mobile-header-display":"","site-post-title":"","ast-breadcrumbs-content":"","ast-featured-img":"","footer-sml-layout":"","ast-disable-related-posts":"","theme-transparent-header-meta":"default","adv-header-id-meta":"","stick-header-meta":"","header-above-stick-meta":"","header-main-stick-meta":"","header-below-stick-meta":"","astra-migrate-meta-layouts":"set","ast-page-background-enabled":"default","ast-page-background-meta":{"desktop":{"background-color":"","background-image":"","background-repeat":"repeat","background-position":"center center","background-size":"auto","background-attachment":"scroll","background-type":"","background-media":"","overlay-type":"","overlay-color":"","overlay-opacity":"","overlay-gradient":""},"tablet":{"background-color":"","background-image":"","background-repeat":"repeat","background-position":"center center","background-size":"auto","background-attachment":"scroll","background-type":"","background-media":"","overlay-type":"","overlay-color":"","overlay-opacity":"","overlay-gradient":""},"mobile":{"background-color":"","background-image":"","background-repeat":"repeat","background-position":"center center","background-size":"auto","background-attachment":"scroll","background-type":"","background-media":"","overlay-type":"","overlay-color":"","overlay-opacity":"","overlay-gradient":""}},"ast-content-background-meta":{"desktop":{"background-color":"var(--ast-global-color-4)","background-image":"","background-repeat":"repeat","background-position":"center center","background-size":"auto","background-attachment":"scroll","background-type":"","background-media":"","overlay-type":"","overlay-color":"","overlay-opacity":"","overlay-gradient":""},"tablet":{"background-color":"var(--ast-global-color-4)","background-image":"","background-repeat":"repeat","background-position":"center center","background-size":"auto","background-attachment":"scroll","background-type":"","background-media":"","overlay-type":"","overlay-color":"","overlay-opacity":"","overlay-gradient":""},"mobile":{"background-color":"var(--ast-global-color-4)","background-image":"","background-repeat":"repeat","background-position":"center center","background-size":"auto","background-attachment":"scroll","background-type":"","background-media":"","overlay-type":"","overlay-color":"","overlay-opacity":"","overlay-gradient":""}}},"product_brand":[],"product_cat":[15,35],"product_tag":[],"class_list":{"0":"post-15051","1":"product","2":"type-product","3":"status-publish","4":"has-post-thumbnail","6":"product_cat-uncategorized","7":"product_cat-vaikams-ir-paaugliams","8":"desktop-align-left","9":"tablet-align-left","10":"mobile-align-left","12":"first","13":"instock","14":"shipping-taxable","15":"purchasable","16":"product-type-simple"},"acf":[],"yoast_head":"<!-- This site is optimized with the Yoast SEO plugin v27.0 - https:\/\/yoast.com\/product\/yoast-seo-wordpress\/ -->\n<title>Art\u016bras ir minimukai<\/title>\n<meta name=\"description\" content=\"Art\u016bras turi daug r\u016bpes\u010di\u0173. Gob\u0161uolis Davido nori u\u017egrobti jo senel\u0117s namus, kuriuose jis leid\u017eia atostogas. Jis negali tik\u0117tis, kad t\u0117vai, u\u017esi\u0117m\u0119 savo\" \/>\n<meta name=\"robots\" content=\"index, follow, max-snippet:-1, max-image-preview:large, max-video-preview:-1\" \/>\n<link rel=\"canonical\" href=\"https:\/\/skaitytaknyga.lt\/en\/produktas\/arturas-ir-minimukai\/\" \/>\n<meta property=\"og:locale\" content=\"en_GB\" \/>\n<meta property=\"og:locale:alternate\" content=\"lt_LT\" \/>\n<meta property=\"og:type\" content=\"article\" \/>\n<meta property=\"og:title\" content=\"Art\u016bras ir minimukai\" \/>\n<meta property=\"og:description\" content=\"Art\u016bras turi daug r\u016bpes\u010di\u0173. Gob\u0161uolis Davido nori u\u017egrobti jo senel\u0117s namus, kuriuose jis leid\u017eia atostogas. Jis negali tik\u0117tis, kad t\u0117vai, u\u017esi\u0117m\u0119 savo\" \/>\n<meta property=\"og:url\" content=\"https:\/\/skaitytaknyga.lt\/en\/produktas\/arturas-ir-minimukai\/\" \/>\n<meta property=\"og:site_name\" content=\"Skaitytaknyga\" \/>\n<meta property=\"article:publisher\" content=\"https:\/\/www.facebook.com\/skaitytaknyga\/\" \/>\n<meta property=\"article:modified_time\" content=\"2024-12-09T08:53:06+00:00\" \/>\n<meta property=\"og:image\" content=\"https:\/\/skaitytaknyga.lt\/wp-content\/uploads\/2024\/11\/Arturas-ir-minimukai.webp\" \/>\n\t<meta property=\"og:image:width\" content=\"495\" \/>\n\t<meta property=\"og:image:height\" content=\"800\" \/>\n\t<meta property=\"og:image:type\" content=\"image\/webp\" \/>\n<meta name=\"twitter:card\" content=\"summary_large_image\" \/>\n<meta name=\"twitter:label1\" content=\"Estimated reading time\" \/>\n\t<meta name=\"twitter:data1\" content=\"1 minute\" \/>\n<script type=\"application\/ld+json\" class=\"yoast-schema-graph\">{\"@context\":\"https:\/\/schema.org\",\"@graph\":[{\"@type\":\"WebPage\",\"@id\":\"https:\/\/skaitytaknyga.lt\/produktas\/arturas-ir-minimukai\/\",\"url\":\"https:\/\/skaitytaknyga.lt\/produktas\/arturas-ir-minimukai\/\",\"name\":\"Art\u016bras ir minimukai\",\"isPartOf\":{\"@id\":\"https:\/\/skaitytaknyga.lt\/#website\"},\"primaryImageOfPage\":{\"@id\":\"https:\/\/skaitytaknyga.lt\/produktas\/arturas-ir-minimukai\/#primaryimage\"},\"image\":{\"@id\":\"https:\/\/skaitytaknyga.lt\/produktas\/arturas-ir-minimukai\/#primaryimage\"},\"thumbnailUrl\":\"https:\/\/skaitytaknyga.lt\/wp-content\/uploads\/2024\/11\/Arturas-ir-minimukai.webp\",\"datePublished\":\"2024-11-29T18:22:21+00:00\",\"dateModified\":\"2024-12-09T08:53:06+00:00\",\"description\":\"Art\u016bras turi daug r\u016bpes\u010di\u0173. Gob\u0161uolis Davido nori u\u017egrobti jo senel\u0117s namus, kuriuose jis leid\u017eia atostogas. Jis negali tik\u0117tis, kad t\u0117vai, u\u017esi\u0117m\u0119 savo\",\"breadcrumb\":{\"@id\":\"https:\/\/skaitytaknyga.lt\/produktas\/arturas-ir-minimukai\/#breadcrumb\"},\"inLanguage\":\"en-GB\",\"potentialAction\":[{\"@type\":\"ReadAction\",\"target\":[\"https:\/\/skaitytaknyga.lt\/produktas\/arturas-ir-minimukai\/\"]}]},{\"@type\":\"ImageObject\",\"inLanguage\":\"en-GB\",\"@id\":\"https:\/\/skaitytaknyga.lt\/produktas\/arturas-ir-minimukai\/#primaryimage\",\"url\":\"https:\/\/skaitytaknyga.lt\/wp-content\/uploads\/2024\/11\/Arturas-ir-minimukai.webp\",\"contentUrl\":\"https:\/\/skaitytaknyga.lt\/wp-content\/uploads\/2024\/11\/Arturas-ir-minimukai.webp\",\"width\":495,\"height\":800,\"caption\":\"Art\u016bras ir minimukai\"},{\"@type\":\"BreadcrumbList\",\"@id\":\"https:\/\/skaitytaknyga.lt\/produktas\/arturas-ir-minimukai\/#breadcrumb\",\"itemListElement\":[{\"@type\":\"ListItem\",\"position\":1,\"name\":\"Home\",\"item\":\"https:\/\/skaitytaknyga.lt\/\"},{\"@type\":\"ListItem\",\"position\":2,\"name\":\"Parduotuv\u0117\",\"item\":\"https:\/\/skaitytaknyga.lt\/knygu-parduotuve\/\"},{\"@type\":\"ListItem\",\"position\":3,\"name\":\"Art\u016bras ir minimukai\"}]},{\"@type\":\"WebSite\",\"@id\":\"https:\/\/skaitytaknyga.lt\/#website\",\"url\":\"https:\/\/skaitytaknyga.lt\/\",\"name\":\"skaitytaknyga.lt\",\"description\":\"Skaitytaknyga.lt \u2013 tai ma\u017eas \u0161eimos verslas, kuris prasid\u0117jo nuo meil\u0117s knygoms ir siekio i\u0161gelb\u0117ti knygas nuo likimo prie konteinerio. Kas vienam nereikalingas daiktas \u2013 kitam lobis, o mes esame tarpininkai, kurie padeda abiems tapti laimingesniems ???? \u017dinome kaip nelengva i\u0161gyventi ma\u017eiems verslams, tad nuo \u0161iol, \u010dia rasite ir kit\u0173, ma\u017e\u0173 \u0161eim\u0173 versl\u0173, rank\u0173 darbo, dovan\u0173 sau ir artimiesiems.\",\"publisher\":{\"@id\":\"https:\/\/skaitytaknyga.lt\/#organization\"},\"potentialAction\":[{\"@type\":\"SearchAction\",\"target\":{\"@type\":\"EntryPoint\",\"urlTemplate\":\"https:\/\/skaitytaknyga.lt\/?s={search_term_string}\"},\"query-input\":{\"@type\":\"PropertyValueSpecification\",\"valueRequired\":true,\"valueName\":\"search_term_string\"}}],\"inLanguage\":\"en-GB\"},{\"@type\":\"Organization\",\"@id\":\"https:\/\/skaitytaknyga.lt\/#organization\",\"name\":\"skaitytaknyga.lt\",\"url\":\"https:\/\/skaitytaknyga.lt\/\",\"logo\":{\"@type\":\"ImageObject\",\"inLanguage\":\"en-GB\",\"@id\":\"https:\/\/skaitytaknyga.lt\/#\/schema\/logo\/image\/\",\"url\":\"https:\/\/skaitytaknyga.lt\/wp-content\/uploads\/2024\/05\/cropped-cropped-cropped-02_00843_jt3bggkj1j3HLc7SyY6rEUpg.jpeg\",\"contentUrl\":\"https:\/\/skaitytaknyga.lt\/wp-content\/uploads\/2024\/05\/cropped-cropped-cropped-02_00843_jt3bggkj1j3HLc7SyY6rEUpg.jpeg\",\"width\":1600,\"height\":1600,\"caption\":\"skaitytaknyga.lt\"},\"image\":{\"@id\":\"https:\/\/skaitytaknyga.lt\/#\/schema\/logo\/image\/\"},\"sameAs\":[\"https:\/\/www.facebook.com\/skaitytaknyga\/\"]}]}<\/script>\n<!-- \/ Yoast SEO plugin. -->","yoast_head_json":{"title":"Art\u016bras ir minimukai","description":"Art\u016bras turi daug r\u016bpes\u010di\u0173. Gob\u0161uolis Davido nori u\u017egrobti jo senel\u0117s namus, kuriuose jis leid\u017eia atostogas. Jis negali tik\u0117tis, kad t\u0117vai, u\u017esi\u0117m\u0119 savo","robots":{"index":"index","follow":"follow","max-snippet":"max-snippet:-1","max-image-preview":"max-image-preview:large","max-video-preview":"max-video-preview:-1"},"canonical":"https:\/\/skaitytaknyga.lt\/en\/produktas\/arturas-ir-minimukai\/","og_locale":"en_GB","og_type":"article","og_title":"[:lt]Art\u016bras ir minimukai[:] - Skaitytaknyga","og_description":"Art\u016bras turi daug r\u016bpes\u010di\u0173. Gob\u0161uolis Davido nori u\u017egrobti jo senel\u0117s namus, kuriuose jis leid\u017eia atostogas. Jis negali tik\u0117tis, kad t\u0117vai, u\u017esi\u0117m\u0119 savo","og_url":"https:\/\/skaitytaknyga.lt\/en\/produktas\/arturas-ir-minimukai\/","og_site_name":"Skaitytaknyga","article_publisher":"https:\/\/www.facebook.com\/skaitytaknyga\/","article_modified_time":"2024-12-09T08:53:06+00:00","og_image":[{"width":495,"height":800,"url":"https:\/\/skaitytaknyga.lt\/wp-content\/uploads\/2024\/11\/Arturas-ir-minimukai.webp","type":"image\/webp"}],"twitter_card":"summary_large_image","twitter_misc":{"Estimated reading time":"1 minute"},"schema":{"@context":"https:\/\/schema.org","@graph":[{"@type":"WebPage","@id":"https:\/\/skaitytaknyga.lt\/produktas\/arturas-ir-minimukai\/","url":"https:\/\/skaitytaknyga.lt\/produktas\/arturas-ir-minimukai\/","name":"Art\u016bras ir minimukai","isPartOf":{"@id":"https:\/\/skaitytaknyga.lt\/#website"},"primaryImageOfPage":{"@id":"https:\/\/skaitytaknyga.lt\/produktas\/arturas-ir-minimukai\/#primaryimage"},"image":{"@id":"https:\/\/skaitytaknyga.lt\/produktas\/arturas-ir-minimukai\/#primaryimage"},"thumbnailUrl":"https:\/\/skaitytaknyga.lt\/wp-content\/uploads\/2024\/11\/Arturas-ir-minimukai.webp","datePublished":"2024-11-29T18:22:21+00:00","dateModified":"2024-12-09T08:53:06+00:00","description":"Art\u016bras turi daug r\u016bpes\u010di\u0173. Gob\u0161uolis Davido nori u\u017egrobti jo senel\u0117s namus, kuriuose jis leid\u017eia atostogas. Jis negali tik\u0117tis, kad t\u0117vai, u\u017esi\u0117m\u0119 savo","breadcrumb":{"@id":"https:\/\/skaitytaknyga.lt\/produktas\/arturas-ir-minimukai\/#breadcrumb"},"inLanguage":"en-GB","potentialAction":[{"@type":"ReadAction","target":["https:\/\/skaitytaknyga.lt\/produktas\/arturas-ir-minimukai\/"]}]},{"@type":"ImageObject","inLanguage":"en-GB","@id":"https:\/\/skaitytaknyga.lt\/produktas\/arturas-ir-minimukai\/#primaryimage","url":"https:\/\/skaitytaknyga.lt\/wp-content\/uploads\/2024\/11\/Arturas-ir-minimukai.webp","contentUrl":"https:\/\/skaitytaknyga.lt\/wp-content\/uploads\/2024\/11\/Arturas-ir-minimukai.webp","width":495,"height":800,"caption":"Art\u016bras ir minimukai"},{"@type":"BreadcrumbList","@id":"https:\/\/skaitytaknyga.lt\/produktas\/arturas-ir-minimukai\/#breadcrumb","itemListElement":[{"@type":"ListItem","position":1,"name":"Home","item":"https:\/\/skaitytaknyga.lt\/"},{"@type":"ListItem","position":2,"name":"Parduotuv\u0117","item":"https:\/\/skaitytaknyga.lt\/knygu-parduotuve\/"},{"@type":"ListItem","position":3,"name":"Art\u016bras ir minimukai"}]},{"@type":"WebSite","@id":"https:\/\/skaitytaknyga.lt\/#website","url":"https:\/\/skaitytaknyga.lt\/","name":"skaitytaknyga.lt","description":"Skaitytaknyga.lt \u2013 tai ma\u017eas \u0161eimos verslas, kuris prasid\u0117jo nuo meil\u0117s knygoms ir siekio i\u0161gelb\u0117ti knygas nuo likimo prie konteinerio. Kas vienam nereikalingas daiktas \u2013 kitam lobis, o mes esame tarpininkai, kurie padeda abiems tapti laimingesniems ???? \u017dinome kaip nelengva i\u0161gyventi ma\u017eiems verslams, tad nuo \u0161iol, \u010dia rasite ir kit\u0173, ma\u017e\u0173 \u0161eim\u0173 versl\u0173, rank\u0173 darbo, dovan\u0173 sau ir artimiesiems.","publisher":{"@id":"https:\/\/skaitytaknyga.lt\/#organization"},"potentialAction":[{"@type":"SearchAction","target":{"@type":"EntryPoint","urlTemplate":"https:\/\/skaitytaknyga.lt\/?s={search_term_string}"},"query-input":{"@type":"PropertyValueSpecification","valueRequired":true,"valueName":"search_term_string"}}],"inLanguage":"en-GB"},{"@type":"Organization","@id":"https:\/\/skaitytaknyga.lt\/#organization","name":"skaitytaknyga.lt","url":"https:\/\/skaitytaknyga.lt\/","logo":{"@type":"ImageObject","inLanguage":"en-GB","@id":"https:\/\/skaitytaknyga.lt\/#\/schema\/logo\/image\/","url":"https:\/\/skaitytaknyga.lt\/wp-content\/uploads\/2024\/05\/cropped-cropped-cropped-02_00843_jt3bggkj1j3HLc7SyY6rEUpg.jpeg","contentUrl":"https:\/\/skaitytaknyga.lt\/wp-content\/uploads\/2024\/05\/cropped-cropped-cropped-02_00843_jt3bggkj1j3HLc7SyY6rEUpg.jpeg","width":1600,"height":1600,"caption":"skaitytaknyga.lt"},"image":{"@id":"https:\/\/skaitytaknyga.lt\/#\/schema\/logo\/image\/"},"sameAs":["https:\/\/www.facebook.com\/skaitytaknyga\/"]}]}},"_links":{"self":[{"href":"https:\/\/skaitytaknyga.lt\/en\/wp-json\/wp\/v2\/product\/15051","targetHints":{"allow":["GET"]}}],"collection":[{"href":"https:\/\/skaitytaknyga.lt\/en\/wp-json\/wp\/v2\/product"}],"about":[{"href":"https:\/\/skaitytaknyga.lt\/en\/wp-json\/wp\/v2\/types\/product"}],"replies":[{"embeddable":true,"href":"https:\/\/skaitytaknyga.lt\/en\/wp-json\/wp\/v2\/comments?post=15051"}],"wp:featuredmedia":[{"embeddable":true,"href":"https:\/\/skaitytaknyga.lt\/en\/wp-json\/wp\/v2\/media\/15205"}],"wp:attachment":[{"href":"https:\/\/skaitytaknyga.lt\/en\/wp-json\/wp\/v2\/media?parent=15051"}],"wp:term":[{"taxonomy":"product_brand","embeddable":true,"href":"https:\/\/skaitytaknyga.lt\/en\/wp-json\/wp\/v2\/product_brand?post=15051"},{"taxonomy":"product_cat","embeddable":true,"href":"https:\/\/skaitytaknyga.lt\/en\/wp-json\/wp\/v2\/product_cat?post=15051"},{"taxonomy":"product_tag","embeddable":true,"href":"https:\/\/skaitytaknyga.lt\/en\/wp-json\/wp\/v2\/product_tag?post=15051"}],"curies":[{"name":"wp","href":"https:\/\/api.w.org\/{rel}","templated":true}]}}