{"id":15050,"date":"2024-11-29T20:22:21","date_gmt":"2024-11-29T18:22:21","guid":{"rendered":"https:\/\/skaitytaknyga.lt\/?post_type=product&#038;p=15050"},"modified":"2024-12-09T11:00:56","modified_gmt":"2024-12-09T09:00:56","slug":"raganiukas","status":"publish","type":"product","link":"https:\/\/skaitytaknyga.lt\/en\/produktas\/raganiukas\/","title":{"rendered":"Raganiukas"},"content":{"rendered":"<p>\u012estabi kelion\u0117 po stebukl\u0173 pasaul\u012f!<\/p>\n<p>J\u012f vadina Grumstu. Bjaurus, i\u0161sigim\u0119s \u2013 veikiau pabaisa nei \u017emogaus vaikas. Dar k\u016bdik\u012f j\u012f pameta t\u0117vai, priglaud\u017eia ragana, \u017eindo me\u0161ka, moko d\u017einas. Vieninteliai jo draugai \u2013 girios gyventojai, kuri\u0173 kalbos augintinis netrukus i\u0161moksta.<\/p>\n<p>Ta\u010diau berniukas nei\u0161vengiamai susiduria su \u017emoni\u0173 pasauliu, jo naivumas \u2013 su j\u0173 \u017eiaurumu. Grumsto \u0161irdis pavirsta \u012f akmen\u012f, o ker\u0161to tro\u0161kimas pastato j\u012f pat\u012f ir jo mam\u0105 ragan\u0105 \u012f mirtin\u0105 pavoj\u0173. Vis d\u0117lto negandos priver\u010dia Grumst\u0105 leistis \u012f kelion\u0119, \u012f pa\u010dias \u017eem\u0117s gelmes, kuri\u0173 paprastas mirtingasis negali n\u0117 \u012fsivaizduoti.<\/p>\n<p>Savo pirmojoje \u012fsp\u016bdingoje fantastin\u0117je knygoje Michael Gruber (Maiklas Gruberis) suk\u016br\u0117 pasaul\u012f, kuris tuo pa\u010diu metu atrodo apgaulingai pa\u017e\u012fstamas ir nepaprastai savitas: \u017eiaurumo, gro\u017eio, legend\u0173, tiesos ir, svarbiausia, stebukl\u0173 pasaulis. Skaitytoj\u0105 nustebins autoriaus i\u0161radingai perkurtos \u017einomos pasakos ir su\u017eav\u0117s nauja nepaprasta pasaka apie berniuk\u0105, kur\u012f augino ragana, katinas, me\u0161ka ir demonas.<\/p>\n<ul class=\"about-product d-none d-xl-block mt-4\">\n<li><strong>Autorius:<\/strong>\u00a0Michael Gruber<\/li>\n<li><strong>Leid\u0117jas:<\/strong>\u00a0Alma littera<\/li>\n<li><strong>Metai:<\/strong>\u00a02007<\/li>\n<li><strong>Puslapiai:<\/strong>\u00a0284<\/li>\n<li class=\"toggleable type-new-formats \"><strong>ISBN:<\/strong>\u00a09789955245407<\/li>\n<li class=\"toggleable type-new-formats \"><strong>Formatas:<\/strong>\u00a015 x 22 cm, kieti vir\u0161eliai<\/li>\n<li><strong>Kalba:<\/strong>\u00a0Lietuvi\u0173<\/li>\n<li><strong>Vert\u0117jas:<\/strong>\u00a0Viktorija Labuckien\u0117<\/li>\n<\/ul>\n","protected":false},"excerpt":{"rendered":"<p>\u012estabi kelion\u0117 po stebukl\u0173 pasaul\u012f! J\u012f vadina Grumstu. Bjaurus, i\u0161sigim\u0119s \u2013 veikiau pabaisa nei \u017emogaus vaikas. Dar k\u016bdik\u012f j\u012f pameta t\u0117vai, priglaud\u017eia ragana, \u017eindo me\u0161ka, moko d\u017einas. Vieninteliai jo draugai \u2013 girios gyventojai, kuri\u0173 kalbos augintinis netrukus i\u0161moksta. Ta\u010diau berniukas nei\u0161vengiamai susiduria su \u017emoni\u0173 pasauliu, jo naivumas \u2013 su j\u0173 \u017eiaurumu. Grumsto \u0161irdis pavirsta \u012f akmen\u012f, o ker\u0161to tro\u0161kimas pastato j\u012f pat\u012f ir jo mam\u0105 ragan\u0105 \u012f mirtin\u0105 pavoj\u0173. Vis d\u0117lto negandos priver\u010dia Grumst\u0105 leistis \u012f kelion\u0119, \u012f pa\u010dias \u017eem\u0117s gelmes, kuri\u0173 paprastas mirtingasis negali n\u0117 \u012fsivaizduoti. Savo pirmojoje \u012fsp\u016bdingoje fantastin\u0117je knygoje Michael Gruber (Maiklas Gruberis) suk\u016br\u0117 pasaul\u012f, kuris tuo pa\u010diu metu atrodo apgaulingai pa\u017e\u012fstamas ir nepaprastai savitas: \u017eiaurumo, gro\u017eio, legend\u0173, tiesos ir, svarbiausia, stebukl\u0173 pasaulis. Skaitytoj\u0105 nustebins autoriaus i\u0161radingai perkurtos \u017einomos pasakos ir su\u017eav\u0117s nauja nepaprasta pasaka apie berniuk\u0105, kur\u012f augino ragana, katinas, me\u0161ka ir demonas. Autorius:\u00a0Michael Gruber Leid\u0117jas:\u00a0Alma littera Metai:\u00a02007 Puslapiai:\u00a0284 ISBN:\u00a09789955245407 Formatas:\u00a015 x 22 cm, kieti vir\u0161eliai Kalba:\u00a0Lietuvi\u0173 Vert\u0117jas:\u00a0Viktorija Labuckien\u0117<\/p>\n","protected":false},"featured_media":15208,"comment_status":"open","ping_status":"closed","template":"","meta":{"_acf_changed":false,"site-sidebar-layout":"default","site-content-layout":"","ast-site-content-layout":"default","site-content-style":"default","site-sidebar-style":"default","ast-global-header-display":"","ast-banner-title-visibility":"","ast-main-header-display":"","ast-hfb-above-header-display":"","ast-hfb-below-header-display":"","ast-hfb-mobile-header-display":"","site-post-title":"","ast-breadcrumbs-content":"","ast-featured-img":"","footer-sml-layout":"","ast-disable-related-posts":"","theme-transparent-header-meta":"default","adv-header-id-meta":"","stick-header-meta":"","header-above-stick-meta":"","header-main-stick-meta":"","header-below-stick-meta":"","astra-migrate-meta-layouts":"set","ast-page-background-enabled":"default","ast-page-background-meta":{"desktop":{"background-color":"","background-image":"","background-repeat":"repeat","background-position":"center center","background-size":"auto","background-attachment":"scroll","background-type":"","background-media":"","overlay-type":"","overlay-color":"","overlay-opacity":"","overlay-gradient":""},"tablet":{"background-color":"","background-image":"","background-repeat":"repeat","background-position":"center center","background-size":"auto","background-attachment":"scroll","background-type":"","background-media":"","overlay-type":"","overlay-color":"","overlay-opacity":"","overlay-gradient":""},"mobile":{"background-color":"","background-image":"","background-repeat":"repeat","background-position":"center center","background-size":"auto","background-attachment":"scroll","background-type":"","background-media":"","overlay-type":"","overlay-color":"","overlay-opacity":"","overlay-gradient":""}},"ast-content-background-meta":{"desktop":{"background-color":"var(--ast-global-color-4)","background-image":"","background-repeat":"repeat","background-position":"center center","background-size":"auto","background-attachment":"scroll","background-type":"","background-media":"","overlay-type":"","overlay-color":"","overlay-opacity":"","overlay-gradient":""},"tablet":{"background-color":"var(--ast-global-color-4)","background-image":"","background-repeat":"repeat","background-position":"center center","background-size":"auto","background-attachment":"scroll","background-type":"","background-media":"","overlay-type":"","overlay-color":"","overlay-opacity":"","overlay-gradient":""},"mobile":{"background-color":"var(--ast-global-color-4)","background-image":"","background-repeat":"repeat","background-position":"center center","background-size":"auto","background-attachment":"scroll","background-type":"","background-media":"","overlay-type":"","overlay-color":"","overlay-opacity":"","overlay-gradient":""}}},"product_brand":[],"product_cat":[15,35],"product_tag":[],"class_list":{"0":"post-15050","1":"product","2":"type-product","3":"status-publish","4":"has-post-thumbnail","6":"product_cat-uncategorized","7":"product_cat-vaikams-ir-paaugliams","8":"desktop-align-left","9":"tablet-align-left","10":"mobile-align-left","12":"first","13":"instock","14":"shipping-taxable","15":"purchasable","16":"product-type-simple"},"acf":[],"yoast_head":"<!-- This site is optimized with the Yoast SEO plugin v27.0 - https:\/\/yoast.com\/product\/yoast-seo-wordpress\/ -->\n<title>Raganiukas<\/title>\n<meta name=\"description\" content=\"\u012estabi kelion\u0117 po stebukl\u0173 pasaul\u012f! J\u012f vadina Grumstu. Bjaurus, i\u0161sigim\u0119s \u2013 veikiau pabaisa nei \u017emogaus vaikas. Dar k\u016bdik\u012f j\u012f pameta t\u0117vai, priglaud\u017eia\" \/>\n<meta name=\"robots\" content=\"index, follow, max-snippet:-1, max-image-preview:large, max-video-preview:-1\" \/>\n<link rel=\"canonical\" href=\"https:\/\/skaitytaknyga.lt\/en\/produktas\/raganiukas\/\" \/>\n<meta property=\"og:locale\" content=\"en_GB\" \/>\n<meta property=\"og:locale:alternate\" content=\"lt_LT\" \/>\n<meta property=\"og:type\" content=\"article\" \/>\n<meta property=\"og:title\" content=\"Raganiukas\" \/>\n<meta property=\"og:description\" content=\"\u012estabi kelion\u0117 po stebukl\u0173 pasaul\u012f! J\u012f vadina Grumstu. Bjaurus, i\u0161sigim\u0119s \u2013 veikiau pabaisa nei \u017emogaus vaikas. Dar k\u016bdik\u012f j\u012f pameta t\u0117vai, priglaud\u017eia\" \/>\n<meta property=\"og:url\" content=\"https:\/\/skaitytaknyga.lt\/en\/produktas\/raganiukas\/\" \/>\n<meta property=\"og:site_name\" content=\"Skaitytaknyga\" \/>\n<meta property=\"article:publisher\" content=\"https:\/\/www.facebook.com\/skaitytaknyga\/\" \/>\n<meta property=\"article:modified_time\" content=\"2024-12-09T09:00:56+00:00\" \/>\n<meta property=\"og:image\" content=\"https:\/\/skaitytaknyga.lt\/wp-content\/uploads\/2024\/11\/Raganiukas.webp\" \/>\n\t<meta property=\"og:image:width\" content=\"538\" \/>\n\t<meta property=\"og:image:height\" content=\"800\" \/>\n\t<meta property=\"og:image:type\" content=\"image\/webp\" \/>\n<meta name=\"twitter:card\" content=\"summary_large_image\" \/>\n<meta name=\"twitter:label1\" content=\"Estimated reading time\" \/>\n\t<meta name=\"twitter:data1\" content=\"2 minutes\" \/>\n<script type=\"application\/ld+json\" class=\"yoast-schema-graph\">{\"@context\":\"https:\/\/schema.org\",\"@graph\":[{\"@type\":\"WebPage\",\"@id\":\"https:\/\/skaitytaknyga.lt\/produktas\/raganiukas\/\",\"url\":\"https:\/\/skaitytaknyga.lt\/produktas\/raganiukas\/\",\"name\":\"Raganiukas\",\"isPartOf\":{\"@id\":\"https:\/\/skaitytaknyga.lt\/#website\"},\"primaryImageOfPage\":{\"@id\":\"https:\/\/skaitytaknyga.lt\/produktas\/raganiukas\/#primaryimage\"},\"image\":{\"@id\":\"https:\/\/skaitytaknyga.lt\/produktas\/raganiukas\/#primaryimage\"},\"thumbnailUrl\":\"https:\/\/skaitytaknyga.lt\/wp-content\/uploads\/2024\/11\/Raganiukas.webp\",\"datePublished\":\"2024-11-29T18:22:21+00:00\",\"dateModified\":\"2024-12-09T09:00:56+00:00\",\"description\":\"\u012estabi kelion\u0117 po stebukl\u0173 pasaul\u012f! J\u012f vadina Grumstu. Bjaurus, i\u0161sigim\u0119s \u2013 veikiau pabaisa nei \u017emogaus vaikas. Dar k\u016bdik\u012f j\u012f pameta t\u0117vai, priglaud\u017eia\",\"breadcrumb\":{\"@id\":\"https:\/\/skaitytaknyga.lt\/produktas\/raganiukas\/#breadcrumb\"},\"inLanguage\":\"en-GB\",\"potentialAction\":[{\"@type\":\"ReadAction\",\"target\":[\"https:\/\/skaitytaknyga.lt\/produktas\/raganiukas\/\"]}]},{\"@type\":\"ImageObject\",\"inLanguage\":\"en-GB\",\"@id\":\"https:\/\/skaitytaknyga.lt\/produktas\/raganiukas\/#primaryimage\",\"url\":\"https:\/\/skaitytaknyga.lt\/wp-content\/uploads\/2024\/11\/Raganiukas.webp\",\"contentUrl\":\"https:\/\/skaitytaknyga.lt\/wp-content\/uploads\/2024\/11\/Raganiukas.webp\",\"width\":538,\"height\":800,\"caption\":\"Raganiukas\"},{\"@type\":\"BreadcrumbList\",\"@id\":\"https:\/\/skaitytaknyga.lt\/produktas\/raganiukas\/#breadcrumb\",\"itemListElement\":[{\"@type\":\"ListItem\",\"position\":1,\"name\":\"Home\",\"item\":\"https:\/\/skaitytaknyga.lt\/\"},{\"@type\":\"ListItem\",\"position\":2,\"name\":\"Parduotuv\u0117\",\"item\":\"https:\/\/skaitytaknyga.lt\/knygu-parduotuve\/\"},{\"@type\":\"ListItem\",\"position\":3,\"name\":\"Raganiukas\"}]},{\"@type\":\"WebSite\",\"@id\":\"https:\/\/skaitytaknyga.lt\/#website\",\"url\":\"https:\/\/skaitytaknyga.lt\/\",\"name\":\"skaitytaknyga.lt\",\"description\":\"Skaitytaknyga.lt \u2013 tai ma\u017eas \u0161eimos verslas, kuris prasid\u0117jo nuo meil\u0117s knygoms ir siekio i\u0161gelb\u0117ti knygas nuo likimo prie konteinerio. Kas vienam nereikalingas daiktas \u2013 kitam lobis, o mes esame tarpininkai, kurie padeda abiems tapti laimingesniems ???? \u017dinome kaip nelengva i\u0161gyventi ma\u017eiems verslams, tad nuo \u0161iol, \u010dia rasite ir kit\u0173, ma\u017e\u0173 \u0161eim\u0173 versl\u0173, rank\u0173 darbo, dovan\u0173 sau ir artimiesiems.\",\"publisher\":{\"@id\":\"https:\/\/skaitytaknyga.lt\/#organization\"},\"potentialAction\":[{\"@type\":\"SearchAction\",\"target\":{\"@type\":\"EntryPoint\",\"urlTemplate\":\"https:\/\/skaitytaknyga.lt\/?s={search_term_string}\"},\"query-input\":{\"@type\":\"PropertyValueSpecification\",\"valueRequired\":true,\"valueName\":\"search_term_string\"}}],\"inLanguage\":\"en-GB\"},{\"@type\":\"Organization\",\"@id\":\"https:\/\/skaitytaknyga.lt\/#organization\",\"name\":\"skaitytaknyga.lt\",\"url\":\"https:\/\/skaitytaknyga.lt\/\",\"logo\":{\"@type\":\"ImageObject\",\"inLanguage\":\"en-GB\",\"@id\":\"https:\/\/skaitytaknyga.lt\/#\/schema\/logo\/image\/\",\"url\":\"https:\/\/skaitytaknyga.lt\/wp-content\/uploads\/2024\/05\/cropped-cropped-cropped-02_00843_jt3bggkj1j3HLc7SyY6rEUpg.jpeg\",\"contentUrl\":\"https:\/\/skaitytaknyga.lt\/wp-content\/uploads\/2024\/05\/cropped-cropped-cropped-02_00843_jt3bggkj1j3HLc7SyY6rEUpg.jpeg\",\"width\":1600,\"height\":1600,\"caption\":\"skaitytaknyga.lt\"},\"image\":{\"@id\":\"https:\/\/skaitytaknyga.lt\/#\/schema\/logo\/image\/\"},\"sameAs\":[\"https:\/\/www.facebook.com\/skaitytaknyga\/\"]}]}<\/script>\n<!-- \/ Yoast SEO plugin. -->","yoast_head_json":{"title":"Raganiukas","description":"\u012estabi kelion\u0117 po stebukl\u0173 pasaul\u012f! J\u012f vadina Grumstu. Bjaurus, i\u0161sigim\u0119s \u2013 veikiau pabaisa nei \u017emogaus vaikas. Dar k\u016bdik\u012f j\u012f pameta t\u0117vai, priglaud\u017eia","robots":{"index":"index","follow":"follow","max-snippet":"max-snippet:-1","max-image-preview":"max-image-preview:large","max-video-preview":"max-video-preview:-1"},"canonical":"https:\/\/skaitytaknyga.lt\/en\/produktas\/raganiukas\/","og_locale":"en_GB","og_type":"article","og_title":"[:lt]Raganiukas[:] - Skaitytaknyga","og_description":"\u012estabi kelion\u0117 po stebukl\u0173 pasaul\u012f! J\u012f vadina Grumstu. Bjaurus, i\u0161sigim\u0119s \u2013 veikiau pabaisa nei \u017emogaus vaikas. Dar k\u016bdik\u012f j\u012f pameta t\u0117vai, priglaud\u017eia","og_url":"https:\/\/skaitytaknyga.lt\/en\/produktas\/raganiukas\/","og_site_name":"Skaitytaknyga","article_publisher":"https:\/\/www.facebook.com\/skaitytaknyga\/","article_modified_time":"2024-12-09T09:00:56+00:00","og_image":[{"width":538,"height":800,"url":"https:\/\/skaitytaknyga.lt\/wp-content\/uploads\/2024\/11\/Raganiukas.webp","type":"image\/webp"}],"twitter_card":"summary_large_image","twitter_misc":{"Estimated reading time":"2 minutes"},"schema":{"@context":"https:\/\/schema.org","@graph":[{"@type":"WebPage","@id":"https:\/\/skaitytaknyga.lt\/produktas\/raganiukas\/","url":"https:\/\/skaitytaknyga.lt\/produktas\/raganiukas\/","name":"Raganiukas","isPartOf":{"@id":"https:\/\/skaitytaknyga.lt\/#website"},"primaryImageOfPage":{"@id":"https:\/\/skaitytaknyga.lt\/produktas\/raganiukas\/#primaryimage"},"image":{"@id":"https:\/\/skaitytaknyga.lt\/produktas\/raganiukas\/#primaryimage"},"thumbnailUrl":"https:\/\/skaitytaknyga.lt\/wp-content\/uploads\/2024\/11\/Raganiukas.webp","datePublished":"2024-11-29T18:22:21+00:00","dateModified":"2024-12-09T09:00:56+00:00","description":"\u012estabi kelion\u0117 po stebukl\u0173 pasaul\u012f! J\u012f vadina Grumstu. Bjaurus, i\u0161sigim\u0119s \u2013 veikiau pabaisa nei \u017emogaus vaikas. Dar k\u016bdik\u012f j\u012f pameta t\u0117vai, priglaud\u017eia","breadcrumb":{"@id":"https:\/\/skaitytaknyga.lt\/produktas\/raganiukas\/#breadcrumb"},"inLanguage":"en-GB","potentialAction":[{"@type":"ReadAction","target":["https:\/\/skaitytaknyga.lt\/produktas\/raganiukas\/"]}]},{"@type":"ImageObject","inLanguage":"en-GB","@id":"https:\/\/skaitytaknyga.lt\/produktas\/raganiukas\/#primaryimage","url":"https:\/\/skaitytaknyga.lt\/wp-content\/uploads\/2024\/11\/Raganiukas.webp","contentUrl":"https:\/\/skaitytaknyga.lt\/wp-content\/uploads\/2024\/11\/Raganiukas.webp","width":538,"height":800,"caption":"Raganiukas"},{"@type":"BreadcrumbList","@id":"https:\/\/skaitytaknyga.lt\/produktas\/raganiukas\/#breadcrumb","itemListElement":[{"@type":"ListItem","position":1,"name":"Home","item":"https:\/\/skaitytaknyga.lt\/"},{"@type":"ListItem","position":2,"name":"Parduotuv\u0117","item":"https:\/\/skaitytaknyga.lt\/knygu-parduotuve\/"},{"@type":"ListItem","position":3,"name":"Raganiukas"}]},{"@type":"WebSite","@id":"https:\/\/skaitytaknyga.lt\/#website","url":"https:\/\/skaitytaknyga.lt\/","name":"skaitytaknyga.lt","description":"Skaitytaknyga.lt \u2013 tai ma\u017eas \u0161eimos verslas, kuris prasid\u0117jo nuo meil\u0117s knygoms ir siekio i\u0161gelb\u0117ti knygas nuo likimo prie konteinerio. Kas vienam nereikalingas daiktas \u2013 kitam lobis, o mes esame tarpininkai, kurie padeda abiems tapti laimingesniems ???? \u017dinome kaip nelengva i\u0161gyventi ma\u017eiems verslams, tad nuo \u0161iol, \u010dia rasite ir kit\u0173, ma\u017e\u0173 \u0161eim\u0173 versl\u0173, rank\u0173 darbo, dovan\u0173 sau ir artimiesiems.","publisher":{"@id":"https:\/\/skaitytaknyga.lt\/#organization"},"potentialAction":[{"@type":"SearchAction","target":{"@type":"EntryPoint","urlTemplate":"https:\/\/skaitytaknyga.lt\/?s={search_term_string}"},"query-input":{"@type":"PropertyValueSpecification","valueRequired":true,"valueName":"search_term_string"}}],"inLanguage":"en-GB"},{"@type":"Organization","@id":"https:\/\/skaitytaknyga.lt\/#organization","name":"skaitytaknyga.lt","url":"https:\/\/skaitytaknyga.lt\/","logo":{"@type":"ImageObject","inLanguage":"en-GB","@id":"https:\/\/skaitytaknyga.lt\/#\/schema\/logo\/image\/","url":"https:\/\/skaitytaknyga.lt\/wp-content\/uploads\/2024\/05\/cropped-cropped-cropped-02_00843_jt3bggkj1j3HLc7SyY6rEUpg.jpeg","contentUrl":"https:\/\/skaitytaknyga.lt\/wp-content\/uploads\/2024\/05\/cropped-cropped-cropped-02_00843_jt3bggkj1j3HLc7SyY6rEUpg.jpeg","width":1600,"height":1600,"caption":"skaitytaknyga.lt"},"image":{"@id":"https:\/\/skaitytaknyga.lt\/#\/schema\/logo\/image\/"},"sameAs":["https:\/\/www.facebook.com\/skaitytaknyga\/"]}]}},"_links":{"self":[{"href":"https:\/\/skaitytaknyga.lt\/en\/wp-json\/wp\/v2\/product\/15050","targetHints":{"allow":["GET"]}}],"collection":[{"href":"https:\/\/skaitytaknyga.lt\/en\/wp-json\/wp\/v2\/product"}],"about":[{"href":"https:\/\/skaitytaknyga.lt\/en\/wp-json\/wp\/v2\/types\/product"}],"replies":[{"embeddable":true,"href":"https:\/\/skaitytaknyga.lt\/en\/wp-json\/wp\/v2\/comments?post=15050"}],"wp:featuredmedia":[{"embeddable":true,"href":"https:\/\/skaitytaknyga.lt\/en\/wp-json\/wp\/v2\/media\/15208"}],"wp:attachment":[{"href":"https:\/\/skaitytaknyga.lt\/en\/wp-json\/wp\/v2\/media?parent=15050"}],"wp:term":[{"taxonomy":"product_brand","embeddable":true,"href":"https:\/\/skaitytaknyga.lt\/en\/wp-json\/wp\/v2\/product_brand?post=15050"},{"taxonomy":"product_cat","embeddable":true,"href":"https:\/\/skaitytaknyga.lt\/en\/wp-json\/wp\/v2\/product_cat?post=15050"},{"taxonomy":"product_tag","embeddable":true,"href":"https:\/\/skaitytaknyga.lt\/en\/wp-json\/wp\/v2\/product_tag?post=15050"}],"curies":[{"name":"wp","href":"https:\/\/api.w.org\/{rel}","templated":true}]}}