{"id":15049,"date":"2024-11-29T20:22:21","date_gmt":"2024-11-29T18:22:21","guid":{"rendered":"https:\/\/skaitytaknyga.lt\/?post_type=product&#038;p=15049"},"modified":"2026-03-18T11:09:41","modified_gmt":"2026-03-18T09:09:41","slug":"vandens-karaliene","status":"publish","type":"product","link":"https:\/\/skaitytaknyga.lt\/en\/produktas\/vandens-karaliene\/","title":{"rendered":"Vandens karalien\u0117"},"content":{"rendered":"<p>Atsivert\u0119 \u0161i\u0105 knyg\u0105 pateksite \u012f nuostab\u0173 magijos, nuotyki\u0173 ir jausm\u0173 pasaul\u012f. Pagrindin\u0117 knygos veik\u0117ja na\u0161lait\u0117 Merl\u0117 gyvena Venecijoje. \u0160is miestas kitoks. \u010cia sargyb\u0105 eina akmeniniai li\u016btai, garsiojoje regatoje miesto kanalais valtis traukia j\u016br\u0173 mergel\u0117s, pagalb\u0105 si\u016blo pragaro pasiuntiniai.<\/p>\n<p>Merl\u0117 su akl\u0105ja Junipe patenka pas stebukling\u0173j\u0173 veidrod\u017ei\u0173 meistr\u0105 Ar\u010dimbold\u0105. Nuo \u0161iol j\u0173 gyvenimas kupinas ne\u012ftik\u0117tin\u0173 ker\u0173 ir nuotyki\u0173. Merl\u0117 susipa\u017e\u012fsta su paslapting\u0105ja Vandens karaliene, saugan\u010dia miest\u0105 nuo nuo\u017emaus faraono kariaunos. \u0160\u012f kart\u0105 pavojus gresia pa\u010diai Vandens karalienei ir Venecijos miestui, o pad\u0117ti gali Merl\u0117 ir jos draugai&#8230;<\/p>\n<ul class=\"about-product d-none d-xl-block mt-4\">\n<li><strong>Originalus pavadinimas:<\/strong>\u00a0Die fliebende Konigin<\/li>\n<li><strong>Autorius:<\/strong>\u00a0Kai Meyer<\/li>\n<li><strong>Leid\u0117jas:<\/strong>\u00a0Alma littera<\/li>\n<li><strong>Metai:<\/strong>\u00a02005<\/li>\n<li><strong>Puslapiai:<\/strong>\u00a0208<\/li>\n<li class=\"toggleable type-new-formats \"><strong>ISBN:<\/strong>\u00a09789955088165<\/li>\n<li class=\"toggleable type-new-formats \"><strong>Formatas:<\/strong>\u00a014,5 x 22 cm, kieti vir\u0161eliai<\/li>\n<li><strong>Kalba:<\/strong>\u00a0Lietuvi\u0173<\/li>\n<li><strong>Vert\u0117jas:<\/strong>\u00a0Birut\u0117 Lipavi\u010dien\u0117<\/li>\n<\/ul>\n","protected":false},"excerpt":{"rendered":"<p>Atsivert\u0119 \u0161i\u0105 knyg\u0105 pateksite \u012f nuostab\u0173 magijos, nuotyki\u0173 ir jausm\u0173 pasaul\u012f. Pagrindin\u0117 knygos veik\u0117ja na\u0161lait\u0117 Merl\u0117 gyvena Venecijoje. \u0160is miestas kitoks. \u010cia sargyb\u0105 eina akmeniniai li\u016btai, garsiojoje regatoje miesto kanalais valtis traukia j\u016br\u0173 mergel\u0117s, pagalb\u0105 si\u016blo pragaro pasiuntiniai. Merl\u0117 su akl\u0105ja Junipe patenka pas stebukling\u0173j\u0173 veidrod\u017ei\u0173 meistr\u0105 Ar\u010dimbold\u0105. Nuo \u0161iol j\u0173 gyvenimas kupinas ne\u012ftik\u0117tin\u0173 ker\u0173 ir nuotyki\u0173. Merl\u0117 susipa\u017e\u012fsta su paslapting\u0105ja Vandens karaliene, saugan\u010dia miest\u0105 nuo nuo\u017emaus faraono kariaunos. \u0160\u012f kart\u0105 pavojus gresia pa\u010diai Vandens karalienei ir Venecijos miestui, o pad\u0117ti gali Merl\u0117 ir jos draugai&#8230; Originalus pavadinimas:\u00a0Die fliebende Konigin Autorius:\u00a0Kai Meyer Leid\u0117jas:\u00a0Alma littera Metai:\u00a02005 Puslapiai:\u00a0208 ISBN:\u00a09789955088165 Formatas:\u00a014,5 x 22 cm, kieti vir\u0161eliai Kalba:\u00a0Lietuvi\u0173 Vert\u0117jas:\u00a0Birut\u0117 Lipavi\u010dien\u0117<\/p>\n","protected":false},"featured_media":15206,"comment_status":"open","ping_status":"closed","template":"","meta":{"_acf_changed":false,"site-sidebar-layout":"default","site-content-layout":"","ast-site-content-layout":"default","site-content-style":"default","site-sidebar-style":"default","ast-global-header-display":"","ast-banner-title-visibility":"","ast-main-header-display":"","ast-hfb-above-header-display":"","ast-hfb-below-header-display":"","ast-hfb-mobile-header-display":"","site-post-title":"","ast-breadcrumbs-content":"","ast-featured-img":"","footer-sml-layout":"","ast-disable-related-posts":"","theme-transparent-header-meta":"default","adv-header-id-meta":"","stick-header-meta":"","header-above-stick-meta":"","header-main-stick-meta":"","header-below-stick-meta":"","astra-migrate-meta-layouts":"set","ast-page-background-enabled":"default","ast-page-background-meta":{"desktop":{"background-color":"","background-image":"","background-repeat":"repeat","background-position":"center center","background-size":"auto","background-attachment":"scroll","background-type":"","background-media":"","overlay-type":"","overlay-color":"","overlay-opacity":"","overlay-gradient":""},"tablet":{"background-color":"","background-image":"","background-repeat":"repeat","background-position":"center center","background-size":"auto","background-attachment":"scroll","background-type":"","background-media":"","overlay-type":"","overlay-color":"","overlay-opacity":"","overlay-gradient":""},"mobile":{"background-color":"","background-image":"","background-repeat":"repeat","background-position":"center center","background-size":"auto","background-attachment":"scroll","background-type":"","background-media":"","overlay-type":"","overlay-color":"","overlay-opacity":"","overlay-gradient":""}},"ast-content-background-meta":{"desktop":{"background-color":"var(--ast-global-color-4)","background-image":"","background-repeat":"repeat","background-position":"center center","background-size":"auto","background-attachment":"scroll","background-type":"","background-media":"","overlay-type":"","overlay-color":"","overlay-opacity":"","overlay-gradient":""},"tablet":{"background-color":"var(--ast-global-color-4)","background-image":"","background-repeat":"repeat","background-position":"center center","background-size":"auto","background-attachment":"scroll","background-type":"","background-media":"","overlay-type":"","overlay-color":"","overlay-opacity":"","overlay-gradient":""},"mobile":{"background-color":"var(--ast-global-color-4)","background-image":"","background-repeat":"repeat","background-position":"center center","background-size":"auto","background-attachment":"scroll","background-type":"","background-media":"","overlay-type":"","overlay-color":"","overlay-opacity":"","overlay-gradient":""}}},"product_brand":[],"product_cat":[9734],"product_tag":[],"class_list":{"0":"post-15049","1":"product","2":"type-product","3":"status-publish","4":"has-post-thumbnail","6":"product_cat-romanai","7":"desktop-align-left","8":"tablet-align-left","9":"mobile-align-left","11":"first","12":"instock","13":"shipping-taxable","14":"purchasable","15":"product-type-simple"},"acf":[],"yoast_head":"<!-- This site is optimized with the Yoast SEO plugin v27.0 - https:\/\/yoast.com\/product\/yoast-seo-wordpress\/ -->\n<title>Vandens karalien\u0117<\/title>\n<meta name=\"description\" content=\"Atsivert\u0119 \u0161i\u0105 knyg\u0105 pateksite \u012f nuostab\u0173 magijos, nuotyki\u0173 ir jausm\u0173 pasaul\u012f. Pagrindin\u0117 knygos veik\u0117ja na\u0161lait\u0117 Merl\u0117 gyvena Venecijoje. \u0160is miestas\" \/>\n<meta name=\"robots\" content=\"index, follow, max-snippet:-1, max-image-preview:large, max-video-preview:-1\" \/>\n<link rel=\"canonical\" href=\"https:\/\/skaitytaknyga.lt\/en\/produktas\/vandens-karaliene\/\" \/>\n<meta property=\"og:locale\" content=\"en_GB\" \/>\n<meta property=\"og:locale:alternate\" content=\"lt_LT\" \/>\n<meta property=\"og:type\" content=\"article\" \/>\n<meta property=\"og:title\" content=\"Vandens karalien\u0117\" \/>\n<meta property=\"og:description\" content=\"Atsivert\u0119 \u0161i\u0105 knyg\u0105 pateksite \u012f nuostab\u0173 magijos, nuotyki\u0173 ir jausm\u0173 pasaul\u012f. Pagrindin\u0117 knygos veik\u0117ja na\u0161lait\u0117 Merl\u0117 gyvena Venecijoje. \u0160is miestas\" \/>\n<meta property=\"og:url\" content=\"https:\/\/skaitytaknyga.lt\/en\/produktas\/vandens-karaliene\/\" \/>\n<meta property=\"og:site_name\" content=\"Skaitytaknyga\" \/>\n<meta property=\"article:publisher\" content=\"https:\/\/www.facebook.com\/skaitytaknyga\/\" \/>\n<meta property=\"article:modified_time\" content=\"2026-03-18T09:09:41+00:00\" \/>\n<meta property=\"og:image\" content=\"https:\/\/skaitytaknyga.lt\/wp-content\/uploads\/2024\/11\/Vandens-karaliene.webp\" \/>\n\t<meta property=\"og:image:width\" content=\"150\" \/>\n\t<meta property=\"og:image:height\" content=\"227\" \/>\n\t<meta property=\"og:image:type\" content=\"image\/webp\" \/>\n<meta name=\"twitter:card\" content=\"summary_large_image\" \/>\n<meta name=\"twitter:label1\" content=\"Estimated reading time\" \/>\n\t<meta name=\"twitter:data1\" content=\"1 minute\" \/>\n<script type=\"application\/ld+json\" class=\"yoast-schema-graph\">{\"@context\":\"https:\/\/schema.org\",\"@graph\":[{\"@type\":\"WebPage\",\"@id\":\"https:\/\/skaitytaknyga.lt\/produktas\/vandens-karaliene\/\",\"url\":\"https:\/\/skaitytaknyga.lt\/produktas\/vandens-karaliene\/\",\"name\":\"Vandens karalien\u0117\",\"isPartOf\":{\"@id\":\"https:\/\/skaitytaknyga.lt\/#website\"},\"primaryImageOfPage\":{\"@id\":\"https:\/\/skaitytaknyga.lt\/produktas\/vandens-karaliene\/#primaryimage\"},\"image\":{\"@id\":\"https:\/\/skaitytaknyga.lt\/produktas\/vandens-karaliene\/#primaryimage\"},\"thumbnailUrl\":\"https:\/\/skaitytaknyga.lt\/wp-content\/uploads\/2024\/11\/Vandens-karaliene.webp\",\"datePublished\":\"2024-11-29T18:22:21+00:00\",\"dateModified\":\"2026-03-18T09:09:41+00:00\",\"description\":\"Atsivert\u0119 \u0161i\u0105 knyg\u0105 pateksite \u012f nuostab\u0173 magijos, nuotyki\u0173 ir jausm\u0173 pasaul\u012f. Pagrindin\u0117 knygos veik\u0117ja na\u0161lait\u0117 Merl\u0117 gyvena Venecijoje. \u0160is miestas\",\"breadcrumb\":{\"@id\":\"https:\/\/skaitytaknyga.lt\/produktas\/vandens-karaliene\/#breadcrumb\"},\"inLanguage\":\"en-GB\",\"potentialAction\":[{\"@type\":\"ReadAction\",\"target\":[\"https:\/\/skaitytaknyga.lt\/produktas\/vandens-karaliene\/\"]}]},{\"@type\":\"ImageObject\",\"inLanguage\":\"en-GB\",\"@id\":\"https:\/\/skaitytaknyga.lt\/produktas\/vandens-karaliene\/#primaryimage\",\"url\":\"https:\/\/skaitytaknyga.lt\/wp-content\/uploads\/2024\/11\/Vandens-karaliene.webp\",\"contentUrl\":\"https:\/\/skaitytaknyga.lt\/wp-content\/uploads\/2024\/11\/Vandens-karaliene.webp\",\"width\":150,\"height\":227,\"caption\":\"Vandens karalien\u0117\"},{\"@type\":\"BreadcrumbList\",\"@id\":\"https:\/\/skaitytaknyga.lt\/produktas\/vandens-karaliene\/#breadcrumb\",\"itemListElement\":[{\"@type\":\"ListItem\",\"position\":1,\"name\":\"Home\",\"item\":\"https:\/\/skaitytaknyga.lt\/\"},{\"@type\":\"ListItem\",\"position\":2,\"name\":\"Parduotuv\u0117\",\"item\":\"https:\/\/skaitytaknyga.lt\/knygu-parduotuve\/\"},{\"@type\":\"ListItem\",\"position\":3,\"name\":\"Vandens karalien\u0117\"}]},{\"@type\":\"WebSite\",\"@id\":\"https:\/\/skaitytaknyga.lt\/#website\",\"url\":\"https:\/\/skaitytaknyga.lt\/\",\"name\":\"skaitytaknyga.lt\",\"description\":\"Skaitytaknyga.lt \u2013 tai ma\u017eas \u0161eimos verslas, kuris prasid\u0117jo nuo meil\u0117s knygoms ir siekio i\u0161gelb\u0117ti knygas nuo likimo prie konteinerio. Kas vienam nereikalingas daiktas \u2013 kitam lobis, o mes esame tarpininkai, kurie padeda abiems tapti laimingesniems ???? \u017dinome kaip nelengva i\u0161gyventi ma\u017eiems verslams, tad nuo \u0161iol, \u010dia rasite ir kit\u0173, ma\u017e\u0173 \u0161eim\u0173 versl\u0173, rank\u0173 darbo, dovan\u0173 sau ir artimiesiems.\",\"publisher\":{\"@id\":\"https:\/\/skaitytaknyga.lt\/#organization\"},\"potentialAction\":[{\"@type\":\"SearchAction\",\"target\":{\"@type\":\"EntryPoint\",\"urlTemplate\":\"https:\/\/skaitytaknyga.lt\/?s={search_term_string}\"},\"query-input\":{\"@type\":\"PropertyValueSpecification\",\"valueRequired\":true,\"valueName\":\"search_term_string\"}}],\"inLanguage\":\"en-GB\"},{\"@type\":\"Organization\",\"@id\":\"https:\/\/skaitytaknyga.lt\/#organization\",\"name\":\"skaitytaknyga.lt\",\"url\":\"https:\/\/skaitytaknyga.lt\/\",\"logo\":{\"@type\":\"ImageObject\",\"inLanguage\":\"en-GB\",\"@id\":\"https:\/\/skaitytaknyga.lt\/#\/schema\/logo\/image\/\",\"url\":\"https:\/\/skaitytaknyga.lt\/wp-content\/uploads\/2024\/05\/cropped-cropped-cropped-02_00843_jt3bggkj1j3HLc7SyY6rEUpg.jpeg\",\"contentUrl\":\"https:\/\/skaitytaknyga.lt\/wp-content\/uploads\/2024\/05\/cropped-cropped-cropped-02_00843_jt3bggkj1j3HLc7SyY6rEUpg.jpeg\",\"width\":1600,\"height\":1600,\"caption\":\"skaitytaknyga.lt\"},\"image\":{\"@id\":\"https:\/\/skaitytaknyga.lt\/#\/schema\/logo\/image\/\"},\"sameAs\":[\"https:\/\/www.facebook.com\/skaitytaknyga\/\"]}]}<\/script>\n<!-- \/ Yoast SEO plugin. -->","yoast_head_json":{"title":"Vandens karalien\u0117","description":"Atsivert\u0119 \u0161i\u0105 knyg\u0105 pateksite \u012f nuostab\u0173 magijos, nuotyki\u0173 ir jausm\u0173 pasaul\u012f. Pagrindin\u0117 knygos veik\u0117ja na\u0161lait\u0117 Merl\u0117 gyvena Venecijoje. \u0160is miestas","robots":{"index":"index","follow":"follow","max-snippet":"max-snippet:-1","max-image-preview":"max-image-preview:large","max-video-preview":"max-video-preview:-1"},"canonical":"https:\/\/skaitytaknyga.lt\/en\/produktas\/vandens-karaliene\/","og_locale":"en_GB","og_type":"article","og_title":"[:lt]Vandens karalien\u0117[:] - Skaitytaknyga","og_description":"Atsivert\u0119 \u0161i\u0105 knyg\u0105 pateksite \u012f nuostab\u0173 magijos, nuotyki\u0173 ir jausm\u0173 pasaul\u012f. Pagrindin\u0117 knygos veik\u0117ja na\u0161lait\u0117 Merl\u0117 gyvena Venecijoje. \u0160is miestas","og_url":"https:\/\/skaitytaknyga.lt\/en\/produktas\/vandens-karaliene\/","og_site_name":"Skaitytaknyga","article_publisher":"https:\/\/www.facebook.com\/skaitytaknyga\/","article_modified_time":"2026-03-18T09:09:41+00:00","og_image":[{"width":150,"height":227,"url":"https:\/\/skaitytaknyga.lt\/wp-content\/uploads\/2024\/11\/Vandens-karaliene.webp","type":"image\/webp"}],"twitter_card":"summary_large_image","twitter_misc":{"Estimated reading time":"1 minute"},"schema":{"@context":"https:\/\/schema.org","@graph":[{"@type":"WebPage","@id":"https:\/\/skaitytaknyga.lt\/produktas\/vandens-karaliene\/","url":"https:\/\/skaitytaknyga.lt\/produktas\/vandens-karaliene\/","name":"Vandens karalien\u0117","isPartOf":{"@id":"https:\/\/skaitytaknyga.lt\/#website"},"primaryImageOfPage":{"@id":"https:\/\/skaitytaknyga.lt\/produktas\/vandens-karaliene\/#primaryimage"},"image":{"@id":"https:\/\/skaitytaknyga.lt\/produktas\/vandens-karaliene\/#primaryimage"},"thumbnailUrl":"https:\/\/skaitytaknyga.lt\/wp-content\/uploads\/2024\/11\/Vandens-karaliene.webp","datePublished":"2024-11-29T18:22:21+00:00","dateModified":"2026-03-18T09:09:41+00:00","description":"Atsivert\u0119 \u0161i\u0105 knyg\u0105 pateksite \u012f nuostab\u0173 magijos, nuotyki\u0173 ir jausm\u0173 pasaul\u012f. Pagrindin\u0117 knygos veik\u0117ja na\u0161lait\u0117 Merl\u0117 gyvena Venecijoje. \u0160is miestas","breadcrumb":{"@id":"https:\/\/skaitytaknyga.lt\/produktas\/vandens-karaliene\/#breadcrumb"},"inLanguage":"en-GB","potentialAction":[{"@type":"ReadAction","target":["https:\/\/skaitytaknyga.lt\/produktas\/vandens-karaliene\/"]}]},{"@type":"ImageObject","inLanguage":"en-GB","@id":"https:\/\/skaitytaknyga.lt\/produktas\/vandens-karaliene\/#primaryimage","url":"https:\/\/skaitytaknyga.lt\/wp-content\/uploads\/2024\/11\/Vandens-karaliene.webp","contentUrl":"https:\/\/skaitytaknyga.lt\/wp-content\/uploads\/2024\/11\/Vandens-karaliene.webp","width":150,"height":227,"caption":"Vandens karalien\u0117"},{"@type":"BreadcrumbList","@id":"https:\/\/skaitytaknyga.lt\/produktas\/vandens-karaliene\/#breadcrumb","itemListElement":[{"@type":"ListItem","position":1,"name":"Home","item":"https:\/\/skaitytaknyga.lt\/"},{"@type":"ListItem","position":2,"name":"Parduotuv\u0117","item":"https:\/\/skaitytaknyga.lt\/knygu-parduotuve\/"},{"@type":"ListItem","position":3,"name":"Vandens karalien\u0117"}]},{"@type":"WebSite","@id":"https:\/\/skaitytaknyga.lt\/#website","url":"https:\/\/skaitytaknyga.lt\/","name":"skaitytaknyga.lt","description":"Skaitytaknyga.lt \u2013 tai ma\u017eas \u0161eimos verslas, kuris prasid\u0117jo nuo meil\u0117s knygoms ir siekio i\u0161gelb\u0117ti knygas nuo likimo prie konteinerio. Kas vienam nereikalingas daiktas \u2013 kitam lobis, o mes esame tarpininkai, kurie padeda abiems tapti laimingesniems ???? \u017dinome kaip nelengva i\u0161gyventi ma\u017eiems verslams, tad nuo \u0161iol, \u010dia rasite ir kit\u0173, ma\u017e\u0173 \u0161eim\u0173 versl\u0173, rank\u0173 darbo, dovan\u0173 sau ir artimiesiems.","publisher":{"@id":"https:\/\/skaitytaknyga.lt\/#organization"},"potentialAction":[{"@type":"SearchAction","target":{"@type":"EntryPoint","urlTemplate":"https:\/\/skaitytaknyga.lt\/?s={search_term_string}"},"query-input":{"@type":"PropertyValueSpecification","valueRequired":true,"valueName":"search_term_string"}}],"inLanguage":"en-GB"},{"@type":"Organization","@id":"https:\/\/skaitytaknyga.lt\/#organization","name":"skaitytaknyga.lt","url":"https:\/\/skaitytaknyga.lt\/","logo":{"@type":"ImageObject","inLanguage":"en-GB","@id":"https:\/\/skaitytaknyga.lt\/#\/schema\/logo\/image\/","url":"https:\/\/skaitytaknyga.lt\/wp-content\/uploads\/2024\/05\/cropped-cropped-cropped-02_00843_jt3bggkj1j3HLc7SyY6rEUpg.jpeg","contentUrl":"https:\/\/skaitytaknyga.lt\/wp-content\/uploads\/2024\/05\/cropped-cropped-cropped-02_00843_jt3bggkj1j3HLc7SyY6rEUpg.jpeg","width":1600,"height":1600,"caption":"skaitytaknyga.lt"},"image":{"@id":"https:\/\/skaitytaknyga.lt\/#\/schema\/logo\/image\/"},"sameAs":["https:\/\/www.facebook.com\/skaitytaknyga\/"]}]}},"_links":{"self":[{"href":"https:\/\/skaitytaknyga.lt\/en\/wp-json\/wp\/v2\/product\/15049","targetHints":{"allow":["GET"]}}],"collection":[{"href":"https:\/\/skaitytaknyga.lt\/en\/wp-json\/wp\/v2\/product"}],"about":[{"href":"https:\/\/skaitytaknyga.lt\/en\/wp-json\/wp\/v2\/types\/product"}],"replies":[{"embeddable":true,"href":"https:\/\/skaitytaknyga.lt\/en\/wp-json\/wp\/v2\/comments?post=15049"}],"wp:featuredmedia":[{"embeddable":true,"href":"https:\/\/skaitytaknyga.lt\/en\/wp-json\/wp\/v2\/media\/15206"}],"wp:attachment":[{"href":"https:\/\/skaitytaknyga.lt\/en\/wp-json\/wp\/v2\/media?parent=15049"}],"wp:term":[{"taxonomy":"product_brand","embeddable":true,"href":"https:\/\/skaitytaknyga.lt\/en\/wp-json\/wp\/v2\/product_brand?post=15049"},{"taxonomy":"product_cat","embeddable":true,"href":"https:\/\/skaitytaknyga.lt\/en\/wp-json\/wp\/v2\/product_cat?post=15049"},{"taxonomy":"product_tag","embeddable":true,"href":"https:\/\/skaitytaknyga.lt\/en\/wp-json\/wp\/v2\/product_tag?post=15049"}],"curies":[{"name":"wp","href":"https:\/\/api.w.org\/{rel}","templated":true}]}}