{"id":15047,"date":"2024-11-29T19:51:32","date_gmt":"2024-11-29T17:51:32","guid":{"rendered":"https:\/\/skaitytaknyga.lt\/?post_type=product&#038;p=15047"},"modified":"2025-12-16T13:17:14","modified_gmt":"2025-12-16T11:17:14","slug":"nepasmerkti-apie-priklausomybe-kopriklausomybe-ir-sveikimo-kelione","status":"publish","type":"product","link":"https:\/\/skaitytaknyga.lt\/en\/produktas\/nepasmerkti-apie-priklausomybe-kopriklausomybe-ir-sveikimo-kelione\/","title":{"rendered":"(Ne)pasmerkti: apie priklausomyb\u0119, kopriklausomyb\u0119 ir sveikimo kelion\u0119"},"content":{"rendered":"<p>Straipsniai, specialist\u0173 patarimai, priklausom\u0173 asmen\u0173 liudijimai, atsakymai \u012f sveikimo kelion\u0117je da\u017eniausiai i\u0161kylan\u010dius klausimus \u2013 visa tai sud\u0117ta \u012f knyg\u0105 \u201e(Ne)pasmerkti&#8221;, kuri kvie\u010dia atsimerkti ir pagaliau suprasti \u2013 priklausomyb\u0117 yra visos \u0161eimos liga, ir tai liga, kuri m\u016bs\u0173 laik\u0173 visuomen\u0117je plinta vis spar\u010diau ir \u012fvairesn\u0117mis formomis.<\/p>\n<p>Tai n\u0117ra valios tr\u016bkumas ar apsileidimas. Tai liga, kuri priklauso nuo \u012fvairiausi\u0173 veiksni\u0173. Be to, priklausomyb\u0117 \u2013 tai ne tik alkoholizmas ir narkomanija. Tai taip pat kompulsyvus lo\u0161imas, \u012fnikimas \u012f pornografij\u0105, kompiuterinius \u017eaidimus, vaistus \u2013 \u012f visa tai, kas leid\u017eia trumpam pab\u0117gti nuo gyvenimo \u010dia ir dabar.<\/p>\n<p>Kelias atgal \u012f gyvenim\u0105, netgi brandesn\u012f ir tikresn\u012f nei buvo prie\u0161 lig\u0105, tikrai yra, ta\u010diau jis nelengvas. Kvie\u010diame juo \u017eengti kartu su \u0161ia knyga &#8220;(Ne)pasmerkti: apie priklausomyb\u0119, kopriklausomyb\u0119 ir sveikimo kelion\u0119&#8221;.<\/p>\n<ul class=\"about-product d-none d-xl-block mt-4\">\n<li><strong>Autorius:<\/strong>\u00a0K\u0119stutis Dvareckas,\u00a0Justina Kymantien\u0117,\u00a0Andrius Navickas<\/li>\n<li><strong>Leid\u0117jas:<\/strong>\u00a0A\u0161tuntoji diena<\/li>\n<li><strong>Metai:<\/strong>\u00a02018<\/li>\n<li><strong>Puslapiai:<\/strong>\u00a0328<\/li>\n<li class=\"toggleable type-new-formats \"><strong>ISBN:<\/strong>\u00a09786098196023<\/li>\n<li><strong>Versijos kodas:<\/strong>\u00a05<\/li>\n<li class=\"toggleable type-new-formats \"><strong>Formatas:<\/strong>\u00a015 x 20,5 x 2,7 cm, mink\u0161ti vir\u0161eliai<\/li>\n<li><strong>Kalba:<\/strong>\u00a0Lietuvi\u0173<\/li>\n<\/ul>\n","protected":false},"excerpt":{"rendered":"<p>Straipsniai, specialist\u0173 patarimai, priklausom\u0173 asmen\u0173 liudijimai, atsakymai \u012f sveikimo kelion\u0117je da\u017eniausiai i\u0161kylan\u010dius klausimus \u2013 visa tai sud\u0117ta \u012f knyg\u0105 \u201e(Ne)pasmerkti&#8221;, kuri kvie\u010dia atsimerkti ir pagaliau suprasti \u2013 priklausomyb\u0117 yra visos \u0161eimos liga, ir tai liga, kuri m\u016bs\u0173 laik\u0173 visuomen\u0117je plinta vis spar\u010diau ir \u012fvairesn\u0117mis formomis. Tai n\u0117ra valios tr\u016bkumas ar apsileidimas. Tai liga, kuri priklauso nuo \u012fvairiausi\u0173 veiksni\u0173. Be to, priklausomyb\u0117 \u2013 tai ne tik alkoholizmas ir narkomanija. Tai taip pat kompulsyvus lo\u0161imas, \u012fnikimas \u012f pornografij\u0105, kompiuterinius \u017eaidimus, vaistus \u2013 \u012f visa tai, kas leid\u017eia trumpam pab\u0117gti nuo gyvenimo \u010dia ir dabar. Kelias atgal \u012f gyvenim\u0105, netgi brandesn\u012f ir tikresn\u012f nei buvo prie\u0161 lig\u0105, tikrai yra, ta\u010diau jis nelengvas. Kvie\u010diame juo \u017eengti kartu su \u0161ia knyga &#8220;(Ne)pasmerkti: apie priklausomyb\u0119, kopriklausomyb\u0119 ir sveikimo kelion\u0119&#8221;. Autorius:\u00a0K\u0119stutis Dvareckas,\u00a0Justina Kymantien\u0117,\u00a0Andrius Navickas Leid\u0117jas:\u00a0A\u0161tuntoji diena Metai:\u00a02018 Puslapiai:\u00a0328 ISBN:\u00a09786098196023 Versijos kodas:\u00a05 Formatas:\u00a015 x 20,5 x 2,7 cm, mink\u0161ti vir\u0161eliai Kalba:\u00a0Lietuvi\u0173<\/p>\n","protected":false},"featured_media":15212,"comment_status":"open","ping_status":"closed","template":"","meta":{"_acf_changed":false,"site-sidebar-layout":"default","site-content-layout":"","ast-site-content-layout":"default","site-content-style":"default","site-sidebar-style":"default","ast-global-header-display":"","ast-banner-title-visibility":"","ast-main-header-display":"","ast-hfb-above-header-display":"","ast-hfb-below-header-display":"","ast-hfb-mobile-header-display":"","site-post-title":"","ast-breadcrumbs-content":"","ast-featured-img":"","footer-sml-layout":"","ast-disable-related-posts":"","theme-transparent-header-meta":"default","adv-header-id-meta":"","stick-header-meta":"","header-above-stick-meta":"","header-main-stick-meta":"","header-below-stick-meta":"","astra-migrate-meta-layouts":"set","ast-page-background-enabled":"default","ast-page-background-meta":{"desktop":{"background-color":"","background-image":"","background-repeat":"repeat","background-position":"center center","background-size":"auto","background-attachment":"scroll","background-type":"","background-media":"","overlay-type":"","overlay-color":"","overlay-opacity":"","overlay-gradient":""},"tablet":{"background-color":"","background-image":"","background-repeat":"repeat","background-position":"center center","background-size":"auto","background-attachment":"scroll","background-type":"","background-media":"","overlay-type":"","overlay-color":"","overlay-opacity":"","overlay-gradient":""},"mobile":{"background-color":"","background-image":"","background-repeat":"repeat","background-position":"center center","background-size":"auto","background-attachment":"scroll","background-type":"","background-media":"","overlay-type":"","overlay-color":"","overlay-opacity":"","overlay-gradient":""}},"ast-content-background-meta":{"desktop":{"background-color":"var(--ast-global-color-4)","background-image":"","background-repeat":"repeat","background-position":"center center","background-size":"auto","background-attachment":"scroll","background-type":"","background-media":"","overlay-type":"","overlay-color":"","overlay-opacity":"","overlay-gradient":""},"tablet":{"background-color":"var(--ast-global-color-4)","background-image":"","background-repeat":"repeat","background-position":"center center","background-size":"auto","background-attachment":"scroll","background-type":"","background-media":"","overlay-type":"","overlay-color":"","overlay-opacity":"","overlay-gradient":""},"mobile":{"background-color":"var(--ast-global-color-4)","background-image":"","background-repeat":"repeat","background-position":"center center","background-size":"auto","background-attachment":"scroll","background-type":"","background-media":"","overlay-type":"","overlay-color":"","overlay-opacity":"","overlay-gradient":""}}},"product_brand":[],"product_cat":[15,30],"product_tag":[],"class_list":{"0":"post-15047","1":"product","2":"type-product","3":"status-publish","4":"has-post-thumbnail","6":"product_cat-uncategorized","7":"product_cat-psichologija-ir-saviugda","8":"desktop-align-left","9":"tablet-align-left","10":"mobile-align-left","12":"first","13":"outofstock","14":"shipping-taxable","15":"purchasable","16":"product-type-simple"},"acf":[],"yoast_head":"<!-- This site is optimized with the Yoast SEO plugin v27.0 - https:\/\/yoast.com\/product\/yoast-seo-wordpress\/ -->\n<title>(Ne)pasmerkti: apie priklausomyb\u0119, kopriklausomyb\u0119 ir sveikimo kelion\u0119<\/title>\n<meta name=\"description\" content=\"Straipsniai, specialist\u0173 patarimai, priklausom\u0173 asmen\u0173 liudijimai, atsakymai \u012f sveikimo kelion\u0117je da\u017eniausiai i\u0161kylan\u010dius klausimus \u2013 visa tai sud\u0117ta \u012f\" \/>\n<meta name=\"robots\" content=\"index, follow, max-snippet:-1, max-image-preview:large, max-video-preview:-1\" \/>\n<link rel=\"canonical\" href=\"https:\/\/skaitytaknyga.lt\/en\/produktas\/nepasmerkti-apie-priklausomybe-kopriklausomybe-ir-sveikimo-kelione\/\" \/>\n<meta property=\"og:locale\" content=\"en_GB\" \/>\n<meta property=\"og:locale:alternate\" content=\"lt_LT\" \/>\n<meta property=\"og:type\" content=\"article\" \/>\n<meta property=\"og:title\" content=\"(Ne)pasmerkti: apie priklausomyb\u0119, kopriklausomyb\u0119 ir sveikimo kelion\u0119\" \/>\n<meta property=\"og:description\" content=\"Straipsniai, specialist\u0173 patarimai, priklausom\u0173 asmen\u0173 liudijimai, atsakymai \u012f sveikimo kelion\u0117je da\u017eniausiai i\u0161kylan\u010dius klausimus \u2013 visa tai sud\u0117ta \u012f\" \/>\n<meta property=\"og:url\" content=\"https:\/\/skaitytaknyga.lt\/en\/produktas\/nepasmerkti-apie-priklausomybe-kopriklausomybe-ir-sveikimo-kelione\/\" \/>\n<meta property=\"og:site_name\" content=\"Skaitytaknyga\" \/>\n<meta property=\"article:publisher\" content=\"https:\/\/www.facebook.com\/skaitytaknyga\/\" \/>\n<meta property=\"article:modified_time\" content=\"2025-12-16T11:17:14+00:00\" \/>\n<meta property=\"og:image\" content=\"https:\/\/skaitytaknyga.lt\/wp-content\/uploads\/2024\/11\/Nepasmerkti-apie-priklausomybe-kopriklausomybe-ir-sveikimo-kelione.webp\" \/>\n\t<meta property=\"og:image:width\" content=\"571\" \/>\n\t<meta property=\"og:image:height\" content=\"800\" \/>\n\t<meta property=\"og:image:type\" content=\"image\/webp\" \/>\n<meta name=\"twitter:card\" content=\"summary_large_image\" \/>\n<meta name=\"twitter:label1\" content=\"Estimated reading time\" \/>\n\t<meta name=\"twitter:data1\" content=\"2 minutes\" \/>\n<script type=\"application\/ld+json\" class=\"yoast-schema-graph\">{\"@context\":\"https:\/\/schema.org\",\"@graph\":[{\"@type\":\"WebPage\",\"@id\":\"https:\/\/skaitytaknyga.lt\/produktas\/nepasmerkti-apie-priklausomybe-kopriklausomybe-ir-sveikimo-kelione\/\",\"url\":\"https:\/\/skaitytaknyga.lt\/produktas\/nepasmerkti-apie-priklausomybe-kopriklausomybe-ir-sveikimo-kelione\/\",\"name\":\"(Ne)pasmerkti: apie priklausomyb\u0119, kopriklausomyb\u0119 ir sveikimo kelion\u0119\",\"isPartOf\":{\"@id\":\"https:\/\/skaitytaknyga.lt\/#website\"},\"primaryImageOfPage\":{\"@id\":\"https:\/\/skaitytaknyga.lt\/produktas\/nepasmerkti-apie-priklausomybe-kopriklausomybe-ir-sveikimo-kelione\/#primaryimage\"},\"image\":{\"@id\":\"https:\/\/skaitytaknyga.lt\/produktas\/nepasmerkti-apie-priklausomybe-kopriklausomybe-ir-sveikimo-kelione\/#primaryimage\"},\"thumbnailUrl\":\"https:\/\/skaitytaknyga.lt\/wp-content\/uploads\/2024\/11\/Nepasmerkti-apie-priklausomybe-kopriklausomybe-ir-sveikimo-kelione.webp\",\"datePublished\":\"2024-11-29T17:51:32+00:00\",\"dateModified\":\"2025-12-16T11:17:14+00:00\",\"description\":\"Straipsniai, specialist\u0173 patarimai, priklausom\u0173 asmen\u0173 liudijimai, atsakymai \u012f sveikimo kelion\u0117je da\u017eniausiai i\u0161kylan\u010dius klausimus \u2013 visa tai sud\u0117ta \u012f\",\"breadcrumb\":{\"@id\":\"https:\/\/skaitytaknyga.lt\/produktas\/nepasmerkti-apie-priklausomybe-kopriklausomybe-ir-sveikimo-kelione\/#breadcrumb\"},\"inLanguage\":\"en-GB\",\"potentialAction\":[{\"@type\":\"ReadAction\",\"target\":[\"https:\/\/skaitytaknyga.lt\/produktas\/nepasmerkti-apie-priklausomybe-kopriklausomybe-ir-sveikimo-kelione\/\"]}]},{\"@type\":\"ImageObject\",\"inLanguage\":\"en-GB\",\"@id\":\"https:\/\/skaitytaknyga.lt\/produktas\/nepasmerkti-apie-priklausomybe-kopriklausomybe-ir-sveikimo-kelione\/#primaryimage\",\"url\":\"https:\/\/skaitytaknyga.lt\/wp-content\/uploads\/2024\/11\/Nepasmerkti-apie-priklausomybe-kopriklausomybe-ir-sveikimo-kelione.webp\",\"contentUrl\":\"https:\/\/skaitytaknyga.lt\/wp-content\/uploads\/2024\/11\/Nepasmerkti-apie-priklausomybe-kopriklausomybe-ir-sveikimo-kelione.webp\",\"width\":571,\"height\":800,\"caption\":\"(Ne)pasmerkti: apie priklausomyb\u0119, kopriklausomyb\u0119 ir sveikimo kelion\u0119\"},{\"@type\":\"BreadcrumbList\",\"@id\":\"https:\/\/skaitytaknyga.lt\/produktas\/nepasmerkti-apie-priklausomybe-kopriklausomybe-ir-sveikimo-kelione\/#breadcrumb\",\"itemListElement\":[{\"@type\":\"ListItem\",\"position\":1,\"name\":\"Home\",\"item\":\"https:\/\/skaitytaknyga.lt\/\"},{\"@type\":\"ListItem\",\"position\":2,\"name\":\"Parduotuv\u0117\",\"item\":\"https:\/\/skaitytaknyga.lt\/knygu-parduotuve\/\"},{\"@type\":\"ListItem\",\"position\":3,\"name\":\"(Ne)pasmerkti: apie priklausomyb\u0119, kopriklausomyb\u0119 ir sveikimo kelion\u0119\"}]},{\"@type\":\"WebSite\",\"@id\":\"https:\/\/skaitytaknyga.lt\/#website\",\"url\":\"https:\/\/skaitytaknyga.lt\/\",\"name\":\"skaitytaknyga.lt\",\"description\":\"Skaitytaknyga.lt \u2013 tai ma\u017eas \u0161eimos verslas, kuris prasid\u0117jo nuo meil\u0117s knygoms ir siekio i\u0161gelb\u0117ti knygas nuo likimo prie konteinerio. Kas vienam nereikalingas daiktas \u2013 kitam lobis, o mes esame tarpininkai, kurie padeda abiems tapti laimingesniems ???? \u017dinome kaip nelengva i\u0161gyventi ma\u017eiems verslams, tad nuo \u0161iol, \u010dia rasite ir kit\u0173, ma\u017e\u0173 \u0161eim\u0173 versl\u0173, rank\u0173 darbo, dovan\u0173 sau ir artimiesiems.\",\"publisher\":{\"@id\":\"https:\/\/skaitytaknyga.lt\/#organization\"},\"potentialAction\":[{\"@type\":\"SearchAction\",\"target\":{\"@type\":\"EntryPoint\",\"urlTemplate\":\"https:\/\/skaitytaknyga.lt\/?s={search_term_string}\"},\"query-input\":{\"@type\":\"PropertyValueSpecification\",\"valueRequired\":true,\"valueName\":\"search_term_string\"}}],\"inLanguage\":\"en-GB\"},{\"@type\":\"Organization\",\"@id\":\"https:\/\/skaitytaknyga.lt\/#organization\",\"name\":\"skaitytaknyga.lt\",\"url\":\"https:\/\/skaitytaknyga.lt\/\",\"logo\":{\"@type\":\"ImageObject\",\"inLanguage\":\"en-GB\",\"@id\":\"https:\/\/skaitytaknyga.lt\/#\/schema\/logo\/image\/\",\"url\":\"https:\/\/skaitytaknyga.lt\/wp-content\/uploads\/2024\/05\/cropped-cropped-cropped-02_00843_jt3bggkj1j3HLc7SyY6rEUpg.jpeg\",\"contentUrl\":\"https:\/\/skaitytaknyga.lt\/wp-content\/uploads\/2024\/05\/cropped-cropped-cropped-02_00843_jt3bggkj1j3HLc7SyY6rEUpg.jpeg\",\"width\":1600,\"height\":1600,\"caption\":\"skaitytaknyga.lt\"},\"image\":{\"@id\":\"https:\/\/skaitytaknyga.lt\/#\/schema\/logo\/image\/\"},\"sameAs\":[\"https:\/\/www.facebook.com\/skaitytaknyga\/\"]}]}<\/script>\n<!-- \/ Yoast SEO plugin. -->","yoast_head_json":{"title":"(Ne)pasmerkti: apie priklausomyb\u0119, kopriklausomyb\u0119 ir sveikimo kelion\u0119","description":"Straipsniai, specialist\u0173 patarimai, priklausom\u0173 asmen\u0173 liudijimai, atsakymai \u012f sveikimo kelion\u0117je da\u017eniausiai i\u0161kylan\u010dius klausimus \u2013 visa tai sud\u0117ta \u012f","robots":{"index":"index","follow":"follow","max-snippet":"max-snippet:-1","max-image-preview":"max-image-preview:large","max-video-preview":"max-video-preview:-1"},"canonical":"https:\/\/skaitytaknyga.lt\/en\/produktas\/nepasmerkti-apie-priklausomybe-kopriklausomybe-ir-sveikimo-kelione\/","og_locale":"en_GB","og_type":"article","og_title":"[:lt](Ne)pasmerkti: apie priklausomyb\u0119, kopriklausomyb\u0119 ir sveikimo kelion\u0119[:] - Skaitytaknyga","og_description":"Straipsniai, specialist\u0173 patarimai, priklausom\u0173 asmen\u0173 liudijimai, atsakymai \u012f sveikimo kelion\u0117je da\u017eniausiai i\u0161kylan\u010dius klausimus \u2013 visa tai sud\u0117ta \u012f","og_url":"https:\/\/skaitytaknyga.lt\/en\/produktas\/nepasmerkti-apie-priklausomybe-kopriklausomybe-ir-sveikimo-kelione\/","og_site_name":"Skaitytaknyga","article_publisher":"https:\/\/www.facebook.com\/skaitytaknyga\/","article_modified_time":"2025-12-16T11:17:14+00:00","og_image":[{"width":571,"height":800,"url":"https:\/\/skaitytaknyga.lt\/wp-content\/uploads\/2024\/11\/Nepasmerkti-apie-priklausomybe-kopriklausomybe-ir-sveikimo-kelione.webp","type":"image\/webp"}],"twitter_card":"summary_large_image","twitter_misc":{"Estimated reading time":"2 minutes"},"schema":{"@context":"https:\/\/schema.org","@graph":[{"@type":"WebPage","@id":"https:\/\/skaitytaknyga.lt\/produktas\/nepasmerkti-apie-priklausomybe-kopriklausomybe-ir-sveikimo-kelione\/","url":"https:\/\/skaitytaknyga.lt\/produktas\/nepasmerkti-apie-priklausomybe-kopriklausomybe-ir-sveikimo-kelione\/","name":"(Ne)pasmerkti: apie priklausomyb\u0119, kopriklausomyb\u0119 ir sveikimo kelion\u0119","isPartOf":{"@id":"https:\/\/skaitytaknyga.lt\/#website"},"primaryImageOfPage":{"@id":"https:\/\/skaitytaknyga.lt\/produktas\/nepasmerkti-apie-priklausomybe-kopriklausomybe-ir-sveikimo-kelione\/#primaryimage"},"image":{"@id":"https:\/\/skaitytaknyga.lt\/produktas\/nepasmerkti-apie-priklausomybe-kopriklausomybe-ir-sveikimo-kelione\/#primaryimage"},"thumbnailUrl":"https:\/\/skaitytaknyga.lt\/wp-content\/uploads\/2024\/11\/Nepasmerkti-apie-priklausomybe-kopriklausomybe-ir-sveikimo-kelione.webp","datePublished":"2024-11-29T17:51:32+00:00","dateModified":"2025-12-16T11:17:14+00:00","description":"Straipsniai, specialist\u0173 patarimai, priklausom\u0173 asmen\u0173 liudijimai, atsakymai \u012f sveikimo kelion\u0117je da\u017eniausiai i\u0161kylan\u010dius klausimus \u2013 visa tai sud\u0117ta \u012f","breadcrumb":{"@id":"https:\/\/skaitytaknyga.lt\/produktas\/nepasmerkti-apie-priklausomybe-kopriklausomybe-ir-sveikimo-kelione\/#breadcrumb"},"inLanguage":"en-GB","potentialAction":[{"@type":"ReadAction","target":["https:\/\/skaitytaknyga.lt\/produktas\/nepasmerkti-apie-priklausomybe-kopriklausomybe-ir-sveikimo-kelione\/"]}]},{"@type":"ImageObject","inLanguage":"en-GB","@id":"https:\/\/skaitytaknyga.lt\/produktas\/nepasmerkti-apie-priklausomybe-kopriklausomybe-ir-sveikimo-kelione\/#primaryimage","url":"https:\/\/skaitytaknyga.lt\/wp-content\/uploads\/2024\/11\/Nepasmerkti-apie-priklausomybe-kopriklausomybe-ir-sveikimo-kelione.webp","contentUrl":"https:\/\/skaitytaknyga.lt\/wp-content\/uploads\/2024\/11\/Nepasmerkti-apie-priklausomybe-kopriklausomybe-ir-sveikimo-kelione.webp","width":571,"height":800,"caption":"(Ne)pasmerkti: apie priklausomyb\u0119, kopriklausomyb\u0119 ir sveikimo kelion\u0119"},{"@type":"BreadcrumbList","@id":"https:\/\/skaitytaknyga.lt\/produktas\/nepasmerkti-apie-priklausomybe-kopriklausomybe-ir-sveikimo-kelione\/#breadcrumb","itemListElement":[{"@type":"ListItem","position":1,"name":"Home","item":"https:\/\/skaitytaknyga.lt\/"},{"@type":"ListItem","position":2,"name":"Parduotuv\u0117","item":"https:\/\/skaitytaknyga.lt\/knygu-parduotuve\/"},{"@type":"ListItem","position":3,"name":"(Ne)pasmerkti: apie priklausomyb\u0119, kopriklausomyb\u0119 ir sveikimo kelion\u0119"}]},{"@type":"WebSite","@id":"https:\/\/skaitytaknyga.lt\/#website","url":"https:\/\/skaitytaknyga.lt\/","name":"skaitytaknyga.lt","description":"Skaitytaknyga.lt \u2013 tai ma\u017eas \u0161eimos verslas, kuris prasid\u0117jo nuo meil\u0117s knygoms ir siekio i\u0161gelb\u0117ti knygas nuo likimo prie konteinerio. Kas vienam nereikalingas daiktas \u2013 kitam lobis, o mes esame tarpininkai, kurie padeda abiems tapti laimingesniems ???? \u017dinome kaip nelengva i\u0161gyventi ma\u017eiems verslams, tad nuo \u0161iol, \u010dia rasite ir kit\u0173, ma\u017e\u0173 \u0161eim\u0173 versl\u0173, rank\u0173 darbo, dovan\u0173 sau ir artimiesiems.","publisher":{"@id":"https:\/\/skaitytaknyga.lt\/#organization"},"potentialAction":[{"@type":"SearchAction","target":{"@type":"EntryPoint","urlTemplate":"https:\/\/skaitytaknyga.lt\/?s={search_term_string}"},"query-input":{"@type":"PropertyValueSpecification","valueRequired":true,"valueName":"search_term_string"}}],"inLanguage":"en-GB"},{"@type":"Organization","@id":"https:\/\/skaitytaknyga.lt\/#organization","name":"skaitytaknyga.lt","url":"https:\/\/skaitytaknyga.lt\/","logo":{"@type":"ImageObject","inLanguage":"en-GB","@id":"https:\/\/skaitytaknyga.lt\/#\/schema\/logo\/image\/","url":"https:\/\/skaitytaknyga.lt\/wp-content\/uploads\/2024\/05\/cropped-cropped-cropped-02_00843_jt3bggkj1j3HLc7SyY6rEUpg.jpeg","contentUrl":"https:\/\/skaitytaknyga.lt\/wp-content\/uploads\/2024\/05\/cropped-cropped-cropped-02_00843_jt3bggkj1j3HLc7SyY6rEUpg.jpeg","width":1600,"height":1600,"caption":"skaitytaknyga.lt"},"image":{"@id":"https:\/\/skaitytaknyga.lt\/#\/schema\/logo\/image\/"},"sameAs":["https:\/\/www.facebook.com\/skaitytaknyga\/"]}]}},"_links":{"self":[{"href":"https:\/\/skaitytaknyga.lt\/en\/wp-json\/wp\/v2\/product\/15047","targetHints":{"allow":["GET"]}}],"collection":[{"href":"https:\/\/skaitytaknyga.lt\/en\/wp-json\/wp\/v2\/product"}],"about":[{"href":"https:\/\/skaitytaknyga.lt\/en\/wp-json\/wp\/v2\/types\/product"}],"replies":[{"embeddable":true,"href":"https:\/\/skaitytaknyga.lt\/en\/wp-json\/wp\/v2\/comments?post=15047"}],"wp:featuredmedia":[{"embeddable":true,"href":"https:\/\/skaitytaknyga.lt\/en\/wp-json\/wp\/v2\/media\/15212"}],"wp:attachment":[{"href":"https:\/\/skaitytaknyga.lt\/en\/wp-json\/wp\/v2\/media?parent=15047"}],"wp:term":[{"taxonomy":"product_brand","embeddable":true,"href":"https:\/\/skaitytaknyga.lt\/en\/wp-json\/wp\/v2\/product_brand?post=15047"},{"taxonomy":"product_cat","embeddable":true,"href":"https:\/\/skaitytaknyga.lt\/en\/wp-json\/wp\/v2\/product_cat?post=15047"},{"taxonomy":"product_tag","embeddable":true,"href":"https:\/\/skaitytaknyga.lt\/en\/wp-json\/wp\/v2\/product_tag?post=15047"}],"curies":[{"name":"wp","href":"https:\/\/api.w.org\/{rel}","templated":true}]}}