{"id":15044,"date":"2024-11-29T19:51:32","date_gmt":"2024-11-29T17:51:32","guid":{"rendered":"https:\/\/skaitytaknyga.lt\/?post_type=product&#038;p=15044"},"modified":"2025-05-19T15:31:51","modified_gmt":"2025-05-19T12:31:51","slug":"dombis-ir-sunus-i-ii-dalys","status":"publish","type":"product","link":"https:\/\/skaitytaknyga.lt\/en\/produktas\/dombis-ir-sunus-i-ii-dalys\/","title":{"rendered":"Dombis ir s\u016bnus I-II dalys"},"content":{"rendered":"<p>Angl\u0173 literat\u016bros klasikas \u010c. Dikensas \u0161\u012f k\u016brin\u012f ra\u0161\u0117 Pary\u017eiuje. Tai vienos angl\u0173 \u0161eimos istorija, nutikusi XIX a. gimtojoje Anglijoje. Visa perpinta \u0161velniu humoru, satyra, net sarkazmu.<\/p>\n<ul class=\"about-product d-none d-xl-block mt-4\">\n<li><strong>Originalus pavadinimas:<\/strong>\u00a0Dombey and Son<\/li>\n<li><strong>Autorius:<\/strong>\u00a0\u010carlzas Dikensas<\/li>\n<li><strong>Leid\u0117jas:<\/strong>\u00a0Valstybin\u0117 gro\u017ein\u0117s literat\u016bros leidykla<\/li>\n<li><strong>Metai:<\/strong>\u00a01958<\/li>\n<li><strong>Puslapiai:<\/strong>\u00a0576<\/li>\n<li class=\"toggleable type-new-formats \"><strong>Formatas:<\/strong>\u00a013,5 x 20 cm, kieti vir\u0161eliai<\/li>\n<li><strong>Kalba:<\/strong>\u00a0Lietuvi\u0173<\/li>\n<li><strong>Vert\u0117jas:<\/strong>\u00a0B. Mejeryt\u0117<\/li>\n<\/ul>\n","protected":false},"excerpt":{"rendered":"<p>Angl\u0173 literat\u016bros klasikas \u010c. Dikensas \u0161\u012f k\u016brin\u012f ra\u0161\u0117 Pary\u017eiuje. Tai vienos angl\u0173 \u0161eimos istorija, nutikusi XIX a. gimtojoje Anglijoje. Visa perpinta \u0161velniu humoru, satyra, net sarkazmu. Originalus pavadinimas:\u00a0Dombey and Son Autorius:\u00a0\u010carlzas Dikensas Leid\u0117jas:\u00a0Valstybin\u0117 gro\u017ein\u0117s literat\u016bros leidykla Metai:\u00a01958 Puslapiai:\u00a0576 Formatas:\u00a013,5 x 20 cm, kieti vir\u0161eliai Kalba:\u00a0Lietuvi\u0173 Vert\u0117jas:\u00a0B. Mejeryt\u0117<\/p>\n","protected":false},"featured_media":15209,"comment_status":"open","ping_status":"closed","template":"","meta":{"_acf_changed":false,"site-sidebar-layout":"default","site-content-layout":"","ast-site-content-layout":"default","site-content-style":"default","site-sidebar-style":"default","ast-global-header-display":"","ast-banner-title-visibility":"","ast-main-header-display":"","ast-hfb-above-header-display":"","ast-hfb-below-header-display":"","ast-hfb-mobile-header-display":"","site-post-title":"","ast-breadcrumbs-content":"","ast-featured-img":"","footer-sml-layout":"","ast-disable-related-posts":"","theme-transparent-header-meta":"default","adv-header-id-meta":"","stick-header-meta":"","header-above-stick-meta":"","header-main-stick-meta":"","header-below-stick-meta":"","astra-migrate-meta-layouts":"set","ast-page-background-enabled":"default","ast-page-background-meta":{"desktop":{"background-color":"","background-image":"","background-repeat":"repeat","background-position":"center center","background-size":"auto","background-attachment":"scroll","background-type":"","background-media":"","overlay-type":"","overlay-color":"","overlay-opacity":"","overlay-gradient":""},"tablet":{"background-color":"","background-image":"","background-repeat":"repeat","background-position":"center center","background-size":"auto","background-attachment":"scroll","background-type":"","background-media":"","overlay-type":"","overlay-color":"","overlay-opacity":"","overlay-gradient":""},"mobile":{"background-color":"","background-image":"","background-repeat":"repeat","background-position":"center center","background-size":"auto","background-attachment":"scroll","background-type":"","background-media":"","overlay-type":"","overlay-color":"","overlay-opacity":"","overlay-gradient":""}},"ast-content-background-meta":{"desktop":{"background-color":"var(--ast-global-color-4)","background-image":"","background-repeat":"repeat","background-position":"center center","background-size":"auto","background-attachment":"scroll","background-type":"","background-media":"","overlay-type":"","overlay-color":"","overlay-opacity":"","overlay-gradient":""},"tablet":{"background-color":"var(--ast-global-color-4)","background-image":"","background-repeat":"repeat","background-position":"center center","background-size":"auto","background-attachment":"scroll","background-type":"","background-media":"","overlay-type":"","overlay-color":"","overlay-opacity":"","overlay-gradient":""},"mobile":{"background-color":"var(--ast-global-color-4)","background-image":"","background-repeat":"repeat","background-position":"center center","background-size":"auto","background-attachment":"scroll","background-type":"","background-media":"","overlay-type":"","overlay-color":"","overlay-opacity":"","overlay-gradient":""}}},"product_brand":[],"product_cat":[31,15],"product_tag":[3944,4151,1437,1745,1646],"class_list":{"0":"post-15044","1":"product","2":"type-product","3":"status-publish","4":"has-post-thumbnail","6":"product_cat-grozine-literatura","7":"product_cat-uncategorized","8":"product_tag-anglu-literatura","9":"product_tag-carlzas-dikensas","10":"product_tag-klasika","11":"product_tag-romanas","12":"product_tag-seima","13":"desktop-align-left","14":"tablet-align-left","15":"mobile-align-left","17":"first","18":"instock","19":"shipping-taxable","20":"purchasable","21":"product-type-simple"},"acf":[],"yoast_head":"<!-- This site is optimized with the Yoast SEO plugin v27.0 - https:\/\/yoast.com\/product\/yoast-seo-wordpress\/ -->\n<title>Dombis ir s\u016bnus I-II dalys<\/title>\n<meta name=\"description\" content=\"Angl\u0173 literat\u016bros klasikas \u010c. Dikensas \u0161\u012f k\u016brin\u012f ra\u0161\u0117 Pary\u017eiuje. Tai vienos angl\u0173 \u0161eimos istorija, nutikusi XIX a. gimtojoje Anglijoje. Visa perpinta\" \/>\n<meta name=\"robots\" content=\"index, follow, max-snippet:-1, max-image-preview:large, max-video-preview:-1\" \/>\n<link rel=\"canonical\" href=\"https:\/\/skaitytaknyga.lt\/en\/produktas\/dombis-ir-sunus-i-ii-dalys\/\" \/>\n<meta property=\"og:locale\" content=\"en_GB\" \/>\n<meta property=\"og:locale:alternate\" content=\"lt_LT\" \/>\n<meta property=\"og:type\" content=\"article\" \/>\n<meta property=\"og:title\" content=\"Dombis ir s\u016bnus I-II dalys\" \/>\n<meta property=\"og:description\" content=\"Angl\u0173 literat\u016bros klasikas \u010c. Dikensas \u0161\u012f k\u016brin\u012f ra\u0161\u0117 Pary\u017eiuje. Tai vienos angl\u0173 \u0161eimos istorija, nutikusi XIX a. gimtojoje Anglijoje. Visa perpinta\" \/>\n<meta property=\"og:url\" content=\"https:\/\/skaitytaknyga.lt\/en\/produktas\/dombis-ir-sunus-i-ii-dalys\/\" \/>\n<meta property=\"og:site_name\" content=\"Skaitytaknyga\" \/>\n<meta property=\"article:publisher\" content=\"https:\/\/www.facebook.com\/skaitytaknyga\/\" \/>\n<meta property=\"article:modified_time\" content=\"2025-05-19T12:31:51+00:00\" \/>\n<meta property=\"og:image\" content=\"https:\/\/skaitytaknyga.lt\/wp-content\/uploads\/2024\/11\/Dombis-ir-sunus-e1733734932165.jpg\" \/>\n\t<meta property=\"og:image:width\" content=\"485\" \/>\n\t<meta property=\"og:image:height\" content=\"722\" \/>\n\t<meta property=\"og:image:type\" content=\"image\/jpeg\" \/>\n<meta name=\"twitter:card\" content=\"summary_large_image\" \/>\n<meta name=\"twitter:label1\" content=\"Estimated reading time\" \/>\n\t<meta name=\"twitter:data1\" content=\"1 minute\" \/>\n<script type=\"application\/ld+json\" class=\"yoast-schema-graph\">{\"@context\":\"https:\/\/schema.org\",\"@graph\":[{\"@type\":\"WebPage\",\"@id\":\"https:\/\/skaitytaknyga.lt\/produktas\/dombis-ir-sunus-i-ii-dalys\/\",\"url\":\"https:\/\/skaitytaknyga.lt\/produktas\/dombis-ir-sunus-i-ii-dalys\/\",\"name\":\"Dombis ir s\u016bnus I-II dalys\",\"isPartOf\":{\"@id\":\"https:\/\/skaitytaknyga.lt\/#website\"},\"primaryImageOfPage\":{\"@id\":\"https:\/\/skaitytaknyga.lt\/produktas\/dombis-ir-sunus-i-ii-dalys\/#primaryimage\"},\"image\":{\"@id\":\"https:\/\/skaitytaknyga.lt\/produktas\/dombis-ir-sunus-i-ii-dalys\/#primaryimage\"},\"thumbnailUrl\":\"https:\/\/skaitytaknyga.lt\/wp-content\/uploads\/2024\/11\/Dombis-ir-sunus-e1733734932165.jpg\",\"datePublished\":\"2024-11-29T17:51:32+00:00\",\"dateModified\":\"2025-05-19T12:31:51+00:00\",\"description\":\"Angl\u0173 literat\u016bros klasikas \u010c. Dikensas \u0161\u012f k\u016brin\u012f ra\u0161\u0117 Pary\u017eiuje. Tai vienos angl\u0173 \u0161eimos istorija, nutikusi XIX a. gimtojoje Anglijoje. Visa perpinta\",\"breadcrumb\":{\"@id\":\"https:\/\/skaitytaknyga.lt\/produktas\/dombis-ir-sunus-i-ii-dalys\/#breadcrumb\"},\"inLanguage\":\"en-GB\",\"potentialAction\":[{\"@type\":\"ReadAction\",\"target\":[\"https:\/\/skaitytaknyga.lt\/produktas\/dombis-ir-sunus-i-ii-dalys\/\"]}]},{\"@type\":\"ImageObject\",\"inLanguage\":\"en-GB\",\"@id\":\"https:\/\/skaitytaknyga.lt\/produktas\/dombis-ir-sunus-i-ii-dalys\/#primaryimage\",\"url\":\"https:\/\/skaitytaknyga.lt\/wp-content\/uploads\/2024\/11\/Dombis-ir-sunus-e1733734932165.jpg\",\"contentUrl\":\"https:\/\/skaitytaknyga.lt\/wp-content\/uploads\/2024\/11\/Dombis-ir-sunus-e1733734932165.jpg\",\"width\":485,\"height\":722,\"caption\":\"Dombis ir s\u016bnus\"},{\"@type\":\"BreadcrumbList\",\"@id\":\"https:\/\/skaitytaknyga.lt\/produktas\/dombis-ir-sunus-i-ii-dalys\/#breadcrumb\",\"itemListElement\":[{\"@type\":\"ListItem\",\"position\":1,\"name\":\"Home\",\"item\":\"https:\/\/skaitytaknyga.lt\/\"},{\"@type\":\"ListItem\",\"position\":2,\"name\":\"Parduotuv\u0117\",\"item\":\"https:\/\/skaitytaknyga.lt\/knygu-parduotuve\/\"},{\"@type\":\"ListItem\",\"position\":3,\"name\":\"Dombis ir s\u016bnus I-II dalys\"}]},{\"@type\":\"WebSite\",\"@id\":\"https:\/\/skaitytaknyga.lt\/#website\",\"url\":\"https:\/\/skaitytaknyga.lt\/\",\"name\":\"skaitytaknyga.lt\",\"description\":\"Skaitytaknyga.lt \u2013 tai ma\u017eas \u0161eimos verslas, kuris prasid\u0117jo nuo meil\u0117s knygoms ir siekio i\u0161gelb\u0117ti knygas nuo likimo prie konteinerio. Kas vienam nereikalingas daiktas \u2013 kitam lobis, o mes esame tarpininkai, kurie padeda abiems tapti laimingesniems ???? \u017dinome kaip nelengva i\u0161gyventi ma\u017eiems verslams, tad nuo \u0161iol, \u010dia rasite ir kit\u0173, ma\u017e\u0173 \u0161eim\u0173 versl\u0173, rank\u0173 darbo, dovan\u0173 sau ir artimiesiems.\",\"publisher\":{\"@id\":\"https:\/\/skaitytaknyga.lt\/#organization\"},\"potentialAction\":[{\"@type\":\"SearchAction\",\"target\":{\"@type\":\"EntryPoint\",\"urlTemplate\":\"https:\/\/skaitytaknyga.lt\/?s={search_term_string}\"},\"query-input\":{\"@type\":\"PropertyValueSpecification\",\"valueRequired\":true,\"valueName\":\"search_term_string\"}}],\"inLanguage\":\"en-GB\"},{\"@type\":\"Organization\",\"@id\":\"https:\/\/skaitytaknyga.lt\/#organization\",\"name\":\"skaitytaknyga.lt\",\"url\":\"https:\/\/skaitytaknyga.lt\/\",\"logo\":{\"@type\":\"ImageObject\",\"inLanguage\":\"en-GB\",\"@id\":\"https:\/\/skaitytaknyga.lt\/#\/schema\/logo\/image\/\",\"url\":\"https:\/\/skaitytaknyga.lt\/wp-content\/uploads\/2024\/05\/cropped-cropped-cropped-02_00843_jt3bggkj1j3HLc7SyY6rEUpg.jpeg\",\"contentUrl\":\"https:\/\/skaitytaknyga.lt\/wp-content\/uploads\/2024\/05\/cropped-cropped-cropped-02_00843_jt3bggkj1j3HLc7SyY6rEUpg.jpeg\",\"width\":1600,\"height\":1600,\"caption\":\"skaitytaknyga.lt\"},\"image\":{\"@id\":\"https:\/\/skaitytaknyga.lt\/#\/schema\/logo\/image\/\"},\"sameAs\":[\"https:\/\/www.facebook.com\/skaitytaknyga\/\"]}]}<\/script>\n<!-- \/ Yoast SEO plugin. -->","yoast_head_json":{"title":"Dombis ir s\u016bnus I-II dalys","description":"Angl\u0173 literat\u016bros klasikas \u010c. Dikensas \u0161\u012f k\u016brin\u012f ra\u0161\u0117 Pary\u017eiuje. Tai vienos angl\u0173 \u0161eimos istorija, nutikusi XIX a. gimtojoje Anglijoje. Visa perpinta","robots":{"index":"index","follow":"follow","max-snippet":"max-snippet:-1","max-image-preview":"max-image-preview:large","max-video-preview":"max-video-preview:-1"},"canonical":"https:\/\/skaitytaknyga.lt\/en\/produktas\/dombis-ir-sunus-i-ii-dalys\/","og_locale":"en_GB","og_type":"article","og_title":"[:lt]Dombis ir s\u016bnus I-II dalys[:] - Skaitytaknyga","og_description":"Angl\u0173 literat\u016bros klasikas \u010c. Dikensas \u0161\u012f k\u016brin\u012f ra\u0161\u0117 Pary\u017eiuje. Tai vienos angl\u0173 \u0161eimos istorija, nutikusi XIX a. gimtojoje Anglijoje. Visa perpinta","og_url":"https:\/\/skaitytaknyga.lt\/en\/produktas\/dombis-ir-sunus-i-ii-dalys\/","og_site_name":"Skaitytaknyga","article_publisher":"https:\/\/www.facebook.com\/skaitytaknyga\/","article_modified_time":"2025-05-19T12:31:51+00:00","og_image":[{"width":485,"height":722,"url":"https:\/\/skaitytaknyga.lt\/wp-content\/uploads\/2024\/11\/Dombis-ir-sunus-e1733734932165.jpg","type":"image\/jpeg"}],"twitter_card":"summary_large_image","twitter_misc":{"Estimated reading time":"1 minute"},"schema":{"@context":"https:\/\/schema.org","@graph":[{"@type":"WebPage","@id":"https:\/\/skaitytaknyga.lt\/produktas\/dombis-ir-sunus-i-ii-dalys\/","url":"https:\/\/skaitytaknyga.lt\/produktas\/dombis-ir-sunus-i-ii-dalys\/","name":"Dombis ir s\u016bnus I-II dalys","isPartOf":{"@id":"https:\/\/skaitytaknyga.lt\/#website"},"primaryImageOfPage":{"@id":"https:\/\/skaitytaknyga.lt\/produktas\/dombis-ir-sunus-i-ii-dalys\/#primaryimage"},"image":{"@id":"https:\/\/skaitytaknyga.lt\/produktas\/dombis-ir-sunus-i-ii-dalys\/#primaryimage"},"thumbnailUrl":"https:\/\/skaitytaknyga.lt\/wp-content\/uploads\/2024\/11\/Dombis-ir-sunus-e1733734932165.jpg","datePublished":"2024-11-29T17:51:32+00:00","dateModified":"2025-05-19T12:31:51+00:00","description":"Angl\u0173 literat\u016bros klasikas \u010c. Dikensas \u0161\u012f k\u016brin\u012f ra\u0161\u0117 Pary\u017eiuje. Tai vienos angl\u0173 \u0161eimos istorija, nutikusi XIX a. gimtojoje Anglijoje. Visa perpinta","breadcrumb":{"@id":"https:\/\/skaitytaknyga.lt\/produktas\/dombis-ir-sunus-i-ii-dalys\/#breadcrumb"},"inLanguage":"en-GB","potentialAction":[{"@type":"ReadAction","target":["https:\/\/skaitytaknyga.lt\/produktas\/dombis-ir-sunus-i-ii-dalys\/"]}]},{"@type":"ImageObject","inLanguage":"en-GB","@id":"https:\/\/skaitytaknyga.lt\/produktas\/dombis-ir-sunus-i-ii-dalys\/#primaryimage","url":"https:\/\/skaitytaknyga.lt\/wp-content\/uploads\/2024\/11\/Dombis-ir-sunus-e1733734932165.jpg","contentUrl":"https:\/\/skaitytaknyga.lt\/wp-content\/uploads\/2024\/11\/Dombis-ir-sunus-e1733734932165.jpg","width":485,"height":722,"caption":"Dombis ir s\u016bnus"},{"@type":"BreadcrumbList","@id":"https:\/\/skaitytaknyga.lt\/produktas\/dombis-ir-sunus-i-ii-dalys\/#breadcrumb","itemListElement":[{"@type":"ListItem","position":1,"name":"Home","item":"https:\/\/skaitytaknyga.lt\/"},{"@type":"ListItem","position":2,"name":"Parduotuv\u0117","item":"https:\/\/skaitytaknyga.lt\/knygu-parduotuve\/"},{"@type":"ListItem","position":3,"name":"Dombis ir s\u016bnus I-II dalys"}]},{"@type":"WebSite","@id":"https:\/\/skaitytaknyga.lt\/#website","url":"https:\/\/skaitytaknyga.lt\/","name":"skaitytaknyga.lt","description":"Skaitytaknyga.lt \u2013 tai ma\u017eas \u0161eimos verslas, kuris prasid\u0117jo nuo meil\u0117s knygoms ir siekio i\u0161gelb\u0117ti knygas nuo likimo prie konteinerio. Kas vienam nereikalingas daiktas \u2013 kitam lobis, o mes esame tarpininkai, kurie padeda abiems tapti laimingesniems ???? \u017dinome kaip nelengva i\u0161gyventi ma\u017eiems verslams, tad nuo \u0161iol, \u010dia rasite ir kit\u0173, ma\u017e\u0173 \u0161eim\u0173 versl\u0173, rank\u0173 darbo, dovan\u0173 sau ir artimiesiems.","publisher":{"@id":"https:\/\/skaitytaknyga.lt\/#organization"},"potentialAction":[{"@type":"SearchAction","target":{"@type":"EntryPoint","urlTemplate":"https:\/\/skaitytaknyga.lt\/?s={search_term_string}"},"query-input":{"@type":"PropertyValueSpecification","valueRequired":true,"valueName":"search_term_string"}}],"inLanguage":"en-GB"},{"@type":"Organization","@id":"https:\/\/skaitytaknyga.lt\/#organization","name":"skaitytaknyga.lt","url":"https:\/\/skaitytaknyga.lt\/","logo":{"@type":"ImageObject","inLanguage":"en-GB","@id":"https:\/\/skaitytaknyga.lt\/#\/schema\/logo\/image\/","url":"https:\/\/skaitytaknyga.lt\/wp-content\/uploads\/2024\/05\/cropped-cropped-cropped-02_00843_jt3bggkj1j3HLc7SyY6rEUpg.jpeg","contentUrl":"https:\/\/skaitytaknyga.lt\/wp-content\/uploads\/2024\/05\/cropped-cropped-cropped-02_00843_jt3bggkj1j3HLc7SyY6rEUpg.jpeg","width":1600,"height":1600,"caption":"skaitytaknyga.lt"},"image":{"@id":"https:\/\/skaitytaknyga.lt\/#\/schema\/logo\/image\/"},"sameAs":["https:\/\/www.facebook.com\/skaitytaknyga\/"]}]}},"_links":{"self":[{"href":"https:\/\/skaitytaknyga.lt\/en\/wp-json\/wp\/v2\/product\/15044","targetHints":{"allow":["GET"]}}],"collection":[{"href":"https:\/\/skaitytaknyga.lt\/en\/wp-json\/wp\/v2\/product"}],"about":[{"href":"https:\/\/skaitytaknyga.lt\/en\/wp-json\/wp\/v2\/types\/product"}],"replies":[{"embeddable":true,"href":"https:\/\/skaitytaknyga.lt\/en\/wp-json\/wp\/v2\/comments?post=15044"}],"wp:featuredmedia":[{"embeddable":true,"href":"https:\/\/skaitytaknyga.lt\/en\/wp-json\/wp\/v2\/media\/15209"}],"wp:attachment":[{"href":"https:\/\/skaitytaknyga.lt\/en\/wp-json\/wp\/v2\/media?parent=15044"}],"wp:term":[{"taxonomy":"product_brand","embeddable":true,"href":"https:\/\/skaitytaknyga.lt\/en\/wp-json\/wp\/v2\/product_brand?post=15044"},{"taxonomy":"product_cat","embeddable":true,"href":"https:\/\/skaitytaknyga.lt\/en\/wp-json\/wp\/v2\/product_cat?post=15044"},{"taxonomy":"product_tag","embeddable":true,"href":"https:\/\/skaitytaknyga.lt\/en\/wp-json\/wp\/v2\/product_tag?post=15044"}],"curies":[{"name":"wp","href":"https:\/\/api.w.org\/{rel}","templated":true}]}}