{"id":15039,"date":"2024-11-29T19:51:31","date_gmt":"2024-11-29T17:51:31","guid":{"rendered":"https:\/\/skaitytaknyga.lt\/?post_type=product&#038;p=15039"},"modified":"2024-12-09T11:08:00","modified_gmt":"2024-12-09T09:08:00","slug":"ten-kur-krenta-angelai","status":"publish","type":"product","link":"https:\/\/skaitytaknyga.lt\/en\/produktas\/ten-kur-krenta-angelai\/","title":{"rendered":"Ten, kur krenta angelai"},"content":{"rendered":"<p>Ma\u017eoji Eva b\u016bdama vos keli\u0173 metuk\u0173 praranda savo angel\u0105 sarg\u0105 ir nuo to laiko j\u0105 vis lydi nes\u0117km\u0117s, skausmai vedantys \u012f mirt\u012f. Paaugusi gelb\u0117dama savo ir Angelo Sargo Av\u0117s gyvybes suranda kit\u0173 \u017emoni\u0173 Gyvenimo Akmenis ir jais pasinaudoja pakeisdama \u017emoni\u0173 likimus.<\/p>\n<p>Dorota Terakowska &#8211; garsi lenk\u0173 ra\u0161ytoja. \u0160i apysaka 1999-aisiais Lenkijoje i\u0161rinkta geriausia met\u0173 knyga paaugliams. Autor\u0117 ilgai dirbo \u017eurnaliste, ra\u0161yti prad\u0117jo sulaukusi keturiasde\u0161imties. I\u0161gars\u0117jo para\u0161iusi romanus \u201eBurtinink\u0117s dukra\u201c (1992) ir \u201eDiev\u0173 vienatv\u0117\u201c (1998).<\/p>\n<ul class=\"about-product d-none d-xl-block mt-4\">\n<li><strong>Autorius:<\/strong>\u00a0Dorota Terakowska<\/li>\n<li><strong>Leid\u0117jas:<\/strong>\u00a0Gimtasis \u017eodis<\/li>\n<li><strong>Metai:<\/strong>\u00a02007<\/li>\n<li><strong>Puslapiai:<\/strong>\u00a0269<\/li>\n<li class=\"toggleable type-new-formats \"><strong>ISBN:<\/strong>\u00a09789955161240<\/li>\n<li class=\"toggleable type-new-formats \"><strong>Formatas:<\/strong>\u00a014,5 x 23 x 2,3 cm, mink\u0161ti vir\u0161eliai<\/li>\n<li><strong>Vert\u0117jas:<\/strong>\u00a0Irena Aleksait\u0117<\/li>\n<\/ul>\n","protected":false},"excerpt":{"rendered":"<p>Ma\u017eoji Eva b\u016bdama vos keli\u0173 metuk\u0173 praranda savo angel\u0105 sarg\u0105 ir nuo to laiko j\u0105 vis lydi nes\u0117km\u0117s, skausmai vedantys \u012f mirt\u012f. Paaugusi gelb\u0117dama savo ir Angelo Sargo Av\u0117s gyvybes suranda kit\u0173 \u017emoni\u0173 Gyvenimo Akmenis ir jais pasinaudoja pakeisdama \u017emoni\u0173 likimus. Dorota Terakowska &#8211; garsi lenk\u0173 ra\u0161ytoja. \u0160i apysaka 1999-aisiais Lenkijoje i\u0161rinkta geriausia met\u0173 knyga paaugliams. Autor\u0117 ilgai dirbo \u017eurnaliste, ra\u0161yti prad\u0117jo sulaukusi keturiasde\u0161imties. I\u0161gars\u0117jo para\u0161iusi romanus \u201eBurtinink\u0117s dukra\u201c (1992) ir \u201eDiev\u0173 vienatv\u0117\u201c (1998). Autorius:\u00a0Dorota Terakowska Leid\u0117jas:\u00a0Gimtasis \u017eodis Metai:\u00a02007 Puslapiai:\u00a0269 ISBN:\u00a09789955161240 Formatas:\u00a014,5 x 23 x 2,3 cm, mink\u0161ti vir\u0161eliai Vert\u0117jas:\u00a0Irena Aleksait\u0117<\/p>\n","protected":false},"featured_media":15213,"comment_status":"open","ping_status":"closed","template":"","meta":{"_acf_changed":false,"site-sidebar-layout":"default","site-content-layout":"","ast-site-content-layout":"default","site-content-style":"default","site-sidebar-style":"default","ast-global-header-display":"","ast-banner-title-visibility":"","ast-main-header-display":"","ast-hfb-above-header-display":"","ast-hfb-below-header-display":"","ast-hfb-mobile-header-display":"","site-post-title":"","ast-breadcrumbs-content":"","ast-featured-img":"","footer-sml-layout":"","ast-disable-related-posts":"","theme-transparent-header-meta":"default","adv-header-id-meta":"","stick-header-meta":"","header-above-stick-meta":"","header-main-stick-meta":"","header-below-stick-meta":"","astra-migrate-meta-layouts":"set","ast-page-background-enabled":"default","ast-page-background-meta":{"desktop":{"background-color":"","background-image":"","background-repeat":"repeat","background-position":"center center","background-size":"auto","background-attachment":"scroll","background-type":"","background-media":"","overlay-type":"","overlay-color":"","overlay-opacity":"","overlay-gradient":""},"tablet":{"background-color":"","background-image":"","background-repeat":"repeat","background-position":"center center","background-size":"auto","background-attachment":"scroll","background-type":"","background-media":"","overlay-type":"","overlay-color":"","overlay-opacity":"","overlay-gradient":""},"mobile":{"background-color":"","background-image":"","background-repeat":"repeat","background-position":"center center","background-size":"auto","background-attachment":"scroll","background-type":"","background-media":"","overlay-type":"","overlay-color":"","overlay-opacity":"","overlay-gradient":""}},"ast-content-background-meta":{"desktop":{"background-color":"var(--ast-global-color-4)","background-image":"","background-repeat":"repeat","background-position":"center center","background-size":"auto","background-attachment":"scroll","background-type":"","background-media":"","overlay-type":"","overlay-color":"","overlay-opacity":"","overlay-gradient":""},"tablet":{"background-color":"var(--ast-global-color-4)","background-image":"","background-repeat":"repeat","background-position":"center center","background-size":"auto","background-attachment":"scroll","background-type":"","background-media":"","overlay-type":"","overlay-color":"","overlay-opacity":"","overlay-gradient":""},"mobile":{"background-color":"var(--ast-global-color-4)","background-image":"","background-repeat":"repeat","background-position":"center center","background-size":"auto","background-attachment":"scroll","background-type":"","background-media":"","overlay-type":"","overlay-color":"","overlay-opacity":"","overlay-gradient":""}}},"product_brand":[],"product_cat":[15],"product_tag":[],"class_list":{"0":"post-15039","1":"product","2":"type-product","3":"status-publish","4":"has-post-thumbnail","6":"product_cat-uncategorized","7":"desktop-align-left","8":"tablet-align-left","9":"mobile-align-left","11":"first","12":"instock","13":"shipping-taxable","14":"purchasable","15":"product-type-simple"},"acf":[],"yoast_head":"<!-- This site is optimized with the Yoast SEO plugin v27.0 - https:\/\/yoast.com\/product\/yoast-seo-wordpress\/ -->\n<title>Ten, kur krenta angelai<\/title>\n<meta name=\"description\" content=\"Ma\u017eoji Eva b\u016bdama vos keli\u0173 metuk\u0173 praranda savo angel\u0105 sarg\u0105 ir nuo to laiko j\u0105 vis lydi nes\u0117km\u0117s, skausmai vedantys \u012f mirt\u012f. Paaugusi gelb\u0117dama savo ir\" \/>\n<meta name=\"robots\" content=\"index, follow, max-snippet:-1, max-image-preview:large, max-video-preview:-1\" \/>\n<link rel=\"canonical\" href=\"https:\/\/skaitytaknyga.lt\/en\/produktas\/ten-kur-krenta-angelai\/\" \/>\n<meta property=\"og:locale\" content=\"en_GB\" \/>\n<meta property=\"og:locale:alternate\" content=\"lt_LT\" \/>\n<meta property=\"og:type\" content=\"article\" \/>\n<meta property=\"og:title\" content=\"Ten, kur krenta angelai\" \/>\n<meta property=\"og:description\" content=\"Ma\u017eoji Eva b\u016bdama vos keli\u0173 metuk\u0173 praranda savo angel\u0105 sarg\u0105 ir nuo to laiko j\u0105 vis lydi nes\u0117km\u0117s, skausmai vedantys \u012f mirt\u012f. Paaugusi gelb\u0117dama savo ir\" \/>\n<meta property=\"og:url\" content=\"https:\/\/skaitytaknyga.lt\/en\/produktas\/ten-kur-krenta-angelai\/\" \/>\n<meta property=\"og:site_name\" content=\"Skaitytaknyga\" \/>\n<meta property=\"article:publisher\" content=\"https:\/\/www.facebook.com\/skaitytaknyga\/\" \/>\n<meta property=\"article:modified_time\" content=\"2024-12-09T09:08:00+00:00\" \/>\n<meta property=\"og:image\" content=\"https:\/\/skaitytaknyga.lt\/wp-content\/uploads\/2024\/11\/Ten-kur-krenta-angelai.webp\" \/>\n\t<meta property=\"og:image:width\" content=\"501\" \/>\n\t<meta property=\"og:image:height\" content=\"800\" \/>\n\t<meta property=\"og:image:type\" content=\"image\/webp\" \/>\n<meta name=\"twitter:card\" content=\"summary_large_image\" \/>\n<meta name=\"twitter:label1\" content=\"Estimated reading time\" \/>\n\t<meta name=\"twitter:data1\" content=\"1 minute\" \/>\n<script type=\"application\/ld+json\" class=\"yoast-schema-graph\">{\"@context\":\"https:\/\/schema.org\",\"@graph\":[{\"@type\":\"WebPage\",\"@id\":\"https:\/\/skaitytaknyga.lt\/produktas\/ten-kur-krenta-angelai\/\",\"url\":\"https:\/\/skaitytaknyga.lt\/produktas\/ten-kur-krenta-angelai\/\",\"name\":\"Ten, kur krenta angelai\",\"isPartOf\":{\"@id\":\"https:\/\/skaitytaknyga.lt\/#website\"},\"primaryImageOfPage\":{\"@id\":\"https:\/\/skaitytaknyga.lt\/produktas\/ten-kur-krenta-angelai\/#primaryimage\"},\"image\":{\"@id\":\"https:\/\/skaitytaknyga.lt\/produktas\/ten-kur-krenta-angelai\/#primaryimage\"},\"thumbnailUrl\":\"https:\/\/skaitytaknyga.lt\/wp-content\/uploads\/2024\/11\/Ten-kur-krenta-angelai.webp\",\"datePublished\":\"2024-11-29T17:51:31+00:00\",\"dateModified\":\"2024-12-09T09:08:00+00:00\",\"description\":\"Ma\u017eoji Eva b\u016bdama vos keli\u0173 metuk\u0173 praranda savo angel\u0105 sarg\u0105 ir nuo to laiko j\u0105 vis lydi nes\u0117km\u0117s, skausmai vedantys \u012f mirt\u012f. Paaugusi gelb\u0117dama savo ir\",\"breadcrumb\":{\"@id\":\"https:\/\/skaitytaknyga.lt\/produktas\/ten-kur-krenta-angelai\/#breadcrumb\"},\"inLanguage\":\"en-GB\",\"potentialAction\":[{\"@type\":\"ReadAction\",\"target\":[\"https:\/\/skaitytaknyga.lt\/produktas\/ten-kur-krenta-angelai\/\"]}]},{\"@type\":\"ImageObject\",\"inLanguage\":\"en-GB\",\"@id\":\"https:\/\/skaitytaknyga.lt\/produktas\/ten-kur-krenta-angelai\/#primaryimage\",\"url\":\"https:\/\/skaitytaknyga.lt\/wp-content\/uploads\/2024\/11\/Ten-kur-krenta-angelai.webp\",\"contentUrl\":\"https:\/\/skaitytaknyga.lt\/wp-content\/uploads\/2024\/11\/Ten-kur-krenta-angelai.webp\",\"width\":501,\"height\":800},{\"@type\":\"BreadcrumbList\",\"@id\":\"https:\/\/skaitytaknyga.lt\/produktas\/ten-kur-krenta-angelai\/#breadcrumb\",\"itemListElement\":[{\"@type\":\"ListItem\",\"position\":1,\"name\":\"Home\",\"item\":\"https:\/\/skaitytaknyga.lt\/\"},{\"@type\":\"ListItem\",\"position\":2,\"name\":\"Parduotuv\u0117\",\"item\":\"https:\/\/skaitytaknyga.lt\/knygu-parduotuve\/\"},{\"@type\":\"ListItem\",\"position\":3,\"name\":\"Ten, kur krenta angelai\"}]},{\"@type\":\"WebSite\",\"@id\":\"https:\/\/skaitytaknyga.lt\/#website\",\"url\":\"https:\/\/skaitytaknyga.lt\/\",\"name\":\"skaitytaknyga.lt\",\"description\":\"Skaitytaknyga.lt \u2013 tai ma\u017eas \u0161eimos verslas, kuris prasid\u0117jo nuo meil\u0117s knygoms ir siekio i\u0161gelb\u0117ti knygas nuo likimo prie konteinerio. Kas vienam nereikalingas daiktas \u2013 kitam lobis, o mes esame tarpininkai, kurie padeda abiems tapti laimingesniems ???? \u017dinome kaip nelengva i\u0161gyventi ma\u017eiems verslams, tad nuo \u0161iol, \u010dia rasite ir kit\u0173, ma\u017e\u0173 \u0161eim\u0173 versl\u0173, rank\u0173 darbo, dovan\u0173 sau ir artimiesiems.\",\"publisher\":{\"@id\":\"https:\/\/skaitytaknyga.lt\/#organization\"},\"potentialAction\":[{\"@type\":\"SearchAction\",\"target\":{\"@type\":\"EntryPoint\",\"urlTemplate\":\"https:\/\/skaitytaknyga.lt\/?s={search_term_string}\"},\"query-input\":{\"@type\":\"PropertyValueSpecification\",\"valueRequired\":true,\"valueName\":\"search_term_string\"}}],\"inLanguage\":\"en-GB\"},{\"@type\":\"Organization\",\"@id\":\"https:\/\/skaitytaknyga.lt\/#organization\",\"name\":\"skaitytaknyga.lt\",\"url\":\"https:\/\/skaitytaknyga.lt\/\",\"logo\":{\"@type\":\"ImageObject\",\"inLanguage\":\"en-GB\",\"@id\":\"https:\/\/skaitytaknyga.lt\/#\/schema\/logo\/image\/\",\"url\":\"https:\/\/skaitytaknyga.lt\/wp-content\/uploads\/2024\/05\/cropped-cropped-cropped-02_00843_jt3bggkj1j3HLc7SyY6rEUpg.jpeg\",\"contentUrl\":\"https:\/\/skaitytaknyga.lt\/wp-content\/uploads\/2024\/05\/cropped-cropped-cropped-02_00843_jt3bggkj1j3HLc7SyY6rEUpg.jpeg\",\"width\":1600,\"height\":1600,\"caption\":\"skaitytaknyga.lt\"},\"image\":{\"@id\":\"https:\/\/skaitytaknyga.lt\/#\/schema\/logo\/image\/\"},\"sameAs\":[\"https:\/\/www.facebook.com\/skaitytaknyga\/\"]}]}<\/script>\n<!-- \/ Yoast SEO plugin. -->","yoast_head_json":{"title":"Ten, kur krenta angelai","description":"Ma\u017eoji Eva b\u016bdama vos keli\u0173 metuk\u0173 praranda savo angel\u0105 sarg\u0105 ir nuo to laiko j\u0105 vis lydi nes\u0117km\u0117s, skausmai vedantys \u012f mirt\u012f. Paaugusi gelb\u0117dama savo ir","robots":{"index":"index","follow":"follow","max-snippet":"max-snippet:-1","max-image-preview":"max-image-preview:large","max-video-preview":"max-video-preview:-1"},"canonical":"https:\/\/skaitytaknyga.lt\/en\/produktas\/ten-kur-krenta-angelai\/","og_locale":"en_GB","og_type":"article","og_title":"[:lt]Ten, kur krenta angelai[:] - Skaitytaknyga","og_description":"Ma\u017eoji Eva b\u016bdama vos keli\u0173 metuk\u0173 praranda savo angel\u0105 sarg\u0105 ir nuo to laiko j\u0105 vis lydi nes\u0117km\u0117s, skausmai vedantys \u012f mirt\u012f. Paaugusi gelb\u0117dama savo ir","og_url":"https:\/\/skaitytaknyga.lt\/en\/produktas\/ten-kur-krenta-angelai\/","og_site_name":"Skaitytaknyga","article_publisher":"https:\/\/www.facebook.com\/skaitytaknyga\/","article_modified_time":"2024-12-09T09:08:00+00:00","og_image":[{"width":501,"height":800,"url":"https:\/\/skaitytaknyga.lt\/wp-content\/uploads\/2024\/11\/Ten-kur-krenta-angelai.webp","type":"image\/webp"}],"twitter_card":"summary_large_image","twitter_misc":{"Estimated reading time":"1 minute"},"schema":{"@context":"https:\/\/schema.org","@graph":[{"@type":"WebPage","@id":"https:\/\/skaitytaknyga.lt\/produktas\/ten-kur-krenta-angelai\/","url":"https:\/\/skaitytaknyga.lt\/produktas\/ten-kur-krenta-angelai\/","name":"Ten, kur krenta angelai","isPartOf":{"@id":"https:\/\/skaitytaknyga.lt\/#website"},"primaryImageOfPage":{"@id":"https:\/\/skaitytaknyga.lt\/produktas\/ten-kur-krenta-angelai\/#primaryimage"},"image":{"@id":"https:\/\/skaitytaknyga.lt\/produktas\/ten-kur-krenta-angelai\/#primaryimage"},"thumbnailUrl":"https:\/\/skaitytaknyga.lt\/wp-content\/uploads\/2024\/11\/Ten-kur-krenta-angelai.webp","datePublished":"2024-11-29T17:51:31+00:00","dateModified":"2024-12-09T09:08:00+00:00","description":"Ma\u017eoji Eva b\u016bdama vos keli\u0173 metuk\u0173 praranda savo angel\u0105 sarg\u0105 ir nuo to laiko j\u0105 vis lydi nes\u0117km\u0117s, skausmai vedantys \u012f mirt\u012f. Paaugusi gelb\u0117dama savo ir","breadcrumb":{"@id":"https:\/\/skaitytaknyga.lt\/produktas\/ten-kur-krenta-angelai\/#breadcrumb"},"inLanguage":"en-GB","potentialAction":[{"@type":"ReadAction","target":["https:\/\/skaitytaknyga.lt\/produktas\/ten-kur-krenta-angelai\/"]}]},{"@type":"ImageObject","inLanguage":"en-GB","@id":"https:\/\/skaitytaknyga.lt\/produktas\/ten-kur-krenta-angelai\/#primaryimage","url":"https:\/\/skaitytaknyga.lt\/wp-content\/uploads\/2024\/11\/Ten-kur-krenta-angelai.webp","contentUrl":"https:\/\/skaitytaknyga.lt\/wp-content\/uploads\/2024\/11\/Ten-kur-krenta-angelai.webp","width":501,"height":800},{"@type":"BreadcrumbList","@id":"https:\/\/skaitytaknyga.lt\/produktas\/ten-kur-krenta-angelai\/#breadcrumb","itemListElement":[{"@type":"ListItem","position":1,"name":"Home","item":"https:\/\/skaitytaknyga.lt\/"},{"@type":"ListItem","position":2,"name":"Parduotuv\u0117","item":"https:\/\/skaitytaknyga.lt\/knygu-parduotuve\/"},{"@type":"ListItem","position":3,"name":"Ten, kur krenta angelai"}]},{"@type":"WebSite","@id":"https:\/\/skaitytaknyga.lt\/#website","url":"https:\/\/skaitytaknyga.lt\/","name":"skaitytaknyga.lt","description":"Skaitytaknyga.lt \u2013 tai ma\u017eas \u0161eimos verslas, kuris prasid\u0117jo nuo meil\u0117s knygoms ir siekio i\u0161gelb\u0117ti knygas nuo likimo prie konteinerio. Kas vienam nereikalingas daiktas \u2013 kitam lobis, o mes esame tarpininkai, kurie padeda abiems tapti laimingesniems ???? \u017dinome kaip nelengva i\u0161gyventi ma\u017eiems verslams, tad nuo \u0161iol, \u010dia rasite ir kit\u0173, ma\u017e\u0173 \u0161eim\u0173 versl\u0173, rank\u0173 darbo, dovan\u0173 sau ir artimiesiems.","publisher":{"@id":"https:\/\/skaitytaknyga.lt\/#organization"},"potentialAction":[{"@type":"SearchAction","target":{"@type":"EntryPoint","urlTemplate":"https:\/\/skaitytaknyga.lt\/?s={search_term_string}"},"query-input":{"@type":"PropertyValueSpecification","valueRequired":true,"valueName":"search_term_string"}}],"inLanguage":"en-GB"},{"@type":"Organization","@id":"https:\/\/skaitytaknyga.lt\/#organization","name":"skaitytaknyga.lt","url":"https:\/\/skaitytaknyga.lt\/","logo":{"@type":"ImageObject","inLanguage":"en-GB","@id":"https:\/\/skaitytaknyga.lt\/#\/schema\/logo\/image\/","url":"https:\/\/skaitytaknyga.lt\/wp-content\/uploads\/2024\/05\/cropped-cropped-cropped-02_00843_jt3bggkj1j3HLc7SyY6rEUpg.jpeg","contentUrl":"https:\/\/skaitytaknyga.lt\/wp-content\/uploads\/2024\/05\/cropped-cropped-cropped-02_00843_jt3bggkj1j3HLc7SyY6rEUpg.jpeg","width":1600,"height":1600,"caption":"skaitytaknyga.lt"},"image":{"@id":"https:\/\/skaitytaknyga.lt\/#\/schema\/logo\/image\/"},"sameAs":["https:\/\/www.facebook.com\/skaitytaknyga\/"]}]}},"_links":{"self":[{"href":"https:\/\/skaitytaknyga.lt\/en\/wp-json\/wp\/v2\/product\/15039","targetHints":{"allow":["GET"]}}],"collection":[{"href":"https:\/\/skaitytaknyga.lt\/en\/wp-json\/wp\/v2\/product"}],"about":[{"href":"https:\/\/skaitytaknyga.lt\/en\/wp-json\/wp\/v2\/types\/product"}],"replies":[{"embeddable":true,"href":"https:\/\/skaitytaknyga.lt\/en\/wp-json\/wp\/v2\/comments?post=15039"}],"wp:featuredmedia":[{"embeddable":true,"href":"https:\/\/skaitytaknyga.lt\/en\/wp-json\/wp\/v2\/media\/15213"}],"wp:attachment":[{"href":"https:\/\/skaitytaknyga.lt\/en\/wp-json\/wp\/v2\/media?parent=15039"}],"wp:term":[{"taxonomy":"product_brand","embeddable":true,"href":"https:\/\/skaitytaknyga.lt\/en\/wp-json\/wp\/v2\/product_brand?post=15039"},{"taxonomy":"product_cat","embeddable":true,"href":"https:\/\/skaitytaknyga.lt\/en\/wp-json\/wp\/v2\/product_cat?post=15039"},{"taxonomy":"product_tag","embeddable":true,"href":"https:\/\/skaitytaknyga.lt\/en\/wp-json\/wp\/v2\/product_tag?post=15039"}],"curies":[{"name":"wp","href":"https:\/\/api.w.org\/{rel}","templated":true}]}}