{"id":15024,"date":"2024-11-29T11:53:53","date_gmt":"2024-11-29T09:53:53","guid":{"rendered":"https:\/\/skaitytaknyga.lt\/?post_type=product&#038;p=15024"},"modified":"2026-01-29T20:21:57","modified_gmt":"2026-01-29T18:21:57","slug":"1444-kokteiliai","status":"publish","type":"product","link":"https:\/\/skaitytaknyga.lt\/en\/produktas\/1444-kokteiliai\/","title":{"rendered":"1444 kokteiliai"},"content":{"rendered":"<p>Knygoje \u201e1444 kokteiliai\u201c pateikta daugyb\u0117 trumpai geriam\u0173 g\u0117rim\u0173, ilgai geriam\u0173 g\u0117rim\u0173, nealkoholini\u0173 g\u0117rim\u0173, kriu\u0161on\u0173 ir kar\u0161t\u0173 g\u0117rim\u0173 recept\u0173.<\/p>\n<p>Kad neb\u016bt\u0173 bereikalingo nusivylimo priimant sve\u010dius, \u012f\u017eangin\u0117je dalyje apra\u0161yti \u012frankiai, indai, stiklai ir komponentai, b\u016btini pasigaminti mai\u0161ytiems g\u0117rimams. Taip pat paai\u0161kinamos pagrindin\u0117s g\u0117rim\u0173 mai\u0161ymo taisykl\u0117s. Nema\u017eai vietos skirta ir g\u0117rim\u0173 puo\u0161ybai, kur apra\u0161yti kupini fantazijos mai\u0161yt\u0173j\u0173 g\u0117rim\u0173 puo\u0161imo b\u016bdai. Gan\u0117tinai daug informacijos pateikta apie komponentus, i\u0161 kuri\u0173 gaminami mai\u0161ytieji g\u0117rimai.<\/p>\n<p>P\u0117teris Bormanas yra profesionalus barmenas. Jo asmeniniai laim\u0117jimai Vokietijos ir tarptautiniuose konkursuose rodo, kad jis puikiai perprato savo profesijos paslaptis.<\/p>\n","protected":false},"excerpt":{"rendered":"<p>Knygoje \u201e1444 kokteiliai\u201c pateikta daugyb\u0117 trumpai geriam\u0173 g\u0117rim\u0173, ilgai geriam\u0173 g\u0117rim\u0173, nealkoholini\u0173 g\u0117rim\u0173, kriu\u0161on\u0173 ir kar\u0161t\u0173 g\u0117rim\u0173 recept\u0173. Kad neb\u016bt\u0173 bereikalingo nusivylimo priimant sve\u010dius, \u012f\u017eangin\u0117je dalyje apra\u0161yti \u012frankiai, indai, stiklai ir komponentai, b\u016btini pasigaminti mai\u0161ytiems g\u0117rimams. Taip pat paai\u0161kinamos pagrindin\u0117s g\u0117rim\u0173 mai\u0161ymo taisykl\u0117s. Nema\u017eai vietos skirta ir g\u0117rim\u0173 puo\u0161ybai, kur apra\u0161yti kupini fantazijos mai\u0161yt\u0173j\u0173 g\u0117rim\u0173 puo\u0161imo b\u016bdai. Gan\u0117tinai daug informacijos pateikta apie komponentus, i\u0161 kuri\u0173 gaminami mai\u0161ytieji g\u0117rimai. P\u0117teris Bormanas yra profesionalus barmenas. Jo asmeniniai laim\u0117jimai Vokietijos ir tarptautiniuose konkursuose rodo, kad jis puikiai perprato savo profesijos paslaptis.<\/p>\n","protected":false},"featured_media":15225,"comment_status":"open","ping_status":"closed","template":"","meta":{"_acf_changed":false,"site-sidebar-layout":"default","site-content-layout":"","ast-site-content-layout":"default","site-content-style":"default","site-sidebar-style":"default","ast-global-header-display":"","ast-banner-title-visibility":"","ast-main-header-display":"","ast-hfb-above-header-display":"","ast-hfb-below-header-display":"","ast-hfb-mobile-header-display":"","site-post-title":"","ast-breadcrumbs-content":"","ast-featured-img":"","footer-sml-layout":"","ast-disable-related-posts":"","theme-transparent-header-meta":"default","adv-header-id-meta":"","stick-header-meta":"","header-above-stick-meta":"","header-main-stick-meta":"","header-below-stick-meta":"","astra-migrate-meta-layouts":"set","ast-page-background-enabled":"default","ast-page-background-meta":{"desktop":{"background-color":"","background-image":"","background-repeat":"repeat","background-position":"center center","background-size":"auto","background-attachment":"scroll","background-type":"","background-media":"","overlay-type":"","overlay-color":"","overlay-opacity":"","overlay-gradient":""},"tablet":{"background-color":"","background-image":"","background-repeat":"repeat","background-position":"center center","background-size":"auto","background-attachment":"scroll","background-type":"","background-media":"","overlay-type":"","overlay-color":"","overlay-opacity":"","overlay-gradient":""},"mobile":{"background-color":"","background-image":"","background-repeat":"repeat","background-position":"center center","background-size":"auto","background-attachment":"scroll","background-type":"","background-media":"","overlay-type":"","overlay-color":"","overlay-opacity":"","overlay-gradient":""}},"ast-content-background-meta":{"desktop":{"background-color":"var(--ast-global-color-4)","background-image":"","background-repeat":"repeat","background-position":"center center","background-size":"auto","background-attachment":"scroll","background-type":"","background-media":"","overlay-type":"","overlay-color":"","overlay-opacity":"","overlay-gradient":""},"tablet":{"background-color":"var(--ast-global-color-4)","background-image":"","background-repeat":"repeat","background-position":"center center","background-size":"auto","background-attachment":"scroll","background-type":"","background-media":"","overlay-type":"","overlay-color":"","overlay-opacity":"","overlay-gradient":""},"mobile":{"background-color":"var(--ast-global-color-4)","background-image":"","background-repeat":"repeat","background-position":"center center","background-size":"auto","background-attachment":"scroll","background-type":"","background-media":"","overlay-type":"","overlay-color":"","overlay-opacity":"","overlay-gradient":""}}},"product_brand":[],"product_cat":[15],"product_tag":[],"class_list":{"0":"post-15024","1":"product","2":"type-product","3":"status-publish","4":"has-post-thumbnail","6":"product_cat-uncategorized","7":"desktop-align-left","8":"tablet-align-left","9":"mobile-align-left","11":"first","12":"outofstock","13":"shipping-taxable","14":"purchasable","15":"product-type-simple"},"acf":[],"yoast_head":"<!-- This site is optimized with the Yoast SEO plugin v27.0 - https:\/\/yoast.com\/product\/yoast-seo-wordpress\/ -->\n<title>1444 kokteiliai<\/title>\n<meta name=\"description\" content=\"Knygoje \u201e1444 kokteiliai\u201c pateikta daugyb\u0117 trumpai geriam\u0173 g\u0117rim\u0173, ilgai geriam\u0173 g\u0117rim\u0173, nealkoholini\u0173 g\u0117rim\u0173, kriu\u0161on\u0173 ir kar\u0161t\u0173 g\u0117rim\u0173 recept\u0173. Kad\" \/>\n<meta name=\"robots\" content=\"index, follow, max-snippet:-1, max-image-preview:large, max-video-preview:-1\" \/>\n<link rel=\"canonical\" href=\"https:\/\/skaitytaknyga.lt\/en\/produktas\/1444-kokteiliai\/\" \/>\n<meta property=\"og:locale\" content=\"en_GB\" \/>\n<meta property=\"og:locale:alternate\" content=\"lt_LT\" \/>\n<meta property=\"og:type\" content=\"article\" \/>\n<meta property=\"og:title\" content=\"1444 kokteiliai\" \/>\n<meta property=\"og:description\" content=\"Knygoje \u201e1444 kokteiliai\u201c pateikta daugyb\u0117 trumpai geriam\u0173 g\u0117rim\u0173, ilgai geriam\u0173 g\u0117rim\u0173, nealkoholini\u0173 g\u0117rim\u0173, kriu\u0161on\u0173 ir kar\u0161t\u0173 g\u0117rim\u0173 recept\u0173. Kad\" \/>\n<meta property=\"og:url\" content=\"https:\/\/skaitytaknyga.lt\/en\/produktas\/1444-kokteiliai\/\" \/>\n<meta property=\"og:site_name\" content=\"Skaitytaknyga\" \/>\n<meta property=\"article:publisher\" content=\"https:\/\/www.facebook.com\/skaitytaknyga\/\" \/>\n<meta property=\"article:modified_time\" content=\"2026-01-29T18:21:57+00:00\" \/>\n<meta property=\"og:image\" content=\"https:\/\/skaitytaknyga.lt\/wp-content\/uploads\/2024\/11\/1444-kokteiliai.webp\" \/>\n\t<meta property=\"og:image:width\" content=\"428\" \/>\n\t<meta property=\"og:image:height\" content=\"800\" \/>\n\t<meta property=\"og:image:type\" content=\"image\/webp\" \/>\n<meta name=\"twitter:card\" content=\"summary_large_image\" \/>\n<meta name=\"twitter:label1\" content=\"Estimated reading time\" \/>\n\t<meta name=\"twitter:data1\" content=\"1 minute\" \/>\n<script type=\"application\/ld+json\" class=\"yoast-schema-graph\">{\"@context\":\"https:\/\/schema.org\",\"@graph\":[{\"@type\":\"WebPage\",\"@id\":\"https:\/\/skaitytaknyga.lt\/produktas\/1444-kokteiliai\/\",\"url\":\"https:\/\/skaitytaknyga.lt\/produktas\/1444-kokteiliai\/\",\"name\":\"1444 kokteiliai\",\"isPartOf\":{\"@id\":\"https:\/\/skaitytaknyga.lt\/#website\"},\"primaryImageOfPage\":{\"@id\":\"https:\/\/skaitytaknyga.lt\/produktas\/1444-kokteiliai\/#primaryimage\"},\"image\":{\"@id\":\"https:\/\/skaitytaknyga.lt\/produktas\/1444-kokteiliai\/#primaryimage\"},\"thumbnailUrl\":\"https:\/\/skaitytaknyga.lt\/wp-content\/uploads\/2024\/11\/1444-kokteiliai.webp\",\"datePublished\":\"2024-11-29T09:53:53+00:00\",\"dateModified\":\"2026-01-29T18:21:57+00:00\",\"description\":\"Knygoje \u201e1444 kokteiliai\u201c pateikta daugyb\u0117 trumpai geriam\u0173 g\u0117rim\u0173, ilgai geriam\u0173 g\u0117rim\u0173, nealkoholini\u0173 g\u0117rim\u0173, kriu\u0161on\u0173 ir kar\u0161t\u0173 g\u0117rim\u0173 recept\u0173. Kad\",\"breadcrumb\":{\"@id\":\"https:\/\/skaitytaknyga.lt\/produktas\/1444-kokteiliai\/#breadcrumb\"},\"inLanguage\":\"en-GB\",\"potentialAction\":[{\"@type\":\"ReadAction\",\"target\":[\"https:\/\/skaitytaknyga.lt\/produktas\/1444-kokteiliai\/\"]}]},{\"@type\":\"ImageObject\",\"inLanguage\":\"en-GB\",\"@id\":\"https:\/\/skaitytaknyga.lt\/produktas\/1444-kokteiliai\/#primaryimage\",\"url\":\"https:\/\/skaitytaknyga.lt\/wp-content\/uploads\/2024\/11\/1444-kokteiliai.webp\",\"contentUrl\":\"https:\/\/skaitytaknyga.lt\/wp-content\/uploads\/2024\/11\/1444-kokteiliai.webp\",\"width\":428,\"height\":800,\"caption\":\"1444 kokteiliai\"},{\"@type\":\"BreadcrumbList\",\"@id\":\"https:\/\/skaitytaknyga.lt\/produktas\/1444-kokteiliai\/#breadcrumb\",\"itemListElement\":[{\"@type\":\"ListItem\",\"position\":1,\"name\":\"Home\",\"item\":\"https:\/\/skaitytaknyga.lt\/\"},{\"@type\":\"ListItem\",\"position\":2,\"name\":\"Parduotuv\u0117\",\"item\":\"https:\/\/skaitytaknyga.lt\/knygu-parduotuve\/\"},{\"@type\":\"ListItem\",\"position\":3,\"name\":\"1444 kokteiliai\"}]},{\"@type\":\"WebSite\",\"@id\":\"https:\/\/skaitytaknyga.lt\/#website\",\"url\":\"https:\/\/skaitytaknyga.lt\/\",\"name\":\"skaitytaknyga.lt\",\"description\":\"Skaitytaknyga.lt \u2013 tai ma\u017eas \u0161eimos verslas, kuris prasid\u0117jo nuo meil\u0117s knygoms ir siekio i\u0161gelb\u0117ti knygas nuo likimo prie konteinerio. Kas vienam nereikalingas daiktas \u2013 kitam lobis, o mes esame tarpininkai, kurie padeda abiems tapti laimingesniems ???? \u017dinome kaip nelengva i\u0161gyventi ma\u017eiems verslams, tad nuo \u0161iol, \u010dia rasite ir kit\u0173, ma\u017e\u0173 \u0161eim\u0173 versl\u0173, rank\u0173 darbo, dovan\u0173 sau ir artimiesiems.\",\"publisher\":{\"@id\":\"https:\/\/skaitytaknyga.lt\/#organization\"},\"potentialAction\":[{\"@type\":\"SearchAction\",\"target\":{\"@type\":\"EntryPoint\",\"urlTemplate\":\"https:\/\/skaitytaknyga.lt\/?s={search_term_string}\"},\"query-input\":{\"@type\":\"PropertyValueSpecification\",\"valueRequired\":true,\"valueName\":\"search_term_string\"}}],\"inLanguage\":\"en-GB\"},{\"@type\":\"Organization\",\"@id\":\"https:\/\/skaitytaknyga.lt\/#organization\",\"name\":\"skaitytaknyga.lt\",\"url\":\"https:\/\/skaitytaknyga.lt\/\",\"logo\":{\"@type\":\"ImageObject\",\"inLanguage\":\"en-GB\",\"@id\":\"https:\/\/skaitytaknyga.lt\/#\/schema\/logo\/image\/\",\"url\":\"https:\/\/skaitytaknyga.lt\/wp-content\/uploads\/2024\/05\/cropped-cropped-cropped-02_00843_jt3bggkj1j3HLc7SyY6rEUpg.jpeg\",\"contentUrl\":\"https:\/\/skaitytaknyga.lt\/wp-content\/uploads\/2024\/05\/cropped-cropped-cropped-02_00843_jt3bggkj1j3HLc7SyY6rEUpg.jpeg\",\"width\":1600,\"height\":1600,\"caption\":\"skaitytaknyga.lt\"},\"image\":{\"@id\":\"https:\/\/skaitytaknyga.lt\/#\/schema\/logo\/image\/\"},\"sameAs\":[\"https:\/\/www.facebook.com\/skaitytaknyga\/\"]}]}<\/script>\n<!-- \/ Yoast SEO plugin. -->","yoast_head_json":{"title":"1444 kokteiliai","description":"Knygoje \u201e1444 kokteiliai\u201c pateikta daugyb\u0117 trumpai geriam\u0173 g\u0117rim\u0173, ilgai geriam\u0173 g\u0117rim\u0173, nealkoholini\u0173 g\u0117rim\u0173, kriu\u0161on\u0173 ir kar\u0161t\u0173 g\u0117rim\u0173 recept\u0173. Kad","robots":{"index":"index","follow":"follow","max-snippet":"max-snippet:-1","max-image-preview":"max-image-preview:large","max-video-preview":"max-video-preview:-1"},"canonical":"https:\/\/skaitytaknyga.lt\/en\/produktas\/1444-kokteiliai\/","og_locale":"en_GB","og_type":"article","og_title":"[:lt]1444 kokteiliai[:] - Skaitytaknyga","og_description":"Knygoje \u201e1444 kokteiliai\u201c pateikta daugyb\u0117 trumpai geriam\u0173 g\u0117rim\u0173, ilgai geriam\u0173 g\u0117rim\u0173, nealkoholini\u0173 g\u0117rim\u0173, kriu\u0161on\u0173 ir kar\u0161t\u0173 g\u0117rim\u0173 recept\u0173. Kad","og_url":"https:\/\/skaitytaknyga.lt\/en\/produktas\/1444-kokteiliai\/","og_site_name":"Skaitytaknyga","article_publisher":"https:\/\/www.facebook.com\/skaitytaknyga\/","article_modified_time":"2026-01-29T18:21:57+00:00","og_image":[{"width":428,"height":800,"url":"https:\/\/skaitytaknyga.lt\/wp-content\/uploads\/2024\/11\/1444-kokteiliai.webp","type":"image\/webp"}],"twitter_card":"summary_large_image","twitter_misc":{"Estimated reading time":"1 minute"},"schema":{"@context":"https:\/\/schema.org","@graph":[{"@type":"WebPage","@id":"https:\/\/skaitytaknyga.lt\/produktas\/1444-kokteiliai\/","url":"https:\/\/skaitytaknyga.lt\/produktas\/1444-kokteiliai\/","name":"1444 kokteiliai","isPartOf":{"@id":"https:\/\/skaitytaknyga.lt\/#website"},"primaryImageOfPage":{"@id":"https:\/\/skaitytaknyga.lt\/produktas\/1444-kokteiliai\/#primaryimage"},"image":{"@id":"https:\/\/skaitytaknyga.lt\/produktas\/1444-kokteiliai\/#primaryimage"},"thumbnailUrl":"https:\/\/skaitytaknyga.lt\/wp-content\/uploads\/2024\/11\/1444-kokteiliai.webp","datePublished":"2024-11-29T09:53:53+00:00","dateModified":"2026-01-29T18:21:57+00:00","description":"Knygoje \u201e1444 kokteiliai\u201c pateikta daugyb\u0117 trumpai geriam\u0173 g\u0117rim\u0173, ilgai geriam\u0173 g\u0117rim\u0173, nealkoholini\u0173 g\u0117rim\u0173, kriu\u0161on\u0173 ir kar\u0161t\u0173 g\u0117rim\u0173 recept\u0173. Kad","breadcrumb":{"@id":"https:\/\/skaitytaknyga.lt\/produktas\/1444-kokteiliai\/#breadcrumb"},"inLanguage":"en-GB","potentialAction":[{"@type":"ReadAction","target":["https:\/\/skaitytaknyga.lt\/produktas\/1444-kokteiliai\/"]}]},{"@type":"ImageObject","inLanguage":"en-GB","@id":"https:\/\/skaitytaknyga.lt\/produktas\/1444-kokteiliai\/#primaryimage","url":"https:\/\/skaitytaknyga.lt\/wp-content\/uploads\/2024\/11\/1444-kokteiliai.webp","contentUrl":"https:\/\/skaitytaknyga.lt\/wp-content\/uploads\/2024\/11\/1444-kokteiliai.webp","width":428,"height":800,"caption":"1444 kokteiliai"},{"@type":"BreadcrumbList","@id":"https:\/\/skaitytaknyga.lt\/produktas\/1444-kokteiliai\/#breadcrumb","itemListElement":[{"@type":"ListItem","position":1,"name":"Home","item":"https:\/\/skaitytaknyga.lt\/"},{"@type":"ListItem","position":2,"name":"Parduotuv\u0117","item":"https:\/\/skaitytaknyga.lt\/knygu-parduotuve\/"},{"@type":"ListItem","position":3,"name":"1444 kokteiliai"}]},{"@type":"WebSite","@id":"https:\/\/skaitytaknyga.lt\/#website","url":"https:\/\/skaitytaknyga.lt\/","name":"skaitytaknyga.lt","description":"Skaitytaknyga.lt \u2013 tai ma\u017eas \u0161eimos verslas, kuris prasid\u0117jo nuo meil\u0117s knygoms ir siekio i\u0161gelb\u0117ti knygas nuo likimo prie konteinerio. Kas vienam nereikalingas daiktas \u2013 kitam lobis, o mes esame tarpininkai, kurie padeda abiems tapti laimingesniems ???? \u017dinome kaip nelengva i\u0161gyventi ma\u017eiems verslams, tad nuo \u0161iol, \u010dia rasite ir kit\u0173, ma\u017e\u0173 \u0161eim\u0173 versl\u0173, rank\u0173 darbo, dovan\u0173 sau ir artimiesiems.","publisher":{"@id":"https:\/\/skaitytaknyga.lt\/#organization"},"potentialAction":[{"@type":"SearchAction","target":{"@type":"EntryPoint","urlTemplate":"https:\/\/skaitytaknyga.lt\/?s={search_term_string}"},"query-input":{"@type":"PropertyValueSpecification","valueRequired":true,"valueName":"search_term_string"}}],"inLanguage":"en-GB"},{"@type":"Organization","@id":"https:\/\/skaitytaknyga.lt\/#organization","name":"skaitytaknyga.lt","url":"https:\/\/skaitytaknyga.lt\/","logo":{"@type":"ImageObject","inLanguage":"en-GB","@id":"https:\/\/skaitytaknyga.lt\/#\/schema\/logo\/image\/","url":"https:\/\/skaitytaknyga.lt\/wp-content\/uploads\/2024\/05\/cropped-cropped-cropped-02_00843_jt3bggkj1j3HLc7SyY6rEUpg.jpeg","contentUrl":"https:\/\/skaitytaknyga.lt\/wp-content\/uploads\/2024\/05\/cropped-cropped-cropped-02_00843_jt3bggkj1j3HLc7SyY6rEUpg.jpeg","width":1600,"height":1600,"caption":"skaitytaknyga.lt"},"image":{"@id":"https:\/\/skaitytaknyga.lt\/#\/schema\/logo\/image\/"},"sameAs":["https:\/\/www.facebook.com\/skaitytaknyga\/"]}]}},"_links":{"self":[{"href":"https:\/\/skaitytaknyga.lt\/en\/wp-json\/wp\/v2\/product\/15024","targetHints":{"allow":["GET"]}}],"collection":[{"href":"https:\/\/skaitytaknyga.lt\/en\/wp-json\/wp\/v2\/product"}],"about":[{"href":"https:\/\/skaitytaknyga.lt\/en\/wp-json\/wp\/v2\/types\/product"}],"replies":[{"embeddable":true,"href":"https:\/\/skaitytaknyga.lt\/en\/wp-json\/wp\/v2\/comments?post=15024"}],"wp:featuredmedia":[{"embeddable":true,"href":"https:\/\/skaitytaknyga.lt\/en\/wp-json\/wp\/v2\/media\/15225"}],"wp:attachment":[{"href":"https:\/\/skaitytaknyga.lt\/en\/wp-json\/wp\/v2\/media?parent=15024"}],"wp:term":[{"taxonomy":"product_brand","embeddable":true,"href":"https:\/\/skaitytaknyga.lt\/en\/wp-json\/wp\/v2\/product_brand?post=15024"},{"taxonomy":"product_cat","embeddable":true,"href":"https:\/\/skaitytaknyga.lt\/en\/wp-json\/wp\/v2\/product_cat?post=15024"},{"taxonomy":"product_tag","embeddable":true,"href":"https:\/\/skaitytaknyga.lt\/en\/wp-json\/wp\/v2\/product_tag?post=15024"}],"curies":[{"name":"wp","href":"https:\/\/api.w.org\/{rel}","templated":true}]}}