{"id":15023,"date":"2024-11-29T11:53:53","date_gmt":"2024-11-29T09:53:53","guid":{"rendered":"https:\/\/skaitytaknyga.lt\/?post_type=product&#038;p=15023"},"modified":"2024-12-09T11:19:54","modified_gmt":"2024-12-09T09:19:54","slug":"triuselis-kuris-norejo-uzmigti","status":"publish","type":"product","link":"https:\/\/skaitytaknyga.lt\/en\/produktas\/triuselis-kuris-norejo-uzmigti\/","title":{"rendered":"Triu\u0161elis, kuris nor\u0117jo u\u017emigti"},"content":{"rendered":"<p>Ar kada teko sunkiai migdyti vaikus ir tro\u0161kote tur\u0117ti stebukling\u0173 ker\u0173? \u017davi\u00a0<strong>Karlo-Johano<\/strong>\u00a0knygel\u0117 neju\u010dia nukels j\u016bs\u0173 at\u017ealas \u012f sapn\u0173 karalyst\u0119. Tiesiog sekite paskui triu\u0161el\u012f Rod\u017eer\u012f.<\/p>\n<p><em>Daugelis t\u0117v\u0173 bent kart\u0105 yra susid\u016br\u0119 su sunkumais migdant vaikus. Pilna \u012fsp\u016bd\u017ei\u0173 diena, d\u017eiaugsmas ar nerimas, nuovargis ar entuziastingas \u012fsitraukimas \u012f \u012fdomi\u0105 veikl\u0105 gali trukdyti vaikui u\u017emigti. Autorius, remdamasis praktin\u0117s psichologijos \u017einiomis, kvie\u010dia t\u0117vus pasinaudoti atsipalaidavimo, \u012ftaigos, valdomos vaizduot\u0117s, raminamosiomis technikomis ir pad\u0117ti vaikui lengviau ir grei\u010diau u\u017emigti. Vaikui ir t\u0117vams pagelb\u0117ja D\u0117dul\u0117 \u017diovulys ir Sraig\u0117 Snaudal\u0117. Ramiu ir \u012ftaigiu balsu kartojamos nuraminimo ir migdymo fraz\u0117s tarsi veda vaik\u0105 paskui save ir palengva gramzdina \u012f sapn\u0173 karalyst\u0119. Ta\u010diau nepamir\u0161kime, kad visa tai padeda tik tuomet, kai \u0161alia r\u016bpestinga mama ar t\u0117tis, kurie apgaubia vaik\u0105 ramybe, j\u012f paguod\u017eia, tiki, kad jis gali greitai ir lengvai u\u017emigti, ir saugo jo ram\u0173 mieg\u0105. Sald\u017ei\u0173 sapn\u0173.<\/em><\/p>\n<p>Au\u0161ra Kurien\u0117<\/p>\n<p>Psicholog\u0117 psichoterapeut\u0117<\/p>\n<p>Paramos vaikams centro direktor\u0117<\/p>\n<ul class=\"about-product d-none d-xl-block mt-4\">\n<li><strong>Originalus pavadinimas:<\/strong>\u00a0Kaninen som s\u00e5 g\u00e4rna ville somna<\/li>\n<li><strong>Autorius:<\/strong>\u00a0Carl-Johan Forss\u00e9n Ehrlin<\/li>\n<li><strong>Leid\u0117jas:<\/strong>\u00a0Alma littera<\/li>\n<li><strong>Metai:<\/strong>\u00a02015<\/li>\n<li><strong>Puslapiai:<\/strong>\u00a032<\/li>\n<li class=\"toggleable type-new-formats \"><strong>ISBN:<\/strong>\u00a09786090121412<\/li>\n<li><strong>Versijos kodas:<\/strong>\u00a0PT.<\/li>\n<li class=\"toggleable type-new-formats \"><strong>Formatas:<\/strong>\u00a021,5 x 29,5 x 0,9 cm, kieti vir\u0161eliai<\/li>\n<li><strong>Kalba:<\/strong>\u00a0Lietuvi\u0173<\/li>\n<li><strong>Vert\u0117jas:<\/strong>\u00a0Rita Kaminskait\u0117<\/li>\n<\/ul>\n","protected":false},"excerpt":{"rendered":"<p>Ar kada teko sunkiai migdyti vaikus ir tro\u0161kote tur\u0117ti stebukling\u0173 ker\u0173? \u017davi\u00a0Karlo-Johano\u00a0knygel\u0117 neju\u010dia nukels j\u016bs\u0173 at\u017ealas \u012f sapn\u0173 karalyst\u0119. Tiesiog sekite paskui triu\u0161el\u012f Rod\u017eer\u012f. Daugelis t\u0117v\u0173 bent kart\u0105 yra susid\u016br\u0119 su sunkumais migdant vaikus. Pilna \u012fsp\u016bd\u017ei\u0173 diena, d\u017eiaugsmas ar nerimas, nuovargis ar entuziastingas \u012fsitraukimas \u012f \u012fdomi\u0105 veikl\u0105 gali trukdyti vaikui u\u017emigti. Autorius, remdamasis praktin\u0117s psichologijos \u017einiomis, kvie\u010dia t\u0117vus pasinaudoti atsipalaidavimo, \u012ftaigos, valdomos vaizduot\u0117s, raminamosiomis technikomis ir pad\u0117ti vaikui lengviau ir grei\u010diau u\u017emigti. Vaikui ir t\u0117vams pagelb\u0117ja D\u0117dul\u0117 \u017diovulys ir Sraig\u0117 Snaudal\u0117. Ramiu ir \u012ftaigiu balsu kartojamos nuraminimo ir migdymo fraz\u0117s tarsi veda vaik\u0105 paskui save ir palengva gramzdina \u012f sapn\u0173 karalyst\u0119. Ta\u010diau nepamir\u0161kime, kad visa tai padeda tik tuomet, kai \u0161alia r\u016bpestinga mama ar t\u0117tis, kurie apgaubia vaik\u0105 ramybe, j\u012f paguod\u017eia, tiki, kad jis gali greitai ir lengvai u\u017emigti, ir saugo jo ram\u0173 mieg\u0105. Sald\u017ei\u0173 sapn\u0173. Au\u0161ra Kurien\u0117 Psicholog\u0117 psichoterapeut\u0117 Paramos vaikams centro direktor\u0117 Originalus pavadinimas:\u00a0Kaninen som s\u00e5 g\u00e4rna ville somna Autorius:\u00a0Carl-Johan Forss\u00e9n Ehrlin Leid\u0117jas:\u00a0Alma littera Metai:\u00a02015 Puslapiai:\u00a032 ISBN:\u00a09786090121412 Versijos kodas:\u00a0PT. Formatas:\u00a021,5 x 29,5 x 0,9 cm, kieti vir\u0161eliai Kalba:\u00a0Lietuvi\u0173 Vert\u0117jas:\u00a0Rita Kaminskait\u0117<\/p>\n","protected":false},"featured_media":15223,"comment_status":"open","ping_status":"closed","template":"","meta":{"_acf_changed":false,"site-sidebar-layout":"default","site-content-layout":"","ast-site-content-layout":"default","site-content-style":"default","site-sidebar-style":"default","ast-global-header-display":"","ast-banner-title-visibility":"","ast-main-header-display":"","ast-hfb-above-header-display":"","ast-hfb-below-header-display":"","ast-hfb-mobile-header-display":"","site-post-title":"","ast-breadcrumbs-content":"","ast-featured-img":"","footer-sml-layout":"","ast-disable-related-posts":"","theme-transparent-header-meta":"default","adv-header-id-meta":"","stick-header-meta":"","header-above-stick-meta":"","header-main-stick-meta":"","header-below-stick-meta":"","astra-migrate-meta-layouts":"set","ast-page-background-enabled":"default","ast-page-background-meta":{"desktop":{"background-color":"","background-image":"","background-repeat":"repeat","background-position":"center center","background-size":"auto","background-attachment":"scroll","background-type":"","background-media":"","overlay-type":"","overlay-color":"","overlay-opacity":"","overlay-gradient":""},"tablet":{"background-color":"","background-image":"","background-repeat":"repeat","background-position":"center center","background-size":"auto","background-attachment":"scroll","background-type":"","background-media":"","overlay-type":"","overlay-color":"","overlay-opacity":"","overlay-gradient":""},"mobile":{"background-color":"","background-image":"","background-repeat":"repeat","background-position":"center center","background-size":"auto","background-attachment":"scroll","background-type":"","background-media":"","overlay-type":"","overlay-color":"","overlay-opacity":"","overlay-gradient":""}},"ast-content-background-meta":{"desktop":{"background-color":"var(--ast-global-color-4)","background-image":"","background-repeat":"repeat","background-position":"center center","background-size":"auto","background-attachment":"scroll","background-type":"","background-media":"","overlay-type":"","overlay-color":"","overlay-opacity":"","overlay-gradient":""},"tablet":{"background-color":"var(--ast-global-color-4)","background-image":"","background-repeat":"repeat","background-position":"center center","background-size":"auto","background-attachment":"scroll","background-type":"","background-media":"","overlay-type":"","overlay-color":"","overlay-opacity":"","overlay-gradient":""},"mobile":{"background-color":"var(--ast-global-color-4)","background-image":"","background-repeat":"repeat","background-position":"center center","background-size":"auto","background-attachment":"scroll","background-type":"","background-media":"","overlay-type":"","overlay-color":"","overlay-opacity":"","overlay-gradient":""}}},"product_brand":[],"product_cat":[15,35],"product_tag":[],"class_list":{"0":"post-15023","1":"product","2":"type-product","3":"status-publish","4":"has-post-thumbnail","6":"product_cat-uncategorized","7":"product_cat-vaikams-ir-paaugliams","8":"desktop-align-left","9":"tablet-align-left","10":"mobile-align-left","12":"first","13":"instock","14":"shipping-taxable","15":"purchasable","16":"product-type-simple"},"acf":[],"yoast_head":"<!-- This site is optimized with the Yoast SEO plugin v27.0 - https:\/\/yoast.com\/product\/yoast-seo-wordpress\/ -->\n<title>Triu\u0161elis, kuris nor\u0117jo u\u017emigti<\/title>\n<meta name=\"description\" content=\"Ar kada teko sunkiai migdyti vaikus ir tro\u0161kote tur\u0117ti stebukling\u0173 ker\u0173? \u017davi\u00a0Karlo-Johano\u00a0knygel\u0117 neju\u010dia nukels j\u016bs\u0173 at\u017ealas \u012f sapn\u0173 karalyst\u0119. Tiesiog\" \/>\n<meta name=\"robots\" content=\"index, follow, max-snippet:-1, max-image-preview:large, max-video-preview:-1\" \/>\n<link rel=\"canonical\" href=\"https:\/\/skaitytaknyga.lt\/en\/produktas\/triuselis-kuris-norejo-uzmigti\/\" \/>\n<meta property=\"og:locale\" content=\"en_GB\" \/>\n<meta property=\"og:locale:alternate\" content=\"lt_LT\" \/>\n<meta property=\"og:type\" content=\"article\" \/>\n<meta property=\"og:title\" content=\"Triu\u0161elis, kuris nor\u0117jo u\u017emigti\" \/>\n<meta property=\"og:description\" content=\"Ar kada teko sunkiai migdyti vaikus ir tro\u0161kote tur\u0117ti stebukling\u0173 ker\u0173? \u017davi\u00a0Karlo-Johano\u00a0knygel\u0117 neju\u010dia nukels j\u016bs\u0173 at\u017ealas \u012f sapn\u0173 karalyst\u0119. Tiesiog\" \/>\n<meta property=\"og:url\" content=\"https:\/\/skaitytaknyga.lt\/en\/produktas\/triuselis-kuris-norejo-uzmigti\/\" \/>\n<meta property=\"og:site_name\" content=\"Skaitytaknyga\" \/>\n<meta property=\"article:publisher\" content=\"https:\/\/www.facebook.com\/skaitytaknyga\/\" \/>\n<meta property=\"article:modified_time\" content=\"2024-12-09T09:19:54+00:00\" \/>\n<meta property=\"og:image\" content=\"https:\/\/skaitytaknyga.lt\/wp-content\/uploads\/2024\/11\/Triuselis-kuris-norejo-uzmigti.webp\" \/>\n\t<meta property=\"og:image:width\" content=\"421\" \/>\n\t<meta property=\"og:image:height\" content=\"600\" \/>\n\t<meta property=\"og:image:type\" content=\"image\/webp\" \/>\n<meta name=\"twitter:card\" content=\"summary_large_image\" \/>\n<meta name=\"twitter:label1\" content=\"Estimated reading time\" \/>\n\t<meta name=\"twitter:data1\" content=\"2 minutes\" \/>\n<script type=\"application\/ld+json\" class=\"yoast-schema-graph\">{\"@context\":\"https:\/\/schema.org\",\"@graph\":[{\"@type\":\"WebPage\",\"@id\":\"https:\/\/skaitytaknyga.lt\/produktas\/triuselis-kuris-norejo-uzmigti\/\",\"url\":\"https:\/\/skaitytaknyga.lt\/produktas\/triuselis-kuris-norejo-uzmigti\/\",\"name\":\"Triu\u0161elis, kuris nor\u0117jo u\u017emigti\",\"isPartOf\":{\"@id\":\"https:\/\/skaitytaknyga.lt\/#website\"},\"primaryImageOfPage\":{\"@id\":\"https:\/\/skaitytaknyga.lt\/produktas\/triuselis-kuris-norejo-uzmigti\/#primaryimage\"},\"image\":{\"@id\":\"https:\/\/skaitytaknyga.lt\/produktas\/triuselis-kuris-norejo-uzmigti\/#primaryimage\"},\"thumbnailUrl\":\"https:\/\/skaitytaknyga.lt\/wp-content\/uploads\/2024\/11\/Triuselis-kuris-norejo-uzmigti.webp\",\"datePublished\":\"2024-11-29T09:53:53+00:00\",\"dateModified\":\"2024-12-09T09:19:54+00:00\",\"description\":\"Ar kada teko sunkiai migdyti vaikus ir tro\u0161kote tur\u0117ti stebukling\u0173 ker\u0173? \u017davi\u00a0Karlo-Johano\u00a0knygel\u0117 neju\u010dia nukels j\u016bs\u0173 at\u017ealas \u012f sapn\u0173 karalyst\u0119. Tiesiog\",\"breadcrumb\":{\"@id\":\"https:\/\/skaitytaknyga.lt\/produktas\/triuselis-kuris-norejo-uzmigti\/#breadcrumb\"},\"inLanguage\":\"en-GB\",\"potentialAction\":[{\"@type\":\"ReadAction\",\"target\":[\"https:\/\/skaitytaknyga.lt\/produktas\/triuselis-kuris-norejo-uzmigti\/\"]}]},{\"@type\":\"ImageObject\",\"inLanguage\":\"en-GB\",\"@id\":\"https:\/\/skaitytaknyga.lt\/produktas\/triuselis-kuris-norejo-uzmigti\/#primaryimage\",\"url\":\"https:\/\/skaitytaknyga.lt\/wp-content\/uploads\/2024\/11\/Triuselis-kuris-norejo-uzmigti.webp\",\"contentUrl\":\"https:\/\/skaitytaknyga.lt\/wp-content\/uploads\/2024\/11\/Triuselis-kuris-norejo-uzmigti.webp\",\"width\":421,\"height\":600,\"caption\":\"Triu\u0161elis, kuris nor\u0117jo u\u017emigti\"},{\"@type\":\"BreadcrumbList\",\"@id\":\"https:\/\/skaitytaknyga.lt\/produktas\/triuselis-kuris-norejo-uzmigti\/#breadcrumb\",\"itemListElement\":[{\"@type\":\"ListItem\",\"position\":1,\"name\":\"Home\",\"item\":\"https:\/\/skaitytaknyga.lt\/\"},{\"@type\":\"ListItem\",\"position\":2,\"name\":\"Parduotuv\u0117\",\"item\":\"https:\/\/skaitytaknyga.lt\/knygu-parduotuve\/\"},{\"@type\":\"ListItem\",\"position\":3,\"name\":\"Triu\u0161elis, kuris nor\u0117jo u\u017emigti\"}]},{\"@type\":\"WebSite\",\"@id\":\"https:\/\/skaitytaknyga.lt\/#website\",\"url\":\"https:\/\/skaitytaknyga.lt\/\",\"name\":\"skaitytaknyga.lt\",\"description\":\"Skaitytaknyga.lt \u2013 tai ma\u017eas \u0161eimos verslas, kuris prasid\u0117jo nuo meil\u0117s knygoms ir siekio i\u0161gelb\u0117ti knygas nuo likimo prie konteinerio. Kas vienam nereikalingas daiktas \u2013 kitam lobis, o mes esame tarpininkai, kurie padeda abiems tapti laimingesniems ???? \u017dinome kaip nelengva i\u0161gyventi ma\u017eiems verslams, tad nuo \u0161iol, \u010dia rasite ir kit\u0173, ma\u017e\u0173 \u0161eim\u0173 versl\u0173, rank\u0173 darbo, dovan\u0173 sau ir artimiesiems.\",\"publisher\":{\"@id\":\"https:\/\/skaitytaknyga.lt\/#organization\"},\"potentialAction\":[{\"@type\":\"SearchAction\",\"target\":{\"@type\":\"EntryPoint\",\"urlTemplate\":\"https:\/\/skaitytaknyga.lt\/?s={search_term_string}\"},\"query-input\":{\"@type\":\"PropertyValueSpecification\",\"valueRequired\":true,\"valueName\":\"search_term_string\"}}],\"inLanguage\":\"en-GB\"},{\"@type\":\"Organization\",\"@id\":\"https:\/\/skaitytaknyga.lt\/#organization\",\"name\":\"skaitytaknyga.lt\",\"url\":\"https:\/\/skaitytaknyga.lt\/\",\"logo\":{\"@type\":\"ImageObject\",\"inLanguage\":\"en-GB\",\"@id\":\"https:\/\/skaitytaknyga.lt\/#\/schema\/logo\/image\/\",\"url\":\"https:\/\/skaitytaknyga.lt\/wp-content\/uploads\/2024\/05\/cropped-cropped-cropped-02_00843_jt3bggkj1j3HLc7SyY6rEUpg.jpeg\",\"contentUrl\":\"https:\/\/skaitytaknyga.lt\/wp-content\/uploads\/2024\/05\/cropped-cropped-cropped-02_00843_jt3bggkj1j3HLc7SyY6rEUpg.jpeg\",\"width\":1600,\"height\":1600,\"caption\":\"skaitytaknyga.lt\"},\"image\":{\"@id\":\"https:\/\/skaitytaknyga.lt\/#\/schema\/logo\/image\/\"},\"sameAs\":[\"https:\/\/www.facebook.com\/skaitytaknyga\/\"]}]}<\/script>\n<!-- \/ Yoast SEO plugin. -->","yoast_head_json":{"title":"Triu\u0161elis, kuris nor\u0117jo u\u017emigti","description":"Ar kada teko sunkiai migdyti vaikus ir tro\u0161kote tur\u0117ti stebukling\u0173 ker\u0173? \u017davi\u00a0Karlo-Johano\u00a0knygel\u0117 neju\u010dia nukels j\u016bs\u0173 at\u017ealas \u012f sapn\u0173 karalyst\u0119. Tiesiog","robots":{"index":"index","follow":"follow","max-snippet":"max-snippet:-1","max-image-preview":"max-image-preview:large","max-video-preview":"max-video-preview:-1"},"canonical":"https:\/\/skaitytaknyga.lt\/en\/produktas\/triuselis-kuris-norejo-uzmigti\/","og_locale":"en_GB","og_type":"article","og_title":"[:lt]Triu\u0161elis, kuris nor\u0117jo u\u017emigti[:] - Skaitytaknyga","og_description":"Ar kada teko sunkiai migdyti vaikus ir tro\u0161kote tur\u0117ti stebukling\u0173 ker\u0173? \u017davi\u00a0Karlo-Johano\u00a0knygel\u0117 neju\u010dia nukels j\u016bs\u0173 at\u017ealas \u012f sapn\u0173 karalyst\u0119. Tiesiog","og_url":"https:\/\/skaitytaknyga.lt\/en\/produktas\/triuselis-kuris-norejo-uzmigti\/","og_site_name":"Skaitytaknyga","article_publisher":"https:\/\/www.facebook.com\/skaitytaknyga\/","article_modified_time":"2024-12-09T09:19:54+00:00","og_image":[{"width":421,"height":600,"url":"https:\/\/skaitytaknyga.lt\/wp-content\/uploads\/2024\/11\/Triuselis-kuris-norejo-uzmigti.webp","type":"image\/webp"}],"twitter_card":"summary_large_image","twitter_misc":{"Estimated reading time":"2 minutes"},"schema":{"@context":"https:\/\/schema.org","@graph":[{"@type":"WebPage","@id":"https:\/\/skaitytaknyga.lt\/produktas\/triuselis-kuris-norejo-uzmigti\/","url":"https:\/\/skaitytaknyga.lt\/produktas\/triuselis-kuris-norejo-uzmigti\/","name":"Triu\u0161elis, kuris nor\u0117jo u\u017emigti","isPartOf":{"@id":"https:\/\/skaitytaknyga.lt\/#website"},"primaryImageOfPage":{"@id":"https:\/\/skaitytaknyga.lt\/produktas\/triuselis-kuris-norejo-uzmigti\/#primaryimage"},"image":{"@id":"https:\/\/skaitytaknyga.lt\/produktas\/triuselis-kuris-norejo-uzmigti\/#primaryimage"},"thumbnailUrl":"https:\/\/skaitytaknyga.lt\/wp-content\/uploads\/2024\/11\/Triuselis-kuris-norejo-uzmigti.webp","datePublished":"2024-11-29T09:53:53+00:00","dateModified":"2024-12-09T09:19:54+00:00","description":"Ar kada teko sunkiai migdyti vaikus ir tro\u0161kote tur\u0117ti stebukling\u0173 ker\u0173? \u017davi\u00a0Karlo-Johano\u00a0knygel\u0117 neju\u010dia nukels j\u016bs\u0173 at\u017ealas \u012f sapn\u0173 karalyst\u0119. Tiesiog","breadcrumb":{"@id":"https:\/\/skaitytaknyga.lt\/produktas\/triuselis-kuris-norejo-uzmigti\/#breadcrumb"},"inLanguage":"en-GB","potentialAction":[{"@type":"ReadAction","target":["https:\/\/skaitytaknyga.lt\/produktas\/triuselis-kuris-norejo-uzmigti\/"]}]},{"@type":"ImageObject","inLanguage":"en-GB","@id":"https:\/\/skaitytaknyga.lt\/produktas\/triuselis-kuris-norejo-uzmigti\/#primaryimage","url":"https:\/\/skaitytaknyga.lt\/wp-content\/uploads\/2024\/11\/Triuselis-kuris-norejo-uzmigti.webp","contentUrl":"https:\/\/skaitytaknyga.lt\/wp-content\/uploads\/2024\/11\/Triuselis-kuris-norejo-uzmigti.webp","width":421,"height":600,"caption":"Triu\u0161elis, kuris nor\u0117jo u\u017emigti"},{"@type":"BreadcrumbList","@id":"https:\/\/skaitytaknyga.lt\/produktas\/triuselis-kuris-norejo-uzmigti\/#breadcrumb","itemListElement":[{"@type":"ListItem","position":1,"name":"Home","item":"https:\/\/skaitytaknyga.lt\/"},{"@type":"ListItem","position":2,"name":"Parduotuv\u0117","item":"https:\/\/skaitytaknyga.lt\/knygu-parduotuve\/"},{"@type":"ListItem","position":3,"name":"Triu\u0161elis, kuris nor\u0117jo u\u017emigti"}]},{"@type":"WebSite","@id":"https:\/\/skaitytaknyga.lt\/#website","url":"https:\/\/skaitytaknyga.lt\/","name":"skaitytaknyga.lt","description":"Skaitytaknyga.lt \u2013 tai ma\u017eas \u0161eimos verslas, kuris prasid\u0117jo nuo meil\u0117s knygoms ir siekio i\u0161gelb\u0117ti knygas nuo likimo prie konteinerio. Kas vienam nereikalingas daiktas \u2013 kitam lobis, o mes esame tarpininkai, kurie padeda abiems tapti laimingesniems ???? \u017dinome kaip nelengva i\u0161gyventi ma\u017eiems verslams, tad nuo \u0161iol, \u010dia rasite ir kit\u0173, ma\u017e\u0173 \u0161eim\u0173 versl\u0173, rank\u0173 darbo, dovan\u0173 sau ir artimiesiems.","publisher":{"@id":"https:\/\/skaitytaknyga.lt\/#organization"},"potentialAction":[{"@type":"SearchAction","target":{"@type":"EntryPoint","urlTemplate":"https:\/\/skaitytaknyga.lt\/?s={search_term_string}"},"query-input":{"@type":"PropertyValueSpecification","valueRequired":true,"valueName":"search_term_string"}}],"inLanguage":"en-GB"},{"@type":"Organization","@id":"https:\/\/skaitytaknyga.lt\/#organization","name":"skaitytaknyga.lt","url":"https:\/\/skaitytaknyga.lt\/","logo":{"@type":"ImageObject","inLanguage":"en-GB","@id":"https:\/\/skaitytaknyga.lt\/#\/schema\/logo\/image\/","url":"https:\/\/skaitytaknyga.lt\/wp-content\/uploads\/2024\/05\/cropped-cropped-cropped-02_00843_jt3bggkj1j3HLc7SyY6rEUpg.jpeg","contentUrl":"https:\/\/skaitytaknyga.lt\/wp-content\/uploads\/2024\/05\/cropped-cropped-cropped-02_00843_jt3bggkj1j3HLc7SyY6rEUpg.jpeg","width":1600,"height":1600,"caption":"skaitytaknyga.lt"},"image":{"@id":"https:\/\/skaitytaknyga.lt\/#\/schema\/logo\/image\/"},"sameAs":["https:\/\/www.facebook.com\/skaitytaknyga\/"]}]}},"_links":{"self":[{"href":"https:\/\/skaitytaknyga.lt\/en\/wp-json\/wp\/v2\/product\/15023","targetHints":{"allow":["GET"]}}],"collection":[{"href":"https:\/\/skaitytaknyga.lt\/en\/wp-json\/wp\/v2\/product"}],"about":[{"href":"https:\/\/skaitytaknyga.lt\/en\/wp-json\/wp\/v2\/types\/product"}],"replies":[{"embeddable":true,"href":"https:\/\/skaitytaknyga.lt\/en\/wp-json\/wp\/v2\/comments?post=15023"}],"wp:featuredmedia":[{"embeddable":true,"href":"https:\/\/skaitytaknyga.lt\/en\/wp-json\/wp\/v2\/media\/15223"}],"wp:attachment":[{"href":"https:\/\/skaitytaknyga.lt\/en\/wp-json\/wp\/v2\/media?parent=15023"}],"wp:term":[{"taxonomy":"product_brand","embeddable":true,"href":"https:\/\/skaitytaknyga.lt\/en\/wp-json\/wp\/v2\/product_brand?post=15023"},{"taxonomy":"product_cat","embeddable":true,"href":"https:\/\/skaitytaknyga.lt\/en\/wp-json\/wp\/v2\/product_cat?post=15023"},{"taxonomy":"product_tag","embeddable":true,"href":"https:\/\/skaitytaknyga.lt\/en\/wp-json\/wp\/v2\/product_tag?post=15023"}],"curies":[{"name":"wp","href":"https:\/\/api.w.org\/{rel}","templated":true}]}}