{"id":15019,"date":"2024-11-29T11:53:53","date_gmt":"2024-11-29T09:53:53","guid":{"rendered":"https:\/\/skaitytaknyga.lt\/?post_type=product&#038;p=15019"},"modified":"2025-05-15T12:55:44","modified_gmt":"2025-05-15T09:55:44","slug":"brida","status":"publish","type":"product","link":"https:\/\/skaitytaknyga.lt\/en\/produktas\/brida\/","title":{"rendered":"Brida"},"content":{"rendered":"<p>Paulo Coelho romanas \u201eBrida\u201c \u2013 tai jaunos airi\u0173 kilm\u0117s merginos, jau\u010dian\u010dios nenugalim\u0105 potrauk\u012f magijai, kelion\u0117s \u012f sav\u0119s pa\u017einim\u0105 istorija. Keliaudama Brida sutinka Mokytoj\u0105 ir Saul\u0117s Tradicijos Mag\u0105, kurie padeda jai \u012fveikti baimes ir patik\u0117ti g\u0117riu, i\u0161moko priimti raganyst\u0117s dovan\u0105 ir \u0161okti pagal slapt\u0105 pasaulio muzik\u0105. Ta\u010diau Magas i\u0161kelia jai s\u0105lyg\u0105: nor\u0117dama pa\u017einti Visatos i\u0161mint\u012f ir jos sl\u0117pinius, ji turi atsisakyti asmenin\u0117s laim\u0117s. Kok\u012f keli\u0105 pasirinks Brida?<\/p>\n<p>\u201eNesistenk ai\u0161kinti jausm\u0173. Visk\u0105 i\u0161gyvenk visa \u0161irdimi ir saugok tai, k\u0105 patyrei, kaip Dievo dovan\u0105. Jeigu manai, jog nesugeb\u0117si pak\u0119sti pasaulio, kuriame gyventi svarbiau negu j\u012f suprasti, tuomet atsisakyk magijos. Lengviausia sugriauti tilt\u0105, jungiant\u012f regim\u0105j\u012f pasaul\u012f su neregimuoju, \u2012 tai bandyti ai\u0161kintis jausmus.\u201c<\/p>\n<ul class=\"about-product d-none d-xl-block mt-4\">\n<li><strong>Autorius:<\/strong>\u00a0Paulo Coelho<\/li>\n<li><strong>Leid\u0117jas:<\/strong>\u00a0Vaga<\/li>\n<li><strong>Metai:<\/strong>\u00a02008<\/li>\n<li><strong>Puslapiai:<\/strong>\u00a0248<\/li>\n<li class=\"toggleable type-new-formats \"><strong>ISBN:<\/strong>\u00a09785415020768<\/li>\n<li class=\"toggleable type-new-formats \"><strong>Formatas:<\/strong>\u00a014,5 x 21 cm, kieti vir\u0161eliai<\/li>\n<li><strong>Kalba:<\/strong>\u00a0Lietuvi\u0173<\/li>\n<li><strong>Vert\u0117jas:<\/strong>\u00a0Valdas V. Petrauskas<\/li>\n<\/ul>\n","protected":false},"excerpt":{"rendered":"<p>Paulo Coelho romanas \u201eBrida\u201c \u2013 tai jaunos airi\u0173 kilm\u0117s merginos, jau\u010dian\u010dios nenugalim\u0105 potrauk\u012f magijai, kelion\u0117s \u012f sav\u0119s pa\u017einim\u0105 istorija. Keliaudama Brida sutinka Mokytoj\u0105 ir Saul\u0117s Tradicijos Mag\u0105, kurie padeda jai \u012fveikti baimes ir patik\u0117ti g\u0117riu, i\u0161moko priimti raganyst\u0117s dovan\u0105 ir \u0161okti pagal slapt\u0105 pasaulio muzik\u0105. Ta\u010diau Magas i\u0161kelia jai s\u0105lyg\u0105: nor\u0117dama pa\u017einti Visatos i\u0161mint\u012f ir jos sl\u0117pinius, ji turi atsisakyti asmenin\u0117s laim\u0117s. Kok\u012f keli\u0105 pasirinks Brida? \u201eNesistenk ai\u0161kinti jausm\u0173. Visk\u0105 i\u0161gyvenk visa \u0161irdimi ir saugok tai, k\u0105 patyrei, kaip Dievo dovan\u0105. Jeigu manai, jog nesugeb\u0117si pak\u0119sti pasaulio, kuriame gyventi svarbiau negu j\u012f suprasti, tuomet atsisakyk magijos. Lengviausia sugriauti tilt\u0105, jungiant\u012f regim\u0105j\u012f pasaul\u012f su neregimuoju, \u2012 tai bandyti ai\u0161kintis jausmus.\u201c Autorius:\u00a0Paulo Coelho Leid\u0117jas:\u00a0Vaga Metai:\u00a02008 Puslapiai:\u00a0248 ISBN:\u00a09785415020768 Formatas:\u00a014,5 x 21 cm, kieti vir\u0161eliai Kalba:\u00a0Lietuvi\u0173 Vert\u0117jas:\u00a0Valdas V. Petrauskas<\/p>\n","protected":false},"featured_media":15220,"comment_status":"open","ping_status":"closed","template":"","meta":{"_acf_changed":false,"site-sidebar-layout":"default","site-content-layout":"","ast-site-content-layout":"default","site-content-style":"default","site-sidebar-style":"default","ast-global-header-display":"","ast-banner-title-visibility":"","ast-main-header-display":"","ast-hfb-above-header-display":"","ast-hfb-below-header-display":"","ast-hfb-mobile-header-display":"","site-post-title":"","ast-breadcrumbs-content":"","ast-featured-img":"","footer-sml-layout":"","ast-disable-related-posts":"","theme-transparent-header-meta":"default","adv-header-id-meta":"","stick-header-meta":"","header-above-stick-meta":"","header-main-stick-meta":"","header-below-stick-meta":"","astra-migrate-meta-layouts":"set","ast-page-background-enabled":"default","ast-page-background-meta":{"desktop":{"background-color":"","background-image":"","background-repeat":"repeat","background-position":"center center","background-size":"auto","background-attachment":"scroll","background-type":"","background-media":"","overlay-type":"","overlay-color":"","overlay-opacity":"","overlay-gradient":""},"tablet":{"background-color":"","background-image":"","background-repeat":"repeat","background-position":"center center","background-size":"auto","background-attachment":"scroll","background-type":"","background-media":"","overlay-type":"","overlay-color":"","overlay-opacity":"","overlay-gradient":""},"mobile":{"background-color":"","background-image":"","background-repeat":"repeat","background-position":"center center","background-size":"auto","background-attachment":"scroll","background-type":"","background-media":"","overlay-type":"","overlay-color":"","overlay-opacity":"","overlay-gradient":""}},"ast-content-background-meta":{"desktop":{"background-color":"var(--ast-global-color-4)","background-image":"","background-repeat":"repeat","background-position":"center center","background-size":"auto","background-attachment":"scroll","background-type":"","background-media":"","overlay-type":"","overlay-color":"","overlay-opacity":"","overlay-gradient":""},"tablet":{"background-color":"var(--ast-global-color-4)","background-image":"","background-repeat":"repeat","background-position":"center center","background-size":"auto","background-attachment":"scroll","background-type":"","background-media":"","overlay-type":"","overlay-color":"","overlay-opacity":"","overlay-gradient":""},"mobile":{"background-color":"var(--ast-global-color-4)","background-image":"","background-repeat":"repeat","background-position":"center center","background-size":"auto","background-attachment":"scroll","background-type":"","background-media":"","overlay-type":"","overlay-color":"","overlay-opacity":"","overlay-gradient":""}}},"product_brand":[],"product_cat":[31,15],"product_tag":[3129,3113,3128,2561],"class_list":{"0":"post-15019","1":"product","2":"type-product","3":"status-publish","4":"has-post-thumbnail","6":"product_cat-grozine-literatura","7":"product_cat-uncategorized","8":"product_tag-moters-kelias","9":"product_tag-paulo-coelho","10":"product_tag-raganyste","11":"product_tag-saves-pazinimas","12":"desktop-align-left","13":"tablet-align-left","14":"mobile-align-left","16":"first","17":"instock","18":"shipping-taxable","19":"purchasable","20":"product-type-simple"},"acf":[],"yoast_head":"<!-- This site is optimized with the Yoast SEO plugin v27.0 - https:\/\/yoast.com\/product\/yoast-seo-wordpress\/ -->\n<title>Brida<\/title>\n<meta name=\"description\" content=\"Paulo Coelho romanas \u201eBrida\u201c \u2013 tai jaunos airi\u0173 kilm\u0117s merginos, jau\u010dian\u010dios nenugalim\u0105 potrauk\u012f magijai, kelion\u0117s \u012f sav\u0119s pa\u017einim\u0105 istorija. Keliaudama\" \/>\n<meta name=\"robots\" content=\"index, follow, max-snippet:-1, max-image-preview:large, max-video-preview:-1\" \/>\n<link rel=\"canonical\" href=\"https:\/\/skaitytaknyga.lt\/en\/produktas\/brida\/\" \/>\n<meta property=\"og:locale\" content=\"en_GB\" \/>\n<meta property=\"og:locale:alternate\" content=\"lt_LT\" \/>\n<meta property=\"og:type\" content=\"article\" \/>\n<meta property=\"og:title\" content=\"Brida\" \/>\n<meta property=\"og:description\" content=\"Paulo Coelho romanas \u201eBrida\u201c \u2013 tai jaunos airi\u0173 kilm\u0117s merginos, jau\u010dian\u010dios nenugalim\u0105 potrauk\u012f magijai, kelion\u0117s \u012f sav\u0119s pa\u017einim\u0105 istorija. Keliaudama\" \/>\n<meta property=\"og:url\" content=\"https:\/\/skaitytaknyga.lt\/en\/produktas\/brida\/\" \/>\n<meta property=\"og:site_name\" content=\"Skaitytaknyga\" \/>\n<meta property=\"article:publisher\" content=\"https:\/\/www.facebook.com\/skaitytaknyga\/\" \/>\n<meta property=\"article:modified_time\" content=\"2025-05-15T09:55:44+00:00\" \/>\n<meta property=\"og:image\" content=\"https:\/\/skaitytaknyga.lt\/wp-content\/uploads\/2024\/11\/Brida.webp\" \/>\n\t<meta property=\"og:image:width\" content=\"527\" \/>\n\t<meta property=\"og:image:height\" content=\"800\" \/>\n\t<meta property=\"og:image:type\" content=\"image\/webp\" \/>\n<meta name=\"twitter:card\" content=\"summary_large_image\" \/>\n<meta name=\"twitter:label1\" content=\"Estimated reading time\" \/>\n\t<meta name=\"twitter:data1\" content=\"1 minute\" \/>\n<script type=\"application\/ld+json\" class=\"yoast-schema-graph\">{\"@context\":\"https:\/\/schema.org\",\"@graph\":[{\"@type\":\"WebPage\",\"@id\":\"https:\/\/skaitytaknyga.lt\/produktas\/brida\/\",\"url\":\"https:\/\/skaitytaknyga.lt\/produktas\/brida\/\",\"name\":\"Brida\",\"isPartOf\":{\"@id\":\"https:\/\/skaitytaknyga.lt\/#website\"},\"primaryImageOfPage\":{\"@id\":\"https:\/\/skaitytaknyga.lt\/produktas\/brida\/#primaryimage\"},\"image\":{\"@id\":\"https:\/\/skaitytaknyga.lt\/produktas\/brida\/#primaryimage\"},\"thumbnailUrl\":\"https:\/\/skaitytaknyga.lt\/wp-content\/uploads\/2024\/11\/Brida.webp\",\"datePublished\":\"2024-11-29T09:53:53+00:00\",\"dateModified\":\"2025-05-15T09:55:44+00:00\",\"description\":\"Paulo Coelho romanas \u201eBrida\u201c \u2013 tai jaunos airi\u0173 kilm\u0117s merginos, jau\u010dian\u010dios nenugalim\u0105 potrauk\u012f magijai, kelion\u0117s \u012f sav\u0119s pa\u017einim\u0105 istorija. Keliaudama\",\"breadcrumb\":{\"@id\":\"https:\/\/skaitytaknyga.lt\/produktas\/brida\/#breadcrumb\"},\"inLanguage\":\"en-GB\",\"potentialAction\":[{\"@type\":\"ReadAction\",\"target\":[\"https:\/\/skaitytaknyga.lt\/produktas\/brida\/\"]}]},{\"@type\":\"ImageObject\",\"inLanguage\":\"en-GB\",\"@id\":\"https:\/\/skaitytaknyga.lt\/produktas\/brida\/#primaryimage\",\"url\":\"https:\/\/skaitytaknyga.lt\/wp-content\/uploads\/2024\/11\/Brida.webp\",\"contentUrl\":\"https:\/\/skaitytaknyga.lt\/wp-content\/uploads\/2024\/11\/Brida.webp\",\"width\":527,\"height\":800,\"caption\":\"Brida\"},{\"@type\":\"BreadcrumbList\",\"@id\":\"https:\/\/skaitytaknyga.lt\/produktas\/brida\/#breadcrumb\",\"itemListElement\":[{\"@type\":\"ListItem\",\"position\":1,\"name\":\"Home\",\"item\":\"https:\/\/skaitytaknyga.lt\/\"},{\"@type\":\"ListItem\",\"position\":2,\"name\":\"Parduotuv\u0117\",\"item\":\"https:\/\/skaitytaknyga.lt\/knygu-parduotuve\/\"},{\"@type\":\"ListItem\",\"position\":3,\"name\":\"Brida\"}]},{\"@type\":\"WebSite\",\"@id\":\"https:\/\/skaitytaknyga.lt\/#website\",\"url\":\"https:\/\/skaitytaknyga.lt\/\",\"name\":\"skaitytaknyga.lt\",\"description\":\"Skaitytaknyga.lt \u2013 tai ma\u017eas \u0161eimos verslas, kuris prasid\u0117jo nuo meil\u0117s knygoms ir siekio i\u0161gelb\u0117ti knygas nuo likimo prie konteinerio. Kas vienam nereikalingas daiktas \u2013 kitam lobis, o mes esame tarpininkai, kurie padeda abiems tapti laimingesniems ???? \u017dinome kaip nelengva i\u0161gyventi ma\u017eiems verslams, tad nuo \u0161iol, \u010dia rasite ir kit\u0173, ma\u017e\u0173 \u0161eim\u0173 versl\u0173, rank\u0173 darbo, dovan\u0173 sau ir artimiesiems.\",\"publisher\":{\"@id\":\"https:\/\/skaitytaknyga.lt\/#organization\"},\"potentialAction\":[{\"@type\":\"SearchAction\",\"target\":{\"@type\":\"EntryPoint\",\"urlTemplate\":\"https:\/\/skaitytaknyga.lt\/?s={search_term_string}\"},\"query-input\":{\"@type\":\"PropertyValueSpecification\",\"valueRequired\":true,\"valueName\":\"search_term_string\"}}],\"inLanguage\":\"en-GB\"},{\"@type\":\"Organization\",\"@id\":\"https:\/\/skaitytaknyga.lt\/#organization\",\"name\":\"skaitytaknyga.lt\",\"url\":\"https:\/\/skaitytaknyga.lt\/\",\"logo\":{\"@type\":\"ImageObject\",\"inLanguage\":\"en-GB\",\"@id\":\"https:\/\/skaitytaknyga.lt\/#\/schema\/logo\/image\/\",\"url\":\"https:\/\/skaitytaknyga.lt\/wp-content\/uploads\/2024\/05\/cropped-cropped-cropped-02_00843_jt3bggkj1j3HLc7SyY6rEUpg.jpeg\",\"contentUrl\":\"https:\/\/skaitytaknyga.lt\/wp-content\/uploads\/2024\/05\/cropped-cropped-cropped-02_00843_jt3bggkj1j3HLc7SyY6rEUpg.jpeg\",\"width\":1600,\"height\":1600,\"caption\":\"skaitytaknyga.lt\"},\"image\":{\"@id\":\"https:\/\/skaitytaknyga.lt\/#\/schema\/logo\/image\/\"},\"sameAs\":[\"https:\/\/www.facebook.com\/skaitytaknyga\/\"]}]}<\/script>\n<!-- \/ Yoast SEO plugin. -->","yoast_head_json":{"title":"Brida","description":"Paulo Coelho romanas \u201eBrida\u201c \u2013 tai jaunos airi\u0173 kilm\u0117s merginos, jau\u010dian\u010dios nenugalim\u0105 potrauk\u012f magijai, kelion\u0117s \u012f sav\u0119s pa\u017einim\u0105 istorija. Keliaudama","robots":{"index":"index","follow":"follow","max-snippet":"max-snippet:-1","max-image-preview":"max-image-preview:large","max-video-preview":"max-video-preview:-1"},"canonical":"https:\/\/skaitytaknyga.lt\/en\/produktas\/brida\/","og_locale":"en_GB","og_type":"article","og_title":"[:lt]Brida[:] - Skaitytaknyga","og_description":"Paulo Coelho romanas \u201eBrida\u201c \u2013 tai jaunos airi\u0173 kilm\u0117s merginos, jau\u010dian\u010dios nenugalim\u0105 potrauk\u012f magijai, kelion\u0117s \u012f sav\u0119s pa\u017einim\u0105 istorija. Keliaudama","og_url":"https:\/\/skaitytaknyga.lt\/en\/produktas\/brida\/","og_site_name":"Skaitytaknyga","article_publisher":"https:\/\/www.facebook.com\/skaitytaknyga\/","article_modified_time":"2025-05-15T09:55:44+00:00","og_image":[{"width":527,"height":800,"url":"https:\/\/skaitytaknyga.lt\/wp-content\/uploads\/2024\/11\/Brida.webp","type":"image\/webp"}],"twitter_card":"summary_large_image","twitter_misc":{"Estimated reading time":"1 minute"},"schema":{"@context":"https:\/\/schema.org","@graph":[{"@type":"WebPage","@id":"https:\/\/skaitytaknyga.lt\/produktas\/brida\/","url":"https:\/\/skaitytaknyga.lt\/produktas\/brida\/","name":"Brida","isPartOf":{"@id":"https:\/\/skaitytaknyga.lt\/#website"},"primaryImageOfPage":{"@id":"https:\/\/skaitytaknyga.lt\/produktas\/brida\/#primaryimage"},"image":{"@id":"https:\/\/skaitytaknyga.lt\/produktas\/brida\/#primaryimage"},"thumbnailUrl":"https:\/\/skaitytaknyga.lt\/wp-content\/uploads\/2024\/11\/Brida.webp","datePublished":"2024-11-29T09:53:53+00:00","dateModified":"2025-05-15T09:55:44+00:00","description":"Paulo Coelho romanas \u201eBrida\u201c \u2013 tai jaunos airi\u0173 kilm\u0117s merginos, jau\u010dian\u010dios nenugalim\u0105 potrauk\u012f magijai, kelion\u0117s \u012f sav\u0119s pa\u017einim\u0105 istorija. Keliaudama","breadcrumb":{"@id":"https:\/\/skaitytaknyga.lt\/produktas\/brida\/#breadcrumb"},"inLanguage":"en-GB","potentialAction":[{"@type":"ReadAction","target":["https:\/\/skaitytaknyga.lt\/produktas\/brida\/"]}]},{"@type":"ImageObject","inLanguage":"en-GB","@id":"https:\/\/skaitytaknyga.lt\/produktas\/brida\/#primaryimage","url":"https:\/\/skaitytaknyga.lt\/wp-content\/uploads\/2024\/11\/Brida.webp","contentUrl":"https:\/\/skaitytaknyga.lt\/wp-content\/uploads\/2024\/11\/Brida.webp","width":527,"height":800,"caption":"Brida"},{"@type":"BreadcrumbList","@id":"https:\/\/skaitytaknyga.lt\/produktas\/brida\/#breadcrumb","itemListElement":[{"@type":"ListItem","position":1,"name":"Home","item":"https:\/\/skaitytaknyga.lt\/"},{"@type":"ListItem","position":2,"name":"Parduotuv\u0117","item":"https:\/\/skaitytaknyga.lt\/knygu-parduotuve\/"},{"@type":"ListItem","position":3,"name":"Brida"}]},{"@type":"WebSite","@id":"https:\/\/skaitytaknyga.lt\/#website","url":"https:\/\/skaitytaknyga.lt\/","name":"skaitytaknyga.lt","description":"Skaitytaknyga.lt \u2013 tai ma\u017eas \u0161eimos verslas, kuris prasid\u0117jo nuo meil\u0117s knygoms ir siekio i\u0161gelb\u0117ti knygas nuo likimo prie konteinerio. Kas vienam nereikalingas daiktas \u2013 kitam lobis, o mes esame tarpininkai, kurie padeda abiems tapti laimingesniems ???? \u017dinome kaip nelengva i\u0161gyventi ma\u017eiems verslams, tad nuo \u0161iol, \u010dia rasite ir kit\u0173, ma\u017e\u0173 \u0161eim\u0173 versl\u0173, rank\u0173 darbo, dovan\u0173 sau ir artimiesiems.","publisher":{"@id":"https:\/\/skaitytaknyga.lt\/#organization"},"potentialAction":[{"@type":"SearchAction","target":{"@type":"EntryPoint","urlTemplate":"https:\/\/skaitytaknyga.lt\/?s={search_term_string}"},"query-input":{"@type":"PropertyValueSpecification","valueRequired":true,"valueName":"search_term_string"}}],"inLanguage":"en-GB"},{"@type":"Organization","@id":"https:\/\/skaitytaknyga.lt\/#organization","name":"skaitytaknyga.lt","url":"https:\/\/skaitytaknyga.lt\/","logo":{"@type":"ImageObject","inLanguage":"en-GB","@id":"https:\/\/skaitytaknyga.lt\/#\/schema\/logo\/image\/","url":"https:\/\/skaitytaknyga.lt\/wp-content\/uploads\/2024\/05\/cropped-cropped-cropped-02_00843_jt3bggkj1j3HLc7SyY6rEUpg.jpeg","contentUrl":"https:\/\/skaitytaknyga.lt\/wp-content\/uploads\/2024\/05\/cropped-cropped-cropped-02_00843_jt3bggkj1j3HLc7SyY6rEUpg.jpeg","width":1600,"height":1600,"caption":"skaitytaknyga.lt"},"image":{"@id":"https:\/\/skaitytaknyga.lt\/#\/schema\/logo\/image\/"},"sameAs":["https:\/\/www.facebook.com\/skaitytaknyga\/"]}]}},"_links":{"self":[{"href":"https:\/\/skaitytaknyga.lt\/en\/wp-json\/wp\/v2\/product\/15019","targetHints":{"allow":["GET"]}}],"collection":[{"href":"https:\/\/skaitytaknyga.lt\/en\/wp-json\/wp\/v2\/product"}],"about":[{"href":"https:\/\/skaitytaknyga.lt\/en\/wp-json\/wp\/v2\/types\/product"}],"replies":[{"embeddable":true,"href":"https:\/\/skaitytaknyga.lt\/en\/wp-json\/wp\/v2\/comments?post=15019"}],"wp:featuredmedia":[{"embeddable":true,"href":"https:\/\/skaitytaknyga.lt\/en\/wp-json\/wp\/v2\/media\/15220"}],"wp:attachment":[{"href":"https:\/\/skaitytaknyga.lt\/en\/wp-json\/wp\/v2\/media?parent=15019"}],"wp:term":[{"taxonomy":"product_brand","embeddable":true,"href":"https:\/\/skaitytaknyga.lt\/en\/wp-json\/wp\/v2\/product_brand?post=15019"},{"taxonomy":"product_cat","embeddable":true,"href":"https:\/\/skaitytaknyga.lt\/en\/wp-json\/wp\/v2\/product_cat?post=15019"},{"taxonomy":"product_tag","embeddable":true,"href":"https:\/\/skaitytaknyga.lt\/en\/wp-json\/wp\/v2\/product_tag?post=15019"}],"curies":[{"name":"wp","href":"https:\/\/api.w.org\/{rel}","templated":true}]}}