{"id":15018,"date":"2024-11-29T11:53:53","date_gmt":"2024-11-29T09:53:53","guid":{"rendered":"https:\/\/skaitytaknyga.lt\/?post_type=product&#038;p=15018"},"modified":"2025-05-24T21:09:40","modified_gmt":"2025-05-24T18:09:40","slug":"melynoji-dama","status":"publish","type":"product","link":"https:\/\/skaitytaknyga.lt\/en\/produktas\/melynoji-dama\/","title":{"rendered":"M\u0117lynoji dama"},"content":{"rendered":"<p>Niekas nevyksta \u0161iaip sau, &#8211; sak\u0117 profesorius. &#8211; O jei kartais aplink tave ir vyksta tarpusavyje paslaptingai susij\u0119 dalykai, tarsi kokia j\u0117ga ar asmuo b\u016bt\u0173 visa tai tau pareng\u0119s, nedelsk n\u0117 minut\u0117s: i\u0161tirk! Jei sugeb\u0117si i\u0161siai\u0161kinti prie\u017east\u012f, b\u016bsi sutik\u0119s tikr\u0105j\u012f Diev\u0105, kad ir kas jis b\u016bt\u0173.\u00a0<strong>Javieras Sierra<\/strong>\u00a0(g. 1971 m.) &#8211; ispan\u0173 \u017eurnalistas, ra\u0161ytojas, vis\u0105 savo d\u0117mes\u012f skiriantis did\u017eiosioms istorijos m\u012fsl\u0117ms. Lietuvi\u0173 kalba i\u0161leistus \u0161io autoriaus k\u016brinius \u201ePaslaptingoji vakarien\u0117&#8221; ir \u201eEgiptieti\u0161koji Napoleono paslaptis&#8221; pelnytai \u012fvertino intriguojan\u010dius pasakojimus pam\u0117g\u0119 skaitytojai. Romanas &#8220;M\u0117lynoji dama&#8221;, apdovanotas JAV Latino Book Award premija kaip geriausias 2007-aisiais i\u0161leistas istorinis romanas, skirtas paslapties gaubiamai istorijai apie XVII a. vienuol\u0119 Marij\u0105 Chesus de Agred\u0105, kuri, pasakojama, stebuklingu b\u016bdu sugeb\u0117davusi vienu metu b\u016bti savo vienuolyne ir Naujojoje Meksikoje. Tikrais faktais paremta mistin\u0117 istorija &#8211; apie XVII a. Ispanij\u0105, XX a. pabaigoje Venecijos vienuolyne paslaptingus tyrimus atliekant\u012f vienuol\u012f, Los And\u017eele gyvenan\u010di\u0105 moter\u012f, regin\u010di\u0105 keistus sapnus, apie tai, kaip naudojant garsus galima perkelti \u017emones u\u017e daugelio myli\u0173&#8230; I\u0161 ties\u0173 tai &#8211; pasakojimas apie netik\u0117jim\u0105 ir \u0161ventum\u0105, \u017emones, atverian\u010dius savo sielas ir jusles u\u017e juos didesn\u0117ms paslaptims. Pasakojimas, balansuojantis ant realyb\u0117s ir mistikos ribos, kur klausim\u0173 daug daugiau negu atsakym\u0173. \u017durnalistas Karlosas, besidomintis nepaai\u0161kinamais rei\u0161kiniais, susiduria su M\u0117lynosios damos istorija. Ir vienas Dangi\u0161kasis Programuotojas te\u017eino, kuo visa tai baigsis. Kas tokia ta paslaptingoji M\u0117lynoji dama, ind\u0117nams skleidusi Dievo \u017eod\u012f? Kaip Agredos motin\u0117l\u0117 &#8211; Ispanijos vienuol\u0117, nei\u0161eidama i\u0161 savo vienuolyno, sugeb\u0117davo atsidurti Piet\u0173 Amerikoje?K\u0105 rei\u0161kia ro\u017e\u0117s pavidalo \u017eenklas, kur\u012f ant rankos turi vienos ind\u0117n\u0173 gimin\u0117s \u017emon\u0117s? Kam skirtas \u201epsichologinio \u0161nipin\u0117jimo&#8221; padalinys ir kas i\u0161 ties\u0173 yra \u0160ventojo Atvaizdo ordinas? Paslapties \u0161ydas prasiveria tik akimirk\u0105 &#8211; angel\u0173, \u0161imtme\u010diais gyvenan\u010di\u0173 \u017eem\u0117je, valia. Ir skaitytojas lieka toks pat suglum\u0119s, kaip ir istorijos prad\u017eioje.<\/p>\n","protected":false},"excerpt":{"rendered":"<p>Niekas nevyksta \u0161iaip sau, &#8211; sak\u0117 profesorius. &#8211; O jei kartais aplink tave ir vyksta tarpusavyje paslaptingai susij\u0119 dalykai, tarsi kokia j\u0117ga ar asmuo b\u016bt\u0173 visa tai tau pareng\u0119s, nedelsk n\u0117 minut\u0117s: i\u0161tirk! Jei sugeb\u0117si i\u0161siai\u0161kinti prie\u017east\u012f, b\u016bsi sutik\u0119s tikr\u0105j\u012f Diev\u0105, kad ir kas jis b\u016bt\u0173.\u00a0Javieras Sierra\u00a0(g. 1971 m.) &#8211; ispan\u0173 \u017eurnalistas, ra\u0161ytojas, vis\u0105 savo d\u0117mes\u012f skiriantis did\u017eiosioms istorijos m\u012fsl\u0117ms. Lietuvi\u0173 kalba i\u0161leistus \u0161io autoriaus k\u016brinius \u201ePaslaptingoji vakarien\u0117&#8221; ir \u201eEgiptieti\u0161koji Napoleono paslaptis&#8221; pelnytai \u012fvertino intriguojan\u010dius pasakojimus pam\u0117g\u0119 skaitytojai. Romanas &#8220;M\u0117lynoji dama&#8221;, apdovanotas JAV Latino Book Award premija kaip geriausias 2007-aisiais i\u0161leistas istorinis romanas, skirtas paslapties gaubiamai istorijai apie XVII a. vienuol\u0119 Marij\u0105 Chesus de Agred\u0105, kuri, pasakojama, stebuklingu b\u016bdu sugeb\u0117davusi vienu metu b\u016bti savo vienuolyne ir Naujojoje Meksikoje. Tikrais faktais paremta mistin\u0117 istorija &#8211; apie XVII a. Ispanij\u0105, XX a. pabaigoje Venecijos vienuolyne paslaptingus tyrimus atliekant\u012f vienuol\u012f, Los And\u017eele gyvenan\u010di\u0105 moter\u012f, regin\u010di\u0105 keistus sapnus, apie tai, kaip naudojant garsus galima perkelti \u017emones u\u017e daugelio myli\u0173&#8230; I\u0161 ties\u0173 tai &#8211; pasakojimas apie netik\u0117jim\u0105 ir \u0161ventum\u0105, \u017emones, atverian\u010dius savo sielas ir jusles u\u017e juos didesn\u0117ms paslaptims. Pasakojimas, balansuojantis ant realyb\u0117s ir mistikos ribos, kur klausim\u0173 daug daugiau negu atsakym\u0173. \u017durnalistas Karlosas, besidomintis nepaai\u0161kinamais rei\u0161kiniais, susiduria su M\u0117lynosios damos istorija. Ir vienas Dangi\u0161kasis Programuotojas te\u017eino, kuo visa tai baigsis. Kas tokia ta paslaptingoji M\u0117lynoji dama, ind\u0117nams skleidusi Dievo \u017eod\u012f? Kaip Agredos motin\u0117l\u0117 &#8211; Ispanijos vienuol\u0117, nei\u0161eidama i\u0161 savo vienuolyno, sugeb\u0117davo atsidurti Piet\u0173 Amerikoje?K\u0105 rei\u0161kia ro\u017e\u0117s pavidalo \u017eenklas, kur\u012f ant rankos turi vienos ind\u0117n\u0173 gimin\u0117s \u017emon\u0117s? Kam skirtas \u201epsichologinio \u0161nipin\u0117jimo&#8221; padalinys ir kas i\u0161 ties\u0173 yra \u0160ventojo Atvaizdo ordinas? Paslapties \u0161ydas prasiveria tik akimirk\u0105 &#8211; angel\u0173, \u0161imtme\u010diais gyvenan\u010di\u0173 \u017eem\u0117je, valia. Ir skaitytojas lieka toks pat suglum\u0119s, kaip ir istorijos prad\u017eioje.<\/p>\n","protected":false},"featured_media":15227,"comment_status":"open","ping_status":"closed","template":"","meta":{"_acf_changed":false,"site-sidebar-layout":"default","site-content-layout":"","ast-site-content-layout":"default","site-content-style":"default","site-sidebar-style":"default","ast-global-header-display":"","ast-banner-title-visibility":"","ast-main-header-display":"","ast-hfb-above-header-display":"","ast-hfb-below-header-display":"","ast-hfb-mobile-header-display":"","site-post-title":"","ast-breadcrumbs-content":"","ast-featured-img":"","footer-sml-layout":"","ast-disable-related-posts":"","theme-transparent-header-meta":"default","adv-header-id-meta":"","stick-header-meta":"","header-above-stick-meta":"","header-main-stick-meta":"","header-below-stick-meta":"","astra-migrate-meta-layouts":"set","ast-page-background-enabled":"default","ast-page-background-meta":{"desktop":{"background-color":"","background-image":"","background-repeat":"repeat","background-position":"center center","background-size":"auto","background-attachment":"scroll","background-type":"","background-media":"","overlay-type":"","overlay-color":"","overlay-opacity":"","overlay-gradient":""},"tablet":{"background-color":"","background-image":"","background-repeat":"repeat","background-position":"center center","background-size":"auto","background-attachment":"scroll","background-type":"","background-media":"","overlay-type":"","overlay-color":"","overlay-opacity":"","overlay-gradient":""},"mobile":{"background-color":"","background-image":"","background-repeat":"repeat","background-position":"center center","background-size":"auto","background-attachment":"scroll","background-type":"","background-media":"","overlay-type":"","overlay-color":"","overlay-opacity":"","overlay-gradient":""}},"ast-content-background-meta":{"desktop":{"background-color":"var(--ast-global-color-4)","background-image":"","background-repeat":"repeat","background-position":"center center","background-size":"auto","background-attachment":"scroll","background-type":"","background-media":"","overlay-type":"","overlay-color":"","overlay-opacity":"","overlay-gradient":""},"tablet":{"background-color":"var(--ast-global-color-4)","background-image":"","background-repeat":"repeat","background-position":"center center","background-size":"auto","background-attachment":"scroll","background-type":"","background-media":"","overlay-type":"","overlay-color":"","overlay-opacity":"","overlay-gradient":""},"mobile":{"background-color":"var(--ast-global-color-4)","background-image":"","background-repeat":"repeat","background-position":"center center","background-size":"auto","background-attachment":"scroll","background-type":"","background-media":"","overlay-type":"","overlay-color":"","overlay-opacity":"","overlay-gradient":""}}},"product_brand":[],"product_cat":[31,15],"product_tag":[4372,3533,2254,2944,1478,1745],"class_list":{"0":"post-15018","1":"product","2":"type-product","3":"status-publish","4":"has-post-thumbnail","6":"product_cat-grozine-literatura","7":"product_cat-uncategorized","8":"product_tag-ispanu-literatura","9":"product_tag-istorinis","10":"product_tag-javier-sierra","11":"product_tag-mistika","12":"product_tag-paslaptys","13":"product_tag-romanas","14":"desktop-align-left","15":"tablet-align-left","16":"mobile-align-left","18":"first","19":"instock","20":"shipping-taxable","21":"purchasable","22":"product-type-simple"},"acf":[],"yoast_head":"<!-- This site is optimized with the Yoast SEO plugin v27.0 - https:\/\/yoast.com\/product\/yoast-seo-wordpress\/ -->\n<title>M\u0117lynoji dama<\/title>\n<meta name=\"description\" content=\"Niekas nevyksta \u0161iaip sau, - sak\u0117 profesorius. - O jei kartais aplink tave ir vyksta tarpusavyje paslaptingai susij\u0119 dalykai, tarsi kokia j\u0117ga ar asmuo\" \/>\n<meta name=\"robots\" content=\"index, follow, max-snippet:-1, max-image-preview:large, max-video-preview:-1\" \/>\n<link rel=\"canonical\" href=\"https:\/\/skaitytaknyga.lt\/en\/produktas\/melynoji-dama\/\" \/>\n<meta property=\"og:locale\" content=\"en_GB\" \/>\n<meta property=\"og:locale:alternate\" content=\"lt_LT\" \/>\n<meta property=\"og:type\" content=\"article\" \/>\n<meta property=\"og:title\" content=\"M\u0117lynoji dama\" \/>\n<meta property=\"og:description\" content=\"Niekas nevyksta \u0161iaip sau, - sak\u0117 profesorius. - O jei kartais aplink tave ir vyksta tarpusavyje paslaptingai susij\u0119 dalykai, tarsi kokia j\u0117ga ar asmuo\" \/>\n<meta property=\"og:url\" content=\"https:\/\/skaitytaknyga.lt\/en\/produktas\/melynoji-dama\/\" \/>\n<meta property=\"og:site_name\" content=\"Skaitytaknyga\" \/>\n<meta property=\"article:publisher\" content=\"https:\/\/www.facebook.com\/skaitytaknyga\/\" \/>\n<meta property=\"article:modified_time\" content=\"2025-05-24T18:09:40+00:00\" \/>\n<meta property=\"og:image\" content=\"https:\/\/skaitytaknyga.lt\/wp-content\/uploads\/2024\/11\/Melynoji-dama.webp\" \/>\n\t<meta property=\"og:image:width\" content=\"556\" \/>\n\t<meta property=\"og:image:height\" content=\"799\" \/>\n\t<meta property=\"og:image:type\" content=\"image\/webp\" \/>\n<meta name=\"twitter:card\" content=\"summary_large_image\" \/>\n<meta name=\"twitter:label1\" content=\"Estimated reading time\" \/>\n\t<meta name=\"twitter:data1\" content=\"2 minutes\" \/>\n<script type=\"application\/ld+json\" class=\"yoast-schema-graph\">{\"@context\":\"https:\/\/schema.org\",\"@graph\":[{\"@type\":\"WebPage\",\"@id\":\"https:\/\/skaitytaknyga.lt\/produktas\/melynoji-dama\/\",\"url\":\"https:\/\/skaitytaknyga.lt\/produktas\/melynoji-dama\/\",\"name\":\"M\u0117lynoji dama\",\"isPartOf\":{\"@id\":\"https:\/\/skaitytaknyga.lt\/#website\"},\"primaryImageOfPage\":{\"@id\":\"https:\/\/skaitytaknyga.lt\/produktas\/melynoji-dama\/#primaryimage\"},\"image\":{\"@id\":\"https:\/\/skaitytaknyga.lt\/produktas\/melynoji-dama\/#primaryimage\"},\"thumbnailUrl\":\"https:\/\/skaitytaknyga.lt\/wp-content\/uploads\/2024\/11\/Melynoji-dama.webp\",\"datePublished\":\"2024-11-29T09:53:53+00:00\",\"dateModified\":\"2025-05-24T18:09:40+00:00\",\"description\":\"Niekas nevyksta \u0161iaip sau, - sak\u0117 profesorius. - O jei kartais aplink tave ir vyksta tarpusavyje paslaptingai susij\u0119 dalykai, tarsi kokia j\u0117ga ar asmuo\",\"breadcrumb\":{\"@id\":\"https:\/\/skaitytaknyga.lt\/produktas\/melynoji-dama\/#breadcrumb\"},\"inLanguage\":\"en-GB\",\"potentialAction\":[{\"@type\":\"ReadAction\",\"target\":[\"https:\/\/skaitytaknyga.lt\/produktas\/melynoji-dama\/\"]}]},{\"@type\":\"ImageObject\",\"inLanguage\":\"en-GB\",\"@id\":\"https:\/\/skaitytaknyga.lt\/produktas\/melynoji-dama\/#primaryimage\",\"url\":\"https:\/\/skaitytaknyga.lt\/wp-content\/uploads\/2024\/11\/Melynoji-dama.webp\",\"contentUrl\":\"https:\/\/skaitytaknyga.lt\/wp-content\/uploads\/2024\/11\/Melynoji-dama.webp\",\"width\":556,\"height\":799,\"caption\":\"M\u0117lynoji dama\"},{\"@type\":\"BreadcrumbList\",\"@id\":\"https:\/\/skaitytaknyga.lt\/produktas\/melynoji-dama\/#breadcrumb\",\"itemListElement\":[{\"@type\":\"ListItem\",\"position\":1,\"name\":\"Home\",\"item\":\"https:\/\/skaitytaknyga.lt\/\"},{\"@type\":\"ListItem\",\"position\":2,\"name\":\"Parduotuv\u0117\",\"item\":\"https:\/\/skaitytaknyga.lt\/knygu-parduotuve\/\"},{\"@type\":\"ListItem\",\"position\":3,\"name\":\"M\u0117lynoji dama\"}]},{\"@type\":\"WebSite\",\"@id\":\"https:\/\/skaitytaknyga.lt\/#website\",\"url\":\"https:\/\/skaitytaknyga.lt\/\",\"name\":\"skaitytaknyga.lt\",\"description\":\"Skaitytaknyga.lt \u2013 tai ma\u017eas \u0161eimos verslas, kuris prasid\u0117jo nuo meil\u0117s knygoms ir siekio i\u0161gelb\u0117ti knygas nuo likimo prie konteinerio. Kas vienam nereikalingas daiktas \u2013 kitam lobis, o mes esame tarpininkai, kurie padeda abiems tapti laimingesniems ???? \u017dinome kaip nelengva i\u0161gyventi ma\u017eiems verslams, tad nuo \u0161iol, \u010dia rasite ir kit\u0173, ma\u017e\u0173 \u0161eim\u0173 versl\u0173, rank\u0173 darbo, dovan\u0173 sau ir artimiesiems.\",\"publisher\":{\"@id\":\"https:\/\/skaitytaknyga.lt\/#organization\"},\"potentialAction\":[{\"@type\":\"SearchAction\",\"target\":{\"@type\":\"EntryPoint\",\"urlTemplate\":\"https:\/\/skaitytaknyga.lt\/?s={search_term_string}\"},\"query-input\":{\"@type\":\"PropertyValueSpecification\",\"valueRequired\":true,\"valueName\":\"search_term_string\"}}],\"inLanguage\":\"en-GB\"},{\"@type\":\"Organization\",\"@id\":\"https:\/\/skaitytaknyga.lt\/#organization\",\"name\":\"skaitytaknyga.lt\",\"url\":\"https:\/\/skaitytaknyga.lt\/\",\"logo\":{\"@type\":\"ImageObject\",\"inLanguage\":\"en-GB\",\"@id\":\"https:\/\/skaitytaknyga.lt\/#\/schema\/logo\/image\/\",\"url\":\"https:\/\/skaitytaknyga.lt\/wp-content\/uploads\/2024\/05\/cropped-cropped-cropped-02_00843_jt3bggkj1j3HLc7SyY6rEUpg.jpeg\",\"contentUrl\":\"https:\/\/skaitytaknyga.lt\/wp-content\/uploads\/2024\/05\/cropped-cropped-cropped-02_00843_jt3bggkj1j3HLc7SyY6rEUpg.jpeg\",\"width\":1600,\"height\":1600,\"caption\":\"skaitytaknyga.lt\"},\"image\":{\"@id\":\"https:\/\/skaitytaknyga.lt\/#\/schema\/logo\/image\/\"},\"sameAs\":[\"https:\/\/www.facebook.com\/skaitytaknyga\/\"]}]}<\/script>\n<!-- \/ Yoast SEO plugin. -->","yoast_head_json":{"title":"M\u0117lynoji dama","description":"Niekas nevyksta \u0161iaip sau, - sak\u0117 profesorius. - O jei kartais aplink tave ir vyksta tarpusavyje paslaptingai susij\u0119 dalykai, tarsi kokia j\u0117ga ar asmuo","robots":{"index":"index","follow":"follow","max-snippet":"max-snippet:-1","max-image-preview":"max-image-preview:large","max-video-preview":"max-video-preview:-1"},"canonical":"https:\/\/skaitytaknyga.lt\/en\/produktas\/melynoji-dama\/","og_locale":"en_GB","og_type":"article","og_title":"[:lt]M\u0117lynoji dama[:] - Skaitytaknyga","og_description":"Niekas nevyksta \u0161iaip sau, - sak\u0117 profesorius. - O jei kartais aplink tave ir vyksta tarpusavyje paslaptingai susij\u0119 dalykai, tarsi kokia j\u0117ga ar asmuo","og_url":"https:\/\/skaitytaknyga.lt\/en\/produktas\/melynoji-dama\/","og_site_name":"Skaitytaknyga","article_publisher":"https:\/\/www.facebook.com\/skaitytaknyga\/","article_modified_time":"2025-05-24T18:09:40+00:00","og_image":[{"width":556,"height":799,"url":"https:\/\/skaitytaknyga.lt\/wp-content\/uploads\/2024\/11\/Melynoji-dama.webp","type":"image\/webp"}],"twitter_card":"summary_large_image","twitter_misc":{"Estimated reading time":"2 minutes"},"schema":{"@context":"https:\/\/schema.org","@graph":[{"@type":"WebPage","@id":"https:\/\/skaitytaknyga.lt\/produktas\/melynoji-dama\/","url":"https:\/\/skaitytaknyga.lt\/produktas\/melynoji-dama\/","name":"M\u0117lynoji dama","isPartOf":{"@id":"https:\/\/skaitytaknyga.lt\/#website"},"primaryImageOfPage":{"@id":"https:\/\/skaitytaknyga.lt\/produktas\/melynoji-dama\/#primaryimage"},"image":{"@id":"https:\/\/skaitytaknyga.lt\/produktas\/melynoji-dama\/#primaryimage"},"thumbnailUrl":"https:\/\/skaitytaknyga.lt\/wp-content\/uploads\/2024\/11\/Melynoji-dama.webp","datePublished":"2024-11-29T09:53:53+00:00","dateModified":"2025-05-24T18:09:40+00:00","description":"Niekas nevyksta \u0161iaip sau, - sak\u0117 profesorius. - O jei kartais aplink tave ir vyksta tarpusavyje paslaptingai susij\u0119 dalykai, tarsi kokia j\u0117ga ar asmuo","breadcrumb":{"@id":"https:\/\/skaitytaknyga.lt\/produktas\/melynoji-dama\/#breadcrumb"},"inLanguage":"en-GB","potentialAction":[{"@type":"ReadAction","target":["https:\/\/skaitytaknyga.lt\/produktas\/melynoji-dama\/"]}]},{"@type":"ImageObject","inLanguage":"en-GB","@id":"https:\/\/skaitytaknyga.lt\/produktas\/melynoji-dama\/#primaryimage","url":"https:\/\/skaitytaknyga.lt\/wp-content\/uploads\/2024\/11\/Melynoji-dama.webp","contentUrl":"https:\/\/skaitytaknyga.lt\/wp-content\/uploads\/2024\/11\/Melynoji-dama.webp","width":556,"height":799,"caption":"M\u0117lynoji dama"},{"@type":"BreadcrumbList","@id":"https:\/\/skaitytaknyga.lt\/produktas\/melynoji-dama\/#breadcrumb","itemListElement":[{"@type":"ListItem","position":1,"name":"Home","item":"https:\/\/skaitytaknyga.lt\/"},{"@type":"ListItem","position":2,"name":"Parduotuv\u0117","item":"https:\/\/skaitytaknyga.lt\/knygu-parduotuve\/"},{"@type":"ListItem","position":3,"name":"M\u0117lynoji dama"}]},{"@type":"WebSite","@id":"https:\/\/skaitytaknyga.lt\/#website","url":"https:\/\/skaitytaknyga.lt\/","name":"skaitytaknyga.lt","description":"Skaitytaknyga.lt \u2013 tai ma\u017eas \u0161eimos verslas, kuris prasid\u0117jo nuo meil\u0117s knygoms ir siekio i\u0161gelb\u0117ti knygas nuo likimo prie konteinerio. Kas vienam nereikalingas daiktas \u2013 kitam lobis, o mes esame tarpininkai, kurie padeda abiems tapti laimingesniems ???? \u017dinome kaip nelengva i\u0161gyventi ma\u017eiems verslams, tad nuo \u0161iol, \u010dia rasite ir kit\u0173, ma\u017e\u0173 \u0161eim\u0173 versl\u0173, rank\u0173 darbo, dovan\u0173 sau ir artimiesiems.","publisher":{"@id":"https:\/\/skaitytaknyga.lt\/#organization"},"potentialAction":[{"@type":"SearchAction","target":{"@type":"EntryPoint","urlTemplate":"https:\/\/skaitytaknyga.lt\/?s={search_term_string}"},"query-input":{"@type":"PropertyValueSpecification","valueRequired":true,"valueName":"search_term_string"}}],"inLanguage":"en-GB"},{"@type":"Organization","@id":"https:\/\/skaitytaknyga.lt\/#organization","name":"skaitytaknyga.lt","url":"https:\/\/skaitytaknyga.lt\/","logo":{"@type":"ImageObject","inLanguage":"en-GB","@id":"https:\/\/skaitytaknyga.lt\/#\/schema\/logo\/image\/","url":"https:\/\/skaitytaknyga.lt\/wp-content\/uploads\/2024\/05\/cropped-cropped-cropped-02_00843_jt3bggkj1j3HLc7SyY6rEUpg.jpeg","contentUrl":"https:\/\/skaitytaknyga.lt\/wp-content\/uploads\/2024\/05\/cropped-cropped-cropped-02_00843_jt3bggkj1j3HLc7SyY6rEUpg.jpeg","width":1600,"height":1600,"caption":"skaitytaknyga.lt"},"image":{"@id":"https:\/\/skaitytaknyga.lt\/#\/schema\/logo\/image\/"},"sameAs":["https:\/\/www.facebook.com\/skaitytaknyga\/"]}]}},"_links":{"self":[{"href":"https:\/\/skaitytaknyga.lt\/en\/wp-json\/wp\/v2\/product\/15018","targetHints":{"allow":["GET"]}}],"collection":[{"href":"https:\/\/skaitytaknyga.lt\/en\/wp-json\/wp\/v2\/product"}],"about":[{"href":"https:\/\/skaitytaknyga.lt\/en\/wp-json\/wp\/v2\/types\/product"}],"replies":[{"embeddable":true,"href":"https:\/\/skaitytaknyga.lt\/en\/wp-json\/wp\/v2\/comments?post=15018"}],"wp:featuredmedia":[{"embeddable":true,"href":"https:\/\/skaitytaknyga.lt\/en\/wp-json\/wp\/v2\/media\/15227"}],"wp:attachment":[{"href":"https:\/\/skaitytaknyga.lt\/en\/wp-json\/wp\/v2\/media?parent=15018"}],"wp:term":[{"taxonomy":"product_brand","embeddable":true,"href":"https:\/\/skaitytaknyga.lt\/en\/wp-json\/wp\/v2\/product_brand?post=15018"},{"taxonomy":"product_cat","embeddable":true,"href":"https:\/\/skaitytaknyga.lt\/en\/wp-json\/wp\/v2\/product_cat?post=15018"},{"taxonomy":"product_tag","embeddable":true,"href":"https:\/\/skaitytaknyga.lt\/en\/wp-json\/wp\/v2\/product_tag?post=15018"}],"curies":[{"name":"wp","href":"https:\/\/api.w.org\/{rel}","templated":true}]}}