{"id":15017,"date":"2024-11-29T11:53:52","date_gmt":"2024-11-29T09:53:52","guid":{"rendered":"https:\/\/skaitytaknyga.lt\/?post_type=product&#038;p=15017"},"modified":"2024-12-01T22:19:44","modified_gmt":"2024-12-01T20:19:44","slug":"gelezinis-dzonas-pagelte-lapai","status":"publish","type":"product","link":"https:\/\/skaitytaknyga.lt\/en\/produktas\/gelezinis-dzonas-pagelte-lapai\/","title":{"rendered":"Gele\u017einis D\u017eonas (pagelt\u0119 lapai)"},"content":{"rendered":"<p>Seniau i\u0161min\u010diai tvirtino, kad vyras gimsta du kartus. Pirm\u0105 kart\u0105 j\u012f pagimdo moteris, o antr\u0105 kart\u0105 &#8211; vyras. Tas vyras &#8211; tai aukl\u0117tojas, mokytojas, kai kuriose kult\u016brose bei tradicijose &#8211; \u017eynys ar \u0161amanas, o kalbant apibendrintai &#8211; inicijuotojas. Tod\u0117l tik vien\u0105 kart\u0105 gim\u0119s vyras t\u0117ra \u201evyri\u0161kosios lyties \u017emogi\u0161koji b\u016btyb\u0117\u201c.<\/p>\n<p>O antr\u0105 kart\u0105 vyras gimsta po keli\u0173 de\u0161im\u010di\u0173 met\u0173 &#8211; kai mokytojas j\u012f i\u0161siveda i\u0161 nam\u0173, kai papasakoja jam pasaulio suk\u016brimo istorij\u0105, kai palieka jo k\u016bne rand\u0105, kai i\u0161moko j\u012f verkti, d\u017eiaugtis, \u0161okti, kovoti, bijoti ir myl\u0117ti &#8211; ne tik \u017emones, bet ir \u017ev\u0117ris, med\u017eius, kalnus, v\u0117jus, debesis ir upes. Ir, \u017einoma, save.<\/p>\n<p>\u201eGele\u017einis D\u017eonas\u201c &#8211; gerai \u017einoma broli\u0173 Grim\u0173 pasaka, kurioje Gele\u017einis D\u017eonas, kitaip, Laukinis \u017dmogus, o dar tiksliau &#8211; aukl\u0117tojas, mokytojas, vedlys \u012f vyro pasaul\u012f, veda jaun\u0105 vyr\u0105 per a\u0161tuonias vyro brandos pakopas. \u0160tai taip \u012f \u0161i\u0105 pasak\u0105 mums si\u016blo pa\u017evelgti Robertas Bly. Tuo keliu vyrai eina nuo civilizacijos au\u0161ros iki \u0161ios dienos. Ir jis vienodas vis\u0173: ar Australijos aborigen\u0173, ar Helados diev\u0173 ir didvyri\u0173, ar karaliaus Art\u016bro laik\u0173 riteri\u0173. Taip pat ir m\u016bs\u0173 &#8211; pramonin\u0117s ir elektronin\u0117s revoliucijos vaik\u0173.<\/p>\n<ul class=\"about-product d-none d-xl-block mt-4\">\n<li><strong>Autorius:<\/strong>\u00a0Robert Bly<\/li>\n<li><strong>Leid\u0117jas:<\/strong>\u00a0Mijalba<\/li>\n<li><strong>Metai:<\/strong>\u00a02004<\/li>\n<li><strong>Puslapiai:<\/strong>\u00a0272<\/li>\n<li class=\"toggleable type-new-formats \"><strong>ISBN:<\/strong>\u00a09789955599111<\/li>\n<li><strong>Versijos kodas:<\/strong>\u00a0PT.<\/li>\n<li class=\"toggleable type-new-formats \"><strong>Formatas:<\/strong>\u00a015 x 21,5 cm, mink\u0161ti vir\u0161eliai<\/li>\n<li><strong>Kalba:<\/strong>\u00a0Lietuvi\u0173<\/li>\n<li><strong>Vert\u0117jas:<\/strong>\u00a0Andrius Rondomanskis, Jonas Vitk\u016bnas<\/li>\n<\/ul>\n","protected":false},"excerpt":{"rendered":"<p>Seniau i\u0161min\u010diai tvirtino, kad vyras gimsta du kartus. Pirm\u0105 kart\u0105 j\u012f pagimdo moteris, o antr\u0105 kart\u0105 &#8211; vyras. Tas vyras &#8211; tai aukl\u0117tojas, mokytojas, kai kuriose kult\u016brose bei tradicijose &#8211; \u017eynys ar \u0161amanas, o kalbant apibendrintai &#8211; inicijuotojas. Tod\u0117l tik vien\u0105 kart\u0105 gim\u0119s vyras t\u0117ra \u201evyri\u0161kosios lyties \u017emogi\u0161koji b\u016btyb\u0117\u201c. O antr\u0105 kart\u0105 vyras gimsta po keli\u0173 de\u0161im\u010di\u0173 met\u0173 &#8211; kai mokytojas j\u012f i\u0161siveda i\u0161 nam\u0173, kai papasakoja jam pasaulio suk\u016brimo istorij\u0105, kai palieka jo k\u016bne rand\u0105, kai i\u0161moko j\u012f verkti, d\u017eiaugtis, \u0161okti, kovoti, bijoti ir myl\u0117ti &#8211; ne tik \u017emones, bet ir \u017ev\u0117ris, med\u017eius, kalnus, v\u0117jus, debesis ir upes. Ir, \u017einoma, save. \u201eGele\u017einis D\u017eonas\u201c &#8211; gerai \u017einoma broli\u0173 Grim\u0173 pasaka, kurioje Gele\u017einis D\u017eonas, kitaip, Laukinis \u017dmogus, o dar tiksliau &#8211; aukl\u0117tojas, mokytojas, vedlys \u012f vyro pasaul\u012f, veda jaun\u0105 vyr\u0105 per a\u0161tuonias vyro brandos pakopas. \u0160tai taip \u012f \u0161i\u0105 pasak\u0105 mums si\u016blo pa\u017evelgti Robertas Bly. Tuo keliu vyrai eina nuo civilizacijos au\u0161ros iki \u0161ios dienos. Ir jis vienodas vis\u0173: ar Australijos aborigen\u0173, ar Helados diev\u0173 ir didvyri\u0173, ar karaliaus Art\u016bro laik\u0173 riteri\u0173. Taip pat ir m\u016bs\u0173 &#8211; pramonin\u0117s ir elektronin\u0117s revoliucijos vaik\u0173. Autorius:\u00a0Robert Bly Leid\u0117jas:\u00a0Mijalba Metai:\u00a02004 Puslapiai:\u00a0272 ISBN:\u00a09789955599111 Versijos kodas:\u00a0PT. Formatas:\u00a015 x 21,5 cm, mink\u0161ti vir\u0161eliai Kalba:\u00a0Lietuvi\u0173 Vert\u0117jas:\u00a0Andrius Rondomanskis, Jonas Vitk\u016bnas<\/p>\n","protected":false},"featured_media":15086,"comment_status":"open","ping_status":"closed","template":"","meta":{"_acf_changed":false,"site-sidebar-layout":"default","site-content-layout":"","ast-site-content-layout":"default","site-content-style":"default","site-sidebar-style":"default","ast-global-header-display":"","ast-banner-title-visibility":"","ast-main-header-display":"","ast-hfb-above-header-display":"","ast-hfb-below-header-display":"","ast-hfb-mobile-header-display":"","site-post-title":"","ast-breadcrumbs-content":"","ast-featured-img":"","footer-sml-layout":"","ast-disable-related-posts":"","theme-transparent-header-meta":"","adv-header-id-meta":"","stick-header-meta":"","header-above-stick-meta":"","header-main-stick-meta":"","header-below-stick-meta":"","astra-migrate-meta-layouts":"default","ast-page-background-enabled":"default","ast-page-background-meta":{"desktop":{"background-color":"","background-image":"","background-repeat":"repeat","background-position":"center center","background-size":"auto","background-attachment":"scroll","background-type":"","background-media":"","overlay-type":"","overlay-color":"","overlay-opacity":"","overlay-gradient":""},"tablet":{"background-color":"","background-image":"","background-repeat":"repeat","background-position":"center center","background-size":"auto","background-attachment":"scroll","background-type":"","background-media":"","overlay-type":"","overlay-color":"","overlay-opacity":"","overlay-gradient":""},"mobile":{"background-color":"","background-image":"","background-repeat":"repeat","background-position":"center center","background-size":"auto","background-attachment":"scroll","background-type":"","background-media":"","overlay-type":"","overlay-color":"","overlay-opacity":"","overlay-gradient":""}},"ast-content-background-meta":{"desktop":{"background-color":"var(--ast-global-color-4)","background-image":"","background-repeat":"repeat","background-position":"center center","background-size":"auto","background-attachment":"scroll","background-type":"","background-media":"","overlay-type":"","overlay-color":"","overlay-opacity":"","overlay-gradient":""},"tablet":{"background-color":"var(--ast-global-color-4)","background-image":"","background-repeat":"repeat","background-position":"center center","background-size":"auto","background-attachment":"scroll","background-type":"","background-media":"","overlay-type":"","overlay-color":"","overlay-opacity":"","overlay-gradient":""},"mobile":{"background-color":"var(--ast-global-color-4)","background-image":"","background-repeat":"repeat","background-position":"center center","background-size":"auto","background-attachment":"scroll","background-type":"","background-media":"","overlay-type":"","overlay-color":"","overlay-opacity":"","overlay-gradient":""}}},"product_brand":[],"product_cat":[15,30],"product_tag":[],"class_list":{"0":"post-15017","1":"product","2":"type-product","3":"status-publish","4":"has-post-thumbnail","6":"product_cat-uncategorized","7":"product_cat-psichologija-ir-saviugda","8":"desktop-align-left","9":"tablet-align-left","10":"mobile-align-left","12":"first","13":"outofstock","14":"shipping-taxable","15":"purchasable","16":"product-type-simple"},"acf":[],"yoast_head":"<!-- This site is optimized with the Yoast SEO plugin v27.0 - https:\/\/yoast.com\/product\/yoast-seo-wordpress\/ -->\n<title>Gele\u017einis D\u017eonas (pagelt\u0119 lapai)<\/title>\n<meta name=\"description\" content=\"Seniau i\u0161min\u010diai tvirtino, kad vyras gimsta du kartus. Pirm\u0105 kart\u0105 j\u012f pagimdo moteris, o antr\u0105 kart\u0105 - vyras. Tas vyras - tai aukl\u0117tojas, mokytojas, kai\" \/>\n<meta name=\"robots\" content=\"index, follow, max-snippet:-1, max-image-preview:large, max-video-preview:-1\" \/>\n<link rel=\"canonical\" href=\"https:\/\/skaitytaknyga.lt\/en\/produktas\/gelezinis-dzonas-pagelte-lapai\/\" \/>\n<meta property=\"og:locale\" content=\"en_GB\" \/>\n<meta property=\"og:locale:alternate\" content=\"lt_LT\" \/>\n<meta property=\"og:type\" content=\"article\" \/>\n<meta property=\"og:title\" content=\"Gele\u017einis D\u017eonas (pagelt\u0119 lapai)\" \/>\n<meta property=\"og:description\" content=\"Seniau i\u0161min\u010diai tvirtino, kad vyras gimsta du kartus. Pirm\u0105 kart\u0105 j\u012f pagimdo moteris, o antr\u0105 kart\u0105 - vyras. Tas vyras - tai aukl\u0117tojas, mokytojas, kai\" \/>\n<meta property=\"og:url\" content=\"https:\/\/skaitytaknyga.lt\/en\/produktas\/gelezinis-dzonas-pagelte-lapai\/\" \/>\n<meta property=\"og:site_name\" content=\"Skaitytaknyga\" \/>\n<meta property=\"article:publisher\" content=\"https:\/\/www.facebook.com\/skaitytaknyga\/\" \/>\n<meta property=\"article:modified_time\" content=\"2024-12-01T20:19:44+00:00\" \/>\n<meta property=\"og:image\" content=\"https:\/\/skaitytaknyga.lt\/wp-content\/uploads\/2024\/07\/skaitytaknyga.png\" \/>\n\t<meta property=\"og:image:width\" content=\"747\" \/>\n\t<meta property=\"og:image:height\" content=\"496\" \/>\n\t<meta property=\"og:image:type\" content=\"image\/png\" \/>\n<meta name=\"twitter:card\" content=\"summary_large_image\" \/>\n<meta name=\"twitter:label1\" content=\"Estimated reading time\" \/>\n\t<meta name=\"twitter:data1\" content=\"1 minute\" \/>\n<script type=\"application\/ld+json\" class=\"yoast-schema-graph\">{\"@context\":\"https:\/\/schema.org\",\"@graph\":[{\"@type\":\"WebPage\",\"@id\":\"https:\/\/skaitytaknyga.lt\/produktas\/gelezinis-dzonas-pagelte-lapai\/\",\"url\":\"https:\/\/skaitytaknyga.lt\/produktas\/gelezinis-dzonas-pagelte-lapai\/\",\"name\":\"Gele\u017einis D\u017eonas (pagelt\u0119 lapai)\",\"isPartOf\":{\"@id\":\"https:\/\/skaitytaknyga.lt\/#website\"},\"primaryImageOfPage\":{\"@id\":\"https:\/\/skaitytaknyga.lt\/produktas\/gelezinis-dzonas-pagelte-lapai\/#primaryimage\"},\"image\":{\"@id\":\"https:\/\/skaitytaknyga.lt\/produktas\/gelezinis-dzonas-pagelte-lapai\/#primaryimage\"},\"thumbnailUrl\":\"https:\/\/skaitytaknyga.lt\/wp-content\/uploads\/2024\/12\/img_6115.jpeg\",\"datePublished\":\"2024-11-29T09:53:52+00:00\",\"dateModified\":\"2024-12-01T20:19:44+00:00\",\"description\":\"Seniau i\u0161min\u010diai tvirtino, kad vyras gimsta du kartus. Pirm\u0105 kart\u0105 j\u012f pagimdo moteris, o antr\u0105 kart\u0105 - vyras. Tas vyras - tai aukl\u0117tojas, mokytojas, kai\",\"breadcrumb\":{\"@id\":\"https:\/\/skaitytaknyga.lt\/produktas\/gelezinis-dzonas-pagelte-lapai\/#breadcrumb\"},\"inLanguage\":\"en-GB\",\"potentialAction\":[{\"@type\":\"ReadAction\",\"target\":[\"https:\/\/skaitytaknyga.lt\/produktas\/gelezinis-dzonas-pagelte-lapai\/\"]}]},{\"@type\":\"ImageObject\",\"inLanguage\":\"en-GB\",\"@id\":\"https:\/\/skaitytaknyga.lt\/produktas\/gelezinis-dzonas-pagelte-lapai\/#primaryimage\",\"url\":\"https:\/\/skaitytaknyga.lt\/wp-content\/uploads\/2024\/12\/img_6115.jpeg\",\"contentUrl\":\"https:\/\/skaitytaknyga.lt\/wp-content\/uploads\/2024\/12\/img_6115.jpeg\",\"width\":548,\"height\":800},{\"@type\":\"BreadcrumbList\",\"@id\":\"https:\/\/skaitytaknyga.lt\/produktas\/gelezinis-dzonas-pagelte-lapai\/#breadcrumb\",\"itemListElement\":[{\"@type\":\"ListItem\",\"position\":1,\"name\":\"Home\",\"item\":\"https:\/\/skaitytaknyga.lt\/\"},{\"@type\":\"ListItem\",\"position\":2,\"name\":\"Parduotuv\u0117\",\"item\":\"https:\/\/skaitytaknyga.lt\/knygu-parduotuve\/\"},{\"@type\":\"ListItem\",\"position\":3,\"name\":\"Gele\u017einis D\u017eonas (pagelt\u0119 lapai)\"}]},{\"@type\":\"WebSite\",\"@id\":\"https:\/\/skaitytaknyga.lt\/#website\",\"url\":\"https:\/\/skaitytaknyga.lt\/\",\"name\":\"skaitytaknyga.lt\",\"description\":\"Skaitytaknyga.lt \u2013 tai ma\u017eas \u0161eimos verslas, kuris prasid\u0117jo nuo meil\u0117s knygoms ir siekio i\u0161gelb\u0117ti knygas nuo likimo prie konteinerio. Kas vienam nereikalingas daiktas \u2013 kitam lobis, o mes esame tarpininkai, kurie padeda abiems tapti laimingesniems ???? \u017dinome kaip nelengva i\u0161gyventi ma\u017eiems verslams, tad nuo \u0161iol, \u010dia rasite ir kit\u0173, ma\u017e\u0173 \u0161eim\u0173 versl\u0173, rank\u0173 darbo, dovan\u0173 sau ir artimiesiems.\",\"publisher\":{\"@id\":\"https:\/\/skaitytaknyga.lt\/#organization\"},\"potentialAction\":[{\"@type\":\"SearchAction\",\"target\":{\"@type\":\"EntryPoint\",\"urlTemplate\":\"https:\/\/skaitytaknyga.lt\/?s={search_term_string}\"},\"query-input\":{\"@type\":\"PropertyValueSpecification\",\"valueRequired\":true,\"valueName\":\"search_term_string\"}}],\"inLanguage\":\"en-GB\"},{\"@type\":\"Organization\",\"@id\":\"https:\/\/skaitytaknyga.lt\/#organization\",\"name\":\"skaitytaknyga.lt\",\"url\":\"https:\/\/skaitytaknyga.lt\/\",\"logo\":{\"@type\":\"ImageObject\",\"inLanguage\":\"en-GB\",\"@id\":\"https:\/\/skaitytaknyga.lt\/#\/schema\/logo\/image\/\",\"url\":\"https:\/\/skaitytaknyga.lt\/wp-content\/uploads\/2024\/05\/cropped-cropped-cropped-02_00843_jt3bggkj1j3HLc7SyY6rEUpg.jpeg\",\"contentUrl\":\"https:\/\/skaitytaknyga.lt\/wp-content\/uploads\/2024\/05\/cropped-cropped-cropped-02_00843_jt3bggkj1j3HLc7SyY6rEUpg.jpeg\",\"width\":1600,\"height\":1600,\"caption\":\"skaitytaknyga.lt\"},\"image\":{\"@id\":\"https:\/\/skaitytaknyga.lt\/#\/schema\/logo\/image\/\"},\"sameAs\":[\"https:\/\/www.facebook.com\/skaitytaknyga\/\"]}]}<\/script>\n<!-- \/ Yoast SEO plugin. -->","yoast_head_json":{"title":"Gele\u017einis D\u017eonas (pagelt\u0119 lapai)","description":"Seniau i\u0161min\u010diai tvirtino, kad vyras gimsta du kartus. Pirm\u0105 kart\u0105 j\u012f pagimdo moteris, o antr\u0105 kart\u0105 - vyras. Tas vyras - tai aukl\u0117tojas, mokytojas, kai","robots":{"index":"index","follow":"follow","max-snippet":"max-snippet:-1","max-image-preview":"max-image-preview:large","max-video-preview":"max-video-preview:-1"},"canonical":"https:\/\/skaitytaknyga.lt\/en\/produktas\/gelezinis-dzonas-pagelte-lapai\/","og_locale":"en_GB","og_type":"article","og_title":"[:lt]Gele\u017einis D\u017eonas (pagelt\u0119 lapai)[:] - Skaitytaknyga","og_description":"Seniau i\u0161min\u010diai tvirtino, kad vyras gimsta du kartus. Pirm\u0105 kart\u0105 j\u012f pagimdo moteris, o antr\u0105 kart\u0105 - vyras. Tas vyras - tai aukl\u0117tojas, mokytojas, kai","og_url":"https:\/\/skaitytaknyga.lt\/en\/produktas\/gelezinis-dzonas-pagelte-lapai\/","og_site_name":"Skaitytaknyga","article_publisher":"https:\/\/www.facebook.com\/skaitytaknyga\/","article_modified_time":"2024-12-01T20:19:44+00:00","og_image":[{"width":747,"height":496,"url":"https:\/\/skaitytaknyga.lt\/wp-content\/uploads\/2024\/07\/skaitytaknyga.png","type":"image\/png"}],"twitter_card":"summary_large_image","twitter_misc":{"Estimated reading time":"1 minute"},"schema":{"@context":"https:\/\/schema.org","@graph":[{"@type":"WebPage","@id":"https:\/\/skaitytaknyga.lt\/produktas\/gelezinis-dzonas-pagelte-lapai\/","url":"https:\/\/skaitytaknyga.lt\/produktas\/gelezinis-dzonas-pagelte-lapai\/","name":"Gele\u017einis D\u017eonas (pagelt\u0119 lapai)","isPartOf":{"@id":"https:\/\/skaitytaknyga.lt\/#website"},"primaryImageOfPage":{"@id":"https:\/\/skaitytaknyga.lt\/produktas\/gelezinis-dzonas-pagelte-lapai\/#primaryimage"},"image":{"@id":"https:\/\/skaitytaknyga.lt\/produktas\/gelezinis-dzonas-pagelte-lapai\/#primaryimage"},"thumbnailUrl":"https:\/\/skaitytaknyga.lt\/wp-content\/uploads\/2024\/12\/img_6115.jpeg","datePublished":"2024-11-29T09:53:52+00:00","dateModified":"2024-12-01T20:19:44+00:00","description":"Seniau i\u0161min\u010diai tvirtino, kad vyras gimsta du kartus. Pirm\u0105 kart\u0105 j\u012f pagimdo moteris, o antr\u0105 kart\u0105 - vyras. Tas vyras - tai aukl\u0117tojas, mokytojas, kai","breadcrumb":{"@id":"https:\/\/skaitytaknyga.lt\/produktas\/gelezinis-dzonas-pagelte-lapai\/#breadcrumb"},"inLanguage":"en-GB","potentialAction":[{"@type":"ReadAction","target":["https:\/\/skaitytaknyga.lt\/produktas\/gelezinis-dzonas-pagelte-lapai\/"]}]},{"@type":"ImageObject","inLanguage":"en-GB","@id":"https:\/\/skaitytaknyga.lt\/produktas\/gelezinis-dzonas-pagelte-lapai\/#primaryimage","url":"https:\/\/skaitytaknyga.lt\/wp-content\/uploads\/2024\/12\/img_6115.jpeg","contentUrl":"https:\/\/skaitytaknyga.lt\/wp-content\/uploads\/2024\/12\/img_6115.jpeg","width":548,"height":800},{"@type":"BreadcrumbList","@id":"https:\/\/skaitytaknyga.lt\/produktas\/gelezinis-dzonas-pagelte-lapai\/#breadcrumb","itemListElement":[{"@type":"ListItem","position":1,"name":"Home","item":"https:\/\/skaitytaknyga.lt\/"},{"@type":"ListItem","position":2,"name":"Parduotuv\u0117","item":"https:\/\/skaitytaknyga.lt\/knygu-parduotuve\/"},{"@type":"ListItem","position":3,"name":"Gele\u017einis D\u017eonas (pagelt\u0119 lapai)"}]},{"@type":"WebSite","@id":"https:\/\/skaitytaknyga.lt\/#website","url":"https:\/\/skaitytaknyga.lt\/","name":"skaitytaknyga.lt","description":"Skaitytaknyga.lt \u2013 tai ma\u017eas \u0161eimos verslas, kuris prasid\u0117jo nuo meil\u0117s knygoms ir siekio i\u0161gelb\u0117ti knygas nuo likimo prie konteinerio. Kas vienam nereikalingas daiktas \u2013 kitam lobis, o mes esame tarpininkai, kurie padeda abiems tapti laimingesniems ???? \u017dinome kaip nelengva i\u0161gyventi ma\u017eiems verslams, tad nuo \u0161iol, \u010dia rasite ir kit\u0173, ma\u017e\u0173 \u0161eim\u0173 versl\u0173, rank\u0173 darbo, dovan\u0173 sau ir artimiesiems.","publisher":{"@id":"https:\/\/skaitytaknyga.lt\/#organization"},"potentialAction":[{"@type":"SearchAction","target":{"@type":"EntryPoint","urlTemplate":"https:\/\/skaitytaknyga.lt\/?s={search_term_string}"},"query-input":{"@type":"PropertyValueSpecification","valueRequired":true,"valueName":"search_term_string"}}],"inLanguage":"en-GB"},{"@type":"Organization","@id":"https:\/\/skaitytaknyga.lt\/#organization","name":"skaitytaknyga.lt","url":"https:\/\/skaitytaknyga.lt\/","logo":{"@type":"ImageObject","inLanguage":"en-GB","@id":"https:\/\/skaitytaknyga.lt\/#\/schema\/logo\/image\/","url":"https:\/\/skaitytaknyga.lt\/wp-content\/uploads\/2024\/05\/cropped-cropped-cropped-02_00843_jt3bggkj1j3HLc7SyY6rEUpg.jpeg","contentUrl":"https:\/\/skaitytaknyga.lt\/wp-content\/uploads\/2024\/05\/cropped-cropped-cropped-02_00843_jt3bggkj1j3HLc7SyY6rEUpg.jpeg","width":1600,"height":1600,"caption":"skaitytaknyga.lt"},"image":{"@id":"https:\/\/skaitytaknyga.lt\/#\/schema\/logo\/image\/"},"sameAs":["https:\/\/www.facebook.com\/skaitytaknyga\/"]}]}},"_links":{"self":[{"href":"https:\/\/skaitytaknyga.lt\/en\/wp-json\/wp\/v2\/product\/15017","targetHints":{"allow":["GET"]}}],"collection":[{"href":"https:\/\/skaitytaknyga.lt\/en\/wp-json\/wp\/v2\/product"}],"about":[{"href":"https:\/\/skaitytaknyga.lt\/en\/wp-json\/wp\/v2\/types\/product"}],"replies":[{"embeddable":true,"href":"https:\/\/skaitytaknyga.lt\/en\/wp-json\/wp\/v2\/comments?post=15017"}],"wp:featuredmedia":[{"embeddable":true,"href":"https:\/\/skaitytaknyga.lt\/en\/wp-json\/wp\/v2\/media\/15086"}],"wp:attachment":[{"href":"https:\/\/skaitytaknyga.lt\/en\/wp-json\/wp\/v2\/media?parent=15017"}],"wp:term":[{"taxonomy":"product_brand","embeddable":true,"href":"https:\/\/skaitytaknyga.lt\/en\/wp-json\/wp\/v2\/product_brand?post=15017"},{"taxonomy":"product_cat","embeddable":true,"href":"https:\/\/skaitytaknyga.lt\/en\/wp-json\/wp\/v2\/product_cat?post=15017"},{"taxonomy":"product_tag","embeddable":true,"href":"https:\/\/skaitytaknyga.lt\/en\/wp-json\/wp\/v2\/product_tag?post=15017"}],"curies":[{"name":"wp","href":"https:\/\/api.w.org\/{rel}","templated":true}]}}